{"id":7520,"date":"2023-02-01T14:02:23","date_gmt":"2023-02-01T14:02:23","guid":{"rendered":"https:\/\/moverdb.com\/?page_id=7520"},"modified":"2026-01-08T15:29:35","modified_gmt":"2026-01-08T15:29:35","slug":"moving-companies-hungary","status":"publish","type":"page","link":"https:\/\/moverdb.com\/fi\/moving-companies\/moving-companies-hungary\/","title":{"rendered":"8 parasta kansainv\u00e4list\u00e4 muuttofirmaa Unkarissa"},"content":{"rendered":"<p>Jos suunnittelet muuttoa, voit halutessasi ottaa palvelukseensa <a href=\"https:\/\/moverdb.com\/fi\/moving-companies\/\" data-internallinksmanager029f6b8e52c=\"79\" title=\"Top 25 Kansainv\u00e4list\u00e4 muuttoyrityksi\u00e4 verkossa\">muuttofirma<\/a> koska he voivat auttaa pakkaamisessa, kuljetuksessa ja tullis\u00e4\u00e4nn\u00f6iss\u00e4. Jos olet muuttamassa seuraaviin paikkoihin, sielt\u00e4 pois tai sis\u00e4ll\u00e4 <a href=\"https:\/\/moverdb.com\/fi\/moving-to-hungary\/\" data-internallinksmanager029f6b8e52c=\"341\" title=\"Muutto Unkariin? 2023 Elinkustannukset ja muuttovinkit\">Unkari<\/a>olemme koonneet luettelon <a href=\"https:\/\/moverdb.com\/fi\/international-removals\/\" data-internallinksmanager029f6b8e52c=\"27\" title=\"36 Parhaat kansainv\u00e4liset muuttoyritykset Yhdistyneess\u00e4 kuningaskunnassa\">muuttofirmat<\/a> jotka ovat j\u00e4seni\u00e4 <a href=\"https:\/\/moverdb.com\/fi\/iam\/\" data-internallinksmanager029f6b8e52c=\"23\" title=\"Kansainv\u00e4linen muuttajien liitto (IAM) selitetty\">Kansainv\u00e4linen muuttajien liitto<\/a> (IAM) ja\/tai <a href=\"https:\/\/moverdb.com\/fi\/fidi-faim\/\" data-internallinksmanager029f6b8e52c=\"16\" title=\"FIDI &amp; FAIM (FIDI Accredited International Mover) selitettyin\u00e4\">FIDI<\/a> Accredited International Mover (FAIM), joka voi auttaa sinua muutossasi.<\/p>\n<div id=\"ez-toc-container\" class=\"ez-toc-v2_0_82_2 ez-toc-wrap-left counter-hierarchy ez-toc-counter ez-toc-transparent ez-toc-container-direction\">\n<div class=\"ez-toc-title-container\">\n<p class=\"ez-toc-title\" style=\"cursor:inherit\">Jaksot<\/p>\n<span class=\"ez-toc-title-toggle\"><a href=\"#\" class=\"ez-toc-pull-right ez-toc-btn ez-toc-btn-xs ez-toc-btn-default ez-toc-toggle\" aria-label=\"Sis\u00e4llysluettelon vaihtaminen\"><span class=\"ez-toc-js-icon-con\"><span class=\"\"><span class=\"eztoc-hide\" style=\"display:none;\">Toggle<\/span><span class=\"ez-toc-icon-toggle-span\"><svg style=\"fill: #999;color:#999\" xmlns=\"http:\/\/www.w3.org\/2000\/svg\" class=\"list-377408\" width=\"20px\" height=\"20px\" viewbox=\"0 0 24 24\" fill=\"none\"><path d=\"M6 6H4v2h2V6zm14 0H8v2h12V6zM4 11h2v2H4v-2zm16 0H8v2h12v-2zM4 16h2v2H4v-2zm16 0H8v2h12v-2z\" fill=\"currentColor\"><\/path><\/svg><svg style=\"fill: #999;color:#999\" class=\"arrow-unsorted-368013\" xmlns=\"http:\/\/www.w3.org\/2000\/svg\" width=\"10px\" height=\"10px\" viewbox=\"0 0 24 24\" version=\"1.2\" baseprofile=\"tiny\"><path d=\"M18.2 9.3l-6.2-6.3-6.2 6.3c-.2.2-.3.4-.3.7s.1.5.3.7c.2.2.4.3.7.3h11c.3 0 .5-.1.7-.3.2-.2.3-.5.3-.7s-.1-.5-.3-.7zM5.8 14.7l6.2 6.3 6.2-6.3c.2-.2.3-.5.3-.7s-.1-.5-.3-.7c-.2-.2-.4-.3-.7-.3h-11c-.3 0-.5.1-.7.3-.2.2-.3.5-.3.7s.1.5.3.7z\"\/><\/svg><\/span><\/span><\/span><\/a><\/span><\/div>\n<nav><ul class='ez-toc-list ez-toc-list-level-1 eztoc-toggle-hide-by-default' ><li class='ez-toc-page-1 ez-toc-heading-level-2'><a class=\"ez-toc-link ez-toc-heading-1\" href=\"https:\/\/moverdb.com\/fi\/moving-companies\/moving-companies-hungary\/#1_ABC_Ricard\" >1. ABC Ricard<\/a><\/li><li class='ez-toc-page-1 ez-toc-heading-level-2'><a class=\"ez-toc-link ez-toc-heading-2\" href=\"https:\/\/moverdb.com\/fi\/moving-companies\/moving-companies-hungary\/#2_Beta_Moving\" >2. Beta Moving<\/a><\/li><li class='ez-toc-page-1 ez-toc-heading-level-2'><a class=\"ez-toc-link ez-toc-heading-3\" href=\"https:\/\/moverdb.com\/fi\/moving-companies\/moving-companies-hungary\/#3_DB_Schenker\" >3. DB Schenker<\/a><\/li><li class='ez-toc-page-1 ez-toc-heading-level-2'><a class=\"ez-toc-link ez-toc-heading-4\" href=\"https:\/\/moverdb.com\/fi\/moving-companies\/moving-companies-hungary\/#4_Euromove\" >4. Euromove<\/a><\/li><li class='ez-toc-page-1 ez-toc-heading-level-2'><a class=\"ez-toc-link ez-toc-heading-5\" href=\"https:\/\/moverdb.com\/fi\/moving-companies\/moving-companies-hungary\/#5_Gosselin\" >5. Gosselin<\/a><\/li><li class='ez-toc-page-1 ez-toc-heading-level-2'><a class=\"ez-toc-link ez-toc-heading-6\" href=\"https:\/\/moverdb.com\/fi\/moving-companies\/moving-companies-hungary\/#6_MoveArtis\" >6. MoveArtis<\/a><\/li><li class='ez-toc-page-1 ez-toc-heading-level-2'><a class=\"ez-toc-link ez-toc-heading-7\" href=\"https:\/\/moverdb.com\/fi\/moving-companies\/moving-companies-hungary\/#7_NSEW_Mobility\" >7. NSEW-liikkuvuus<\/a><\/li><li class='ez-toc-page-1 ez-toc-heading-level-2'><a class=\"ez-toc-link ez-toc-heading-8\" href=\"https:\/\/moverdb.com\/fi\/moving-companies\/moving-companies-hungary\/#8_Santa_Fe_Relocation\" >8. Santa Fe:n uudelleensijoittaminen<\/a><\/li><\/ul><\/nav><\/div>\n<h2><span class=\"ez-toc-section\" id=\"1_ABC_Ricard\"><\/span><strong>1. ABC Ricard<\/strong><span class=\"ez-toc-section-end\"><\/span><\/h2>\n<p><img loading=\"lazy\" decoding=\"async\" class=\"alignnone size-full wp-image-7408\" src=\"https:\/\/moverdb.com\/wp-content\/uploads\/ABC-Ricard-international-moving-company.png\" alt=\"ABC Ricard kansainv\u00e4linen muuttofirma\" width=\"1440\" height=\"677\" data-wp-pid=\"7408\" srcset=\"https:\/\/moverdb.com\/wp-content\/uploads\/ABC-Ricard-international-moving-company.png 1440w, https:\/\/moverdb.com\/wp-content\/uploads\/ABC-Ricard-international-moving-company-300x141.png 300w, https:\/\/moverdb.com\/wp-content\/uploads\/ABC-Ricard-international-moving-company-1024x481.png 1024w, https:\/\/moverdb.com\/wp-content\/uploads\/ABC-Ricard-international-moving-company-18x8.png 18w, https:\/\/moverdb.com\/wp-content\/uploads\/ABC-Ricard-international-moving-company-600x282.png 600w\" sizes=\"auto, (max-width: 1440px) 100vw, 1440px\" \/><\/p>\n<ul>\n<li>Kansalliset siirrot<\/li>\n<li>Kansainv\u00e4liset siirrot<\/li>\n<li>Kotitalouksien muutot<\/li>\n<li>Alkukartoitus<\/li>\n<li>Ovelta ovelle muutot<\/li>\n<li>Korkealaatuinen pakkaus<\/li>\n<li>Mukautetut laatikot<\/li>\n<li>J\u00e4rjest\u00e4 kuljetus<\/li>\n<li>Tullimuodollisuuksien hallinnointi<\/li>\n<li>All-risk-vakuutus<\/li>\n<\/ul>\n<p>ABC Ricard on maailmanlaajuinen muuttoliikeyritys, jolla on toimiva toimipisteverkosto Keski-Euroopassa ja toimipisteet seuraavissa paikoissa <a href=\"https:\/\/moverdb.com\/fi\/moving-to-france\/\" data-internallinksmanager029f6b8e52c=\"315\" title=\"Muutatko Ranskaan? 2023 Elinkustannukset ja muuttovinkit\">Ranska<\/a>, <a href=\"https:\/\/moverdb.com\/fi\/moving-to-poland\/\" data-internallinksmanager029f6b8e52c=\"378\" title=\"Muutatko Puolaan? 2023 Elinkustannukset ja muuttovinkit\">Puola<\/a> ja Unkari Budapestiss\u00e4. Yritys perustettiin vuonna 1958 Ranskassa, ja ensimm\u00e4inen tyt\u00e4ryhti\u00f6 oli Budapestissa. Ne ovat liittyneet suurempiin maailmanlaajuisiin verkostoihin laajentaakseen toimintaansa, ja ne ovat my\u00f6s IAM:n j\u00e4seni\u00e4.<\/p>\n<p>ABC Ricard tarjoaa yksil\u00f6llist\u00e4 palvelua, joka alkaa neuvonantajan tekem\u00e4ll\u00e4 kartoituksella, jossa h\u00e4n suunnittelee muuttosi. H\u00e4n auttaa valitsemaan parhaan kuljetusmuodon muuttoasi varten ja huolehtii muuton edellytt\u00e4mist\u00e4 muodollisuuksista ja asiakirjoista.<\/p>\n<p>Verkkosivusto: <a href=\"http:\/\/www.abcricardfl.com\" target=\"_blank\" rel=\"noopener\">http:\/\/www.abcricardfl.com<\/a><\/p>\n<h2><span class=\"ez-toc-section\" id=\"2_Beta_Moving\"><\/span><strong>2. Beta Moving<\/strong><span class=\"ez-toc-section-end\"><\/span><\/h2>\n<p><img loading=\"lazy\" decoding=\"async\" class=\"alignnone size-full wp-image-7419\" src=\"https:\/\/moverdb.com\/wp-content\/uploads\/Beta-Moving-international-moving-company.png\" alt=\"Beta Moving kansainv\u00e4linen muuttofirma\" width=\"1440\" height=\"679\" data-wp-pid=\"7419\" srcset=\"https:\/\/moverdb.com\/wp-content\/uploads\/Beta-Moving-international-moving-company.png 1440w, https:\/\/moverdb.com\/wp-content\/uploads\/Beta-Moving-international-moving-company-300x141.png 300w, https:\/\/moverdb.com\/wp-content\/uploads\/Beta-Moving-international-moving-company-1024x483.png 1024w, https:\/\/moverdb.com\/wp-content\/uploads\/Beta-Moving-international-moving-company-18x8.png 18w, https:\/\/moverdb.com\/wp-content\/uploads\/Beta-Moving-international-moving-company-600x283.png 600w\" sizes=\"auto, (max-width: 1440px) 100vw, 1440px\" \/><\/p>\n<ul>\n<li>Kansalliset siirrot<\/li>\n<li>Kansainv\u00e4liset siirrot<\/li>\n<li>Siirtopalvelu<\/li>\n<li>Kotitalouksien ja toimistojen muutot<\/li>\n<li>Muuttopalvelu ovelta ovelle<\/li>\n<li>Pakkauspalvelu<\/li>\n<li>Tie-, meri- ja ilmakuljetukset<\/li>\n<li>Tulliselvitys<\/li>\n<li>Vakuutus<\/li>\n<li>Varastointitilat<\/li>\n<\/ul>\n<p>Beta Moving on vuonna 2016 Budapestiss\u00e4 perustettu kansainv\u00e4linen muuttofirma, joka tarjoaa kansallisia ja kansainv\u00e4lisi\u00e4 muuttoja ja muuttopalveluja. He ty\u00f6skentelev\u00e4t kansainv\u00e4listen kumppaneiden kanssa toimittaakseen muuttoja ja muuttopalveluja ymp\u00e4ri maailmaa. He ovat IAM:n j\u00e4sen, jolla on seitsem\u00e4n vuoden kokemus.<\/p>\n<p>Beta Moving tarjoaa r\u00e4\u00e4t\u00e4l\u00f6ityj\u00e4 muuttoratkaisuja, jotka sis\u00e4lt\u00e4v\u00e4t ovelta ovelle -palvelun, joka sis\u00e4lt\u00e4\u00e4 pakkaamisen, maantie-, lento- tai merikuljetuksen, tulliselvityksen, pakkausten purkamisen ja roskien poistamisen. Heid\u00e4n muuttopalvelunsa sis\u00e4lt\u00e4\u00e4 ty\u00f6luvat ja ty\u00f6n rekister\u00f6innin. He tarjoavat my\u00f6s lis\u00e4palveluita, joihin kuuluvat lemmikkiel\u00e4inten siirto, ajoneuvojen kuljetus, korjauspalvelut, vakuutukset ja varastointimahdollisuudet.<\/p>\n<p>Verkkosivusto: <a href=\"https:\/\/www.betamoving.com\" target=\"_blank\" rel=\"noopener\">https:\/\/www.betamoving.com<\/a><\/p>\n<h2><span class=\"ez-toc-section\" id=\"3_DB_Schenker\"><\/span><strong>3. DB Schenker<\/strong><span class=\"ez-toc-section-end\"><\/span><\/h2>\n<p><img loading=\"lazy\" decoding=\"async\" class=\"alignnone size-full wp-image-7433\" src=\"https:\/\/moverdb.com\/wp-content\/uploads\/DB-Schenker-Hungary-international-moving-company.png\" alt=\"DB Schenker Unkari kansainv\u00e4linen muuttoliikeyritys\" width=\"1440\" height=\"664\" data-wp-pid=\"7433\" srcset=\"https:\/\/moverdb.com\/wp-content\/uploads\/DB-Schenker-Hungary-international-moving-company.png 1440w, https:\/\/moverdb.com\/wp-content\/uploads\/DB-Schenker-Hungary-international-moving-company-300x138.png 300w, https:\/\/moverdb.com\/wp-content\/uploads\/DB-Schenker-Hungary-international-moving-company-1024x472.png 1024w, https:\/\/moverdb.com\/wp-content\/uploads\/DB-Schenker-Hungary-international-moving-company-18x8.png 18w, https:\/\/moverdb.com\/wp-content\/uploads\/DB-Schenker-Hungary-international-moving-company-600x277.png 600w\" sizes=\"auto, (max-width: 1440px) 100vw, 1440px\" \/><\/p>\n<ul>\n<li>Kansalliset siirrot<\/li>\n<li>Kansainv\u00e4liset siirrot<\/li>\n<li>Asuntojen uudelleensijoittaminen<\/li>\n<li>Toimiston siirt\u00e4minen<\/li>\n<li>Korkealaatuiset pakkausmateriaalit<\/li>\n<li>Maa-, meri- ja ilmakuljetukset<\/li>\n<li>Tullin tuki<\/li>\n<li>Ajoneuvojen kuljetus<\/li>\n<li>Lemmikkiel\u00e4inten kuljetus<\/li>\n<li>Varastointitilat<\/li>\n<\/ul>\n<p>DB Schenker on maailmanlaajuinen logistiikkapalvelujen tarjoaja, joka on toiminut yli 140 vuotta, ja se on perustettu Wieniss\u00e4. Sill\u00e4 on toimipisteit\u00e4 eri puolilla maailmaa, my\u00f6s Unkarissa, jossa se perusti toimipisteen Budapestiin vuonna 1874. Se on IAM:n j\u00e4sen, ja sill\u00e4 on p\u00e4\u00e4sy sen kansainv\u00e4liseen verkostoon.<\/p>\n<p>DB Schenker tarjoaa alustavan konsultaation ja paikan p\u00e4\u00e4ll\u00e4 teht\u00e4v\u00e4n kartoituksen muuton suunnittelua varten. Se tarjoaa korkealaatuisia pakkausmateriaaleja tavaroittesi suojaamiseksi ja antaa sinulle mahdollisuuden seurata l\u00e4hetyst\u00e4si verkkoseurannan avulla. He tarjoavat my\u00f6s lis\u00e4palveluita, joihin kuuluvat ajoneuvokuljetukset, lemmikkiel\u00e4inten kuljetukset, taideteosten toimitus, vakuutukset ja varastointi.<\/p>\n<p>Verkkosivusto: <a href=\"http:\/\/www.dbschenker.hu\" target=\"_blank\" rel=\"noopener\">http:\/\/www.dbschenker.hu<\/a><\/p>\n<h2><span class=\"ez-toc-section\" id=\"4_Euromove\"><\/span><strong>4. Euromove<\/strong><span class=\"ez-toc-section-end\"><\/span><\/h2>\n<p><img loading=\"lazy\" decoding=\"async\" class=\"alignnone size-full wp-image-7439\" src=\"https:\/\/moverdb.com\/wp-content\/uploads\/Euromove-international-moving-company.png\" alt=\"Euromove kansainv\u00e4linen muuttoyhti\u00f6\" width=\"1440\" height=\"683\" data-wp-pid=\"7439\" srcset=\"https:\/\/moverdb.com\/wp-content\/uploads\/Euromove-international-moving-company.png 1440w, https:\/\/moverdb.com\/wp-content\/uploads\/Euromove-international-moving-company-300x142.png 300w, https:\/\/moverdb.com\/wp-content\/uploads\/Euromove-international-moving-company-1024x486.png 1024w, https:\/\/moverdb.com\/wp-content\/uploads\/Euromove-international-moving-company-18x9.png 18w, https:\/\/moverdb.com\/wp-content\/uploads\/Euromove-international-moving-company-600x285.png 600w\" sizes=\"auto, (max-width: 1440px) 100vw, 1440px\" \/><\/p>\n<ul>\n<li>Kansalliset muutot<\/li>\n<li>Kansainv\u00e4liset muutot<\/li>\n<li>Muuttopaketit<\/li>\n<li>Kotitalouksien muutot<\/li>\n<li>Toimiston muutot<\/li>\n<li>Pakkauspalvelu<\/li>\n<li>Maantie-, meri- tai ilmakuljetus<\/li>\n<li>Tulliselvitys<\/li>\n<li>Erikoistuotteiden l\u00e4hett\u00e4minen<\/li>\n<li>Varastointitilat<\/li>\n<\/ul>\n<p>Euromove on Budapestiss\u00e4 toimiva kansainv\u00e4linen muuttofirma, joka perustettiin vuonna 1998. Yrityksell\u00e4 on laaja kumppaniverkosto, jonka ansiosta se voi tarjota muuttopalveluja kaikkialla maailmassa. He ovat IAM:n j\u00e4sen 25 vuoden palvelusajalla, ja FIDI on akkreditoinut heid\u00e4t.<\/p>\n<p>Euromove tarjoaa yksil\u00f6llisi\u00e4 muuttopalveluja ja muuttopaketteja, joihin voi sis\u00e4lty\u00e4 erikoisasiakkaita, kuten taidetta, autoja tai lemmikkej\u00e4. Se tarjoaa palvelujaan kansainv\u00e4listen standardien mukaisesti, mukaan lukien pakkauspalvelunsa. Se j\u00e4rjest\u00e4\u00e4 kuljetuksen maanteitse, lent\u00e4en tai meritse, mukaan lukien kimppakuljetusvaihtoehdot, ja tarjoaa tukea tulliselvityksess\u00e4.<\/p>\n<p>Verkkosivusto: <a href=\"https:\/\/www.euromove.hu\/en\" target=\"_blank\" rel=\"noopener\">https:\/\/www.euromove.hu\/en<\/a><\/p>\n<h2><span class=\"ez-toc-section\" id=\"5_Gosselin\"><\/span><strong>5. Gosselin<\/strong><span class=\"ez-toc-section-end\"><\/span><\/h2>\n<p><img loading=\"lazy\" decoding=\"async\" class=\"alignnone size-full wp-image-7447\" src=\"https:\/\/moverdb.com\/wp-content\/uploads\/Gosselin-Hungary-international-moving-company.png\" alt=\"Gosselin Unkari kansainv\u00e4linen muuttofirma\" width=\"1440\" height=\"678\" data-wp-pid=\"7447\" srcset=\"https:\/\/moverdb.com\/wp-content\/uploads\/Gosselin-Hungary-international-moving-company.png 1440w, https:\/\/moverdb.com\/wp-content\/uploads\/Gosselin-Hungary-international-moving-company-300x141.png 300w, https:\/\/moverdb.com\/wp-content\/uploads\/Gosselin-Hungary-international-moving-company-1024x482.png 1024w, https:\/\/moverdb.com\/wp-content\/uploads\/Gosselin-Hungary-international-moving-company-18x8.png 18w, https:\/\/moverdb.com\/wp-content\/uploads\/Gosselin-Hungary-international-moving-company-600x283.png 600w\" sizes=\"auto, (max-width: 1440px) 100vw, 1440px\" \/><\/p>\n<ul>\n<li>Kansalliset siirrot<\/li>\n<li>Kansainv\u00e4liset siirrot<\/li>\n<li>Kotitalouksien muutot<\/li>\n<li>Toimiston muutot<\/li>\n<li>Pakkauspalvelu<\/li>\n<li>Kuljetuksen j\u00e4rjest\u00e4minen<\/li>\n<li>Taidekuljetukset<\/li>\n<li>Lemmikkiel\u00e4inten uudelleensijoittaminen<\/li>\n<li>Ajoneuvojen kuljetus<\/li>\n<li>Lyhytaikainen ja pitk\u00e4aikainen varastointi<\/li>\n<\/ul>\n<p>Gosselin on kansainv\u00e4linen muutto- ja logistiikkayritys, joka perustettiin vuonna 1930 vuonna <a href=\"https:\/\/moverdb.com\/fi\/moving-to-belgium\/\" data-internallinksmanager029f6b8e52c=\"323\" title=\"Muutatko Belgiaan? 2023 Elinkustannukset ja muuttovinkit\">Belgia<\/a> ja heill\u00e4 on toimistoja eri puolilla Eurooppaa, muun muassa Budapestiss\u00e4, Unkarissa. Se on IAM:n j\u00e4sen, ja se on toiminut siell\u00e4 24 vuotta. Ne hy\u00f6dynt\u00e4v\u00e4t toimipisteit\u00e4\u00e4n ja kansainv\u00e4lisi\u00e4 verkostojaan tarjotakseen muuttoja kaikkialla maailmassa.<\/p>\n<p>Gosselin tarjoaa ammattitaitoista pakkauspalvelua, joka suojaa tavarasi k\u00e4ytt\u00e4m\u00e4ll\u00e4 korkealaatuisia pakkausmateriaaleja, erilaisia erikoislaatikoita ja mittatilausty\u00f6n\u00e4 valmistettuja laatikoita. Gosselin tekee kaikki muuttoj\u00e4rjestelyt ja auttaa asiakirjojen kanssa. He tarjoavat my\u00f6s erikoiskuljetuspalveluja, joihin kuuluu taide-esineiden, lemmikkiel\u00e4inten ja ajoneuvojen siirt\u00e4minen.<\/p>\n<p>Verkkosivusto: <a href=\"https:\/\/gosselin-moving.com\/en\/hungary-slovakia\" target=\"_blank\" rel=\"noopener\">https:\/\/gosselin-moving.com\/en\/hungary-slovakia<\/a><\/p>\n<h2><span class=\"ez-toc-section\" id=\"6_MoveArtis\"><\/span><strong>6. MoveArtis<\/strong><span class=\"ez-toc-section-end\"><\/span><\/h2>\n<p><img loading=\"lazy\" decoding=\"async\" class=\"alignnone size-full wp-image-7468\" src=\"https:\/\/moverdb.com\/wp-content\/uploads\/MoveArtis-international-moving-company.png\" alt=\"MoveArtis kansainv\u00e4linen muuttoyhti\u00f6\" width=\"1440\" height=\"682\" data-wp-pid=\"7468\" srcset=\"https:\/\/moverdb.com\/wp-content\/uploads\/MoveArtis-international-moving-company.png 1440w, https:\/\/moverdb.com\/wp-content\/uploads\/MoveArtis-international-moving-company-300x142.png 300w, https:\/\/moverdb.com\/wp-content\/uploads\/MoveArtis-international-moving-company-1024x485.png 1024w, https:\/\/moverdb.com\/wp-content\/uploads\/MoveArtis-international-moving-company-18x9.png 18w, https:\/\/moverdb.com\/wp-content\/uploads\/MoveArtis-international-moving-company-600x284.png 600w\" sizes=\"auto, (max-width: 1440px) 100vw, 1440px\" \/><\/p>\n<ul>\n<li>Kansalliset siirrot<\/li>\n<li>Kansainv\u00e4liset siirrot<\/li>\n<li>Asuntojen muutot<\/li>\n<li>Toimiston siirrot<\/li>\n<li>Ovelta ovelle -palvelu<\/li>\n<li>Pakkausvaihtoehdot<\/li>\n<li>Tie-, meri- ja ilmakuljetukset<\/li>\n<li>Tulliselvitys<\/li>\n<li>Vakuutus<\/li>\n<li>Varastointitilat<\/li>\n<\/ul>\n<p>MoveArtis on unkarilainen perheyritys, jonka kotipaikka on Budapest. Heill\u00e4 on kansainv\u00e4linen verkosto yhteisty\u00f6kumppaneita ymp\u00e4ri maailmaa, jotka auttavat heit\u00e4 muutoissa miss\u00e4 tahansa. He ovat IAM:n j\u00e4sen, ja heill\u00e4 on 12 vuoden kokemus.<\/p>\n<p>MoveArtis tarjoaa r\u00e4\u00e4t\u00e4l\u00f6ity\u00e4 muuttoratkaisua, joka tarjoaa ovelta ovelle -palvelun kansainv\u00e4lisiin muuttoihin. Se tarjoaa erilaisia pakkausmateriaaleja, jotka soveltuvat erilaisille tavaroille, mukaan lukien erityisesti suunnitellut laatikot. Se auttaa kuljetuksissa, joihin kuuluvat lento- ja merikuljetukset, kuten t\u00e4ydet konttikuormat ja v\u00e4hemm\u00e4n kuin konttikuormat, ja auttaa tulliselvityksess\u00e4.<\/p>\n<p>Verkkosivusto: <a href=\"http:\/\/www.moveartis.com\" target=\"_blank\" rel=\"noopener\">http:\/\/www.moveartis.com<\/a><\/p>\n<h2><span class=\"ez-toc-section\" id=\"7_NSEW_Mobility\"><\/span><strong>7. NSEW-liikkuvuus<\/strong><span class=\"ez-toc-section-end\"><\/span><\/h2>\n<p><img loading=\"lazy\" decoding=\"async\" class=\"alignnone size-full wp-image-7473\" src=\"https:\/\/moverdb.com\/wp-content\/uploads\/NSEW-Mobility-international-moving-company.png\" alt=\"NSEW Mobility kansainv\u00e4linen muuttofirma\" width=\"1440\" height=\"681\" data-wp-pid=\"7473\" srcset=\"https:\/\/moverdb.com\/wp-content\/uploads\/NSEW-Mobility-international-moving-company.png 1440w, https:\/\/moverdb.com\/wp-content\/uploads\/NSEW-Mobility-international-moving-company-300x142.png 300w, https:\/\/moverdb.com\/wp-content\/uploads\/NSEW-Mobility-international-moving-company-1024x484.png 1024w, https:\/\/moverdb.com\/wp-content\/uploads\/NSEW-Mobility-international-moving-company-18x9.png 18w, https:\/\/moverdb.com\/wp-content\/uploads\/NSEW-Mobility-international-moving-company-600x284.png 600w\" sizes=\"auto, (max-width: 1440px) 100vw, 1440px\" \/><\/p>\n<ul>\n<li>Kansalliset siirrot<\/li>\n<li>Kansainv\u00e4liset siirrot<\/li>\n<li>Muuttopalvelut<\/li>\n<li>Ovelta ovelle -palvelu<\/li>\n<li>Pakkauspalvelut<\/li>\n<li>Tie-, ilma- ja merikuljetukset<\/li>\n<li>Tulliselvitys<\/li>\n<li><a href=\"https:\/\/moverdb.com\/fi\/car-transport-shipping\/\" data-internallinksmanager029f6b8e52c=\"2\" title=\"2026 Kansainv\u00e4linen autokuljetus ja ajoneuvojen kuljetus tarjoukset\">Ajoneuvojen kuljetus<\/a><\/li>\n<li>Vakuutus<\/li>\n<li>Turvalliset lyhytaikaiset ja pitk\u00e4aikaiset varastointitilat<\/li>\n<\/ul>\n<p>NSEW Mobility on riippumaton muutto- ja siirtopalveluyritys, jonka kotipaikka on Budapest. Se tarjoaa muuttopalveluja Unkarissa, <a href=\"https:\/\/moverdb.com\/fi\/moving-to-austria\/\" data-internallinksmanager029f6b8e52c=\"343\" title=\"Muutatko It\u00e4valtaan? 2023 Elinkustannukset ja muuttovinkit\">It\u00e4valta<\/a>, <a href=\"https:\/\/moverdb.com\/fi\/moving-to-croatia\/\" data-internallinksmanager029f6b8e52c=\"428\" title=\"Muutat Kroatiaan? 2023 Elinkustannukset ja muuttovinkit\">Kroatia<\/a>, <a href=\"https:\/\/moverdb.com\/fi\/moving-to-germany\/\" data-internallinksmanager029f6b8e52c=\"321\" title=\"Muutatko Saksaan? 2023 Elinkustannukset ja muuttovinkit\">Saksa<\/a>, Romania, <a href=\"https:\/\/moverdb.com\/fi\/moving-to-slovakia\/\" data-internallinksmanager029f6b8e52c=\"338\" title=\"Muutatko Slovakiaan? 2023 Elinkustannukset ja muuttovinkit\">Slovakia<\/a>, <a href=\"https:\/\/moverdb.com\/fi\/moving-to-slovenia\/\" data-internallinksmanager029f6b8e52c=\"392\" title=\"Muutatko Sloveniaan? 2023 Elinkustannukset ja muuttovinkit\">Slovenia<\/a> ja <a href=\"https:\/\/moverdb.com\/fi\/moving-to-switzerland\/\" data-internallinksmanager029f6b8e52c=\"327\" title=\"Muutatko Sveitsiin? 2023 Elinkustannukset ja muuttovinkit\">Sveitsi<\/a>, ja teemme yhteisty\u00f6t\u00e4 kansainv\u00e4listen kumppaneiden kanssa muuttoihin Euroopassa ja muualla maailmassa. He ovat tarjonneet muuttopalveluja yli 20 vuoden ajan ja ovat IAM:n j\u00e4sen.<\/p>\n<p>NSEW Mobility tarjoaa maksuttomia paikan p\u00e4\u00e4ll\u00e4 teht\u00e4vi\u00e4 tutkimuksia, tarjouksen ja nime\u00e4\u00e4 muuttokoordinaattorin. Se tarjoaa ovelta ovelle -palvelua muuttoihin ja uudelleensijoituksiin, joihin sis\u00e4ltyy kotisi pakkaaminen ja kuljetuksen hoitaminen maantie-, ilma- ja merikuljetuksina tulliselvityksineen. Heid\u00e4n muuttopalveluihinsa kuuluvat viisumi- ja maahanmuuttopalvelut, kodin ja koulun l\u00f6yt\u00e4minen sek\u00e4 kotiutumispalvelut.<\/p>\n<p>Verkkosivusto: <a href=\"https:\/\/nsew-mobility.com\/\" target=\"_blank\" rel=\"noopener\">https:\/\/nsew-mobility.com\/<\/a><\/p>\n<h2><span class=\"ez-toc-section\" id=\"8_Santa_Fe_Relocation\"><\/span><strong>8. Santa Fe:n uudelleensijoittaminen<\/strong><span class=\"ez-toc-section-end\"><\/span><\/h2>\n<p><img loading=\"lazy\" decoding=\"async\" class=\"alignnone size-full wp-image-7483\" src=\"https:\/\/moverdb.com\/wp-content\/uploads\/Santa-Fe-Hungary-international-moving-company.png\" alt=\"Santa Fe Unkari kansainv\u00e4linen muuttofirma\" width=\"1440\" height=\"652\" data-wp-pid=\"7483\" srcset=\"https:\/\/moverdb.com\/wp-content\/uploads\/Santa-Fe-Hungary-international-moving-company.png 1440w, https:\/\/moverdb.com\/wp-content\/uploads\/Santa-Fe-Hungary-international-moving-company-300x136.png 300w, https:\/\/moverdb.com\/wp-content\/uploads\/Santa-Fe-Hungary-international-moving-company-1024x464.png 1024w, https:\/\/moverdb.com\/wp-content\/uploads\/Santa-Fe-Hungary-international-moving-company-18x8.png 18w, https:\/\/moverdb.com\/wp-content\/uploads\/Santa-Fe-Hungary-international-moving-company-600x272.png 600w\" sizes=\"auto, (max-width: 1440px) 100vw, 1440px\" \/><\/p>\n<ul>\n<li>Kansalliset siirrot<\/li>\n<li>Kansainv\u00e4liset siirrot<\/li>\n<li>Kotitalouksien muutot<\/li>\n<li>Yritysten uudelleensijoitukset<\/li>\n<li>Pakkauspalvelu<\/li>\n<li>Kuljetus maanteitse, meritse tai ilmateitse<\/li>\n<li>Tulliselvitys<\/li>\n<li>Lemmikkiel\u00e4inten ja ajoneuvojen kuljetus<\/li>\n<li>L\u00e4hetyksen suojaus<\/li>\n<li>Lyhytaikainen ja pitk\u00e4aikainen varastointi<\/li>\n<\/ul>\n<p>Santa Fe Relocation on kansainv\u00e4linen muutto- ja siirtoyritys, jolla on 64 toimistoa 38 maassa. Se avasi Unkarin sivuliikkeen Budapestiin vuonna 1993. Se on IAM:n j\u00e4sen 30 vuoden ajan ja FIDI:n akkreditoima.<\/p>\n<p>Santa Fe Relocation tarjoaa muuttoa edelt\u00e4v\u00e4n konsultaation ja kotitutkimuksen tarpeidesi arvioimiseksi. He tarjoavat pakkauspalveluja tavaroittenne suojaamiseksi ja j\u00e4rjest\u00e4v\u00e4t kuljetuksen maantie-, meri- tai ilmakuljetuksena sek\u00e4 avustavat tulliselvityksess\u00e4. He tarjoavat erilaisia lis\u00e4palveluita, kuten l\u00e4hetyksen suojausta, lemmikkiel\u00e4inten siirtoa, ajoneuvojen kuljetusta, varastointia, kodin ja koulun etsimist\u00e4, kotiutumispalveluita, l\u00e4ht\u00f6tukea ja viisumipalveluita.<\/p>\n<p>Verkkosivusto: <a href=\"https:\/\/www.santaferelo.com\/en\/contact\/our-offices\/hungary-budapest\/\" target=\"_blank\" rel=\"noopener\">https:\/\/www.santaferelo.com\/en\/contact\/our-offices\/hungary-budapest\/<\/a><\/p>","protected":false},"excerpt":{"rendered":"<p>If you are planning a move then you may want to enlist the services of a moving company as they can help with packing, transportation and customs regulations. If you are moving to, from or within Hungary, we have compiled a list of removal companies below that are members of the International Association of Movers [&hellip;]<\/p>\n","protected":false},"author":4,"featured_media":0,"parent":190,"menu_order":0,"comment_status":"closed","ping_status":"closed","template":"","meta":{"_genesis_hide_title":false,"_genesis_hide_breadcrumbs":false,"_genesis_hide_singular_image":false,"_genesis_hide_footer_widgets":false,"_genesis_custom_body_class":"","_genesis_custom_post_class":"","_genesis_layout":"","footnotes":""},"class_list":{"0":"post-7520","1":"page","2":"type-page","3":"status-publish","5":"entry","6":"has-post-thumbnail"},"_links":{"self":[{"href":"https:\/\/moverdb.com\/fi\/wp-json\/wp\/v2\/pages\/7520","targetHints":{"allow":["GET"]}}],"collection":[{"href":"https:\/\/moverdb.com\/fi\/wp-json\/wp\/v2\/pages"}],"about":[{"href":"https:\/\/moverdb.com\/fi\/wp-json\/wp\/v2\/types\/page"}],"author":[{"embeddable":true,"href":"https:\/\/moverdb.com\/fi\/wp-json\/wp\/v2\/users\/4"}],"replies":[{"embeddable":true,"href":"https:\/\/moverdb.com\/fi\/wp-json\/wp\/v2\/comments?post=7520"}],"version-history":[{"count":1,"href":"https:\/\/moverdb.com\/fi\/wp-json\/wp\/v2\/pages\/7520\/revisions"}],"predecessor-version":[{"id":7521,"href":"https:\/\/moverdb.com\/fi\/wp-json\/wp\/v2\/pages\/7520\/revisions\/7521"}],"up":[{"embeddable":true,"href":"https:\/\/moverdb.com\/fi\/wp-json\/wp\/v2\/pages\/190"}],"wp:attachment":[{"href":"https:\/\/moverdb.com\/fi\/wp-json\/wp\/v2\/media?parent=7520"}],"curies":[{"name":"wp","href":"https:\/\/api.w.org\/{rel}","templated":true}]}}