{"id":7516,"date":"2023-02-01T14:01:04","date_gmt":"2023-02-01T14:01:04","guid":{"rendered":"https:\/\/moverdb.com\/?page_id=7516"},"modified":"2026-01-08T15:29:56","modified_gmt":"2026-01-08T15:29:56","slug":"moving-companies-guyana","status":"publish","type":"page","link":"https:\/\/moverdb.com\/fi\/moving-companies\/moving-companies-guyana\/","title":{"rendered":"Parhaat kansainv\u00e4liset muuttoyritykset Guyanassa"},"content":{"rendered":"<p>Jos suunnittelet muuttoa Guyanaan, Guyanasta tai Guyanan sis\u00e4ll\u00e4, saatat tarvita apua muuton kanssa. Ammattilainen <a href=\"https:\/\/moverdb.com\/fi\/moving-companies\/\" data-internallinksmanager029f6b8e52c=\"79\" title=\"Top 25 Kansainv\u00e4list\u00e4 muuttoyrityksi\u00e4 verkossa\">muuttofirmat<\/a> voi v\u00e4hent\u00e4\u00e4 muuttosi pakkaamiseen, suunnitteluun ja j\u00e4rjest\u00e4miseen liittyv\u00e4\u00e4 ty\u00f6t\u00e4. Alla on luettelo Guyanassa toimivista yrityksist\u00e4, jotka ovat <a href=\"https:\/\/moverdb.com\/fi\/international-removals\/\" data-internallinksmanager029f6b8e52c=\"27\" title=\"36 Parhaat kansainv\u00e4liset muuttoyritykset Yhdistyneess\u00e4 kuningaskunnassa\">muuttofirmat<\/a> jotka ovat j\u00e4seni\u00e4 <a href=\"https:\/\/moverdb.com\/fi\/iam\/\" data-internallinksmanager029f6b8e52c=\"23\" title=\"Kansainv\u00e4linen muuttajien liitto (IAM) selitetty\">Kansainv\u00e4linen muuttajien liitto<\/a> (IAM) ja\/tai <a href=\"https:\/\/moverdb.com\/fi\/fidi-faim\/\" data-internallinksmanager029f6b8e52c=\"16\" title=\"FIDI &amp; FAIM (FIDI Accredited International Mover) selitettyin\u00e4\">FIDI<\/a> Accredited International Mover (FAIM), joka voi auttaa sinua muutossasi.<\/p>\n<p><strong>Guywillship<\/strong><\/p>\n<p><img loading=\"lazy\" decoding=\"async\" class=\"alignnone size-full wp-image-7448\" src=\"https:\/\/moverdb.com\/wp-content\/uploads\/Guywillship-international-moving-company.png\" alt=\"Guywillship kansainv\u00e4linen muuttoyhti\u00f6\" width=\"1440\" height=\"679\" data-wp-pid=\"7448\" srcset=\"https:\/\/moverdb.com\/wp-content\/uploads\/Guywillship-international-moving-company.png 1440w, https:\/\/moverdb.com\/wp-content\/uploads\/Guywillship-international-moving-company-300x141.png 300w, https:\/\/moverdb.com\/wp-content\/uploads\/Guywillship-international-moving-company-1024x483.png 1024w, https:\/\/moverdb.com\/wp-content\/uploads\/Guywillship-international-moving-company-18x8.png 18w, https:\/\/moverdb.com\/wp-content\/uploads\/Guywillship-international-moving-company-600x283.png 600w\" sizes=\"auto, (max-width: 1440px) 100vw, 1440px\" \/><\/p>\n<ul>\n<li>Tarjoaa vain nouto- ja toimituspalveluja<\/li>\n<li>Erikoistunut seuraaviin tuotteisiin <a href=\"https:\/\/moverdb.com\/fi\/moving-to-the-united-states\/\" data-internallinksmanager029f6b8e52c=\"94\" title=\"Muutatko Yhdysvaltoihin? 2022 Elinkustannukset ja muuttovinkit\">US<\/a> Karibianmeren kuljetukset<\/li>\n<li>Ulkomailla tapahtuvat siirrot<\/li>\n<li>Kotitalouksien muutot<\/li>\n<li>Kaupallinen rahti<\/li>\n<li>Ovelta ovelle -palvelu<\/li>\n<li>Tie-, meri- ja ilmakuljetukset<\/li>\n<li>\u00c4lyk\u00e4s seuranta<\/li>\n<li>L\u00e4hetysten konsolidointi<\/li>\n<li>IAM:n j\u00e4sen<\/li>\n<\/ul>\n<p>Guywillship on merenkulku- ja logistiikka-agentti, joka on erikoistunut tavaroiden siirt\u00e4miseen Yhdysvaltojen ja Karibian v\u00e4lill\u00e4. Heill\u00e4 on yli 30 vuoden kokemus tavaroiden siirt\u00e4misest\u00e4. He ovat IAM:n j\u00e4sen, mik\u00e4 antaa heille p\u00e4\u00e4syn kansainv\u00e4listen muuttoagenttien verkostoon palvelujensa toimittamiseksi.<\/p>\n<p>Guywillship tarjoaa ovelta ovelle nouto- ja toimituspalveluita, jotka sopivat muuttajille. He tarjoavat lento- ja merikuljetuksia, joita he ovat suorittaneet yli 200 000. He tarjoavat tarkkoja seurantamahdollisuuksia, joissa on oma pilvi-infrastruktuuri, joka pit\u00e4\u00e4 sinut ajan tasalla l\u00e4hetyksest\u00e4si.<\/p>\n<p>Verkkosivusto: <a href=\"http:\/\/www.guywillship.com\" target=\"_blank\" rel=\"noopener\">http:\/\/www.guywillship.com<\/a><\/p>","protected":false},"excerpt":{"rendered":"<p>If you are planning a move to or from Guyana, or within Guyana, you may want some help with your move. Professional moving companies can reduce the work needed by packing, planning and organising your move. Below we have compiled a list of Guyana based removal companies that are members of the International Association of [&hellip;]<\/p>\n","protected":false},"author":4,"featured_media":0,"parent":190,"menu_order":0,"comment_status":"closed","ping_status":"closed","template":"","meta":{"_genesis_hide_title":false,"_genesis_hide_breadcrumbs":false,"_genesis_hide_singular_image":false,"_genesis_hide_footer_widgets":false,"_genesis_custom_body_class":"","_genesis_custom_post_class":"","_genesis_layout":"","footnotes":""},"class_list":{"0":"post-7516","1":"page","2":"type-page","3":"status-publish","5":"entry","6":"has-post-thumbnail"},"_links":{"self":[{"href":"https:\/\/moverdb.com\/fi\/wp-json\/wp\/v2\/pages\/7516","targetHints":{"allow":["GET"]}}],"collection":[{"href":"https:\/\/moverdb.com\/fi\/wp-json\/wp\/v2\/pages"}],"about":[{"href":"https:\/\/moverdb.com\/fi\/wp-json\/wp\/v2\/types\/page"}],"author":[{"embeddable":true,"href":"https:\/\/moverdb.com\/fi\/wp-json\/wp\/v2\/users\/4"}],"replies":[{"embeddable":true,"href":"https:\/\/moverdb.com\/fi\/wp-json\/wp\/v2\/comments?post=7516"}],"version-history":[{"count":1,"href":"https:\/\/moverdb.com\/fi\/wp-json\/wp\/v2\/pages\/7516\/revisions"}],"predecessor-version":[{"id":7517,"href":"https:\/\/moverdb.com\/fi\/wp-json\/wp\/v2\/pages\/7516\/revisions\/7517"}],"up":[{"embeddable":true,"href":"https:\/\/moverdb.com\/fi\/wp-json\/wp\/v2\/pages\/190"}],"wp:attachment":[{"href":"https:\/\/moverdb.com\/fi\/wp-json\/wp\/v2\/media?parent=7516"}],"curies":[{"name":"wp","href":"https:\/\/api.w.org\/{rel}","templated":true}]}}