{"id":7512,"date":"2023-02-01T13:59:57","date_gmt":"2023-02-01T13:59:57","guid":{"rendered":"https:\/\/moverdb.com\/?page_id=7512"},"modified":"2026-01-08T15:24:16","modified_gmt":"2026-01-08T15:24:16","slug":"moving-companies-guatemala","status":"publish","type":"page","link":"https:\/\/moverdb.com\/fi\/moving-companies\/moving-companies-guatemala\/","title":{"rendered":"3 parasta kansainv\u00e4list\u00e4 muuttoyrityst\u00e4 Guatemalassa"},"content":{"rendered":"<p>Oletko muuttamassa Guatemalaan, Guatemalasta tai Guatemalan sis\u00e4ll\u00e4? Silloin saatat olla kiinnostunut palvelusta, jonka tarjoaa sinulle <a href=\"https:\/\/moverdb.com\/fi\/moving-companies\/\" data-internallinksmanager029f6b8e52c=\"79\" title=\"Top 25 Kansainv\u00e4list\u00e4 muuttoyrityksi\u00e4 verkossa\">muuttofirma<\/a> jotka voivat auttaa pakkaamisessa, kuljetuksessa ja tullimuodollisuuksissa. Alla on luettelo Guatemalaan sijoittautuneista yrityksist\u00e4. <a href=\"https:\/\/moverdb.com\/fi\/international-removals\/\" data-internallinksmanager029f6b8e52c=\"27\" title=\"36 Parhaat kansainv\u00e4liset muuttoyritykset Yhdistyneess\u00e4 kuningaskunnassa\">muuttofirmat<\/a> jotka ovat j\u00e4seni\u00e4 <a href=\"https:\/\/moverdb.com\/fi\/iam\/\" data-internallinksmanager029f6b8e52c=\"23\" title=\"Kansainv\u00e4linen muuttajien liitto (IAM) selitetty\">Kansainv\u00e4linen muuttajien liitto<\/a> (IAM) ja\/tai <a href=\"https:\/\/moverdb.com\/fi\/fidi-faim\/\" data-internallinksmanager029f6b8e52c=\"16\" title=\"FIDI &amp; FAIM (FIDI Accredited International Mover) selitettyin\u00e4\">FIDI<\/a> Accredited International Mover (FAIM), joka voi auttaa sinua muutossasi.<\/p>\n<h2><strong>1. Brizmud<\/strong><\/h2>\n<p><img loading=\"lazy\" decoding=\"async\" class=\"alignnone size-full wp-image-7422\" src=\"https:\/\/moverdb.com\/wp-content\/uploads\/Brizmud-international-moving-company.png\" alt=\"Brizmud kansainv\u00e4linen muuttoyhti\u00f6\" width=\"1440\" height=\"686\" data-wp-pid=\"7422\" srcset=\"https:\/\/moverdb.com\/wp-content\/uploads\/Brizmud-international-moving-company.png 1440w, https:\/\/moverdb.com\/wp-content\/uploads\/Brizmud-international-moving-company-300x143.png 300w, https:\/\/moverdb.com\/wp-content\/uploads\/Brizmud-international-moving-company-1024x488.png 1024w, https:\/\/moverdb.com\/wp-content\/uploads\/Brizmud-international-moving-company-18x9.png 18w, https:\/\/moverdb.com\/wp-content\/uploads\/Brizmud-international-moving-company-600x286.png 600w\" sizes=\"auto, (max-width: 1440px) 100vw, 1440px\" \/><\/p>\n<ul>\n<li>Kansalliset muutot<\/li>\n<li>Kansainv\u00e4liset muutot<\/li>\n<li>Muuttopalvelut<\/li>\n<li>Kotitalouksien muutot<\/li>\n<li>Pakkauspalvelut<\/li>\n<li>Tie-, meri- ja ilmakuljetukset<\/li>\n<li>Tulliasiakirjat<\/li>\n<li>Taideteosten kuljetus<\/li>\n<li>Kansainv\u00e4listen edustajien verkosto<\/li>\n<li>Varastointitilat<\/li>\n<\/ul>\n<p>Brizmud on Guatemalassa toimiva paikallinen ja kansainv\u00e4linen muuttofirma. Se tarjoaa kotitalouksille muutto- ja uudelleensijoituspalveluja. Heill\u00e4 on p\u00e4tevien toimittajien ja edustajien verkosto, jonka ansiosta he voivat toimia muissa maissa. Se on IAM:n j\u00e4sen, jolla on viisi vuotta palvelua.<\/p>\n<p>Brizmud tarjoaa asiakkailleen yksil\u00f6llist\u00e4 hoitoa, johon kuuluu my\u00f6s muuttotarjonnan r\u00e4\u00e4t\u00e4l\u00f6inti asiakkaiden tarpeiden mukaan. He tarjoavat erilaisia muuttopalveluja, joihin kuuluu tavaroiden turvallinen pakkaaminen, maantie-, meri- tai lentokuljetuksen j\u00e4rjest\u00e4minen ja tulliavun tarjoaminen paperit\u00f6iden suorittamisessa. He tarjoavat my\u00f6s varastointimahdollisuuksia, jos tarvitset niit\u00e4.<\/p>\n<p>Verkkosivusto: <a href=\"https:\/\/brizmud.com\/\" target=\"_blank\" rel=\"noopener\">https:\/\/brizmud.com\/<\/a><\/p>\n<h2><strong>2. Intermud<\/strong><\/h2>\n<p><img loading=\"lazy\" decoding=\"async\" class=\"alignnone size-full wp-image-7457\" src=\"https:\/\/moverdb.com\/wp-content\/uploads\/Intermud-international-moving-company.png\" alt=\"Intermud kansainv\u00e4linen muuttofirma\" width=\"1440\" height=\"683\" data-wp-pid=\"7457\" srcset=\"https:\/\/moverdb.com\/wp-content\/uploads\/Intermud-international-moving-company.png 1440w, https:\/\/moverdb.com\/wp-content\/uploads\/Intermud-international-moving-company-300x142.png 300w, https:\/\/moverdb.com\/wp-content\/uploads\/Intermud-international-moving-company-1024x486.png 1024w, https:\/\/moverdb.com\/wp-content\/uploads\/Intermud-international-moving-company-18x9.png 18w, https:\/\/moverdb.com\/wp-content\/uploads\/Intermud-international-moving-company-600x285.png 600w\" sizes=\"auto, (max-width: 1440px) 100vw, 1440px\" \/><\/p>\n<ul>\n<li>Kansalliset siirrot<\/li>\n<li>Kansainv\u00e4liset siirrot<\/li>\n<li>Asuntojen muutot<\/li>\n<li>Toimiston muutot<\/li>\n<li>Muuttoneuvonta<\/li>\n<li>Pakkauspalvelut<\/li>\n<li>Huonekalujen purkaminen ja kokoaminen<\/li>\n<li>Kuljetukset maalla, merell\u00e4 ja ilmassa<\/li>\n<li>Tullin tuki<\/li>\n<li>Varastointitilat<\/li>\n<\/ul>\n<p>Intermud on Guatemalassa toimiva muutto- ja logistiikkayritys, jolla on yli 35 vuoden kokemus ihmisten siirt\u00e4misest\u00e4. Se on IAM:n j\u00e4sen, jolla on 40 vuoden kokemus, ja se on FIDI:n akkreditoima. J\u00e4senyyksiens\u00e4 kautta heill\u00e4 on p\u00e4\u00e4sy kansainv\u00e4liseen muuttovirkailijoiden verkostoon, joka tukee heit\u00e4 ulkomaan muutoissa.<\/p>\n<p>Intermud tarjoaa sek\u00e4 asuin- ett\u00e4 toimistosiirtoja paikallisesti ja kansainv\u00e4lisesti. Asuntoasiakkaille se tarjoaa pakkaus- ja purkamispalveluja, tilap\u00e4ist\u00e4 huonekalujen vuokrausta ja varastointitiloja. Toimistomuuttoja varten Intermud tarjoaa palveluja pienist\u00e4 toimistoista suuriin rakennuksiin, joihin kuuluvat pakkaus- ja purkamispalvelut, huonekalujen purkaminen ja kokoaminen sek\u00e4 elektroniikkalaitteiden turvallinen pakkaaminen.<\/p>\n<p>Verkkosivusto: <a href=\"http:\/\/www.intermud.com\" target=\"_blank\" rel=\"noopener\">http:\/\/www.intermud.com<\/a><\/p>\n<h2><strong>3. Sveitsin Global Movers<\/strong><\/h2>\n<p><img loading=\"lazy\" decoding=\"async\" class=\"alignnone size-full wp-image-7493\" src=\"https:\/\/moverdb.com\/wp-content\/uploads\/Swiss-Global-Movers-international-moving-company.png\" alt=\"Swiss Global Movers kansainv\u00e4linen muuttofirma\" width=\"1440\" height=\"683\" data-wp-pid=\"7493\" srcset=\"https:\/\/moverdb.com\/wp-content\/uploads\/Swiss-Global-Movers-international-moving-company.png 1440w, https:\/\/moverdb.com\/wp-content\/uploads\/Swiss-Global-Movers-international-moving-company-300x142.png 300w, https:\/\/moverdb.com\/wp-content\/uploads\/Swiss-Global-Movers-international-moving-company-1024x486.png 1024w, https:\/\/moverdb.com\/wp-content\/uploads\/Swiss-Global-Movers-international-moving-company-18x9.png 18w, https:\/\/moverdb.com\/wp-content\/uploads\/Swiss-Global-Movers-international-moving-company-600x285.png 600w\" sizes=\"auto, (max-width: 1440px) 100vw, 1440px\" \/><\/p>\n<ul>\n<li>Paikalliset siirrot<\/li>\n<li>Kansainv\u00e4liset siirrot<\/li>\n<li>Kotitalouksien muutot<\/li>\n<li>Yrityssiirrot<\/li>\n<li>Ovelta ovelle -ratkaisut<\/li>\n<li>P\u00e4tev\u00e4 henkil\u00f6st\u00f6<\/li>\n<li>Pakkauspalvelu<\/li>\n<li>Kuljetuksen j\u00e4rjest\u00e4minen<\/li>\n<li>Tullipalvelut<\/li>\n<li>Varastointitilat<\/li>\n<\/ul>\n<p>Swiss Global Movers on muutto- ja logistiikkapalveluita tarjoava yritys, joka sijaitsee Guatemala Cityss\u00e4, ja sill\u00e4 on yli 20 vuoden kokemus. He tekev\u00e4t yhteisty\u00f6t\u00e4 muiden kanssa tarjotakseen kattavaa palvelua, joka kattaa koko maailman. He ovat IAM:n j\u00e4sen, ja heill\u00e4 on 42 vuoden kokemus.<\/p>\n<p>Swiss Global Movers tarjoaa p\u00e4tev\u00e4\u00e4 henkil\u00f6kuntaa, joka neuvoo sinua ja auttaa muuttosi suunnittelussa. He tarjoavat ovelta ovelle -palvelua, joka sis\u00e4lt\u00e4\u00e4 pakkaus- ja purkamispalvelun, ja voivat tarvittaessa tarjota v\u00e4liaikaista varastointia. He j\u00e4rjest\u00e4v\u00e4t tavaroitesi kuljetuksen, mukaan lukien tuonti- ja vientiprosessien hoitaminen tullipalvelujen kanssa.<\/p>\n<p>Verkkosivusto: <a href=\"https:\/\/swissglobalmovers.com.gt\/\" target=\"_blank\" rel=\"noopener\">https:\/\/swissglobalmovers.com.gt\/<\/a><\/p>","protected":false},"excerpt":{"rendered":"<p>Are you moving to or from, or within Guatemala? Then you might be interested in the services of a moving company that can assist with packing, transportation and customs formalities. Below we have compiled a list of Guatemala based removal companies that are members of the International Association of Movers (IAM) and\/or FIDI Accredited International [&hellip;]<\/p>\n","protected":false},"author":4,"featured_media":0,"parent":190,"menu_order":0,"comment_status":"closed","ping_status":"closed","template":"","meta":{"_genesis_hide_title":false,"_genesis_hide_breadcrumbs":false,"_genesis_hide_singular_image":false,"_genesis_hide_footer_widgets":false,"_genesis_custom_body_class":"","_genesis_custom_post_class":"","_genesis_layout":"","footnotes":""},"class_list":{"0":"post-7512","1":"page","2":"type-page","3":"status-publish","5":"entry","6":"has-post-thumbnail"},"_links":{"self":[{"href":"https:\/\/moverdb.com\/fi\/wp-json\/wp\/v2\/pages\/7512","targetHints":{"allow":["GET"]}}],"collection":[{"href":"https:\/\/moverdb.com\/fi\/wp-json\/wp\/v2\/pages"}],"about":[{"href":"https:\/\/moverdb.com\/fi\/wp-json\/wp\/v2\/types\/page"}],"author":[{"embeddable":true,"href":"https:\/\/moverdb.com\/fi\/wp-json\/wp\/v2\/users\/4"}],"replies":[{"embeddable":true,"href":"https:\/\/moverdb.com\/fi\/wp-json\/wp\/v2\/comments?post=7512"}],"version-history":[{"count":1,"href":"https:\/\/moverdb.com\/fi\/wp-json\/wp\/v2\/pages\/7512\/revisions"}],"predecessor-version":[{"id":7513,"href":"https:\/\/moverdb.com\/fi\/wp-json\/wp\/v2\/pages\/7512\/revisions\/7513"}],"up":[{"embeddable":true,"href":"https:\/\/moverdb.com\/fi\/wp-json\/wp\/v2\/pages\/190"}],"wp:attachment":[{"href":"https:\/\/moverdb.com\/fi\/wp-json\/wp\/v2\/media?parent=7512"}],"curies":[{"name":"wp","href":"https:\/\/api.w.org\/{rel}","templated":true}]}}