{"id":7510,"date":"2023-02-01T13:59:14","date_gmt":"2023-02-01T13:59:14","guid":{"rendered":"https:\/\/moverdb.com\/?page_id=7510"},"modified":"2026-01-08T15:29:34","modified_gmt":"2026-01-08T15:29:34","slug":"moving-companies-greece","status":"publish","type":"page","link":"https:\/\/moverdb.com\/fi\/moving-companies\/moving-companies-greece\/","title":{"rendered":"8 parasta kansainv\u00e4list\u00e4 muuttofirmaa Kreikassa"},"content":{"rendered":"<p>Kotiin tai yritykseen muuttaminen voi olla vaikeaa, ja siin\u00e4 on paljon logistiikkaa k\u00e4sitelt\u00e4v\u00e4n\u00e4, varsinkin jos olet muuttamassa maasta toiseen. <a href=\"https:\/\/moverdb.com\/fi\/moving-to-greece\/\" data-internallinksmanager029f6b8e52c=\"353\" title=\"Muutatko Kreikkaan? 2023 Elinkustannukset ja muuttovinkit\">Kreikka<\/a>, kannattaa ehk\u00e4 ottaa k\u00e4ytt\u00f6\u00f6n <a href=\"https:\/\/moverdb.com\/fi\/moving-companies\/\" data-internallinksmanager029f6b8e52c=\"79\" title=\"Top 25 Kansainv\u00e4list\u00e4 muuttoyrityksi\u00e4 verkossa\">muuttofirma<\/a>. Alla olemme koonneet luettelon kreikkalaisista <a href=\"https:\/\/moverdb.com\/fi\/international-removals\/\" data-internallinksmanager029f6b8e52c=\"27\" title=\"36 Parhaat kansainv\u00e4liset muuttoyritykset Yhdistyneess\u00e4 kuningaskunnassa\">muuttofirmat<\/a> jotka ovat j\u00e4seni\u00e4 <a href=\"https:\/\/moverdb.com\/fi\/iam\/\" data-internallinksmanager029f6b8e52c=\"23\" title=\"Kansainv\u00e4linen muuttajien liitto (IAM) selitetty\">Kansainv\u00e4linen muuttajien liitto<\/a> (IAM) ja\/tai <a href=\"https:\/\/moverdb.com\/fi\/fidi-faim\/\" data-internallinksmanager029f6b8e52c=\"16\" title=\"FIDI &amp; FAIM (FIDI Accredited International Mover) selitettyin\u00e4\">FIDI<\/a> Accredited International Mover (FAIM), joka voi auttaa muutossasi.<\/p>\n<div id=\"ez-toc-container\" class=\"ez-toc-v2_0_82_2 ez-toc-wrap-left counter-hierarchy ez-toc-counter ez-toc-transparent ez-toc-container-direction\">\n<div class=\"ez-toc-title-container\">\n<p class=\"ez-toc-title\" style=\"cursor:inherit\">Jaksot<\/p>\n<span class=\"ez-toc-title-toggle\"><a href=\"#\" class=\"ez-toc-pull-right ez-toc-btn ez-toc-btn-xs ez-toc-btn-default ez-toc-toggle\" aria-label=\"Sis\u00e4llysluettelon vaihtaminen\"><span class=\"ez-toc-js-icon-con\"><span class=\"\"><span class=\"eztoc-hide\" style=\"display:none;\">Toggle<\/span><span class=\"ez-toc-icon-toggle-span\"><svg style=\"fill: #999;color:#999\" xmlns=\"http:\/\/www.w3.org\/2000\/svg\" class=\"list-377408\" width=\"20px\" height=\"20px\" viewbox=\"0 0 24 24\" fill=\"none\"><path d=\"M6 6H4v2h2V6zm14 0H8v2h12V6zM4 11h2v2H4v-2zm16 0H8v2h12v-2zM4 16h2v2H4v-2zm16 0H8v2h12v-2z\" fill=\"currentColor\"><\/path><\/svg><svg style=\"fill: #999;color:#999\" class=\"arrow-unsorted-368013\" xmlns=\"http:\/\/www.w3.org\/2000\/svg\" width=\"10px\" height=\"10px\" viewbox=\"0 0 24 24\" version=\"1.2\" baseprofile=\"tiny\"><path d=\"M18.2 9.3l-6.2-6.3-6.2 6.3c-.2.2-.3.4-.3.7s.1.5.3.7c.2.2.4.3.7.3h11c.3 0 .5-.1.7-.3.2-.2.3-.5.3-.7s-.1-.5-.3-.7zM5.8 14.7l6.2 6.3 6.2-6.3c.2-.2.3-.5.3-.7s-.1-.5-.3-.7c-.2-.2-.4-.3-.7-.3h-11c-.3 0-.5.1-.7.3-.2.2-.3.5-.3.7s.1.5.3.7z\"\/><\/svg><\/span><\/span><\/span><\/a><\/span><\/div>\n<nav><ul class='ez-toc-list ez-toc-list-level-1 eztoc-toggle-hide-by-default' ><li class='ez-toc-page-1 ez-toc-heading-level-2'><a class=\"ez-toc-link ez-toc-heading-1\" href=\"https:\/\/moverdb.com\/fi\/moving-companies\/moving-companies-greece\/#1_Attica_Movers\" >1. Attica Movers<\/a><\/li><li class='ez-toc-page-1 ez-toc-heading-level-2'><a class=\"ez-toc-link ez-toc-heading-2\" href=\"https:\/\/moverdb.com\/fi\/moving-companies\/moving-companies-greece\/#2_Cargo_Log_Ltd\" >2. Cargo Log Ltd<\/a><\/li><li class='ez-toc-page-1 ez-toc-heading-level-2'><a class=\"ez-toc-link ez-toc-heading-3\" href=\"https:\/\/moverdb.com\/fi\/moving-companies\/moving-companies-greece\/#3_Celebrity_International_Movers\" >3. Celebrity International Movers<\/a><\/li><li class='ez-toc-page-1 ez-toc-heading-level-2'><a class=\"ez-toc-link ez-toc-heading-4\" href=\"https:\/\/moverdb.com\/fi\/moving-companies\/moving-companies-greece\/#4_Matrix_Relocations\" >4. Matriisien siirrot<\/a><\/li><li class='ez-toc-page-1 ez-toc-heading-level-2'><a class=\"ez-toc-link ez-toc-heading-5\" href=\"https:\/\/moverdb.com\/fi\/moving-companies\/moving-companies-greece\/#5_Orphee_Beinoglou\" >5. Orphee Beinoglou<\/a><\/li><li class='ez-toc-page-1 ez-toc-heading-level-2'><a class=\"ez-toc-link ez-toc-heading-6\" href=\"https:\/\/moverdb.com\/fi\/moving-companies\/moving-companies-greece\/#6_Safeway_Transport\" >6. Safeway Transport<\/a><\/li><li class='ez-toc-page-1 ez-toc-heading-level-2'><a class=\"ez-toc-link ez-toc-heading-7\" href=\"https:\/\/moverdb.com\/fi\/moving-companies\/moving-companies-greece\/#7_Aritrans\" >7. Aritrans<\/a><\/li><li class='ez-toc-page-1 ez-toc-heading-level-2'><a class=\"ez-toc-link ez-toc-heading-8\" href=\"https:\/\/moverdb.com\/fi\/moving-companies\/moving-companies-greece\/#8_Intermove\" >8. Intermove<\/a><\/li><li class='ez-toc-page-1 ez-toc-heading-level-2'><a class=\"ez-toc-link ez-toc-heading-9\" href=\"https:\/\/moverdb.com\/fi\/moving-companies\/moving-companies-greece\/#Other_Useful_Guides_to_Greece\" >Muita hy\u00f6dyllisi\u00e4 oppaita Kreikkaan<\/a><\/li><\/ul><\/nav><\/div>\n<h2><span class=\"ez-toc-section\" id=\"1_Attica_Movers\"><\/span><strong>1. Attica Movers<\/strong><span class=\"ez-toc-section-end\"><\/span><\/h2>\n<p><img loading=\"lazy\" decoding=\"async\" class=\"alignnone size-full wp-image-7417\" src=\"https:\/\/moverdb.com\/wp-content\/uploads\/Attica-Movers-international-moving-company.png\" alt=\"Attica Movers kansainv\u00e4linen muuttofirma\" width=\"1440\" height=\"682\" data-wp-pid=\"7417\" srcset=\"https:\/\/moverdb.com\/wp-content\/uploads\/Attica-Movers-international-moving-company.png 1440w, https:\/\/moverdb.com\/wp-content\/uploads\/Attica-Movers-international-moving-company-300x142.png 300w, https:\/\/moverdb.com\/wp-content\/uploads\/Attica-Movers-international-moving-company-1024x485.png 1024w, https:\/\/moverdb.com\/wp-content\/uploads\/Attica-Movers-international-moving-company-18x9.png 18w, https:\/\/moverdb.com\/wp-content\/uploads\/Attica-Movers-international-moving-company-600x284.png 600w\" sizes=\"auto, (max-width: 1440px) 100vw, 1440px\" \/><\/p>\n<ul>\n<li>Kansalliset siirrot<\/li>\n<li>Kansainv\u00e4liset siirrot<\/li>\n<li>Kotitalouksien muutot<\/li>\n<li>Kaupalliset siirrot<\/li>\n<li>Pakkauspalvelu<\/li>\n<li>Puulaatikoiden rakentaminen<\/li>\n<li>Tullimenettelyt<\/li>\n<li>Lemmikkiel\u00e4inten kuljetus<\/li>\n<li>Taidekuljetukset<\/li>\n<li>Lyhytaikainen ja pitk\u00e4aikainen varastointi<\/li>\n<\/ul>\n<p>Attica Movers on vuonna 1980 perustettu kansallinen ja kansainv\u00e4linen muuttofirma, jonka kotipaikka on Ateenassa. Yritys on IAM:n j\u00e4sen 43 vuoden ajan, ja se on FIDI:n akkreditoima, mink\u00e4 ansiosta sill\u00e4 on k\u00e4yt\u00f6ss\u00e4\u00e4n kansainv\u00e4linen muuttoagenttiverkosto, joka tukee sit\u00e4.<\/p>\n<p>Attica Movers tarjoaa virtuaalisen tai henkil\u00f6kohtaisen kyselyn, jonka avulla voidaan arvioida muuton m\u00e4\u00e4r\u00e4\u00e4, pakkaustarpeita ja kuljetustapaa. He tarjoavat t\u00e4ydellisen pakkauspalvelun, jossa k\u00e4ytet\u00e4\u00e4n nykyaikaisia, laadukkaita materiaaleja, ja he rakentavat puulaatikoita hauraille esineille. He voivat tarvittaessa suorittaa tullimenettelyt. He tarjoavat my\u00f6s erikoispalveluja lemmikkiel\u00e4inten ja taiteen kuljettamiseen.<\/p>\n<p>Verkkosivusto: <a href=\"http:\/\/www.atticamovers.gr\" target=\"_blank\" rel=\"noopener\">http:\/\/www.atticamovers.gr<\/a><\/p>\n<h2><span class=\"ez-toc-section\" id=\"2_Cargo_Log_Ltd\"><\/span><strong>2. Cargo Log Ltd<\/strong><span class=\"ez-toc-section-end\"><\/span><\/h2>\n<p><img loading=\"lazy\" decoding=\"async\" class=\"alignnone size-full wp-image-7424\" src=\"https:\/\/moverdb.com\/wp-content\/uploads\/Cargo-Log-international-moving-company.png\" alt=\"Cargo Log kansainv\u00e4linen muuttoyhti\u00f6\" width=\"1440\" height=\"682\" data-wp-pid=\"7424\" srcset=\"https:\/\/moverdb.com\/wp-content\/uploads\/Cargo-Log-international-moving-company.png 1440w, https:\/\/moverdb.com\/wp-content\/uploads\/Cargo-Log-international-moving-company-300x142.png 300w, https:\/\/moverdb.com\/wp-content\/uploads\/Cargo-Log-international-moving-company-1024x485.png 1024w, https:\/\/moverdb.com\/wp-content\/uploads\/Cargo-Log-international-moving-company-18x9.png 18w, https:\/\/moverdb.com\/wp-content\/uploads\/Cargo-Log-international-moving-company-600x284.png 600w\" sizes=\"auto, (max-width: 1440px) 100vw, 1440px\" \/><\/p>\n<ul>\n<li>Kansalliset siirrot<\/li>\n<li>Kansainv\u00e4liset siirrot<\/li>\n<li>Kotitalouksien muutot<\/li>\n<li>Liiketoiminnan siirrot<\/li>\n<li>Sotilaalliset siirrot<\/li>\n<li>Pakkauspalvelu<\/li>\n<li>Tulliselvitys<\/li>\n<li>Ajoneuvojen kuljetus<\/li>\n<li>Lemmikkiel\u00e4inten kuljetus<\/li>\n<li>Lyhytaikainen ja pitk\u00e4aikainen varastointi<\/li>\n<\/ul>\n<p>Cargo Log on perheyritys, joka tarjoaa palveluja Kreetalle ja Kreetalta. He ovat auttaneet ihmisi\u00e4 muuttamaan jo yli 60 vuoden ajan. He palvelevat kotitalouksia, yrityksi\u00e4 ja armeijan muuttoja. He ovat IAM:n j\u00e4sen, ja heill\u00e4 on 34 vuoden kokemus.<\/p>\n<p>Cargo Logilla on kokenut tiimi, joka j\u00e4rjest\u00e4\u00e4 muuton parhaaseen mahdolliseen hintaan, pakkaa tavarasi turvallisesti ja k\u00e4sittelee ne huolellisesti. He voivat my\u00f6s auttaa tulliselvityksess\u00e4. He tarjoavat erilaisia erikoismuuttopalveluja, joihin kuuluvat autojen ja moottoripy\u00f6rien kuljetus, lemmikkiel\u00e4inten kuljetus ja n\u00e4yttelylaitteiden siirto.<\/p>\n<p>Verkkosivusto: <a href=\"http:\/\/www.cargolog.gr\" target=\"_blank\" rel=\"noopener\">http:\/\/www.cargolog.gr<\/a><\/p>\n<h2><span class=\"ez-toc-section\" id=\"3_Celebrity_International_Movers\"><\/span><strong>3. Celebrity International Movers<\/strong><span class=\"ez-toc-section-end\"><\/span><\/h2>\n<p><img loading=\"lazy\" decoding=\"async\" class=\"alignnone size-full wp-image-7426\" src=\"https:\/\/moverdb.com\/wp-content\/uploads\/Celebrity-International-Movers-moving-company.png\" alt=\"Celebrity International Movers muuttoyritys\" width=\"1440\" height=\"645\" data-wp-pid=\"7426\" srcset=\"https:\/\/moverdb.com\/wp-content\/uploads\/Celebrity-International-Movers-moving-company.png 1440w, https:\/\/moverdb.com\/wp-content\/uploads\/Celebrity-International-Movers-moving-company-300x134.png 300w, https:\/\/moverdb.com\/wp-content\/uploads\/Celebrity-International-Movers-moving-company-1024x459.png 1024w, https:\/\/moverdb.com\/wp-content\/uploads\/Celebrity-International-Movers-moving-company-18x8.png 18w, https:\/\/moverdb.com\/wp-content\/uploads\/Celebrity-International-Movers-moving-company-600x269.png 600w\" sizes=\"auto, (max-width: 1440px) 100vw, 1440px\" \/><\/p>\n<ul>\n<li>Kansalliset siirrot<\/li>\n<li>Kansainv\u00e4liset siirrot<\/li>\n<li>Kotitalouksien muutot<\/li>\n<li>Toimiston muutot<\/li>\n<li>R\u00e4\u00e4t\u00e4l\u00f6idyt siirtopalvelut<\/li>\n<li>R\u00e4\u00e4t\u00e4l\u00f6idyt liikkeet<\/li>\n<li>Pakkauspalvelut<\/li>\n<li>Ajoneuvojen ja lemmikkiel\u00e4inten kuljetus<\/li>\n<li>Kuvataide liikkuu<\/li>\n<li>Varastointitilat<\/li>\n<\/ul>\n<p>Celebrity International Movers on vuonna 1986 perustettu kansallinen ja kansainv\u00e4linen muuttofirma. He ty\u00f6skentelev\u00e4t kumppaniagenttien kanssa toimittaakseen kansainv\u00e4lisi\u00e4 muuttoja. He ovat IAM:n j\u00e4sen, jolla on 37 vuoden kokemus, ja FIDI on akkreditoinut heid\u00e4t.<\/p>\n<p>Celebrity International Movers tarjoaa henkil\u00f6kohtaista ovelta ovelle -muuttopalvelua, joka auttaa ihmisi\u00e4 kaikenlaisten tavaroiden, kuten autojen, veneiden, taiteen ja lemmikkiel\u00e4inten, siirt\u00e4misess\u00e4. Jokaiselle asiakkaalle nimet\u00e4\u00e4n muuttokonsultti. He tarjoavat pakkauspalvelun, jolla suojellaan tavaroita maalla, ilmassa tai merell\u00e4 matkustettaessa, ja hoitavat tullimuodollisuudet. Heid\u00e4n muuttopalveluunsa kuuluu asunnon ja koulujen etsiminen, maahanmuutto, perehdytys, l\u00e4ht\u00f6palvelut ja kotiutumistuki.<\/p>\n<p>Verkkosivusto: <a href=\"http:\/\/www.celebrity.gr\" target=\"_blank\" rel=\"noopener\">http:\/\/www.celebrity.gr<\/a><\/p>\n<h2><span class=\"ez-toc-section\" id=\"4_Matrix_Relocations\"><\/span><strong>4. Matriisien siirrot<\/strong><span class=\"ez-toc-section-end\"><\/span><\/h2>\n<p><img loading=\"lazy\" decoding=\"async\" class=\"alignnone size-full wp-image-7466\" src=\"https:\/\/moverdb.com\/wp-content\/uploads\/Matrix-Relocations-international-moving-company.png\" alt=\"Matrix Relocations kansainv\u00e4linen muuttofirma\" width=\"1440\" height=\"683\" data-wp-pid=\"7466\" srcset=\"https:\/\/moverdb.com\/wp-content\/uploads\/Matrix-Relocations-international-moving-company.png 1440w, https:\/\/moverdb.com\/wp-content\/uploads\/Matrix-Relocations-international-moving-company-300x142.png 300w, https:\/\/moverdb.com\/wp-content\/uploads\/Matrix-Relocations-international-moving-company-1024x486.png 1024w, https:\/\/moverdb.com\/wp-content\/uploads\/Matrix-Relocations-international-moving-company-18x9.png 18w, https:\/\/moverdb.com\/wp-content\/uploads\/Matrix-Relocations-international-moving-company-600x285.png 600w\" sizes=\"auto, (max-width: 1440px) 100vw, 1440px\" \/><\/p>\n<ul>\n<li>Kansalliset siirrot<\/li>\n<li>Kansainv\u00e4liset siirrot<\/li>\n<li>Kotitalouksien muutot<\/li>\n<li>Yrityssiirrot<\/li>\n<li>Muuttopalvelut<\/li>\n<li>Henkil\u00f6kohtainen muuttoneuvoja<\/li>\n<li>Pakkauspalvelu<\/li>\n<li>J\u00e4rjest\u00e4 kuljetus<\/li>\n<li>Tulliselvitys<\/li>\n<li>Varastointitilat<\/li>\n<\/ul>\n<p>Matrix Relocations on vuonna 1990 Ateenassa perustettu muutto- ja siirtoyritys. Heill\u00e4 on muuttofirmojen verkosto, joka tukee heit\u00e4 palveluiden tarjoamisessa. He ovat IAM:n j\u00e4sen 18 vuoden ajan.<\/p>\n<p>Matrix Relocations tarjoaa henkil\u00f6kohtaisen muuttoneuvojan, joka hoitaa muuttosi koko matkan ajan. He k\u00e4ytt\u00e4v\u00e4t korkealaatuisia pakkausmateriaaleja ja -tekniikoita ja inventoivat tavarasi. He j\u00e4rjest\u00e4v\u00e4t tavaroitesi kuljetuksen tulliselvityksineen ja tarjoavat l\u00e4hetysten verkkoseurannan. Heid\u00e4n muuttopalveluihinsa kuuluvat saapumis- ja l\u00e4ht\u00f6palvelut, kodin ja koulun haku sek\u00e4 vuokrasuhteiden hallinta.<\/p>\n<p>Verkkosivusto: <a href=\"https:\/\/matrixrelo.com\" target=\"_blank\" rel=\"noopener\">https:\/\/matrixrelo.com<\/a><\/p>\n<h2><span class=\"ez-toc-section\" id=\"5_Orphee_Beinoglou\"><\/span><strong>5. Orphee Beinoglou<\/strong><span class=\"ez-toc-section-end\"><\/span><\/h2>\n<p><img loading=\"lazy\" decoding=\"async\" class=\"alignnone size-full wp-image-7475\" src=\"https:\/\/moverdb.com\/wp-content\/uploads\/Orphee-Beinoglou-international-moving-company.png\" alt=\"Orphee Beinoglou kansainv\u00e4linen muuttofirma\" width=\"1440\" height=\"686\" data-wp-pid=\"7475\" srcset=\"https:\/\/moverdb.com\/wp-content\/uploads\/Orphee-Beinoglou-international-moving-company.png 1440w, https:\/\/moverdb.com\/wp-content\/uploads\/Orphee-Beinoglou-international-moving-company-300x143.png 300w, https:\/\/moverdb.com\/wp-content\/uploads\/Orphee-Beinoglou-international-moving-company-1024x488.png 1024w, https:\/\/moverdb.com\/wp-content\/uploads\/Orphee-Beinoglou-international-moving-company-18x9.png 18w, https:\/\/moverdb.com\/wp-content\/uploads\/Orphee-Beinoglou-international-moving-company-600x286.png 600w\" sizes=\"auto, (max-width: 1440px) 100vw, 1440px\" \/><\/p>\n<ul>\n<li>Kansalliset siirrot<\/li>\n<li>Kansainv\u00e4liset siirrot<\/li>\n<li>Asuntojen muutot<\/li>\n<li>Toimiston muutot<\/li>\n<li>Muuttopalvelut<\/li>\n<li>Ovelta ovelle -palvelu<\/li>\n<li>Pakkauspalvelu<\/li>\n<li>Tie-, meri- ja ilmakuljetukset<\/li>\n<li>Tulliselvitys<\/li>\n<li>Lyhyt- ja pitk\u00e4aikaisvarastot<\/li>\n<\/ul>\n<p>Orphee Beinoglou on rahtikuljetusten ja logistiikan tarjoaja, joka perustettiin vuonna 1923 Ateenassa. Heill\u00e4 on maailmanlaajuinen verkosto, jonka kanssa he ty\u00f6skentelev\u00e4t toimittaakseen siirtoja ymp\u00e4ri maailmaa. He ovat IAM:n j\u00e4sen, jolla on 100 vuotta palvelua, ja FIDI on akkreditoinut heid\u00e4t.<\/p>\n<p>Orphee Beinoglou tarjoaa muuttokonsultin, joka opastaa sinua prosessin aikana. He tarjoavat ovelta ovelle -palvelua, johon kuuluu tavaroiden turvallinen pakkaaminen erikoistuneella pakkausmateriaalilla ja niiden kuljettaminen maantie-, meri- tai ilmakuljetuksena tulliselvityksineen. He tarjoavat my\u00f6s taideteosten kuljetuksia, erikoiskuljetuksia, vakuutuksia ja varastointimahdollisuuksia.<\/p>\n<p>Verkkosivusto: <a href=\"http:\/\/www.beinoglou.gr\" target=\"_blank\" rel=\"noopener\">http:\/\/www.beinoglou.gr<\/a><\/p>\n<h2><span class=\"ez-toc-section\" id=\"6_Safeway_Transport\"><\/span><strong>6. Safeway Transport<\/strong><span class=\"ez-toc-section-end\"><\/span><\/h2>\n<p><img loading=\"lazy\" decoding=\"async\" class=\"alignnone size-full wp-image-7482\" src=\"https:\/\/moverdb.com\/wp-content\/uploads\/Safeway-Transport-international-moving-company.png\" alt=\"Safeway Transport kansainv\u00e4linen muuttoliikeyritys\" width=\"1440\" height=\"692\" data-wp-pid=\"7482\" srcset=\"https:\/\/moverdb.com\/wp-content\/uploads\/Safeway-Transport-international-moving-company.png 1440w, https:\/\/moverdb.com\/wp-content\/uploads\/Safeway-Transport-international-moving-company-300x144.png 300w, https:\/\/moverdb.com\/wp-content\/uploads\/Safeway-Transport-international-moving-company-1024x492.png 1024w, https:\/\/moverdb.com\/wp-content\/uploads\/Safeway-Transport-international-moving-company-18x9.png 18w, https:\/\/moverdb.com\/wp-content\/uploads\/Safeway-Transport-international-moving-company-600x288.png 600w\" sizes=\"auto, (max-width: 1440px) 100vw, 1440px\" \/><\/p>\n<ul>\n<li>Kansalliset siirrot<\/li>\n<li>Kansainv\u00e4liset siirrot<\/li>\n<li>Kotitalouksien muutot<\/li>\n<li>Yrityssiirrot<\/li>\n<li>R\u00e4\u00e4t\u00e4l\u00f6ity palvelu<\/li>\n<li>Pakkauspalvelu<\/li>\n<li>Tulliselvitys<\/li>\n<li>Lemmikkiel\u00e4inten kuljetus<\/li>\n<li>Ajoneuvojen kuljetus<\/li>\n<li>Shor pitk\u00e4aikaiseen varastointiin<\/li>\n<\/ul>\n<p>Safeway Transport on kansainv\u00e4linen ja kotimainen <a href=\"https:\/\/moverdb.com\/fi\/shipping-companies\/\" data-internallinksmanager029f6b8e52c=\"4\" title=\"Top 10 kansainv\u00e4list\u00e4 konttikuljetusyrityst\u00e4\">varustamo<\/a> joka sijaitsee Ateenassa. Se tarjoaa muuttopalveluja asuin- ja yritysasiakkaille. He ty\u00f6skentelev\u00e4t maailmanlaajuisen agenttiverkoston kanssa tarjotakseen ovelta ovelle -palvelua. He ovat IAM:n j\u00e4sen 14 vuoden ajan.<\/p>\n<p>Safeway Transport tarjoaa r\u00e4\u00e4t\u00e4l\u00f6ity\u00e4 muuttopalvelua, jossa on henkil\u00f6kohtainen yhteyshenkil\u00f6, joka hallinnoi muuttoasi ja tekee muuttoa edelt\u00e4v\u00e4n kartoituksen. Se tarjoaa erikoispalveluja taide-esineille, antiikkiesineille, lemmikkiel\u00e4imille ja ajoneuvoille sek\u00e4 tavanomaisille tavaroille. He tarjoavat pakkauspalvelua, johon sis\u00e4ltyy laatikoita tavaroiden suojaamiseksi kuljetuksen aikana.<\/p>\n<p>Verkkosivusto: <a href=\"http:\/\/www.safewaytransport.gr\" target=\"_blank\" rel=\"noopener\">http:\/\/www.safewaytransport.gr<\/a><\/p>\n<h2><span class=\"ez-toc-section\" id=\"7_Aritrans\"><\/span><strong>7. Aritrans<\/strong><span class=\"ez-toc-section-end\"><\/span><\/h2>\n<p><img loading=\"lazy\" decoding=\"async\" class=\"alignnone size-full wp-image-7413\" src=\"https:\/\/moverdb.com\/wp-content\/uploads\/Aritrans-international-moving-company.png\" alt=\"Aritrans kansainv\u00e4linen muuttoyhti\u00f6\" width=\"1440\" height=\"673\" data-wp-pid=\"7413\" srcset=\"https:\/\/moverdb.com\/wp-content\/uploads\/Aritrans-international-moving-company.png 1440w, https:\/\/moverdb.com\/wp-content\/uploads\/Aritrans-international-moving-company-300x140.png 300w, https:\/\/moverdb.com\/wp-content\/uploads\/Aritrans-international-moving-company-1024x479.png 1024w, https:\/\/moverdb.com\/wp-content\/uploads\/Aritrans-international-moving-company-18x8.png 18w, https:\/\/moverdb.com\/wp-content\/uploads\/Aritrans-international-moving-company-600x280.png 600w\" sizes=\"auto, (max-width: 1440px) 100vw, 1440px\" \/><\/p>\n<ul>\n<li>Kansalliset siirrot<\/li>\n<li>Kansainv\u00e4liset siirrot<\/li>\n<li>Kotitalouksien muutot<\/li>\n<li>Toimiston siirrot<\/li>\n<li>Ovelta ovelle -palvelu<\/li>\n<li>Pakkauspalvelu<\/li>\n<li>Huonekalujen purkaminen ja kokoaminen<\/li>\n<li>Tie-, meri- ja lentorahtiliikenne<\/li>\n<li>Tulliselvitys<\/li>\n<li>Turvallinen varastointi<\/li>\n<\/ul>\n<p>Aritrans on kansainv\u00e4linen <a href=\"https:\/\/moverdb.com\/fi\/freight-forwarder\/\" data-internallinksmanager029f6b8e52c=\"17\" title=\"Huolitsijan &amp; NVOCC:n kansainv\u00e4liset kustannukset ja yritykset -opas\">huolitsija<\/a> ja logistiikkapalveluiden tarjoaja, joka perustettiin vuonna 1992. Sen p\u00e4\u00e4konttori sijaitsee Pireuksessa, ja sill\u00e4 on kaksi toimipistett\u00e4 Ateenassa ja Thessalonikissa. Yrityksell\u00e4 on luotettava ulkomailla toimiva agenttiverkosto, joka tarjoaa palveluja niille. Se on IAM:n j\u00e4sen, ja se on toiminut 32 vuotta.<\/p>\n<p>Aritrans tarjoaa muuttokonsultin, joka tekee kartoituksen tavaroistasi ja arvioi pakkaus- ja muuttotarpeesi. He tarjoavat pakkauspalvelua, joka sis\u00e4lt\u00e4\u00e4 huonekalujen purkamisen ja kokoamisen, pakkaamisen ja tavaroiden purkamisen. Tarvittaessa he huolehtivat my\u00f6s tulliselvityksest\u00e4.<\/p>\n<p>Verkkosivusto: <a href=\"http:\/\/www.aritrans.gr\" target=\"_blank\" rel=\"noopener\">http:\/\/www.aritrans.gr<\/a><\/p>\n<h2><span class=\"ez-toc-section\" id=\"8_Intermove\"><\/span><strong>8. Intermove<\/strong><span class=\"ez-toc-section-end\"><\/span><\/h2>\n<p><img loading=\"lazy\" decoding=\"async\" class=\"alignnone size-full wp-image-7455\" src=\"https:\/\/moverdb.com\/wp-content\/uploads\/Intermove-Greece-international-moving-company.png\" alt=\"Intermove Kreikka kansainv\u00e4linen muuttofirma\" width=\"1440\" height=\"678\" data-wp-pid=\"7455\" srcset=\"https:\/\/moverdb.com\/wp-content\/uploads\/Intermove-Greece-international-moving-company.png 1440w, https:\/\/moverdb.com\/wp-content\/uploads\/Intermove-Greece-international-moving-company-300x141.png 300w, https:\/\/moverdb.com\/wp-content\/uploads\/Intermove-Greece-international-moving-company-1024x482.png 1024w, https:\/\/moverdb.com\/wp-content\/uploads\/Intermove-Greece-international-moving-company-18x8.png 18w, https:\/\/moverdb.com\/wp-content\/uploads\/Intermove-Greece-international-moving-company-600x283.png 600w\" sizes=\"auto, (max-width: 1440px) 100vw, 1440px\" \/><\/p>\n<ul>\n<li>Kansallinen siirto<\/li>\n<li>Kansainv\u00e4linen muutto<\/li>\n<li>Kotitalouksien muutot<\/li>\n<li>Yrityssiirrot<\/li>\n<li>T\u00e4ydellinen palvelupaketti<\/li>\n<li>Kuljetuksen j\u00e4rjest\u00e4minen<\/li>\n<li>Maa-, meri- tai lentorahdit<\/li>\n<li>Taideteosten kuljetus<\/li>\n<li>Vakuutus<\/li>\n<li>Varastointi<\/li>\n<\/ul>\n<p>Intermove on Ateenassa sijaitseva kansainv\u00e4linen kuljetusyritys, jolla on kuljetusverkosto ja varastointitilat Kreikassa. Heill\u00e4 on kansainv\u00e4linen kumppaniverkosto, joka auttaa heit\u00e4 palvelujen toimittamisessa ulkomaille. Se on IAM:n j\u00e4sen, joka on toiminut 26 vuotta.<\/p>\n<p>Intermove tarjoaa kotitalouksien muuttopalveluja, toimistojen siirtoja ja siirtopalveluja sek\u00e4 n\u00e4yttelypalveluja. Se tarjoaa t\u00e4ydellisen paketin paikallisiin ja kansainv\u00e4lisiin muuttoihin ja mahdollisuuden itsepakkaamiseen. Ne tarjoavat kuljetusvaihtoehtoja, mukaan lukien maantiekuljetukset omalla kalustollaan, meri- tai lentorahtikuljetukset. Heill\u00e4 on varastotiloja, jotka tarjoavat tarvittaessa varastointiratkaisuja.<\/p>\n<p>Verkkosivusto: <a href=\"http:\/\/www.intermove.gr\" target=\"_blank\" rel=\"noopener\">http:\/\/www.intermove.gr<\/a><\/p>\n<h2><span class=\"ez-toc-section\" id=\"Other_Useful_Guides_to_Greece\"><\/span>Muita hy\u00f6dyllisi\u00e4 oppaita Kreikkaan<span class=\"ez-toc-section-end\"><\/span><\/h2>\n<ul>\n<li> <a href=\"https:\/\/moverdb.com\/fi\/moving-to-greece\/\">Muutto Kreikkaan: Kreikka: Elinkustannukset ja muuttovinkit<\/a><\/li>\n<li> <a href=\"https:\/\/moverdb.com\/fi\/moving-to-greece\/living-in-greece\/\">21 salaisuutta Kreikassa asumisesta, jotka on hyv\u00e4 tiet\u00e4\u00e4 ennen muuttoa<\/a><\/li>\n<li> <a href=\"https:\/\/moverdb.com\/fi\/moving-to-greece\/best-places-to-live-greece\/\">13 parasta paikkaa asua Kreikassa<\/a><\/li>\n<li> <a href=\"https:\/\/moverdb.com\/fi\/konttikuljetukset\/kreikka\/\">Merirahti Kontti laivaliikenteen hinnat Kreikkaan ja Kreikasta<\/a><\/li>\n<\/ul>","protected":false},"excerpt":{"rendered":"<p>Moving home or business can be difficult with lots of logistics to handle especially if you are moving countries, so if you are moving to, from or within Greece, you may want to engage a moving company. Below we have compiled a list of Greek removal companies that are members of the International Association of [&hellip;]<\/p>\n","protected":false},"author":4,"featured_media":0,"parent":190,"menu_order":0,"comment_status":"closed","ping_status":"closed","template":"","meta":{"_genesis_hide_title":false,"_genesis_hide_breadcrumbs":false,"_genesis_hide_singular_image":false,"_genesis_hide_footer_widgets":false,"_genesis_custom_body_class":"","_genesis_custom_post_class":"","_genesis_layout":"","footnotes":""},"class_list":{"0":"post-7510","1":"page","2":"type-page","3":"status-publish","5":"entry","6":"has-post-thumbnail"},"_links":{"self":[{"href":"https:\/\/moverdb.com\/fi\/wp-json\/wp\/v2\/pages\/7510","targetHints":{"allow":["GET"]}}],"collection":[{"href":"https:\/\/moverdb.com\/fi\/wp-json\/wp\/v2\/pages"}],"about":[{"href":"https:\/\/moverdb.com\/fi\/wp-json\/wp\/v2\/types\/page"}],"author":[{"embeddable":true,"href":"https:\/\/moverdb.com\/fi\/wp-json\/wp\/v2\/users\/4"}],"replies":[{"embeddable":true,"href":"https:\/\/moverdb.com\/fi\/wp-json\/wp\/v2\/comments?post=7510"}],"version-history":[{"count":3,"href":"https:\/\/moverdb.com\/fi\/wp-json\/wp\/v2\/pages\/7510\/revisions"}],"predecessor-version":[{"id":16250,"href":"https:\/\/moverdb.com\/fi\/wp-json\/wp\/v2\/pages\/7510\/revisions\/16250"}],"up":[{"embeddable":true,"href":"https:\/\/moverdb.com\/fi\/wp-json\/wp\/v2\/pages\/190"}],"wp:attachment":[{"href":"https:\/\/moverdb.com\/fi\/wp-json\/wp\/v2\/media?parent=7510"}],"curies":[{"name":"wp","href":"https:\/\/api.w.org\/{rel}","templated":true}]}}