{"id":6051,"date":"2023-02-01T12:39:56","date_gmt":"2023-02-01T12:39:56","guid":{"rendered":"https:\/\/moverdb.com\/?page_id=6051"},"modified":"2026-01-08T15:24:43","modified_gmt":"2026-01-08T15:24:43","slug":"moving-companies-finland","status":"publish","type":"page","link":"https:\/\/moverdb.com\/fi\/moving-companies\/moving-companies-finland\/","title":{"rendered":"4 parasta kansainv\u00e4list\u00e4 muuttofirmaa Suomessa"},"content":{"rendered":"<p>Muutto kotiin tai liiketiloihin voi olla stressaavaa aikaa, koska on niin paljon j\u00e4rjestelt\u00e4v\u00e4\u00e4, varsinkin jos muutat toiseen maahan. Niinp\u00e4 muuttopalveluiden k\u00e4ytt\u00e4minen <a href=\"https:\/\/moverdb.com\/fi\/moving-companies\/\" data-internallinksmanager029f6b8e52c=\"79\" title=\"Top 25 Kansainv\u00e4list\u00e4 muuttoyrityksi\u00e4 verkossa\">muuttofirma<\/a> voi auttaa kevent\u00e4m\u00e4\u00e4n taakkaa, sill\u00e4 he voivat tehd\u00e4 kaikki j\u00e4rjestelyt puolestasi ja auttaa sinua selviytym\u00e4\u00e4n paperit\u00f6ist\u00e4. Olemme koonneet alla olevan luettelon <a href=\"https:\/\/moverdb.com\/fi\/international-removals\/\" data-internallinksmanager029f6b8e52c=\"27\" title=\"36 Parhaat kansainv\u00e4liset muuttoyritykset Yhdistyneess\u00e4 kuningaskunnassa\">muuttofirmat<\/a> kotipaikka <a href=\"https:\/\/moverdb.com\/fi\/moving-to-finland\/\" data-internallinksmanager029f6b8e52c=\"345\" title=\"Muutatko Suomeen? 2023 Elinkustannukset ja muuttovinkit\">Suomi<\/a> jotka ovat j\u00e4seni\u00e4 <a href=\"https:\/\/moverdb.com\/fi\/iam\/\" data-internallinksmanager029f6b8e52c=\"23\" title=\"Kansainv\u00e4linen muuttajien liitto (IAM) selitetty\">Kansainv\u00e4linen muuttajien liitto<\/a> (IAM) ja\/tai <a href=\"https:\/\/moverdb.com\/fi\/fidi-faim\/\" data-internallinksmanager029f6b8e52c=\"16\" title=\"FIDI &amp; FAIM (FIDI Accredited International Mover) selitettyin\u00e4\">FIDI<\/a> Accredited International Mover (FAIM), joka voi auttaa sinua muutossasi.<\/p>\n<div id=\"ez-toc-container\" class=\"ez-toc-v2_0_82_2 ez-toc-wrap-left counter-hierarchy ez-toc-counter ez-toc-transparent ez-toc-container-direction\">\n<div class=\"ez-toc-title-container\">\n<p class=\"ez-toc-title\" style=\"cursor:inherit\">Jaksot<\/p>\n<span class=\"ez-toc-title-toggle\"><a href=\"#\" class=\"ez-toc-pull-right ez-toc-btn ez-toc-btn-xs ez-toc-btn-default ez-toc-toggle\" aria-label=\"Sis\u00e4llysluettelon vaihtaminen\"><span class=\"ez-toc-js-icon-con\"><span class=\"\"><span class=\"eztoc-hide\" style=\"display:none;\">Toggle<\/span><span class=\"ez-toc-icon-toggle-span\"><svg style=\"fill: #999;color:#999\" xmlns=\"http:\/\/www.w3.org\/2000\/svg\" class=\"list-377408\" width=\"20px\" height=\"20px\" viewbox=\"0 0 24 24\" fill=\"none\"><path d=\"M6 6H4v2h2V6zm14 0H8v2h12V6zM4 11h2v2H4v-2zm16 0H8v2h12v-2zM4 16h2v2H4v-2zm16 0H8v2h12v-2z\" fill=\"currentColor\"><\/path><\/svg><svg style=\"fill: #999;color:#999\" class=\"arrow-unsorted-368013\" xmlns=\"http:\/\/www.w3.org\/2000\/svg\" width=\"10px\" height=\"10px\" viewbox=\"0 0 24 24\" version=\"1.2\" baseprofile=\"tiny\"><path d=\"M18.2 9.3l-6.2-6.3-6.2 6.3c-.2.2-.3.4-.3.7s.1.5.3.7c.2.2.4.3.7.3h11c.3 0 .5-.1.7-.3.2-.2.3-.5.3-.7s-.1-.5-.3-.7zM5.8 14.7l6.2 6.3 6.2-6.3c.2-.2.3-.5.3-.7s-.1-.5-.3-.7c-.2-.2-.4-.3-.7-.3h-11c-.3 0-.5.1-.7.3-.2.2-.3.5-.3.7s.1.5.3.7z\"\/><\/svg><\/span><\/span><\/span><\/a><\/span><\/div>\n<nav><ul class='ez-toc-list ez-toc-list-level-1 eztoc-toggle-hide-by-default' ><li class='ez-toc-page-1 ez-toc-heading-level-2'><a class=\"ez-toc-link ez-toc-heading-1\" href=\"https:\/\/moverdb.com\/fi\/moving-companies\/moving-companies-finland\/#1_Travelcargo_International_Removals\" >1. Travelcargo Kansainv\u00e4liset muutot<\/a><\/li><li class='ez-toc-page-1 ez-toc-heading-level-2'><a class=\"ez-toc-link ez-toc-heading-2\" href=\"https:\/\/moverdb.com\/fi\/moving-companies\/moving-companies-finland\/#2_Niemi_Services\" >2. Niemi Palvelut<\/a><\/li><li class='ez-toc-page-1 ez-toc-heading-level-2'><a class=\"ez-toc-link ez-toc-heading-3\" href=\"https:\/\/moverdb.com\/fi\/moving-companies\/moving-companies-finland\/#3_Pegasus_Moving\" >3. Pegasus Moving<\/a><\/li><li class='ez-toc-page-1 ez-toc-heading-level-2'><a class=\"ez-toc-link ez-toc-heading-4\" href=\"https:\/\/moverdb.com\/fi\/moving-companies\/moving-companies-finland\/#4_Victor_EK\" >4. Victor EK<\/a><\/li><li class='ez-toc-page-1 ez-toc-heading-level-2'><a class=\"ez-toc-link ez-toc-heading-5\" href=\"https:\/\/moverdb.com\/fi\/moving-companies\/moving-companies-finland\/#Other_Useful_Guides_to_Finland\" >Muita hy\u00f6dyllisi\u00e4 oppaita Suomeen<\/a><\/li><\/ul><\/nav><\/div>\n<h2><span class=\"ez-toc-section\" id=\"1_Travelcargo_International_Removals\"><\/span><strong>1. Travelcargo Kansainv\u00e4liset muutot<\/strong><span class=\"ez-toc-section-end\"><\/span><\/h2>\n<p><img loading=\"lazy\" decoding=\"async\" class=\"alignnone size-full wp-image-6052\" src=\"https:\/\/moverdb.com\/wp-content\/uploads\/Travel-Cargo-international-moving-company.png\" alt=\"Travel Cargo kansainv\u00e4linen muuttoliikeyritys\" width=\"1440\" height=\"672\" data-wp-pid=\"6052\" srcset=\"https:\/\/moverdb.com\/wp-content\/uploads\/Travel-Cargo-international-moving-company.png 1440w, https:\/\/moverdb.com\/wp-content\/uploads\/Travel-Cargo-international-moving-company-300x140.png 300w, https:\/\/moverdb.com\/wp-content\/uploads\/Travel-Cargo-international-moving-company-1024x478.png 1024w, https:\/\/moverdb.com\/wp-content\/uploads\/Travel-Cargo-international-moving-company-18x8.png 18w, https:\/\/moverdb.com\/wp-content\/uploads\/Travel-Cargo-international-moving-company-600x280.png 600w\" sizes=\"auto, (max-width: 1440px) 100vw, 1440px\" \/><\/p>\n<ul>\n<li>Kansainv\u00e4liset muutot<\/li>\n<li>Kotitalouksien muutot<\/li>\n<li>Yrityssiirrot<\/li>\n<li>Ovelta ovelle -palvelu<\/li>\n<li>Ammattimainen pakkauspalvelu<\/li>\n<li>Tie-, ilma- ja merikuljetukset<\/li>\n<li>Tulliselvitys<\/li>\n<li>El\u00e4inten kuljetus<\/li>\n<li>Ylim\u00e4\u00e4r\u00e4inen matkatavarapalvelu<\/li>\n<li>Messut ja tapahtumat<\/li>\n<\/ul>\n<p>Travelcargo International Removals on vuonna 2005 perustettu helsinkil\u00e4inen muutto- ja logistiikkayritys. Se on ATC Global Solutionsin divisioona. He tarjoavat muuttopalveluja yli 180 maahan ymp\u00e4ri maailmaa kumppanuuksien kautta muiden kansainv\u00e4listen muuttoliikkeiden v\u00e4litt\u00e4jien kanssa. He ovat IAM:n j\u00e4sen, jolla on 17 vuoden kokemus, ja heill\u00e4 on FIDI:n akkreditointi.<\/p>\n<p>Travelcargo tarjoaa muuttoa edelt\u00e4v\u00e4n kartoituksen, jossa arvioidaan tarpeesi ja tehd\u00e4\u00e4n muuttoj\u00e4rjestelyt ovelta ovelle -palvelun avulla. He tarjoavat ammattitaitoisia pakkaajia, jotka pakkaavat tavarasi turvallisesti k\u00e4ytt\u00e4en korkealaatuisia pakkausmateriaaleja. He j\u00e4rjest\u00e4v\u00e4t maantie-, lento- ja merikuljetukset tulliselvityksineen.<\/p>\n<p>Verkkosivusto: <a href=\"http:\/\/www.travelcargo.fi\" target=\"_blank\" rel=\"noopener\">http:\/\/www.travelcargo.fi<\/a><\/p>\n<h2><span class=\"ez-toc-section\" id=\"2_Niemi_Services\"><\/span><strong>2. Niemi Palvelut<\/strong><span class=\"ez-toc-section-end\"><\/span><\/h2>\n<p><img loading=\"lazy\" decoding=\"async\" class=\"alignnone size-full wp-image-5986\" src=\"https:\/\/moverdb.com\/wp-content\/uploads\/Niemi-Services-international-moving-company.png\" alt=\"Niemi Services kansainv\u00e4linen muuttofirma\" width=\"1440\" height=\"683\" data-wp-pid=\"5986\" srcset=\"https:\/\/moverdb.com\/wp-content\/uploads\/Niemi-Services-international-moving-company.png 1440w, https:\/\/moverdb.com\/wp-content\/uploads\/Niemi-Services-international-moving-company-300x142.png 300w, https:\/\/moverdb.com\/wp-content\/uploads\/Niemi-Services-international-moving-company-1024x486.png 1024w, https:\/\/moverdb.com\/wp-content\/uploads\/Niemi-Services-international-moving-company-18x9.png 18w, https:\/\/moverdb.com\/wp-content\/uploads\/Niemi-Services-international-moving-company-600x285.png 600w\" sizes=\"auto, (max-width: 1440px) 100vw, 1440px\" \/><\/p>\n<ul>\n<li>Kansalliset siirrot<\/li>\n<li>Kansainv\u00e4liset siirrot<\/li>\n<li>Asuntojen muutot<\/li>\n<li>Yrityssiirrot<\/li>\n<li>Liikkuvan paketin tason valinta<\/li>\n<li>Pakkauspalvelut<\/li>\n<li>Tie-, meri- ja lentorahtiliikenne<\/li>\n<li>Tulliselvitys<\/li>\n<li>Vakuutus<\/li>\n<li>Lyhyt- ja pitk\u00e4aikaisvarastot<\/li>\n<\/ul>\n<p>Niemi Services on muutto- ja logistiikkayritys, jolla on toimintakeskukset Helsingiss\u00e4, Jyvaskyl\u00e4ss\u00e4 ja Kuopiossa, <a href=\"https:\/\/www.niemi.fi\/en\/about_us\/offices\/niemi_lahti\" target=\"_blank\" rel=\"noopener\">Lahti<\/a>,&nbsp;<a href=\"https:\/\/www.niemi.fi\/en\/about_us\/offices\/niemi_oulu\" target=\"_blank\" rel=\"noopener\">Oulu<\/a>,&nbsp;<a href=\"https:\/\/www.niemi.fi\/en\/about_us\/offices\/niemi_tampere\" target=\"_blank\" rel=\"noopener\">Tampere<\/a>,&nbsp;<a href=\"https:\/\/www.niemi.fi\/en\/about_us\/offices\/niemi_turku\" target=\"_blank\" rel=\"noopener\">Turku<\/a>ja&nbsp;<a href=\"https:\/\/www.niemi.fi\/en\/about_us\/offices\/niemi_vaasa\" target=\"_blank\" rel=\"noopener\">Vaasa<\/a>. Ne tarjoavat muuttoja ymp\u00e4ri maailmaa yhteisty\u00f6ss\u00e4 kansainv\u00e4listen muuttov\u00e4litt\u00e4jien kanssa. He ovat IAM:n j\u00e4sen 41 vuoden ajan, ja FIDI on akkreditoinut heid\u00e4t.<\/p>\n<p>Niemi Services tarjoaa valikoiman muuttopalveluja muuttolaatikoiden vuokrauksesta t\u00e4yden palvelun muuttoon. He tarjoavat ilmaisen arviointi- ja suunnitteluk\u00e4ynnin muuttoj\u00e4rjestelyj\u00e4 varten. He k\u00e4ytt\u00e4v\u00e4t omaa ajoneuvokalustoa ja tarjoavat my\u00f6s lento- ja merirahtikuljetuksia yksitt\u00e4isist\u00e4 tavaroista aina t\u00e4yteen konttiin.<\/p>\n<p>Verkkosivusto: <a href=\"http:\/\/www.niemi.fi\/en\" target=\"_blank\" rel=\"noopener\">http:\/\/www.niemi.fi\/en<\/a><\/p>\n<h2><span class=\"ez-toc-section\" id=\"3_Pegasus_Moving\"><\/span><strong>3. Pegasus Moving<\/strong><span class=\"ez-toc-section-end\"><\/span><\/h2>\n<p><img loading=\"lazy\" decoding=\"async\" class=\"alignnone size-full wp-image-5991\" src=\"https:\/\/moverdb.com\/wp-content\/uploads\/Pegasus-Moving-international-moving-company.png\" alt=\"Pegasus Moving kansainv\u00e4linen muuttofirma\" width=\"1440\" height=\"682\" data-wp-pid=\"5991\" srcset=\"https:\/\/moverdb.com\/wp-content\/uploads\/Pegasus-Moving-international-moving-company.png 1440w, https:\/\/moverdb.com\/wp-content\/uploads\/Pegasus-Moving-international-moving-company-300x142.png 300w, https:\/\/moverdb.com\/wp-content\/uploads\/Pegasus-Moving-international-moving-company-1024x485.png 1024w, https:\/\/moverdb.com\/wp-content\/uploads\/Pegasus-Moving-international-moving-company-18x9.png 18w, https:\/\/moverdb.com\/wp-content\/uploads\/Pegasus-Moving-international-moving-company-600x284.png 600w\" sizes=\"auto, (max-width: 1440px) 100vw, 1440px\" \/><\/p>\n<ul>\n<li>Kansalliset siirrot<\/li>\n<li>Kansainv\u00e4liset siirrot<\/li>\n<li>Kotitalouksien muutot<\/li>\n<li>Muuttopalvelut<\/li>\n<li>R\u00e4\u00e4t\u00e4l\u00f6idyt palvelut<\/li>\n<li>Pakkauspalvelut<\/li>\n<li>R\u00e4\u00e4t\u00e4l\u00f6idyt kuljetuslaatikot<\/li>\n<li>Tullin tuki<\/li>\n<li>Autokuljetukset<\/li>\n<li>Lyhytaikainen ja pitk\u00e4aikainen varastointi<\/li>\n<\/ul>\n<p>Pegasus Moving on Helsingiss\u00e4 toimiva muutto- ja logistiikkayritys, jolla on yli 20 vuoden kokemus. He tekev\u00e4t yhteisty\u00f6t\u00e4 muiden muuttotoimistojen kanssa kansainv\u00e4listen muuttoj\u00e4rjestelyjen toteuttamiseksi. He ovat IAM:n j\u00e4sen, jolla on 11 vuoden kokemus.<\/p>\n<p>Pegasus Moving tarjoaa muuttotarkastuksia, joissa selvitet\u00e4\u00e4n tarpeesi, ja se voi tarjota pakkauspalveluja tavaroittesi suojaamiseksi. He j\u00e4rjest\u00e4v\u00e4t kaikki muuton osa-alueet tarpeidesi mukaan ja auttavat sinua tullivaatimusten kanssa. He tarjoavat my\u00f6s lis\u00e4palveluita, kuten loppusiivouksen, j\u00e4tteiden poiston, vanhojen huonekalujen kierr\u00e4tyksen, s\u00e4hk\u00f6laitteiden asennuksen ja varastointitilat.<\/p>\n<p>Verkkosivusto: <a href=\"http:\/\/www.pegasusmoving.fi\" target=\"_blank\" rel=\"noopener\">http:\/\/www.pegasusmoving.fi<\/a><\/p>\n<h2><span class=\"ez-toc-section\" id=\"4_Victor_EK\"><\/span><strong>4. Victor EK<\/strong><span class=\"ez-toc-section-end\"><\/span><\/h2>\n<p><img loading=\"lazy\" decoding=\"async\" class=\"alignnone size-full wp-image-6010\" src=\"https:\/\/moverdb.com\/wp-content\/uploads\/Victor-EK-international-moving-company.png\" alt=\"Victor EK kansainv\u00e4linen muuttofirma\" width=\"1440\" height=\"682\" data-wp-pid=\"6010\" srcset=\"https:\/\/moverdb.com\/wp-content\/uploads\/Victor-EK-international-moving-company.png 1440w, https:\/\/moverdb.com\/wp-content\/uploads\/Victor-EK-international-moving-company-300x142.png 300w, https:\/\/moverdb.com\/wp-content\/uploads\/Victor-EK-international-moving-company-1024x485.png 1024w, https:\/\/moverdb.com\/wp-content\/uploads\/Victor-EK-international-moving-company-18x9.png 18w, https:\/\/moverdb.com\/wp-content\/uploads\/Victor-EK-international-moving-company-600x284.png 600w\" sizes=\"auto, (max-width: 1440px) 100vw, 1440px\" \/><\/p>\n<ul>\n<li>Kansalliset siirrot<\/li>\n<li>Kansainv\u00e4liset siirrot<\/li>\n<li>Kotitalouksien muutot<\/li>\n<li>Yritysten uudelleensijoitukset<\/li>\n<li>Pakkauspalvelu<\/li>\n<li>Maa-, meri- ja ilmakuljetukset<\/li>\n<li>Tulliselvitys<\/li>\n<li>Vakuutus<\/li>\n<li>Autokuljetukset<\/li>\n<li>Varastointitilat<\/li>\n<\/ul>\n<p>Victor EK on vuonna 1885 perustettu perheyritys, jolla on toimipisteet Helsingiss\u00e4, Tampereella ja Hangossa. Yrityksell\u00e4 on pitk\u00e4aikaiset suhteet varustamoihin ja kansainv\u00e4lisiin j\u00e4rjest\u00f6ihin, ja se toimittaa palveluitaan kaikkialle maailmaan. Yritys on j\u00e4senen\u00e4 <a href=\"https:\/\/moverdb.com\/fi\/harmony-relocation-network\/\" data-internallinksmanager029f6b8e52c=\"20\" title=\"Harmony Relocation Network (HRN) selitetty\">Harmony Relocation Network<\/a> ad IAM, jolla on 129 vuotta palvelua, ja se on FIDI:n akkreditoima.<\/p>\n<p>Victor EK tarjoaa ilmaisen muuttokatselmuksen, jossa selvitet\u00e4\u00e4n tarpeesi. He tarjoavat pakkauspalveluja, jos tarvitset niit\u00e4. He j\u00e4rjest\u00e4v\u00e4t tavaroitesi kuljetuksen maalla, ilmassa tai merell\u00e4 ja avustavat tulliselvityksess\u00e4 ja vakuutuksissa. He tarjoavat my\u00f6s siivouspalveluja, kun l\u00e4hdet kotoa.<\/p>\n<p>Verkkosivusto: <a href=\"http:\/\/www.victorek.fi\" target=\"_blank\" rel=\"noopener\">http:\/\/www.victorek.fi<\/a><\/p>\n<h2><span class=\"ez-toc-section\" id=\"Other_Useful_Guides_to_Finland\"><\/span>Muita hy\u00f6dyllisi\u00e4 oppaita Suomeen<span class=\"ez-toc-section-end\"><\/span><\/h2>\n<ul>\n<li> <a href=\"https:\/\/moverdb.com\/fi\/moving-to-finland\/\">Muutatko Suomeen? 2023 Elinkustannukset ja muuttovinkit<\/a><\/li>\n<li> <a href=\"https:\/\/moverdb.com\/fi\/moving-to-finland\/best-places-to-live-finland\/\">12 parasta asuinpaikkaa Suomessa<\/a><\/li>\n<li> <a href=\"https:\/\/moverdb.com\/fi\/moving-to-finland\/living-in-finland\/\">21 salaisuutta Suomessa asumisesta, jotka kannattaa tiet\u00e4\u00e4 ennen muuttoa<\/a><\/li>\n<li> <a href=\"https:\/\/moverdb.com\/fi\/konttikuljetukset\/suomi\/\">2024 Merikuljetusten konttihinnat Suomeen ja Suomesta k\u00e4sin<\/a><\/li>\n<\/ul>","protected":false},"excerpt":{"rendered":"<p>Moving home or business premises can be a stressful time as there is so much to arrange, especially if you are moving to another country. So, engaging the services of a moving company can help lighten the load as they can make all the arrangements for you and assist you in navigating through the paperwork. [&hellip;]<\/p>\n","protected":false},"author":4,"featured_media":0,"parent":190,"menu_order":0,"comment_status":"closed","ping_status":"closed","template":"","meta":{"_genesis_hide_title":false,"_genesis_hide_breadcrumbs":false,"_genesis_hide_singular_image":false,"_genesis_hide_footer_widgets":false,"_genesis_custom_body_class":"","_genesis_custom_post_class":"","_genesis_layout":"","footnotes":""},"class_list":{"0":"post-6051","1":"page","2":"type-page","3":"status-publish","5":"entry","6":"has-post-thumbnail"},"_links":{"self":[{"href":"https:\/\/moverdb.com\/fi\/wp-json\/wp\/v2\/pages\/6051","targetHints":{"allow":["GET"]}}],"collection":[{"href":"https:\/\/moverdb.com\/fi\/wp-json\/wp\/v2\/pages"}],"about":[{"href":"https:\/\/moverdb.com\/fi\/wp-json\/wp\/v2\/types\/page"}],"author":[{"embeddable":true,"href":"https:\/\/moverdb.com\/fi\/wp-json\/wp\/v2\/users\/4"}],"replies":[{"embeddable":true,"href":"https:\/\/moverdb.com\/fi\/wp-json\/wp\/v2\/comments?post=6051"}],"version-history":[{"count":3,"href":"https:\/\/moverdb.com\/fi\/wp-json\/wp\/v2\/pages\/6051\/revisions"}],"predecessor-version":[{"id":16285,"href":"https:\/\/moverdb.com\/fi\/wp-json\/wp\/v2\/pages\/6051\/revisions\/16285"}],"up":[{"embeddable":true,"href":"https:\/\/moverdb.com\/fi\/wp-json\/wp\/v2\/pages\/190"}],"wp:attachment":[{"href":"https:\/\/moverdb.com\/fi\/wp-json\/wp\/v2\/media?parent=6051"}],"curies":[{"name":"wp","href":"https:\/\/api.w.org\/{rel}","templated":true}]}}