{"id":6049,"date":"2023-02-01T13:40:08","date_gmt":"2023-02-01T13:40:08","guid":{"rendered":"https:\/\/moverdb.com\/?page_id=6049"},"modified":"2026-01-08T15:24:41","modified_gmt":"2026-01-08T15:24:41","slug":"muuttoyritykset-fiji","status":"publish","type":"page","link":"https:\/\/moverdb.com\/fi\/moving-companies\/moving-companies-fiji\/","title":{"rendered":"4 parasta kansainv\u00e4list\u00e4 muuttofirmaa Fid\u017eill\u00e4"},"content":{"rendered":"<p>Jos suunnittelet muuttoa Fid\u017eille, Fid\u017eilt\u00e4 tai Fid\u017ein sis\u00e4ll\u00e4, sinun kannattaa k\u00e4ytt\u00e4\u00e4 hyv\u00e4maineisen ja hyv\u00e4maineisen <a href=\"https:\/\/moverdb.com\/fi\/moving-companies\/\" data-internallinksmanager029f6b8e52c=\"79\" title=\"Top 25 Kansainv\u00e4list\u00e4 muuttoyrityksi\u00e4 verkossa\">muuttofirma<\/a> auttamaan sinua. Olemme koonneet alla olevan luettelon fid\u017eil\u00e4isist\u00e4 <a href=\"https:\/\/moverdb.com\/fi\/international-removals\/\" data-internallinksmanager029f6b8e52c=\"27\" title=\"36 Parhaat kansainv\u00e4liset muuttoyritykset Yhdistyneess\u00e4 kuningaskunnassa\">muuttofirmat<\/a> jotka ovat j\u00e4seni\u00e4 <a href=\"https:\/\/moverdb.com\/fi\/iam\/\" data-internallinksmanager029f6b8e52c=\"23\" title=\"Kansainv\u00e4linen muuttajien liitto (IAM) selitetty\">Kansainv\u00e4linen muuttajien liitto<\/a> (IAM) ja\/tai <a href=\"https:\/\/moverdb.com\/fi\/fidi-faim\/\" data-internallinksmanager029f6b8e52c=\"16\" title=\"FIDI &amp; FAIM (FIDI Accredited International Mover) selitettyin\u00e4\">FIDI<\/a> Accredited International Mover (FAIM), joka voi auttaa sinua muutossasi.<\/p>\n<div id=\"ez-toc-container\" class=\"ez-toc-v2_0_82_2 ez-toc-wrap-left counter-hierarchy ez-toc-counter ez-toc-transparent ez-toc-container-direction\">\n<div class=\"ez-toc-title-container\">\n<p class=\"ez-toc-title\" style=\"cursor:inherit\">Jaksot<\/p>\n<span class=\"ez-toc-title-toggle\"><a href=\"#\" class=\"ez-toc-pull-right ez-toc-btn ez-toc-btn-xs ez-toc-btn-default ez-toc-toggle\" aria-label=\"Sis\u00e4llysluettelon vaihtaminen\"><span class=\"ez-toc-js-icon-con\"><span class=\"\"><span class=\"eztoc-hide\" style=\"display:none;\">Toggle<\/span><span class=\"ez-toc-icon-toggle-span\"><svg style=\"fill: #999;color:#999\" xmlns=\"http:\/\/www.w3.org\/2000\/svg\" class=\"list-377408\" width=\"20px\" height=\"20px\" viewbox=\"0 0 24 24\" fill=\"none\"><path d=\"M6 6H4v2h2V6zm14 0H8v2h12V6zM4 11h2v2H4v-2zm16 0H8v2h12v-2zM4 16h2v2H4v-2zm16 0H8v2h12v-2z\" fill=\"currentColor\"><\/path><\/svg><svg style=\"fill: #999;color:#999\" class=\"arrow-unsorted-368013\" xmlns=\"http:\/\/www.w3.org\/2000\/svg\" width=\"10px\" height=\"10px\" viewbox=\"0 0 24 24\" version=\"1.2\" baseprofile=\"tiny\"><path d=\"M18.2 9.3l-6.2-6.3-6.2 6.3c-.2.2-.3.4-.3.7s.1.5.3.7c.2.2.4.3.7.3h11c.3 0 .5-.1.7-.3.2-.2.3-.5.3-.7s-.1-.5-.3-.7zM5.8 14.7l6.2 6.3 6.2-6.3c.2-.2.3-.5.3-.7s-.1-.5-.3-.7c-.2-.2-.4-.3-.7-.3h-11c-.3 0-.5.1-.7.3-.2.2-.3.5-.3.7s.1.5.3.7z\"\/><\/svg><\/span><\/span><\/span><\/a><\/span><\/div>\n<nav><ul class='ez-toc-list ez-toc-list-level-1 eztoc-toggle-hide-by-default' ><li class='ez-toc-page-1 ez-toc-heading-level-2'><a class=\"ez-toc-link ez-toc-heading-1\" href=\"https:\/\/moverdb.com\/fi\/moving-companies\/moving-companies-fiji\/#1_All_Freight_Logistics\" >1. Kaikki rahtilogistiikka<\/a><\/li><li class='ez-toc-page-1 ez-toc-heading-level-2'><a class=\"ez-toc-link ez-toc-heading-2\" href=\"https:\/\/moverdb.com\/fi\/moving-companies\/moving-companies-fiji\/#2_Freight_Services\" >2. Rahtipalvelut<\/a><\/li><li class='ez-toc-page-1 ez-toc-heading-level-2'><a class=\"ez-toc-link ez-toc-heading-3\" href=\"https:\/\/moverdb.com\/fi\/moving-companies\/moving-companies-fiji\/#3_Movements_International\" >3. Kansainv\u00e4liset liikkeet<\/a><\/li><li class='ez-toc-page-1 ez-toc-heading-level-2'><a class=\"ez-toc-link ez-toc-heading-4\" href=\"https:\/\/moverdb.com\/fi\/moving-companies\/moving-companies-fiji\/#4_JVK_Magellan_International\" >4. JVK Magellan International<\/a><\/li><\/ul><\/nav><\/div>\n<h2><span class=\"ez-toc-section\" id=\"1_All_Freight_Logistics\"><\/span><strong>1. Kaikki rahtilogistiikka<\/strong><span class=\"ez-toc-section-end\"><\/span><\/h2>\n<p><img loading=\"lazy\" decoding=\"async\" class=\"alignnone size-full wp-image-5923\" src=\"https:\/\/moverdb.com\/wp-content\/uploads\/All-Freight-Logistics-international-moving-company.png\" alt=\"All Freight Logistics kansainv\u00e4linen muuttoliikeyritys\" width=\"1440\" height=\"680\" data-wp-pid=\"5923\" srcset=\"https:\/\/moverdb.com\/wp-content\/uploads\/All-Freight-Logistics-international-moving-company.png 1440w, https:\/\/moverdb.com\/wp-content\/uploads\/All-Freight-Logistics-international-moving-company-300x142.png 300w, https:\/\/moverdb.com\/wp-content\/uploads\/All-Freight-Logistics-international-moving-company-1024x484.png 1024w, https:\/\/moverdb.com\/wp-content\/uploads\/All-Freight-Logistics-international-moving-company-18x9.png 18w, https:\/\/moverdb.com\/wp-content\/uploads\/All-Freight-Logistics-international-moving-company-600x283.png 600w\" sizes=\"auto, (max-width: 1440px) 100vw, 1440px\" \/><\/p>\n<ul>\n<li>Paikalliset ja kansalliset siirrot<\/li>\n<li>Kansainv\u00e4liset siirrot<\/li>\n<li>Kotitalouksien muutot<\/li>\n<li>Toimiston muutot<\/li>\n<li>Ovelta ovelle -palvelu<\/li>\n<li>Ajantasainen teknologia ja resurssit<\/li>\n<li>Maa-, meri- ja lentorahdit<\/li>\n<li>Rahtiasiakirjat ja tulliselvitys<\/li>\n<li>Merenkulun t\u00e4ysriskivakuutus<\/li>\n<li>Varastointitilat<\/li>\n<\/ul>\n<p>All Freight Logistics on vuonna 2010 perustettu muuttokuljetus- ja huolintapalvelu Fid\u017eill\u00e4. Sill\u00e4 on toimipisteet Suvassa, Lautokassa, Nadissa ja Aucklandissa. He ty\u00f6skentelev\u00e4t kansainv\u00e4listen muuttoagenttien kanssa eri puolilla maailmaa toimittaakseen kansainv\u00e4lisi\u00e4 muuttoja. He ovat IAM:n j\u00e4sen, jolla on 12 vuoden kokemus.<\/p>\n<p>All Freight Logistics tarjoaa kotitalouksien ja toimistojen muuttoihin ovelta ovelle -palvelua. He tarjoavat erilaisia rahtivaihtoehtoja, joihin kuuluvat tarpeidesi mukaan r\u00e4\u00e4t\u00e4l\u00f6idyt lento- ja merirahdit, kuten t\u00e4ydet konttikuormat tai v\u00e4hemm\u00e4n kuin konttikuormat. He tarjoavat my\u00f6s apua rahdin dokumentoinnissa ja tulliselvityksess\u00e4.<\/p>\n<p>Verkkosivusto: <a href=\"http:\/\/www.allfreightfiji.com.fj\" target=\"_blank\" rel=\"noopener\">http:\/\/www.allfreightfiji.com.fj<\/a><\/p>\n<h2><span class=\"ez-toc-section\" id=\"2_Freight_Services\"><\/span><strong>2. Rahtipalvelut<\/strong><span class=\"ez-toc-section-end\"><\/span><\/h2>\n<p><img loading=\"lazy\" decoding=\"async\" class=\"alignnone size-full wp-image-5947\" src=\"https:\/\/moverdb.com\/wp-content\/uploads\/Freight-Services-international-moving-company.png\" alt=\"Rahtipalvelut kansainv\u00e4linen muuttoyhti\u00f6\" width=\"1440\" height=\"682\" data-wp-pid=\"5947\" srcset=\"https:\/\/moverdb.com\/wp-content\/uploads\/Freight-Services-international-moving-company.png 1440w, https:\/\/moverdb.com\/wp-content\/uploads\/Freight-Services-international-moving-company-300x142.png 300w, https:\/\/moverdb.com\/wp-content\/uploads\/Freight-Services-international-moving-company-1024x485.png 1024w, https:\/\/moverdb.com\/wp-content\/uploads\/Freight-Services-international-moving-company-18x9.png 18w, https:\/\/moverdb.com\/wp-content\/uploads\/Freight-Services-international-moving-company-600x284.png 600w\" sizes=\"auto, (max-width: 1440px) 100vw, 1440px\" \/><\/p>\n<ul>\n<li>Kansalliset siirrot<\/li>\n<li>Kansainv\u00e4liset siirrot<\/li>\n<li>Kotitalouksien muutot<\/li>\n<li>Toimiston muutot<\/li>\n<li>Pakkauspalvelut<\/li>\n<li>Tie-, meri- ja ilmakuljetukset<\/li>\n<li>Tulliv\u00e4litys<\/li>\n<li>Vakuutus<\/li>\n<li><a href=\"https:\/\/moverdb.com\/fi\/car-transport-shipping\/\" data-internallinksmanager029f6b8e52c=\"2\" title=\"2026 Kansainv\u00e4linen autokuljetus ja ajoneuvojen kuljetus tarjoukset\">Ajoneuvojen kuljetus<\/a><\/li>\n<li>Lyhytaikainen ja pitk\u00e4aikainen varastointi<\/li>\n<\/ul>\n<p>Freight Services on kuljetus- ja logistiikkaratkaisuja tarjoava yritys, jolla on kolme toimistoa Fid\u017eill\u00e4: Suva, Nadi ja Lautoka sek\u00e4 sivuliike Papua New <a href=\"https:\/\/moverdb.com\/fi\/moving-companies\/moving-companies-guinea\/\" data-internallinksmanager029f6b8e52c=\"231\" title=\"2 parasta kansainv\u00e4list\u00e4 muuttoa harjoittavaa yrityst\u00e4 Guineassa\">Guinea<\/a>. He tekev\u00e4t yhteisty\u00f6t\u00e4 luotettavien kumppaneiden kanssa kansainv\u00e4listen muuttopalvelujen tarjoamiseksi. He ovat IAM:n j\u00e4sen 26 vuoden ajan.<\/p>\n<p>Freight Services tarjoaa ovelta ovelle ulottuvia kansallisia ja kansainv\u00e4lisi\u00e4 muuttopalveluja, joihin sis\u00e4ltyy muuttoa edelt\u00e4v\u00e4 kartoitus ja pakkauspalvelut, joita tarjoavat ammattitaitoiset tiimit, jotka pakkaavat tavarasi turvallisesti erilaisia materiaaleja k\u00e4ytt\u00e4en. He j\u00e4rjest\u00e4v\u00e4t tavarasi kuljetuksen maanteitse, ilmateitse tai meritse ja voivat auttaa tulliselvityksess\u00e4 v\u00e4lityspalvelunsa avulla.<\/p>\n<p>Verkkosivusto: <a href=\"http:\/\/www.fsf.com.fj\" target=\"_blank\" rel=\"noopener\">http:\/\/www.fsf.com.fj<\/a><\/p>\n<h2><span class=\"ez-toc-section\" id=\"3_Movements_International\"><\/span><strong>3. Kansainv\u00e4liset liikkeet<\/strong><span class=\"ez-toc-section-end\"><\/span><\/h2>\n<p><img loading=\"lazy\" decoding=\"async\" class=\"alignnone size-full wp-image-5977\" src=\"https:\/\/moverdb.com\/wp-content\/uploads\/Movements-International-moving-company.png\" alt=\"Movements Kansainv\u00e4linen muuttofirma\" width=\"1440\" height=\"679\" data-wp-pid=\"5977\" srcset=\"https:\/\/moverdb.com\/wp-content\/uploads\/Movements-International-moving-company.png 1440w, https:\/\/moverdb.com\/wp-content\/uploads\/Movements-International-moving-company-300x141.png 300w, https:\/\/moverdb.com\/wp-content\/uploads\/Movements-International-moving-company-1024x483.png 1024w, https:\/\/moverdb.com\/wp-content\/uploads\/Movements-International-moving-company-18x8.png 18w, https:\/\/moverdb.com\/wp-content\/uploads\/Movements-International-moving-company-600x283.png 600w\" sizes=\"auto, (max-width: 1440px) 100vw, 1440px\" \/><\/p>\n<ul>\n<li>Kansainv\u00e4liset siirrot<\/li>\n<li>Kotitalouksien muutot<\/li>\n<li>Kaupalliset hankkeet<\/li>\n<li>Ovelta ovelle -palvelu<\/li>\n<li>Pakkauspalvelu ja inventaario<\/li>\n<li>Korkealaatuinen pakkausmateriaali<\/li>\n<li>Tie-, meri- ja ilmakuljetukset<\/li>\n<li>Tuki vientiasiakirjojen kanssa<\/li>\n<li>Merenkulun t\u00e4ysriskivakuutus<\/li>\n<li>Varastointitilat<\/li>\n<\/ul>\n<p>Movements International on vuonna 2005 perustettu logistiikka- ja muuttopalveluiden tarjoaja, jonka kotipaikka on Suva ja toimipiste my\u00f6s <a href=\"https:\/\/moverdb.com\/fi\/moving-to-new-zealand\/\" data-internallinksmanager029f6b8e52c=\"324\" title=\"Muutatko Uuteen-Seelantiin? 2023 Elinkustannukset ja muuttovinkit\">Uusi-Seelanti<\/a>. Ne tarjoavat kansainv\u00e4lisi\u00e4 muuttoja yhteisty\u00f6ss\u00e4 kansainv\u00e4lisen muuttoagenttiverkoston kanssa. He ovat IAM:n j\u00e4sen 14 vuoden ajan.<\/p>\n<p>Movements International tarjoaa ovelta ovelle -palvelua, johon kuuluu ammattitaitoinen henkil\u00f6kunta sek\u00e4 erikoistuneet pakkaus- ja siirtopalvelut. He tarjoavat erilaisia pakkausmateriaaleja, kuten laatikoita, laatikoita ja k\u00e4\u00e4remateriaaleja, ja he merkitsev\u00e4t tavarat ja laativat inventaarion. He tarjoavat rahtivaihtoehtoja, joihin kuuluvat t\u00e4ydet konttikuormat ja alle konttikuormat, sek\u00e4 tukea vientiasiakirjojen kanssa.<\/p>\n<p>Verkkosivusto: <a href=\"http:\/\/www.mifiji.com\" target=\"_blank\" rel=\"noopener\">http:\/\/www.mifiji.com<\/a><\/p>\n<h2><span class=\"ez-toc-section\" id=\"4_JVK_Magellan_International\"><\/span><strong>4. JVK Magellan International<\/strong><span class=\"ez-toc-section-end\"><\/span><\/h2>\n<p><img loading=\"lazy\" decoding=\"async\" class=\"alignnone size-full wp-image-5532\" src=\"https:\/\/moverdb.com\/wp-content\/uploads\/JVK-Asia-international-moving-company.png\" alt=\"JVK Asia kansainv\u00e4linen muuttoliikeyritys\" width=\"1440\" height=\"681\" data-wp-pid=\"5532\" srcset=\"https:\/\/moverdb.com\/wp-content\/uploads\/JVK-Asia-international-moving-company.png 1440w, https:\/\/moverdb.com\/wp-content\/uploads\/JVK-Asia-international-moving-company-300x142.png 300w, https:\/\/moverdb.com\/wp-content\/uploads\/JVK-Asia-international-moving-company-1024x484.png 1024w, https:\/\/moverdb.com\/wp-content\/uploads\/JVK-Asia-international-moving-company-18x9.png 18w, https:\/\/moverdb.com\/wp-content\/uploads\/JVK-Asia-international-moving-company-600x284.png 600w\" sizes=\"auto, (max-width: 1440px) 100vw, 1440px\" \/><\/p>\n<ul>\n<li>Kansalliset siirrot<\/li>\n<li>Kansainv\u00e4liset siirrot<\/li>\n<li>Muuttopalvelut<\/li>\n<li>Kotitalouksien muutot<\/li>\n<li>Toimiston muutot<\/li>\n<li>Ovelta ovelle -palvelu<\/li>\n<li>Pakkauspalvelut<\/li>\n<li>Tie-, meri- ja lentorahtiliikenne<\/li>\n<li>Tullivaatimusten tuki<\/li>\n<li>Lyhytaikainen ja pitk\u00e4aikainen varastointi<\/li>\n<\/ul>\n<p>JVK Magellan International on kansainv\u00e4linen muutto-, logistiikka-, varasto- ja jakeluyritys, jolla on toimipisteit\u00e4 eri puolilla maailmaa. <a href=\"https:\/\/moverdb.com\/fi\/moving-to-thailand\/\" data-internallinksmanager029f6b8e52c=\"318\" title=\"Muutat Thaimaahan? 2023 Elinkustannukset ja muuttovinkit\">Thaimaa<\/a>. Heill\u00e4 on toimisto Suvassa Fid\u017eill\u00e4, ja se on IAM:n j\u00e4sen.<\/p>\n<p>JVK Magellan International tarjoaa muuttoa edelt\u00e4v\u00e4n kartoituksen, jossa arvioidaan tarpeesi ja tehd\u00e4\u00e4n muuttoehdotus ovelta ovelle -palvelusta. He tarjoavat ammattitaitoisia pakkaajia, jotka suojaavat tavarasi laadukkailla materiaaleilla, laativat eritellyn inventaarion ja tarjoavat kuljetusvakuutuksen, joka kattaa kaikki riskit. He j\u00e4rjest\u00e4v\u00e4t maantie-, meri- ja ilmakuljetukset ja antavat neuvoja tullivaatimuksista.<\/p>\n<p>Verkkosivusto: <a href=\"http:\/\/jvkasia.com\" target=\"_blank\" rel=\"noopener\">http:\/\/jvkasia.com<\/a><\/p>","protected":false},"excerpt":{"rendered":"<p>If you are planning on moving to, from or within Fiji then you may want to employ the services of a reputable moving company to assist you. Below we have compiled a list of Fijian removal companies that are members of the International Association of Movers (IAM) and\/or FIDI Accredited International Mover (FAIM) who could [&hellip;]<\/p>\n","protected":false},"author":4,"featured_media":0,"parent":190,"menu_order":0,"comment_status":"closed","ping_status":"closed","template":"","meta":{"_genesis_hide_title":false,"_genesis_hide_breadcrumbs":false,"_genesis_hide_singular_image":false,"_genesis_hide_footer_widgets":false,"_genesis_custom_body_class":"","_genesis_custom_post_class":"","_genesis_layout":"","footnotes":""},"class_list":{"0":"post-6049","1":"page","2":"type-page","3":"status-publish","5":"entry","6":"has-post-thumbnail"},"_links":{"self":[{"href":"https:\/\/moverdb.com\/fi\/wp-json\/wp\/v2\/pages\/6049","targetHints":{"allow":["GET"]}}],"collection":[{"href":"https:\/\/moverdb.com\/fi\/wp-json\/wp\/v2\/pages"}],"about":[{"href":"https:\/\/moverdb.com\/fi\/wp-json\/wp\/v2\/types\/page"}],"author":[{"embeddable":true,"href":"https:\/\/moverdb.com\/fi\/wp-json\/wp\/v2\/users\/4"}],"replies":[{"embeddable":true,"href":"https:\/\/moverdb.com\/fi\/wp-json\/wp\/v2\/comments?post=6049"}],"version-history":[{"count":1,"href":"https:\/\/moverdb.com\/fi\/wp-json\/wp\/v2\/pages\/6049\/revisions"}],"predecessor-version":[{"id":6050,"href":"https:\/\/moverdb.com\/fi\/wp-json\/wp\/v2\/pages\/6049\/revisions\/6050"}],"up":[{"embeddable":true,"href":"https:\/\/moverdb.com\/fi\/wp-json\/wp\/v2\/pages\/190"}],"wp:attachment":[{"href":"https:\/\/moverdb.com\/fi\/wp-json\/wp\/v2\/media?parent=6049"}],"curies":[{"name":"wp","href":"https:\/\/api.w.org\/{rel}","templated":true}]}}