{"id":6046,"date":"2023-02-01T13:44:41","date_gmt":"2023-02-01T13:44:41","guid":{"rendered":"https:\/\/moverdb.com\/?page_id=6046"},"modified":"2026-01-08T15:25:06","modified_gmt":"2026-01-08T15:25:06","slug":"moving-companies-ethiopia","status":"publish","type":"page","link":"https:\/\/moverdb.com\/fi\/moving-companies\/moving-companies-ethiopia\/","title":{"rendered":"5 parasta kansainv\u00e4list\u00e4 muuttoliikett\u00e4 Etiopiassa toimivaa yrityst\u00e4"},"content":{"rendered":"<p>Muutto on kiireist\u00e4 ja stressaavaa aikaa, varsinkin jos muutat maasta toiseen, joten muuttofirman tuki voi auttaa. <a href=\"https:\/\/moverdb.com\/fi\/moving-companies\/\" data-internallinksmanager029f6b8e52c=\"79\" title=\"Top 25 Kansainv\u00e4list\u00e4 muuttoyrityksi\u00e4 verkossa\">Muuttoyritykset<\/a> voi auttaa paperit\u00f6iss\u00e4 ja kuljetuksen j\u00e4rjest\u00e4misess\u00e4. Alla on luettelo Etiopian lennoista. <a href=\"https:\/\/moverdb.com\/fi\/international-removals\/\" data-internallinksmanager029f6b8e52c=\"27\" title=\"36 Parhaat kansainv\u00e4liset muuttoyritykset Yhdistyneess\u00e4 kuningaskunnassa\">muuttofirmat<\/a> jotka ovat j\u00e4seni\u00e4 <a href=\"https:\/\/moverdb.com\/fi\/iam\/\" data-internallinksmanager029f6b8e52c=\"23\" title=\"Kansainv\u00e4linen muuttajien liitto (IAM) selitetty\">Kansainv\u00e4linen muuttajien liitto<\/a> (IAM) ja\/tai <a href=\"https:\/\/moverdb.com\/fi\/fidi-faim\/\" data-internallinksmanager029f6b8e52c=\"16\" title=\"FIDI &amp; FAIM (FIDI Accredited International Mover) selitettyin\u00e4\">FIDI<\/a> Accredited International Mover (FAIM), joka voi auttaa sinua muutossasi.<\/p>\n<div id=\"ez-toc-container\" class=\"ez-toc-v2_0_82_2 ez-toc-wrap-left counter-hierarchy ez-toc-counter ez-toc-transparent ez-toc-container-direction\">\n<div class=\"ez-toc-title-container\">\n<p class=\"ez-toc-title\" style=\"cursor:inherit\">Jaksot<\/p>\n<span class=\"ez-toc-title-toggle\"><a href=\"#\" class=\"ez-toc-pull-right ez-toc-btn ez-toc-btn-xs ez-toc-btn-default ez-toc-toggle\" aria-label=\"Sis\u00e4llysluettelon vaihtaminen\"><span class=\"ez-toc-js-icon-con\"><span class=\"\"><span class=\"eztoc-hide\" style=\"display:none;\">Toggle<\/span><span class=\"ez-toc-icon-toggle-span\"><svg style=\"fill: #999;color:#999\" xmlns=\"http:\/\/www.w3.org\/2000\/svg\" class=\"list-377408\" width=\"20px\" height=\"20px\" viewbox=\"0 0 24 24\" fill=\"none\"><path d=\"M6 6H4v2h2V6zm14 0H8v2h12V6zM4 11h2v2H4v-2zm16 0H8v2h12v-2zM4 16h2v2H4v-2zm16 0H8v2h12v-2z\" fill=\"currentColor\"><\/path><\/svg><svg style=\"fill: #999;color:#999\" class=\"arrow-unsorted-368013\" xmlns=\"http:\/\/www.w3.org\/2000\/svg\" width=\"10px\" height=\"10px\" viewbox=\"0 0 24 24\" version=\"1.2\" baseprofile=\"tiny\"><path d=\"M18.2 9.3l-6.2-6.3-6.2 6.3c-.2.2-.3.4-.3.7s.1.5.3.7c.2.2.4.3.7.3h11c.3 0 .5-.1.7-.3.2-.2.3-.5.3-.7s-.1-.5-.3-.7zM5.8 14.7l6.2 6.3 6.2-6.3c.2-.2.3-.5.3-.7s-.1-.5-.3-.7c-.2-.2-.4-.3-.7-.3h-11c-.3 0-.5.1-.7.3-.2.2-.3.5-.3.7s.1.5.3.7z\"\/><\/svg><\/span><\/span><\/span><\/a><\/span><\/div>\n<nav><ul class='ez-toc-list ez-toc-list-level-1 eztoc-toggle-hide-by-default' ><li class='ez-toc-page-1 ez-toc-heading-level-2'><a class=\"ez-toc-link ez-toc-heading-1\" href=\"https:\/\/moverdb.com\/fi\/moving-companies\/moving-companies-ethiopia\/#1_Melehk_Logistics\" >1. Melehk Logistiikka<\/a><\/li><li class='ez-toc-page-1 ez-toc-heading-level-2'><a class=\"ez-toc-link ez-toc-heading-2\" href=\"https:\/\/moverdb.com\/fi\/moving-companies\/moving-companies-ethiopia\/#2_Move_One\" >2. Siirr\u00e4 yksi<\/a><\/li><li class='ez-toc-page-1 ez-toc-heading-level-2'><a class=\"ez-toc-link ez-toc-heading-3\" href=\"https:\/\/moverdb.com\/fi\/moving-companies\/moving-companies-ethiopia\/#3_Panafric_Global\" >3. Panafric Global<\/a><\/li><li class='ez-toc-page-1 ez-toc-heading-level-2'><a class=\"ez-toc-link ez-toc-heading-4\" href=\"https:\/\/moverdb.com\/fi\/moving-companies\/moving-companies-ethiopia\/#4_Segon_Marill_Movers\" >4. Segon Marill Movers<\/a><\/li><li class='ez-toc-page-1 ez-toc-heading-level-2'><a class=\"ez-toc-link ez-toc-heading-5\" href=\"https:\/\/moverdb.com\/fi\/moving-companies\/moving-companies-ethiopia\/#5_Solomon_Zewdu_Shipping_and_Freight_Forwarding\" >5. Solomon Zewdu Shipping and Freight Forwarding (merenkulku ja huolinta)<\/a><\/li><\/ul><\/nav><\/div>\n<h2><span class=\"ez-toc-section\" id=\"1_Melehk_Logistics\"><\/span><strong>1. Melehk Logistiikka<\/strong><span class=\"ez-toc-section-end\"><\/span><\/h2>\n<p><img loading=\"lazy\" decoding=\"async\" class=\"alignnone size-full wp-image-5971\" src=\"https:\/\/moverdb.com\/wp-content\/uploads\/Melehk-Logistics-international-moving-company.png\" alt=\"Melehk Logistics kansainv\u00e4linen muuttoliikeyritys\" width=\"1440\" height=\"674\" data-wp-pid=\"5971\" srcset=\"https:\/\/moverdb.com\/wp-content\/uploads\/Melehk-Logistics-international-moving-company.png 1440w, https:\/\/moverdb.com\/wp-content\/uploads\/Melehk-Logistics-international-moving-company-300x140.png 300w, https:\/\/moverdb.com\/wp-content\/uploads\/Melehk-Logistics-international-moving-company-1024x479.png 1024w, https:\/\/moverdb.com\/wp-content\/uploads\/Melehk-Logistics-international-moving-company-18x8.png 18w, https:\/\/moverdb.com\/wp-content\/uploads\/Melehk-Logistics-international-moving-company-600x281.png 600w\" sizes=\"auto, (max-width: 1440px) 100vw, 1440px\" \/><\/p>\n<ul>\n<li>Paikalliset ja kansalliset siirrot<\/li>\n<li>Kansainv\u00e4liset siirrot<\/li>\n<li>Kotitalouksien muutot<\/li>\n<li>Henkil\u00f6kohtainen ja r\u00e4\u00e4t\u00e4l\u00f6ity palvelu<\/li>\n<li>Oma muuttokoordinaattori<\/li>\n<li>J\u00e4rjest\u00e4\u00e4 ja hallinnoida kaikkia muuttoon liittyvi\u00e4 n\u00e4k\u00f6kohtia<\/li>\n<li>Tie-, meri- ja lentorahtiliikenne<\/li>\n<li>Tulliv\u00e4litys<\/li>\n<li>Kansainv\u00e4liset kumppanuudet<\/li>\n<li>Varastointitilat<\/li>\n<\/ul>\n<p>Melehk Logistics on vuonna 2011 Ginchi Trading -nimell\u00e4 perustettu huolinta- ja logistiikkayritys, joka tarjoaa muuttopalveluja Etiopiassa, Etiopiaan ja Etiopiasta. Se tekee yhteisty\u00f6t\u00e4 kansainv\u00e4lisen muuttoverkoston kanssa tarjotakseen muuttopalveluja kaikkialla maailmassa. He ovat IAM:n j\u00e4sen, ja heill\u00e4 on 9 vuoden kokemus.<\/p>\n<p>Melehk Logistics tarjoaa kotitalouksien kansainv\u00e4lisi\u00e4 muuttoja ymp\u00e4ri maailmaa ja tarjoaa erityisen muuttokoordinaattorin. Se tarjoaa henkil\u00f6kohtaisia ja r\u00e4\u00e4t\u00e4l\u00f6ityj\u00e4 palveluja, jotka j\u00e4rjest\u00e4v\u00e4t kaikki muuton osatekij\u00e4t ja hoitavat muuton tehokkaasti. He tarjoavat rahtivaihtoehtoja, joihin kuuluvat maantie-, ilma- ja merirahdit sek\u00e4 tulliv\u00e4litystuki.<\/p>\n<p>Verkkosivusto: <a href=\"http:\/\/www.melehk.com\" target=\"_blank\" rel=\"noopener\">http:\/\/www.melehk.com<\/a><\/p>\n<h2><span class=\"ez-toc-section\" id=\"2_Move_One\"><\/span><strong>2. Siirr\u00e4 yksi<\/strong><span class=\"ez-toc-section-end\"><\/span><\/h2>\n<p><img loading=\"lazy\" decoding=\"async\" class=\"alignnone size-full wp-image-5974\" src=\"https:\/\/moverdb.com\/wp-content\/uploads\/Move-One-Ethiopia-international-moving-company.png\" alt=\"Move One Etiopia kansainv\u00e4linen muuttofirma\" width=\"1440\" height=\"667\" data-wp-pid=\"5974\" srcset=\"https:\/\/moverdb.com\/wp-content\/uploads\/Move-One-Ethiopia-international-moving-company.png 1440w, https:\/\/moverdb.com\/wp-content\/uploads\/Move-One-Ethiopia-international-moving-company-300x139.png 300w, https:\/\/moverdb.com\/wp-content\/uploads\/Move-One-Ethiopia-international-moving-company-1024x474.png 1024w, https:\/\/moverdb.com\/wp-content\/uploads\/Move-One-Ethiopia-international-moving-company-18x8.png 18w, https:\/\/moverdb.com\/wp-content\/uploads\/Move-One-Ethiopia-international-moving-company-600x278.png 600w\" sizes=\"auto, (max-width: 1440px) 100vw, 1440px\" \/><\/p>\n<ul>\n<li>Kansalliset siirrot<\/li>\n<li>Kansainv\u00e4liset siirrot<\/li>\n<li>Kotitalouksien muutot<\/li>\n<li>Kaupalliset siirrot<\/li>\n<li>Pakkauspalvelu<\/li>\n<li>Maa-, meri- ja lentorahdit<\/li>\n<li>Tulliv\u00e4litys<\/li>\n<li>Viisumi- ja maahanmuuttopalvelut<\/li>\n<li>Lemmikkiel\u00e4inten kuljetus<\/li>\n<li>Turvallinen varastointi<\/li>\n<\/ul>\n<p>Move One on vuonna 1992 perustettu kansainv\u00e4linen muuttofirma, jolla on toimistoja Euroopassa, Afrikassa ja Aasiassa, mukaan lukien toimisto Etiopiassa Addis Abebassa. Se tekee yhteisty\u00f6t\u00e4 kansainv\u00e4listen kumppaneiden kanssa muutoissa toiminta-alueidensa ulkopuolella. Se on IAM:n j\u00e4sen, ja se on toiminut Etiopiassa 8 vuotta.<\/p>\n<p>Move One palvelee useita eri aloja, kuten kaupallista v\u00e4hitt\u00e4iskauppaa, diplomaattiyhteis\u00f6\u00e4, paikallishallinnon laitoksia ja ulkomaisia urakoitsijoita. Se tarjoaa vientipakkauksia tavaroiden suojaamiseksi ja j\u00e4rjest\u00e4\u00e4 maa-, ilma- ja merikuljetukset sek\u00e4 tulliv\u00e4lityksen. He tarjoavat my\u00f6s lis\u00e4palveluita, kuten apua viisumi- ja maahanmuuttopalveluissa sek\u00e4 lemmikkiel\u00e4inten kuljetusta.<\/p>\n<p>Verkkosivusto: <a href=\"http:\/\/www.moveoneinc.com\/ethiopia\" target=\"_blank\" rel=\"noopener\">http:\/\/www.moveoneinc.com\/ethiopia<\/a><\/p>\n<h2><span class=\"ez-toc-section\" id=\"3_Panafric_Global\"><\/span><strong>3. Panafric Global<\/strong><span class=\"ez-toc-section-end\"><\/span><\/h2>\n<p><img loading=\"lazy\" decoding=\"async\" class=\"alignnone size-full wp-image-5990\" src=\"https:\/\/moverdb.com\/wp-content\/uploads\/Panafric-Global-international-moving-company.png\" alt=\"Panafric Global kansainv\u00e4linen muuttoyhti\u00f6\" width=\"1440\" height=\"674\" data-wp-pid=\"5990\" srcset=\"https:\/\/moverdb.com\/wp-content\/uploads\/Panafric-Global-international-moving-company.png 1440w, https:\/\/moverdb.com\/wp-content\/uploads\/Panafric-Global-international-moving-company-300x140.png 300w, https:\/\/moverdb.com\/wp-content\/uploads\/Panafric-Global-international-moving-company-1024x479.png 1024w, https:\/\/moverdb.com\/wp-content\/uploads\/Panafric-Global-international-moving-company-18x8.png 18w, https:\/\/moverdb.com\/wp-content\/uploads\/Panafric-Global-international-moving-company-600x281.png 600w\" sizes=\"auto, (max-width: 1440px) 100vw, 1440px\" \/><\/p>\n<ul>\n<li>Kansainv\u00e4liset siirrot<\/li>\n<li>Kotitalouksien muutot<\/li>\n<li>Kaupalliset hankkeet<\/li>\n<li>Siirtopalvelu<\/li>\n<li>End-to-end-ratkaisu<\/li>\n<li>Maa-, meri- ja lentorahdit<\/li>\n<li>Tulli- ja asiakirjatuki<\/li>\n<li>Avustaminen kotiutumisessa<\/li>\n<li>Rahtivakuutus<\/li>\n<li>Varastointiratkaisut<\/li>\n<\/ul>\n<p>Panafric Global on multimodaalinen kuljetus- ja logistiikkayritys, joka perustettiin vuonna 1993 Addisissa ja jolla on viisi toimipistett\u00e4 lentoasemalla, Kalityss\u00e4, Adamassa, Hawassassa ja New Yorkissa. <a href=\"https:\/\/moverdb.com\/fi\/moving-companies\/moving-companies-djibouti\/\" data-internallinksmanager029f6b8e52c=\"220\" title=\"Parhaat kansainv\u00e4liset muuttofirmat Djiboutissa\">Djibouti<\/a>. He tarjoavat muutto- ja siirtopalveluja Etiopiassa, Etiopiaan ja Etiopiasta. He ovat IAM:n j\u00e4sen 29 vuoden ajan.<\/p>\n<p>Panafric Global tarjoaa ovelta ovelle -palvelua kaikkialle maailmaan. Tarjolla on maa-, ilma- ja merikuljetuksia sek\u00e4 tukipalveluja, jotka auttavat tullien ja asiakirjojen kanssa. He tarjoavat muuttopalveluja, jotka auttavat kotiutumisessa, kuten koulujen l\u00f6yt\u00e4misess\u00e4, ajoneuvojen hankkimisessa sek\u00e4 yleishy\u00f6dyllisten palvelujen ja vakuutusten j\u00e4rjest\u00e4misess\u00e4.<\/p>\n<p>Verkkosivusto: <a href=\"http:\/\/www.panafricglobal.com\" target=\"_blank\" rel=\"noopener\">http:\/\/www.panafricglobal.com<\/a><\/p>\n<h2><span class=\"ez-toc-section\" id=\"4_Segon_Marill_Movers\"><\/span><strong>4. Segon Marill Movers<\/strong><span class=\"ez-toc-section-end\"><\/span><\/h2>\n<p><img loading=\"lazy\" decoding=\"async\" class=\"alignnone size-full wp-image-6002\" src=\"https:\/\/moverdb.com\/wp-content\/uploads\/Segon-Marill-Movers-international-moving-company.png\" alt=\"Segon Marill Movers kansainv\u00e4linen muuttofirma\" width=\"1440\" height=\"681\" data-wp-pid=\"6002\" srcset=\"https:\/\/moverdb.com\/wp-content\/uploads\/Segon-Marill-Movers-international-moving-company.png 1440w, https:\/\/moverdb.com\/wp-content\/uploads\/Segon-Marill-Movers-international-moving-company-300x142.png 300w, https:\/\/moverdb.com\/wp-content\/uploads\/Segon-Marill-Movers-international-moving-company-1024x484.png 1024w, https:\/\/moverdb.com\/wp-content\/uploads\/Segon-Marill-Movers-international-moving-company-18x9.png 18w, https:\/\/moverdb.com\/wp-content\/uploads\/Segon-Marill-Movers-international-moving-company-600x284.png 600w\" sizes=\"auto, (max-width: 1440px) 100vw, 1440px\" \/><\/p>\n<ul>\n<li>Kansalliset siirrot<\/li>\n<li>Kansainv\u00e4liset siirrot<\/li>\n<li>Kotitalouksien muutot<\/li>\n<li>Yrityssiirrot<\/li>\n<li>Siirtopalvelu<\/li>\n<li>Pakkauspalvelu<\/li>\n<li>Maa-, meri- ja ilmakuljetukset<\/li>\n<li>Asettautumispalvelut<\/li>\n<li>Asunto- ja kouluhaut<\/li>\n<li>Turvallinen varastointi<\/li>\n<\/ul>\n<p>Segon Marill Movers on 21 vuotta sitten perustettu kansainv\u00e4linen muutto- ja varastointiyritys. Se toimii yhteisty\u00f6ss\u00e4 50 kumppanin kanssa tarjotakseen maailmanlaajuisia palvelujaan. He ovat IAM:n j\u00e4sen 31 vuoden ajan.<\/p>\n<p>Segon Marill Movers tarjoaa yksil\u00f6llist\u00e4 muuttopalvelua ja pakkauspalvelua, jossa k\u00e4ytet\u00e4\u00e4n korkealaatuisia tekniikoita ja materiaaleja omaisuutesi suojaamiseksi. He j\u00e4rjest\u00e4v\u00e4t kuljetuksen maitse, meritse tai ilmateitse ja k\u00e4ytt\u00e4v\u00e4t tarvittaessa yhteisty\u00f6kumppaneiden apua. Heid\u00e4n muuttopalvelunsa auttavat sinua asettumaan uuteen maahan, mik\u00e4 sis\u00e4lt\u00e4\u00e4 tutustumiskierroksen, apua asunnon ja koulun etsimisess\u00e4 sek\u00e4 tukea l\u00e4ht\u00f6palveluissa.<\/p>\n<p>Verkkosivusto: <a href=\"http:\/\/www.segon-marill.com\" target=\"_blank\" rel=\"noopener\">http:\/\/www.segon-marill.com<\/a><\/p>\n<h2><span class=\"ez-toc-section\" id=\"5_Solomon_Zewdu_Shipping_and_Freight_Forwarding\"><\/span><strong>5. Solomon Zewdu Shipping and Freight Forwarding (merenkulku ja huolinta)<\/strong><span class=\"ez-toc-section-end\"><\/span><\/h2>\n<p><img loading=\"lazy\" decoding=\"async\" class=\"alignnone size-full wp-image-6047\" src=\"https:\/\/moverdb.com\/wp-content\/uploads\/Solomon-Zewdu-international-moving-company.png\" alt=\"Solomon Zewdu kansainv\u00e4linen muuttoliikeyritys\" width=\"1440\" height=\"682\" data-wp-pid=\"6047\" srcset=\"https:\/\/moverdb.com\/wp-content\/uploads\/Solomon-Zewdu-international-moving-company.png 1440w, https:\/\/moverdb.com\/wp-content\/uploads\/Solomon-Zewdu-international-moving-company-300x142.png 300w, https:\/\/moverdb.com\/wp-content\/uploads\/Solomon-Zewdu-international-moving-company-1024x485.png 1024w, https:\/\/moverdb.com\/wp-content\/uploads\/Solomon-Zewdu-international-moving-company-18x9.png 18w, https:\/\/moverdb.com\/wp-content\/uploads\/Solomon-Zewdu-international-moving-company-600x284.png 600w\" sizes=\"auto, (max-width: 1440px) 100vw, 1440px\" \/><\/p>\n<ul>\n<li>Paikalliset ja kansalliset siirrot<\/li>\n<li>Kansainv\u00e4liset siirrot<\/li>\n<li>Kotitalouksien muutot<\/li>\n<li>Toimiston siirrot<\/li>\n<li>Ovelta ovelle -palvelu<\/li>\n<li>Pakkauspalvelu<\/li>\n<li>Maa-, meri- ja ilmakuljetukset<\/li>\n<li>Tulliselvitys<\/li>\n<li>Ajoneuvojen kuljetus<\/li>\n<li>Varastointitilat<\/li>\n<\/ul>\n<p>Solomon Zewdu Shipping and Freight Forwarding on muutto-, rahti- ja huolintayhti\u00f6, jolla on yli 20 vuoden kokemus muuttopalvelujen tarjoamisesta. He ty\u00f6skentelev\u00e4t ulkomaisten kumppaneiden kanssa toimittaakseen muuttoja kansainv\u00e4lisesti. He ovat IAM:n j\u00e4sen, ja heill\u00e4 on 22 vuoden kokemus.<\/p>\n<p>Solomon Zewdu Shipping and Freight Forwarding tarjoaa kotitalouksille ja toimistoille ovelta ovelle -muutto- ja siirtopalveluja. Se tarjoaa pakkaus- ja purkamispalvelua tavaroittenne suojaamiseksi ja j\u00e4rjest\u00e4\u00e4 kuljetuspalveluja maalla k\u00e4ytt\u00e4en omaa laivastoaan, meritse tai ilmateitse tulliselvityksineen. He voivat my\u00f6s auttaa ajoneuvojen kuljetuksessa ja varastoinnissa.<\/p>\n<p>Verkkosivusto: <a href=\"http:\/\/www.solomontransit.com\" target=\"_blank\" rel=\"noopener\">http:\/\/www.solomontransit.com<\/a><\/p>","protected":false},"excerpt":{"rendered":"<p>Moving is a busy and stressful time especially if you are moving between countries so getting some support from a moving company can help. Moving companies can assist with navigating the paperwork and arranging transportation. Below we have compiled a list of Ethiopian removal companies that are members of the International Association of Movers (IAM) [&hellip;]<\/p>\n","protected":false},"author":4,"featured_media":0,"parent":190,"menu_order":0,"comment_status":"closed","ping_status":"closed","template":"","meta":{"_genesis_hide_title":false,"_genesis_hide_breadcrumbs":false,"_genesis_hide_singular_image":false,"_genesis_hide_footer_widgets":false,"_genesis_custom_body_class":"","_genesis_custom_post_class":"","_genesis_layout":"","footnotes":""},"class_list":{"0":"post-6046","1":"page","2":"type-page","3":"status-publish","5":"entry","6":"has-post-thumbnail"},"_links":{"self":[{"href":"https:\/\/moverdb.com\/fi\/wp-json\/wp\/v2\/pages\/6046","targetHints":{"allow":["GET"]}}],"collection":[{"href":"https:\/\/moverdb.com\/fi\/wp-json\/wp\/v2\/pages"}],"about":[{"href":"https:\/\/moverdb.com\/fi\/wp-json\/wp\/v2\/types\/page"}],"author":[{"embeddable":true,"href":"https:\/\/moverdb.com\/fi\/wp-json\/wp\/v2\/users\/4"}],"replies":[{"embeddable":true,"href":"https:\/\/moverdb.com\/fi\/wp-json\/wp\/v2\/comments?post=6046"}],"version-history":[{"count":1,"href":"https:\/\/moverdb.com\/fi\/wp-json\/wp\/v2\/pages\/6046\/revisions"}],"predecessor-version":[{"id":6048,"href":"https:\/\/moverdb.com\/fi\/wp-json\/wp\/v2\/pages\/6046\/revisions\/6048"}],"up":[{"embeddable":true,"href":"https:\/\/moverdb.com\/fi\/wp-json\/wp\/v2\/pages\/190"}],"wp:attachment":[{"href":"https:\/\/moverdb.com\/fi\/wp-json\/wp\/v2\/media?parent=6046"}],"curies":[{"name":"wp","href":"https:\/\/api.w.org\/{rel}","templated":true}]}}