{"id":6043,"date":"2023-02-01T13:40:56","date_gmt":"2023-02-01T13:40:56","guid":{"rendered":"https:\/\/moverdb.com\/?page_id=6043"},"modified":"2026-01-08T15:24:40","modified_gmt":"2026-01-08T15:24:40","slug":"moving-companies-estonia","status":"publish","type":"page","link":"https:\/\/moverdb.com\/fi\/moving-companies\/moving-companies-estonia\/","title":{"rendered":"4 parasta kansainv\u00e4list\u00e4 muuttofirmaa Virossa"},"content":{"rendered":"<p>Muutto voi olla stressaavaa aikaa, olipa kyse sitten kodin tai yrityksen muutosta. Monet ihmiset k\u00e4ytt\u00e4v\u00e4t <a href=\"https:\/\/moverdb.com\/fi\/moving-companies\/\" data-internallinksmanager029f6b8e52c=\"79\" title=\"Top 25 Kansainv\u00e4list\u00e4 muuttoyrityksi\u00e4 verkossa\">muuttofirma<\/a> sill\u00e4 he voivat siirt\u00e4\u00e4 tavarasi turvallisesti ja v\u00e4hent\u00e4\u00e4 muuton aiheuttamaa stressi\u00e4. Olemme koonneet alla olevan luettelon virolaisista <a href=\"https:\/\/moverdb.com\/fi\/international-removals\/\" data-internallinksmanager029f6b8e52c=\"27\" title=\"36 Parhaat kansainv\u00e4liset muuttoyritykset Yhdistyneess\u00e4 kuningaskunnassa\">muuttofirmat<\/a> jotka ovat j\u00e4seni\u00e4 <a href=\"https:\/\/moverdb.com\/fi\/iam\/\" data-internallinksmanager029f6b8e52c=\"23\" title=\"Kansainv\u00e4linen muuttajien liitto (IAM) selitetty\">Kansainv\u00e4linen muuttajien liitto<\/a> (IAM) ja\/tai <a href=\"https:\/\/moverdb.com\/fi\/fidi-faim\/\" data-internallinksmanager029f6b8e52c=\"16\" title=\"FIDI &amp; FAIM (FIDI Accredited International Mover) selitettyin\u00e4\">FIDI<\/a> Accredited International Mover (FAIM), joka voi auttaa muutossasi.<\/p>\n<div id=\"ez-toc-container\" class=\"ez-toc-v2_0_82_2 ez-toc-wrap-left counter-hierarchy ez-toc-counter ez-toc-transparent ez-toc-container-direction\">\n<div class=\"ez-toc-title-container\">\n<p class=\"ez-toc-title\" style=\"cursor:inherit\">Jaksot<\/p>\n<span class=\"ez-toc-title-toggle\"><a href=\"#\" class=\"ez-toc-pull-right ez-toc-btn ez-toc-btn-xs ez-toc-btn-default ez-toc-toggle\" aria-label=\"Sis\u00e4llysluettelon vaihtaminen\"><span class=\"ez-toc-js-icon-con\"><span class=\"\"><span class=\"eztoc-hide\" style=\"display:none;\">Toggle<\/span><span class=\"ez-toc-icon-toggle-span\"><svg style=\"fill: #999;color:#999\" xmlns=\"http:\/\/www.w3.org\/2000\/svg\" class=\"list-377408\" width=\"20px\" height=\"20px\" viewbox=\"0 0 24 24\" fill=\"none\"><path d=\"M6 6H4v2h2V6zm14 0H8v2h12V6zM4 11h2v2H4v-2zm16 0H8v2h12v-2zM4 16h2v2H4v-2zm16 0H8v2h12v-2z\" fill=\"currentColor\"><\/path><\/svg><svg style=\"fill: #999;color:#999\" class=\"arrow-unsorted-368013\" xmlns=\"http:\/\/www.w3.org\/2000\/svg\" width=\"10px\" height=\"10px\" viewbox=\"0 0 24 24\" version=\"1.2\" baseprofile=\"tiny\"><path d=\"M18.2 9.3l-6.2-6.3-6.2 6.3c-.2.2-.3.4-.3.7s.1.5.3.7c.2.2.4.3.7.3h11c.3 0 .5-.1.7-.3.2-.2.3-.5.3-.7s-.1-.5-.3-.7zM5.8 14.7l6.2 6.3 6.2-6.3c.2-.2.3-.5.3-.7s-.1-.5-.3-.7c-.2-.2-.4-.3-.7-.3h-11c-.3 0-.5.1-.7.3-.2.2-.3.5-.3.7s.1.5.3.7z\"\/><\/svg><\/span><\/span><\/span><\/a><\/span><\/div>\n<nav><ul class='ez-toc-list ez-toc-list-level-1 eztoc-toggle-hide-by-default' ><li class='ez-toc-page-1 ez-toc-heading-level-2'><a class=\"ez-toc-link ez-toc-heading-1\" href=\"https:\/\/moverdb.com\/fi\/moving-companies\/moving-companies-estonia\/#1_Adduco\" >1. Adduco<\/a><\/li><li class='ez-toc-page-1 ez-toc-heading-level-2'><a class=\"ez-toc-link ez-toc-heading-2\" href=\"https:\/\/moverdb.com\/fi\/moving-companies\/moving-companies-estonia\/#2_AVA_Express\" >2. AVA Express<\/a><\/li><li class='ez-toc-page-1 ez-toc-heading-level-2'><a class=\"ez-toc-link ez-toc-heading-3\" href=\"https:\/\/moverdb.com\/fi\/moving-companies\/moving-companies-estonia\/#3_MoveMaster\" >3. MoveMaster<\/a><\/li><li class='ez-toc-page-1 ez-toc-heading-level-2'><a class=\"ez-toc-link ez-toc-heading-4\" href=\"https:\/\/moverdb.com\/fi\/moving-companies\/moving-companies-estonia\/#4_KLG_Estonia\" >4. KLG Viro<\/a><\/li><li class='ez-toc-page-1 ez-toc-heading-level-2'><a class=\"ez-toc-link ez-toc-heading-5\" href=\"https:\/\/moverdb.com\/fi\/moving-companies\/moving-companies-estonia\/#Other_Useful_Guides_to_Estonia\" >Muita hy\u00f6dyllisi\u00e4 oppaita Viroon<\/a><\/li><\/ul><\/nav><\/div>\n<h2><span class=\"ez-toc-section\" id=\"1_Adduco\"><\/span><strong>1. Adduco<\/strong><span class=\"ez-toc-section-end\"><\/span><\/h2>\n<p><img loading=\"lazy\" decoding=\"async\" class=\"alignnone size-full wp-image-6044\" src=\"https:\/\/moverdb.com\/wp-content\/uploads\/Adduco-international-moving-company.png\" alt=\"Adduco kansainv\u00e4linen muuttofirma\" width=\"1440\" height=\"629\" data-wp-pid=\"6044\" srcset=\"https:\/\/moverdb.com\/wp-content\/uploads\/Adduco-international-moving-company.png 1440w, https:\/\/moverdb.com\/wp-content\/uploads\/Adduco-international-moving-company-300x131.png 300w, https:\/\/moverdb.com\/wp-content\/uploads\/Adduco-international-moving-company-1024x447.png 1024w, https:\/\/moverdb.com\/wp-content\/uploads\/Adduco-international-moving-company-18x8.png 18w, https:\/\/moverdb.com\/wp-content\/uploads\/Adduco-international-moving-company-600x262.png 600w\" sizes=\"auto, (max-width: 1440px) 100vw, 1440px\" \/><\/p>\n<ul>\n<li>Raskaiden esineiden liikkuminen<\/li>\n<li>Kansainv\u00e4liset siirrot<\/li>\n<li>Kotitalouksien muutot<\/li>\n<li>Liiketoiminnan siirrot<\/li>\n<li>Pakkauspalvelu<\/li>\n<li>Suunnittele matkasuunnitelma ja kuljetus<\/li>\n<li>Tukea asiakirjojen avulla<\/li>\n<li>Taidekuljetukset<\/li>\n<li>Vakuutus<\/li>\n<li>Varastointiratkaisut<\/li>\n<\/ul>\n<p>Adduco on muuttopalveluyritys, joka on auttanut ihmisi\u00e4 muuttamaan vuodesta 2006 l\u00e4htien, ja sill\u00e4 on toimistot Tallinnassa ja Tartossa. Adduco on IAM:n j\u00e4sen, jolla on 16 vuoden kokemus, mik\u00e4 antaa heille p\u00e4\u00e4syn kansainv\u00e4liseen muuttovirkailijoiden verkostoon, joka auttaa maailmanlaajuisissa muutoissa.<\/p>\n<p>Adduco tarjoaa muuttopalvelua, joka sis\u00e4lt\u00e4\u00e4 my\u00f6s romunpoistopalvelun, joka auttaa sinua v\u00e4hent\u00e4m\u00e4\u00e4n muuttoon mukaan otettavien tavaroiden m\u00e4\u00e4r\u00e4\u00e4. He hoitavat muuttosi huolellisesti, suunnittelevat matkasuunnitelmasi ja valmistelevat tarvittavat asiakirjat ja vakuutukset. He my\u00f6s pakkaavat tavarasi turvallisesti ja kuljettavat ne ennen niiden purkamista m\u00e4\u00e4r\u00e4np\u00e4\u00e4ss\u00e4si.<\/p>\n<p>Verkkosivusto: <a href=\"https:\/\/adduco.ee\/en\/\" target=\"_blank\" rel=\"noopener\">https:\/\/adduco.ee\/en\/<\/a><\/p>\n<h2><span class=\"ez-toc-section\" id=\"2_AVA_Express\"><\/span><strong>2. AVA Express<\/strong><span class=\"ez-toc-section-end\"><\/span><\/h2>\n<p><img loading=\"lazy\" decoding=\"async\" class=\"alignnone size-full wp-image-5928\" src=\"https:\/\/moverdb.com\/wp-content\/uploads\/AVA-Express-international-moving-company.png\" alt=\"AVA Express kansainv\u00e4linen muuttofirma\" width=\"1440\" height=\"712\" data-wp-pid=\"5928\" srcset=\"https:\/\/moverdb.com\/wp-content\/uploads\/AVA-Express-international-moving-company.png 1440w, https:\/\/moverdb.com\/wp-content\/uploads\/AVA-Express-international-moving-company-300x148.png 300w, https:\/\/moverdb.com\/wp-content\/uploads\/AVA-Express-international-moving-company-1024x506.png 1024w, https:\/\/moverdb.com\/wp-content\/uploads\/AVA-Express-international-moving-company-18x9.png 18w, https:\/\/moverdb.com\/wp-content\/uploads\/AVA-Express-international-moving-company-600x297.png 600w\" sizes=\"auto, (max-width: 1440px) 100vw, 1440px\" \/><\/p>\n<ul>\n<li>Kansalliset siirrot<\/li>\n<li>Kansainv\u00e4liset siirrot<\/li>\n<li>Kotitalouksien muutot<\/li>\n<li>Toimiston muutot<\/li>\n<li>Erikoiskuljetukset ja -laitteet<\/li>\n<li>Pakkauspalvelut<\/li>\n<li>Kuljetusj\u00e4rjestelyt<\/li>\n<li>Raskaiden esineiden siirt\u00e4minen<\/li>\n<li>Taiteen kuljetus<\/li>\n<li>V\u00e4liaikaiset varastointiratkaisut<\/li>\n<\/ul>\n<p>AVA Express on virolainen muuttofirma, jolla on yli 20 vuoden kokemus kotitalouksien ja toimistojen muutoista. Yritys tekee yhteisty\u00f6t\u00e4 kansainv\u00e4listen muuttoagenttien kanssa tarjotakseen maailmanlaajuisia muuttoja, ja se on IAM:n j\u00e4sen. Yrityksell\u00e4 on oma maantiekalusto, jolla se voi suorittaa muuttoja seuraavissa maissa. <a href=\"https:\/\/moverdb.com\/fi\/moving-to-estonia\/\" data-internallinksmanager029f6b8e52c=\"430\" title=\"Muutatko Viroon? 2023 Elinkustannukset ja muuttovinkit\">Viro<\/a>.<\/p>\n<p>AVA Express tarjoaa kotitalouksille ja yrityksille henkil\u00f6kohtaisen tarjouksen muuttopalveluista. Se tarjoaa kaikki pakkausmateriaalit muuttoa varten ja pakkaa tarvittaessa tavarasi puolestasi. Se j\u00e4rjest\u00e4\u00e4 tavarasi, mukaan lukien taideteokset ja raskaat esineet, turvallisen kuljetuksen m\u00e4\u00e4r\u00e4np\u00e4\u00e4h\u00e4si Virossa tai kansainv\u00e4lisesti.<\/p>\n<p>Verkkosivusto: <a href=\"http:\/\/www.ava.ee\" target=\"_blank\" rel=\"noopener\">http:\/\/www.ava.ee<\/a><\/p>\n<h2><span class=\"ez-toc-section\" id=\"3_MoveMaster\"><\/span><strong>3. MoveMaster<\/strong><span class=\"ez-toc-section-end\"><\/span><\/h2>\n<p><img loading=\"lazy\" decoding=\"async\" class=\"alignnone size-full wp-image-5976\" src=\"https:\/\/moverdb.com\/wp-content\/uploads\/MoveMaster-international-moving-company.png\" alt=\"MoveMaster kansainv\u00e4linen muuttofirma\" width=\"1440\" height=\"713\" data-wp-pid=\"5976\" srcset=\"https:\/\/moverdb.com\/wp-content\/uploads\/MoveMaster-international-moving-company.png 1440w, https:\/\/moverdb.com\/wp-content\/uploads\/MoveMaster-international-moving-company-300x149.png 300w, https:\/\/moverdb.com\/wp-content\/uploads\/MoveMaster-international-moving-company-1024x507.png 1024w, https:\/\/moverdb.com\/wp-content\/uploads\/MoveMaster-international-moving-company-18x9.png 18w, https:\/\/moverdb.com\/wp-content\/uploads\/MoveMaster-international-moving-company-600x297.png 600w\" sizes=\"auto, (max-width: 1440px) 100vw, 1440px\" \/><\/p>\n<ul>\n<li>Paikalliset ja kansalliset siirrot<\/li>\n<li>Kansainv\u00e4liset siirrot<\/li>\n<li>Asuntojen muutot<\/li>\n<li>Yrityksen siirrot<\/li>\n<li>Yksil\u00f6llinen l\u00e4hestymistapa<\/li>\n<li>Pakkauspalvelu<\/li>\n<li>Maa-, meri- ja ilmakuljetukset<\/li>\n<li>Taide-esineiden kuljetus<\/li>\n<li>Vakuutus<\/li>\n<li>Varastointitilat<\/li>\n<\/ul>\n<p>MoveMaster on Tallinnassa sijaitseva virolainen muuttofirma, jolla on 39 vuoden kokemus tuhansista muutoista 147 maassa. Se tekee yhteisty\u00f6t\u00e4 suurimmissa kaupungeissa sijaitsevien yhteisty\u00f6kumppaneiden kanssa auttaakseen muutoissa oman alueensa ulkopuolelle, ja se on IAM:n j\u00e4sen.<\/p>\n<p>MoveMaster tarjoaa yksil\u00f6llist\u00e4 l\u00e4hestymistapaa muuttopalveluihinsa, joka sis\u00e4lt\u00e4\u00e4 muuttoa edelt\u00e4v\u00e4n tarkastuksen Tallinnassa sopivimman muuttosuunnitelman laatimiseksi. He tarjoavat pakkauspalvelun, jossa k\u00e4ytet\u00e4\u00e4n korkealaatuisia pakkausmateriaaleja tavarasi suojaamiseksi, huonekalujen purkamiseksi ja niiden kokoamiseksi uudelleen saapuessasi. He j\u00e4rjest\u00e4v\u00e4t maa-, meri- ja ilmakuljetukset sek\u00e4 avustavat tulli-ilmoituksissa ja vakuutuksissa.<\/p>\n<p>Verkkosivusto: <a href=\"http:\/\/www.movemaster.ee\" target=\"_blank\" rel=\"noopener\">http:\/\/www.movemaster.ee<\/a><\/p>\n<h2><span class=\"ez-toc-section\" id=\"4_KLG_Estonia\"><\/span><strong>4. KLG Viro<\/strong><span class=\"ez-toc-section-end\"><\/span><\/h2>\n<p><img loading=\"lazy\" decoding=\"async\" class=\"alignnone size-full wp-image-5964\" src=\"https:\/\/moverdb.com\/wp-content\/uploads\/KLG-Estonia-international-moving-company.png\" alt=\"KLG Viron kansainv\u00e4linen muuttofirma\" width=\"1440\" height=\"711\" data-wp-pid=\"5964\" srcset=\"https:\/\/moverdb.com\/wp-content\/uploads\/KLG-Estonia-international-moving-company.png 1440w, https:\/\/moverdb.com\/wp-content\/uploads\/KLG-Estonia-international-moving-company-300x148.png 300w, https:\/\/moverdb.com\/wp-content\/uploads\/KLG-Estonia-international-moving-company-1024x506.png 1024w, https:\/\/moverdb.com\/wp-content\/uploads\/KLG-Estonia-international-moving-company-18x9.png 18w, https:\/\/moverdb.com\/wp-content\/uploads\/KLG-Estonia-international-moving-company-600x296.png 600w\" sizes=\"auto, (max-width: 1440px) 100vw, 1440px\" \/><\/p>\n<ul>\n<li>Kansalliset siirrot<\/li>\n<li>Kansainv\u00e4liset siirrot<\/li>\n<li>Kotitalouksien muutot<\/li>\n<li>Pakkauspalvelu<\/li>\n<li>Rakenna mukautettuja puulaatikoita<\/li>\n<li>Maa-, ilma-, meri- ja rautatieliikenne<\/li>\n<li>Tullin tuki<\/li>\n<li>Taidekuljetukset<\/li>\n<li>Vakuutus<\/li>\n<li>Lyhyt- ja pitk\u00e4aikaisvarastot<\/li>\n<\/ul>\n<p>KLG Estonia on Tallinnassa sijaitseva logististen erikoisratkaisujen tarjoaja, joka on tarjonnut muuttopalveluja vuodesta 1994 l\u00e4htien. Heill\u00e4 on maailmanlaajuinen kumppaniverkosto, joka auttaa heit\u00e4 toimittamaan kansainv\u00e4lisi\u00e4 muuttoja. FIDI on akkreditoinut heid\u00e4t.<\/p>\n<p>KLG Estonia tarjoaa tarkastuksen ja konsultoinnin tarpeidesi arvioimiseksi. KLG tarjoaa ammattitaitoista pakkauspalvelua, joka suojaa omaisuuttasi, mukaan lukien r\u00e4\u00e4t\u00e4l\u00f6idyt puulaatikot, jotka sopivat kaikenlaiseen sis\u00e4lt\u00f6\u00f6n, mukaan lukien taideteokset ja tietotekniikkalaitteet. Se siirt\u00e4\u00e4 my\u00f6s suurempia tavaroita, kuten moottoripy\u00f6ri\u00e4 ja pianoja. He j\u00e4rjest\u00e4v\u00e4t maa-, ilma-, meri- ja rautatiekuljetukset ja auttavat tullivaatimusten t\u00e4ytt\u00e4misess\u00e4.<\/p>\n<p>Verkkosivusto: <a href=\"http:\/\/www.klg.ee\/\" target=\"_blank\" rel=\"noopener\">http:\/\/www.klg.ee\/<\/a><\/p>\n<h2><span class=\"ez-toc-section\" id=\"Other_Useful_Guides_to_Estonia\"><\/span>Muita hy\u00f6dyllisi\u00e4 oppaita Viroon<span class=\"ez-toc-section-end\"><\/span><\/h2>\n<ul>\n<li> <a href=\"https:\/\/moverdb.com\/fi\/moving-to-estonia\/\">Muutatko Viroon? 2023 Elinkustannukset ja muuttovinkit<\/a><\/li>\n<li> <a href=\"https:\/\/moverdb.com\/fi\/moving-to-estonia\/best-places-to-live-estonia\/\">12 parasta asuinpaikkaa Virossa<\/a><\/li>\n<li> <a href=\"https:\/\/moverdb.com\/fi\/konttikuljetukset\/viro\/\">2022 Merikuljetusten konttihinnat Viroon ja Virosta<\/a><\/li>\n<\/ul>","protected":false},"excerpt":{"rendered":"<p>Moving can be a stressful time, whether that is moving home or your business. Many people employ the services of a moving company as they can safely move your belongings and reduce the stress of your move. Below we have compiled a list of Estonian removal companies that are members of the International Association of [&hellip;]<\/p>\n","protected":false},"author":4,"featured_media":0,"parent":190,"menu_order":0,"comment_status":"closed","ping_status":"closed","template":"","meta":{"_genesis_hide_title":false,"_genesis_hide_breadcrumbs":false,"_genesis_hide_singular_image":false,"_genesis_hide_footer_widgets":false,"_genesis_custom_body_class":"","_genesis_custom_post_class":"","_genesis_layout":"","footnotes":""},"class_list":{"0":"post-6043","1":"page","2":"type-page","3":"status-publish","5":"entry","6":"has-post-thumbnail"},"_links":{"self":[{"href":"https:\/\/moverdb.com\/fi\/wp-json\/wp\/v2\/pages\/6043","targetHints":{"allow":["GET"]}}],"collection":[{"href":"https:\/\/moverdb.com\/fi\/wp-json\/wp\/v2\/pages"}],"about":[{"href":"https:\/\/moverdb.com\/fi\/wp-json\/wp\/v2\/types\/page"}],"author":[{"embeddable":true,"href":"https:\/\/moverdb.com\/fi\/wp-json\/wp\/v2\/users\/4"}],"replies":[{"embeddable":true,"href":"https:\/\/moverdb.com\/fi\/wp-json\/wp\/v2\/comments?post=6043"}],"version-history":[{"count":3,"href":"https:\/\/moverdb.com\/fi\/wp-json\/wp\/v2\/pages\/6043\/revisions"}],"predecessor-version":[{"id":16257,"href":"https:\/\/moverdb.com\/fi\/wp-json\/wp\/v2\/pages\/6043\/revisions\/16257"}],"up":[{"embeddable":true,"href":"https:\/\/moverdb.com\/fi\/wp-json\/wp\/v2\/pages\/190"}],"wp:attachment":[{"href":"https:\/\/moverdb.com\/fi\/wp-json\/wp\/v2\/media?parent=6043"}],"curies":[{"name":"wp","href":"https:\/\/api.w.org\/{rel}","templated":true}]}}