{"id":6040,"date":"2023-02-01T12:37:34","date_gmt":"2023-02-01T12:37:34","guid":{"rendered":"https:\/\/moverdb.com\/?page_id=6040"},"modified":"2026-01-08T15:24:14","modified_gmt":"2026-01-08T15:24:14","slug":"moving-companies-el-salvador","status":"publish","type":"page","link":"https:\/\/moverdb.com\/fi\/moving-companies\/moving-companies-el-salvador\/","title":{"rendered":"3 parasta kansainv\u00e4list\u00e4 muuttofirmaa El Salvadorissa"},"content":{"rendered":"<p>Suunnitteletko muuttoa El Salvadorissa, El Salvadoriin tai El Salvadorista? Silloin sinun kannattaa ehk\u00e4 ottaa palvelukseksesi <a href=\"https:\/\/moverdb.com\/fi\/moving-companies\/\" data-internallinksmanager029f6b8e52c=\"79\" title=\"Top 25 Kansainv\u00e4list\u00e4 muuttoyrityksi\u00e4 verkossa\">muuttofirma<\/a> auttamaan sinua ja ottamaan osan paineista pois. Alla on luettelo El Salvadorista. <a href=\"https:\/\/moverdb.com\/fi\/international-removals\/\" data-internallinksmanager029f6b8e52c=\"27\" title=\"36 Parhaat kansainv\u00e4liset muuttoyritykset Yhdistyneess\u00e4 kuningaskunnassa\">muuttofirmat<\/a> jotka ovat j\u00e4seni\u00e4 <a href=\"https:\/\/moverdb.com\/fi\/iam\/\" data-internallinksmanager029f6b8e52c=\"23\" title=\"Kansainv\u00e4linen muuttajien liitto (IAM) selitetty\">Kansainv\u00e4linen muuttajien liitto<\/a> (IAM) ja\/tai <a href=\"https:\/\/moverdb.com\/fi\/fidi-faim\/\" data-internallinksmanager029f6b8e52c=\"16\" title=\"FIDI &amp; FAIM (FIDI Accredited International Mover) selitettyin\u00e4\">FIDI<\/a> Accredited International Mover (FAIM), joka voi auttaa sinua muutossasi.<\/p>\n<h2><strong>1. Comca International<\/strong><\/h2>\n<ul>\n<li>Kansalliset siirrot<\/li>\n<li>Kansainv\u00e4liset siirrot<\/li>\n<li>Kotitalouksien muutot<\/li>\n<li>Kotona teht\u00e4v\u00e4 tarkastus<\/li>\n<li>Ammattimainen pakkauspalvelu<\/li>\n<li>Tie-, meri- ja ilmakuljetukset<\/li>\n<li>Tullin tuki<\/li>\n<li>Taideteosten pakkaukset<\/li>\n<li>Vakuutus<\/li>\n<li>Turvallinen varastointi<\/li>\n<\/ul>\n<p>Comca International on vuonna 1967 perustettu kuljetus- ja jakelulogistiikkaratkaisuja tarjoava yritys, joka tarjoaa kansallisia ja kansainv\u00e4lisi\u00e4 muuttopalveluja. Sill\u00e4 on strategisia liittoutumia kansainv\u00e4listen virastojen kanssa, jotta se voi toteuttaa kansainv\u00e4lisi\u00e4 muuttoja. Yritys on IAM:n j\u00e4sen, jolla on 55 vuoden kokemus.<\/p>\n<p>Comca International tarjoaa tarkastuksen ja arvion muutostasi varten sek\u00e4 neuvoja parhaasta kuljetustavasta. He tarjoavat ammattimaisia pakkauspalveluja, joissa k\u00e4ytet\u00e4\u00e4n parhaita materiaaleja ja laatikoita tai puulaatikoita, joissa on liimamuovia ja nauhoja, jotka suojaavat paremmin kuljetuksen aikana. He j\u00e4rjest\u00e4v\u00e4t kuljetuksen maantie-, meri- tai ilmakuljetuksen ja avustavat tulliasioissa.<\/p>\n<p>Verkkosivusto: <a href=\"http:\/\/www.comca.com.sv\" target=\"_blank\" rel=\"noopener\">http:\/\/www.comca.com.sv<\/a><\/p>\n<h2><strong>2. Mudanzas Suarez<\/strong><\/h2>\n<p><img loading=\"lazy\" decoding=\"async\" class=\"alignnone size-full wp-image-5982\" src=\"https:\/\/moverdb.com\/wp-content\/uploads\/Mudanzas-Suarez-international-moving-company.png\" alt=\"Mudanzas Suarez kansainv\u00e4linen muuttofirma\" width=\"1440\" height=\"712\" data-wp-pid=\"5982\" srcset=\"https:\/\/moverdb.com\/wp-content\/uploads\/Mudanzas-Suarez-international-moving-company.png 1440w, https:\/\/moverdb.com\/wp-content\/uploads\/Mudanzas-Suarez-international-moving-company-300x148.png 300w, https:\/\/moverdb.com\/wp-content\/uploads\/Mudanzas-Suarez-international-moving-company-1024x506.png 1024w, https:\/\/moverdb.com\/wp-content\/uploads\/Mudanzas-Suarez-international-moving-company-18x9.png 18w, https:\/\/moverdb.com\/wp-content\/uploads\/Mudanzas-Suarez-international-moving-company-600x297.png 600w\" sizes=\"auto, (max-width: 1440px) 100vw, 1440px\" \/><\/p>\n<ul>\n<li>Kansalliset muutot<\/li>\n<li>Kansainv\u00e4liset muutot<\/li>\n<li>Asuntojen muutot<\/li>\n<li>Liiketoiminnan siirrot<\/li>\n<li>Henkil\u00f6kohtainen palvelu<\/li>\n<li>Ovelta ovelle -palvelu<\/li>\n<li>Pakkauspalvelu<\/li>\n<li>R\u00e4\u00e4t\u00e4l\u00f6idyt puulaatikot<\/li>\n<li>Kuljetusvaihtoehtojen valinta<\/li>\n<li>ilmastoitu varastotila<\/li>\n<\/ul>\n<p>Mudanzas Suarez on vuonna 1958 perustettu logistiikka- ja muuttoyritys, joka sijaitsee Antiguo Cuscatlanissa. Yrityksell\u00e4 on laaja kansainv\u00e4listen edustajien verkosto, joka avustaa heit\u00e4 muutoissa ymp\u00e4ri maailmaa. Se on IAM:n j\u00e4sen, ja se on toiminut 54 vuotta.<\/p>\n<p>Mudanzas Suarez tarjoaa yksil\u00f6llist\u00e4 palvelua ja r\u00e4\u00e4t\u00e4l\u00f6ityj\u00e4 pakkausratkaisuja oman puusep\u00e4ntiimins\u00e4 avulla, joka rakentaa puisia laatikoita. He tarjoavat pakkauspalvelua, joka suojaa tavaroitasi kuljetuksen aikana. He tarjoavat erilaisia rahtivaihtoehtoja, mukaan lukien lentorahtia ja merirahtia, kuten yhdistetty\u00e4 rahtia.<\/p>\n<p>Verkkosivusto: <a href=\"http:\/\/suarez.com.sv\" target=\"_blank\" rel=\"noopener\">http:\/\/suarez.com.sv<\/a><\/p>\n<h2><strong>3. Mudisa El Salvador<\/strong><\/h2>\n<p><img loading=\"lazy\" decoding=\"async\" class=\"alignnone size-full wp-image-5983\" src=\"https:\/\/moverdb.com\/wp-content\/uploads\/Mudisa-international-moving-company.png\" alt=\"Mudisa kansainv\u00e4linen muuttoliikeyritys\" width=\"1440\" height=\"712\" data-wp-pid=\"5983\" srcset=\"https:\/\/moverdb.com\/wp-content\/uploads\/Mudisa-international-moving-company.png 1440w, https:\/\/moverdb.com\/wp-content\/uploads\/Mudisa-international-moving-company-300x148.png 300w, https:\/\/moverdb.com\/wp-content\/uploads\/Mudisa-international-moving-company-1024x506.png 1024w, https:\/\/moverdb.com\/wp-content\/uploads\/Mudisa-international-moving-company-18x9.png 18w, https:\/\/moverdb.com\/wp-content\/uploads\/Mudisa-international-moving-company-600x297.png 600w\" sizes=\"auto, (max-width: 1440px) 100vw, 1440px\" \/><\/p>\n<ul>\n<li>Kansalliset muutot<\/li>\n<li>Kansainv\u00e4liset muutot<\/li>\n<li>Kotitalouksien muutot<\/li>\n<li>Yrityssiirrot<\/li>\n<li>Muuttopalvelut<\/li>\n<li>Ovelta ovelle -palvelut<\/li>\n<li>Pakkaaminen, mukaan lukien r\u00e4\u00e4t\u00e4l\u00f6idyt laatikot ja laatikot<\/li>\n<li>Taideteosten kuljetus<\/li>\n<li>Ajoneuvojen kuljetus<\/li>\n<li>Turvalliset varastotilat<\/li>\n<\/ul>\n<p>Mudisa on vuonna 1963 San Salvadorissa perustettu muutto-, logistiikka- ja kappaletavara-alan yritys. Se tarjoaa ovelta ovelle -palvelua yhteisty\u00f6ss\u00e4 muiden kansainv\u00e4listen muuttoyritysten kanssa, ja sill\u00e4 on oma ajoneuvokalusto kansallisia muuttoja varten. Se on IAM:n j\u00e4sen, jolla on 45 vuoden kokemus.<\/p>\n<p>Mudisa tarjoaa muutto- ja siirtopalveluja kotitalouksille ja yrityksille. Mudisa tarjoaa palveluja nykyisiss\u00e4 ja uusissa tiloissasi, kuten pakkaamista ja purkamista, joka sis\u00e4lt\u00e4\u00e4 r\u00e4\u00e4t\u00e4l\u00f6ityj\u00e4 laatikoita ja laatikoita. Heid\u00e4n muuttopalveluihinsa kuuluvat maahanmuuttotuki, saapumispalvelut, kouluopastus, asuntohaku ja kotiutumispalvelut.<\/p>\n<p>Verkkosivusto: <a href=\"http:\/\/www.mudisa.com.sv\" target=\"_blank\" rel=\"noopener\">http:\/\/www.mudisa.com.sv<\/a><\/p>","protected":false},"excerpt":{"rendered":"<p>Are you planning on moving in El Salvador or to or from El Salvador? Then you may want to employ the services of a moving company to assist you and take some of the pressure off. Below we have compiled a list of El Salvador removal companies that are members of the International Association of [&hellip;]<\/p>\n","protected":false},"author":4,"featured_media":0,"parent":190,"menu_order":0,"comment_status":"closed","ping_status":"closed","template":"","meta":{"_genesis_hide_title":false,"_genesis_hide_breadcrumbs":false,"_genesis_hide_singular_image":false,"_genesis_hide_footer_widgets":false,"_genesis_custom_body_class":"","_genesis_custom_post_class":"","_genesis_layout":"","footnotes":""},"class_list":{"0":"post-6040","1":"page","2":"type-page","3":"status-publish","5":"entry","6":"has-post-thumbnail"},"_links":{"self":[{"href":"https:\/\/moverdb.com\/fi\/wp-json\/wp\/v2\/pages\/6040","targetHints":{"allow":["GET"]}}],"collection":[{"href":"https:\/\/moverdb.com\/fi\/wp-json\/wp\/v2\/pages"}],"about":[{"href":"https:\/\/moverdb.com\/fi\/wp-json\/wp\/v2\/types\/page"}],"author":[{"embeddable":true,"href":"https:\/\/moverdb.com\/fi\/wp-json\/wp\/v2\/users\/4"}],"replies":[{"embeddable":true,"href":"https:\/\/moverdb.com\/fi\/wp-json\/wp\/v2\/comments?post=6040"}],"version-history":[{"count":3,"href":"https:\/\/moverdb.com\/fi\/wp-json\/wp\/v2\/pages\/6040\/revisions"}],"predecessor-version":[{"id":6056,"href":"https:\/\/moverdb.com\/fi\/wp-json\/wp\/v2\/pages\/6040\/revisions\/6056"}],"up":[{"embeddable":true,"href":"https:\/\/moverdb.com\/fi\/wp-json\/wp\/v2\/pages\/190"}],"wp:attachment":[{"href":"https:\/\/moverdb.com\/fi\/wp-json\/wp\/v2\/media?parent=6040"}],"curies":[{"name":"wp","href":"https:\/\/api.w.org\/{rel}","templated":true}]}}