{"id":6036,"date":"2023-02-01T13:45:53","date_gmt":"2023-02-01T13:45:53","guid":{"rendered":"https:\/\/moverdb.com\/?page_id=6036"},"modified":"2026-01-08T15:29:19","modified_gmt":"2026-01-08T15:29:19","slug":"moving-companies-dominican-republic","status":"publish","type":"page","link":"https:\/\/moverdb.com\/fi\/moving-companies\/moving-companies-dominican-republic\/","title":{"rendered":"6 parasta kansainv\u00e4list\u00e4 muuttoliikett\u00e4 Dominikaanisessa tasavallassa"},"content":{"rendered":"<p>Jos olet muuttamassa kotiin tai siirt\u00e4m\u00e4ss\u00e4 yrityst\u00e4si Dominikaanisessa tasavallassa, Dominikaaniseen tasavaltaan tai Dominikaanisesta tasavallasta, saatat tarvita apua. Muutto- tai uudelleensijoitusyritys voi helpottaa muuttoa ja poistaa osan stressist\u00e4. Alla on luettelo Dominikaanisen tasavallan muuttofirmoista. <a href=\"https:\/\/moverdb.com\/fi\/international-removals\/\" data-internallinksmanager029f6b8e52c=\"27\" title=\"36 Parhaat kansainv\u00e4liset muuttoyritykset Yhdistyneess\u00e4 kuningaskunnassa\">muuttofirmat<\/a> jotka ovat j\u00e4seni\u00e4 <a href=\"https:\/\/moverdb.com\/fi\/iam\/\" data-internallinksmanager029f6b8e52c=\"23\" title=\"Kansainv\u00e4linen muuttajien liitto (IAM) selitetty\">Kansainv\u00e4linen muuttajien liitto<\/a> (IAM) ja\/tai <a href=\"https:\/\/moverdb.com\/fi\/fidi-faim\/\" data-internallinksmanager029f6b8e52c=\"16\" title=\"FIDI &amp; FAIM (FIDI Accredited International Mover) selitettyin\u00e4\">FIDI<\/a> Accredited International Mover (FAIM), joka voi auttaa sinua.<\/p>\n<div id=\"ez-toc-container\" class=\"ez-toc-v2_0_82_2 ez-toc-wrap-left counter-hierarchy ez-toc-counter ez-toc-transparent ez-toc-container-direction\">\n<div class=\"ez-toc-title-container\">\n<p class=\"ez-toc-title\" style=\"cursor:inherit\">Jaksot<\/p>\n<span class=\"ez-toc-title-toggle\"><a href=\"#\" class=\"ez-toc-pull-right ez-toc-btn ez-toc-btn-xs ez-toc-btn-default ez-toc-toggle\" aria-label=\"Sis\u00e4llysluettelon vaihtaminen\"><span class=\"ez-toc-js-icon-con\"><span class=\"\"><span class=\"eztoc-hide\" style=\"display:none;\">Toggle<\/span><span class=\"ez-toc-icon-toggle-span\"><svg style=\"fill: #999;color:#999\" xmlns=\"http:\/\/www.w3.org\/2000\/svg\" class=\"list-377408\" width=\"20px\" height=\"20px\" viewbox=\"0 0 24 24\" fill=\"none\"><path d=\"M6 6H4v2h2V6zm14 0H8v2h12V6zM4 11h2v2H4v-2zm16 0H8v2h12v-2zM4 16h2v2H4v-2zm16 0H8v2h12v-2z\" fill=\"currentColor\"><\/path><\/svg><svg style=\"fill: #999;color:#999\" class=\"arrow-unsorted-368013\" xmlns=\"http:\/\/www.w3.org\/2000\/svg\" width=\"10px\" height=\"10px\" viewbox=\"0 0 24 24\" version=\"1.2\" baseprofile=\"tiny\"><path d=\"M18.2 9.3l-6.2-6.3-6.2 6.3c-.2.2-.3.4-.3.7s.1.5.3.7c.2.2.4.3.7.3h11c.3 0 .5-.1.7-.3.2-.2.3-.5.3-.7s-.1-.5-.3-.7zM5.8 14.7l6.2 6.3 6.2-6.3c.2-.2.3-.5.3-.7s-.1-.5-.3-.7c-.2-.2-.4-.3-.7-.3h-11c-.3 0-.5.1-.7.3-.2.2-.3.5-.3.7s.1.5.3.7z\"\/><\/svg><\/span><\/span><\/span><\/a><\/span><\/div>\n<nav><ul class='ez-toc-list ez-toc-list-level-1 eztoc-toggle-hide-by-default' ><li class='ez-toc-page-1 ez-toc-heading-level-2'><a class=\"ez-toc-link ez-toc-heading-1\" href=\"https:\/\/moverdb.com\/fi\/moving-companies\/moving-companies-dominican-republic\/#1_International_Packers\" >1. Kansainv\u00e4liset pakkaajat<\/a><\/li><li class='ez-toc-page-1 ez-toc-heading-level-2'><a class=\"ez-toc-link ez-toc-heading-2\" href=\"https:\/\/moverdb.com\/fi\/moving-companies\/moving-companies-dominican-republic\/#2_Mega_Movers\" >2. Mega Movers<\/a><\/li><li class='ez-toc-page-1 ez-toc-heading-level-2'><a class=\"ez-toc-link ez-toc-heading-3\" href=\"https:\/\/moverdb.com\/fi\/moving-companies\/moving-companies-dominican-republic\/#3_Dominican_International_Moving\" >3. Dominikaaninen kansainv\u00e4linen muuttoliike<\/a><\/li><li class='ez-toc-page-1 ez-toc-heading-level-2'><a class=\"ez-toc-link ez-toc-heading-4\" href=\"https:\/\/moverdb.com\/fi\/moving-companies\/moving-companies-dominican-republic\/#4_Frank_Leo\" >4. Frank Leo<\/a><\/li><li class='ez-toc-page-1 ez-toc-heading-level-2'><a class=\"ez-toc-link ez-toc-heading-5\" href=\"https:\/\/moverdb.com\/fi\/moving-companies\/moving-companies-dominican-republic\/#5_L_G_International_Movers\" >5. L&amp;G International Movers<\/a><\/li><li class='ez-toc-page-1 ez-toc-heading-level-2'><a class=\"ez-toc-link ez-toc-heading-6\" href=\"https:\/\/moverdb.com\/fi\/moving-companies\/moving-companies-dominican-republic\/#6_Latino_Express\" >6. Latino Express<\/a><\/li><\/ul><\/nav><\/div>\n<h2><span class=\"ez-toc-section\" id=\"1_International_Packers\"><\/span><strong>1. Kansainv\u00e4liset pakkaajat<\/strong><span class=\"ez-toc-section-end\"><\/span><\/h2>\n<p><img loading=\"lazy\" decoding=\"async\" class=\"alignnone size-full wp-image-5961\" src=\"https:\/\/moverdb.com\/wp-content\/uploads\/International-Packers-international-moving-company.png\" alt=\"International Packers kansainv\u00e4linen muuttofirma\" width=\"1440\" height=\"683\" data-wp-pid=\"5961\" srcset=\"https:\/\/moverdb.com\/wp-content\/uploads\/International-Packers-international-moving-company.png 1440w, https:\/\/moverdb.com\/wp-content\/uploads\/International-Packers-international-moving-company-300x142.png 300w, https:\/\/moverdb.com\/wp-content\/uploads\/International-Packers-international-moving-company-1024x486.png 1024w, https:\/\/moverdb.com\/wp-content\/uploads\/International-Packers-international-moving-company-18x9.png 18w, https:\/\/moverdb.com\/wp-content\/uploads\/International-Packers-international-moving-company-600x285.png 600w\" sizes=\"auto, (max-width: 1440px) 100vw, 1440px\" \/><\/p>\n<ul>\n<li>Kansalliset siirrot<\/li>\n<li>Kansainv\u00e4liset siirrot<\/li>\n<li>Kotitalouksien muutot<\/li>\n<li>Yrityssiirrot<\/li>\n<li>Ammattimainen pakkauspalvelu<\/li>\n<li>Tullin tuki<\/li>\n<li>Taideteosten kuljetus<\/li>\n<li>Lemmikkiel\u00e4inten kuljetus<\/li>\n<li>Vakuutus<\/li>\n<li>Varastointitilat<\/li>\n<\/ul>\n<p>International Packers on Santo Domingossa sijaitseva muutto- ja varastointiyritys, joka perustettiin vuonna 1989. Se tarjoaa muutto- ja uudelleensijoituspalveluja, mukaan lukien taideteosten siirt\u00e4miseen, lemmikkiel\u00e4inten kuljetukseen ja huonekalujen vuokraukseen erikoistuneet palvelut. Se on IAM:n j\u00e4sen 33 vuoden palvelusaikana, ja se on FIDI:n akkreditoima.<\/p>\n<p>International Packers tarjoaa henkil\u00f6kohtaista palvelua kansallisiin ja kansainv\u00e4lisiin muuttoihin, joita tarjoavat kansainv\u00e4liset muuttoagentit eri puolilla maailmaa. He tarjoavat ovelta ovelle -palvelua, joka sis\u00e4lt\u00e4\u00e4 ammattimaisen pakkauspalvelun tavaroiden suojaamiseksi, ja he tarjoavat vakuutusturvaa. He tarjoavat my\u00f6s varastointimahdollisuuksia, jos tarvitset niit\u00e4.<\/p>\n<p>Verkkosivusto: <a href=\"http:\/\/www.internt-packers.com.do\" target=\"_blank\" rel=\"noopener\">http:\/\/www.internt-packers.com.do<\/a><\/p>\n<h2><span class=\"ez-toc-section\" id=\"2_Mega_Movers\"><\/span><strong>2. Mega Movers<\/strong><span class=\"ez-toc-section-end\"><\/span><\/h2>\n<p><img loading=\"lazy\" decoding=\"async\" class=\"alignnone size-full wp-image-5970\" src=\"https:\/\/moverdb.com\/wp-content\/uploads\/Mega-Movers-international-moving-company.png\" alt=\"Mega Movers kansainv\u00e4linen muuttofirma\" width=\"1440\" height=\"677\" data-wp-pid=\"5970\" srcset=\"https:\/\/moverdb.com\/wp-content\/uploads\/Mega-Movers-international-moving-company.png 1440w, https:\/\/moverdb.com\/wp-content\/uploads\/Mega-Movers-international-moving-company-300x141.png 300w, https:\/\/moverdb.com\/wp-content\/uploads\/Mega-Movers-international-moving-company-1024x481.png 1024w, https:\/\/moverdb.com\/wp-content\/uploads\/Mega-Movers-international-moving-company-18x8.png 18w, https:\/\/moverdb.com\/wp-content\/uploads\/Mega-Movers-international-moving-company-600x282.png 600w\" sizes=\"auto, (max-width: 1440px) 100vw, 1440px\" \/><\/p>\n<ul>\n<li>Kansalliset siirrot<\/li>\n<li>Kansainv\u00e4liset siirrot<\/li>\n<li>Kotitalouksien muutot<\/li>\n<li>Toimiston muutot<\/li>\n<li>Erikoistunut l\u00e4\u00e4ketieteellisten laitteiden siirt\u00e4miseen<\/li>\n<li>Pakkauspalvelut<\/li>\n<li>R\u00e4\u00e4t\u00e4l\u00f6idyt laatikot<\/li>\n<li>Erikoislaitteet<\/li>\n<li>Ylimitoitetut ja\/tai ylipainoiset tavarat<\/li>\n<li>Vakuutus<\/li>\n<\/ul>\n<p>Mega Movers on perheyritys, joka toimii Dominikaanisessa tasavallassa, Puerto Ricossa ja Karibialla. Se tarjoaa koneiden takilointia, avaimet k\u00e4teen -projekteja, ylisuuria\/ylipainoisia tavaroita ja kansainv\u00e4lisi\u00e4 kotitalousmuuttoja. Se tarjoaa my\u00f6s erikoistunutta palvelua l\u00e4\u00e4kinn\u00e4llisten laitteiden siirt\u00e4miseen Dominikaanisessa tasavallassa. Yritys on IAM:n j\u00e4sen, jolla on 3 vuoden toiminta-aika.<\/p>\n<p>Mega Movers tarjoaa yksil\u00f6llist\u00e4 palvelua, johon sis\u00e4ltyy sis\u00e4inen konsultointi ja neuvonta. Se tarjoaa kokeneita pakkaajia ja uusia pakkausmateriaaleja, kuten itse valmistamiaan r\u00e4\u00e4t\u00e4l\u00f6ityj\u00e4 laatikoita. He tekev\u00e4t my\u00f6s yhteisty\u00f6t\u00e4 yli 1 000 kansainv\u00e4lisen muuttoagentin kanssa eri puolilla maailmaa tarjotakseen palveluja yhdess\u00e4.<\/p>\n<p>Verkkosivusto: <a href=\"http:\/\/www.megamovers.co\" target=\"_blank\" rel=\"noopener\">http:\/\/www.megamovers.co<\/a><\/p>\n<h2><span class=\"ez-toc-section\" id=\"3_Dominican_International_Moving\"><\/span><strong>3. Dominikaaninen kansainv\u00e4linen muuttoliike<\/strong><span class=\"ez-toc-section-end\"><\/span><\/h2>\n<p><img loading=\"lazy\" decoding=\"async\" class=\"alignnone size-full wp-image-5939\" src=\"https:\/\/moverdb.com\/wp-content\/uploads\/Domincan-International-Moving-company.png\" alt=\"Domincan International Moving company\" width=\"1440\" height=\"672\" data-wp-pid=\"5939\" srcset=\"https:\/\/moverdb.com\/wp-content\/uploads\/Domincan-International-Moving-company.png 1440w, https:\/\/moverdb.com\/wp-content\/uploads\/Domincan-International-Moving-company-300x140.png 300w, https:\/\/moverdb.com\/wp-content\/uploads\/Domincan-International-Moving-company-1024x478.png 1024w, https:\/\/moverdb.com\/wp-content\/uploads\/Domincan-International-Moving-company-18x8.png 18w, https:\/\/moverdb.com\/wp-content\/uploads\/Domincan-International-Moving-company-600x280.png 600w\" sizes=\"auto, (max-width: 1440px) 100vw, 1440px\" \/><\/p>\n<ul>\n<li>Kansalliset siirrot<\/li>\n<li>Kansainv\u00e4liset siirrot<\/li>\n<li>Asuntojen muutot<\/li>\n<li>Liiketoiminnan siirrot<\/li>\n<li>Kokemus herkkien ja hauraiden esineiden k\u00e4sittelyst\u00e4.<\/li>\n<li>Pakkauspalvelut<\/li>\n<li>Tullin tuki<\/li>\n<li>Ajoneuvojen kuljetus<\/li>\n<li>Lemmikkiel\u00e4inten uudelleensijoittaminen<\/li>\n<li>Varastointitilat<\/li>\n<\/ul>\n<p>Dominican International Moving on <a href=\"https:\/\/moverdb.com\/fi\/moving-companies\/\" data-internallinksmanager029f6b8e52c=\"79\" title=\"Top 25 Kansainv\u00e4list\u00e4 muuttoyrityksi\u00e4 verkossa\">muuttofirma<\/a> Santo Domingossa sijaitseva kansallinen ja kansainv\u00e4linen muutto- ja siirtokuljetusyritys. He tarjoavat my\u00f6s ajoneuvokuljetuksia ja lemmikkiel\u00e4inten siirtoja. He ovat IAM:n j\u00e4sen, ja heill\u00e4 on p\u00e4tevien edustajien verkosto eri puolilla maailmaa, joka auttaa kansainv\u00e4listen muuttojen toteuttamisessa.<\/p>\n<p>Dominican International Moving tarjoaa kattavia muuttoratkaisuja, joihin kuuluu kaikkien tavaroiden turvallinen pakkaaminen erikoispakkauksiin, huonekalujen purkaminen ja inventaarion laatiminen. He j\u00e4rjest\u00e4v\u00e4t tavaroitesi kuljetuksen, hoitavat tullivaatimukset, purkavat tavarat ja kokoavat huonekalut.<\/p>\n<p>Verkkosivusto: <a href=\"http:\/\/www.dim.do\/\" target=\"_blank\" rel=\"noopener\">http:\/\/www.dim.do\/<\/a><\/p>\n<h2><span class=\"ez-toc-section\" id=\"4_Frank_Leo\"><\/span><strong>4. Frank Leo<\/strong><span class=\"ez-toc-section-end\"><\/span><\/h2>\n<p><img loading=\"lazy\" decoding=\"async\" class=\"alignnone size-full wp-image-5946\" src=\"https:\/\/moverdb.com\/wp-content\/uploads\/Frank-Leo-international-moving-company.png\" alt=\"Frank Leo kansainv\u00e4linen muuttoliikeyritys\" width=\"1440\" height=\"680\" data-wp-pid=\"5946\" srcset=\"https:\/\/moverdb.com\/wp-content\/uploads\/Frank-Leo-international-moving-company.png 1440w, https:\/\/moverdb.com\/wp-content\/uploads\/Frank-Leo-international-moving-company-300x142.png 300w, https:\/\/moverdb.com\/wp-content\/uploads\/Frank-Leo-international-moving-company-1024x484.png 1024w, https:\/\/moverdb.com\/wp-content\/uploads\/Frank-Leo-international-moving-company-18x9.png 18w, https:\/\/moverdb.com\/wp-content\/uploads\/Frank-Leo-international-moving-company-600x283.png 600w\" sizes=\"auto, (max-width: 1440px) 100vw, 1440px\" \/><\/p>\n<ul>\n<li>Kansalliset siirrot<\/li>\n<li>Kansainv\u00e4liset siirrot<\/li>\n<li>Muuttopalvelut<\/li>\n<li>Kotitalouksien muutot<\/li>\n<li>Kaupalliset siirrot<\/li>\n<li>Maa-, meri- ja ilmakuljetukset<\/li>\n<li>Tulliv\u00e4litys<\/li>\n<li>Ajoneuvojen ja lemmikkiel\u00e4inten lis\u00e4kuljetuspalvelut<\/li>\n<li>Vakuutus<\/li>\n<li>Varastointitilat<\/li>\n<\/ul>\n<p>Frank Leo on Dominikaanisessa tasavallassa vuonna 1990 perustettu logistiikka- ja muuttofirma. Se tarjoaa kansallisia ja kansainv\u00e4lisi\u00e4 muuttopalveluja sek\u00e4 muuttopalveluja, jotka tukevat sinua paikallisilla neuvoilla ja uuteen maahan asettumisessa. He ovat IAM:n j\u00e4sen, ja heill\u00e4 on 32 vuoden kokemus.<\/p>\n<p>Frank Leo tarjoaa r\u00e4\u00e4t\u00e4l\u00f6ityj\u00e4 ratkaisuja yksityishenkil\u00f6ille, perheille, yrityksille ja diplomaateille. Heid\u00e4n palveluihinsa kuuluu kaiken omaisuutesi pakkaaminen sek\u00e4 antiikkiesineiden, taideteosten ja koneiden erityispakkauspalvelut. He j\u00e4rjest\u00e4v\u00e4t maa-, meri- tai ilmakuljetuksen ja tukevat tulliasioissa. He tarjoavat my\u00f6s palveluja, jotka auttavat ajoneuvojen, veneiden, kevyiden lentokoneiden, kasvien ja lemmikkiel\u00e4inten siirt\u00e4misess\u00e4.<\/p>\n<p>Verkkosivusto: <a href=\"http:\/\/www.frankleo.com\" target=\"_blank\" rel=\"noopener\">http:\/\/www.frankleo.com<\/a><\/p>\n<h2><span class=\"ez-toc-section\" id=\"5_L_G_International_Movers\"><\/span><strong>5. L&amp;G International Movers<\/strong><span class=\"ez-toc-section-end\"><\/span><\/h2>\n<p><img loading=\"lazy\" decoding=\"async\" class=\"alignnone size-full wp-image-5965\" src=\"https:\/\/moverdb.com\/wp-content\/uploads\/LG-International-Movers-company.png\" alt=\"L&amp;G International Movers -yritys\" width=\"1440\" height=\"676\" data-wp-pid=\"5965\" srcset=\"https:\/\/moverdb.com\/wp-content\/uploads\/LG-International-Movers-company.png 1440w, https:\/\/moverdb.com\/wp-content\/uploads\/LG-International-Movers-company-300x141.png 300w, https:\/\/moverdb.com\/wp-content\/uploads\/LG-International-Movers-company-1024x481.png 1024w, https:\/\/moverdb.com\/wp-content\/uploads\/LG-International-Movers-company-18x8.png 18w, https:\/\/moverdb.com\/wp-content\/uploads\/LG-International-Movers-company-600x282.png 600w\" sizes=\"auto, (max-width: 1440px) 100vw, 1440px\" \/><\/p>\n<ul>\n<li>Kansalliset siirrot<\/li>\n<li>Kansainv\u00e4liset siirrot<\/li>\n<li>Asuntojen muutot<\/li>\n<li>Liiketoiminnan siirrot<\/li>\n<li>Itsepakkausvaihtoehto<\/li>\n<li>Pakkauspalvelut<\/li>\n<li>Kuljetusvaihtoehtojen valinta<\/li>\n<li>Tulliselvitys<\/li>\n<li>Autokuljetukset<\/li>\n<li>Varastointitilat<\/li>\n<\/ul>\n<p>L&amp;G International Movers on logistiikka- ja kansainv\u00e4lisi\u00e4 muuttopalveluja tarjoava yritys, jonka kotipaikka on Santo Domingo. Se tarjoaa kansainv\u00e4lisi\u00e4 muuttoja k\u00e4ytt\u00e4en yhteisty\u00f6kumppaneitaan, muita muuttajia ja rahdinantajia eri puolilla maailmaa. Se on IAM:n j\u00e4sen ja FIDI:n akkreditoima.<\/p>\n<p>L&amp;G International Movers pakkaa tavarasi uusinta tekniikkaa ja materiaaleja k\u00e4ytt\u00e4en, tai voit pakata ne itse. He tarjoavat erilaisia kuljetuspalveluja, joihin kuuluvat lento- ja merirahti sek\u00e4 edullisemmat kuljetusmenetelm\u00e4t, kuten kimppakuljetus, jossa voit yhdist\u00e4\u00e4 l\u00e4hetyksen muiden kanssa. He tukevat sinua my\u00f6s tulliselvityksess\u00e4.<\/p>\n<p>Verkkosivusto: <a href=\"http:\/\/www.lginternationalmovers.com\" target=\"_blank\" rel=\"noopener\">http:\/\/www.lginternationalmovers.com<\/a><\/p>\n<h2><span class=\"ez-toc-section\" id=\"6_Latino_Express\"><\/span><strong>6. Latino Express<\/strong><span class=\"ez-toc-section-end\"><\/span><\/h2>\n<p><img loading=\"lazy\" decoding=\"async\" class=\"alignnone size-full wp-image-5967\" src=\"https:\/\/moverdb.com\/wp-content\/uploads\/Latino-Express-international-moving-company.png\" alt=\"Latino Express kansainv\u00e4linen muuttofirma\" width=\"1440\" height=\"665\" data-wp-pid=\"5967\" srcset=\"https:\/\/moverdb.com\/wp-content\/uploads\/Latino-Express-international-moving-company.png 1440w, https:\/\/moverdb.com\/wp-content\/uploads\/Latino-Express-international-moving-company-300x139.png 300w, https:\/\/moverdb.com\/wp-content\/uploads\/Latino-Express-international-moving-company-1024x473.png 1024w, https:\/\/moverdb.com\/wp-content\/uploads\/Latino-Express-international-moving-company-18x8.png 18w, https:\/\/moverdb.com\/wp-content\/uploads\/Latino-Express-international-moving-company-600x277.png 600w\" sizes=\"auto, (max-width: 1440px) 100vw, 1440px\" \/><\/p>\n<ul>\n<li>Kansalliset muutot<\/li>\n<li>Kansainv\u00e4liset muutot<\/li>\n<li>Siirtymiset<\/li>\n<li>Kotitalouksien muutot<\/li>\n<li>Yritysten muutot<\/li>\n<li>Pakkauspalvelut<\/li>\n<li>Ammattitaitoinen henkil\u00f6kunta<\/li>\n<li>Tulliv\u00e4litt\u00e4j\u00e4t<\/li>\n<li>Maa-, meri- ja lentorahdit<\/li>\n<li>Turvalliset varastointiratkaisut<\/li>\n<\/ul>\n<p>Latino Express on vuonna 1979 perustettu rahti- ja muuttoyritys, joka tarjoaa kansallisia ja kansainv\u00e4lisi\u00e4 muuttoja sek\u00e4 muuttopalveluja. Se tekee yhteisty\u00f6t\u00e4 kansainv\u00e4listen muuttofirmojen verkoston kanssa auttaakseen muuttopalvelujen toimittamisessa ymp\u00e4ri maailmaa. He ovat IAM:n j\u00e4sen, ja heill\u00e4 on 43 vuoden kokemus.<\/p>\n<p>Latino Express tarjoaa ammattimaista muuttopalvelua, joka kattaa kotitalouksien ja yritysten muutot. He tarjoavat koulutetun henkil\u00f6kunnan tarjoaman pakkauspalvelun, joka suojaa tavaroitasi, ja he j\u00e4rjest\u00e4v\u00e4t kuljetuksen maitse, meritse tai ilmateitse ja avustavat tulliasioissa. He tarjoavat my\u00f6s turvallisia varastointiratkaisuja, jos tarvitset niit\u00e4.<\/p>\n<p>Verkkosivusto: <a href=\"http:\/\/www.latinoexpress.com.do\" target=\"_blank\" rel=\"noopener\">http:\/\/www.latinoexpress.com.do<\/a><\/p>","protected":false},"excerpt":{"rendered":"<p>If you are moving home or relocating your business in the Dominican Republic, or to or from the Dominican Republic, you might be looking for some assistance. A moving or relocation company could help ease your move and take away some of the stress. Below we have compiled a list of Dominican Republic removal companies [&hellip;]<\/p>\n","protected":false},"author":4,"featured_media":0,"parent":190,"menu_order":0,"comment_status":"closed","ping_status":"closed","template":"","meta":{"_genesis_hide_title":false,"_genesis_hide_breadcrumbs":false,"_genesis_hide_singular_image":false,"_genesis_hide_footer_widgets":false,"_genesis_custom_body_class":"","_genesis_custom_post_class":"","_genesis_layout":"","footnotes":""},"class_list":{"0":"post-6036","1":"page","2":"type-page","3":"status-publish","5":"entry","6":"has-post-thumbnail"},"_links":{"self":[{"href":"https:\/\/moverdb.com\/fi\/wp-json\/wp\/v2\/pages\/6036","targetHints":{"allow":["GET"]}}],"collection":[{"href":"https:\/\/moverdb.com\/fi\/wp-json\/wp\/v2\/pages"}],"about":[{"href":"https:\/\/moverdb.com\/fi\/wp-json\/wp\/v2\/types\/page"}],"author":[{"embeddable":true,"href":"https:\/\/moverdb.com\/fi\/wp-json\/wp\/v2\/users\/4"}],"replies":[{"embeddable":true,"href":"https:\/\/moverdb.com\/fi\/wp-json\/wp\/v2\/comments?post=6036"}],"version-history":[{"count":1,"href":"https:\/\/moverdb.com\/fi\/wp-json\/wp\/v2\/pages\/6036\/revisions"}],"predecessor-version":[{"id":6037,"href":"https:\/\/moverdb.com\/fi\/wp-json\/wp\/v2\/pages\/6036\/revisions\/6037"}],"up":[{"embeddable":true,"href":"https:\/\/moverdb.com\/fi\/wp-json\/wp\/v2\/pages\/190"}],"wp:attachment":[{"href":"https:\/\/moverdb.com\/fi\/wp-json\/wp\/v2\/media?parent=6036"}],"curies":[{"name":"wp","href":"https:\/\/api.w.org\/{rel}","templated":true}]}}