{"id":6034,"date":"2023-02-01T13:52:21","date_gmt":"2023-02-01T13:52:21","guid":{"rendered":"https:\/\/moverdb.com\/?page_id=6034"},"modified":"2026-01-08T15:29:54","modified_gmt":"2026-01-08T15:29:54","slug":"moving-companies-djibouti","status":"publish","type":"page","link":"https:\/\/moverdb.com\/fi\/moving-companies\/moving-companies-djibouti\/","title":{"rendered":"Parhaat kansainv\u00e4liset muuttofirmat Djiboutissa"},"content":{"rendered":"<p>Suunnitteletko muuttoa Djiboutiin? Tai muutatko Djiboutiin tai Djiboutista? Silloin saatat tarvita apua muuton kanssa, varsinkin jos muutat maiden v\u00e4lill\u00e4, sill\u00e4 paperity\u00f6t ja kuljetukset voivat olla monimutkaisia. Alla on luettelo Djiboutista. <a href=\"https:\/\/moverdb.com\/fi\/international-removals\/\" data-internallinksmanager029f6b8e52c=\"27\" title=\"36 Parhaat kansainv\u00e4liset muuttoyritykset Yhdistyneess\u00e4 kuningaskunnassa\">muuttofirmat<\/a> jotka ovat j\u00e4seni\u00e4 <a href=\"https:\/\/moverdb.com\/fi\/iam\/\" data-internallinksmanager029f6b8e52c=\"23\" title=\"Kansainv\u00e4linen muuttajien liitto (IAM) selitetty\">Kansainv\u00e4linen muuttajien liitto<\/a> (IAM) ja\/tai <a href=\"https:\/\/moverdb.com\/fi\/fidi-faim\/\" data-internallinksmanager029f6b8e52c=\"16\" title=\"FIDI &amp; FAIM (FIDI Accredited International Mover) selitettyin\u00e4\">FIDI<\/a> Accredited International Mover (FAIM), joka voi auttaa sinua.<\/p>\n<h2><strong>MTI Logistics<\/strong><\/h2>\n<p><img loading=\"lazy\" decoding=\"async\" class=\"alignnone size-full wp-image-5979\" src=\"https:\/\/moverdb.com\/wp-content\/uploads\/MTI-Logistics-international-moving-company.png\" alt=\"MTI Logistics kansainv\u00e4linen muuttoliikeyritys\" width=\"1440\" height=\"682\" data-wp-pid=\"5979\" srcset=\"https:\/\/moverdb.com\/wp-content\/uploads\/MTI-Logistics-international-moving-company.png 1440w, https:\/\/moverdb.com\/wp-content\/uploads\/MTI-Logistics-international-moving-company-300x142.png 300w, https:\/\/moverdb.com\/wp-content\/uploads\/MTI-Logistics-international-moving-company-1024x485.png 1024w, https:\/\/moverdb.com\/wp-content\/uploads\/MTI-Logistics-international-moving-company-18x9.png 18w, https:\/\/moverdb.com\/wp-content\/uploads\/MTI-Logistics-international-moving-company-600x284.png 600w\" sizes=\"auto, (max-width: 1440px) 100vw, 1440px\" \/><\/p>\n<ul>\n<li>Kansalliset siirrot<\/li>\n<li>Kansainv\u00e4liset siirrot<\/li>\n<li>Siirtym\u00e4osasto<\/li>\n<li>Liiketoiminnan siirrot<\/li>\n<li>Pakkauspalvelut<\/li>\n<li>Maa-, meri- ja ilmakuljetukset<\/li>\n<li>L\u00e4hetysten konsolidointi<\/li>\n<li>Tulliselvitys<\/li>\n<li>Kaluston ajoneuvojen valikoima<\/li>\n<li>Varastointitilat<\/li>\n<\/ul>\n<p>MTI Logistics on rahtikuljetus- ja logistiikkayritys, joka tarjoaa muuttopalveluja tuotemerkill\u00e4\u00e4n MTI Movers. Heill\u00e4 on suuri kuorma-autokalusto ja nostolaitteet, jotka tukevat heid\u00e4n kuljetuksiaan ja kuljetuksiaan. He ovat IAM:n j\u00e4sen, jolla on 15 vuoden kokemus.<\/p>\n<p>MTI Logistics tarjoaa muutto- ja siirtopalveluja Djiboutin sis\u00e4ll\u00e4 sek\u00e4 Djiboutista ja Djiboutiin. Se tarjoaa maantie-, meri- ja ilmakuljetuksia sek\u00e4 l\u00e4hetysten yhdist\u00e4mist\u00e4 ja tukea tulliselvityksess\u00e4. Se on erikoistunut yritysten muuttoihin, ja se voi tarjota tukea pakkaamisessa ja kuljetuksessa sek\u00e4 tarjota varastointitiloja.<\/p>\n<p>Verkkosivusto: <a href=\"http:\/\/www.mti-logistics.com\" target=\"_blank\" rel=\"noopener\">http:\/\/www.mti-logistics.com<\/a><\/p>","protected":false},"excerpt":{"rendered":"<p>Are you planning a move in Djibouti? Or moving to or from Djibouti? Then you may want some help with that move especially if you are moving between countries as the paperwork and transportation can be complex to navigate. Below we have compiled a list of Djibouti removal companies that are members of the International [&hellip;]<\/p>\n","protected":false},"author":4,"featured_media":0,"parent":190,"menu_order":0,"comment_status":"closed","ping_status":"closed","template":"","meta":{"_genesis_hide_title":false,"_genesis_hide_breadcrumbs":false,"_genesis_hide_singular_image":false,"_genesis_hide_footer_widgets":false,"_genesis_custom_body_class":"","_genesis_custom_post_class":"","_genesis_layout":"","footnotes":""},"class_list":{"0":"post-6034","1":"page","2":"type-page","3":"status-publish","5":"entry","6":"has-post-thumbnail"},"_links":{"self":[{"href":"https:\/\/moverdb.com\/fi\/wp-json\/wp\/v2\/pages\/6034","targetHints":{"allow":["GET"]}}],"collection":[{"href":"https:\/\/moverdb.com\/fi\/wp-json\/wp\/v2\/pages"}],"about":[{"href":"https:\/\/moverdb.com\/fi\/wp-json\/wp\/v2\/types\/page"}],"author":[{"embeddable":true,"href":"https:\/\/moverdb.com\/fi\/wp-json\/wp\/v2\/users\/4"}],"replies":[{"embeddable":true,"href":"https:\/\/moverdb.com\/fi\/wp-json\/wp\/v2\/comments?post=6034"}],"version-history":[{"count":1,"href":"https:\/\/moverdb.com\/fi\/wp-json\/wp\/v2\/pages\/6034\/revisions"}],"predecessor-version":[{"id":6035,"href":"https:\/\/moverdb.com\/fi\/wp-json\/wp\/v2\/pages\/6034\/revisions\/6035"}],"up":[{"embeddable":true,"href":"https:\/\/moverdb.com\/fi\/wp-json\/wp\/v2\/pages\/190"}],"wp:attachment":[{"href":"https:\/\/moverdb.com\/fi\/wp-json\/wp\/v2\/media?parent=6034"}],"curies":[{"name":"wp","href":"https:\/\/api.w.org\/{rel}","templated":true}]}}