{"id":6032,"date":"2023-02-01T13:49:08","date_gmt":"2023-02-01T13:49:08","guid":{"rendered":"https:\/\/moverdb.com\/?page_id=6032"},"modified":"2026-01-08T15:29:32","modified_gmt":"2026-01-08T15:29:32","slug":"moving-companies-denmark","status":"publish","type":"page","link":"https:\/\/moverdb.com\/fi\/moving-companies\/moving-companies-denmark\/","title":{"rendered":"8 parasta kansainv\u00e4list\u00e4 muuttofirmaa Tanskassa"},"content":{"rendered":"<p>Jos aiot muuttaa kotiin tai toimistoon vuonna <a href=\"https:\/\/moverdb.com\/fi\/moving-to-denmark\/\" data-internallinksmanager029f6b8e52c=\"335\" title=\"Muutatko Tanskaan? 2023 Elinkustannukset ja muuttovinkit\">Tanska<\/a>, tai Tanskaan tai Tanskasta, kannattaa ehk\u00e4 pyyt\u00e4\u00e4 apua <a href=\"https:\/\/moverdb.com\/fi\/moving-companies\/\" data-internallinksmanager029f6b8e52c=\"79\" title=\"Top 25 Kansainv\u00e4list\u00e4 muuttoyrityksi\u00e4 verkossa\">muuttofirma<\/a> auttamaan muutossa, jotta voit v\u00e4hent\u00e4\u00e4 paineita ja poistaa joitakin ongelmia. Olemme koonneet alla olevan luettelon Tanskan <a href=\"https:\/\/moverdb.com\/fi\/international-removals\/\" data-internallinksmanager029f6b8e52c=\"27\" title=\"36 Parhaat kansainv\u00e4liset muuttoyritykset Yhdistyneess\u00e4 kuningaskunnassa\">muuttofirmat<\/a> jotka ovat j\u00e4seni\u00e4 <a href=\"https:\/\/moverdb.com\/fi\/iam\/\" data-internallinksmanager029f6b8e52c=\"23\" title=\"Kansainv\u00e4linen muuttajien liitto (IAM) selitetty\">Kansainv\u00e4linen muuttajien liitto<\/a> (IAM) ja\/tai <a href=\"https:\/\/moverdb.com\/fi\/fidi-faim\/\" data-internallinksmanager029f6b8e52c=\"16\" title=\"FIDI &amp; FAIM (FIDI Accredited International Mover) selitettyin\u00e4\">FIDI<\/a> Accredited International Mover (FAIM), joka voi auttaa sinua.<\/p>\n<div id=\"ez-toc-container\" class=\"ez-toc-v2_0_82_2 ez-toc-wrap-left counter-hierarchy ez-toc-counter ez-toc-transparent ez-toc-container-direction\">\n<div class=\"ez-toc-title-container\">\n<p class=\"ez-toc-title\" style=\"cursor:inherit\">Jaksot<\/p>\n<span class=\"ez-toc-title-toggle\"><a href=\"#\" class=\"ez-toc-pull-right ez-toc-btn ez-toc-btn-xs ez-toc-btn-default ez-toc-toggle\" aria-label=\"Sis\u00e4llysluettelon vaihtaminen\"><span class=\"ez-toc-js-icon-con\"><span class=\"\"><span class=\"eztoc-hide\" style=\"display:none;\">Toggle<\/span><span class=\"ez-toc-icon-toggle-span\"><svg style=\"fill: #999;color:#999\" xmlns=\"http:\/\/www.w3.org\/2000\/svg\" class=\"list-377408\" width=\"20px\" height=\"20px\" viewbox=\"0 0 24 24\" fill=\"none\"><path d=\"M6 6H4v2h2V6zm14 0H8v2h12V6zM4 11h2v2H4v-2zm16 0H8v2h12v-2zM4 16h2v2H4v-2zm16 0H8v2h12v-2z\" fill=\"currentColor\"><\/path><\/svg><svg style=\"fill: #999;color:#999\" class=\"arrow-unsorted-368013\" xmlns=\"http:\/\/www.w3.org\/2000\/svg\" width=\"10px\" height=\"10px\" viewbox=\"0 0 24 24\" version=\"1.2\" baseprofile=\"tiny\"><path d=\"M18.2 9.3l-6.2-6.3-6.2 6.3c-.2.2-.3.4-.3.7s.1.5.3.7c.2.2.4.3.7.3h11c.3 0 .5-.1.7-.3.2-.2.3-.5.3-.7s-.1-.5-.3-.7zM5.8 14.7l6.2 6.3 6.2-6.3c.2-.2.3-.5.3-.7s-.1-.5-.3-.7c-.2-.2-.4-.3-.7-.3h-11c-.3 0-.5.1-.7.3-.2.2-.3.5-.3.7s.1.5.3.7z\"\/><\/svg><\/span><\/span><\/span><\/a><\/span><\/div>\n<nav><ul class='ez-toc-list ez-toc-list-level-1 eztoc-toggle-hide-by-default' ><li class='ez-toc-page-1 ez-toc-heading-level-2'><a class=\"ez-toc-link ez-toc-heading-1\" href=\"https:\/\/moverdb.com\/fi\/moving-companies\/moving-companies-denmark\/#1_European_Removal_Storage_Co\" >1. European Removal &amp; Storage Co<\/a><\/li><li class='ez-toc-page-1 ez-toc-heading-level-2'><a class=\"ez-toc-link ez-toc-heading-2\" href=\"https:\/\/moverdb.com\/fi\/moving-companies\/moving-companies-denmark\/#2_Move-it\" >2. Move-it<\/a><\/li><li class='ez-toc-page-1 ez-toc-heading-level-2'><a class=\"ez-toc-link ez-toc-heading-3\" href=\"https:\/\/moverdb.com\/fi\/moving-companies\/moving-companies-denmark\/#3_MF_Interlogistics\" >3. MF Interlogistiikka<\/a><\/li><li class='ez-toc-page-1 ez-toc-heading-level-2'><a class=\"ez-toc-link ez-toc-heading-4\" href=\"https:\/\/moverdb.com\/fi\/moving-companies\/moving-companies-denmark\/#4_Bryde_Sonner\" >4. Bryde &amp; Sonner<\/a><\/li><li class='ez-toc-page-1 ez-toc-heading-level-2'><a class=\"ez-toc-link ez-toc-heading-5\" href=\"https:\/\/moverdb.com\/fi\/moving-companies\/moving-companies-denmark\/#5_Inter_Express_Transport\" >5. Inter Express Transport<\/a><\/li><li class='ez-toc-page-1 ez-toc-heading-level-2'><a class=\"ez-toc-link ez-toc-heading-6\" href=\"https:\/\/moverdb.com\/fi\/moving-companies\/moving-companies-denmark\/#6_Obro_Moving_Company\" >6. Obro Moving Company<\/a><\/li><li class='ez-toc-page-1 ez-toc-heading-level-2'><a class=\"ez-toc-link ez-toc-heading-7\" href=\"https:\/\/moverdb.com\/fi\/moving-companies\/moving-companies-denmark\/#7_Alfa_Moving\" >7. Alfa Moving<\/a><\/li><li class='ez-toc-page-1 ez-toc-heading-level-2'><a class=\"ez-toc-link ez-toc-heading-8\" href=\"https:\/\/moverdb.com\/fi\/moving-companies\/moving-companies-denmark\/#8_Aspire_Mobility_Group\" >8. Aspire Mobility Group<\/a><\/li><li class='ez-toc-page-1 ez-toc-heading-level-2'><a class=\"ez-toc-link ez-toc-heading-9\" href=\"https:\/\/moverdb.com\/fi\/moving-companies\/moving-companies-denmark\/#Other_Useful_Guides_to_Denmark\" >Muita hy\u00f6dyllisi\u00e4 oppaita Tanskaan<\/a><\/li><\/ul><\/nav><\/div>\n<h2><span class=\"ez-toc-section\" id=\"1_European_Removal_Storage_Co\"><\/span><strong>1. European Removal &amp; Storage Co<\/strong><span class=\"ez-toc-section-end\"><\/span><\/h2>\n<p><img loading=\"lazy\" decoding=\"async\" class=\"alignnone size-full wp-image-5944\" src=\"https:\/\/moverdb.com\/wp-content\/uploads\/European-Removal-Storage-Co-international-moving-company.png\" alt=\"European Removal &amp; Storage Co kansainv\u00e4linen muuttoliikeyritys\" width=\"1440\" height=\"683\" data-wp-pid=\"5944\" srcset=\"https:\/\/moverdb.com\/wp-content\/uploads\/European-Removal-Storage-Co-international-moving-company.png 1440w, https:\/\/moverdb.com\/wp-content\/uploads\/European-Removal-Storage-Co-international-moving-company-300x142.png 300w, https:\/\/moverdb.com\/wp-content\/uploads\/European-Removal-Storage-Co-international-moving-company-1024x486.png 1024w, https:\/\/moverdb.com\/wp-content\/uploads\/European-Removal-Storage-Co-international-moving-company-18x9.png 18w, https:\/\/moverdb.com\/wp-content\/uploads\/European-Removal-Storage-Co-international-moving-company-600x285.png 600w\" sizes=\"auto, (max-width: 1440px) 100vw, 1440px\" \/><\/p>\n<ul>\n<li>Kansalliset siirrot<\/li>\n<li>Kansainv\u00e4liset siirrot<\/li>\n<li>Kotitalouksien muutot<\/li>\n<li>Yrityksen siirrot<\/li>\n<li>Pakettitasojen valinta<\/li>\n<li>Muuttopalvelut<\/li>\n<li>Ovelta ovelle -palvelu<\/li>\n<li>Tulliselvitys<\/li>\n<li>Talonmets\u00e4stys<\/li>\n<li>Varastointiratkaisut<\/li>\n<\/ul>\n<p>European Removal &amp; Storage Co on K\u00f6\u00f6penhaminassa sijaitseva, vuonna 1995 perustettu kansainv\u00e4linen muuttofirma. Se on j\u00e4senen\u00e4 <a href=\"https:\/\/moverdb.com\/fi\/euromovers\/\" data-internallinksmanager029f6b8e52c=\"12\" title=\"Euroopan liikkujakumppanuus (EUROMOVERS International) selitet\u00e4\u00e4n\">Euromovers<\/a>, he toimittavat kansainv\u00e4lisi\u00e4 muuttoja kumppanimuuttotoimistojen kanssa. He ovat IAM:n j\u00e4sen 27 vuoden ajan.<\/p>\n<p>European Removal &amp; Storage Co tarjoaa henkil\u00f6kohtaista palvelua ja erilaisia muuttopalveluja. He tarjoavat t\u00e4yden palvelun paketin, jossa on t\u00e4ydellinen ovelta ovelle -palvelu, klassisen paketin, jossa voit p\u00e4\u00e4tt\u00e4\u00e4, kuinka paljon haluat olla mukana muutossa, ja s\u00e4\u00e4st\u00f6paketin, jossa he vain lastaavat ja kuljettavat. Muuttopalveluihin kuuluvat my\u00f6s perehdytys, asunnonetsint\u00e4, uraneuvonta ja kulttuurienv\u00e4linen koulutus.<\/p>\n<p>Verkkosivusto: <a href=\"http:\/\/www.euromovers.dk\" target=\"_blank\" rel=\"noopener\">http:\/\/www.euromovers.dk<\/a><\/p>\n<h2><span class=\"ez-toc-section\" id=\"2_Move-it\"><\/span><strong>2. Move-it<\/strong><span class=\"ez-toc-section-end\"><\/span><\/h2>\n<p><img loading=\"lazy\" decoding=\"async\" class=\"alignnone size-full wp-image-5975\" src=\"https:\/\/moverdb.com\/wp-content\/uploads\/Move-it-international-moving-company.png\" alt=\"Move-it kansainv\u00e4linen muuttofirma\" width=\"1440\" height=\"666\" data-wp-pid=\"5975\" srcset=\"https:\/\/moverdb.com\/wp-content\/uploads\/Move-it-international-moving-company.png 1440w, https:\/\/moverdb.com\/wp-content\/uploads\/Move-it-international-moving-company-300x139.png 300w, https:\/\/moverdb.com\/wp-content\/uploads\/Move-it-international-moving-company-1024x474.png 1024w, https:\/\/moverdb.com\/wp-content\/uploads\/Move-it-international-moving-company-18x8.png 18w, https:\/\/moverdb.com\/wp-content\/uploads\/Move-it-international-moving-company-600x278.png 600w\" sizes=\"auto, (max-width: 1440px) 100vw, 1440px\" \/><\/p>\n<ul>\n<li>Kansalliset siirrot<\/li>\n<li>Kansainv\u00e4liset siirrot<\/li>\n<li>Liiketoiminnan ja hankkeiden siirrot<\/li>\n<li>Ty\u00f6ntekij\u00f6iden siirrot<\/li>\n<li>R\u00e4\u00e4t\u00e4l\u00f6ity ovelta ovelle -palvelu<\/li>\n<li>Pakkauspalvelut<\/li>\n<li>Puulaatikoiden valmistaminen ja pakkaaminen eurooppalaisten standardien mukaisesti.<\/li>\n<li>Yhdistetyt kuljetuspalvelut<\/li>\n<li>Vakuutus<\/li>\n<li>Lyhyt- ja pitk\u00e4aikaisvarastot<\/li>\n<\/ul>\n<p>Move-it on vuonna 1997 perustettu kansainv\u00e4linen muuttofirma, jonka kotipaikka on Glostrupissa. Yritys on erikoistunut suuriin muuttoihin, yritysten muuttoihin, projekteihin ja ty\u00f6ntekij\u00f6iden siirtoihin. He ty\u00f6skentelev\u00e4t kansainv\u00e4listen muuttokumppaneiden kanssa toimittaakseen muuttoja ymp\u00e4ri maailmaa. He ovat IAM:n j\u00e4sen 25 vuoden kokemuksella.<\/p>\n<p>Move-it tarjoaa r\u00e4\u00e4t\u00e4l\u00f6ityj\u00e4 muuttopalveluja, jotka sis\u00e4lt\u00e4v\u00e4t paikan p\u00e4\u00e4ll\u00e4 teht\u00e4v\u00e4n tarkastuksen ja tarjouksen, pakkaus- ja purkamispalvelut sek\u00e4 tarvittaessa lyhyen tai pitk\u00e4n aikav\u00e4lin varastointiratkaisut. He k\u00e4ytt\u00e4v\u00e4t uusinta kalustoa, kuten ilmajousitettuja ajoneuvoja ja hissej\u00e4, jotta muutot voidaan toteuttaa korkeatasoisesti.<\/p>\n<p>Verkkosivusto: <a href=\"http:\/\/www.moveit-int.dk\" target=\"_blank\" rel=\"noopener\">http:\/\/www.moveit-int.dk<\/a><\/p>\n<h2><span class=\"ez-toc-section\" id=\"3_MF_Interlogistics\"><\/span><strong>3. MF Interlogistiikka<\/strong><span class=\"ez-toc-section-end\"><\/span><\/h2>\n<p><img loading=\"lazy\" decoding=\"async\" class=\"alignnone size-full wp-image-5972\" src=\"https:\/\/moverdb.com\/wp-content\/uploads\/MF-Interlogistics-international-moving-company.png\" alt=\"MF Interlogistics kansainv\u00e4linen muuttofirma\" width=\"1440\" height=\"677\" data-wp-pid=\"5972\" srcset=\"https:\/\/moverdb.com\/wp-content\/uploads\/MF-Interlogistics-international-moving-company.png 1440w, https:\/\/moverdb.com\/wp-content\/uploads\/MF-Interlogistics-international-moving-company-300x141.png 300w, https:\/\/moverdb.com\/wp-content\/uploads\/MF-Interlogistics-international-moving-company-1024x481.png 1024w, https:\/\/moverdb.com\/wp-content\/uploads\/MF-Interlogistics-international-moving-company-18x8.png 18w, https:\/\/moverdb.com\/wp-content\/uploads\/MF-Interlogistics-international-moving-company-600x282.png 600w\" sizes=\"auto, (max-width: 1440px) 100vw, 1440px\" \/><\/p>\n<ul>\n<li>Kansalliset siirrot<\/li>\n<li>Kansainv\u00e4liset siirrot<\/li>\n<li>Kotitalouksien muutot<\/li>\n<li>Yrityssiirrot<\/li>\n<li>R\u00e4\u00e4t\u00e4l\u00f6ity palvelu<\/li>\n<li>Henkil\u00f6kohtainen muuttokoordinaattori<\/li>\n<li>Pakkauspalvelu<\/li>\n<li>Kuljetukset maanteitse, lent\u00e4en ja meritse<\/li>\n<li>Vakuutus<\/li>\n<li>Turvallinen lyhyt- ja pitk\u00e4aikainen varastointi<\/li>\n<\/ul>\n<p>MF Interlogistics on kansainv\u00e4linen muuttoliikeyritys, joka on osa Mesterflyt A\/S:\u00e4\u00e4, ja se on perustettu vuonna 2019. Heill\u00e4 on toimipaikat K\u00f6\u00f6penhaminassa, Odensessa ja \u00c5rhusissa, ja heill\u00e4 on kansainv\u00e4listen muuttojen tukena hyv\u00e4maineisten maailmanlaajuisten muuttofirmojen verkosto. He ovat IAM:n j\u00e4sen, jolla on 3 vuoden kokemus. He tarjoavat muuttopalveluja kotitalouksille ja yrityksille kansallisesti ja kansainv\u00e4lisesti.<\/p>\n<p>MF Interlogistics tarjoaa yksil\u00f6llist\u00e4 palvelua muuttopalveluilla, joihin kuuluu muuttoa edelt\u00e4v\u00e4 konsultaatio, johon sis\u00e4ltyy kotikatselmus. Se pakkaa kaikki tavarasi turvallisesti, j\u00e4rjest\u00e4\u00e4 niiden kuljetuksen ja toimituksen maantie-, lento- tai merikuljetuksena ja purkaa ne sitten m\u00e4\u00e4r\u00e4np\u00e4\u00e4ss\u00e4.<\/p>\n<p>Verkkosivusto: <a href=\"http:\/\/www.mfinterlog.com\" target=\"_blank\" rel=\"noopener\">http:\/\/www.mfinterlog.com<\/a><\/p>\n<h2><span class=\"ez-toc-section\" id=\"4_Bryde_Sonner\"><\/span><strong>4. Bryde &amp; Sonner<\/strong><span class=\"ez-toc-section-end\"><\/span><\/h2>\n<p><img loading=\"lazy\" decoding=\"async\" class=\"alignnone size-full wp-image-5932\" src=\"https:\/\/moverdb.com\/wp-content\/uploads\/Bryde-Sonner-international-moving-company.png\" alt=\"Bryde &amp; Sonner kansainv\u00e4linen muuttofirma\" width=\"1440\" height=\"669\" data-wp-pid=\"5932\" srcset=\"https:\/\/moverdb.com\/wp-content\/uploads\/Bryde-Sonner-international-moving-company.png 1440w, https:\/\/moverdb.com\/wp-content\/uploads\/Bryde-Sonner-international-moving-company-300x139.png 300w, https:\/\/moverdb.com\/wp-content\/uploads\/Bryde-Sonner-international-moving-company-1024x476.png 1024w, https:\/\/moverdb.com\/wp-content\/uploads\/Bryde-Sonner-international-moving-company-18x8.png 18w, https:\/\/moverdb.com\/wp-content\/uploads\/Bryde-Sonner-international-moving-company-600x279.png 600w\" sizes=\"auto, (max-width: 1440px) 100vw, 1440px\" \/><\/p>\n<ul>\n<li>Paikalliset ja kansalliset siirrot<\/li>\n<li>Kansainv\u00e4liset siirrot<\/li>\n<li>Kotitalouksien muutot<\/li>\n<li>Pienten yritysten siirrot<\/li>\n<li>Osallistumisen tason valinta<\/li>\n<li>Ammattimaisesti pakattu<\/li>\n<li>Kuorma-auto-, lentokone- tai laivakuljetus<\/li>\n<li>Tullipaperit ja -asiakirjat<\/li>\n<li>Ammattimainen siivous<\/li>\n<li>Varastointitilat<\/li>\n<\/ul>\n<p>Bryde &amp; Sonner on yli 50 vuotta toiminut perheomisteinen kansainv\u00e4linen muuttofirma, jonka p\u00e4\u00e4konttori sijaitsee K\u00f6\u00f6penhaminassa. Yrityksell\u00e4 on k\u00e4yt\u00f6ss\u00e4\u00e4n erilaisia ajoneuvoja, kuten pienist\u00e4 suuriin vaunuihin, hissej\u00e4 ja sivukuormaajia. He ovat IAM:n j\u00e4sen.<\/p>\n<p>Bryde &amp; Sonner tarjoaa erilaisia osallistumistasoja, joiden avulla voit valita, kuinka paljon haluat osallistua, aina tee-se-itse-paketista kokonaisvaltaiseen poistopakettiin. Itse muutto -vaihtoehto sis\u00e4lt\u00e4\u00e4 kotiin toimitetun kontin, jonka voit pakata. Kokonaismuuttovaihtoehto sis\u00e4lt\u00e4\u00e4 pakkaamisen ja purkamisen. Ne voivat my\u00f6s tarjota ammattimaista siivousta, varastointitiloja ja konttien vuokrausta.<\/p>\n<p>Verkkosivusto: <a href=\"http:\/\/www.bryde-as.dk\" target=\"_blank\" rel=\"noopener\">http:\/\/www.bryde-as.dk<\/a><\/p>\n<h2><span class=\"ez-toc-section\" id=\"5_Inter_Express_Transport\"><\/span><strong>5. Inter Express Transport<\/strong><span class=\"ez-toc-section-end\"><\/span><\/h2>\n<p><img loading=\"lazy\" decoding=\"async\" class=\"alignnone size-full wp-image-5958\" src=\"https:\/\/moverdb.com\/wp-content\/uploads\/Inter-Express-Transport-international-moving-company.png\" alt=\"Inter Express Transport kansainv\u00e4linen muuttoliikeyritys\" width=\"1440\" height=\"678\" data-wp-pid=\"5958\" srcset=\"https:\/\/moverdb.com\/wp-content\/uploads\/Inter-Express-Transport-international-moving-company.png 1440w, https:\/\/moverdb.com\/wp-content\/uploads\/Inter-Express-Transport-international-moving-company-300x141.png 300w, https:\/\/moverdb.com\/wp-content\/uploads\/Inter-Express-Transport-international-moving-company-1024x482.png 1024w, https:\/\/moverdb.com\/wp-content\/uploads\/Inter-Express-Transport-international-moving-company-18x8.png 18w, https:\/\/moverdb.com\/wp-content\/uploads\/Inter-Express-Transport-international-moving-company-600x283.png 600w\" sizes=\"auto, (max-width: 1440px) 100vw, 1440px\" \/><\/p>\n<ul>\n<li>Kansalliset siirrot<\/li>\n<li>Kansainv\u00e4liset siirrot<\/li>\n<li>Asuntojen uudelleensijoittaminen<\/li>\n<li>Liiketoiminnan uudelleensijoittaminen<\/li>\n<li>Muuttokonsultin vierailu<\/li>\n<li>Asiantunteva pakkauspalvelu<\/li>\n<li>Muuton suunnittelu ja hallinta<\/li>\n<li>Asiakirjatuki<\/li>\n<li>J\u00e4sen <a href=\"https:\/\/moverdb.com\/fi\/harmony-relocation-network\/\" data-internallinksmanager029f6b8e52c=\"20\" title=\"Harmony Relocation Network (HRN) selitetty\">Harmony Relocation Network<\/a><\/li>\n<li>Varastointitilat<\/li>\n<\/ul>\n<p>Inter Express Transport on tanskalainen muuttofirma, joka on perustettu vuonna 1987. Se tarjoaa kansallisia ja kansainv\u00e4lisi\u00e4 muuttopalveluja yhteisty\u00f6ss\u00e4 muiden kansainv\u00e4listen muuttofirmojen kanssa. Se on Harmony Relocation Networkin ja IAM:n j\u00e4sen, jolla on 35 vuoden kokemus, ja se on FIDI:n akkreditoima.<\/p>\n<p>Inter Express Transport tarjoaa ammattitaitoista neuvontaa ja opastusta kotitalouksille ja yrityksille, jotka ovat muuttamassa, jotta muutto olisi helpompaa. Se tarjoaa muuttokonsultin tukenasi ja asiantuntevan pakkauspalvelun tavaroittesi suojaamiseksi. He suunnittelevat ja hoitavat muuttosi ja auttavat sinua my\u00f6s kaikkien tarvittavien asiakirjojen kanssa.<\/p>\n<p>Verkkosivusto: <a href=\"http:\/\/interexpress.dk\" target=\"_blank\" rel=\"noopener\">http:\/\/interexpress.dk<\/a><\/p>\n<h2><span class=\"ez-toc-section\" id=\"6_Obro_Moving_Company\"><\/span><strong>6. Obro Moving Company<\/strong><span class=\"ez-toc-section-end\"><\/span><\/h2>\n<p><img loading=\"lazy\" decoding=\"async\" class=\"alignnone size-full wp-image-5987\" src=\"https:\/\/moverdb.com\/wp-content\/uploads\/Obro-Moving-Company-international-moving-company.png\" alt=\"Obro Moving Company kansainv\u00e4linen muuttofirma\" width=\"1440\" height=\"682\" data-wp-pid=\"5987\" srcset=\"https:\/\/moverdb.com\/wp-content\/uploads\/Obro-Moving-Company-international-moving-company.png 1440w, https:\/\/moverdb.com\/wp-content\/uploads\/Obro-Moving-Company-international-moving-company-300x142.png 300w, https:\/\/moverdb.com\/wp-content\/uploads\/Obro-Moving-Company-international-moving-company-1024x485.png 1024w, https:\/\/moverdb.com\/wp-content\/uploads\/Obro-Moving-Company-international-moving-company-18x9.png 18w, https:\/\/moverdb.com\/wp-content\/uploads\/Obro-Moving-Company-international-moving-company-600x284.png 600w\" sizes=\"auto, (max-width: 1440px) 100vw, 1440px\" \/><\/p>\n<ul>\n<li>Kansalliset siirrot<\/li>\n<li>Kansainv\u00e4liset siirrot<\/li>\n<li>Kotitalouksien muutot<\/li>\n<li>Yritys- ja toimistosiirrot<\/li>\n<li>Pakkaustason valinta<\/li>\n<li>Luo hyv\u00e4ksyttyj\u00e4 puulaatikoita<\/li>\n<li>K\u00e4sittele kuljetuspaperit<\/li>\n<li>Liikkuva hissi<\/li>\n<li>Vakuutus<\/li>\n<li>Lyhytaikainen ja pitk\u00e4aikainen varastointi<\/li>\n<\/ul>\n<p>Obro Moving Company on perheyritys, jolla on yli 60 vuoden kokemus muutto-, kuljetus- ja varastointipalveluista, ja sen kotipaikka on Aalborg. Se tarjoaa muuttopalveluja kansallisesti, koko Euroopassa ja ymp\u00e4ri maailmaa. He ovat IAM:n j\u00e4sen.<\/p>\n<p>Obro Moving Company tarjoaa erilaisia pakkaustasoja, joihin kuuluvat itsepakkaus, osittainen pakkaus ja t\u00e4ysi pakkaus. He tarjoavat pakkausmateriaalia, kuten puulaatikoita tai -laatikoita, jos haluat niit\u00e4. Heill\u00e4 on s\u00e4\u00e4nn\u00f6llist\u00e4 liikennett\u00e4 Jyllannin ja Seelannin sek\u00e4 Gr\u00f6nlannin v\u00e4lill\u00e4. He tarjoavat yhteiskuljetusvaihtoehdon, jossa voitte jakaa ajoneuvon.<\/p>\n<p>Verkkosivusto: <a href=\"http:\/\/www.obro.dk\" target=\"_blank\" rel=\"noopener\">http:\/\/www.obro.dk<\/a><\/p>\n<h2><span class=\"ez-toc-section\" id=\"7_Alfa_Moving\"><\/span><strong>7. Alfa Moving<\/strong><span class=\"ez-toc-section-end\"><\/span><\/h2>\n<p><img loading=\"lazy\" decoding=\"async\" class=\"alignnone size-full wp-image-5921\" src=\"https:\/\/moverdb.com\/wp-content\/uploads\/Alfa-international-moving-company.png\" alt=\"Alfa international moving company\" width=\"1440\" height=\"679\" data-wp-pid=\"5921\" srcset=\"https:\/\/moverdb.com\/wp-content\/uploads\/Alfa-international-moving-company.png 1440w, https:\/\/moverdb.com\/wp-content\/uploads\/Alfa-international-moving-company-300x141.png 300w, https:\/\/moverdb.com\/wp-content\/uploads\/Alfa-international-moving-company-1024x483.png 1024w, https:\/\/moverdb.com\/wp-content\/uploads\/Alfa-international-moving-company-18x8.png 18w, https:\/\/moverdb.com\/wp-content\/uploads\/Alfa-international-moving-company-600x283.png 600w\" sizes=\"auto, (max-width: 1440px) 100vw, 1440px\" \/><\/p>\n<ul>\n<li>Kansalliset siirrot<\/li>\n<li>Kansainv\u00e4liset siirrot<\/li>\n<li>Muuttopalvelut<\/li>\n<li>Ovelta ovelle -palvelu<\/li>\n<li>Pakkaustasojen valinta<\/li>\n<li>Pakkaus- ja purkamispalvelu<\/li>\n<li>Tie-, ilma- ja merikuljetukset<\/li>\n<li>Tuki maahanmuutto- ja viisumiasioissa<\/li>\n<li>Vakuutus<\/li>\n<li>Lyhyt- ja pitk\u00e4aikaisvarastot<\/li>\n<\/ul>\n<p>Alfa Moving on muutto- ja siirtokuljetusliike, jolla on toimistoja Tanskassa, <a href=\"https:\/\/moverdb.com\/fi\/moving-to-sweden\/\" data-internallinksmanager029f6b8e52c=\"326\" title=\"Muutatko Ruotsiin? 2023 Elinkustannukset ja muuttovinkit\">Ruotsi<\/a>, <a href=\"https:\/\/moverdb.com\/fi\/moving-to-norway\/\" data-internallinksmanager029f6b8e52c=\"325\" title=\"Muutatko Norjaan? 2023 Elinkustannukset ja muuttovinkit\">Norja<\/a> ja <a href=\"https:\/\/moverdb.com\/fi\/moving-to-finland\/\" data-internallinksmanager029f6b8e52c=\"345\" title=\"Muutatko Suomeen? 2023 Elinkustannukset ja muuttovinkit\">Suomi<\/a>. He tekev\u00e4t yhteisty\u00f6t\u00e4 muuttoagenttien kanssa ymp\u00e4ri maailmaa kansainv\u00e4listen muuttojen toteuttamiseksi. Se on IAM:n j\u00e4sen ja FIDI:n akkreditoima.<\/p>\n<p>Alfa Moving tarjoaa ovelta ovelle -palvelua ja erilaisia pakkausvaihtoehtoja, kuten huopak\u00e4\u00e4reet, huonekalujen osittainen pakkaus ja t\u00e4ydellinen pakkaus. He tarjoavat valikoiman kuljetusvaihtoehtoja, joita voidaan yhdistell\u00e4 tehokkaimman tai ymp\u00e4rist\u00f6yst\u00e4v\u00e4llisimm\u00e4n muuton toteuttamiseksi, mukaan lukien maa-, meri- ja ilmakuljetukset. He tukevat my\u00f6s maahanmuutto- ja viisumivaatimuksia sek\u00e4 vakuutuksia, jotka helpottavat muuttoa ulkomaille.<\/p>\n<p>Verkkosivusto: <a href=\"https:\/\/www.alfamoving.com\/\" target=\"_blank\" rel=\"noopener\">https:\/\/www.alfamoving.com\/<\/a><\/p>\n<h2><span class=\"ez-toc-section\" id=\"8_Aspire_Mobility_Group\"><\/span><strong>8. Aspire Mobility Group<\/strong><span class=\"ez-toc-section-end\"><\/span><\/h2>\n<p><img loading=\"lazy\" decoding=\"async\" class=\"alignnone size-full wp-image-5927\" src=\"https:\/\/moverdb.com\/wp-content\/uploads\/Aspire-Mobility-Group-international-moving-company.png\" alt=\"Aspire Mobility Group kansainv\u00e4linen muuttofirma\" width=\"1440\" height=\"684\" data-wp-pid=\"5927\" srcset=\"https:\/\/moverdb.com\/wp-content\/uploads\/Aspire-Mobility-Group-international-moving-company.png 1440w, https:\/\/moverdb.com\/wp-content\/uploads\/Aspire-Mobility-Group-international-moving-company-300x143.png 300w, https:\/\/moverdb.com\/wp-content\/uploads\/Aspire-Mobility-Group-international-moving-company-1024x486.png 1024w, https:\/\/moverdb.com\/wp-content\/uploads\/Aspire-Mobility-Group-international-moving-company-18x9.png 18w, https:\/\/moverdb.com\/wp-content\/uploads\/Aspire-Mobility-Group-international-moving-company-600x285.png 600w\" sizes=\"auto, (max-width: 1440px) 100vw, 1440px\" \/><\/p>\n<ul>\n<li>Kansalliset siirrot<\/li>\n<li>Kansainv\u00e4liset siirrot<\/li>\n<li>Muuttopalvelut<\/li>\n<li>Asuntojen muutot<\/li>\n<li>Yrityksen siirrot<\/li>\n<li>Online-hallinta- ja seurantapalvelu<\/li>\n<li>Pakkauspalvelu<\/li>\n<li>Maahanmuutto- ja tulliselvitystuki<\/li>\n<li>Vakuutus<\/li>\n<li>Varastointitilat<\/li>\n<\/ul>\n<p>Aspire Mobility Group on vuodesta 1879 toiminut kansainv\u00e4linen muutto- ja siirtoyritys, jolla on toimistot \u00c5rhusissa, K\u00f6\u00f6penhaminassa, Odensessa, Hillerodissa ja Tukholmassa. Se tekee yhteisty\u00f6t\u00e4 kansainv\u00e4listen muuttokumppaneiden kanssa toimittaakseen muuttoja ymp\u00e4ri maailmaa. He ovat IAM:n j\u00e4sen 10 vuoden ajan, ja FIDI on akkreditoinut heid\u00e4t.<\/p>\n<p>Aspire Mobility Groupilla on online-hallintaj\u00e4rjestelm\u00e4, jonka avulla voit seurata siirtoja reaaliaikaisesti. Se tarjoaa muuttoa edelt\u00e4v\u00e4n kyselyn ja muuttokonsultin, joka arvioi tarpeesi ja laatii muuttoj\u00e4rjestelysuunnitelman. He avustavat sinua tulliselvityksiss\u00e4, s\u00e4\u00e4nn\u00f6iss\u00e4, m\u00e4\u00e4r\u00e4yksiss\u00e4 ja muuttoasi koskevissa paperit\u00f6iss\u00e4.<\/p>\n<p>Verkkosivusto: <a href=\"https:\/\/www.aspiremobility.com\/\" target=\"_blank\" rel=\"noopener\">https:\/\/www.aspiremobility.com\/<\/a><\/p>\n<h2><span class=\"ez-toc-section\" id=\"Other_Useful_Guides_to_Denmark\"><\/span>Muita hy\u00f6dyllisi\u00e4 oppaita Tanskaan<span class=\"ez-toc-section-end\"><\/span><\/h2>\n<ul>\n<li> <a href=\"https:\/\/moverdb.com\/fi\/konttikuljetukset\/tanska\/\">2024 Merikuljetusten konttikuljetusten hinnat Tanskaan ja Tanskasta<\/a><\/li>\n<li> <a href=\"https:\/\/moverdb.com\/fi\/moving-to-denmark\/\">Muutatko Tanskaan? 2023 Elinkustannukset ja muuttovinkit<\/a><\/li>\n<li> <a href=\"https:\/\/moverdb.com\/fi\/moving-to-denmark\/best-places-to-live-denmark\/\">12 parasta paikkaa asua Tanskassa<\/a><\/li>\n<li> <a href=\"https:\/\/moverdb.com\/fi\/moving-to-denmark\/living-in-denmark\/\">21 salaisuutta Tanskassa asumisesta, jotka on hyv\u00e4 tiet\u00e4\u00e4 ennen muuttoa<\/a><\/li>\n<\/ul>","protected":false},"excerpt":{"rendered":"<p>If you are planning on moving home or office in Denmark, or to or from Denmark, you might want to enlist the help of a moving company to assist with your move to reduce the pressure and remove some of the complexities. Below we have compiled a list of Denmark removal companies that are members [&hellip;]<\/p>\n","protected":false},"author":4,"featured_media":5944,"parent":190,"menu_order":0,"comment_status":"closed","ping_status":"closed","template":"","meta":{"_genesis_hide_title":false,"_genesis_hide_breadcrumbs":false,"_genesis_hide_singular_image":false,"_genesis_hide_footer_widgets":false,"_genesis_custom_body_class":"","_genesis_custom_post_class":"","_genesis_layout":"","footnotes":""},"class_list":{"0":"post-6032","1":"page","2":"type-page","3":"status-publish","4":"has-post-thumbnail","6":"entry"},"_links":{"self":[{"href":"https:\/\/moverdb.com\/fi\/wp-json\/wp\/v2\/pages\/6032","targetHints":{"allow":["GET"]}}],"collection":[{"href":"https:\/\/moverdb.com\/fi\/wp-json\/wp\/v2\/pages"}],"about":[{"href":"https:\/\/moverdb.com\/fi\/wp-json\/wp\/v2\/types\/page"}],"author":[{"embeddable":true,"href":"https:\/\/moverdb.com\/fi\/wp-json\/wp\/v2\/users\/4"}],"replies":[{"embeddable":true,"href":"https:\/\/moverdb.com\/fi\/wp-json\/wp\/v2\/comments?post=6032"}],"version-history":[{"count":4,"href":"https:\/\/moverdb.com\/fi\/wp-json\/wp\/v2\/pages\/6032\/revisions"}],"predecessor-version":[{"id":16996,"href":"https:\/\/moverdb.com\/fi\/wp-json\/wp\/v2\/pages\/6032\/revisions\/16996"}],"up":[{"embeddable":true,"href":"https:\/\/moverdb.com\/fi\/wp-json\/wp\/v2\/pages\/190"}],"wp:featuredmedia":[{"embeddable":true,"href":"https:\/\/moverdb.com\/fi\/wp-json\/wp\/v2\/media\/5944"}],"wp:attachment":[{"href":"https:\/\/moverdb.com\/fi\/wp-json\/wp\/v2\/media?parent=6032"}],"curies":[{"name":"wp","href":"https:\/\/api.w.org\/{rel}","templated":true}]}}