{"id":6024,"date":"2023-02-01T12:30:48","date_gmt":"2023-02-01T12:30:48","guid":{"rendered":"https:\/\/moverdb.com\/?page_id=6024"},"modified":"2026-01-08T15:23:41","modified_gmt":"2026-01-08T15:23:41","slug":"moving-companies-in-cyprus","status":"publish","type":"page","link":"https:\/\/moverdb.com\/fi\/moving-companies\/moving-companies-in-cyprus\/","title":{"rendered":"2 parasta kansainv\u00e4list\u00e4 muuttoa harjoittavaa yrityst\u00e4 Kyproksella"},"content":{"rendered":"<p>Jos olet muuttamassa kotiin <a href=\"https:\/\/moverdb.com\/fi\/moving-to-cyprus\/\" data-internallinksmanager029f6b8e52c=\"377\" title=\"Muutto Kyprokselle? 2023 Elinkustannukset ja muuttovinkit\">Kypros<\/a>, tai muutat Kyprokselle tai Kyprokselta, saatat haluta apua muuttoasi varten muutto- tai muuttoyritykselt\u00e4. <a href=\"https:\/\/moverdb.com\/fi\/relocation-agents\/\" data-internallinksmanager029f6b8e52c=\"1\" title=\"7 syyt\u00e4, miksi sinun pit\u00e4isi k\u00e4ytt\u00e4\u00e4 muuttoagenttia?\">muuttoasiamies<\/a> joka voi poistaa osan stressist\u00e4. Alla on luettelo Kyproksen <a href=\"https:\/\/moverdb.com\/fi\/international-removals\/\" data-internallinksmanager029f6b8e52c=\"27\" title=\"36 Parhaat kansainv\u00e4liset muuttoyritykset Yhdistyneess\u00e4 kuningaskunnassa\">muuttofirmat<\/a> jotka ovat j\u00e4seni\u00e4 <a href=\"https:\/\/moverdb.com\/fi\/iam\/\" data-internallinksmanager029f6b8e52c=\"23\" title=\"Kansainv\u00e4linen muuttajien liitto (IAM) selitetty\">Kansainv\u00e4linen muuttajien liitto<\/a> (IAM) ja\/tai <a href=\"https:\/\/moverdb.com\/fi\/fidi-faim\/\" data-internallinksmanager029f6b8e52c=\"16\" title=\"FIDI &amp; FAIM (FIDI Accredited International Mover) selitettyin\u00e4\">FIDI<\/a> Accredited International Mover (FAIM), joka voi auttaa sinua.<\/p>\n<h2><strong>1. Columbia Worldwide Movers<\/strong><\/h2>\n<p><img loading=\"lazy\" decoding=\"async\" class=\"alignnone size-full wp-image-5936\" src=\"https:\/\/moverdb.com\/wp-content\/uploads\/Columbia-Worldwide-Movers-international-moving-company.png\" alt=\"Columbia Worldwide Movers kansainv\u00e4linen muuttofirma\" width=\"1440\" height=\"682\" data-wp-pid=\"5936\" srcset=\"https:\/\/moverdb.com\/wp-content\/uploads\/Columbia-Worldwide-Movers-international-moving-company.png 1440w, https:\/\/moverdb.com\/wp-content\/uploads\/Columbia-Worldwide-Movers-international-moving-company-300x142.png 300w, https:\/\/moverdb.com\/wp-content\/uploads\/Columbia-Worldwide-Movers-international-moving-company-1024x485.png 1024w, https:\/\/moverdb.com\/wp-content\/uploads\/Columbia-Worldwide-Movers-international-moving-company-18x9.png 18w, https:\/\/moverdb.com\/wp-content\/uploads\/Columbia-Worldwide-Movers-international-moving-company-600x284.png 600w\" sizes=\"auto, (max-width: 1440px) 100vw, 1440px\" \/><\/p>\n<ul>\n<li>Kansalliset siirrot<\/li>\n<li>Kansainv\u00e4liset siirrot<\/li>\n<li>Muuttopalvelut<\/li>\n<li>Kotitalouksien muutot<\/li>\n<li>Liiketoiminnan siirrot<\/li>\n<li>Pakkauspalvelut<\/li>\n<li>Maa, meri ja ilma<\/li>\n<li>Lemmikkiel\u00e4inten kuljetus<\/li>\n<li><a href=\"https:\/\/moverdb.com\/fi\/car-transport-shipping\/\" data-internallinksmanager029f6b8e52c=\"2\" title=\"2026 Kansainv\u00e4linen autokuljetus ja ajoneuvojen kuljetus tarjoukset\">Ajoneuvojen kuljetus<\/a><\/li>\n<li>Varastointitilat<\/li>\n<\/ul>\n<p>Columbia Worldwide Movers perustettiin vuonna 1994 muutto- ja varastointipalvelujen tarjoajaksi. Se tarjoaa kansallisia ja kansainv\u00e4lisi\u00e4 muutto- ja siirtopalveluja kotitalouksille ja yrityksille. He toimittavat kansainv\u00e4liset muutot yhteisty\u00f6ss\u00e4 muissa maissa toimivien luotettavien muuttoagenttien kanssa. He ovat IAM:n j\u00e4sen, jolla on 28 vuoden kokemus, ja FIDI on akkreditoinut heid\u00e4t.<\/p>\n<p>Columbia Worldwide Movers tarjoaa r\u00e4\u00e4t\u00e4l\u00f6ityj\u00e4 muuttoratkaisuja, jotka tarjoavat ovelta ovelle -palvelun, joka sis\u00e4lt\u00e4\u00e4 tavaroiden pakkaamisen ja kuljetuksen j\u00e4rjest\u00e4misen maalla, meritse tai ilmateitse tulliselvityksineen. He tarjoavat my\u00f6s erikoiskuljetuspalveluja lemmikkiel\u00e4imille ja ajoneuvoille.<\/p>\n<p>Verkkosivusto: <a href=\"http:\/\/www.columbiamovers.com\" target=\"_blank\" rel=\"noopener\">http:\/\/www.columbiamovers.com<\/a><\/p>\n<h2><strong>2. Orbit Moving and Storage<\/strong><\/h2>\n<p><img loading=\"lazy\" decoding=\"async\" class=\"alignnone size-full wp-image-5988\" src=\"https:\/\/moverdb.com\/wp-content\/uploads\/Orbit-Moving-and-Storage-international-moving-company.png\" alt=\"Orbit Moving and Storage kansainv\u00e4linen muuttofirma\" width=\"1440\" height=\"679\" data-wp-pid=\"5988\" srcset=\"https:\/\/moverdb.com\/wp-content\/uploads\/Orbit-Moving-and-Storage-international-moving-company.png 1440w, https:\/\/moverdb.com\/wp-content\/uploads\/Orbit-Moving-and-Storage-international-moving-company-300x141.png 300w, https:\/\/moverdb.com\/wp-content\/uploads\/Orbit-Moving-and-Storage-international-moving-company-1024x483.png 1024w, https:\/\/moverdb.com\/wp-content\/uploads\/Orbit-Moving-and-Storage-international-moving-company-18x8.png 18w, https:\/\/moverdb.com\/wp-content\/uploads\/Orbit-Moving-and-Storage-international-moving-company-600x283.png 600w\" sizes=\"auto, (max-width: 1440px) 100vw, 1440px\" \/><\/p>\n<ul>\n<li>Paikalliset siirrot<\/li>\n<li>Kansainv\u00e4liset siirrot<\/li>\n<li>Muuttopalvelut<\/li>\n<li>Asuntojen muutot<\/li>\n<li>Toimiston siirrot<\/li>\n<li>Pakkauspalvelut<\/li>\n<li>Taidekuljetukset<\/li>\n<li>Lemmikkiel\u00e4inten kuljetus<\/li>\n<li>Ajoneuvojen kuljetus<\/li>\n<li>Varastointipalvelut<\/li>\n<\/ul>\n<p>Orbit Moving and Storage on kansainv\u00e4linen muutto- ja varastointiyritys, joka on toiminut vuodesta 1982. Se on osa Orphee Beingoglou Group -yritysryhm\u00e4\u00e4, joka on kuljetus- ja logistiikkapalvelujen tarjoaja. Yrityksell\u00e4 on maailmanlaajuinen muuttovirkailijoiden verkosto, joka avustaa kansainv\u00e4lisiss\u00e4 muutoissa. He ovat IAM:n j\u00e4sen 40 vuoden palvelusaikana, ja FIDI on akkreditoinut heid\u00e4t.<\/p>\n<p>Orbit Moving and Storage tarjoaa yksityisten ja yritysten muuttopalveluja, joissa k\u00e4ytet\u00e4\u00e4n uusinta tekniikkaa ja pakkausmateriaaleja. Se tarjoaa ammattitaitoista pakkauspalvelua ja j\u00e4rjest\u00e4\u00e4 tavarasi kuljetuksen, mukaan lukien erikoispalvelu kuvataiteille, lemmikkiel\u00e4imille ja ajoneuvoille.<\/p>\n<p>Verkkosivusto: <a href=\"http:\/\/www.orbitcy.com\/\" target=\"_blank\" rel=\"noopener\">http:\/\/www.orbitcy.com\/<\/a><\/p>\n<p>Katso my\u00f6s:<\/p>\n<ul>\n<li> <a href=\"https:\/\/moverdb.com\/fi\/moving-to-cyprus\/living-in-cyprus\/\">20 salaisuutta Kyproksella asumisesta, jotka on hyv\u00e4 tiet\u00e4\u00e4 ennen muuttoa<\/a><\/li>\n<li> <a href=\"https:\/\/moverdb.com\/fi\/moving-to-cyprus\/\">Muutatko Kyprokselle? Elinkustannukset ja muuttovinkit<\/a><\/li>\n<li> <a href=\"https:\/\/moverdb.com\/fi\/konttikuljetukset\/kypros\/\">Konttikuljetusten hinnat Kyprokselle ja Kyprokselta<\/a><\/li>\n<\/ul>","protected":false},"excerpt":{"rendered":"<p>If you are moving home in Cyprus, or moving to or from Cyprus you might want some help with your move from a moving or relocation agent that can take away some of the stress. Below we have compiled a list of Cyprus removal companies that are members of the International Association of Movers (IAM) [&hellip;]<\/p>\n","protected":false},"author":4,"featured_media":0,"parent":190,"menu_order":0,"comment_status":"closed","ping_status":"closed","template":"","meta":{"_genesis_hide_title":false,"_genesis_hide_breadcrumbs":false,"_genesis_hide_singular_image":false,"_genesis_hide_footer_widgets":false,"_genesis_custom_body_class":"","_genesis_custom_post_class":"","_genesis_layout":"","footnotes":""},"class_list":{"0":"post-6024","1":"page","2":"type-page","3":"status-publish","5":"entry","6":"has-post-thumbnail"},"_links":{"self":[{"href":"https:\/\/moverdb.com\/fi\/wp-json\/wp\/v2\/pages\/6024","targetHints":{"allow":["GET"]}}],"collection":[{"href":"https:\/\/moverdb.com\/fi\/wp-json\/wp\/v2\/pages"}],"about":[{"href":"https:\/\/moverdb.com\/fi\/wp-json\/wp\/v2\/types\/page"}],"author":[{"embeddable":true,"href":"https:\/\/moverdb.com\/fi\/wp-json\/wp\/v2\/users\/4"}],"replies":[{"embeddable":true,"href":"https:\/\/moverdb.com\/fi\/wp-json\/wp\/v2\/comments?post=6024"}],"version-history":[{"count":4,"href":"https:\/\/moverdb.com\/fi\/wp-json\/wp\/v2\/pages\/6024\/revisions"}],"predecessor-version":[{"id":15035,"href":"https:\/\/moverdb.com\/fi\/wp-json\/wp\/v2\/pages\/6024\/revisions\/15035"}],"up":[{"embeddable":true,"href":"https:\/\/moverdb.com\/fi\/wp-json\/wp\/v2\/pages\/190"}],"wp:attachment":[{"href":"https:\/\/moverdb.com\/fi\/wp-json\/wp\/v2\/media?parent=6024"}],"curies":[{"name":"wp","href":"https:\/\/api.w.org\/{rel}","templated":true}]}}