{"id":6022,"date":"2023-02-01T12:31:45","date_gmt":"2023-02-01T12:31:45","guid":{"rendered":"https:\/\/moverdb.com\/?page_id=6022"},"modified":"2026-01-08T15:23:40","modified_gmt":"2026-01-08T15:23:40","slug":"moving-companies-curacao","status":"publish","type":"page","link":"https:\/\/moverdb.com\/fi\/moving-companies\/moving-companies-curacao\/","title":{"rendered":"2 parasta kansainv\u00e4list\u00e4 muuttoa harjoittavaa yrityst\u00e4 Curacaossa"},"content":{"rendered":"<p>Muutto kotiin tai toimistoon voi olla stressaavaa ja aikaa viev\u00e4\u00e4, joten muutto- tai siirtoyrityksen tuki voi kevent\u00e4\u00e4 taakkaasi, ja voit hy\u00f6ty\u00e4 heid\u00e4n kokemuksestaan. Alla on lueteltu <a href=\"https:\/\/moverdb.com\/fi\/moving-to-curacao\/\" data-internallinksmanager029f6b8e52c=\"429\" title=\"Muutatko Cura\u00e7aoon? 2023 Elinkustannukset ja muuttovinkit\">Curacao<\/a> <a href=\"https:\/\/moverdb.com\/fi\/international-removals\/\" data-internallinksmanager029f6b8e52c=\"27\" title=\"36 Parhaat kansainv\u00e4liset muuttoyritykset Yhdistyneess\u00e4 kuningaskunnassa\">muuttofirmat<\/a> jotka ovat j\u00e4seni\u00e4 <a href=\"https:\/\/moverdb.com\/fi\/iam\/\" data-internallinksmanager029f6b8e52c=\"23\" title=\"Kansainv\u00e4linen muuttajien liitto (IAM) selitetty\">Kansainv\u00e4linen muuttajien liitto<\/a> (IAM) ja\/tai <a href=\"https:\/\/moverdb.com\/fi\/fidi-faim\/\" data-internallinksmanager029f6b8e52c=\"16\" title=\"FIDI &amp; FAIM (FIDI Accredited International Mover) selitettyin\u00e4\">FIDI<\/a> Accredited International Mover (FAIM), joka voi auttaa sinua.<\/p>\n<h2><strong>1. AGS Meyer<\/strong><\/h2>\n<p><img loading=\"lazy\" decoding=\"async\" class=\"alignnone size-full wp-image-5918\" src=\"https:\/\/moverdb.com\/wp-content\/uploads\/AGS-Meyer-international-moving-company.png\" alt=\"AGS Meyer kansainv\u00e4linen muuttoliikeyritys\" width=\"1440\" height=\"684\" data-wp-pid=\"5918\" srcset=\"https:\/\/moverdb.com\/wp-content\/uploads\/AGS-Meyer-international-moving-company.png 1440w, https:\/\/moverdb.com\/wp-content\/uploads\/AGS-Meyer-international-moving-company-300x143.png 300w, https:\/\/moverdb.com\/wp-content\/uploads\/AGS-Meyer-international-moving-company-1024x486.png 1024w, https:\/\/moverdb.com\/wp-content\/uploads\/AGS-Meyer-international-moving-company-18x9.png 18w, https:\/\/moverdb.com\/wp-content\/uploads\/AGS-Meyer-international-moving-company-600x285.png 600w\" sizes=\"auto, (max-width: 1440px) 100vw, 1440px\" \/><\/p>\n<ul>\n<li>Paikalliset siirrot<\/li>\n<li>Kansainv\u00e4liset siirrot<\/li>\n<li>Kotitalouksien muutot<\/li>\n<li>Yritysten uudelleensijoitukset<\/li>\n<li>Ovelta ovelle -palvelu<\/li>\n<li>Pakkauspalvelut<\/li>\n<li>Maa-, ilma- ja merikuljetukset<\/li>\n<li>Tullimuodollisuudet<\/li>\n<li>FIDI:n hyv\u00e4ksym\u00e4<\/li>\n<li>Varastointipalvelut<\/li>\n<\/ul>\n<p>AGS Meyer on <a href=\"https:\/\/moverdb.com\/fi\/moving-companies\/\" data-internallinksmanager029f6b8e52c=\"79\" title=\"Top 25 Kansainv\u00e4list\u00e4 muuttoyrityksi\u00e4 verkossa\">muuttofirma<\/a> perustettiin vuonna 1959 Curacaolla tarjoamaan paikallisia ja kansainv\u00e4lisi\u00e4 siirtoja kotitalouksille ja yrityksille, ja sill\u00e4 on 7 toimipistett\u00e4 Karibialla. Heill\u00e4 on maailmanlaajuinen verkosto, johon kuuluvat muuttoagentit toimittavat kansainv\u00e4lisi\u00e4 muuttoja. He ovat IAM:n j\u00e4sen 63 vuoden ajan, ja FIDI on akkreditoinut heid\u00e4t.<\/p>\n<p>AGS Meyer tarjoaa ovelta ovelle -muuttopalveluja, mukaan lukien uudelleensijoittaminen, muutto ja varastointi yksityisasiakkaille, yrityksille ja diplomaattisille virastoille. He antavat neuvoja muutostasi varten ja avustavat sinua kaikissa vaiheissa. He pakkaavat tavarasi turvallisesti, j\u00e4rjest\u00e4v\u00e4t kuljetuksen ja tullimuodollisuudet sek\u00e4 purkavat tavarat m\u00e4\u00e4r\u00e4np\u00e4\u00e4ss\u00e4si.<\/p>\n<p>Verkkosivusto: <a href=\"https:\/\/www.meyermoving.com\/\" target=\"_blank\" rel=\"noopener\">https:\/\/www.meyermoving.com\/<\/a><\/p>\n<h2><strong>2. Karibian muutto palvelut<\/strong><\/h2>\n<p><img loading=\"lazy\" decoding=\"async\" class=\"alignnone size-full wp-image-5933\" src=\"https:\/\/moverdb.com\/wp-content\/uploads\/Caribbean-Moving-Services-international-moving-company.png\" alt=\"Caribbean Moving Services kansainv\u00e4linen muuttofirma\" width=\"1440\" height=\"680\" data-wp-pid=\"5933\" srcset=\"https:\/\/moverdb.com\/wp-content\/uploads\/Caribbean-Moving-Services-international-moving-company.png 1440w, https:\/\/moverdb.com\/wp-content\/uploads\/Caribbean-Moving-Services-international-moving-company-300x142.png 300w, https:\/\/moverdb.com\/wp-content\/uploads\/Caribbean-Moving-Services-international-moving-company-1024x484.png 1024w, https:\/\/moverdb.com\/wp-content\/uploads\/Caribbean-Moving-Services-international-moving-company-18x9.png 18w, https:\/\/moverdb.com\/wp-content\/uploads\/Caribbean-Moving-Services-international-moving-company-600x283.png 600w\" sizes=\"auto, (max-width: 1440px) 100vw, 1440px\" \/><\/p>\n<ul>\n<li>Paikalliset siirrot<\/li>\n<li>Kansainv\u00e4liset siirrot<\/li>\n<li>Asuntojen muutot<\/li>\n<li>Toimiston muutot<\/li>\n<li>R\u00e4\u00e4t\u00e4l\u00f6ity uudelleensijoittamissuunnitelma<\/li>\n<li>Pakkauspalvelu<\/li>\n<li>Huonekalujen purkaminen ja kokoaminen<\/li>\n<li>Maa, meri ja ilma<\/li>\n<li>Tulliselvitys<\/li>\n<li>Varastointitilat<\/li>\n<\/ul>\n<p>Caribbean Moving Services on Willemstadin muuttofirma, joka on osa yritysryhm\u00e4\u00e4, johon kuuluvat Caribbean Cargo Services ja G&amp;V Free Zone. Yritys perustettiin vuonna 1981 rahtiliikkeeksi, ja se laajeni muuttopalveluihin vuonna 1994, jolloin siit\u00e4 tuli saaren suurin muuttoliikeyritys. Yritys on IAM:n j\u00e4sen, jolla on 28 vuoden kokemus, ja se on FIDI:n akkreditoima.<\/p>\n<p>Caribbean Moving Services tarjoaa yhden luukun muuttopalvelun, joka alkaa kartoituksesta ja yhdest\u00e4 yhteyspisteest\u00e4. Se tarjoaa ammattitaitoista pakkauspalvelua, johon kuuluu huonekalujen purkaminen ja tavaroiden turvallinen pakkaaminen. He j\u00e4rjest\u00e4v\u00e4t maa-, meri- tai ilmakuljetuksen tulliselvityksineen, pakkaavat ja kokoavat huonekalut.<\/p>\n<p>Verkkosivusto: <a href=\"https:\/\/www.cmscur.com\/\" target=\"_blank\" rel=\"noopener\">https:\/\/www.cmscur.com\/<\/a><\/p>","protected":false},"excerpt":{"rendered":"<p>Moving home or office can be stressful and time-consuming so getting some support from a moving or relocation company can help lighten your load and you can benefit from their experience. Below we have listed Curacao removal companies that are members of the International Association of Movers (IAM) and\/or FIDI Accredited International Mover (FAIM) who [&hellip;]<\/p>\n","protected":false},"author":4,"featured_media":0,"parent":190,"menu_order":0,"comment_status":"closed","ping_status":"closed","template":"","meta":{"_genesis_hide_title":false,"_genesis_hide_breadcrumbs":false,"_genesis_hide_singular_image":false,"_genesis_hide_footer_widgets":false,"_genesis_custom_body_class":"","_genesis_custom_post_class":"","_genesis_layout":"","footnotes":""},"class_list":{"0":"post-6022","1":"page","2":"type-page","3":"status-publish","5":"entry","6":"has-post-thumbnail"},"_links":{"self":[{"href":"https:\/\/moverdb.com\/fi\/wp-json\/wp\/v2\/pages\/6022","targetHints":{"allow":["GET"]}}],"collection":[{"href":"https:\/\/moverdb.com\/fi\/wp-json\/wp\/v2\/pages"}],"about":[{"href":"https:\/\/moverdb.com\/fi\/wp-json\/wp\/v2\/types\/page"}],"author":[{"embeddable":true,"href":"https:\/\/moverdb.com\/fi\/wp-json\/wp\/v2\/users\/4"}],"replies":[{"embeddable":true,"href":"https:\/\/moverdb.com\/fi\/wp-json\/wp\/v2\/comments?post=6022"}],"version-history":[{"count":1,"href":"https:\/\/moverdb.com\/fi\/wp-json\/wp\/v2\/pages\/6022\/revisions"}],"predecessor-version":[{"id":6023,"href":"https:\/\/moverdb.com\/fi\/wp-json\/wp\/v2\/pages\/6022\/revisions\/6023"}],"up":[{"embeddable":true,"href":"https:\/\/moverdb.com\/fi\/wp-json\/wp\/v2\/pages\/190"}],"wp:attachment":[{"href":"https:\/\/moverdb.com\/fi\/wp-json\/wp\/v2\/media?parent=6022"}],"curies":[{"name":"wp","href":"https:\/\/api.w.org\/{rel}","templated":true}]}}