{"id":6020,"date":"2023-02-01T13:55:01","date_gmt":"2023-02-01T13:55:01","guid":{"rendered":"https:\/\/moverdb.com\/?page_id=6020"},"modified":"2026-01-08T15:29:53","modified_gmt":"2026-01-08T15:29:53","slug":"muuttoyritykset-kroatia","status":"publish","type":"page","link":"https:\/\/moverdb.com\/fi\/moving-companies\/moving-companies-croatia\/","title":{"rendered":"Parhaat kansainv\u00e4liset muuttofirmat Kroatiassa"},"content":{"rendered":"<p>Jos olet muuttamassa kotiin tai yritykseen <a href=\"https:\/\/moverdb.com\/fi\/moving-to-croatia\/\" data-internallinksmanager029f6b8e52c=\"428\" title=\"Muutat Kroatiaan? 2023 Elinkustannukset ja muuttovinkit\">Kroatia<\/a>, tai Kroatiaan tai Kroatiasta, saatat haluta apua muuton kanssa. Muuttoa suunnittelevien avuksi olemme koonneet luettelon kroatialaisista <a href=\"https:\/\/moverdb.com\/fi\/international-removals\/\" data-internallinksmanager029f6b8e52c=\"27\" title=\"36 Parhaat kansainv\u00e4liset muuttoyritykset Yhdistyneess\u00e4 kuningaskunnassa\">muuttofirmat<\/a> jotka ovat j\u00e4seni\u00e4 <a href=\"https:\/\/moverdb.com\/fi\/iam\/\" data-internallinksmanager029f6b8e52c=\"23\" title=\"Kansainv\u00e4linen muuttajien liitto (IAM) selitetty\">Kansainv\u00e4linen muuttajien liitto<\/a> (IAM) ja\/tai <a href=\"https:\/\/moverdb.com\/fi\/fidi-faim\/\" data-internallinksmanager029f6b8e52c=\"16\" title=\"FIDI &amp; FAIM (FIDI Accredited International Mover) selitettyin\u00e4\">FIDI<\/a> Akkreditoitu kansainv\u00e4linen maahantuoja (FAIM).<\/p>\n<h2><strong>Gosselin<\/strong><\/h2>\n<p><img loading=\"lazy\" decoding=\"async\" class=\"alignnone size-full wp-image-5953\" src=\"https:\/\/moverdb.com\/wp-content\/uploads\/Gosselin-Croatia-international-moving-company.png\" alt=\"Gosselin Kroatia kansainv\u00e4linen muuttofirma\" width=\"1440\" height=\"680\" data-wp-pid=\"5953\" srcset=\"https:\/\/moverdb.com\/wp-content\/uploads\/Gosselin-Croatia-international-moving-company.png 1440w, https:\/\/moverdb.com\/wp-content\/uploads\/Gosselin-Croatia-international-moving-company-300x142.png 300w, https:\/\/moverdb.com\/wp-content\/uploads\/Gosselin-Croatia-international-moving-company-1024x484.png 1024w, https:\/\/moverdb.com\/wp-content\/uploads\/Gosselin-Croatia-international-moving-company-18x9.png 18w, https:\/\/moverdb.com\/wp-content\/uploads\/Gosselin-Croatia-international-moving-company-600x283.png 600w\" sizes=\"auto, (max-width: 1440px) 100vw, 1440px\" \/><\/p>\n<ul>\n<li>Kansalliset siirrot<\/li>\n<li>Kansainv\u00e4liset siirrot<\/li>\n<li>Kotitalouksien muutot<\/li>\n<li>Toimiston ja suurl\u00e4hetyst\u00f6n muutot<\/li>\n<li>Koulutetut muuttomiehet tarjoavat korkealaatuiset standardit<\/li>\n<li>Pakkaus- ja purkamispalvelu<\/li>\n<li>Kuvataide liikkuvat<\/li>\n<li>Lemmikkiel\u00e4inten kuljetus<\/li>\n<li>Ajoneuvon l\u00e4hetys<\/li>\n<li>Lyhytaikainen ja pitk\u00e4aikainen varastointi<\/li>\n<\/ul>\n<p>Gosselin on <a href=\"https:\/\/moverdb.com\/fi\/moving-companies\/\" data-internallinksmanager029f6b8e52c=\"79\" title=\"Top 25 Kansainv\u00e4list\u00e4 muuttoyrityksi\u00e4 verkossa\">kansainv\u00e4linen muuttofirma<\/a> jolla on toimistoja ymp\u00e4ri maailmaa ja joka on toiminut vuodesta 1930. Se on tarjonnut muuttopalveluja Kroatiassa yli 20 vuoden ajan Zagrebissa sijaitsevasta tukikohdastaan k\u00e4sin. He ovat IAM:n j\u00e4sen 9 vuoden ajan.<\/p>\n<p>Gosselin tarjoaa ammattitaitoista muuttopalvelua, joka kattaa poikkeuksellisen suuret tai pienet muutot, joihin voi sis\u00e4lty\u00e4 my\u00f6s huolellisempaa k\u00e4sittely\u00e4 vaativia taide-esineit\u00e4, sek\u00e4 erikoispalveluja, kuten lemmikkiel\u00e4inten ja ajoneuvojen kuljetuksia. Gosselin tarjoaa koulutettua henkil\u00f6kuntaa, joka ty\u00f6skentelee korkealaatuisten standardien mukaisesti suojellakseen tavaroitasi kuljetuksen aikana ja purkaa tavarasi saapuessasi.<\/p>\n<p>Verkkosivusto: <a href=\"https:\/\/gosselin-moving.com\/en\/southeast-europe\" target=\"_blank\" rel=\"noopener\">https:\/\/gosselin-moving.com\/en\/southeast-europe<\/a><\/p>\n<h2>Muita hy\u00f6dyllisi\u00e4 Kroatian oppaita<\/h2>\n<ul>\n<li> <a href=\"https:\/\/moverdb.com\/fi\/konttikuljetukset\/kroatia\/\">2024 Merirahti konttien laivaushinnat Kroatiaan ja Kroatiasta<\/a><\/li>\n<li> <a href=\"https:\/\/moverdb.com\/fi\/moving-to-croatia\/\">Muutat Kroatiaan? 2023 Elinkustannukset ja muuttovinkit<\/a><\/li>\n<li> <a href=\"https:\/\/moverdb.com\/fi\/moving-to-croatia\/living-in-croatia\/\">21 salaisuuksia asumisesta Kroatiassa tiet\u00e4\u00e4 ennen muuttoa<\/a><\/li>\n<\/ul>","protected":false},"excerpt":{"rendered":"<p>If you are moving home or business in Croatia, or to or from Croatia, you might want some help with your move. To assist those that are moving we have compiled a list of Croatian removal companies below that are members of the International Association of Movers (IAM) and\/or FIDI Accredited International Mover (FAIM). Gosselin [&hellip;]<\/p>\n","protected":false},"author":4,"featured_media":0,"parent":190,"menu_order":0,"comment_status":"closed","ping_status":"closed","template":"","meta":{"_genesis_hide_title":false,"_genesis_hide_breadcrumbs":false,"_genesis_hide_singular_image":false,"_genesis_hide_footer_widgets":false,"_genesis_custom_body_class":"","_genesis_custom_post_class":"","_genesis_layout":"","footnotes":""},"class_list":{"0":"post-6020","1":"page","2":"type-page","3":"status-publish","5":"entry","6":"has-post-thumbnail"},"_links":{"self":[{"href":"https:\/\/moverdb.com\/fi\/wp-json\/wp\/v2\/pages\/6020","targetHints":{"allow":["GET"]}}],"collection":[{"href":"https:\/\/moverdb.com\/fi\/wp-json\/wp\/v2\/pages"}],"about":[{"href":"https:\/\/moverdb.com\/fi\/wp-json\/wp\/v2\/types\/page"}],"author":[{"embeddable":true,"href":"https:\/\/moverdb.com\/fi\/wp-json\/wp\/v2\/users\/4"}],"replies":[{"embeddable":true,"href":"https:\/\/moverdb.com\/fi\/wp-json\/wp\/v2\/comments?post=6020"}],"version-history":[{"count":2,"href":"https:\/\/moverdb.com\/fi\/wp-json\/wp\/v2\/pages\/6020\/revisions"}],"predecessor-version":[{"id":18351,"href":"https:\/\/moverdb.com\/fi\/wp-json\/wp\/v2\/pages\/6020\/revisions\/18351"}],"up":[{"embeddable":true,"href":"https:\/\/moverdb.com\/fi\/wp-json\/wp\/v2\/pages\/190"}],"wp:attachment":[{"href":"https:\/\/moverdb.com\/fi\/wp-json\/wp\/v2\/media?parent=6020"}],"curies":[{"name":"wp","href":"https:\/\/api.w.org\/{rel}","templated":true}]}}