{"id":6015,"date":"2023-02-01T13:48:20","date_gmt":"2023-02-01T13:48:20","guid":{"rendered":"https:\/\/moverdb.com\/?page_id=6015"},"modified":"2026-01-08T15:29:16","modified_gmt":"2026-01-08T15:29:16","slug":"moving-companies-costa-rica","status":"publish","type":"page","link":"https:\/\/moverdb.com\/fi\/moving-companies\/moving-companies-costa-rica\/","title":{"rendered":"6 parasta kansainv\u00e4list\u00e4 muuttofirmaa Costa Ricassa"},"content":{"rendered":"<p>Oletko muuttamassa <a href=\"https:\/\/moverdb.com\/fi\/moving-to-costa-rica\/\" data-internallinksmanager029f6b8e52c=\"427\" title=\"Muutatko Costa Ricaan? 2023 Elinkustannukset ja muuttovinkit\">Costa Rica<\/a>, tai Costa Ricassa muuttamassa? Silloin saatat olla kiinnostunut tarvitsemaan apua kaikkien tavaroiden siirt\u00e4misess\u00e4, sill\u00e4 se voi olla monimutkaista, varsinkin jos olet muuttamassa maasta toiseen. Olemme koonneet alla olevan luettelon Costa Rican muuttopalveluista. <a href=\"https:\/\/moverdb.com\/fi\/international-removals\/\" data-internallinksmanager029f6b8e52c=\"27\" title=\"36 Parhaat kansainv\u00e4liset muuttoyritykset Yhdistyneess\u00e4 kuningaskunnassa\">muuttofirmat<\/a> jotka ovat j\u00e4seni\u00e4 <a href=\"https:\/\/moverdb.com\/fi\/iam\/\" data-internallinksmanager029f6b8e52c=\"23\" title=\"Kansainv\u00e4linen muuttajien liitto (IAM) selitetty\">Kansainv\u00e4linen muuttajien liitto<\/a> (IAM) ja\/tai <a href=\"https:\/\/moverdb.com\/fi\/fidi-faim\/\" data-internallinksmanager029f6b8e52c=\"16\" title=\"FIDI &amp; FAIM (FIDI Accredited International Mover) selitettyin\u00e4\">FIDI<\/a> Accredited International Mover (FAIM), joka voi auttaa sinua.<\/p>\n<div id=\"ez-toc-container\" class=\"ez-toc-v2_0_82_2 ez-toc-wrap-left counter-hierarchy ez-toc-counter ez-toc-transparent ez-toc-container-direction\">\n<div class=\"ez-toc-title-container\">\n<p class=\"ez-toc-title\" style=\"cursor:inherit\">Jaksot<\/p>\n<span class=\"ez-toc-title-toggle\"><a href=\"#\" class=\"ez-toc-pull-right ez-toc-btn ez-toc-btn-xs ez-toc-btn-default ez-toc-toggle\" aria-label=\"Sis\u00e4llysluettelon vaihtaminen\"><span class=\"ez-toc-js-icon-con\"><span class=\"\"><span class=\"eztoc-hide\" style=\"display:none;\">Toggle<\/span><span class=\"ez-toc-icon-toggle-span\"><svg style=\"fill: #999;color:#999\" xmlns=\"http:\/\/www.w3.org\/2000\/svg\" class=\"list-377408\" width=\"20px\" height=\"20px\" viewbox=\"0 0 24 24\" fill=\"none\"><path d=\"M6 6H4v2h2V6zm14 0H8v2h12V6zM4 11h2v2H4v-2zm16 0H8v2h12v-2zM4 16h2v2H4v-2zm16 0H8v2h12v-2z\" fill=\"currentColor\"><\/path><\/svg><svg style=\"fill: #999;color:#999\" class=\"arrow-unsorted-368013\" xmlns=\"http:\/\/www.w3.org\/2000\/svg\" width=\"10px\" height=\"10px\" viewbox=\"0 0 24 24\" version=\"1.2\" baseprofile=\"tiny\"><path d=\"M18.2 9.3l-6.2-6.3-6.2 6.3c-.2.2-.3.4-.3.7s.1.5.3.7c.2.2.4.3.7.3h11c.3 0 .5-.1.7-.3.2-.2.3-.5.3-.7s-.1-.5-.3-.7zM5.8 14.7l6.2 6.3 6.2-6.3c.2-.2.3-.5.3-.7s-.1-.5-.3-.7c-.2-.2-.4-.3-.7-.3h-11c-.3 0-.5.1-.7.3-.2.2-.3.5-.3.7s.1.5.3.7z\"\/><\/svg><\/span><\/span><\/span><\/a><\/span><\/div>\n<nav><ul class='ez-toc-list ez-toc-list-level-1 eztoc-toggle-hide-by-default' ><li class='ez-toc-page-1 ez-toc-heading-level-2'><a class=\"ez-toc-link ez-toc-heading-1\" href=\"https:\/\/moverdb.com\/fi\/moving-companies\/moving-companies-costa-rica\/#1_Allianz_Moving\" >1. Allianz Moving<\/a><\/li><li class='ez-toc-page-1 ez-toc-heading-level-2'><a class=\"ez-toc-link ez-toc-heading-2\" href=\"https:\/\/moverdb.com\/fi\/moving-companies\/moving-companies-costa-rica\/#2_Gateway_Moving_and_Relocation\" >2. Gateway Moving and Relocation<\/a><\/li><li class='ez-toc-page-1 ez-toc-heading-level-2'><a class=\"ez-toc-link ez-toc-heading-3\" href=\"https:\/\/moverdb.com\/fi\/moving-companies\/moving-companies-costa-rica\/#3_Inter_Moves_SG_Global\" >3. Inter Moves SG Global<\/a><\/li><li class='ez-toc-page-1 ez-toc-heading-level-2'><a class=\"ez-toc-link ez-toc-heading-4\" href=\"https:\/\/moverdb.com\/fi\/moving-companies\/moving-companies-costa-rica\/#4_Mudanzas_Mundiales\" >4. Mudanzas Mundiales<\/a><\/li><li class='ez-toc-page-1 ez-toc-heading-level-2'><a class=\"ez-toc-link ez-toc-heading-5\" href=\"https:\/\/moverdb.com\/fi\/moving-companies\/moving-companies-costa-rica\/#5_Multimodal\" >5. Multimodaalinen<\/a><\/li><li class='ez-toc-page-1 ez-toc-heading-level-2'><a class=\"ez-toc-link ez-toc-heading-6\" href=\"https:\/\/moverdb.com\/fi\/moving-companies\/moving-companies-costa-rica\/#6_Winmovers\" >6. Winmovers<\/a><\/li><li class='ez-toc-page-1 ez-toc-heading-level-2'><a class=\"ez-toc-link ez-toc-heading-7\" href=\"https:\/\/moverdb.com\/fi\/moving-companies\/moving-companies-costa-rica\/#Other_Useful_Guides_to_Costa_Rica\" >Muita hy\u00f6dyllisi\u00e4 oppaita Costa Ricaan<\/a><\/li><\/ul><\/nav><\/div>\n<h2><span class=\"ez-toc-section\" id=\"1_Allianz_Moving\"><\/span><strong>1. Allianz Moving<\/strong><span class=\"ez-toc-section-end\"><\/span><\/h2>\n<p><img loading=\"lazy\" decoding=\"async\" class=\"alignnone size-full wp-image-5925\" src=\"https:\/\/moverdb.com\/wp-content\/uploads\/Allianz-Moving-international-moving-company.png\" alt=\"Allianz Moving kansainv\u00e4linen muuttofirma\" width=\"1440\" height=\"684\" data-wp-pid=\"5925\" srcset=\"https:\/\/moverdb.com\/wp-content\/uploads\/Allianz-Moving-international-moving-company.png 1440w, https:\/\/moverdb.com\/wp-content\/uploads\/Allianz-Moving-international-moving-company-300x143.png 300w, https:\/\/moverdb.com\/wp-content\/uploads\/Allianz-Moving-international-moving-company-1024x486.png 1024w, https:\/\/moverdb.com\/wp-content\/uploads\/Allianz-Moving-international-moving-company-18x9.png 18w, https:\/\/moverdb.com\/wp-content\/uploads\/Allianz-Moving-international-moving-company-600x285.png 600w\" sizes=\"auto, (max-width: 1440px) 100vw, 1440px\" \/><\/p>\n<ul>\n<li>Paikalliset ja kansalliset siirrot<\/li>\n<li>Kansainv\u00e4liset siirrot<\/li>\n<li>Muuttopalvelut<\/li>\n<li>Asuntojen muutot<\/li>\n<li>Toimiston muutot<\/li>\n<li>Pakkauspalvelu<\/li>\n<li>Vakuutus<\/li>\n<li>Lemmikkiel\u00e4inten siirt\u00e4minen<\/li>\n<li><a href=\"https:\/\/moverdb.com\/fi\/car-transport-shipping\/\" data-internallinksmanager029f6b8e52c=\"2\" title=\"2026 Kansainv\u00e4linen autokuljetus ja ajoneuvojen kuljetus tarjoukset\">Autonkuljetus<\/a><\/li>\n<li>Varastointitilat<\/li>\n<\/ul>\n<p>Allianz Moving on kansainv\u00e4listen muuttoratkaisujen tarjoaja, jolla on yli 20 vuoden kokemus paikallisista muutoista ja maailmanlaajuisista muutoista. Se tarjoaa kansainv\u00e4lisi\u00e4 siirtoja maailmanlaajuisen muuttokumppaniverkostonsa kautta. He ovat IAM:n j\u00e4sen 7 vuoden ajan.<\/p>\n<p>Allianz Moving tarjoaa ennen muuttoa kartoituksen, jossa arvioidaan tarpeesi ja annetaan tarjous. Se tarjoaa sinulle pakkauspalvelun, joka suojaa tavarasi, ja j\u00e4rjest\u00e4\u00e4 tavarasi kuljetuksen tulliselvitys mukaan lukien. He tarjoavat my\u00f6s muita kansainv\u00e4lisi\u00e4 muuttopalveluja lemmikkiel\u00e4imille ja autoille sek\u00e4 lyhytaikaisia ja pitk\u00e4aikaisia varastointimahdollisuuksia.<\/p>\n<p>Verkkosivusto: <a href=\"http:\/\/www.allianzmoving.com\" target=\"_blank\" rel=\"noopener\">http:\/\/www.allianzmoving.com<\/a><\/p>\n<h2><span class=\"ez-toc-section\" id=\"2_Gateway_Moving_and_Relocation\"><\/span><strong>2. Gateway Moving and Relocation<\/strong><span class=\"ez-toc-section-end\"><\/span><\/h2>\n<p><img loading=\"lazy\" decoding=\"async\" class=\"alignnone size-full wp-image-5949\" src=\"https:\/\/moverdb.com\/wp-content\/uploads\/Gateway-Moving-and-Relocation-international-moving-company.png\" alt=\"Gateway Moving and Relocation kansainv\u00e4linen muuttofirma\" width=\"1440\" height=\"683\" data-wp-pid=\"5949\" srcset=\"https:\/\/moverdb.com\/wp-content\/uploads\/Gateway-Moving-and-Relocation-international-moving-company.png 1440w, https:\/\/moverdb.com\/wp-content\/uploads\/Gateway-Moving-and-Relocation-international-moving-company-300x142.png 300w, https:\/\/moverdb.com\/wp-content\/uploads\/Gateway-Moving-and-Relocation-international-moving-company-1024x486.png 1024w, https:\/\/moverdb.com\/wp-content\/uploads\/Gateway-Moving-and-Relocation-international-moving-company-18x9.png 18w, https:\/\/moverdb.com\/wp-content\/uploads\/Gateway-Moving-and-Relocation-international-moving-company-600x285.png 600w\" sizes=\"auto, (max-width: 1440px) 100vw, 1440px\" \/><\/p>\n<ul>\n<li>Paikalliset ja kansalliset siirrot<\/li>\n<li>Kansainv\u00e4liset siirrot<\/li>\n<li>Asuntojen muutot<\/li>\n<li>Teollisuus- ja toimistosiirrot<\/li>\n<li>R\u00e4\u00e4t\u00e4l\u00f6idyt muuttopaketit<\/li>\n<li>Pakkauspalvelut ja laatikointi<\/li>\n<li>Laadukkaat laitteet<\/li>\n<li>Tulliv\u00e4litys<\/li>\n<li>Ajoneuvojen kuljetus<\/li>\n<li>Varastointitilat<\/li>\n<\/ul>\n<p>Gateway Moving and Relocation on perheomisteinen muutto- ja siirtoyritys, joka sijaitsee osoitteessa New York. <a href=\"https:\/\/moverdb.com\/fi\/moving-to-san-jose\/\" data-internallinksmanager029f6b8e52c=\"64\" title=\"Muutatko San Joseen? 2022 Elinkustannukset ja muuttovinkit\">San Jose<\/a> jolla on toimisto <a href=\"https:\/\/moverdb.com\/fi\/moving-companies\/moving-companies-nicaragua\/\" data-internallinksmanager029f6b8e52c=\"278\" title=\"Parhaat kansainv\u00e4liset muuttofirmat Nicaraguassa\">Nicaragua<\/a>. Ne toimivat yhteisty\u00f6ss\u00e4 muiden muuttopalveluyritysten kanssa ymp\u00e4ri maailmaa tarjotakseen kansainv\u00e4list\u00e4 palvelua. He ovat IAM:n j\u00e4sen, jolla on 6 vuoden kokemus.<\/p>\n<p>Gateway Moving and Relocation tarjoaa yksil\u00f6llisi\u00e4 muuttopaketteja, jotka r\u00e4\u00e4t\u00e4l\u00f6id\u00e4\u00e4n juuri sinun tarpeisiisi. He tarjoavat pakkauspalvelun, joka suojaa tavaroitasi kuljetuksen aikana. <a href=\"https:\/\/moverdb.com\/fi\/moving-to-china\/\" data-internallinksmanager029f6b8e52c=\"357\" title=\"Muutatko Kiinaan? 2023 Elinkustannukset ja muuttovinkit\">Kiina<\/a> soittimiin ja tilaa vieviin huonekaluihin. Ne tarjoavat tulliv\u00e4lityspalveluja, ajoneuvojen kuljetuspalveluja ja varastointipalveluja joko ennen muuttoa tai sen j\u00e4lkeen.<\/p>\n<p>Verkkosivusto: <a href=\"https:\/\/www.gatewaymovingcr.com\" target=\"_blank\" rel=\"noopener\">https:\/\/www.gatewaymovingcr.com<\/a><\/p>\n<h2><span class=\"ez-toc-section\" id=\"3_Inter_Moves_SG_Global\"><\/span><strong>3. Inter Moves SG Global<\/strong><span class=\"ez-toc-section-end\"><\/span><\/h2>\n<p><img loading=\"lazy\" decoding=\"async\" class=\"alignnone size-full wp-image-5959\" src=\"https:\/\/moverdb.com\/wp-content\/uploads\/Inter-Moves-SG-Global-international-moving-company.png\" alt=\"Inter Moves SG Maailmanlaajuinen kansainv\u00e4linen muuttofirma\" width=\"1440\" height=\"684\" data-wp-pid=\"5959\" srcset=\"https:\/\/moverdb.com\/wp-content\/uploads\/Inter-Moves-SG-Global-international-moving-company.png 1440w, https:\/\/moverdb.com\/wp-content\/uploads\/Inter-Moves-SG-Global-international-moving-company-300x143.png 300w, https:\/\/moverdb.com\/wp-content\/uploads\/Inter-Moves-SG-Global-international-moving-company-1024x486.png 1024w, https:\/\/moverdb.com\/wp-content\/uploads\/Inter-Moves-SG-Global-international-moving-company-18x9.png 18w, https:\/\/moverdb.com\/wp-content\/uploads\/Inter-Moves-SG-Global-international-moving-company-600x285.png 600w\" sizes=\"auto, (max-width: 1440px) 100vw, 1440px\" \/><\/p>\n<ul>\n<li>Paikalliset ja kansalliset siirrot<\/li>\n<li>Kansainv\u00e4liset siirrot<\/li>\n<li>Kotitalouksien muutot<\/li>\n<li>Toimistojen siirrot<\/li>\n<li>Pakkauspalvelut<\/li>\n<li>Tulliv\u00e4litt\u00e4j\u00e4<\/li>\n<li>Antiikkiesineiden ja taideteosten muutot<\/li>\n<li>Ajoneuvojen kuljetus<\/li>\n<li>Vakuutusvaihtoehdot<\/li>\n<li>Varastointitilat<\/li>\n<\/ul>\n<p>Inter Moves SG Global on vuonna 2001 perustettu huolinta- ja kansainv\u00e4listen muuttojen tarjoaja. Se tarjoaa paikallisia, kansallisia ja kansainv\u00e4lisi\u00e4 muuttopalveluja sek\u00e4 kotitalouksille ett\u00e4 toimistoille. Se on IAM:n j\u00e4sen, jolla on 21 vuoden kokemus.<\/p>\n<p>Inter Moves SG Global tarjoaa ammattimaista muuttopalvelua, joka pakkaa tavarasi ja huolehtii niiden lastaamisesta kontteihin ja laatikoihin sek\u00e4 kuljetuksesta m\u00e4\u00e4r\u00e4np\u00e4\u00e4h\u00e4si, mukaan lukien tulliv\u00e4litys. He tarjoavat vakuutusten v\u00e4lityst\u00e4, jotta l\u00f6yd\u00e4t parhaan vakuutusturvan muuttoasi varten. He tarjoavat jopa Bed &amp; Breakfast -hotellin niille muuttajille, jotka tarvitsevat v\u00e4liaikaista majoitusta.<\/p>\n<p>Verkkosivusto: <a href=\"http:\/\/www.InterMoves-SGCR.com\" target=\"_blank\" rel=\"noopener\">http:\/\/www.InterMoves-SGCR.com<\/a><\/p>\n<h2><span class=\"ez-toc-section\" id=\"4_Mudanzas_Mundiales\"><\/span><strong>4. Mudanzas Mundiales<\/strong><span class=\"ez-toc-section-end\"><\/span><\/h2>\n<p><img loading=\"lazy\" decoding=\"async\" class=\"alignnone size-full wp-image-5981\" src=\"https:\/\/moverdb.com\/wp-content\/uploads\/Mudanzas-Mundiales-international-moving-company.png\" alt=\"Mudanzas Mundiales kansainv\u00e4linen muuttofirma\" width=\"1440\" height=\"680\" data-wp-pid=\"5981\" srcset=\"https:\/\/moverdb.com\/wp-content\/uploads\/Mudanzas-Mundiales-international-moving-company.png 1440w, https:\/\/moverdb.com\/wp-content\/uploads\/Mudanzas-Mundiales-international-moving-company-300x142.png 300w, https:\/\/moverdb.com\/wp-content\/uploads\/Mudanzas-Mundiales-international-moving-company-1024x484.png 1024w, https:\/\/moverdb.com\/wp-content\/uploads\/Mudanzas-Mundiales-international-moving-company-18x9.png 18w, https:\/\/moverdb.com\/wp-content\/uploads\/Mudanzas-Mundiales-international-moving-company-600x283.png 600w\" sizes=\"auto, (max-width: 1440px) 100vw, 1440px\" \/><\/p>\n<ul>\n<li>Kansainv\u00e4liset siirrot<\/li>\n<li>Asuntojen muutot<\/li>\n<li>Kaupalliset siirrot<\/li>\n<li>Muuttopalvelut<\/li>\n<li>Ammattimainen pakkauspalvelu<\/li>\n<li>Kuljetus maitse, meritse tai ilmateitse<\/li>\n<li>Tulliv\u00e4litt\u00e4j\u00e4<\/li>\n<li>Taideteosten kuljetus<\/li>\n<li>Lemmikkiel\u00e4inten kuljetus<\/li>\n<li>Varastointitilat<\/li>\n<\/ul>\n<p>Mudanzas Mundiales on muuttofirma, jolla on yli 60 vuoden kokemus integroidusta logistiikasta ja kansainv\u00e4lisest\u00e4 kaupasta. Sill\u00e4 on toimistot San Josessa ja Nicaraguassa. Se on IAM:n j\u00e4sen, jolla on 53 vuoden kokemus, ja se on FIDI:n akkreditoima.<\/p>\n<p>Mudanzas Mundiales tarjoaa yksil\u00f6llist\u00e4 l\u00e4hestymistapaa muuttoihin ovelta ovelle -palvelulla, joka sis\u00e4lt\u00e4\u00e4 pakkauspalvelun, jossa k\u00e4ytet\u00e4\u00e4n laadukkaita materiaaleja, sek\u00e4 huonekalujen purkamisen ja j\u00e4rjestelyn. Se j\u00e4rjest\u00e4\u00e4 maa-, meri- tai lentokuljetuksen, johon sis\u00e4ltyy tulliv\u00e4litys ja vakuutus. Heid\u00e4n muuttopalvelunsa auttavat sinua orientoitumisessa, kodin ja koulun l\u00f6yt\u00e4misess\u00e4, saapumispalveluissa sek\u00e4 kieli- ja kulttuurikoulutuksessa.<\/p>\n<p>Verkkosivusto: <a href=\"http:\/\/mudanzasmundiales.com\" target=\"_blank\" rel=\"noopener\">http:\/\/mudanzasmundiales.com<\/a><\/p>\n<h2><span class=\"ez-toc-section\" id=\"5_Multimodal\"><\/span><strong>5. Multimodaalinen<\/strong><span class=\"ez-toc-section-end\"><\/span><\/h2>\n<p><img loading=\"lazy\" decoding=\"async\" class=\"alignnone size-full wp-image-5984\" src=\"https:\/\/moverdb.com\/wp-content\/uploads\/Multimodal-international-moving-company.png\" alt=\"Multimodaalinen kansainv\u00e4linen muuttoyhti\u00f6\" width=\"1440\" height=\"680\" data-wp-pid=\"5984\" srcset=\"https:\/\/moverdb.com\/wp-content\/uploads\/Multimodal-international-moving-company.png 1440w, https:\/\/moverdb.com\/wp-content\/uploads\/Multimodal-international-moving-company-300x142.png 300w, https:\/\/moverdb.com\/wp-content\/uploads\/Multimodal-international-moving-company-1024x484.png 1024w, https:\/\/moverdb.com\/wp-content\/uploads\/Multimodal-international-moving-company-18x9.png 18w, https:\/\/moverdb.com\/wp-content\/uploads\/Multimodal-international-moving-company-600x283.png 600w\" sizes=\"auto, (max-width: 1440px) 100vw, 1440px\" \/><\/p>\n<ul>\n<li>Kansainv\u00e4liset siirrot<\/li>\n<li>Asuntojen muutot<\/li>\n<li>Toimiston muutot<\/li>\n<li>L\u00e4hetysten k\u00e4sittely ja seuranta<\/li>\n<li>Maa-, meri- ja ilmakuljetukset<\/li>\n<li>Tulliv\u00e4litys<\/li>\n<li>Rahtivakuutus<\/li>\n<li>Lemmikkiel\u00e4inten kuljetus<\/li>\n<li>Ajoneuvojen kuljetus<\/li>\n<li>Varastointitilat<\/li>\n<\/ul>\n<p>Multimodal on erikoistunut kansainv\u00e4lisen kaupan ja tullin palveluntarjoaja, joka tarjoaa muuttopalveluja Costa Ricassa ja Nicaraguassa. Se perustettiin vuonna 1999, ja se tarjosi p\u00e4\u00e4asiassa lentorahtia, mutta laajeni tarjoamaan kaikkia kuljetusv\u00e4lineit\u00e4. Se on IAM:n j\u00e4sen, jolla on 37 vuoden kokemus, ja se toimii yhteisty\u00f6ss\u00e4 muiden virastojen kanssa tarjotakseen palvelujaan kansainv\u00e4lisesti.<\/p>\n<p>Multimodal tarjoaa turvallisen ja luotettavan muuttopalvelun, jossa ei ole komplikaatioita eik\u00e4 turhia kustannuksia. Se tarjoaa ammattimaisia pakkauspalveluja, jotta tavarat voidaan kuljettaa turvallisesti, ja se j\u00e4rjest\u00e4\u00e4 kuljetuksen maitse, meritse tai ilmateitse sek\u00e4 tulliv\u00e4lityksen.<\/p>\n<p>Verkkosivusto: <a href=\"http:\/\/www.multimodalcr.com\" target=\"_blank\" rel=\"noopener\">http:\/\/www.multimodalcr.com<\/a><\/p>\n<h2><span class=\"ez-toc-section\" id=\"6_Winmovers\"><\/span><strong>6. Winmovers<\/strong><span class=\"ez-toc-section-end\"><\/span><\/h2>\n<p><img loading=\"lazy\" decoding=\"async\" class=\"alignnone size-full wp-image-6016\" src=\"https:\/\/moverdb.com\/wp-content\/uploads\/Winmovers-international-moving-company.png\" alt=\"Winmovers kansainv\u00e4linen muuttoyhti\u00f6\" width=\"1440\" height=\"678\" data-wp-pid=\"6016\" srcset=\"https:\/\/moverdb.com\/wp-content\/uploads\/Winmovers-international-moving-company.png 1440w, https:\/\/moverdb.com\/wp-content\/uploads\/Winmovers-international-moving-company-300x141.png 300w, https:\/\/moverdb.com\/wp-content\/uploads\/Winmovers-international-moving-company-1024x482.png 1024w, https:\/\/moverdb.com\/wp-content\/uploads\/Winmovers-international-moving-company-18x8.png 18w, https:\/\/moverdb.com\/wp-content\/uploads\/Winmovers-international-moving-company-600x283.png 600w\" sizes=\"auto, (max-width: 1440px) 100vw, 1440px\" \/><\/p>\n<ul>\n<li>Paikalliset ja kansalliset siirrot<\/li>\n<li>Kansainv\u00e4liset siirrot<\/li>\n<li>Kotitalouksien muutot<\/li>\n<li>Liiketoiminnan siirrot<\/li>\n<li>Ovelta ovelle -palvelu<\/li>\n<li>Ammattimainen pakkauspalvelu<\/li>\n<li>Teollisuuspakkaukset<\/li>\n<li>Maa-, ilma- ja merikuljetukset<\/li>\n<li>Erikoistavarat, kuten piano- ja tietokonelaitteet<\/li>\n<li>Monipuolinen kuorma-autokalusto<\/li>\n<\/ul>\n<p>Winmovers on vuonna 2003 perustettu kansainv\u00e4listen ja paikallisten muuttopalvelujen tarjoaja. Se on IAM:n j\u00e4sen, jolla on 19 vuoden kokemus, ja se on FIDI:n akkreditoima. Heill\u00e4 on laaja ja monipuolinen kuorma-autokalusto, joka vastaa erilaisiin kuljetustarpeisiin.<\/p>\n<p>Winmovers tarjoaa ovelta ovelle -palvelun, johon sis\u00e4ltyy ammattimainen pakkauspalvelu, jonka tarjoaa koulutettu henkil\u00f6kunta, joka suojaa tavaroitasi erilaisilla pakkausmateriaaleilla, kuten laatikoilla, suojilla ja peitteill\u00e4. He luovat my\u00f6s omia sertifioituja puulaatikoita. He j\u00e4rjest\u00e4v\u00e4t tavarasi kuljetuksen maitse, ilmateitse tai meritse.<\/p>\n<p>Verkkosivusto: <a href=\"http:\/\/www.winmovers.com\" target=\"_blank\" rel=\"noopener\">http:\/\/www.winmovers.com<\/a><\/p>\n<h2><span class=\"ez-toc-section\" id=\"Other_Useful_Guides_to_Costa_Rica\"><\/span>Muita hy\u00f6dyllisi\u00e4 oppaita Costa Ricaan<span class=\"ez-toc-section-end\"><\/span><\/h2>\n<ul>\n<li> <a href=\"https:\/\/moverdb.com\/fi\/konttikuljetukset\/costa-rica\/\">2024 Merirahti konttien laivaushinnat Costa Ricaan ja Costa Ricasta<\/a><\/li>\n<li> <a href=\"https:\/\/moverdb.com\/fi\/moving-to-costa-rica\/\">Muutatko Costa Ricaan? 2023 Elinkustannukset ja muuttovinkit<\/a><\/li>\n<li> <a href=\"https:\/\/moverdb.com\/fi\/moving-to-costa-rica\/living-in-costa-rica\/\">21 salaisuutta Costa Ricassa asumisesta, jotka on hyv\u00e4 tiet\u00e4\u00e4 ennen muuttoa<\/a><\/li>\n<\/ul>","protected":false},"excerpt":{"rendered":"<p>Are you moving to or from Costa Rica, or moving within Costa Rica? Then you might be interested in some help moving all of your belongings as it can be complex especially if you are moving countries. Below we have compiled a list of Costa Rican removal companies that are members of the International Association [&hellip;]<\/p>\n","protected":false},"author":4,"featured_media":0,"parent":190,"menu_order":0,"comment_status":"closed","ping_status":"closed","template":"","meta":{"_genesis_hide_title":false,"_genesis_hide_breadcrumbs":false,"_genesis_hide_singular_image":false,"_genesis_hide_footer_widgets":false,"_genesis_custom_body_class":"","_genesis_custom_post_class":"","_genesis_layout":"","footnotes":""},"class_list":{"0":"post-6015","1":"page","2":"type-page","3":"status-publish","5":"entry","6":"has-post-thumbnail"},"_links":{"self":[{"href":"https:\/\/moverdb.com\/fi\/wp-json\/wp\/v2\/pages\/6015","targetHints":{"allow":["GET"]}}],"collection":[{"href":"https:\/\/moverdb.com\/fi\/wp-json\/wp\/v2\/pages"}],"about":[{"href":"https:\/\/moverdb.com\/fi\/wp-json\/wp\/v2\/types\/page"}],"author":[{"embeddable":true,"href":"https:\/\/moverdb.com\/fi\/wp-json\/wp\/v2\/users\/4"}],"replies":[{"embeddable":true,"href":"https:\/\/moverdb.com\/fi\/wp-json\/wp\/v2\/comments?post=6015"}],"version-history":[{"count":2,"href":"https:\/\/moverdb.com\/fi\/wp-json\/wp\/v2\/pages\/6015\/revisions"}],"predecessor-version":[{"id":18296,"href":"https:\/\/moverdb.com\/fi\/wp-json\/wp\/v2\/pages\/6015\/revisions\/18296"}],"up":[{"embeddable":true,"href":"https:\/\/moverdb.com\/fi\/wp-json\/wp\/v2\/pages\/190"}],"wp:attachment":[{"href":"https:\/\/moverdb.com\/fi\/wp-json\/wp\/v2\/media?parent=6015"}],"curies":[{"name":"wp","href":"https:\/\/api.w.org\/{rel}","templated":true}]}}