{"id":5527,"date":"2023-02-01T13:45:10","date_gmt":"2023-02-01T13:45:10","guid":{"rendered":"https:\/\/moverdb.com\/?page_id=5527"},"modified":"2026-01-08T15:29:15","modified_gmt":"2026-01-08T15:29:15","slug":"chile-muutto-yritykset","status":"publish","type":"page","link":"https:\/\/moverdb.com\/fi\/moving-companies\/chile-moving-companies\/","title":{"rendered":"6 parasta kansainv\u00e4list\u00e4 muuttofirmaa Chiless\u00e4"},"content":{"rendered":"<p>Muutto voi olla kiireist\u00e4 ja stressaavaa aikaa, varsinkin jos muutat kauas tai toiseen maahan. T\u00e4ss\u00e4 tilanteessa <a href=\"https:\/\/moverdb.com\/fi\/moving-companies\/\" data-internallinksmanager029f6b8e52c=\"79\" title=\"Top 25 Kansainv\u00e4list\u00e4 muuttoyrityksi\u00e4 verkossa\">muuttofirma<\/a> voi auttaa v\u00e4hent\u00e4m\u00e4\u00e4n stressi\u00e4 ottamalla osan ty\u00f6taakasta pois. Olemme koonneet alla olevan luettelon chilel\u00e4isist\u00e4 <a href=\"https:\/\/moverdb.com\/fi\/international-removals\/\" data-internallinksmanager029f6b8e52c=\"27\" title=\"36 Parhaat kansainv\u00e4liset muuttoyritykset Yhdistyneess\u00e4 kuningaskunnassa\">muuttofirmat<\/a> jotka ovat j\u00e4seni\u00e4 <a href=\"https:\/\/moverdb.com\/fi\/iam\/\" data-internallinksmanager029f6b8e52c=\"23\" title=\"Kansainv\u00e4linen muuttajien liitto (IAM) selitetty\">Kansainv\u00e4linen muuttajien liitto<\/a> (IAM) ja\/tai <a href=\"https:\/\/moverdb.com\/fi\/fidi-faim\/\" data-internallinksmanager029f6b8e52c=\"16\" title=\"FIDI &amp; FAIM (FIDI Accredited International Mover) selitettyin\u00e4\">FIDI<\/a> Accredited International Mover (FAIM), joka voisi auttaa sinua muutossasi.<\/p>\n<div id=\"ez-toc-container\" class=\"ez-toc-v2_0_82_2 ez-toc-wrap-left counter-hierarchy ez-toc-counter ez-toc-transparent ez-toc-container-direction\">\n<div class=\"ez-toc-title-container\">\n<p class=\"ez-toc-title\" style=\"cursor:inherit\">Jaksot<\/p>\n<span class=\"ez-toc-title-toggle\"><a href=\"#\" class=\"ez-toc-pull-right ez-toc-btn ez-toc-btn-xs ez-toc-btn-default ez-toc-toggle\" aria-label=\"Sis\u00e4llysluettelon vaihtaminen\"><span class=\"ez-toc-js-icon-con\"><span class=\"\"><span class=\"eztoc-hide\" style=\"display:none;\">Toggle<\/span><span class=\"ez-toc-icon-toggle-span\"><svg style=\"fill: #999;color:#999\" xmlns=\"http:\/\/www.w3.org\/2000\/svg\" class=\"list-377408\" width=\"20px\" height=\"20px\" viewbox=\"0 0 24 24\" fill=\"none\"><path d=\"M6 6H4v2h2V6zm14 0H8v2h12V6zM4 11h2v2H4v-2zm16 0H8v2h12v-2zM4 16h2v2H4v-2zm16 0H8v2h12v-2z\" fill=\"currentColor\"><\/path><\/svg><svg style=\"fill: #999;color:#999\" class=\"arrow-unsorted-368013\" xmlns=\"http:\/\/www.w3.org\/2000\/svg\" width=\"10px\" height=\"10px\" viewbox=\"0 0 24 24\" version=\"1.2\" baseprofile=\"tiny\"><path d=\"M18.2 9.3l-6.2-6.3-6.2 6.3c-.2.2-.3.4-.3.7s.1.5.3.7c.2.2.4.3.7.3h11c.3 0 .5-.1.7-.3.2-.2.3-.5.3-.7s-.1-.5-.3-.7zM5.8 14.7l6.2 6.3 6.2-6.3c.2-.2.3-.5.3-.7s-.1-.5-.3-.7c-.2-.2-.4-.3-.7-.3h-11c-.3 0-.5.1-.7.3-.2.2-.3.5-.3.7s.1.5.3.7z\"\/><\/svg><\/span><\/span><\/span><\/a><\/span><\/div>\n<nav><ul class='ez-toc-list ez-toc-list-level-1 eztoc-toggle-hide-by-default' ><li class='ez-toc-page-1 ez-toc-heading-level-2'><a class=\"ez-toc-link ez-toc-heading-1\" href=\"https:\/\/moverdb.com\/fi\/moving-companies\/chile-moving-companies\/#1_Unipack\" >1. Unipack<\/a><\/li><li class='ez-toc-page-1 ez-toc-heading-level-2'><a class=\"ez-toc-link ez-toc-heading-2\" href=\"https:\/\/moverdb.com\/fi\/moving-companies\/chile-moving-companies\/#2_Atlas_International_Movers\" >2. Atlas International Movers<\/a><\/li><li class='ez-toc-page-1 ez-toc-heading-level-2'><a class=\"ez-toc-link ez-toc-heading-3\" href=\"https:\/\/moverdb.com\/fi\/moving-companies\/chile-moving-companies\/#3_Decapack\" >3. Decapack<\/a><\/li><li class='ez-toc-page-1 ez-toc-heading-level-2'><a class=\"ez-toc-link ez-toc-heading-4\" href=\"https:\/\/moverdb.com\/fi\/moving-companies\/chile-moving-companies\/#4_Global_Alliance_International\" >4. Global Alliance International<\/a><\/li><li class='ez-toc-page-1 ez-toc-heading-level-2'><a class=\"ez-toc-link ez-toc-heading-5\" href=\"https:\/\/moverdb.com\/fi\/moving-companies\/chile-moving-companies\/#5_REMSSA\" >5. REMSSA<\/a><\/li><li class='ez-toc-page-1 ez-toc-heading-level-2'><a class=\"ez-toc-link ez-toc-heading-6\" href=\"https:\/\/moverdb.com\/fi\/moving-companies\/chile-moving-companies\/#6_Ward_Van_Lines\" >6. Ward Van Lines<\/a><\/li><li class='ez-toc-page-1 ez-toc-heading-level-2'><a class=\"ez-toc-link ez-toc-heading-7\" href=\"https:\/\/moverdb.com\/fi\/moving-companies\/chile-moving-companies\/#Other_Useful_Guides_to_Chile\" >Muita hy\u00f6dyllisi\u00e4 oppaita Chileen<\/a><\/li><\/ul><\/nav><\/div>\n<h2><span class=\"ez-toc-section\" id=\"1_Unipack\"><\/span><strong>1. Unipack<\/strong><span class=\"ez-toc-section-end\"><\/span><\/h2>\n<p><img loading=\"lazy\" decoding=\"async\" class=\"alignnone size-full wp-image-5496\" src=\"https:\/\/moverdb.com\/wp-content\/uploads\/Unipack-international-moving-company.png\" alt=\"Unipack kansainv\u00e4linen muuttoyhti\u00f6\" width=\"1440\" height=\"683\" data-wp-pid=\"5496\" srcset=\"https:\/\/moverdb.com\/wp-content\/uploads\/Unipack-international-moving-company.png 1440w, https:\/\/moverdb.com\/wp-content\/uploads\/Unipack-international-moving-company-300x142.png 300w, https:\/\/moverdb.com\/wp-content\/uploads\/Unipack-international-moving-company-1024x486.png 1024w, https:\/\/moverdb.com\/wp-content\/uploads\/Unipack-international-moving-company-18x9.png 18w, https:\/\/moverdb.com\/wp-content\/uploads\/Unipack-international-moving-company-600x285.png 600w\" sizes=\"auto, (max-width: 1440px) 100vw, 1440px\" \/><\/p>\n<ul>\n<li>Kansalliset siirrot<\/li>\n<li>Kansainv\u00e4liset siirrot<\/li>\n<li>Kotitalouksien muutot<\/li>\n<li>Kotona teht\u00e4v\u00e4 tarkastus<\/li>\n<li>Pakkaus- ja purkamispalvelu<\/li>\n<li>Huonekalujen purkaminen ja kokoaminen<\/li>\n<li>Maa-, meri- ja ilmakuljetukset<\/li>\n<li>Dokumentoinnin tuki<\/li>\n<li>Lemmikkiel\u00e4inten kuljetus<\/li>\n<li>Lyhytaikainen ja pitk\u00e4aikainen varastointi<\/li>\n<\/ul>\n<p>Unipack on kansallinen ja kansainv\u00e4linen muuttopalvelu, joka perustettiin vuonna 1993 Santiagossa. Heill\u00e4 on maailmanlaajuinen agenttiverkosto, joka auttaa kansainv\u00e4lisiss\u00e4 muutoissa viidell\u00e4 mantereella. He ovat IAM:n j\u00e4sen 29 vuoden ajan, ja FIDI on akkreditoinut heid\u00e4t.<\/p>\n<p>Unipack k\u00e4ytt\u00e4\u00e4 viimeisimpi\u00e4 pakkaus- ja kuljetustekniikoita sek\u00e4 materiaaleja varmistaakseen asiakkailleen turvalliset siirrot. Heid\u00e4n prosessinsa alkaa kotitarkastuksella ja asiakirjoista keskustellaan. He pakkaavat ja purkavat huonekalusi, j\u00e4rjest\u00e4v\u00e4t kuljetuksen maantie-, lento- ja merikuljetuksena sek\u00e4 purkavat ja kokoavat huonekalusi m\u00e4\u00e4r\u00e4np\u00e4\u00e4ss\u00e4. He tukevat sinua asiakirjojen kanssa, mukaan lukien tulliselvitys.<\/p>\n<p>Verkkosivusto: <a href=\"http:\/\/www.unipack.cl\" target=\"_blank\" rel=\"noopener\">http:\/\/www.unipack.cl<\/a><\/p>\n<h2><span class=\"ez-toc-section\" id=\"2_Atlas_International_Movers\"><\/span><strong>2. Atlas International Movers<\/strong><span class=\"ez-toc-section-end\"><\/span><\/h2>\n<p><img loading=\"lazy\" decoding=\"async\" class=\"alignnone size-full wp-image-5415\" src=\"https:\/\/moverdb.com\/wp-content\/uploads\/Atlas-International-Movers-moving-company.png\" alt=\"Atlas International Movers muuttoyritys\" width=\"1440\" height=\"682\" data-wp-pid=\"5415\" srcset=\"https:\/\/moverdb.com\/wp-content\/uploads\/Atlas-International-Movers-moving-company.png 1440w, https:\/\/moverdb.com\/wp-content\/uploads\/Atlas-International-Movers-moving-company-300x142.png 300w, https:\/\/moverdb.com\/wp-content\/uploads\/Atlas-International-Movers-moving-company-1024x485.png 1024w, https:\/\/moverdb.com\/wp-content\/uploads\/Atlas-International-Movers-moving-company-18x9.png 18w, https:\/\/moverdb.com\/wp-content\/uploads\/Atlas-International-Movers-moving-company-600x284.png 600w\" sizes=\"auto, (max-width: 1440px) 100vw, 1440px\" \/><\/p>\n<ul>\n<li>Kansalliset siirrot<\/li>\n<li>Kansainv\u00e4liset siirrot<\/li>\n<li>Kotitalouksien muutot<\/li>\n<li>Toimiston muutot<\/li>\n<li>Ovelta ovelle -palvelu<\/li>\n<li>Laadukas pakkauspalvelu<\/li>\n<li>Maa-, meri- ja lentorahdit<\/li>\n<li>Taideteosten kuljetus<\/li>\n<li>Autokuljetukset<\/li>\n<li>Lyhyt- ja pitk\u00e4aikaisvarastot<\/li>\n<\/ul>\n<p>Atlas International Moversilla on yli 25 vuoden kokemus kotien ja toimistojen muutoista seuraavissa maissa. <a href=\"https:\/\/moverdb.com\/fi\/moving-to-chile\/\" data-internallinksmanager029f6b8e52c=\"426\" title=\"Muutatko Chileen? 2023 Elinkustannukset ja muuttovinkit\">Chile<\/a> ja Chileen tai Chilest\u00e4. He ty\u00f6skentelev\u00e4t luotettavien muuttoagenttien verkoston kanssa eri puolilla maailmaa kansainv\u00e4listen muuttojen toteuttamiseksi. He ovat IAM:n j\u00e4sen 16 vuoden ajan.<\/p>\n<p>Atlas International Movers tekee kotik\u00e4ynnin, jossa arvioidaan tarpeesi ja opastetaan sinua prosessin ja asiakirjojen laadinnassa. Koulutettu henkil\u00f6kunta pakkaa tavarasi korkeatasoisesti ja suojaa ne maalla, merell\u00e4 tai ilmassa tapahtuvan kuljetuksen aikana. He auttavat sinua tuonti- ja vientitullausasiakirjojen kanssa.<\/p>\n<p>Verkkosivusto: <a href=\"http:\/\/www.atlasinternationalchile.cl\" target=\"_blank\" rel=\"noopener\">http:\/\/www.atlasinternationalchile.cl<\/a><\/p>\n<h2><span class=\"ez-toc-section\" id=\"3_Decapack\"><\/span><strong>3. Decapack<\/strong><span class=\"ez-toc-section-end\"><\/span><\/h2>\n<p><img loading=\"lazy\" decoding=\"async\" class=\"alignnone size-full wp-image-5430\" src=\"https:\/\/moverdb.com\/wp-content\/uploads\/Decapack-international-moving-company.png\" alt=\"Decapack kansainv\u00e4linen muuttoliikeyritys\" width=\"1440\" height=\"680\" data-wp-pid=\"5430\" srcset=\"https:\/\/moverdb.com\/wp-content\/uploads\/Decapack-international-moving-company.png 1440w, https:\/\/moverdb.com\/wp-content\/uploads\/Decapack-international-moving-company-300x142.png 300w, https:\/\/moverdb.com\/wp-content\/uploads\/Decapack-international-moving-company-1024x484.png 1024w, https:\/\/moverdb.com\/wp-content\/uploads\/Decapack-international-moving-company-18x9.png 18w, https:\/\/moverdb.com\/wp-content\/uploads\/Decapack-international-moving-company-600x283.png 600w\" sizes=\"auto, (max-width: 1440px) 100vw, 1440px\" \/><\/p>\n<ul>\n<li>Kansalliset siirrot<\/li>\n<li>Kansainv\u00e4liset siirrot<\/li>\n<li>Asuntojen muutot<\/li>\n<li>Toimiston muutot<\/li>\n<li>Siirtopalvelu<\/li>\n<li>Ovelta ovelle -palvelu<\/li>\n<li>Pakkauspalvelu<\/li>\n<li>Vakuutus<\/li>\n<li>Taideteosten erikoispalvelu<\/li>\n<li>Lyhytaikainen ja pitk\u00e4aikainen varastointi<\/li>\n<\/ul>\n<p>Decapack on Santiagossa sijaitseva, vuonna 1942 perustettu ulkomaan- ja kansainv\u00e4linen muuttofirma. Se on l\u00e4sn\u00e4 San Antoniossa ja Valparaisossa. <a href=\"https:\/\/moverdb.com\/fi\/top-49-container-ports\/\" data-internallinksmanager029f6b8e52c=\"80\" title=\"Top 49 suurinta ja vilkkainta konttisatamaa vuonna 2025\">satamat<\/a> ja Santiagon kansainv\u00e4linen lentokentt\u00e4. Se on IAM:n j\u00e4sen, joka on toiminut 52 vuotta, ja se on FIDI:n akkreditoima.<\/p>\n<p>Decapack tarjoaa ovelta ovelle -palvelua, joka alkaa arviok\u00e4ynnin j\u00e4rjest\u00e4misell\u00e4 henkil\u00f6kohtaisesti tai virtuaalisesti tarpeidesi arvioimiseksi. He tarjoavat henkil\u00f6kohtaista neuvontaa nimetylt\u00e4 koordinaattorilta, joka auttaa sinua paperit\u00f6iden ja asiakirjojen kanssa. He tarjoavat pakkauspalvelun tavaroittesi suojaamiseksi ja vakuutuksen odottamattomien tapahtumien varalta.<\/p>\n<p>Verkkosivusto: <a href=\"http:\/\/www.decapack.com\" target=\"_blank\" rel=\"noopener\">http:\/\/www.decapack.com<\/a><\/p>\n<h2><span class=\"ez-toc-section\" id=\"4_Global_Alliance_International\"><\/span><strong>4. Global Alliance International<\/strong><span class=\"ez-toc-section-end\"><\/span><\/h2>\n<p><img loading=\"lazy\" decoding=\"async\" class=\"alignnone size-full wp-image-5441\" src=\"https:\/\/moverdb.com\/wp-content\/uploads\/Global-Alliance-International-moving-company.png\" alt=\"Global Alliance Kansainv\u00e4linen muuttofirma\" width=\"1440\" height=\"677\" data-wp-pid=\"5441\" srcset=\"https:\/\/moverdb.com\/wp-content\/uploads\/Global-Alliance-International-moving-company.png 1440w, https:\/\/moverdb.com\/wp-content\/uploads\/Global-Alliance-International-moving-company-300x141.png 300w, https:\/\/moverdb.com\/wp-content\/uploads\/Global-Alliance-International-moving-company-1024x481.png 1024w, https:\/\/moverdb.com\/wp-content\/uploads\/Global-Alliance-International-moving-company-18x8.png 18w, https:\/\/moverdb.com\/wp-content\/uploads\/Global-Alliance-International-moving-company-600x282.png 600w\" sizes=\"auto, (max-width: 1440px) 100vw, 1440px\" \/><\/p>\n<ul>\n<li>Kansalliset siirrot<\/li>\n<li>Kansainv\u00e4liset siirrot<\/li>\n<li>Asuntojen muutot<\/li>\n<li>Yrityssiirrot<\/li>\n<li>Korkeasti koulutettu henkil\u00f6st\u00f6<\/li>\n<li>T\u00e4ydellinen pakkauspalvelu<\/li>\n<li>Maa-, meri- ja ilmakuljetukset<\/li>\n<li>Tullin tuki<\/li>\n<li>Lemmikkiel\u00e4inten kuljetus<\/li>\n<li>V\u00e4liaikaiset ja pysyv\u00e4t varastointiratkaisut<\/li>\n<\/ul>\n<p>Global Alliance International on vuonna 1995 perustettu chilel\u00e4inen muuttofirma, joka on Express Movers Transportesin tyt\u00e4ryhti\u00f6. Se tekee yhteisty\u00f6t\u00e4 kohteessa toimivien muuttovirkailijoiden kanssa kansainv\u00e4listen muuttojen toteuttamiseksi. He ovat IAM:n j\u00e4sen, ja heill\u00e4 on 16 vuoden kokemus.<\/p>\n<p>Global Alliance International tarjoaa pakkaajaryhm\u00e4n, joka purkaa ja pakkaa kaikki tavarasi k\u00e4ytt\u00e4en niiden suojaamiseksi sopivimpia pakkausmateriaaleja ja erikoislaatikoita. He tarjoavat my\u00f6s inventaarion, merkittyj\u00e4 laatikoita ja kontteja maa-, ilma- tai merikuljetusta varten sek\u00e4 tukea tulliasiakirjojen kanssa. He tarjoavat my\u00f6s v\u00e4liaikaisia ja pysyvi\u00e4 varastointiratkaisuja.<\/p>\n<p>Verkkosivusto: <a href=\"http:\/\/www.globalalliancechile.com\" target=\"_blank\" rel=\"noopener\">http:\/\/www.globalalliancechile.com<\/a><\/p>\n<h2><span class=\"ez-toc-section\" id=\"5_REMSSA\"><\/span><strong>5. REMSSA<\/strong><span class=\"ez-toc-section-end\"><\/span><\/h2>\n<p><img loading=\"lazy\" decoding=\"async\" class=\"alignnone size-full wp-image-5482\" src=\"https:\/\/moverdb.com\/wp-content\/uploads\/REMSSA-international-moving-company.png\" alt=\"REMSSA kansainv\u00e4linen muuttoyhti\u00f6\" width=\"1440\" height=\"683\" data-wp-pid=\"5482\" srcset=\"https:\/\/moverdb.com\/wp-content\/uploads\/REMSSA-international-moving-company.png 1440w, https:\/\/moverdb.com\/wp-content\/uploads\/REMSSA-international-moving-company-300x142.png 300w, https:\/\/moverdb.com\/wp-content\/uploads\/REMSSA-international-moving-company-1024x486.png 1024w, https:\/\/moverdb.com\/wp-content\/uploads\/REMSSA-international-moving-company-18x9.png 18w, https:\/\/moverdb.com\/wp-content\/uploads\/REMSSA-international-moving-company-600x285.png 600w\" sizes=\"auto, (max-width: 1440px) 100vw, 1440px\" \/><\/p>\n<ul>\n<li>Kansalliset siirrot<\/li>\n<li>Kansainv\u00e4liset siirrot<\/li>\n<li>Asuntojen muutot<\/li>\n<li>Toimiston muutot<\/li>\n<li>Siirtyminen<\/li>\n<li>Ovelta ovelle -palvelu<\/li>\n<li>Pakkauspalvelu<\/li>\n<li>Taideteosten kuljetus<\/li>\n<li>Lemmikkiel\u00e4inten kuljetus<\/li>\n<li>Turvalliset varastotilat<\/li>\n<\/ul>\n<p>REMSSA on Santiagossa sijaitseva muuttofirma, joka perustettiin vuonna 2000 ja jolla on toimipisteit\u00e4 eri puolilla Chile\u00e4 lentokentill\u00e4 ja satamissa. Se tarjoaa kansallisia ja kansainv\u00e4lisi\u00e4 muuttopalveluja kotitalouksille ja yritysasiakkaille. He ovat IAM:n j\u00e4sen, ja heill\u00e4 on 22 vuoden kokemus.<\/p>\n<p>REMSSA tarjoaa yksil\u00f6llist\u00e4 muuttopalvelua, joka tarjoaa ovelta ovelle -toimituksen muutostasi tai uudelleensijoittamistasi varten. Se tarjoaa pakkaus-, lastaus- ja purkupalvelun, jossa on teollinen lastipakkaus, joka suojaa tavaraa kuljetuksen aikana. He tarjoavat my\u00f6s maahanmuuttoon liittyv\u00e4\u00e4 tukea, taideteosten kuljettamista, lemmikkiel\u00e4inten kuljetusta ja tarvittaessa turvallisia varastotiloja koskevia asiantuntijapalveluja.<\/p>\n<p>Verkkosivusto: <a href=\"http:\/\/www.remssa.cl\" target=\"_blank\" rel=\"noopener\">http:\/\/www.remssa.cl<\/a><\/p>\n<h2><span class=\"ez-toc-section\" id=\"6_Ward_Van_Lines\"><\/span><strong>6. Ward Van Lines<\/strong><span class=\"ez-toc-section-end\"><\/span><\/h2>\n<p><img loading=\"lazy\" decoding=\"async\" class=\"alignnone size-full wp-image-5499\" src=\"https:\/\/moverdb.com\/wp-content\/uploads\/Ward-Van-Lines-international-moving-company.png\" alt=\"Ward Van Lines kansainv\u00e4linen muuttofirma\" width=\"1440\" height=\"680\" data-wp-pid=\"5499\" srcset=\"https:\/\/moverdb.com\/wp-content\/uploads\/Ward-Van-Lines-international-moving-company.png 1440w, https:\/\/moverdb.com\/wp-content\/uploads\/Ward-Van-Lines-international-moving-company-300x142.png 300w, https:\/\/moverdb.com\/wp-content\/uploads\/Ward-Van-Lines-international-moving-company-1024x484.png 1024w, https:\/\/moverdb.com\/wp-content\/uploads\/Ward-Van-Lines-international-moving-company-18x9.png 18w, https:\/\/moverdb.com\/wp-content\/uploads\/Ward-Van-Lines-international-moving-company-600x283.png 600w\" sizes=\"auto, (max-width: 1440px) 100vw, 1440px\" \/><\/p>\n<ul>\n<li>Kansalliset siirrot<\/li>\n<li>Kansainv\u00e4liset siirrot<\/li>\n<li>Henkil\u00f6kohtainen palvelu<\/li>\n<li>Ensiluokkaisia materiaaleja k\u00e4ytt\u00e4v\u00e4 pakkauspalvelu<\/li>\n<li>Huonekalujen purkaminen ja kokoaminen<\/li>\n<li>Tuotteiden merkitseminen jatkuvaa seurantaa varten<\/li>\n<li>Seuraa siirtoasi GPS-seurannan avulla<\/li>\n<li>Vientiasiakirjat, mukaan lukien tulliselvitys<\/li>\n<li>Vakuutus<\/li>\n<li>Turvalliset varastotilat<\/li>\n<\/ul>\n<p>Ward Van Lines on kansainv\u00e4linen ja kansallinen muuttofirma, joka perustettiin vuonna 1969. Sen p\u00e4\u00e4konttori sijaitsee Santiagossa, ja sill\u00e4 on toimistot t\u00e4rkeimmiss\u00e4 satamissa, kuten Valparaisossa ja San Antoniossa. Se on IAM:n j\u00e4sen, jolla on 53 vuoden kokemus, ja se on FIDI:n akkreditoima.<\/p>\n<p>Ward Van Lines tarjoaa yksil\u00f6llist\u00e4 ovelta ovelle -palvelua, jossa k\u00e4ytet\u00e4\u00e4n ensiluokkaisia materiaaleja tavaroiden turvalliseen pakkaamiseen ja k\u00e4ytet\u00e4\u00e4n puulaatikoita hauraille tavaroille. He laativat inventaarion ja merkitsev\u00e4t kaikki tavarasi yksil\u00f6llisill\u00e4 viivakoodeilla, jotta tavarasi voidaan tunnistaa. Heid\u00e4n kuorma-autoissaan on GPS-seuranta, jonka avulla voit seurata tavaroitasi 24\/7.<\/p>\n<p>Verkkosivusto: <a href=\"http:\/\/www.wardvanlines.com\" target=\"_blank\" rel=\"noopener\">http:\/\/www.wardvanlines.com<\/a><\/p>\n<h2><span class=\"ez-toc-section\" id=\"Other_Useful_Guides_to_Chile\"><\/span>Muita hy\u00f6dyllisi\u00e4 oppaita Chileen<span class=\"ez-toc-section-end\"><\/span><\/h2>\n<ul>\n<li> <a href=\"https:\/\/moverdb.com\/fi\/konttikuljetukset\/chile\/\">2024 Merikuljetusten konttihinnat Chileen ja Chilest\u00e4<\/a><\/li>\n<li> <a href=\"https:\/\/moverdb.com\/fi\/moving-to-chile\/\">Muutatko Chileen? 2023 Elinkustannukset ja muuttovinkit<\/a><\/li>\n<li> <a href=\"https:\/\/moverdb.com\/fi\/moving-to-chile\/best-places-to-live-chile\/\">12 parasta paikkaa asua Chiless\u00e4<\/a><\/li>\n<\/ul>","protected":false},"excerpt":{"rendered":"<p>Moving can be a busy and stressful time especially in you are moving long distance or to another country. This is where a moving company can help reduce your stress by taking away some of the workload. Below we have compiled a list of Chilean removal companies that are members of the International Association of [&hellip;]<\/p>\n","protected":false},"author":4,"featured_media":0,"parent":190,"menu_order":0,"comment_status":"closed","ping_status":"closed","template":"","meta":{"_genesis_hide_title":false,"_genesis_hide_breadcrumbs":false,"_genesis_hide_singular_image":false,"_genesis_hide_footer_widgets":false,"_genesis_custom_body_class":"","_genesis_custom_post_class":"","_genesis_layout":"","footnotes":""},"class_list":{"0":"post-5527","1":"page","2":"type-page","3":"status-publish","5":"entry","6":"has-post-thumbnail"},"_links":{"self":[{"href":"https:\/\/moverdb.com\/fi\/wp-json\/wp\/v2\/pages\/5527","targetHints":{"allow":["GET"]}}],"collection":[{"href":"https:\/\/moverdb.com\/fi\/wp-json\/wp\/v2\/pages"}],"about":[{"href":"https:\/\/moverdb.com\/fi\/wp-json\/wp\/v2\/types\/page"}],"author":[{"embeddable":true,"href":"https:\/\/moverdb.com\/fi\/wp-json\/wp\/v2\/users\/4"}],"replies":[{"embeddable":true,"href":"https:\/\/moverdb.com\/fi\/wp-json\/wp\/v2\/comments?post=5527"}],"version-history":[{"count":4,"href":"https:\/\/moverdb.com\/fi\/wp-json\/wp\/v2\/pages\/5527\/revisions"}],"predecessor-version":[{"id":16390,"href":"https:\/\/moverdb.com\/fi\/wp-json\/wp\/v2\/pages\/5527\/revisions\/16390"}],"up":[{"embeddable":true,"href":"https:\/\/moverdb.com\/fi\/wp-json\/wp\/v2\/pages\/190"}],"wp:attachment":[{"href":"https:\/\/moverdb.com\/fi\/wp-json\/wp\/v2\/media?parent=5527"}],"curies":[{"name":"wp","href":"https:\/\/api.w.org\/{rel}","templated":true}]}}