{"id":5518,"date":"2023-02-01T13:53:00","date_gmt":"2023-02-01T13:53:00","guid":{"rendered":"https:\/\/moverdb.com\/?page_id=5518"},"modified":"2026-01-08T15:29:50","modified_gmt":"2026-01-08T15:29:50","slug":"burkina-fason-muuttoliikeyritykset","status":"publish","type":"page","link":"https:\/\/moverdb.com\/fi\/moving-companies\/burkina-faso-moving-companies\/","title":{"rendered":"Parhaat kansainv\u00e4liset muuttofirmat Burkina Fasossa"},"content":{"rendered":"<p>Jos suunnittelet muuttoa Burkina Fasossa tai muutat Burkina Fasoon tai Burkina Fasosta, muuttofirman k\u00e4ytt\u00e4minen voi auttaa. Muuttofirma voi kevent\u00e4\u00e4 kuormaa fyysisesti ja henkisesti varsinkin, jos olet muuttamassa maata. Alla on luettelo Burkina Fason muuttofirmoista. <a href=\"https:\/\/moverdb.com\/fi\/moving-companies\/\" data-internallinksmanager029f6b8e52c=\"79\" title=\"Top 25 Kansainv\u00e4list\u00e4 muuttoyrityksi\u00e4 verkossa\">muuttofirmat<\/a> jotka ovat j\u00e4seni\u00e4 <a href=\"https:\/\/moverdb.com\/fi\/iam\/\" data-internallinksmanager029f6b8e52c=\"23\" title=\"Kansainv\u00e4linen muuttajien liitto (IAM) selitetty\">Kansainv\u00e4linen muuttajien liitto<\/a> (IAM), jotka voivat auttaa sinua.<\/p>\n<p><strong>Siirr\u00e4 yksi<\/strong><\/p>\n<p><img loading=\"lazy\" decoding=\"async\" class=\"alignnone size-full wp-image-5461\" src=\"https:\/\/moverdb.com\/wp-content\/uploads\/Move-One-international-moving-company.png\" alt=\"Move One kansainv\u00e4linen muuttofirma\" width=\"1440\" height=\"680\" data-wp-pid=\"5461\" srcset=\"https:\/\/moverdb.com\/wp-content\/uploads\/Move-One-international-moving-company.png 1440w, https:\/\/moverdb.com\/wp-content\/uploads\/Move-One-international-moving-company-300x142.png 300w, https:\/\/moverdb.com\/wp-content\/uploads\/Move-One-international-moving-company-1024x484.png 1024w, https:\/\/moverdb.com\/wp-content\/uploads\/Move-One-international-moving-company-18x9.png 18w, https:\/\/moverdb.com\/wp-content\/uploads\/Move-One-international-moving-company-600x283.png 600w\" sizes=\"auto, (max-width: 1440px) 100vw, 1440px\" \/><\/p>\n<ul>\n<li>Kansainv\u00e4liset siirrot<\/li>\n<li>Siirtymiset<\/li>\n<li>Asuntojen muutot<\/li>\n<li>Toimiston siirrot<\/li>\n<li>Maahanmuuttotuki<\/li>\n<li>Koulutettu ja ammattitaitoinen henkil\u00f6kunta<\/li>\n<li>Lemmikkiel\u00e4inten kuljetus<\/li>\n<li>Apua kodin ja koulujen l\u00f6yt\u00e4misess\u00e4<\/li>\n<li>Palveluihin asettuminen<\/li>\n<li>Varastointitilat<\/li>\n<\/ul>\n<p>Move One on vuonna 1992 perustettu muuttofirma, jolla on sivuliike Oagadougoussa ja joka tarjoaa logistiikka-, muutto- ja maailmanlaajuisia liikkuvuusratkaisuja. Se v\u00e4itt\u00e4\u00e4 olevansa markkinajohtaja Euroopassa, Afrikassa, L\u00e4hi-id\u00e4ss\u00e4, Balkanilla ja IVY-maissa. Yritys on IAM:n j\u00e4sen, ja se on toiminut alalla 23 vuotta. He ovat osa kansainv\u00e4listen muuttofirmojen verkostoa, joka tarjoaa kansainv\u00e4lisi\u00e4 muuttoja.<\/p>\n<p>Move One tarjoaa muutto-, muutto- ja siirtopalveluja, joihin kuuluu ammattimaista tukea koulutetulta henkil\u00f6kunnalta, joka tukee muuttoa ja voi antaa maahanmuuttopalveluja byrokratian l\u00e4pik\u00e4ymiseen. He voivat auttaa lemmikkiel\u00e4inten kuljettamisessa, kodin ja koulujen l\u00f6yt\u00e4misess\u00e4.<\/p>\n<p>Verkkosivusto: <a href=\"https:\/\/www.moveoneinc.com\/\" target=\"_blank\" rel=\"noopener\">https:\/\/www.moveoneinc.com\/<\/a><\/p>","protected":false},"excerpt":{"rendered":"<p>If you are planning a move in Burkina Faso, or moving to or from Burkina Faso then enlisting the assistance of a moving company can help. A moving company can lighten the load physical and mentally especially if you are moving countries. Below we have compiled a list of Burkina Faso moving companies that are [&hellip;]<\/p>\n","protected":false},"author":4,"featured_media":0,"parent":190,"menu_order":0,"comment_status":"closed","ping_status":"closed","template":"","meta":{"_genesis_hide_title":false,"_genesis_hide_breadcrumbs":false,"_genesis_hide_singular_image":false,"_genesis_hide_footer_widgets":false,"_genesis_custom_body_class":"","_genesis_custom_post_class":"","_genesis_layout":"","footnotes":""},"class_list":{"0":"post-5518","1":"page","2":"type-page","3":"status-publish","5":"entry"},"_links":{"self":[{"href":"https:\/\/moverdb.com\/fi\/wp-json\/wp\/v2\/pages\/5518","targetHints":{"allow":["GET"]}}],"collection":[{"href":"https:\/\/moverdb.com\/fi\/wp-json\/wp\/v2\/pages"}],"about":[{"href":"https:\/\/moverdb.com\/fi\/wp-json\/wp\/v2\/types\/page"}],"author":[{"embeddable":true,"href":"https:\/\/moverdb.com\/fi\/wp-json\/wp\/v2\/users\/4"}],"replies":[{"embeddable":true,"href":"https:\/\/moverdb.com\/fi\/wp-json\/wp\/v2\/comments?post=5518"}],"version-history":[{"count":1,"href":"https:\/\/moverdb.com\/fi\/wp-json\/wp\/v2\/pages\/5518\/revisions"}],"predecessor-version":[{"id":5519,"href":"https:\/\/moverdb.com\/fi\/wp-json\/wp\/v2\/pages\/5518\/revisions\/5519"}],"up":[{"embeddable":true,"href":"https:\/\/moverdb.com\/fi\/wp-json\/wp\/v2\/pages\/190"}],"wp:attachment":[{"href":"https:\/\/moverdb.com\/fi\/wp-json\/wp\/v2\/media?parent=5518"}],"curies":[{"name":"wp","href":"https:\/\/api.w.org\/{rel}","templated":true}]}}