{"id":5515,"date":"2023-02-01T13:53:52","date_gmt":"2023-02-01T13:53:52","guid":{"rendered":"https:\/\/moverdb.com\/?page_id=5515"},"modified":"2026-01-08T15:29:52","modified_gmt":"2026-01-08T15:29:52","slug":"cameroon-moving-companies","status":"publish","type":"page","link":"https:\/\/moverdb.com\/fi\/moving-companies\/cameroon-moving-companies\/","title":{"rendered":"Parhaat kansainv\u00e4liset muuttoliikkeet Kamerunissa"},"content":{"rendered":"<p>Oletko muuttamassa kotiin tai yritykseesi? Silloin saatat haluta apua muuton helpottamiseksi, varsinkin jos muutat toiseen maahan, joten hyv\u00e4maineinen yritys voi auttaa sinua. <a href=\"https:\/\/moverdb.com\/fi\/moving-companies\/\" data-internallinksmanager029f6b8e52c=\"79\" title=\"Top 25 Kansainv\u00e4list\u00e4 muuttoyrityksi\u00e4 verkossa\">muuttofirma<\/a> voisi auttaa. Alla on luettelo Kamerunista. <a href=\"https:\/\/moverdb.com\/fi\/international-removals\/\" data-internallinksmanager029f6b8e52c=\"27\" title=\"36 Parhaat kansainv\u00e4liset muuttoyritykset Yhdistyneess\u00e4 kuningaskunnassa\">muuttofirmat<\/a> jotka ovat j\u00e4seni\u00e4 <a href=\"https:\/\/moverdb.com\/fi\/iam\/\" data-internallinksmanager029f6b8e52c=\"23\" title=\"Kansainv\u00e4linen muuttajien liitto (IAM) selitetty\">Kansainv\u00e4linen muuttajien liitto<\/a> (IAM), joka voi auttaa sinua.<\/p>\n<h2><strong>Siirr\u00e4 yksi<\/strong><\/h2>\n<p><img loading=\"lazy\" decoding=\"async\" class=\"alignnone size-full wp-image-5461\" src=\"https:\/\/moverdb.com\/wp-content\/uploads\/Move-One-international-moving-company.png\" alt=\"Move One kansainv\u00e4linen muuttofirma\" width=\"1440\" height=\"680\" data-wp-pid=\"5461\" srcset=\"https:\/\/moverdb.com\/wp-content\/uploads\/Move-One-international-moving-company.png 1440w, https:\/\/moverdb.com\/wp-content\/uploads\/Move-One-international-moving-company-300x142.png 300w, https:\/\/moverdb.com\/wp-content\/uploads\/Move-One-international-moving-company-1024x484.png 1024w, https:\/\/moverdb.com\/wp-content\/uploads\/Move-One-international-moving-company-18x9.png 18w, https:\/\/moverdb.com\/wp-content\/uploads\/Move-One-international-moving-company-600x283.png 600w\" sizes=\"auto, (max-width: 1440px) 100vw, 1440px\" \/><\/p>\n<ul>\n<li>Kansainv\u00e4liset muutot<\/li>\n<li>Siirtymiset<\/li>\n<li>Kotitalouksien muutot<\/li>\n<li>Toimiston muutot<\/li>\n<li>Ammattitaitoinen henkil\u00f6kunta tukenasi<\/li>\n<li>Maahanmuuttoapu<\/li>\n<li>Lemmikkiel\u00e4inten kuljetus<\/li>\n<li>Apua kotiutumisessa<\/li>\n<li>Asuntojen ja koulujen haku<\/li>\n<li>Varastointiratkaisut<\/li>\n<\/ul>\n<p>Move One on kansainv\u00e4linen muuttofirma, jolla on toimipisteit\u00e4 Euroopassa, Afrikassa ja L\u00e4hi-id\u00e4ss\u00e4, my\u00f6s Kamerunissa. Se on tarjonnut logistiikka-, muutto- ja maailmanlaajuisia liikkuvuusratkaisuja vuodesta 1992 l\u00e4htien. Heill\u00e4 on my\u00f6s kansainv\u00e4linen muuttofirmojen verkosto, joka auttaa asiakkaita kansainv\u00e4lisesti. Kamerunin sivuliike on IAM:n j\u00e4sen, jolla on 6 vuoden kokemus.<\/p>\n<p>Move One tarjoaa ammattitaitoista palvelua, jossa on korkeasti koulutettu henkil\u00f6kunta tukemassa muuttoa tai siirtoa. He tukevat muuttosi kaikkia n\u00e4k\u00f6kohtia, mukaan lukien logistiikan j\u00e4rjest\u00e4minen ja maahanmuuttoon liittyv\u00e4 tuki sek\u00e4 lemmikkiel\u00e4inten kuljettaminen. Heid\u00e4n muuttopalveluihinsa kuuluu my\u00f6s tuki kotiutumisessa, asunnon ja koulujen l\u00f6yt\u00e4misess\u00e4.<\/p>\n<p>Verkkosivusto: <a href=\"https:\/\/www.moveoneinc.com\/\" target=\"_blank\" rel=\"noopener\">https:\/\/www.moveoneinc.com\/<\/a><\/p>","protected":false},"excerpt":{"rendered":"<p>Are you moving home or your business? Then you may want help in making the move easier especially if you are relocating to another country, so a reputable moving company could help. Below we have compiled a list of Cameroon removal companies that are members of the International Association of Movers (IAM) that could help [&hellip;]<\/p>\n","protected":false},"author":4,"featured_media":0,"parent":190,"menu_order":0,"comment_status":"closed","ping_status":"closed","template":"","meta":{"_genesis_hide_title":false,"_genesis_hide_breadcrumbs":false,"_genesis_hide_singular_image":false,"_genesis_hide_footer_widgets":false,"_genesis_custom_body_class":"","_genesis_custom_post_class":"","_genesis_layout":"","footnotes":""},"class_list":{"0":"post-5515","1":"page","2":"type-page","3":"status-publish","5":"entry","6":"has-post-thumbnail"},"_links":{"self":[{"href":"https:\/\/moverdb.com\/fi\/wp-json\/wp\/v2\/pages\/5515","targetHints":{"allow":["GET"]}}],"collection":[{"href":"https:\/\/moverdb.com\/fi\/wp-json\/wp\/v2\/pages"}],"about":[{"href":"https:\/\/moverdb.com\/fi\/wp-json\/wp\/v2\/types\/page"}],"author":[{"embeddable":true,"href":"https:\/\/moverdb.com\/fi\/wp-json\/wp\/v2\/users\/4"}],"replies":[{"embeddable":true,"href":"https:\/\/moverdb.com\/fi\/wp-json\/wp\/v2\/comments?post=5515"}],"version-history":[{"count":2,"href":"https:\/\/moverdb.com\/fi\/wp-json\/wp\/v2\/pages\/5515\/revisions"}],"predecessor-version":[{"id":5517,"href":"https:\/\/moverdb.com\/fi\/wp-json\/wp\/v2\/pages\/5515\/revisions\/5517"}],"up":[{"embeddable":true,"href":"https:\/\/moverdb.com\/fi\/wp-json\/wp\/v2\/pages\/190"}],"wp:attachment":[{"href":"https:\/\/moverdb.com\/fi\/wp-json\/wp\/v2\/media?parent=5515"}],"curies":[{"name":"wp","href":"https:\/\/api.w.org\/{rel}","templated":true}]}}