{"id":5510,"date":"2023-02-01T12:32:51","date_gmt":"2023-02-01T12:32:51","guid":{"rendered":"https:\/\/moverdb.com\/?page_id=5510"},"modified":"2026-01-08T15:23:39","modified_gmt":"2026-01-08T15:23:39","slug":"bulgaria-muutto-yritykset","status":"publish","type":"page","link":"https:\/\/moverdb.com\/fi\/moving-companies\/bulgaria-moving-companies\/","title":{"rendered":"2 parasta kansainv\u00e4list\u00e4 muuttoa harjoittavaa yrityst\u00e4 Bulgariassa"},"content":{"rendered":"<p>Jos olet muuttamassa kotiin tai yrityksesi <a href=\"https:\/\/moverdb.com\/fi\/moving-to-bulgaria\/\" data-internallinksmanager029f6b8e52c=\"322\" title=\"Muutatko Bulgariaan? 2023 Elinkustannukset ja muuttovinkit\">Bulgaria<\/a>tai muutat Bulgariaan tai Bulgariasta, sinun kannattaa ehk\u00e4 ottaa palvelukseksesi <a href=\"https:\/\/moverdb.com\/fi\/moving-companies\/\" data-internallinksmanager029f6b8e52c=\"79\" title=\"Top 25 Kansainv\u00e4list\u00e4 muuttoyrityksi\u00e4 verkossa\">muuttofirma<\/a> ty\u00f6m\u00e4\u00e4r\u00e4n v\u00e4hent\u00e4miseksi. Alla on luettelo bulgarialaisista <a href=\"https:\/\/moverdb.com\/fi\/international-removals\/\" data-internallinksmanager029f6b8e52c=\"27\" title=\"36 Parhaat kansainv\u00e4liset muuttoyritykset Yhdistyneess\u00e4 kuningaskunnassa\">muuttofirmat<\/a> jotka ovat j\u00e4seni\u00e4 <a href=\"https:\/\/moverdb.com\/fi\/iam\/\" data-internallinksmanager029f6b8e52c=\"23\" title=\"Kansainv\u00e4linen muuttajien liitto (IAM) selitetty\">Kansainv\u00e4linen muuttajien liitto<\/a> (IAM) ja\/tai <a href=\"https:\/\/moverdb.com\/fi\/fidi-faim\/\" data-internallinksmanager029f6b8e52c=\"16\" title=\"FIDI &amp; FAIM (FIDI Accredited International Mover) selitettyin\u00e4\">FIDI<\/a> Accredited International Mover (FAIM), joka voisi auttaa sinua.<\/p>\n<h2><strong>1. Movega<\/strong><\/h2>\n<p><img loading=\"lazy\" decoding=\"async\" class=\"alignnone size-full wp-image-5463\" src=\"https:\/\/moverdb.com\/wp-content\/uploads\/Movega-international-moving-company.png\" alt=\"Movega kansainv\u00e4linen muuttofirma\" width=\"1440\" height=\"678\" data-wp-pid=\"5463\" srcset=\"https:\/\/moverdb.com\/wp-content\/uploads\/Movega-international-moving-company.png 1440w, https:\/\/moverdb.com\/wp-content\/uploads\/Movega-international-moving-company-300x141.png 300w, https:\/\/moverdb.com\/wp-content\/uploads\/Movega-international-moving-company-1024x482.png 1024w, https:\/\/moverdb.com\/wp-content\/uploads\/Movega-international-moving-company-18x8.png 18w, https:\/\/moverdb.com\/wp-content\/uploads\/Movega-international-moving-company-600x283.png 600w\" sizes=\"auto, (max-width: 1440px) 100vw, 1440px\" \/><\/p>\n<ul>\n<li>Kansalliset siirrot<\/li>\n<li>Eurooppalaiset muutot<\/li>\n<li>Kotitalouksien muutot<\/li>\n<li>Toimiston siirrot<\/li>\n<li>T\u00e4ysi- ja osakuormituspalvelut<\/li>\n<li>Alennukset useamman ajoneuvon varaamisesta<\/li>\n<li>Pakkaaminen ja purkaminen<\/li>\n<li>Verkkokyselytutkimusalusta tarpeiden arvioimiseksi<\/li>\n<li>Voidaan tarjota ulkoinen hissi<\/li>\n<li>Varastointiratkaisut<\/li>\n<\/ul>\n<p>Movega on Varnassa toimiva muuttofirma, joka tarjoaa muuttopalveluja Bulgariassa ja Euroopassa. He tekev\u00e4t yhteisty\u00f6t\u00e4 muuttokumppaneiden kanssa tarjotakseen palveluitaan kansainv\u00e4lisesti. He palvelevat kotitalouksien ja toimistojen muuttoja, ja he ovat IAM:n j\u00e4sen, jolla on 2 vuoden kokemus.<\/p>\n<p>Movega tarjoaa erilaisia muuttopalveluja, joiden avulla voit hy\u00f6dynt\u00e4\u00e4 koko tai osakuorman tai saada alennuksia useista ajoneuvoista. He auttavat sinua arvioimaan muuttotarpeesi verkkokyselyalustansa avulla. He tarjoavat kuljetuspalveluja sek\u00e4 t\u00e4ydellisi\u00e4 pakkaus- ja purkamispalveluja. Heill\u00e4 on monipuolinen kalusto, johon kuuluu my\u00f6s ulkoinen hissi, jolla suuret huonekalut saadaan siirretty\u00e4 ikkunoiden ja parvekkeiden l\u00e4pi.<\/p>\n<p>Verkkosivusto: <a href=\"http:\/\/movega.co.uk\" target=\"_blank\" rel=\"noopener\">http:\/\/movega.co.uk<\/a><\/p>\n<h2><strong>2. Kiertorata<\/strong><\/h2>\n<p><img loading=\"lazy\" decoding=\"async\" class=\"alignnone size-full wp-image-5470\" src=\"https:\/\/moverdb.com\/wp-content\/uploads\/Orbit-international-moving-company.png\" alt=\"Orbit kansainv\u00e4linen muuttoyhti\u00f6\" width=\"1440\" height=\"684\" data-wp-pid=\"5470\" srcset=\"https:\/\/moverdb.com\/wp-content\/uploads\/Orbit-international-moving-company.png 1440w, https:\/\/moverdb.com\/wp-content\/uploads\/Orbit-international-moving-company-300x143.png 300w, https:\/\/moverdb.com\/wp-content\/uploads\/Orbit-international-moving-company-1024x486.png 1024w, https:\/\/moverdb.com\/wp-content\/uploads\/Orbit-international-moving-company-18x9.png 18w, https:\/\/moverdb.com\/wp-content\/uploads\/Orbit-international-moving-company-600x285.png 600w\" sizes=\"auto, (max-width: 1440px) 100vw, 1440px\" \/><\/p>\n<ul>\n<li>Kansalliset siirrot<\/li>\n<li>Kansainv\u00e4liset siirrot<\/li>\n<li>Kotitalouksien muutot<\/li>\n<li>Kaupallinen logistiikka<\/li>\n<li>Henkil\u00f6kohtainen l\u00e4hestymistapa<\/li>\n<li>Maa-, meri- ja ilmakuljetukset<\/li>\n<li>Tullivirasto<\/li>\n<li>Pakkaaminen ja purkaminen<\/li>\n<li>Taiteen kuljetus<\/li>\n<li>Kuljetusten seuranta ja vakuutus<\/li>\n<\/ul>\n<p>Orbit on Sofiassa sijaitseva huolinta- ja kuljetusyritys, joka on toiminut yli 25 vuotta auttaen ihmisi\u00e4 muuttamaan Bulgariassa ja kansainv\u00e4lisesti. Yritys on osa Orphee Beinoglou -konsernia, jolla on toimipisteit\u00e4 eri puolilla Eurooppaa ja jonka kanssa se tekee yhteisty\u00f6t\u00e4 sek\u00e4 muiden muuttokumppaneiden kanssa kansainv\u00e4lisiss\u00e4 muutoissa. Yritys on IAM:n j\u00e4sen 28 vuoden ajan, ja se on FIDI:n akkreditoima.<\/p>\n<p>Orbit tarjoaa henkil\u00f6kohtaista palvelua, johon kuuluu alkutarkastus, muuton suunnittelu maalla, merell\u00e4 tai ilmassa, tavaroiden turvallinen pakkaaminen ja purkaminen sek\u00e4 tulliselvityksen j\u00e4rjest\u00e4minen. Orbit tarjoaa mielenrauhaa tarjoamalla tavaroillesi kauttakuljetusvakuutuksen ja l\u00e4hetyksen seurannan.<\/p>\n<p>Verkkosivusto: <a href=\"http:\/\/www.orbit.bg\" target=\"_blank\" rel=\"noopener\">http:\/\/www.orbit.bg<\/a><\/p>\n<h2>Muita hy\u00f6dyllisi\u00e4 oppaita Bulgariaan<\/h2>\n<ul>\n<li> <a href=\"https:\/\/moverdb.com\/fi\/moving-to-bulgaria\/\">Muutatko Bulgariaan? 2023 Elinkustannukset ja muuttovinkit<\/a><\/li>\n<li> <a href=\"https:\/\/moverdb.com\/fi\/moving-to-bulgaria\/best-places-to-live-bulgaria\/\">13 parhaat paikat asua Bulgariassa<\/a><\/li>\n<\/ul>","protected":false},"excerpt":{"rendered":"<p>If you are moving home or your business in Bulgaria, or moving to or from Bulgaria, then you may want to engage the services of a moving company to reduce the workload. Below we have compiled a list of Bulgarian removal companies that are members of the International Association of Movers (IAM) and\/or FIDI Accredited [&hellip;]<\/p>\n","protected":false},"author":4,"featured_media":0,"parent":190,"menu_order":0,"comment_status":"closed","ping_status":"closed","template":"","meta":{"_genesis_hide_title":false,"_genesis_hide_breadcrumbs":false,"_genesis_hide_singular_image":false,"_genesis_hide_footer_widgets":false,"_genesis_custom_body_class":"","_genesis_custom_post_class":"","_genesis_layout":"","footnotes":""},"class_list":{"0":"post-5510","1":"page","2":"type-page","3":"status-publish","5":"entry","6":"has-post-thumbnail"},"_links":{"self":[{"href":"https:\/\/moverdb.com\/fi\/wp-json\/wp\/v2\/pages\/5510","targetHints":{"allow":["GET"]}}],"collection":[{"href":"https:\/\/moverdb.com\/fi\/wp-json\/wp\/v2\/pages"}],"about":[{"href":"https:\/\/moverdb.com\/fi\/wp-json\/wp\/v2\/types\/page"}],"author":[{"embeddable":true,"href":"https:\/\/moverdb.com\/fi\/wp-json\/wp\/v2\/users\/4"}],"replies":[{"embeddable":true,"href":"https:\/\/moverdb.com\/fi\/wp-json\/wp\/v2\/comments?post=5510"}],"version-history":[{"count":3,"href":"https:\/\/moverdb.com\/fi\/wp-json\/wp\/v2\/pages\/5510\/revisions"}],"predecessor-version":[{"id":16292,"href":"https:\/\/moverdb.com\/fi\/wp-json\/wp\/v2\/pages\/5510\/revisions\/16292"}],"up":[{"embeddable":true,"href":"https:\/\/moverdb.com\/fi\/wp-json\/wp\/v2\/pages\/190"}],"wp:attachment":[{"href":"https:\/\/moverdb.com\/fi\/wp-json\/wp\/v2\/media?parent=5510"}],"curies":[{"name":"wp","href":"https:\/\/api.w.org\/{rel}","templated":true}]}}