{"id":5507,"date":"2023-02-01T13:55:39","date_gmt":"2023-02-01T13:55:39","guid":{"rendered":"https:\/\/moverdb.com\/?page_id=5507"},"modified":"2026-01-08T15:29:49","modified_gmt":"2026-01-08T15:29:49","slug":"brunei-muutto-yritykset","status":"publish","type":"page","link":"https:\/\/moverdb.com\/fi\/moving-companies\/brunei-moving-companies\/","title":{"rendered":"Parhaat kansainv\u00e4liset muuttoyritykset Brunei Darussalamissa"},"content":{"rendered":"<p>Kodin tai yrityksen muuttaminen voi olla monimutkaista ja raskasta ty\u00f6t\u00e4, joten jos haluat kevent\u00e4\u00e4 kuormaa, saatat haluta palkata palveluntarjoajan. <a href=\"https:\/\/moverdb.com\/fi\/moving-companies\/\" data-internallinksmanager029f6b8e52c=\"79\" title=\"Top 25 Kansainv\u00e4list\u00e4 muuttoyrityksi\u00e4 verkossa\">muuttofirma<\/a> auttamaan sinua. Olemme koonneet alla olevan luettelon <a href=\"https:\/\/moverdb.com\/fi\/moving-to-brunei\/\" data-internallinksmanager029f6b8e52c=\"424\" title=\"Muutatko Brunein saarelle? 2023 Elinkustannukset ja muuttovinkit\">Brunei<\/a> Darussalam <a href=\"https:\/\/moverdb.com\/fi\/international-removals\/\" data-internallinksmanager029f6b8e52c=\"27\" title=\"36 Parhaat kansainv\u00e4liset muuttoyritykset Yhdistyneess\u00e4 kuningaskunnassa\">muuttofirmat<\/a> jotka ovat j\u00e4seni\u00e4 <a href=\"https:\/\/moverdb.com\/fi\/iam\/\" data-internallinksmanager029f6b8e52c=\"23\" title=\"Kansainv\u00e4linen muuttajien liitto (IAM) selitetty\">Kansainv\u00e4linen muuttajien liitto<\/a> (IAM), jotka voivat auttaa sinua.<\/p>\n<h2><strong>Brunei Transporting Company <\/strong><\/h2>\n<p><img loading=\"lazy\" decoding=\"async\" class=\"alignnone size-full wp-image-5508\" src=\"https:\/\/moverdb.com\/wp-content\/uploads\/Brunei-Transporting-Company-international-moving-company.png\" alt=\"Brunei Transporting Company kansainv\u00e4linen liikkuva yritys\" width=\"1440\" height=\"682\" data-wp-pid=\"5508\" srcset=\"https:\/\/moverdb.com\/wp-content\/uploads\/Brunei-Transporting-Company-international-moving-company.png 1440w, https:\/\/moverdb.com\/wp-content\/uploads\/Brunei-Transporting-Company-international-moving-company-300x142.png 300w, https:\/\/moverdb.com\/wp-content\/uploads\/Brunei-Transporting-Company-international-moving-company-1024x485.png 1024w, https:\/\/moverdb.com\/wp-content\/uploads\/Brunei-Transporting-Company-international-moving-company-18x9.png 18w, https:\/\/moverdb.com\/wp-content\/uploads\/Brunei-Transporting-Company-international-moving-company-600x284.png 600w\" sizes=\"auto, (max-width: 1440px) 100vw, 1440px\" \/><\/p>\n<ul>\n<li>Kansainv\u00e4liset muutot<\/li>\n<li>Paikallinen liikenne<\/li>\n<li>Kotitalouksien muutot<\/li>\n<li>Kaupalliset siirrot<\/li>\n<li>Ovelta ovelle -palvelut<\/li>\n<li>Maa- ja merikuljetukset<\/li>\n<li>Koulutettu ja kokenut henkil\u00f6st\u00f6<\/li>\n<li>Kattava ajoneuvokanta<\/li>\n<li>Tulliv\u00e4lityspalvelut<\/li>\n<li>S\u00e4ilytysratkaisujen valinta<\/li>\n<\/ul>\n<p>Brunei Transporting Company on yksi Brunei Darussalamin johtavista logistiikkayrityksist\u00e4, joka tarjoaa paikallisia ja kansainv\u00e4lisi\u00e4 muuttopalveluja. Se toimii yhteisty\u00f6ss\u00e4 kumppaneidensa kanssa tarjotakseen kansainv\u00e4lisi\u00e4 palveluja, joiden kanssa se on jatkuvasti yhteydess\u00e4 varmistaakseen turvallisen ja nopean kulun. Se on IAM:n j\u00e4sen.<\/p>\n<p>Brunei Transporting Companylla on kattava ajoneuvokalusto, johon kuuluu kuorma-autoja, autokuljetusautoja, primemovereita, per\u00e4vaunuja ja nostureita. Se tarjoaa muutto- ja logistiikkapalveluja diplomaateille, kansallisille ja monikansallisille yrityksille ja yksityishenkil\u00f6ille. He tarjoavat ovelta ovelle -palvelua rahdin toimittamisessa maalla ja merell\u00e4, tulliv\u00e4lityspalveluja ja erilaisia varastointivaihtoehtoja.<\/p>\n<p>Verkkosivusto: <a href=\"http:\/\/www.bruneitransporting.com\" target=\"_blank\" rel=\"noopener\">http:\/\/www.bruneitransporting.com<\/a><\/p>","protected":false},"excerpt":{"rendered":"<p>Moving home or your business can be complex and hard work so if you are looking to lighten the load then you might want to employ a moving company to help you. Below we have compiled a list of Brunei Darussalam removal companies that are members of the International Association of Movers (IAM) that could [&hellip;]<\/p>\n","protected":false},"author":4,"featured_media":0,"parent":190,"menu_order":0,"comment_status":"closed","ping_status":"closed","template":"","meta":{"_genesis_hide_title":false,"_genesis_hide_breadcrumbs":false,"_genesis_hide_singular_image":false,"_genesis_hide_footer_widgets":false,"_genesis_custom_body_class":"","_genesis_custom_post_class":"","_genesis_layout":"","footnotes":""},"class_list":{"0":"post-5507","1":"page","2":"type-page","3":"status-publish","5":"entry","6":"has-post-thumbnail"},"_links":{"self":[{"href":"https:\/\/moverdb.com\/fi\/wp-json\/wp\/v2\/pages\/5507","targetHints":{"allow":["GET"]}}],"collection":[{"href":"https:\/\/moverdb.com\/fi\/wp-json\/wp\/v2\/pages"}],"about":[{"href":"https:\/\/moverdb.com\/fi\/wp-json\/wp\/v2\/types\/page"}],"author":[{"embeddable":true,"href":"https:\/\/moverdb.com\/fi\/wp-json\/wp\/v2\/users\/4"}],"replies":[{"embeddable":true,"href":"https:\/\/moverdb.com\/fi\/wp-json\/wp\/v2\/comments?post=5507"}],"version-history":[{"count":1,"href":"https:\/\/moverdb.com\/fi\/wp-json\/wp\/v2\/pages\/5507\/revisions"}],"predecessor-version":[{"id":5509,"href":"https:\/\/moverdb.com\/fi\/wp-json\/wp\/v2\/pages\/5507\/revisions\/5509"}],"up":[{"embeddable":true,"href":"https:\/\/moverdb.com\/fi\/wp-json\/wp\/v2\/pages\/190"}],"wp:attachment":[{"href":"https:\/\/moverdb.com\/fi\/wp-json\/wp\/v2\/media?parent=5507"}],"curies":[{"name":"wp","href":"https:\/\/api.w.org\/{rel}","templated":true}]}}