{"id":5392,"date":"2022-11-19T02:21:51","date_gmt":"2022-11-19T02:21:51","guid":{"rendered":"https:\/\/moverdb.com\/?page_id=5392"},"modified":"2026-01-08T14:38:39","modified_gmt":"2026-01-08T14:38:39","slug":"turkkilaiset-ja-caicossilaiset","status":"publish","type":"page","link":"https:\/\/moverdb.com\/fi\/container-shipping\/turks-and-caicos\/","title":{"rendered":"2022 Merikuljetusten konttihinnat Turks- ja Caicokselle ja Turks- ja Caicoksista"},"content":{"rendered":"<div class=\"wp-block-image\">\n<figure class=\"aligncenter size-full\"><img loading=\"lazy\" decoding=\"async\" width=\"1000\" height=\"667\" src=\"https:\/\/moverdb.com\/wp-content\/uploads\/turks-and-caicos.jpg\" alt=\"Hiekkaranta saarella Turks- ja Caicossaarella\" class=\"wp-image-5383\" srcset=\"https:\/\/moverdb.com\/wp-content\/uploads\/turks-and-caicos.jpg 1000w, https:\/\/moverdb.com\/wp-content\/uploads\/turks-and-caicos-300x200.jpg 300w, https:\/\/moverdb.com\/wp-content\/uploads\/turks-and-caicos-18x12.jpg 18w, https:\/\/moverdb.com\/wp-content\/uploads\/turks-and-caicos-600x400.jpg 600w\" sizes=\"auto, (max-width: 1000px) 100vw, 1000px\" \/><\/figure>\n<\/div>\n\n\n<p><strong><a href=\"https:\/\/moverdb.com\/fi\/moving-to-the-turks-and-caicos-islands\/\" data-internallinksmanager029f6b8e52c=\"388\" title=\"Muutatko Turks &amp; Caicossaarille? Vuoden 2023 elinkustannukset\">Turks ja Caicos<\/a><\/strong> on j\u00e4lleen yksi brittil\u00e4inen saarialue Karibialla. T\u00e4m\u00e4 saaristo on asutettu 8 p\u00e4\u00e4saarella, mutta itse asiassa se koostuu yli 40 saaresta.<\/p>\n\n\n\n<p>Turks- ja Caicos-saaret houkuttelevat l\u00e4hinn\u00e4 niit\u00e4, jotka haluavat vet\u00e4yty\u00e4 l\u00e4mpim\u00e4\u00e4n, rauhalliseen nurkkaan ja nauttia hitaammasta tahdista tai viett\u00e4\u00e4 el\u00e4kep\u00e4ivi\u00e4\u00e4n kauniiden rantojen ja rauhallisten aaltojen \u00e4\u00e4rell\u00e4. Muita t\u00e4rkeit\u00e4 syit\u00e4, joiden vuoksi jotkut p\u00e4\u00e4tt\u00e4v\u00e4t tehd\u00e4 t\u00e4st\u00e4 maallisesta taivaasta kotinsa, ovat vakaa valuutta ja tuloja, omaisuutta ja perint\u00f6j\u00e4 koskevat verovapaat s\u00e4\u00e4nn\u00f6kset.<\/p>\n\n\n\n<p>Koska kyseess\u00e4 on hyvin pieni valtio, merikuljetusvaihtoehdot Turks- ja Caicos-saarille muuttamiseksi ovat melko rajalliset. Teimme kuitenkin parhaamme ja ker\u00e4simme muutamia hintoja, jotka on esitetty alla olevissa taulukoissa.<\/p>\n\n\n\n<p>Alimmat Turks- ja Caicos-saaret <a href=\"https:\/\/moverdb.com\/fi\/container-shipping\/\" data-internallinksmanager029f6b8e52c=\"3\" title=\"Kansainv\u00e4lisen konttikuljetuksen hinnat: huhtikuu 2026\">konttien kuljetusmaksut<\/a> joko 20- tai 40-jalkaisten kuljetuskonttien n\u00e4ytt\u00f6kustannukset.<\/p>\n\n\n\n<h2 class=\"wp-block-heading\">Laivakonttien kustannukset Turks- ja Caicokselle (Providenciales)<\/h2>\n\n\n<div class=\"wp-block-image\">\n<figure class=\"aligncenter size-large\"><img loading=\"lazy\" decoding=\"async\" width=\"1024\" height=\"539\" src=\"https:\/\/moverdb.com\/wp-content\/uploads\/Shipping-Container-Costs-to-Turks-and-Caicos-1024x539.png\" alt=\"Laivakonttien kustannukset Turks- ja Caicokselle (Providenciales)\" class=\"wp-image-5380\" srcset=\"https:\/\/moverdb.com\/wp-content\/uploads\/Shipping-Container-Costs-to-Turks-and-Caicos-1024x539.png 1024w, https:\/\/moverdb.com\/wp-content\/uploads\/Shipping-Container-Costs-to-Turks-and-Caicos-300x158.png 300w, https:\/\/moverdb.com\/wp-content\/uploads\/Shipping-Container-Costs-to-Turks-and-Caicos-1536x809.png 1536w, https:\/\/moverdb.com\/wp-content\/uploads\/Shipping-Container-Costs-to-Turks-and-Caicos-18x9.png 18w, https:\/\/moverdb.com\/wp-content\/uploads\/Shipping-Container-Costs-to-Turks-and-Caicos-600x316.png 600w, https:\/\/moverdb.com\/wp-content\/uploads\/Shipping-Container-Costs-to-Turks-and-Caicos.png 2000w\" sizes=\"auto, (max-width: 1024px) 100vw, 1024px\" \/><\/figure>\n<\/div>\n\n\n<table id=\"tablepress-226\" class=\"tablepress tablepress-id-226\">\n<thead>\n<tr class=\"row-1\">\n\t<th class=\"column-1\">M\u00e4\u00e4r\u00e4maa (<a href=\"https:\/\/moverdb.com\/fi\/top-49-container-ports\/\" data-internallinksmanager029f6b8e52c=\"80\" title=\"Top 49 suurinta ja vilkkainta konttisatamaa vuonna 2025\">Satama<\/a>\/City)<\/th><th class=\"column-2\">20FT<\/th><th class=\"column-3\">40FT<\/th>\n<\/tr>\n<\/thead>\n<tbody class=\"row-striping row-hover\">\n<tr class=\"row-2\">\n\t<td class=\"column-1\"><a href=\"https:\/\/moverdb.com\/fi\/container-shipping\/andorra\/\" data-internallinksmanager029f6b8e52c=\"88\" title=\"2023 merirahti konttien laivaushinnat Andorraan ja Andorrasta\">Andorra (Andorra la Vella)<\/a><\/td><td class=\"column-2\">$1,450<\/td><td class=\"column-3\">$1,900<\/td>\n<\/tr>\n<tr class=\"row-3\">\n\t<td class=\"column-1\"><a href=\"https:\/\/moverdb.com\/fi\/container-shipping\/australia\/\" data-internallinksmanager029f6b8e52c=\"89\" title=\"2026 Konttien laivaushinnat Australiaan ja Australiasta\">Australia (Sydney)<\/a><\/td><td class=\"column-2\">N\/A<\/td><td class=\"column-3\">$12,406<\/td>\n<\/tr>\n<tr class=\"row-4\">\n\t<td class=\"column-1\"><a href=\"https:\/\/moverdb.com\/fi\/container-shipping\/austria\/\" data-internallinksmanager029f6b8e52c=\"95\" title=\"2023 merirahti konttien laivaushinnat It\u00e4valtaan ja It\u00e4vallasta\">It\u00e4valta (Wien)<\/a><\/td><td class=\"column-2\">$6,640<\/td><td class=\"column-3\">$7,951<\/td>\n<\/tr>\n<tr class=\"row-5\">\n\t<td class=\"column-1\"><a href=\"https:\/\/moverdb.com\/fi\/container-shipping\/bahrain\/\" data-internallinksmanager029f6b8e52c=\"96\" title=\"2023 merirahti konttien laivaushinnat Bahrainiin ja Bahrainista\">Bahrain (Manama)<\/a><\/td><td class=\"column-2\">N\/A<\/td><td class=\"column-3\">$12,306<\/td>\n<\/tr>\n<tr class=\"row-6\">\n\t<td class=\"column-1\"><a href=\"https:\/\/moverdb.com\/fi\/container-shipping\/belize\/\" data-internallinksmanager029f6b8e52c=\"137\" title=\"2023 merirahti konttien laivaushinnat Belizeen ja Belizest\u00e4\">Belize (Belize City)<\/a><\/td><td class=\"column-2\">$2,090<\/td><td class=\"column-3\">$2,809<\/td>\n<\/tr>\n<tr class=\"row-7\">\n\t<td class=\"column-1\"><a href=\"https:\/\/moverdb.com\/fi\/container-shipping\/brazil\/\" data-internallinksmanager029f6b8e52c=\"98\" title=\"2023 merirahti konttien laivaushinnat Brasiliaan ja Brasiliasta\">Brasilia (Santos)<\/a><\/td><td class=\"column-2\">$2,090<\/td><td class=\"column-3\">$2,809<\/td>\n<\/tr>\n<tr class=\"row-8\">\n\t<td class=\"column-1\"><a href=\"https:\/\/moverdb.com\/fi\/container-shipping\/cambodia\/\" data-internallinksmanager029f6b8e52c=\"101\" title=\"2023 merirahti konttien laivaushinnat Kambod\u017eaan ja Kambod\u017easta\">Kambod\u017ea (Sihanoukville)<\/a><\/td><td class=\"column-2\">$7,606<\/td><td class=\"column-3\">$8,276<\/td>\n<\/tr>\n<tr class=\"row-9\">\n\t<td class=\"column-1\"><a href=\"https:\/\/moverdb.com\/fi\/container-shipping\/china\/\" data-internallinksmanager029f6b8e52c=\"105\" title=\"2023 merirahti konttien laivaushinnat Kiinaan ja Kiinasta\">Kiina (Peking)<\/a><\/td><td class=\"column-2\">$6,757<\/td><td class=\"column-3\">$7,134<\/td>\n<\/tr>\n<tr class=\"row-10\">\n\t<td class=\"column-1\">Kiina (Shanghai)<\/td><td class=\"column-2\">$6,696<\/td><td class=\"column-3\">$7,077<\/td>\n<\/tr>\n<tr class=\"row-11\">\n\t<td class=\"column-1\"><a href=\"https:\/\/moverdb.com\/fi\/moving-to-gibraltar\/\" data-internallinksmanager029f6b8e52c=\"431\" title=\"Muutatko Gibraltarille? 2023 Elinkustannukset ja muuttovinkit\">Gibraltar<\/a><\/td><td class=\"column-2\">$4,178<\/td><td class=\"column-3\">$5,933<\/td>\n<\/tr>\n<tr class=\"row-12\">\n\t<td class=\"column-1\"><a href=\"https:\/\/moverdb.com\/fi\/container-shipping\/guernsey\/\" data-internallinksmanager029f6b8e52c=\"121\" title=\"2023 merirahti konttien laivaushinnat Guernseyyn ja Guernseyst\u00e4\">Guernsey (St Peter Port)<\/a><\/td><td class=\"column-2\">$2,846<\/td><td class=\"column-3\">$2,953<\/td>\n<\/tr>\n<tr class=\"row-13\">\n\t<td class=\"column-1\"><a href=\"https:\/\/moverdb.com\/fi\/container-shipping\/hong-kong\/\" data-internallinksmanager029f6b8e52c=\"123\" title=\"2023 merirahti konttien laivaushinnat Hong Kongiin ja Hong Kongista\">Hongkong (Hongkong)<\/a><\/td><td class=\"column-2\">$6,696<\/td><td class=\"column-3\">$7,077<\/td>\n<\/tr>\n<tr class=\"row-14\">\n\t<td class=\"column-1\"><a href=\"https:\/\/moverdb.com\/fi\/container-shipping\/indonesia\/\" data-internallinksmanager029f6b8e52c=\"126\" title=\"2023 merirahti konttien laivaushinnat Indonesiaan ja Indonesiasta\">Indonesia (Jakarta)<\/a><\/td><td class=\"column-2\">$7,295<\/td><td class=\"column-3\">$7,762<\/td>\n<\/tr>\n<tr class=\"row-15\">\n\t<td class=\"column-1\"><a href=\"https:\/\/moverdb.com\/fi\/moving-to-luxembourg\/\" data-internallinksmanager029f6b8e52c=\"349\" title=\"Muutatko Luxemburgiin? 2023 Elinkustannukset ja muuttovinkit\">Luxemburg<\/a><\/td><td class=\"column-2\">$3,940<\/td><td class=\"column-3\">$5,490<\/td>\n<\/tr>\n<tr class=\"row-16\">\n\t<td class=\"column-1\"><a href=\"https:\/\/moverdb.com\/fi\/container-shipping\/united-arab-emirates\/\" data-internallinksmanager029f6b8e52c=\"188\" title=\"2026 Konttien laivaushinnat Arabiemiirikunnista ja Yhdistyneisiin arabiemiirikuntiin\">Yhdistyneet arabiemiirikunnat (Jebel Ali)<\/a><\/td><td class=\"column-2\">$6,276<\/td><td class=\"column-3\">$6,943<\/td>\n<\/tr>\n<tr class=\"row-17\">\n\t<td class=\"column-1\"><a href=\"https:\/\/moverdb.com\/fi\/moving-to-the-united-states\/\" data-internallinksmanager029f6b8e52c=\"94\" title=\"Muutatko Yhdysvaltoihin? 2022 Elinkustannukset ja muuttovinkit\">US<\/a> (<a href=\"https:\/\/moverdb.com\/fi\/moving-to-los-angeles\/\" data-internallinksmanager029f6b8e52c=\"51\" title=\"Muutatko Los Angelesiin? 2026 LA:n elinkustannukset ja muuttovinkit\">Los Angeles<\/a>)<\/td><td class=\"column-2\">$912<\/td><td class=\"column-3\">$1,309<\/td>\n<\/tr>\n<tr class=\"row-18\">\n\t<td class=\"column-1\"><a href=\"https:\/\/moverdb.com\/fi\/container-shipping\/united-states\/\" data-internallinksmanager029f6b8e52c=\"87\" title=\"2023 merirahti konttien laivaushinnat Yhdysvaltoihin ja Yhdysvalloista\">Yhdysvallat (New York)<\/a><\/td><td class=\"column-2\">$2,624<\/td><td class=\"column-3\">$1,937<\/td>\n<\/tr>\n<\/tbody>\n<\/table>\n\n\n\n\n<h2 class=\"wp-block-heading\">Laivakontti kustannukset Turks ja Caicos (Providenciales)<\/h2>\n\n\n<div class=\"wp-block-image\">\n<figure class=\"aligncenter size-large\"><img loading=\"lazy\" decoding=\"async\" width=\"1024\" height=\"539\" src=\"https:\/\/moverdb.com\/wp-content\/uploads\/Shipping-Container-Costs-from-Turks-and-Caicos-1024x539.png\" alt=\"Laivakontti kustannukset Turks ja Caicos (Providenciales)\" class=\"wp-image-5378\" srcset=\"https:\/\/moverdb.com\/wp-content\/uploads\/Shipping-Container-Costs-from-Turks-and-Caicos-1024x539.png 1024w, https:\/\/moverdb.com\/wp-content\/uploads\/Shipping-Container-Costs-from-Turks-and-Caicos-300x158.png 300w, https:\/\/moverdb.com\/wp-content\/uploads\/Shipping-Container-Costs-from-Turks-and-Caicos-1536x809.png 1536w, https:\/\/moverdb.com\/wp-content\/uploads\/Shipping-Container-Costs-from-Turks-and-Caicos-18x9.png 18w, https:\/\/moverdb.com\/wp-content\/uploads\/Shipping-Container-Costs-from-Turks-and-Caicos-600x316.png 600w, https:\/\/moverdb.com\/wp-content\/uploads\/Shipping-Container-Costs-from-Turks-and-Caicos.png 2000w\" sizes=\"auto, (max-width: 1024px) 100vw, 1024px\" \/><\/figure>\n<\/div>\n\n\n<table id=\"tablepress-224\" class=\"tablepress tablepress-id-224\">\n<thead>\n<tr class=\"row-1\">\n\t<th class=\"column-1\">M\u00e4\u00e4r\u00e4maa (satama\/kaupunki)<\/th><th class=\"column-2\">20FT<\/th><th class=\"column-3\">40FT<\/th>\n<\/tr>\n<\/thead>\n<tbody class=\"row-striping row-hover\">\n<tr class=\"row-2\">\n\t<td class=\"column-1\">Andorra (Andorra la Vella)<\/td><td class=\"column-2\">N\/A<\/td><td class=\"column-3\">$355<\/td>\n<\/tr>\n<tr class=\"row-3\">\n\t<td class=\"column-1\"><a href=\"https:\/\/moverdb.com\/fi\/container-shipping\/antigua-and-barbuda\/\" data-internallinksmanager029f6b8e52c=\"92\" title=\"2023 merirahti konttien laivaushinnat Antigua ja Barbudaan ja sielt\u00e4 pois\">Antigua ja Barbuda (St John's)<\/a><\/td><td class=\"column-2\">$600<\/td><td class=\"column-3\">$801<\/td>\n<\/tr>\n<tr class=\"row-4\">\n\t<td class=\"column-1\">Australia (Sydney)<\/td><td class=\"column-2\">$2,845<\/td><td class=\"column-3\">N\/A<\/td>\n<\/tr>\n<tr class=\"row-5\">\n\t<td class=\"column-1\">Brasilia (Santos)<\/td><td class=\"column-2\">$873<\/td><td class=\"column-3\">$1,312<\/td>\n<\/tr>\n<tr class=\"row-6\">\n\t<td class=\"column-1\"><a href=\"https:\/\/moverdb.com\/fi\/container-shipping\/canada\/\" data-internallinksmanager029f6b8e52c=\"102\" title=\"2023 merirahti konttien laivaushinnat Kanadaan ja Kanadasta\">Kanada (Toronto)<\/a><\/td><td class=\"column-2\">$1,078<\/td><td class=\"column-3\">$2,422<\/td>\n<\/tr>\n<tr class=\"row-7\">\n\t<td class=\"column-1\">Kiina (Shanghai)<\/td><td class=\"column-2\">$2,415<\/td><td class=\"column-3\">$3,105<\/td>\n<\/tr>\n<tr class=\"row-8\">\n\t<td class=\"column-1\"><a href=\"https:\/\/moverdb.com\/fi\/container-shipping\/pakistan\/\" data-internallinksmanager029f6b8e52c=\"155\" title=\"2023 merirahti konttien laivaushinnat Pakistaniin ja Pakistanista\">Pakistan (Karachi)<\/a><\/td><td class=\"column-2\">$4,507<\/td><td class=\"column-3\">$4,830<\/td>\n<\/tr>\n<tr class=\"row-9\">\n\t<td class=\"column-1\"><a href=\"https:\/\/moverdb.com\/fi\/container-shipping\/saudi-arabia\/\" data-internallinksmanager029f6b8e52c=\"178\" title=\"2023 merirahti konttien laivaushinnat Saudi-Arabiaan ja Saudi-Arabiasta\">Saudi-Arabia (Jeddah)<\/a><\/td><td class=\"column-2\">$7,212<\/td><td class=\"column-3\">$9,776<\/td>\n<\/tr>\n<tr class=\"row-10\">\n\t<td class=\"column-1\"><a href=\"https:\/\/moverdb.com\/fi\/container-shipping\/spain\/\" data-internallinksmanager029f6b8e52c=\"182\" title=\"2023 merirahti konttien laivaushinnat Espanjaan ja Espanjasta\">Espanja (Valencia)<\/a><\/td><td class=\"column-2\">$2,983<\/td><td class=\"column-3\">$3,099<\/td>\n<\/tr>\n<tr class=\"row-11\">\n\t<td class=\"column-1\">Yhdysvallat (New York)<\/td><td class=\"column-2\">$1,297<\/td><td class=\"column-3\">$1,383<\/td>\n<\/tr>\n<tr class=\"row-12\">\n\t<td class=\"column-1\"><a href=\"https:\/\/moverdb.com\/fi\/container-shipping\/vietnam\/\" data-internallinksmanager029f6b8e52c=\"245\" title=\"2023 merirahti konttien laivaushinnat Vietnamiin ja Vietnamista\">Vietnam (Saigon)<\/a><\/td><td class=\"column-2\">$3,804<\/td><td class=\"column-3\">$3,670<\/td>\n<\/tr>\n<\/tbody>\n<\/table>\n<!-- #tablepress-224 from cache -->\n\n\n\n<h3 class=\"wp-block-heading\">Tietoja koskevat huomautukset:<\/h3>\n\n\n\n<ul class=\"wp-block-list\">\n<li>Kaikki $-luvut Yhdysvaltain dollareina (USD);<\/li>\n\n\n\n<li>Hinnat ovat tarkkoja vuoden 2022 alussa;<\/li>\n\n\n\n<li>T\u00e4m\u00e4n artikkelin kartat on luotu k\u00e4ytt\u00e4m\u00e4ll\u00e4 <a href=\"https:\/\/www.mapchart.net\" target=\"_blank\" rel=\"noreferrer noopener\">https:\/\/www.mapchart.net<\/a>. Voit vapaasti jakaa karttoja, kunhan annat linkin takaisin osoitteeseen <a href=\"https:\/\/moverdb.com\/fi\/\" target=\"_blank\" rel=\"noreferrer noopener\">MoverDB<\/a>;<\/li>\n\n\n\n<li>Yll\u00e4 olevat hinnat ovat vain arvioita, ja ne ovat saattaneet muuttua t\u00e4m\u00e4n artikkelin julkaisemisen j\u00e4lkeen (huhtikuu 2022). Ne perustuvat alimpaan arvioituun korkoon, joka on saatu joko seuraavista l\u00e4hteist\u00e4 <a href=\"https:\/\/www.searates.com\" target=\"_blank\" rel=\"noreferrer noopener\">https:\/\/www.searates.com<\/a> tai <a href=\"https:\/\/www.gocomet.com\/freight-shipping-rates-index-calculator\" target=\"_blank\" rel=\"noreferrer noopener\">https:\/\/www.gocomet.com<\/a>;<\/li>\n\n\n\n<li>Jos haluat tarkemman k\u00e4sityksen kustannuksista, k\u00e4yt\u00e4 t\u00e4m\u00e4n sivun yl\u00e4osassa olevaa tarjouslomaketta;<\/li>\n\n\n\n<li>Katso my\u00f6s oppaamme <a href=\"https:\/\/moverdb.com\/fi\/konttikuljetukset\/\" target=\"_blank\" rel=\"noreferrer noopener\">kansainv\u00e4linen konttikuljetus<\/a>.<\/li>\n<\/ul>","protected":false},"excerpt":{"rendered":"<p>Turks and Caicos is yet another British island territory in the Caribbean. This archipelago is populated on 8 main islands, but in fact, it consists of over 40 islands. For expats, Turks and Caicos is mainly attractive to those who want to retreat to a warm, quiet corner and enjoy a slower pace or spend [&hellip;]<\/p>\n","protected":false},"author":2,"featured_media":5383,"parent":44,"menu_order":0,"comment_status":"closed","ping_status":"closed","template":"","meta":{"_genesis_hide_title":false,"_genesis_hide_breadcrumbs":false,"_genesis_hide_singular_image":false,"_genesis_hide_footer_widgets":false,"_genesis_custom_body_class":"","_genesis_custom_post_class":"","_genesis_layout":"","footnotes":""},"class_list":{"0":"post-5392","1":"page","2":"type-page","3":"status-publish","4":"has-post-thumbnail","6":"entry"},"_links":{"self":[{"href":"https:\/\/moverdb.com\/fi\/wp-json\/wp\/v2\/pages\/5392","targetHints":{"allow":["GET"]}}],"collection":[{"href":"https:\/\/moverdb.com\/fi\/wp-json\/wp\/v2\/pages"}],"about":[{"href":"https:\/\/moverdb.com\/fi\/wp-json\/wp\/v2\/types\/page"}],"author":[{"embeddable":true,"href":"https:\/\/moverdb.com\/fi\/wp-json\/wp\/v2\/users\/2"}],"replies":[{"embeddable":true,"href":"https:\/\/moverdb.com\/fi\/wp-json\/wp\/v2\/comments?post=5392"}],"version-history":[{"count":1,"href":"https:\/\/moverdb.com\/fi\/wp-json\/wp\/v2\/pages\/5392\/revisions"}],"predecessor-version":[{"id":5394,"href":"https:\/\/moverdb.com\/fi\/wp-json\/wp\/v2\/pages\/5392\/revisions\/5394"}],"up":[{"embeddable":true,"href":"https:\/\/moverdb.com\/fi\/wp-json\/wp\/v2\/pages\/44"}],"wp:featuredmedia":[{"embeddable":true,"href":"https:\/\/moverdb.com\/fi\/wp-json\/wp\/v2\/media\/5383"}],"wp:attachment":[{"href":"https:\/\/moverdb.com\/fi\/wp-json\/wp\/v2\/media?parent=5392"}],"curies":[{"name":"wp","href":"https:\/\/api.w.org\/{rel}","templated":true}]}}