{"id":5240,"date":"2022-10-24T11:49:20","date_gmt":"2022-10-24T11:49:20","guid":{"rendered":"https:\/\/moverdb.com\/?page_id=5240"},"modified":"2026-01-08T15:23:38","modified_gmt":"2026-01-08T15:23:38","slug":"bosnia-ja-hertsegovina","status":"publish","type":"page","link":"https:\/\/moverdb.com\/fi\/moving-companies\/bosnia-and-herzegovina-moving-companies\/","title":{"rendered":"2 parasta kansainv\u00e4list\u00e4 muuttofirmaa Bosnia ja Hertsegovinassa"},"content":{"rendered":"<p>Muutto voi olla stressaavaa aikaa, varsinkin jos muutat my\u00f6s maasta toiseen, jolloin muuttoyritys voi auttaa lievitt\u00e4m\u00e4\u00e4n paineita. Auttaaksemme sinua olemme koonneet luettelon Bosnia ja Hertsegovinan muuttopalveluista. <a href=\"https:\/\/moverdb.com\/fi\/international-removals\/\" data-internallinksmanager029f6b8e52c=\"27\" title=\"36 Parhaat kansainv\u00e4liset muuttoyritykset Yhdistyneess\u00e4 kuningaskunnassa\">muuttofirmat<\/a> jotka ovat j\u00e4seni\u00e4 <a href=\"https:\/\/moverdb.com\/fi\/iam\/\" data-internallinksmanager029f6b8e52c=\"23\" title=\"Kansainv\u00e4linen muuttajien liitto (IAM) selitetty\">Kansainv\u00e4linen muuttajien liitto<\/a> (IAM), joka voi auttaa sinua.<\/p>\n<h2><strong>1. AGS Worldwide Movers<\/strong><\/h2>\n<p><em><img loading=\"lazy\" decoding=\"async\" class=\"alignnone size-full wp-image-5137\" src=\"https:\/\/moverdb.com\/wp-content\/uploads\/AGS-Wroldwide-Movers-international-moving-company.png\" alt=\"AGS Wroldwide Movers kansainv\u00e4linen muuttofirma\" width=\"1440\" height=\"680\" data-wp-pid=\"5137\" srcset=\"https:\/\/moverdb.com\/wp-content\/uploads\/AGS-Wroldwide-Movers-international-moving-company.png 1440w, https:\/\/moverdb.com\/wp-content\/uploads\/AGS-Wroldwide-Movers-international-moving-company-300x142.png 300w, https:\/\/moverdb.com\/wp-content\/uploads\/AGS-Wroldwide-Movers-international-moving-company-1024x484.png 1024w, https:\/\/moverdb.com\/wp-content\/uploads\/AGS-Wroldwide-Movers-international-moving-company-18x9.png 18w, https:\/\/moverdb.com\/wp-content\/uploads\/AGS-Wroldwide-Movers-international-moving-company-600x283.png 600w\" sizes=\"auto, (max-width: 1440px) 100vw, 1440px\" \/><\/em><\/p>\n<ul>\n<li>Kansalliset siirrot<\/li>\n<li>Kansainv\u00e4liset muutot<\/li>\n<li>Asuntojen muutot<\/li>\n<li>Toimiston muutot<\/li>\n<li>Ovelta ovelle muutot<\/li>\n<li>Koulutettu henkil\u00f6kunta pakkaamaan ja kuljettamaan tavarasi<\/li>\n<li>Innovatiiviset pakkausmateriaalit ja -menetelm\u00e4t<\/li>\n<li>Ymp\u00e4rist\u00f6yst\u00e4v\u00e4llinen pakkaus<\/li>\n<li>Ajoneuvojen siirrot<\/li>\n<li>Turvallinen varastointi<\/li>\n<\/ul>\n<p>AGS Worldwide Movers perustettiin vuonna 1974, ja se on laajentunut kansainv\u00e4liseksi muuttoliikeyritykseksi, joka toimii Euroopassa, Aasiassa ja Afrikassa sek\u00e4 yhteisty\u00f6kumppaneina Amerikassa ja Oseaniassa. Sill\u00e4 on 146 toimipistett\u00e4 97 maassa. Ne ovat IAM:n j\u00e4seni\u00e4, joilla on 25 vuoden kokemus.<\/p>\n<p>AGS Worldwide Movers k\u00e4ytt\u00e4\u00e4 huippuluokan \u00e4lykk\u00e4it\u00e4 ratkaisuja tarjousten, seurannan ja toimituksen tehostamiseksi. He tarjoavat koulutettua henkil\u00f6kuntaa, joka pakkaa tavarasi turvallisesti, jotta ne eiv\u00e4t vahingoitu innovatiivisten pakkausmateriaalien ja -tekniikoiden avulla. He tarjoavat my\u00f6s kuljetusratkaisuja ajoneuvoille ja tarvittaessa turvallista varastointia.<\/p>\n<p>Verkkosivusto: <a href=\"http:\/\/www.agsmovers.com\" target=\"_blank\" rel=\"noopener\">http:\/\/www.agsmovers.com<\/a><\/p>\n<h2><strong>2. Intermove<\/strong><\/h2>\n<p><em><img loading=\"lazy\" decoding=\"async\" class=\"alignnone size-full wp-image-5176\" src=\"https:\/\/moverdb.com\/wp-content\/uploads\/Intermove-international-moving-company.png\" alt=\"Intermove kansainv\u00e4linen muuttofirma\" width=\"1440\" height=\"680\" data-wp-pid=\"5176\" srcset=\"https:\/\/moverdb.com\/wp-content\/uploads\/Intermove-international-moving-company.png 1440w, https:\/\/moverdb.com\/wp-content\/uploads\/Intermove-international-moving-company-300x142.png 300w, https:\/\/moverdb.com\/wp-content\/uploads\/Intermove-international-moving-company-1024x484.png 1024w, https:\/\/moverdb.com\/wp-content\/uploads\/Intermove-international-moving-company-18x9.png 18w, https:\/\/moverdb.com\/wp-content\/uploads\/Intermove-international-moving-company-600x283.png 600w\" sizes=\"auto, (max-width: 1440px) 100vw, 1440px\" \/><\/em><\/p>\n<ul>\n<li>Paikalliset ja kansalliset siirrot<\/li>\n<li>Kansainv\u00e4liset muutot<\/li>\n<li>Kotitalouksien muutot<\/li>\n<li>Yritysten uudelleensijoittaminen<\/li>\n<li>Eritt\u00e4in ammattitaitoiset pakkaajat<\/li>\n<li>Pakkaus- ja purkamispalvelut<\/li>\n<li>Merenkulun logistiikka<\/li>\n<li>Tulliselvitys<\/li>\n<li>Vakuutus<\/li>\n<li>Varastointitilat<\/li>\n<\/ul>\n<p>Intermove on muuttofirma, joka perustettiin vuonna 1996 auttamaan perheit\u00e4 ja yrityksi\u00e4 muuttamaan. Se tarjoaa palvelujaan Bosnia ja Hertsegovinassa sek\u00e4 niille, jotka haluavat muuttaa sinne tai sielt\u00e4 pois. He ovat IAM:n j\u00e4seni\u00e4, joilla on 26 vuoden kokemus.<\/p>\n<p>Intermove tarjoaa kansainv\u00e4lisiin pakkausmenetelmiin perehtyneit\u00e4 ammattitaitoisia pakkaajia, jotka k\u00e4ytt\u00e4v\u00e4t korkealaatuisia materiaaleja omaisuutesi suojaamiseksi. He pakkaavat tavarasi ja j\u00e4rjest\u00e4v\u00e4t niiden kuljetuksen, mukaan lukien tulliselvitykset ja tavaroiden purkamisen. He tarjoavat vakuutuksen, kotietsinn\u00e4n, alueorientaation ja mahdollisuuden joustaviin varastointiratkaisuihin.<\/p>\n<p>Verkkosivusto: <a href=\"http:\/\/www.intermovebosnia.com\" target=\"_blank\" rel=\"noopener\">http:\/\/www.intermovebosnia.com<\/a><\/p>","protected":false},"excerpt":{"rendered":"<p>Moving can be a stressful time especially if you are moving countries as well, that is where a moving or relocation company can help relieve some of the pressure. To help you we have compiled a list of Bosnia and Herzegovina removal companies that are members of the International Association of Movers (IAM) who could [&hellip;]<\/p>\n","protected":false},"author":4,"featured_media":0,"parent":190,"menu_order":0,"comment_status":"closed","ping_status":"closed","template":"","meta":{"_genesis_hide_title":false,"_genesis_hide_breadcrumbs":false,"_genesis_hide_singular_image":false,"_genesis_hide_footer_widgets":false,"_genesis_custom_body_class":"","_genesis_custom_post_class":"","_genesis_layout":"","footnotes":""},"class_list":{"0":"post-5240","1":"page","2":"type-page","3":"status-publish","5":"entry","6":"has-post-thumbnail"},"_links":{"self":[{"href":"https:\/\/moverdb.com\/fi\/wp-json\/wp\/v2\/pages\/5240","targetHints":{"allow":["GET"]}}],"collection":[{"href":"https:\/\/moverdb.com\/fi\/wp-json\/wp\/v2\/pages"}],"about":[{"href":"https:\/\/moverdb.com\/fi\/wp-json\/wp\/v2\/types\/page"}],"author":[{"embeddable":true,"href":"https:\/\/moverdb.com\/fi\/wp-json\/wp\/v2\/users\/4"}],"replies":[{"embeddable":true,"href":"https:\/\/moverdb.com\/fi\/wp-json\/wp\/v2\/comments?post=5240"}],"version-history":[{"count":1,"href":"https:\/\/moverdb.com\/fi\/wp-json\/wp\/v2\/pages\/5240\/revisions"}],"predecessor-version":[{"id":5241,"href":"https:\/\/moverdb.com\/fi\/wp-json\/wp\/v2\/pages\/5240\/revisions\/5241"}],"up":[{"embeddable":true,"href":"https:\/\/moverdb.com\/fi\/wp-json\/wp\/v2\/pages\/190"}],"wp:attachment":[{"href":"https:\/\/moverdb.com\/fi\/wp-json\/wp\/v2\/media?parent=5240"}],"curies":[{"name":"wp","href":"https:\/\/api.w.org\/{rel}","templated":true}]}}