{"id":5237,"date":"2022-10-24T11:50:03","date_gmt":"2022-10-24T11:50:03","guid":{"rendered":"https:\/\/moverdb.com\/?page_id=5237"},"modified":"2026-01-08T15:24:38","modified_gmt":"2026-01-08T15:24:38","slug":"bolivia","status":"publish","type":"page","link":"https:\/\/moverdb.com\/fi\/moving-companies\/bolivia-moving-companies\/","title":{"rendered":"4 parasta kansainv\u00e4list\u00e4 muuttofirmaa Boliviassa"},"content":{"rendered":"<p>Jos haluat muuttaa kotiin tai yritykseen Boliviassa, Boliviaan tai Boliviasta, saatat haluta tukea muuton aiheuttaman stressin ja ty\u00f6n v\u00e4hent\u00e4miseksi. Olemme koonneet alla olevan luettelon Bolivian <a href=\"https:\/\/moverdb.com\/fi\/international-removals\/\" data-internallinksmanager029f6b8e52c=\"27\" title=\"36 Parhaat kansainv\u00e4liset muuttoyritykset Yhdistyneess\u00e4 kuningaskunnassa\">muuttofirmat<\/a> jotka ovat j\u00e4seni\u00e4 <a href=\"https:\/\/moverdb.com\/fi\/iam\/\" data-internallinksmanager029f6b8e52c=\"23\" title=\"Kansainv\u00e4linen muuttajien liitto (IAM) selitetty\">Kansainv\u00e4linen muuttajien liitto<\/a> (IAM) ja\/tai <a href=\"https:\/\/moverdb.com\/fi\/fidi-faim\/\" data-internallinksmanager029f6b8e52c=\"16\" title=\"FIDI &amp; FAIM (FIDI Accredited International Mover) selitettyin\u00e4\">FIDI<\/a> Accredited International Mover (FAIM), joka voisi auttaa sinua.<\/p>\n<div id=\"ez-toc-container\" class=\"ez-toc-v2_0_82_2 ez-toc-wrap-left counter-hierarchy ez-toc-counter ez-toc-transparent ez-toc-container-direction\">\n<div class=\"ez-toc-title-container\">\n<p class=\"ez-toc-title\" style=\"cursor:inherit\">Jaksot<\/p>\n<span class=\"ez-toc-title-toggle\"><a href=\"#\" class=\"ez-toc-pull-right ez-toc-btn ez-toc-btn-xs ez-toc-btn-default ez-toc-toggle\" aria-label=\"Sis\u00e4llysluettelon vaihtaminen\"><span class=\"ez-toc-js-icon-con\"><span class=\"\"><span class=\"eztoc-hide\" style=\"display:none;\">Toggle<\/span><span class=\"ez-toc-icon-toggle-span\"><svg style=\"fill: #999;color:#999\" xmlns=\"http:\/\/www.w3.org\/2000\/svg\" class=\"list-377408\" width=\"20px\" height=\"20px\" viewbox=\"0 0 24 24\" fill=\"none\"><path d=\"M6 6H4v2h2V6zm14 0H8v2h12V6zM4 11h2v2H4v-2zm16 0H8v2h12v-2zM4 16h2v2H4v-2zm16 0H8v2h12v-2z\" fill=\"currentColor\"><\/path><\/svg><svg style=\"fill: #999;color:#999\" class=\"arrow-unsorted-368013\" xmlns=\"http:\/\/www.w3.org\/2000\/svg\" width=\"10px\" height=\"10px\" viewbox=\"0 0 24 24\" version=\"1.2\" baseprofile=\"tiny\"><path d=\"M18.2 9.3l-6.2-6.3-6.2 6.3c-.2.2-.3.4-.3.7s.1.5.3.7c.2.2.4.3.7.3h11c.3 0 .5-.1.7-.3.2-.2.3-.5.3-.7s-.1-.5-.3-.7zM5.8 14.7l6.2 6.3 6.2-6.3c.2-.2.3-.5.3-.7s-.1-.5-.3-.7c-.2-.2-.4-.3-.7-.3h-11c-.3 0-.5.1-.7.3-.2.2-.3.5-.3.7s.1.5.3.7z\"\/><\/svg><\/span><\/span><\/span><\/a><\/span><\/div>\n<nav><ul class='ez-toc-list ez-toc-list-level-1 eztoc-toggle-hide-by-default' ><li class='ez-toc-page-1 ez-toc-heading-level-2'><a class=\"ez-toc-link ez-toc-heading-1\" href=\"https:\/\/moverdb.com\/fi\/moving-companies\/bolivia-moving-companies\/#1_Bolivian_Movers\" >1. Bolivian Movers<\/a><\/li><li class='ez-toc-page-1 ez-toc-heading-level-2'><a class=\"ez-toc-link ez-toc-heading-2\" href=\"https:\/\/moverdb.com\/fi\/moving-companies\/bolivia-moving-companies\/#2_Express_Cargo_Services\" >2. Pikarahtipalvelut<\/a><\/li><li class='ez-toc-page-1 ez-toc-heading-level-2'><a class=\"ez-toc-link ez-toc-heading-3\" href=\"https:\/\/moverdb.com\/fi\/moving-companies\/bolivia-moving-companies\/#3_Total_Bolivian_Moving\" >3. Bolivian muuttoliike yhteens\u00e4<\/a><\/li><li class='ez-toc-page-1 ez-toc-heading-level-2'><a class=\"ez-toc-link ez-toc-heading-4\" href=\"https:\/\/moverdb.com\/fi\/moving-companies\/bolivia-moving-companies\/#4_Inbolpack\" >4. Inbolpack<\/a><\/li><\/ul><\/nav><\/div>\n<h2><span class=\"ez-toc-section\" id=\"1_Bolivian_Movers\"><\/span><strong>1. Bolivian Movers<\/strong><span class=\"ez-toc-section-end\"><\/span><\/h2>\n<p><em><img loading=\"lazy\" decoding=\"async\" class=\"alignnone size-full wp-image-5150\" src=\"https:\/\/moverdb.com\/wp-content\/uploads\/Bolivian-Movers-international-moving-company.png\" alt=\"Bolivian Movers kansainv\u00e4linen muuttofirma\" width=\"1440\" height=\"671\" data-wp-pid=\"5150\" srcset=\"https:\/\/moverdb.com\/wp-content\/uploads\/Bolivian-Movers-international-moving-company.png 1440w, https:\/\/moverdb.com\/wp-content\/uploads\/Bolivian-Movers-international-moving-company-300x140.png 300w, https:\/\/moverdb.com\/wp-content\/uploads\/Bolivian-Movers-international-moving-company-1024x477.png 1024w, https:\/\/moverdb.com\/wp-content\/uploads\/Bolivian-Movers-international-moving-company-18x8.png 18w, https:\/\/moverdb.com\/wp-content\/uploads\/Bolivian-Movers-international-moving-company-600x280.png 600w\" sizes=\"auto, (max-width: 1440px) 100vw, 1440px\" \/><\/em><\/p>\n<ul>\n<li>Kansalliset siirrot<\/li>\n<li>Kansainv\u00e4liset muutot<\/li>\n<li>Kotiin siirtymiset<\/li>\n<li>Toimiston muutot<\/li>\n<li>Yksi yhteyspiste muuton yhteydess\u00e4<\/li>\n<li>Nykyaikainen kalusto ja laitteet<\/li>\n<li>Ammattimainen pakkaus laadukkailla materiaaleilla<\/li>\n<li>Taiteen kuljetus<\/li>\n<li>Lemmikkiel\u00e4inten uudelleensijoittaminen<\/li>\n<li>Turvalliset varastotilat<\/li>\n<\/ul>\n<p>Bolivian Movers perustettiin vuonna 1974 tarjoamaan muuttopalveluja Boliviassa ja sen ulkopuolella. He ovat IAM:n j\u00e4seni\u00e4, ja heill\u00e4 on 48 vuoden kokemus. He ovat osa kansainv\u00e4list\u00e4 muuttoverkostoa, jonka avulla he voivat tukea muuttoa miss\u00e4 p\u00e4in maailmaa tahansa. Heill\u00e4 on nykyaikainen ajoneuvo- ja kalustokalusto, ja he antavat sinulle yhteyshenkil\u00f6n, joka valvoo muuttoa.<\/p>\n<p>Bolivian Movers tarjoaa ammattimaista pakkauspalvelua, jossa k\u00e4ytet\u00e4\u00e4n korkealaatuisia materiaaleja ja asiantuntevia pakkaajia, joilla on akkreditoidut pakkaustekniikat. He tarjoavat my\u00f6s lemmikkiel\u00e4inten muuttopalveluja ja neuvovat voimassa olevien s\u00e4\u00e4nn\u00f6sten noudattamisessa. He tarjoavat my\u00f6s turvallisia varastointitiloja.<\/p>\n<p>Verkkosivusto: <a href=\"http:\/\/www.bolivianmovers.com\" target=\"_blank\" rel=\"noopener\">http:\/\/www.bolivianmovers.com<\/a><\/p>\n<h2><span class=\"ez-toc-section\" id=\"2_Express_Cargo_Services\"><\/span><strong>2. Pikarahtipalvelut<\/strong><span class=\"ez-toc-section-end\"><\/span><\/h2>\n<p><em><img loading=\"lazy\" decoding=\"async\" class=\"alignnone size-full wp-image-5166\" src=\"https:\/\/moverdb.com\/wp-content\/uploads\/Express-Cargo-Services-international-moving-company.png\" alt=\"Express Cargo Services kansainv\u00e4linen muuttoliikeyritys\" width=\"1440\" height=\"680\" data-wp-pid=\"5166\" srcset=\"https:\/\/moverdb.com\/wp-content\/uploads\/Express-Cargo-Services-international-moving-company.png 1440w, https:\/\/moverdb.com\/wp-content\/uploads\/Express-Cargo-Services-international-moving-company-300x142.png 300w, https:\/\/moverdb.com\/wp-content\/uploads\/Express-Cargo-Services-international-moving-company-1024x484.png 1024w, https:\/\/moverdb.com\/wp-content\/uploads\/Express-Cargo-Services-international-moving-company-18x9.png 18w, https:\/\/moverdb.com\/wp-content\/uploads\/Express-Cargo-Services-international-moving-company-600x283.png 600w\" sizes=\"auto, (max-width: 1440px) 100vw, 1440px\" \/><\/em><\/p>\n<ul>\n<li>Kansalliset siirrot<\/li>\n<li>Kansainv\u00e4liset muutot<\/li>\n<li>Asuntojen muutot<\/li>\n<li>Pakettiauto- ja kuorma-autokanta<\/li>\n<li>Tie-, meri- ja lentoliikenne<\/li>\n<li>Pakkauspalvelut<\/li>\n<li>Vienti- ja tuontitullimenettelyt<\/li>\n<li>Taideteosten kuljetus<\/li>\n<li>Lemmikkiel\u00e4inten uudelleensijoittaminen<\/li>\n<li>Turvallinen varastointi<\/li>\n<\/ul>\n<p>Express Cargo Services perustettiin vuonna 1989 muuttofirmaksi Boliviassa. Se tarjoaa erilaisia muuttopalveluja henkil\u00f6asiakkaille, jotka haluavat muuttaa Boliviassa tai Boliviaan tai muualle maailmaan. He ovat IAM:n j\u00e4seni\u00e4, joilla on 33 vuoden kokemus.<\/p>\n<p>Express Cargo Services tarjoaa ovelta ovelle -palvelua mihin tahansa maahan ja mist\u00e4 tahansa maasta maailmassa. Yrityksell\u00e4 on oma pakettiauto- ja kuorma-autokalusto, joka helpottaa siirtoja Boliviassa, ja se tekee yhteisty\u00f6t\u00e4 yhteisty\u00f6kumppaneiden ja merenkulkuagenttien kanssa kansainv\u00e4lisesti maantie-, meri- ja ilmakuljetuksia k\u00e4ytt\u00e4en. He tarjoavat pakkauspalveluja, tullitukea, taidekuljetuksia, lemmikkiel\u00e4inten siirtoja ja turvallisia varastotiloja.<\/p>\n<p>Verkkosivusto: <a href=\"http:\/\/www.expresscargobolivia.com\" target=\"_blank\" rel=\"noopener\">http:\/\/www.expresscargobolivia.com<\/a><\/p>\n<h2><span class=\"ez-toc-section\" id=\"3_Total_Bolivian_Moving\"><\/span><strong>3. Bolivian muuttoliike yhteens\u00e4<\/strong><span class=\"ez-toc-section-end\"><\/span><\/h2>\n<p><em><img loading=\"lazy\" decoding=\"async\" class=\"alignnone size-full wp-image-5210\" src=\"https:\/\/moverdb.com\/wp-content\/uploads\/Total-Bolivian-Moving-international-moving-company.png\" alt=\"Total Bolivian Moving kansainv\u00e4linen muuttofirma\" width=\"1440\" height=\"636\" data-wp-pid=\"5210\" srcset=\"https:\/\/moverdb.com\/wp-content\/uploads\/Total-Bolivian-Moving-international-moving-company.png 1440w, https:\/\/moverdb.com\/wp-content\/uploads\/Total-Bolivian-Moving-international-moving-company-300x133.png 300w, https:\/\/moverdb.com\/wp-content\/uploads\/Total-Bolivian-Moving-international-moving-company-1024x452.png 1024w, https:\/\/moverdb.com\/wp-content\/uploads\/Total-Bolivian-Moving-international-moving-company-18x8.png 18w, https:\/\/moverdb.com\/wp-content\/uploads\/Total-Bolivian-Moving-international-moving-company-600x265.png 600w\" sizes=\"auto, (max-width: 1440px) 100vw, 1440px\" \/><\/em><\/p>\n<ul>\n<li>Kansalliset siirrot<\/li>\n<li>Kansainv\u00e4liset muutot<\/li>\n<li>Asuin- ja liikekiinteist\u00f6jen muutot<\/li>\n<li>Muuton organisointi ja suunnittelu<\/li>\n<li>Koulutettu ja kokenut henkil\u00f6st\u00f6<\/li>\n<li>Pakkauspalvelu korkealaatuisia materiaaleja k\u00e4ytt\u00e4en<\/li>\n<li>Vakuutus<\/li>\n<li>Taideteosten kuljetus<\/li>\n<li>Ajoneuvojen kuljetus<\/li>\n<li>Turvallinen varastointi<\/li>\n<\/ul>\n<p>Total Bolivian Moving on La Pazissa sijaitseva muuttofirma, joka tarjoaa muuttopalveluja Boliviassa sek\u00e4 Boliviaan ja Boliviasta. Se tarjoaa palvelujaan sek\u00e4 yksityisasiakkaille ett\u00e4 yritysasiakkaille, kuten organisaatioille ja yrityksille. He ovat erikoistuneet taideteosten kuljetukseen. Yritys on IAM:n j\u00e4sen, ja se on toiminut 7 vuotta.<\/p>\n<p>Total Bolivian Moving auttaa sinua muuttosi j\u00e4rjest\u00e4misess\u00e4 ja suunnittelussa. He tarjoavat koulutettua ja kokenutta henkil\u00f6kuntaa, joka pakkaa tavarasi turvallisesti ja varmasti, jotta ne eiv\u00e4t vahingoittuisi laadukkaita pakkausmateriaaleja k\u00e4ytt\u00e4en. Tarvittaessa he tarjoavat vakuutuksen ja varastointimahdollisuuden tavaroillesi.<\/p>\n<p>Verkkosivusto: <a href=\"http:\/\/www.tobolmoving.com\" target=\"_blank\" rel=\"noopener\">http:\/\/www.tobolmoving.com<\/a><\/p>\n<h2><span class=\"ez-toc-section\" id=\"4_Inbolpack\"><\/span><strong>4. Inbolpack<\/strong><span class=\"ez-toc-section-end\"><\/span><\/h2>\n<p>&nbsp;<img loading=\"lazy\" decoding=\"async\" class=\"alignnone size-full wp-image-5238\" src=\"https:\/\/moverdb.com\/wp-content\/uploads\/Inbolpack-international-moving-company.png\" alt=\"\" width=\"1440\" height=\"682\" data-wp-pid=\"5238\" srcset=\"https:\/\/moverdb.com\/wp-content\/uploads\/Inbolpack-international-moving-company.png 1440w, https:\/\/moverdb.com\/wp-content\/uploads\/Inbolpack-international-moving-company-300x142.png 300w, https:\/\/moverdb.com\/wp-content\/uploads\/Inbolpack-international-moving-company-1024x485.png 1024w, https:\/\/moverdb.com\/wp-content\/uploads\/Inbolpack-international-moving-company-18x9.png 18w, https:\/\/moverdb.com\/wp-content\/uploads\/Inbolpack-international-moving-company-600x284.png 600w\" sizes=\"auto, (max-width: 1440px) 100vw, 1440px\" \/><\/p>\n<ul>\n<li>Paikalliset ja kansalliset siirrot<\/li>\n<li>Kansainv\u00e4liset muutot<\/li>\n<li>Kotitalouksien muutot<\/li>\n<li>Kaupalliset muutot<\/li>\n<li>Erikoishankkeiden kuljetukset<\/li>\n<li>Ovelta ovelle -palvelu<\/li>\n<li>Ammattimaiset pakkaajat<\/li>\n<li>Korkealaatuiset pakkausmateriaalit<\/li>\n<li>Oma ajoneuvokanta, jossa on erilaisia ajoneuvoja<\/li>\n<li>Varastointiratkaisut<\/li>\n<\/ul>\n<p>Inbolpack perustettiin vuonna 1978 Boliviaa palvelevaksi muuttopalveluyritykseksi, ja se toimii my\u00f6s kansainv\u00e4lisesti, koska Boliviassa on ulkomaalaista henkil\u00f6kuntaa. Se auttaa ihmisi\u00e4 ja yrityksi\u00e4 muuttamaan Boliviassa, Boliviaan ja Boliviasta. Yritys on IAM:n j\u00e4sen, jolla on 44 vuoden kokemus, ja se on FIDI:n akkreditoima.<\/p>\n<p>Inbolpack tarjoaa ovelta ovelle -palvelun, joka tarjoaa ammattimaisen pakkauspalvelun, jossa on kansainv\u00e4liset standardit t\u00e4ytt\u00e4v\u00e4 ja laadukkaita pakkausmateriaaleja k\u00e4ytt\u00e4v\u00e4 koulutettu henkil\u00f6kunta. Heill\u00e4 on my\u00f6s oma ajoneuvokalusto, johon kuuluu kuorma-autoja ja nostureita. He tarjoavat my\u00f6s varastointitiloja rahdille paikallisesti ja kansainv\u00e4lisesti.<\/p>\n<p>Verkkosivusto: <a href=\"http:\/\/www.inbolpack.net\" target=\"_blank\" rel=\"noopener\">http:\/\/www.inbolpack.net<\/a><\/p>","protected":false},"excerpt":{"rendered":"<p>If you are wanting to move home or business in Bolivia, or to or from Bolivia then you might want some support to reduce the stress and work needed for the move. Below we have compiled a list of Bolivian removal companies that are members of the International Association of Movers (IAM) and\/or FIDI Accredited [&hellip;]<\/p>\n","protected":false},"author":4,"featured_media":0,"parent":190,"menu_order":0,"comment_status":"closed","ping_status":"closed","template":"","meta":{"_genesis_hide_title":false,"_genesis_hide_breadcrumbs":false,"_genesis_hide_singular_image":false,"_genesis_hide_footer_widgets":false,"_genesis_custom_body_class":"","_genesis_custom_post_class":"","_genesis_layout":"","footnotes":""},"class_list":{"0":"post-5237","1":"page","2":"type-page","3":"status-publish","5":"entry","6":"has-post-thumbnail"},"_links":{"self":[{"href":"https:\/\/moverdb.com\/fi\/wp-json\/wp\/v2\/pages\/5237","targetHints":{"allow":["GET"]}}],"collection":[{"href":"https:\/\/moverdb.com\/fi\/wp-json\/wp\/v2\/pages"}],"about":[{"href":"https:\/\/moverdb.com\/fi\/wp-json\/wp\/v2\/types\/page"}],"author":[{"embeddable":true,"href":"https:\/\/moverdb.com\/fi\/wp-json\/wp\/v2\/users\/4"}],"replies":[{"embeddable":true,"href":"https:\/\/moverdb.com\/fi\/wp-json\/wp\/v2\/comments?post=5237"}],"version-history":[{"count":1,"href":"https:\/\/moverdb.com\/fi\/wp-json\/wp\/v2\/pages\/5237\/revisions"}],"predecessor-version":[{"id":5239,"href":"https:\/\/moverdb.com\/fi\/wp-json\/wp\/v2\/pages\/5237\/revisions\/5239"}],"up":[{"embeddable":true,"href":"https:\/\/moverdb.com\/fi\/wp-json\/wp\/v2\/pages\/190"}],"wp:attachment":[{"href":"https:\/\/moverdb.com\/fi\/wp-json\/wp\/v2\/media?parent=5237"}],"curies":[{"name":"wp","href":"https:\/\/api.w.org\/{rel}","templated":true}]}}