{"id":5231,"date":"2022-10-24T11:51:35","date_gmt":"2022-10-24T11:51:35","guid":{"rendered":"https:\/\/moverdb.com\/?page_id=5231"},"modified":"2026-01-08T15:29:47","modified_gmt":"2026-01-08T15:29:47","slug":"barbados-2","status":"publish","type":"page","link":"https:\/\/moverdb.com\/fi\/moving-companies\/barbados-moving-companies\/","title":{"rendered":"Parhaat kansainv\u00e4liset muuttofirmat Barbadoksella"},"content":{"rendered":"<p>Harkitsetko muuttoa <a href=\"https:\/\/moverdb.com\/fi\/moving-to-barbados\/\" data-internallinksmanager029f6b8e52c=\"344\" title=\"Muutatko Barbadokselle? 2023 Elinkustannukset ja muuttovinkit\">Barbados<\/a>vai Barbadoksella? Silloin ajatus kodin tai yrityksen pakkaamisesta ja kuljetuksen j\u00e4rjest\u00e4misest\u00e4 saattaa aiheuttaa hieman stressi\u00e4, mutta muuttofirma voi auttaa. Alla on lueteltu <a href=\"https:\/\/moverdb.com\/fi\/international-removals\/\" data-internallinksmanager029f6b8e52c=\"27\" title=\"36 Parhaat kansainv\u00e4liset muuttoyritykset Yhdistyneess\u00e4 kuningaskunnassa\">muuttofirmat<\/a> jotka ovat j\u00e4seni\u00e4 <a href=\"https:\/\/moverdb.com\/fi\/iam\/\" data-internallinksmanager029f6b8e52c=\"23\" title=\"Kansainv\u00e4linen muuttajien liitto (IAM) selitetty\">Kansainv\u00e4linen muuttajien liitto<\/a> (IAM) ja\/tai <a href=\"https:\/\/moverdb.com\/fi\/fidi-faim\/\" data-internallinksmanager029f6b8e52c=\"16\" title=\"FIDI &amp; FAIM (FIDI Accredited International Mover) selitettyin\u00e4\">FIDI<\/a> Accredited International Mover (FAIM) Barbadoksella.<\/p>\n<h2><strong>1. Michael Greaves Associates<\/strong><\/h2>\n<p><em><img loading=\"lazy\" decoding=\"async\" class=\"alignnone size-full wp-image-5186\" src=\"https:\/\/moverdb.com\/wp-content\/uploads\/Michael-Greaves-Associates-international-moving-company.png\" alt=\"Michael Greaves Associates kansainv\u00e4linen muuttofirma\" width=\"1440\" height=\"681\" data-wp-pid=\"5186\" srcset=\"https:\/\/moverdb.com\/wp-content\/uploads\/Michael-Greaves-Associates-international-moving-company.png 1440w, https:\/\/moverdb.com\/wp-content\/uploads\/Michael-Greaves-Associates-international-moving-company-300x142.png 300w, https:\/\/moverdb.com\/wp-content\/uploads\/Michael-Greaves-Associates-international-moving-company-1024x484.png 1024w, https:\/\/moverdb.com\/wp-content\/uploads\/Michael-Greaves-Associates-international-moving-company-18x9.png 18w, https:\/\/moverdb.com\/wp-content\/uploads\/Michael-Greaves-Associates-international-moving-company-600x284.png 600w\" sizes=\"auto, (max-width: 1440px) 100vw, 1440px\" \/><\/em><\/p>\n<ul>\n<li>Kansalliset siirrot<\/li>\n<li>Kansainv\u00e4liset siirrot<\/li>\n<li>Kaupalliset ja asuink\u00e4ytt\u00f6\u00f6n tarkoitetut muutot<\/li>\n<li>R\u00e4\u00e4t\u00e4l\u00f6ity palvelu<\/li>\n<li>Kokeneet ammattilaiset<\/li>\n<li>Tulliv\u00e4litys ja tulliselvitys<\/li>\n<li>Rahtivakuutus<\/li>\n<li>Lemmikkiel\u00e4inten k\u00e4sittely<\/li>\n<li>Ajoneuvo- ja venekuljetukset<\/li>\n<li>Varastointitilat<\/li>\n<\/ul>\n<p>Michael Greaves Associates on Barbadoksella toimiva, vuonna 1981 perustettu siirto-, siirto-, kuljetus- ja v\u00e4lityspalvelu. Yritys on IAM:n j\u00e4sen, ja se on toiminut 41 vuotta. He tarjoavat muuttopalveluja Barbadoksella ja kansainv\u00e4lisesti.<\/p>\n<p>Michael Greaves Associates tarjoaa r\u00e4\u00e4t\u00e4l\u00f6ity\u00e4 muuttopalvelua, joka auttaa muuttosi kaikissa vaiheissa suunnittelusta aina uuteen kotiin asettumiseen. He kartoittavat kotisi tai toimistosi, laativat arvion ja ottavat huomioon mahdolliset erityisvaatimukset. He pakkaavat tavarasi k\u00e4ytt\u00e4en hyv\u00e4ksyttyj\u00e4 tekniikoita ja materiaaleja. He tarjoavat my\u00f6s rahtivakuutuksen, tulliv\u00e4lityksen ja tulliselvityksen sek\u00e4 erikoispalveluja lemmikkiel\u00e4inten, ajoneuvojen ja veneiden kuljettamiseen.<\/p>\n<p>Verkkosivusto: <a href=\"http:\/\/www.mgassociates.net\" target=\"_blank\" rel=\"noopener\">http:\/\/www.mgassociates.net<\/a><\/p>\n<h2>Muita hy\u00f6dyllisi\u00e4 oppaita Barbadokselle<\/h2>\n<ul>\n<li> <a href=\"https:\/\/moverdb.com\/fi\/konttikuljetukset\/barbados\/\">2024 Merirahti konttien laivaushinnat Barbadokselle ja Barbadokselta<\/a><\/li>\n<li> <a href=\"https:\/\/moverdb.com\/fi\/moving-to-barbados\/\">Muutatko Barbadokselle? 2023 Elinkustannukset ja muuttovinkit<\/a><\/li>\n<li> <a href=\"https:\/\/moverdb.com\/fi\/moving-to-barbados\/living-in-barbados\/\">21 salaisuuksia asumisesta Barbados tiet\u00e4\u00e4 ennen muuttoa<\/a><\/li>\n<\/ul>","protected":false},"excerpt":{"rendered":"<p>Are you thinking of moving to or from Barbados, or within Barbados? Then the thought of packing up your home or business and organising the shipping might be causing some stress, but a removal company could help. Below are the removal companies that are members of the International Association of Movers (IAM) and\/or FIDI Accredited [&hellip;]<\/p>\n","protected":false},"author":4,"featured_media":0,"parent":190,"menu_order":0,"comment_status":"closed","ping_status":"closed","template":"","meta":{"_genesis_hide_title":false,"_genesis_hide_breadcrumbs":false,"_genesis_hide_singular_image":false,"_genesis_hide_footer_widgets":false,"_genesis_custom_body_class":"","_genesis_custom_post_class":"","_genesis_layout":"","footnotes":""},"class_list":{"0":"post-5231","1":"page","2":"type-page","3":"status-publish","5":"entry","6":"has-post-thumbnail"},"_links":{"self":[{"href":"https:\/\/moverdb.com\/fi\/wp-json\/wp\/v2\/pages\/5231","targetHints":{"allow":["GET"]}}],"collection":[{"href":"https:\/\/moverdb.com\/fi\/wp-json\/wp\/v2\/pages"}],"about":[{"href":"https:\/\/moverdb.com\/fi\/wp-json\/wp\/v2\/types\/page"}],"author":[{"embeddable":true,"href":"https:\/\/moverdb.com\/fi\/wp-json\/wp\/v2\/users\/4"}],"replies":[{"embeddable":true,"href":"https:\/\/moverdb.com\/fi\/wp-json\/wp\/v2\/comments?post=5231"}],"version-history":[{"count":2,"href":"https:\/\/moverdb.com\/fi\/wp-json\/wp\/v2\/pages\/5231\/revisions"}],"predecessor-version":[{"id":18281,"href":"https:\/\/moverdb.com\/fi\/wp-json\/wp\/v2\/pages\/5231\/revisions\/18281"}],"up":[{"embeddable":true,"href":"https:\/\/moverdb.com\/fi\/wp-json\/wp\/v2\/pages\/190"}],"wp:attachment":[{"href":"https:\/\/moverdb.com\/fi\/wp-json\/wp\/v2\/media?parent=5231"}],"curies":[{"name":"wp","href":"https:\/\/api.w.org\/{rel}","templated":true}]}}