{"id":5228,"date":"2022-10-24T11:52:12","date_gmt":"2022-10-24T11:52:12","guid":{"rendered":"https:\/\/moverdb.com\/?page_id=5228"},"modified":"2026-01-08T15:25:04","modified_gmt":"2026-01-08T15:25:04","slug":"bangladesh-2","status":"publish","type":"page","link":"https:\/\/moverdb.com\/fi\/moving-companies\/bangladesh-moving-companies\/","title":{"rendered":"5 parasta kansainv\u00e4list\u00e4 muuttoliikett\u00e4 yritykset Bangladeshissa"},"content":{"rendered":"<p>Jos olet muuttamassa kotiin <a href=\"https:\/\/moverdb.com\/fi\/moving-to-bangladesh\/\" data-internallinksmanager029f6b8e52c=\"419\" title=\"Muutatko Bangladeshiin? 2023 Elinkustannukset ja muuttovinkit\">Bangladesh<\/a> tai aiot muuttaa Bangladeshiin tai muuttaa Bangladeshista, saatat haluta k\u00e4ytt\u00e4\u00e4 <a href=\"https:\/\/moverdb.com\/fi\/international-removals\/\" data-internallinksmanager029f6b8e52c=\"27\" title=\"36 Parhaat kansainv\u00e4liset muuttoyritykset Yhdistyneess\u00e4 kuningaskunnassa\">muuttofirma<\/a> helpottamaan muuttoprosessia. Muutto on stressaavaa aikaa, joten olemme koonneet alle luettelon yrityksist\u00e4, jotka ovat j\u00e4senin\u00e4 <a href=\"https:\/\/moverdb.com\/fi\/iam\/\" data-internallinksmanager029f6b8e52c=\"23\" title=\"Kansainv\u00e4linen muuttajien liitto (IAM) selitetty\">Kansainv\u00e4linen muuttajien liitto<\/a> (IAM) ja\/tai <a href=\"https:\/\/moverdb.com\/fi\/fidi-faim\/\" data-internallinksmanager029f6b8e52c=\"16\" title=\"FIDI &amp; FAIM (FIDI Accredited International Mover) selitettyin\u00e4\">FIDI<\/a> Accredited International Mover (FAIM), joka voisi auttaa sinua.<\/p>\n<div id=\"ez-toc-container\" class=\"ez-toc-v2_0_82_2 ez-toc-wrap-left counter-hierarchy ez-toc-counter ez-toc-transparent ez-toc-container-direction\">\n<div class=\"ez-toc-title-container\">\n<p class=\"ez-toc-title\" style=\"cursor:inherit\">Jaksot<\/p>\n<span class=\"ez-toc-title-toggle\"><a href=\"#\" class=\"ez-toc-pull-right ez-toc-btn ez-toc-btn-xs ez-toc-btn-default ez-toc-toggle\" aria-label=\"Sis\u00e4llysluettelon vaihtaminen\"><span class=\"ez-toc-js-icon-con\"><span class=\"\"><span class=\"eztoc-hide\" style=\"display:none;\">Toggle<\/span><span class=\"ez-toc-icon-toggle-span\"><svg style=\"fill: #999;color:#999\" xmlns=\"http:\/\/www.w3.org\/2000\/svg\" class=\"list-377408\" width=\"20px\" height=\"20px\" viewbox=\"0 0 24 24\" fill=\"none\"><path d=\"M6 6H4v2h2V6zm14 0H8v2h12V6zM4 11h2v2H4v-2zm16 0H8v2h12v-2zM4 16h2v2H4v-2zm16 0H8v2h12v-2z\" fill=\"currentColor\"><\/path><\/svg><svg style=\"fill: #999;color:#999\" class=\"arrow-unsorted-368013\" xmlns=\"http:\/\/www.w3.org\/2000\/svg\" width=\"10px\" height=\"10px\" viewbox=\"0 0 24 24\" version=\"1.2\" baseprofile=\"tiny\"><path d=\"M18.2 9.3l-6.2-6.3-6.2 6.3c-.2.2-.3.4-.3.7s.1.5.3.7c.2.2.4.3.7.3h11c.3 0 .5-.1.7-.3.2-.2.3-.5.3-.7s-.1-.5-.3-.7zM5.8 14.7l6.2 6.3 6.2-6.3c.2-.2.3-.5.3-.7s-.1-.5-.3-.7c-.2-.2-.4-.3-.7-.3h-11c-.3 0-.5.1-.7.3-.2.2-.3.5-.3.7s.1.5.3.7z\"\/><\/svg><\/span><\/span><\/span><\/a><\/span><\/div>\n<nav><ul class='ez-toc-list ez-toc-list-level-1 eztoc-toggle-hide-by-default' ><li class='ez-toc-page-1 ez-toc-heading-level-2'><a class=\"ez-toc-link ez-toc-heading-1\" href=\"https:\/\/moverdb.com\/fi\/moving-companies\/bangladesh-moving-companies\/#1_A_I_Freight_Services\" >1. A I Rahtipalvelut<\/a><\/li><li class='ez-toc-page-1 ez-toc-heading-level-2'><a class=\"ez-toc-link ez-toc-heading-2\" href=\"https:\/\/moverdb.com\/fi\/moving-companies\/bangladesh-moving-companies\/#2_Alpha_Logistics\" >2. Alpha Logistics<\/a><\/li><li class='ez-toc-page-1 ez-toc-heading-level-2'><a class=\"ez-toc-link ez-toc-heading-3\" href=\"https:\/\/moverdb.com\/fi\/moving-companies\/bangladesh-moving-companies\/#3_Apolloline_Shipping_Service\" >3. Apolloline Shipping Service<\/a><\/li><li class='ez-toc-page-1 ez-toc-heading-level-2'><a class=\"ez-toc-link ez-toc-heading-4\" href=\"https:\/\/moverdb.com\/fi\/moving-companies\/bangladesh-moving-companies\/#4_Carry_Link_Packers_Shippers\" >4. Carry Link Packers &amp; Shippers<\/a><\/li><li class='ez-toc-page-1 ez-toc-heading-level-2'><a class=\"ez-toc-link ez-toc-heading-5\" href=\"https:\/\/moverdb.com\/fi\/moving-companies\/bangladesh-moving-companies\/#5_Homebound\" >5. Kotiin sidottu<\/a><\/li><\/ul><\/nav><\/div>\n<h2><span class=\"ez-toc-section\" id=\"1_A_I_Freight_Services\"><\/span><strong>1. A I Rahtipalvelut<\/strong><span class=\"ez-toc-section-end\"><\/span><\/h2>\n<p><em><img loading=\"lazy\" decoding=\"async\" class=\"alignnone size-full wp-image-5135\" src=\"https:\/\/moverdb.com\/wp-content\/uploads\/A-I-Freight-Services-international-moving-company.png\" alt=\"A I Freight Services kansainv\u00e4linen muuttofirma\" width=\"1440\" height=\"685\" data-wp-pid=\"5135\" srcset=\"https:\/\/moverdb.com\/wp-content\/uploads\/A-I-Freight-Services-international-moving-company.png 1440w, https:\/\/moverdb.com\/wp-content\/uploads\/A-I-Freight-Services-international-moving-company-300x143.png 300w, https:\/\/moverdb.com\/wp-content\/uploads\/A-I-Freight-Services-international-moving-company-1024x487.png 1024w, https:\/\/moverdb.com\/wp-content\/uploads\/A-I-Freight-Services-international-moving-company-18x9.png 18w, https:\/\/moverdb.com\/wp-content\/uploads\/A-I-Freight-Services-international-moving-company-600x285.png 600w\" sizes=\"auto, (max-width: 1440px) 100vw, 1440px\" \/><\/em><\/p>\n<ul>\n<li>Kansallinen logistiikka<\/li>\n<li>Kansainv\u00e4linen logistiikka<\/li>\n<li>Ovelta ovelle -palvelu ja kotitalouksien muutot<\/li>\n<li>Henkil\u00f6kohtaisten tavaroiden k\u00e4sittely<\/li>\n<li>Liiketoiminnan siirrot ja logistiikka<\/li>\n<li>Tie-, meri- ja lentorahtiliikenne<\/li>\n<li>Tulliv\u00e4litys<\/li>\n<li>Herkkien ja vaarallisten tavaroiden k\u00e4sittely<\/li>\n<li>Lemmikkiel\u00e4inten kuljetus<\/li>\n<li>Varastointiratkaisut<\/li>\n<\/ul>\n<p>A I Freight Services v\u00e4itt\u00e4\u00e4 olevansa yksi Bangladeshin johtavista logistiikkayrityksist\u00e4, joka tarjoaa huolintaa, maakuljetuksia ja tulliv\u00e4lityst\u00e4. Yritys on IAM:n j\u00e4sen, ja se on toiminut 23 vuotta. He palvelevat yrityksi\u00e4 logistiikan ja jakelun sek\u00e4 muuttoineen, he tarjoavat my\u00f6s kotitalouksien muuttopalveluja.<\/p>\n<p>A I Freight Services tarjoaa kotitalouksien muuttopalvelua ovelta ovelle, joka voi siirt\u00e4\u00e4 sinut kansallisesti ja kansainv\u00e4lisesti k\u00e4ytt\u00e4m\u00e4ll\u00e4 maantie-, meri- ja ilmakuljetuksia. He voivat my\u00f6s tukea sinua tulliselvityksess\u00e4 ja v\u00e4lityksess\u00e4. He voivat tarjota erikoislogistiikkapalveluja, mukaan lukien lemmikkiel\u00e4inten sek\u00e4 herkkien ja vaarallisten tavaroiden siirt\u00e4minen. He tarjoavat my\u00f6s varastointiratkaisuja.<\/p>\n<p>Verkkosivusto: <a href=\"http:\/\/www.aifs-bd.com\" target=\"_blank\" rel=\"noopener\">http:\/\/www.aifs-bd.com<\/a><\/p>\n<h2><span class=\"ez-toc-section\" id=\"2_Alpha_Logistics\"><\/span><strong>2. Alpha Logistics<\/strong><span class=\"ez-toc-section-end\"><\/span><\/h2>\n<p><em><img loading=\"lazy\" decoding=\"async\" class=\"alignnone size-full wp-image-5143\" src=\"https:\/\/moverdb.com\/wp-content\/uploads\/Alpha-Logistics-international-moving-company.png\" alt=\"Alpha Logistics kansainv\u00e4linen muuttoyhti\u00f6\" width=\"1440\" height=\"677\" data-wp-pid=\"5143\" srcset=\"https:\/\/moverdb.com\/wp-content\/uploads\/Alpha-Logistics-international-moving-company.png 1440w, https:\/\/moverdb.com\/wp-content\/uploads\/Alpha-Logistics-international-moving-company-300x141.png 300w, https:\/\/moverdb.com\/wp-content\/uploads\/Alpha-Logistics-international-moving-company-1024x481.png 1024w, https:\/\/moverdb.com\/wp-content\/uploads\/Alpha-Logistics-international-moving-company-18x8.png 18w, https:\/\/moverdb.com\/wp-content\/uploads\/Alpha-Logistics-international-moving-company-600x282.png 600w\" sizes=\"auto, (max-width: 1440px) 100vw, 1440px\" \/><\/em><\/p>\n<ul>\n<li>Kansalliset l\u00e4hetykset<\/li>\n<li>Kansainv\u00e4liset l\u00e4hetykset<\/li>\n<li>Joustava palvelu<\/li>\n<li>Tarjoaa laajan tavaravalikoiman<\/li>\n<li>Ovelta ovelle -palvelu<\/li>\n<li>Ovelta lentoasemalle tai telakalle -palvelu<\/li>\n<li>Tie-, meri- ja ilmakuljetukset<\/li>\n<li>Mukautettu tulliselvitys<\/li>\n<li>Ilmoitukset ja todisteet saapumisesta<\/li>\n<li>Lyhyt- ja pitk\u00e4aikaisvarastot<\/li>\n<\/ul>\n<p>Alpha Logistics perustettiin vuonna 1999, ja se v\u00e4itt\u00e4\u00e4 olevansa yksi Bangladeshin parhaista huolinta- ja logistiikkapalveluista. He ovat IAM:n j\u00e4seni\u00e4, koska he ovat liikkuva ja kuljetusliike. <a href=\"https:\/\/moverdb.com\/fi\/relocation-agents\/\" data-internallinksmanager029f6b8e52c=\"1\" title=\"7 syyt\u00e4, miksi sinun pit\u00e4isi k\u00e4ytt\u00e4\u00e4 muuttoagenttia?\">muuttoasiamies<\/a>. Niill\u00e4 on maailmanlaajuinen agenttiverkosto, jonka avulla ne voivat tarjota palvelujaan kansainv\u00e4lisesti.<\/p>\n<p>Alpha Logistics tarjoaa ainoastaan kuljetuspalvelua, jossa se tarjoaa ovelta ovelle -palvelua, ovelta lentokent\u00e4lle\/laiturille -palvelua tai lentokent\u00e4lt\u00e4\/laiturilta ovelle -palvelua, joka sis\u00e4lt\u00e4\u00e4 l\u00e4hetyksen tulliselvityksen. He tarjoavat my\u00f6s erilaisia kuorma-autoja ja pakettiautoja tavaroiden siirt\u00e4miseen Bangladeshissa. He tarjoavat varastoissaan lyhytaikaisia ja pitk\u00e4aikaisia varastointimahdollisuuksia.<\/p>\n<p>Verkkosivusto: <a href=\"http:\/\/www.alphagroupbd.com\" target=\"_blank\" rel=\"noopener\">http:\/\/www.alphagroupbd.com<\/a><\/p>\n<h2><span class=\"ez-toc-section\" id=\"3_Apolloline_Shipping_Service\"><\/span><strong>3. Apolloline Shipping Service<\/strong><span class=\"ez-toc-section-end\"><\/span><\/h2>\n<p><img loading=\"lazy\" decoding=\"async\" class=\"alignnone size-full wp-image-5229\" src=\"https:\/\/moverdb.com\/wp-content\/uploads\/Apolloline-international-moving-company.png\" alt=\"Apolloline kansainv\u00e4linen muuttoyhti\u00f6\" width=\"1440\" height=\"682\" data-wp-pid=\"5229\" srcset=\"https:\/\/moverdb.com\/wp-content\/uploads\/Apolloline-international-moving-company.png 1440w, https:\/\/moverdb.com\/wp-content\/uploads\/Apolloline-international-moving-company-300x142.png 300w, https:\/\/moverdb.com\/wp-content\/uploads\/Apolloline-international-moving-company-1024x485.png 1024w, https:\/\/moverdb.com\/wp-content\/uploads\/Apolloline-international-moving-company-18x9.png 18w, https:\/\/moverdb.com\/wp-content\/uploads\/Apolloline-international-moving-company-600x284.png 600w\" sizes=\"auto, (max-width: 1440px) 100vw, 1440px\" \/><\/p>\n<ul>\n<li>Kansalliset muutot<\/li>\n<li>Kansainv\u00e4liset muutot<\/li>\n<li>Toimiston ja kotitalouksien muutot<\/li>\n<li>Tie-, meri- ja ilmakuljetukset<\/li>\n<li>Ammattitaitoinen pakkaajien tiimi<\/li>\n<li>Korkealaatuiset pakkausmateriaalit<\/li>\n<li>Antiikkiesineet ja taide-esineet<\/li>\n<li>Tulliselvitys<\/li>\n<li><a href=\"https:\/\/moverdb.com\/fi\/car-transport-shipping\/\" data-internallinksmanager029f6b8e52c=\"2\" title=\"2026 Kansainv\u00e4linen autokuljetus ja ajoneuvojen kuljetus tarjoukset\">Ajoneuvojen kuljetus<\/a><\/li>\n<li>Varastointiratkaisut<\/li>\n<\/ul>\n<p>Apolloline Shipping Service on kansainv\u00e4linen rahdin huolinta ja <a href=\"https:\/\/moverdb.com\/fi\/moving-companies\/\" data-internallinksmanager029f6b8e52c=\"79\" title=\"Top 25 Kansainv\u00e4list\u00e4 muuttoyrityksi\u00e4 verkossa\">muuttofirma<\/a> jonka kotipaikka on Dhaka ja sivukonttori Chottogramissa. He v\u00e4itt\u00e4v\u00e4t olevansa johtava palveluntarjoaja Bangladeshissa, ja he ovat IAM:n j\u00e4sen 10 vuoden ajan. He huolehtivat toimiston ja kotitalouksien muutoista Bangladeshissa ja kansainv\u00e4lisesti.<\/p>\n<p>Apolloline Shipping Service tarjoaa muuttopalveluja, joihin kuuluu ammattitaitoinen pakkaajaryhm\u00e4, joka k\u00e4ytt\u00e4\u00e4 parhaita pakkaus- ja muuttotekniikoita ja laadukkaita pakkausmateriaaleja tavaroittesi suojaamiseksi. He tarjoavat kuljetusvaihtoehtoja, kuten maantie-, meri- ja lentorahtia, ja he hoitavat tulliselvityksen. He tarjoavat my\u00f6s v\u00e4livarastointitiloja.<\/p>\n<p>Verkkosivusto: <a href=\"http:\/\/www.apolloline.com\" target=\"_blank\" rel=\"noopener\">http:\/\/www.apolloline. com<\/a><\/p>\n<h2><span class=\"ez-toc-section\" id=\"4_Carry_Link_Packers_Shippers\"><\/span><strong>4. Carry Link Packers &amp; Shippers<\/strong><span class=\"ez-toc-section-end\"><\/span><\/h2>\n<p><em><img loading=\"lazy\" decoding=\"async\" class=\"alignnone size-full wp-image-5153\" src=\"https:\/\/moverdb.com\/wp-content\/uploads\/Carry-Link-Packers-and-Shippers-international-moving-company.png\" alt=\"Carry Link Packers and Shippers kansainv\u00e4linen muuttoyhti\u00f6\" width=\"1440\" height=\"677\" data-wp-pid=\"5153\" srcset=\"https:\/\/moverdb.com\/wp-content\/uploads\/Carry-Link-Packers-and-Shippers-international-moving-company.png 1440w, https:\/\/moverdb.com\/wp-content\/uploads\/Carry-Link-Packers-and-Shippers-international-moving-company-300x141.png 300w, https:\/\/moverdb.com\/wp-content\/uploads\/Carry-Link-Packers-and-Shippers-international-moving-company-1024x481.png 1024w, https:\/\/moverdb.com\/wp-content\/uploads\/Carry-Link-Packers-and-Shippers-international-moving-company-18x8.png 18w, https:\/\/moverdb.com\/wp-content\/uploads\/Carry-Link-Packers-and-Shippers-international-moving-company-600x282.png 600w\" sizes=\"auto, (max-width: 1440px) 100vw, 1440px\" \/><\/em><\/p>\n<ul>\n<li>Kansallinen merenkulku<\/li>\n<li><a href=\"https:\/\/moverdb.com\/fi\/container-shipping\/\" data-internallinksmanager029f6b8e52c=\"3\" title=\"Kansainv\u00e4lisen konttikuljetuksen hinnat: huhtikuu 2026\">Kansainv\u00e4linen merenkulku<\/a><\/li>\n<li>Kotitalouksien muutot<\/li>\n<li>Yritysten rahtipalvelut<\/li>\n<li>Ovelta ovelle -palvelut<\/li>\n<li>Maa-, ilma- ja merikuljetukset<\/li>\n<li>Tulliselvitys<\/li>\n<li>Vakuutus<\/li>\n<li>Varastointitilat<\/li>\n<li>Liit\u00e4nn\u00e4isagenttien verkosto maailmanlaajuisesti<\/li>\n<\/ul>\n<p>Carry Link Packers &amp; Shippers on vuonna 1999 perustettu siirto- ja kuljetusliike, joka sijaitsee Dhakassa, Bangladeshissa, ja se on IAM:n j\u00e4sen 20 vuoden ajan. He tarjoavat huolintapalveluja, tullauspalveluja ja pakkaustukea. He palvelevat yrityksi\u00e4, joilla on rahtitarpeita, ja kotitalouksia, joilla on muuttotarpeita.<\/p>\n<p>Carry Link Packers &amp; Shippers tarjoaa kotitalouksille ovelta ovelle -palveluita ja pakkauspalveluita, jotka auttavat heit\u00e4 muuttamaan kotiin kansallisesti ja kansainv\u00e4lisesti. He tarjoavat muuttopalveluja maitse, meritse ja ilmateitse, joihin sis\u00e4ltyy vakuutus ja tulliselvitys. He tarjoavat kansainv\u00e4lisi\u00e4 palvelujaan eri puolilla maailmaa toimivien yhteisty\u00f6kumppaneiden verkoston kautta.<\/p>\n<p>Verkkosivusto: <a href=\"http:\/\/www.carrylink.org\" target=\"_blank\" rel=\"noopener\">http:\/\/www.carrylink.org<\/a><\/p>\n<h2><span class=\"ez-toc-section\" id=\"5_Homebound\"><\/span><strong>5. Kotiin sidottu<\/strong><span class=\"ez-toc-section-end\"><\/span><\/h2>\n<p><em><img loading=\"lazy\" decoding=\"async\" class=\"alignnone size-full wp-image-5174\" src=\"https:\/\/moverdb.com\/wp-content\/uploads\/Homebound-international-moving-company.png\" alt=\"Kotiin sidottu kansainv\u00e4linen muuttofirma\" width=\"1440\" height=\"678\" data-wp-pid=\"5174\" srcset=\"https:\/\/moverdb.com\/wp-content\/uploads\/Homebound-international-moving-company.png 1440w, https:\/\/moverdb.com\/wp-content\/uploads\/Homebound-international-moving-company-300x141.png 300w, https:\/\/moverdb.com\/wp-content\/uploads\/Homebound-international-moving-company-1024x482.png 1024w, https:\/\/moverdb.com\/wp-content\/uploads\/Homebound-international-moving-company-18x8.png 18w, https:\/\/moverdb.com\/wp-content\/uploads\/Homebound-international-moving-company-600x283.png 600w\" sizes=\"auto, (max-width: 1440px) 100vw, 1440px\" \/><\/em><\/p>\n<ul>\n<li>Kansalliset siirrot<\/li>\n<li>Kansainv\u00e4liset siirrot<\/li>\n<li>Toimiston muutot<\/li>\n<li>Asuntojen siirrot<\/li>\n<li>Tie-, meri- ja ilmakuljetukset<\/li>\n<li>Tulliv\u00e4litys ja tulliselvitys<\/li>\n<li>Pakkauspalvelu maailmanluokan materiaaleja k\u00e4ytt\u00e4en<\/li>\n<li>Kauttakuljetusvakuutus<\/li>\n<li>Lemmikkiel\u00e4inten siirrot<\/li>\n<li>Lyhyt- ja pitk\u00e4aikaisvarastot<\/li>\n<\/ul>\n<p>Homebound on vuonna 1972 perustettu muuttoyritys, joka on IAM:n j\u00e4sen ja FIDI:n hyv\u00e4ksym\u00e4. He v\u00e4itt\u00e4v\u00e4t olevansa yksi Bangladeshin johtavista kansainv\u00e4listen kuljetusten logistiikkapalvelujen tarjoajista.  Se huolehtii toimisto- ja asuntosiirroista, ja se voi tarjota lemmikkiel\u00e4inten siirtoja ja varastointimahdollisuuksia.<\/p>\n<p>Homebound tarjoaa muuttopalvelua, jossa konsultti tekee kartoituksen, antaa arvion, koordinoi muuttosi ja tukee sinua koko matkan ajan. Heid\u00e4n pakkauspalvelunsa numeroi ja luetteloi tavarasi ja pakkaa ne samalla turvallisesti maailmanluokan pakkausmateriaaleihin. He tarjoavat my\u00f6s apua kodin l\u00f6yt\u00e4misess\u00e4.<\/p>\n<p>Verkkosivusto: <a href=\"http:\/\/www.homeboundbd.com\" target=\"_blank\" rel=\"noopener\">http:\/\/www.homeboundbd.com<\/a> &nbsp;<\/p>","protected":false},"excerpt":{"rendered":"<p>If you are moving home in Bangladesh or about to move to or from Bangladesh, you may want to use a removal company to help ease the moving process. Moving is a stressful time so below we have gathered a list of companies who are members of the International Association of Movers (IAM) and\/or FIDI [&hellip;]<\/p>\n","protected":false},"author":4,"featured_media":0,"parent":190,"menu_order":0,"comment_status":"closed","ping_status":"closed","template":"","meta":{"_genesis_hide_title":false,"_genesis_hide_breadcrumbs":false,"_genesis_hide_singular_image":false,"_genesis_hide_footer_widgets":false,"_genesis_custom_body_class":"","_genesis_custom_post_class":"","_genesis_layout":"","footnotes":""},"class_list":{"0":"post-5228","1":"page","2":"type-page","3":"status-publish","5":"entry","6":"has-post-thumbnail"},"_links":{"self":[{"href":"https:\/\/moverdb.com\/fi\/wp-json\/wp\/v2\/pages\/5228","targetHints":{"allow":["GET"]}}],"collection":[{"href":"https:\/\/moverdb.com\/fi\/wp-json\/wp\/v2\/pages"}],"about":[{"href":"https:\/\/moverdb.com\/fi\/wp-json\/wp\/v2\/types\/page"}],"author":[{"embeddable":true,"href":"https:\/\/moverdb.com\/fi\/wp-json\/wp\/v2\/users\/4"}],"replies":[{"embeddable":true,"href":"https:\/\/moverdb.com\/fi\/wp-json\/wp\/v2\/comments?post=5228"}],"version-history":[{"count":1,"href":"https:\/\/moverdb.com\/fi\/wp-json\/wp\/v2\/pages\/5228\/revisions"}],"predecessor-version":[{"id":5230,"href":"https:\/\/moverdb.com\/fi\/wp-json\/wp\/v2\/pages\/5228\/revisions\/5230"}],"up":[{"embeddable":true,"href":"https:\/\/moverdb.com\/fi\/wp-json\/wp\/v2\/pages\/190"}],"wp:attachment":[{"href":"https:\/\/moverdb.com\/fi\/wp-json\/wp\/v2\/media?parent=5228"}],"curies":[{"name":"wp","href":"https:\/\/api.w.org\/{rel}","templated":true}]}}