{"id":5224,"date":"2022-10-24T11:53:37","date_gmt":"2022-10-24T11:53:37","guid":{"rendered":"https:\/\/moverdb.com\/?page_id=5224"},"modified":"2026-01-08T15:25:03","modified_gmt":"2026-01-08T15:25:03","slug":"azerbaidzan","status":"publish","type":"page","link":"https:\/\/moverdb.com\/fi\/moving-companies\/azerbaijan-moving-companies\/","title":{"rendered":"5 parasta kansainv\u00e4list\u00e4 muuttoa harjoittavaa yrityst\u00e4 Azerbaid\u017eanissa"},"content":{"rendered":"<p>Muutto kotiin voi olla stressaavaa, joten jonkun auttaminen muutossa voi auttaa purkamaan paineita. Olitpa sitten muuttamassa Azerbaid\u017eanin sis\u00e4ll\u00e4 tai muuttamassa Azerbaid\u017eaniin tai Azerbaid\u017eanista, on yrityksi\u00e4, jotka voivat auttaa. Olemme koonneet luettelon <a href=\"https:\/\/moverdb.com\/fi\/international-removals\/\" data-internallinksmanager029f6b8e52c=\"27\" title=\"36 Parhaat kansainv\u00e4liset muuttoyritykset Yhdistyneess\u00e4 kuningaskunnassa\">muuttofirmat<\/a> jotka ovat j\u00e4seni\u00e4 <a href=\"https:\/\/moverdb.com\/fi\/iam\/\" data-internallinksmanager029f6b8e52c=\"23\" title=\"Kansainv\u00e4linen muuttajien liitto (IAM) selitetty\">Kansainv\u00e4linen muuttajien liitto<\/a> (IAM) ja\/tai <a href=\"https:\/\/moverdb.com\/fi\/fidi-faim\/\" data-internallinksmanager029f6b8e52c=\"16\" title=\"FIDI &amp; FAIM (FIDI Accredited International Mover) selitettyin\u00e4\">FIDI<\/a> Accredited International Mover (FAIM), joka voisi auttaa sinua.<\/p>\n<div id=\"ez-toc-container\" class=\"ez-toc-v2_0_82_2 ez-toc-wrap-left counter-hierarchy ez-toc-counter ez-toc-transparent ez-toc-container-direction\">\n<div class=\"ez-toc-title-container\">\n<p class=\"ez-toc-title\" style=\"cursor:inherit\">Jaksot<\/p>\n<span class=\"ez-toc-title-toggle\"><a href=\"#\" class=\"ez-toc-pull-right ez-toc-btn ez-toc-btn-xs ez-toc-btn-default ez-toc-toggle\" aria-label=\"Sis\u00e4llysluettelon vaihtaminen\"><span class=\"ez-toc-js-icon-con\"><span class=\"\"><span class=\"eztoc-hide\" style=\"display:none;\">Toggle<\/span><span class=\"ez-toc-icon-toggle-span\"><svg style=\"fill: #999;color:#999\" xmlns=\"http:\/\/www.w3.org\/2000\/svg\" class=\"list-377408\" width=\"20px\" height=\"20px\" viewbox=\"0 0 24 24\" fill=\"none\"><path d=\"M6 6H4v2h2V6zm14 0H8v2h12V6zM4 11h2v2H4v-2zm16 0H8v2h12v-2zM4 16h2v2H4v-2zm16 0H8v2h12v-2z\" fill=\"currentColor\"><\/path><\/svg><svg style=\"fill: #999;color:#999\" class=\"arrow-unsorted-368013\" xmlns=\"http:\/\/www.w3.org\/2000\/svg\" width=\"10px\" height=\"10px\" viewbox=\"0 0 24 24\" version=\"1.2\" baseprofile=\"tiny\"><path d=\"M18.2 9.3l-6.2-6.3-6.2 6.3c-.2.2-.3.4-.3.7s.1.5.3.7c.2.2.4.3.7.3h11c.3 0 .5-.1.7-.3.2-.2.3-.5.3-.7s-.1-.5-.3-.7zM5.8 14.7l6.2 6.3 6.2-6.3c.2-.2.3-.5.3-.7s-.1-.5-.3-.7c-.2-.2-.4-.3-.7-.3h-11c-.3 0-.5.1-.7.3-.2.2-.3.5-.3.7s.1.5.3.7z\"\/><\/svg><\/span><\/span><\/span><\/a><\/span><\/div>\n<nav><ul class='ez-toc-list ez-toc-list-level-1 eztoc-toggle-hide-by-default' ><li class='ez-toc-page-1 ez-toc-heading-level-2'><a class=\"ez-toc-link ez-toc-heading-1\" href=\"https:\/\/moverdb.com\/fi\/moving-companies\/azerbaijan-moving-companies\/#1_ACE_Forwarding\" >1. ACE Forwarding<\/a><\/li><li class='ez-toc-page-1 ez-toc-heading-level-2'><a class=\"ez-toc-link ez-toc-heading-2\" href=\"https:\/\/moverdb.com\/fi\/moving-companies\/azerbaijan-moving-companies\/#2_Allright_Moving_Storage\" >2. Allright Moving &amp; Storage<\/a><\/li><li class='ez-toc-page-1 ez-toc-heading-level-2'><a class=\"ez-toc-link ez-toc-heading-3\" href=\"https:\/\/moverdb.com\/fi\/moving-companies\/azerbaijan-moving-companies\/#3_Buddy-Mover\" >3. Buddy-Mover<\/a><\/li><li class='ez-toc-page-1 ez-toc-heading-level-2'><a class=\"ez-toc-link ez-toc-heading-4\" href=\"https:\/\/moverdb.com\/fi\/moving-companies\/azerbaijan-moving-companies\/#4_Gosselin\" >4. Gosselin<\/a><\/li><li class='ez-toc-page-1 ez-toc-heading-level-2'><a class=\"ez-toc-link ez-toc-heading-5\" href=\"https:\/\/moverdb.com\/fi\/moving-companies\/azerbaijan-moving-companies\/#5_Interdean_International_Relocations\" >5. Interdean International Relocations<\/a><\/li><\/ul><\/nav><\/div>\n<h2><span class=\"ez-toc-section\" id=\"1_ACE_Forwarding\"><\/span><strong>1. ACE Forwarding<\/strong><span class=\"ez-toc-section-end\"><\/span><\/h2>\n<p><em><img loading=\"lazy\" decoding=\"async\" class=\"alignnone size-full wp-image-5136\" src=\"https:\/\/moverdb.com\/wp-content\/uploads\/ACE-Forwarding-international-moving-company.png\" alt=\"ACE Forwarding kansainv\u00e4linen muuttofirma\" width=\"1440\" height=\"685\" data-wp-pid=\"5136\" srcset=\"https:\/\/moverdb.com\/wp-content\/uploads\/ACE-Forwarding-international-moving-company.png 1440w, https:\/\/moverdb.com\/wp-content\/uploads\/ACE-Forwarding-international-moving-company-300x143.png 300w, https:\/\/moverdb.com\/wp-content\/uploads\/ACE-Forwarding-international-moving-company-1024x487.png 1024w, https:\/\/moverdb.com\/wp-content\/uploads\/ACE-Forwarding-international-moving-company-18x9.png 18w, https:\/\/moverdb.com\/wp-content\/uploads\/ACE-Forwarding-international-moving-company-600x285.png 600w\" sizes=\"auto, (max-width: 1440px) 100vw, 1440px\" \/><\/em><\/p>\n<ul>\n<li>Kansainv\u00e4liset siirrot<\/li>\n<li>Muuttopalvelut<\/li>\n<li>Kotitalouksien ja yritysten muutot<\/li>\n<li>Lento-, meri-, rautatie- ja tieliikenne<\/li>\n<li>Breakbulk-, ryhm\u00e4kuljetukset ja konttikuljetukset<\/li>\n<li>Taidekuljetukset<\/li>\n<li>Tulliv\u00e4litys<\/li>\n<li>Ajoneuvo- ja venekuljetukset<\/li>\n<li>Lemmikkiel\u00e4inten kuljetus<\/li>\n<li>Pitk\u00e4- ja lyhytaikaiset varastointiratkaisut<\/li>\n<\/ul>\n<p>ACE Forwarding on multimodaalinen logistiikka- ja huolintayritys, joka perustettiin vuonna 1996 Azerbaid\u017eanissa, ja sill\u00e4 on toimistot my\u00f6s seuraavissa maissa <a href=\"https:\/\/moverdb.com\/fi\/muuttoyritykset\/moving-companies-georgia\/\">Georgia<\/a>. He ovat IAM:n j\u00e4seni\u00e4, joilla on 25 vuoden kokemus. He tarjoavat muuttopalveluja Azerbaid\u017eaniin, kansainv\u00e4lisi\u00e4 muuttoja sek\u00e4 muuttopalveluja kotitalouksille ja yrityksille.<\/p>\n<p>ACE Forwarding tarjoaa muuttoa edelt\u00e4v\u00e4n kartoituksen ja tarpeisiisi r\u00e4\u00e4t\u00e4l\u00f6ityj\u00e4 tarjouksia. Se tarjoaa pakkauspalveluja, joissa k\u00e4ytet\u00e4\u00e4n erityisesti sis\u00e4lt\u00f6\u00e4 varten suunniteltuja materiaaleja ja ammattimaisia pakkaustekniikoita, sek\u00e4 huonekalujen purkamista ja kokoamista. Se voi my\u00f6s auttaa tulliv\u00e4lityksess\u00e4, lemmikkiel\u00e4inten ja ajoneuvojen kuljetuksissa, vakuutuksissa ja lyhytaikaisessa tai pitk\u00e4aikaisessa varastoinnissa.<\/p>\n<p>Verkkosivusto: <a href=\"http:\/\/www.acecaspian.com\" target=\"_blank\" rel=\"noopener\">http:\/\/www.acecaspian.com<\/a><\/p>\n<h2><span class=\"ez-toc-section\" id=\"2_Allright_Moving_Storage\"><\/span><strong>2. Allright Moving &amp; Storage<\/strong><span class=\"ez-toc-section-end\"><\/span><\/h2>\n<p><em><img loading=\"lazy\" decoding=\"async\" class=\"alignnone size-full wp-image-5141\" src=\"https:\/\/moverdb.com\/wp-content\/uploads\/Allright-Moving-and-Storage-international-moving-company.png\" alt=\"Allright Moving and Storage kansainv\u00e4linen muuttofirma\" width=\"1440\" height=\"677\" data-wp-pid=\"5141\" srcset=\"https:\/\/moverdb.com\/wp-content\/uploads\/Allright-Moving-and-Storage-international-moving-company.png 1440w, https:\/\/moverdb.com\/wp-content\/uploads\/Allright-Moving-and-Storage-international-moving-company-300x141.png 300w, https:\/\/moverdb.com\/wp-content\/uploads\/Allright-Moving-and-Storage-international-moving-company-1024x481.png 1024w, https:\/\/moverdb.com\/wp-content\/uploads\/Allright-Moving-and-Storage-international-moving-company-18x8.png 18w, https:\/\/moverdb.com\/wp-content\/uploads\/Allright-Moving-and-Storage-international-moving-company-600x282.png 600w\" sizes=\"auto, (max-width: 1440px) 100vw, 1440px\" \/><\/em><\/p>\n<ul>\n<li>Paikalliset ja kansalliset siirrot<\/li>\n<li>Kansainv\u00e4liset siirrot<\/li>\n<li>Asuntojen muutot<\/li>\n<li>Toimisto- ja yrityssiirrot<\/li>\n<li>Ammattitaitoinen ja kohtelias henkil\u00f6kunta<\/li>\n<li>Huonekalujen purkaminen ja kokoaminen<\/li>\n<li>Kauttakuljetusvakuutus<\/li>\n<li>Tulliselvitys<\/li>\n<li><a href=\"https:\/\/moverdb.com\/fi\/car-transport-shipping\/\" data-internallinksmanager029f6b8e52c=\"2\" title=\"2026 Kansainv\u00e4linen autokuljetus ja ajoneuvojen kuljetus tarjoukset\">Autonkuljetus<\/a><\/li>\n<li>Varastointiratkaisut<\/li>\n<\/ul>\n<p>Allright Moving &amp; Storage v\u00e4itt\u00e4\u00e4 olevansa yksi Azerbaid\u017eanin johtavista huolinta- ja siirtoyrityksist\u00e4. Se tarjoaa kotitalouksien ja yritysten muuttopalveluja Azerbaid\u017eanissa, Azerbaid\u017eanista tai Azerbaid\u017eaniin. He ovat IAM:n j\u00e4sen, ja heill\u00e4 on 7 vuoden kokemus. Heill\u00e4 on kansainv\u00e4listen muuttojen alihankkijoiden ja yhteisty\u00f6kumppaneiden verkosto, joka avustaa heit\u00e4 kansainv\u00e4lisiss\u00e4 muutoissa.<\/p>\n<p>Allright Moving &amp; Storage tarjoaa kokeneita kartoittajia, jotka arvioivat tarpeesi ja antavat neuvoja. He pakkaavat tavarasi, purkavat ja kokoavat huonekalut sek\u00e4 hoitavat passitusvakuutuksen ja tulliselvityksen. He voivat my\u00f6s tarjota autonkuljetuspalveluja. He tarjoavat lyhytaikaisia tai pitk\u00e4aikaisia, t\u00e4ysin turvallisia ja ilmastoituja varastotiloja.<\/p>\n<p>Verkkosivusto: <a href=\"http:\/\/www.allrightmoving.com\" target=\"_blank\" rel=\"noopener\">http:\/\/www.allrightmoving.com<\/a><\/p>\n<h2><span class=\"ez-toc-section\" id=\"3_Buddy-Mover\"><\/span><strong>3. Buddy-Mover<\/strong><span class=\"ez-toc-section-end\"><\/span><\/h2>\n<p><em><img loading=\"lazy\" decoding=\"async\" class=\"alignnone size-full wp-image-5151\" src=\"https:\/\/moverdb.com\/wp-content\/uploads\/Buddy-Mover-international-moving-company.png\" alt=\"Buddy Mover kansainv\u00e4linen muuttofirma\" width=\"1440\" height=\"680\" data-wp-pid=\"5151\" srcset=\"https:\/\/moverdb.com\/wp-content\/uploads\/Buddy-Mover-international-moving-company.png 1440w, https:\/\/moverdb.com\/wp-content\/uploads\/Buddy-Mover-international-moving-company-300x142.png 300w, https:\/\/moverdb.com\/wp-content\/uploads\/Buddy-Mover-international-moving-company-1024x484.png 1024w, https:\/\/moverdb.com\/wp-content\/uploads\/Buddy-Mover-international-moving-company-18x9.png 18w, https:\/\/moverdb.com\/wp-content\/uploads\/Buddy-Mover-international-moving-company-600x283.png 600w\" sizes=\"auto, (max-width: 1440px) 100vw, 1440px\" \/><\/em><\/p>\n<ul>\n<li>Paikalliset ja kansalliset siirrot<\/li>\n<li>Kansainv\u00e4liset muutot<\/li>\n<li>Asuntojen muutot<\/li>\n<li>Liiketoiminnan siirrot<\/li>\n<li>Ammattitaitoinen ja p\u00e4tev\u00e4 henkil\u00f6kunta<\/li>\n<li>Korkeatasoinen pakkaus<\/li>\n<li>Luettelot omaisuutesi seuraamiseksi<\/li>\n<li>Tie-, ilma- ja merirahti<\/li>\n<li>Kauttakuljetusvakuutus<\/li>\n<li>Lyhytaikainen ja pitk\u00e4aikainen varastointi<\/li>\n<\/ul>\n<p>Buddy-Mover on Bakussa, Azerbaid\u017eanissa sijaitseva muuttofirma, joka on IAM:n j\u00e4sen ja joka on toiminut 4 vuotta. Se tarjoaa paikallisia, kansallisia ja kansainv\u00e4lisi\u00e4 muuttopalveluja, jotka palvelevat sek\u00e4 yksityis- ett\u00e4 yritysasiakkaita. He ty\u00f6llist\u00e4v\u00e4t ammattitaitoista henkil\u00f6kuntaa, joka on hyvin koulutettu muuttotekniikoihin ja pakkaamiseen.<\/p>\n<p>Buddy-Mover tekee ennen muuttoa henkil\u00f6kohtaisen kyselyn, jossa arvioidaan tarpeesi, tullivaatimukset ja kuljetusvaihtoehdot. Heid\u00e4n muuttohenkil\u00f6kuntansa pakkaa tavarasi turvallisesti, laatii inventaarion ja j\u00e4rjest\u00e4\u00e4 kuljetuksen maanteitse, ilmassa tai meritse. He tarjoavat my\u00f6s lyhytaikaisia tai pitk\u00e4aikaisia turvallisia varastointivaihtoehtoja holvivarastossaan.<\/p>\n<p>Verkkosivusto: <a href=\"http:\/\/www.buddy-mover.com\" target=\"_blank\" rel=\"noopener\">http:\/\/www.buddy-mover.com<\/a><\/p>\n<h2><span class=\"ez-toc-section\" id=\"4_Gosselin\"><\/span><strong>4. Gosselin<\/strong><span class=\"ez-toc-section-end\"><\/span><\/h2>\n<p><em><img loading=\"lazy\" decoding=\"async\" class=\"alignnone size-full wp-image-5170\" src=\"https:\/\/moverdb.com\/wp-content\/uploads\/Gosselin-Azerbaijan-international-moving-company.png\" alt=\"Gosselin Azerbaid\u017ean kansainv\u00e4linen muuttofirma\" width=\"1440\" height=\"681\" data-wp-pid=\"5170\" srcset=\"https:\/\/moverdb.com\/wp-content\/uploads\/Gosselin-Azerbaijan-international-moving-company.png 1440w, https:\/\/moverdb.com\/wp-content\/uploads\/Gosselin-Azerbaijan-international-moving-company-300x142.png 300w, https:\/\/moverdb.com\/wp-content\/uploads\/Gosselin-Azerbaijan-international-moving-company-1024x484.png 1024w, https:\/\/moverdb.com\/wp-content\/uploads\/Gosselin-Azerbaijan-international-moving-company-18x9.png 18w, https:\/\/moverdb.com\/wp-content\/uploads\/Gosselin-Azerbaijan-international-moving-company-600x284.png 600w\" sizes=\"auto, (max-width: 1440px) 100vw, 1440px\" \/><\/em><\/p>\n<ul>\n<li>Kansainv\u00e4liset siirrot<\/li>\n<li>Kotitalouksien muutto<\/li>\n<li>Toimiston muutto<\/li>\n<li>Pakkaaminen, kuljetus ja purkaminen<\/li>\n<li>Kuvataide liikkuvat<\/li>\n<li>Lemmikkiel\u00e4inten siirt\u00e4minen<\/li>\n<li>Autonkuljetus<\/li>\n<li>Varastointiratkaisut<\/li>\n<li>Ylim\u00e4\u00e4r\u00e4iset matkatavarat<\/li>\n<li>Kiert\u00e4vien n\u00e4yttelyiden palvelut<\/li>\n<\/ul>\n<p>Gosselin on muuttofirma, joka on osa Gosselin-konsernia, joka on perustettu vuonna 1930 Gosselinissa. <a href=\"https:\/\/moverdb.com\/fi\/moving-to-belgium\/\" data-internallinksmanager029f6b8e52c=\"323\" title=\"Muutatko Belgiaan? 2023 Elinkustannukset ja muuttovinkit\">Belgia<\/a> ja on toiminut Azerbaid\u017eanissa yli 20 vuotta. Se palvelee diplomaatteja, yritysten ty\u00f6ntekij\u00f6it\u00e4 ja yksityisi\u00e4 kotitalouksia kansainv\u00e4lisiss\u00e4 kuljetuksissa. He ovat IAM:n j\u00e4seni\u00e4, ja heill\u00e4 on 23 vuoden kokemus.<\/p>\n<p>Gosselin tarjoaa r\u00e4\u00e4t\u00e4l\u00f6ity\u00e4 palvelua perheesi tai yrityksesi tarpeisiin ammattimaisella pakkauspalvelulla, huippuluokan pakkausmateriaaleilla ja pakkausten purkamispalvelulla. He tarjoavat vakuutuksia, taide-esineiden muuttoa, autojen kuljetusta ja lemmikkiel\u00e4inten muuttoa, joka on Ipata-sertifioitu. He voivat my\u00f6s tarjota varastointiratkaisuja ja huolintapalveluita, mukaan lukien ylij\u00e4\u00e4m\u00e4matkatavarat ja matkan\u00e4yttelyt.<\/p>\n<p>Verkkosivusto: <a href=\"https:\/\/gosselin-moving.com\/azerbaijan\" target=\"_blank\" rel=\"noopener\">https:\/\/gosselin-moving.com\/azerbaijan<\/a><\/p>\n<h2><span class=\"ez-toc-section\" id=\"5_Interdean_International_Relocations\"><\/span><strong>5. Interdean International Relocations<\/strong><span class=\"ez-toc-section-end\"><\/span><\/h2>\n<p><em><img loading=\"lazy\" decoding=\"async\" class=\"alignnone size-full wp-image-5175\" src=\"https:\/\/moverdb.com\/wp-content\/uploads\/Interdean-International-Relocations-international-moving-company.png\" alt=\"Interdean International Relocations kansainv\u00e4linen muuttofirma\" width=\"1440\" height=\"683\" data-wp-pid=\"5175\" srcset=\"https:\/\/moverdb.com\/wp-content\/uploads\/Interdean-International-Relocations-international-moving-company.png 1440w, https:\/\/moverdb.com\/wp-content\/uploads\/Interdean-International-Relocations-international-moving-company-300x142.png 300w, https:\/\/moverdb.com\/wp-content\/uploads\/Interdean-International-Relocations-international-moving-company-1024x486.png 1024w, https:\/\/moverdb.com\/wp-content\/uploads\/Interdean-International-Relocations-international-moving-company-18x9.png 18w, https:\/\/moverdb.com\/wp-content\/uploads\/Interdean-International-Relocations-international-moving-company-600x285.png 600w\" sizes=\"auto, (max-width: 1440px) 100vw, 1440px\" \/><\/em><\/p>\n<ul>\n<li>Kansainv\u00e4liset siirrot<\/li>\n<li>Kotiin siirtymiset<\/li>\n<li>Yrityssiirrot<\/li>\n<li>Siirtopalvelu<\/li>\n<li>Omaisuutesi valmistelu, pakkaaminen ja purkaminen.<\/li>\n<li>Tie-, meri- ja lentorahtivaihtoehdot<\/li>\n<li>Kauttakuljetusvakuutus<\/li>\n<li>Tuki tulliselvityksess\u00e4<\/li>\n<li>Lyhytaikainen ja pitk\u00e4aikainen varastointi<\/li>\n<li>Apua kodin tai lyhytaikaisen vuokra-asunnon l\u00f6yt\u00e4misess\u00e4<\/li>\n<\/ul>\n<p>Interdean International Relocations on kansainv\u00e4linen muuttojen hallinnointiyritys, joka sijaitsee Bakussa, Azerbaid\u017eanissa. Se on IAM:n j\u00e4sen, ja se on toiminut 24 vuotta sek\u00e4 FIDI:n akkreditoima.<\/p>\n<p>Interdean International Relocations tarjoaa erikoislaatikoita, jotka on suunniteltu sis\u00e4ll\u00f6n parhaaksi suojaksi, sek\u00e4 r\u00e4\u00e4t\u00e4l\u00f6ityj\u00e4 laatikoita arvokkaille tai hauraille esineille. He laativat luettelon omaisuudestasi, purkavat sen ja poistavat kaikki pakkausmateriaalit. Se tarjoaa kuljetuksen maantie-, lento- ja merirahtina ja tukee sinua tulliselvityksess\u00e4. He tarjoavat my\u00f6s erilaisia varastointiratkaisuja pienist\u00e4 suuriin m\u00e4\u00e4riin lyhytaikaisesti ja pitk\u00e4aikaisesti.<\/p>\n<p>Verkkosivusto: <a href=\"http:\/\/www.interdean.com.az\" target=\"_blank\" rel=\"noopener\">http:\/\/www.interdean.com.az<\/a><\/p>","protected":false},"excerpt":{"rendered":"<p>Moving home can be stressful so getting someone to assist you in your move can help release the pressure. Whether you are moving within Azerbaijan, or moving to or from Azerbaijan, there are companies that can assist. We have compiled a list of removal companies below that are members of the International Association of Movers [&hellip;]<\/p>\n","protected":false},"author":4,"featured_media":0,"parent":190,"menu_order":0,"comment_status":"closed","ping_status":"closed","template":"","meta":{"_genesis_hide_title":false,"_genesis_hide_breadcrumbs":false,"_genesis_hide_singular_image":false,"_genesis_hide_footer_widgets":false,"_genesis_custom_body_class":"","_genesis_custom_post_class":"","_genesis_layout":"","footnotes":""},"class_list":{"0":"post-5224","1":"page","2":"type-page","3":"status-publish","5":"entry","6":"has-post-thumbnail"},"_links":{"self":[{"href":"https:\/\/moverdb.com\/fi\/wp-json\/wp\/v2\/pages\/5224","targetHints":{"allow":["GET"]}}],"collection":[{"href":"https:\/\/moverdb.com\/fi\/wp-json\/wp\/v2\/pages"}],"about":[{"href":"https:\/\/moverdb.com\/fi\/wp-json\/wp\/v2\/types\/page"}],"author":[{"embeddable":true,"href":"https:\/\/moverdb.com\/fi\/wp-json\/wp\/v2\/users\/4"}],"replies":[{"embeddable":true,"href":"https:\/\/moverdb.com\/fi\/wp-json\/wp\/v2\/comments?post=5224"}],"version-history":[{"count":2,"href":"https:\/\/moverdb.com\/fi\/wp-json\/wp\/v2\/pages\/5224\/revisions"}],"predecessor-version":[{"id":7595,"href":"https:\/\/moverdb.com\/fi\/wp-json\/wp\/v2\/pages\/5224\/revisions\/7595"}],"up":[{"embeddable":true,"href":"https:\/\/moverdb.com\/fi\/wp-json\/wp\/v2\/pages\/190"}],"wp:attachment":[{"href":"https:\/\/moverdb.com\/fi\/wp-json\/wp\/v2\/media?parent=5224"}],"curies":[{"name":"wp","href":"https:\/\/api.w.org\/{rel}","templated":true}]}}