{"id":4641,"date":"2022-09-20T19:45:42","date_gmt":"2022-09-20T19:45:42","guid":{"rendered":"https:\/\/moverdb.com\/?page_id=4641"},"modified":"2026-01-08T15:24:10","modified_gmt":"2026-01-08T15:24:10","slug":"algeria","status":"publish","type":"page","link":"https:\/\/moverdb.com\/fi\/moving-companies\/algeria\/","title":{"rendered":"3 parasta kansainv\u00e4list\u00e4 muuttofirmaa Algeriassa"},"content":{"rendered":"<p>Jos olet muuttamassa Algeriaan tai haluat muuttaa Algeriaan tai Algeriasta, saatat tarvita <a href=\"https:\/\/moverdb.com\/fi\/moving-companies\/\" data-internallinksmanager029f6b8e52c=\"79\" title=\"Top 25 Kansainv\u00e4list\u00e4 muuttoyrityksi\u00e4 verkossa\">muuttofirma<\/a> auttamaan sinua. Alla on luettelo niist\u00e4, jotka ovat j\u00e4seni\u00e4 seuraavassa luettelossa. <a href=\"https:\/\/moverdb.com\/fi\/iam\/\" data-internallinksmanager029f6b8e52c=\"23\" title=\"Kansainv\u00e4linen muuttajien liitto (IAM) selitetty\">Kansainv\u00e4linen muuttajien liitto<\/a> (IAM) ja\/tai <a href=\"https:\/\/moverdb.com\/fi\/fidi-faim\/\" data-internallinksmanager029f6b8e52c=\"16\" title=\"FIDI &amp; FAIM (FIDI Accredited International Mover) selitettyin\u00e4\">FIDI<\/a> Accredited International Mover (FAIM), joka toivottavasti auttaa sinua.<\/p>\n<h2><strong>1. Tavoite Intermovers<\/strong><\/h2>\n<p><em><img loading=\"lazy\" decoding=\"async\" class=\"alignnone wp-image-4642 size-full\" src=\"https:\/\/moverdb.com\/wp-content\/uploads\/Aim-Intermovers-international-moving-company.png\" alt=\"Aim Intermovers kansainv\u00e4linen muuttofirma\" width=\"1440\" height=\"677\" data-wp-pid=\"4642\" srcset=\"https:\/\/moverdb.com\/wp-content\/uploads\/Aim-Intermovers-international-moving-company.png 1440w, https:\/\/moverdb.com\/wp-content\/uploads\/Aim-Intermovers-international-moving-company-300x141.png 300w, https:\/\/moverdb.com\/wp-content\/uploads\/Aim-Intermovers-international-moving-company-1024x481.png 1024w, https:\/\/moverdb.com\/wp-content\/uploads\/Aim-Intermovers-international-moving-company-18x8.png 18w, https:\/\/moverdb.com\/wp-content\/uploads\/Aim-Intermovers-international-moving-company-600x282.png 600w\" sizes=\"auto, (max-width: 1440px) 100vw, 1440px\" \/><\/em><\/p>\n<ul>\n<li>Tarjoaa kansallisia siirtoja Algerian 48 wilayassa ja kansainv\u00e4lisi\u00e4 siirtoja.<\/li>\n<li>Toimiston muutot<\/li>\n<li>Arkistointipalvelu<\/li>\n<li>Tarjoaa tavaroiden maantie-, meri- ja lentokuljetuksia.<\/li>\n<li>Ammattitaitoinen muuttotiimi<\/li>\n<li>Tarvikkeet pakkausmateriaali ja kartongit<\/li>\n<li>Huonekalujen purkaminen ja pakkaaminen sek\u00e4 uudelleen kokoaminen.<\/li>\n<li>K\u00e4sittelee herk\u00e4sti tavaroita, kuten taideteoksia.<\/li>\n<li>Ne valmistavat my\u00f6s puulaatikoita ja <a href=\"https:\/\/moverdb.com\/fi\/iata\/\" data-internallinksmanager029f6b8e52c=\"22\" title=\"Kansainv\u00e4lisen ilmakuljetusliiton (IATA) selitykset\">IATA<\/a> pahvit<\/li>\n<li>Tekninen vierailu tarjotaan ilman sitoumusta<\/li>\n<\/ul>\n<p>Aim Intermovers on algerialainen muuttofirma, joka tarjoaa palveluja koko maassa Algerian 48 wilayassa ja kansainv\u00e4lisi\u00e4 muuttoja. He tarjoavat kauttakulkuosaston, joka hoitaa kaikki muuttoj\u00e4rjestelyt, mukaan lukien kaikki tuonti- ja vientivaatimukset. He ovat olleet IAM:n j\u00e4sen 9 vuoden ajan.<\/p>\n<p>Aim Intermoversin asiakkaisiin kuuluu muuttopalvelujen tarjoaminen kansallisille ja kansainv\u00e4lisille yrityksille, ulkomaisille yrityksille, \u00f6ljy-yhti\u00f6ille ja suurl\u00e4hetyst\u00f6ille. He tarjoavat ilmaisen tarjouksen, johon sis\u00e4ltyy sitoumukseton tekninen k\u00e4ynti. He tarjoavat kattavaa palvelua, johon kuuluu pakkausmateriaalien ja konttien tarjoaminen sek\u00e4 pakkaus-, purkamis- ja uudelleenasennuspalvelut.<\/p>\n<p>Verkkosivusto: <a href=\"http:\/\/www.aimintermovers.dz\" target=\"_blank\" rel=\"noopener\">http:\/\/www.aimintermovers.dz<\/a><\/p>\n<h2><strong>2. Algeria Pakkaa ja siirr\u00e4<\/strong><\/h2>\n<p><em><img loading=\"lazy\" decoding=\"async\" class=\"alignnone size-full wp-image-4643\" src=\"https:\/\/moverdb.com\/wp-content\/uploads\/Algeria-Pack-and-Move-international-moving-company.png\" alt=\"Algeria Pack and Move kansainv\u00e4linen muuttofirma\" width=\"1440\" height=\"629\" data-wp-pid=\"4643\" srcset=\"https:\/\/moverdb.com\/wp-content\/uploads\/Algeria-Pack-and-Move-international-moving-company.png 1440w, https:\/\/moverdb.com\/wp-content\/uploads\/Algeria-Pack-and-Move-international-moving-company-300x131.png 300w, https:\/\/moverdb.com\/wp-content\/uploads\/Algeria-Pack-and-Move-international-moving-company-1024x447.png 1024w, https:\/\/moverdb.com\/wp-content\/uploads\/Algeria-Pack-and-Move-international-moving-company-18x8.png 18w, https:\/\/moverdb.com\/wp-content\/uploads\/Algeria-Pack-and-Move-international-moving-company-600x262.png 600w\" sizes=\"auto, (max-width: 1440px) 100vw, 1440px\" \/><\/em><\/p>\n<ul>\n<li>Kansalliset siirrot Algeriassa<\/li>\n<li>Kansainv\u00e4liset muutot Algeriaan ja Algeriasta<\/li>\n<li>Yrityksille ja kotitalouksille<\/li>\n<li>Tarjoaa porrastettuja muuttopalvelupaketteja<\/li>\n<li>Poistaminen, kuljetus ja toimitus<\/li>\n<li>Huonekalujen pakkaaminen ja purkaminen<\/li>\n<li>Kaikkien tavaroiden pakkaaminen ja purkaminen<\/li>\n<li>Huonekalujen purkaminen ja uudelleen kokoaminen<\/li>\n<li>Kaiken viennin ja tuonnin hallinnointi<\/li>\n<li>Kuuluvat kansainv\u00e4liseen muuttofirmojen verkostoon<\/li>\n<\/ul>\n<p>Algeria Pack and Move, joka tunnetaan my\u00f6s nimell\u00e4 APM, palvelee algerialaisia yrityksi\u00e4 ja kotitalouksia, ulkomaanmiehi\u00e4 ja diplomaatteja. Yritys perustettiin vuonna 2005, ja se on ollut IAM:n j\u00e4sen jo 15 vuotta. Se tarjoaa kansainv\u00e4lisi\u00e4 muuttoja yhteisty\u00f6ss\u00e4 kumppaniverkoston kanssa seitsem\u00e4ss\u00e4 maanosassa ja tarjoaa hallinnollista tukea muuton hallinnoinnissa, mukaan lukien huolinta, tulli, <a href=\"https:\/\/moverdb.com\/fi\/top-49-container-ports\/\" data-internallinksmanager029f6b8e52c=\"80\" title=\"Top 49 suurinta ja vilkkainta konttisatamaa vuonna 2025\">satama<\/a> ja lentokentt\u00e4muodollisuudet.<\/p>\n<p>APM tarjoaa kolmitasoisia muuttopalveluja: taso 1 sis\u00e4lt\u00e4\u00e4 muuton ja kuljetuksen, taso 2 my\u00f6s huonekalujen pakkaamisen ja purkamisen ja taso 3 lis\u00e4ksi kaiken irtaimiston pakkaamisen ja purkamisen. Tarvittaessa he tarjoavat my\u00f6s varastointitiloja.<\/p>\n<p>Verkkosivusto: <a href=\"http:\/\/www.algeriapm.com\" target=\"_blank\" rel=\"noopener\">http:\/\/www.algeriapm.com<\/a><\/p>\n<h2><strong>3. Yksi mestari muutot<\/strong><\/h2>\n<p><em><img loading=\"lazy\" decoding=\"async\" class=\"alignnone size-full wp-image-4644\" src=\"https:\/\/moverdb.com\/wp-content\/uploads\/One-Champion-Removals-international-moving-company.png\" alt=\"One Champion Removals kansainv\u00e4linen muuttofirma\" width=\"1440\" height=\"683\" data-wp-pid=\"4644\" srcset=\"https:\/\/moverdb.com\/wp-content\/uploads\/One-Champion-Removals-international-moving-company.png 1440w, https:\/\/moverdb.com\/wp-content\/uploads\/One-Champion-Removals-international-moving-company-300x142.png 300w, https:\/\/moverdb.com\/wp-content\/uploads\/One-Champion-Removals-international-moving-company-1024x486.png 1024w, https:\/\/moverdb.com\/wp-content\/uploads\/One-Champion-Removals-international-moving-company-18x9.png 18w, https:\/\/moverdb.com\/wp-content\/uploads\/One-Champion-Removals-international-moving-company-600x285.png 600w\" sizes=\"auto, (max-width: 1440px) 100vw, 1440px\" \/><\/em><\/p>\n<ul>\n<li>Paikalliset ja kotimaiset muuttopalvelut<\/li>\n<li>Kansainv\u00e4liset palvelut<\/li>\n<li>Tie-, meri- ja ilmakuljetukset<\/li>\n<li>Pakkaaminen ja purkaminen<\/li>\n<li>Huonekalujen purkaminen ja kokoaminen uudelleen<\/li>\n<li>Tullin valvonta<\/li>\n<li>T\u00e4ysin vakuutettu, turvallinen palvelu<\/li>\n<li>Ei piilokustannuksia<\/li>\n<li>Tarjoaa varastointitiloja<\/li>\n<li>Tarjoaa my\u00f6s uudelleensijoituspalvelun, joka auttaa l\u00f6yt\u00e4m\u00e4\u00e4n kiinteist\u00f6n.<\/li>\n<\/ul>\n<p>One Champion Removals on Algeriassa sijaitseva <a href=\"https:\/\/moverdb.com\/fi\/international-removals\/\" data-internallinksmanager029f6b8e52c=\"27\" title=\"36 Parhaat kansainv\u00e4liset muuttoyritykset Yhdistyneess\u00e4 kuningaskunnassa\">muuttofirma<\/a> joka on ollut IAM:n j\u00e4sen 3 vuotta. He tarjoavat asiantuntevan ja kokeneen tiimin, joka voi auttaa sinua paikallisissa, kansallisissa ja kansainv\u00e4lisiss\u00e4 muutoissa.<\/p>\n<p>One Champion Removals tarjoaa muuttopalveluja, jotka voidaan toteuttaa maanteitse, meritse ja ilmateitse, ja heid\u00e4n tiimins\u00e4 huolehtii kaikesta paperity\u00f6st\u00e4, kuten tullivaatimuksista. He tarjoavat t\u00e4ysin vakuutettua palvelua, joka on turvallista ja varmaa. He tarjoavat my\u00f6s turvallisia varastotiloja tavaroillesi ja muuttopalvelun, joka auttaa sopivan kiinteist\u00f6n l\u00f6yt\u00e4misess\u00e4.<\/p>\n<p>Verkkosivusto: <a href=\"http:\/\/www.championinternationalmoving.com\" target=\"_blank\" rel=\"noopener\">http:\/\/www.championinternationalmoving.com<\/a><\/p>","protected":false},"excerpt":{"rendered":"<p>If you are moving in Algeria, or are wanting to move to or from Algeria, you may need a moving company to assist you. Below is a list of those that are members of the International Association of Movers (IAM) and\/or FIDI Accredited International Mover (FAIM) which will hopefully help you. 1. Aim Intermovers Provides [&hellip;]<\/p>\n","protected":false},"author":4,"featured_media":0,"parent":190,"menu_order":0,"comment_status":"closed","ping_status":"closed","template":"","meta":{"_genesis_hide_title":false,"_genesis_hide_breadcrumbs":false,"_genesis_hide_singular_image":false,"_genesis_hide_footer_widgets":false,"_genesis_custom_body_class":"","_genesis_custom_post_class":"","_genesis_layout":"","footnotes":""},"class_list":{"0":"post-4641","1":"page","2":"type-page","3":"status-publish","5":"entry","6":"has-post-thumbnail"},"_links":{"self":[{"href":"https:\/\/moverdb.com\/fi\/wp-json\/wp\/v2\/pages\/4641","targetHints":{"allow":["GET"]}}],"collection":[{"href":"https:\/\/moverdb.com\/fi\/wp-json\/wp\/v2\/pages"}],"about":[{"href":"https:\/\/moverdb.com\/fi\/wp-json\/wp\/v2\/types\/page"}],"author":[{"embeddable":true,"href":"https:\/\/moverdb.com\/fi\/wp-json\/wp\/v2\/users\/4"}],"replies":[{"embeddable":true,"href":"https:\/\/moverdb.com\/fi\/wp-json\/wp\/v2\/comments?post=4641"}],"version-history":[{"count":3,"href":"https:\/\/moverdb.com\/fi\/wp-json\/wp\/v2\/pages\/4641\/revisions"}],"predecessor-version":[{"id":4653,"href":"https:\/\/moverdb.com\/fi\/wp-json\/wp\/v2\/pages\/4641\/revisions\/4653"}],"up":[{"embeddable":true,"href":"https:\/\/moverdb.com\/fi\/wp-json\/wp\/v2\/pages\/190"}],"wp:attachment":[{"href":"https:\/\/moverdb.com\/fi\/wp-json\/wp\/v2\/media?parent=4641"}],"curies":[{"name":"wp","href":"https:\/\/api.w.org\/{rel}","templated":true}]}}