{"id":454,"date":"2016-07-03T20:25:43","date_gmt":"2016-07-03T20:25:43","guid":{"rendered":"http:\/\/moverdb.com\/?page_id=454"},"modified":"2026-01-08T15:30:41","modified_gmt":"2026-01-08T15:30:41","slug":"world-customs-organization","status":"publish","type":"page","link":"https:\/\/moverdb.com\/fi\/world-customs-organization\/","title":{"rendered":"Maailman tullij\u00e4rjest\u00f6 (WCO) selitetty"},"content":{"rendered":"<p>Maailman tullij\u00e4rjest\u00f6 (WCO) on riippumaton hallitustenv\u00e4linen elin, joka toimii tulliyhteis\u00f6n \u00e4\u00e4nitorvena. <\/p>\n<p>Se perustettiin, jotta tullihallinnot kaikkialla maailmassa olisivat tehokkaampia, koordinoidumpia ja vaikuttavampia.<\/p>\n<p><strong>WCO:n t\u00e4rkeimm\u00e4t tiedot:<\/strong><\/p>\n<ul>\n<li>  WCO:lla on 180 j\u00e4sent\u00e4, jotka ovat tullihallintoja eri puolilta maailmaa.<\/li>\n<li>  Kolme nelj\u00e4sosaa WCO:n j\u00e4senist\u00e4 on kehitysmaita.<\/li>\n<li>  WCO:n j\u00e4senet vastaavat yli 98% maailmankaupan hallinnoinnista.<\/li>\n<li>  WCO aloitti toimintansa vuonna 1952 tulliyhteisty\u00f6neuvostona.<\/li>\n<li>  WCO:ta hallinnoi neuvosto, jonka sihteerist\u00f6ss\u00e4 ty\u00f6skentelee yli 100 kansainv\u00e4list\u00e4 virkamiest\u00e4, teknist\u00e4 asiantuntijaa ja tukihenkil\u00f6\u00e4.<\/li>\n<li>  WCO:n p\u00e4\u00e4konttori sijaitsee Brysseliss\u00e4, <a href=\"https:\/\/moverdb.com\/fi\/moving-to-belgium\/\" data-internallinksmanager029f6b8e52c=\"323\" title=\"Muutatko Belgiaan? 2023 Elinkustannukset ja muuttovinkit\">Belgia<\/a>.<\/li>\n<li>  WCO ei k\u00e4sittele tullivalituksia, esimerkiksi tullimaksuja, sill\u00e4 hallitustenv\u00e4lisen\u00e4 j\u00e4rjest\u00f6n\u00e4 se ei ole vastuussa kansallisen lains\u00e4\u00e4d\u00e4nn\u00f6n hallinnoinnista, ja se toteaa nimenomaisesti, ettei sill\u00e4 ole toimivaltaa t\u00e4ss\u00e4 asiassa.<\/li>\n<li>  WCO:n viralliset kielet ovat englanti ja ranska.<\/li>\n<li>  WCO:n toiminta rahoitetaan j\u00e4senten vuotuisilla maksuilla sek\u00e4 vapaaehtoisilla maksuilla ja lahjoituksilla.<\/li>\n<li>  WCO on ollut vastuussa useista tullis\u00e4\u00e4d\u00f6ksist\u00e4, kuten harmonoitua tavarankuvaus- ja koodausj\u00e4rjestelm\u00e4\u00e4 koskevasta kansainv\u00e4lisest\u00e4 yleissopimuksesta.<\/li>\n<\/ul>\n<p><strong>Maailman tullij\u00e4rjest\u00f6n profiili:<\/strong><\/p>\n<p>WCO kutsuu itse\u00e4\u00e4n tulliyhteis\u00f6n \u00e4\u00e4nenkannattajaksi ja on ainoa kansainv\u00e4linen j\u00e4rjest\u00f6, jolla on toimivaltaa tulliasioissa. T\u00e4m\u00e4n vuoksi se on keskeinen tekij\u00e4 laillisen kansainv\u00e4lisen kaupan kasvattamisessa sek\u00e4 petosten ja varkauksien torjuntatoimenpiteiden kehitt\u00e4misess\u00e4. <\/p>\n<p>WCO:n tarkoituksena on vahvistaa tullihallintojen ja niiden kumppaneiden v\u00e4lisi\u00e4 yhteyksi\u00e4 vahvan ja avoimen tulliymp\u00e4rist\u00f6n luomiseksi. <\/p>\n<p>Se on my\u00f6s asettanut etusijalle yhteiskunnan ja kansallisen alueen suojelun tukemisen sek\u00e4 kansainv\u00e4lisen kaupan turvaamisen ja helpottamisen erityisesti maailmanlaajuisen terrorismin aiheuttamien uhkien edess\u00e4. <\/p>\n<p>WCO uskoo, ett\u00e4 rajat jakavat, mutta tullit yhdist\u00e4v\u00e4t. Se kuvaa visiotaan \"dynaamisesti johtavaksi nykyaikaistamiseksi ja yhdistett\u00e4vyydeksi nopeasti muuttuvassa maailmassa\", ja sen teht\u00e4v\u00e4n\u00e4 on tarjota johtajuutta, ohjausta ja tukea tullihallintoja laillisen kaupan turvaamiseksi ja helpottamiseksi, tulojen realisoimiseksi, yhteiskunnan suojelemiseksi ja valmiuksien kehitt\u00e4miseksi.<\/p>\n<p><strong>J\u00e4senyyskriteerit:<\/strong><\/p>\n<p>WCO:n j\u00e4seni\u00e4 ovat tullihallinnot, joten verkkosivuilla ei ole lueteltu j\u00e4senyyskriteerej\u00e4.<\/p>\n<p><strong>Mielipiteet WCO:sta:<\/strong><\/p>\n<p>WCO on vakiintunut maailmanlaajuinen tullielin, jolla on <a href=\"http:\/\/www.britannica.com\/topic\/World-Customs-Organization\" target=\"_blank\" rel=\"noopener\">merkint\u00e4 Britannican tietosanakirjassa.<\/a>. <a href=\"https:\/\/www.wto.org\/english\/thewto_e\/coher_e\/wto_wco_e.htm\" target=\"_blank\" rel=\"noopener\">Maailman kauppaj\u00e4rjest\u00f6 kuvaa<\/a> WCO:n, jonka kanssa se tekee s\u00e4\u00e4nn\u00f6llisesti yhteisty\u00f6t\u00e4 erityisesti tavaroiden luokittelun alalla. <\/p>\n<p>WCO mainitaan hallitusten verkkosivustoilla, ja sit\u00e4 kuvataan \"johtavaksi toimijaksi kansainv\u00e4lisen kaupan ja turvallisuuden laajentamisessa\", ja sill\u00e4 on selv\u00e4sti tunnustettu kansainv\u00e4linen asema. J\u00e4senist\u00e4 voidaan todeta, ett\u00e4 ne, jotka liittyv\u00e4t j\u00e4seniksi, ilmoittavat siit\u00e4 yleens\u00e4 - esimerkiksi Euroopan unioni, joka ilmoitti, ett\u00e4 <a href=\"http:\/\/ec.europa.eu\/taxation_customs\/common\/international_affairs\/wco\/index_en.htm\" target=\"_blank\" rel=\"noopener\">WCO oli hyv\u00e4ksynyt<\/a> sen j\u00e4senyyshakemus 1. hein\u00e4kuuta 2007 alkaen.<\/p>\n<blockquote><p>kaikki tulliasiat, mukaan lukien maailmanlaajuisten v\u00e4lineiden, standardien ja ty\u00f6kalujen kehitt\u00e4minen, tullimenettelyjen yksinkertaistaminen ja yhdenmukaistaminen, taloudellisen kilpailukyvyn edist\u00e4minen, maailmanlaajuisen toimitusketjun turvallisuus ja helpottaminen, tullivalvonnan ja s\u00e4\u00e4nt\u00f6jen noudattamisen valvonnan tehostaminen, kansanterveyden ja -turvallisuuden suojelu, kansainv\u00e4lisen harmonisoidun tavaranimikkeist\u00f6n yll\u00e4pito, tulojen varmistaminen, tullivalmiuksien kest\u00e4v\u00e4 kehitt\u00e4minen ja tekninen apu sek\u00e4 WTO:n tullausarvoa ja alkuper\u00e4s\u00e4\u00e4nt\u00f6j\u00e4 koskevien sopimusten ja Yhdistyneiden Kansakuntien (YK) vuoden 1972 kontteja koskevan yleissopimuksen hallinnointi.<\/p><\/blockquote>\n<p>- <a href=\"http:\/\/www.basel.int\/Default.aspx?tabid=2935\" target=\"_blank\" rel=\"noopener\">Baselin yleissopimus<\/a><\/p>\n<p><strong>Verkkosivusto:<\/strong> <a href=\"http:\/\/www.wcoomd.org\/\" target=\"_blank\" rel=\"noopener\">http:\/\/www.wcoomd.org\/<\/a><\/p>\n<p><strong>Lis\u00e4tietoja merenkulusta on osoitteessa:<\/strong> <a href=\"https:\/\/moverdb.com\/fi\/konttikuljetukset\/\">2018 Kansainv\u00e4lisen konttikuljetuksen hinnat ja kustannukset<\/a> ja <a href=\"https:\/\/moverdb.com\/fi\/huolitsija\/\">Huolitsijan &amp; NVOCC:n kansainv\u00e4liset kustannukset ja yritykset -opas<\/a><\/p>","protected":false},"excerpt":{"rendered":"<p>The World Customs Organisation (WCO) is an independent intergovernmental body that serves as the voice of the customs community. It was set up to make customs administrations around the world more efficient, coordinated and effective. Key facts about WCO: The WCO has 180 members and these members are customs administrations from all over the world. [&hellip;]<\/p>\n","protected":false},"author":1,"featured_media":0,"parent":0,"menu_order":0,"comment_status":"closed","ping_status":"closed","template":"","meta":{"_genesis_hide_title":false,"_genesis_hide_breadcrumbs":false,"_genesis_hide_singular_image":false,"_genesis_hide_footer_widgets":false,"_genesis_custom_body_class":"","_genesis_custom_post_class":"","_genesis_layout":"","footnotes":""},"class_list":{"0":"post-454","1":"page","2":"type-page","3":"status-publish","5":"entry"},"_links":{"self":[{"href":"https:\/\/moverdb.com\/fi\/wp-json\/wp\/v2\/pages\/454","targetHints":{"allow":["GET"]}}],"collection":[{"href":"https:\/\/moverdb.com\/fi\/wp-json\/wp\/v2\/pages"}],"about":[{"href":"https:\/\/moverdb.com\/fi\/wp-json\/wp\/v2\/types\/page"}],"author":[{"embeddable":true,"href":"https:\/\/moverdb.com\/fi\/wp-json\/wp\/v2\/users\/1"}],"replies":[{"embeddable":true,"href":"https:\/\/moverdb.com\/fi\/wp-json\/wp\/v2\/comments?post=454"}],"version-history":[{"count":7,"href":"https:\/\/moverdb.com\/fi\/wp-json\/wp\/v2\/pages\/454\/revisions"}],"predecessor-version":[{"id":6253,"href":"https:\/\/moverdb.com\/fi\/wp-json\/wp\/v2\/pages\/454\/revisions\/6253"}],"wp:attachment":[{"href":"https:\/\/moverdb.com\/fi\/wp-json\/wp\/v2\/media?parent=454"}],"curies":[{"name":"wp","href":"https:\/\/api.w.org\/{rel}","templated":true}]}}