{"id":453,"date":"2016-07-03T20:16:06","date_gmt":"2016-07-03T20:16:06","guid":{"rendered":"http:\/\/moverdb.com\/?page_id=453"},"modified":"2026-01-08T15:20:54","modified_gmt":"2026-01-08T15:20:54","slug":"international-chamber-shipping","status":"publish","type":"page","link":"https:\/\/moverdb.com\/fi\/international-chamber-shipping\/","title":{"rendered":"Kansainv\u00e4linen merenkulkukamari (ICS) selitettyin\u00e4"},"content":{"rendered":"<p>Kansainv\u00e4linen merenkulkukamari (International Chamber of Shipping, ICS) on ammattij\u00e4rjest\u00f6, joka edustaa varustamoja ja laivayhti\u00f6it\u00e4 kansallisten varustamoyhdistysten kautta. <\/p>\n<p>Sen tavoitteena on edist\u00e4\u00e4 j\u00e4sentens\u00e4 etuja kaikissa alusten toimintaan ja merenkulkupolitiikkaan liittyviss\u00e4 kysymyksiss\u00e4.<\/p>\n<p><strong>T\u00e4rkeimm\u00e4t tiedot Kansainv\u00e4lisest\u00e4 merenkulkukamarista:<\/strong><\/p>\n<ul>\n<li>  ICS:n j\u00e4sen <a href=\"https:\/\/moverdb.com\/fi\/laivayhtiot\/\">varustamot<\/a> liikenn\u00f6iv\u00e4t yli 80% maailman kauppalaivaston tonnistosta.<\/li>\n<li>  ICS:n j\u00e4senin\u00e4 on Aasian, Euroopan ja Amerikan kansallisia varustamoyhdistyksi\u00e4.<\/li>\n<li>  ICS perustettiin vuonna 1921.<\/li>\n<li>  ICS:ll\u00e4 on 36 j\u00e4sent\u00e4 ja 11 liit\u00e4nn\u00e4isj\u00e4sent\u00e4.<\/li>\n<li>  ICS:n toimipaikka on <a href=\"https:\/\/moverdb.com\/fi\/moving-to-london\/\">Lontoo<\/a>.<\/li>\n<li>  ICS on ainutlaatuinen, koska toisin kuin muut <a href=\"https:\/\/moverdb.com\/fi\/container-shipping\/\" data-internallinksmanager029f6b8e52c=\"3\" title=\"Kansainv\u00e4lisen konttikuljetuksen hinnat: huhtikuu 2026\">kansainv\u00e4linen merenkulku<\/a> se edustaa alan kaikkien eri toimialojen etuja maailmanlaajuisesti matkustaja-alusten operaattoreista s\u00e4ili\u00f6alusten operaattoreihin.<\/li>\n<li>  ICS on ICS:n neuvoa-antava elin. <a href=\"https:\/\/moverdb.com\/fi\/international-maritime-organisation\/\" data-internallinksmanager029f6b8e52c=\"24\" title=\"Kansainv\u00e4linen merenkulkuj\u00e4rjest\u00f6 (IMO)\">Kansainv\u00e4linen merenkulkuj\u00e4rjest\u00f6<\/a>, Yhdistyneiden Kansakuntien virasto, joka vastaa ihmishengen turvallisuudesta merell\u00e4 ja meriymp\u00e4rist\u00f6n suojelusta.<\/li>\n<li>  ICS k\u00e4sittelee merenkulkualan s\u00e4\u00e4ntelyyn, toimintaan ja lains\u00e4\u00e4d\u00e4nt\u00f6\u00f6n liittyvi\u00e4 kysymyksi\u00e4.<\/li>\n<\/ul>\n<p><strong>ICS-profiili:<\/strong><\/p>\n<p>ICS edustaa j\u00e4seni\u00e4\u00e4n useissa merenkulkuun vaikuttavissa hallitustenv\u00e4lisiss\u00e4 s\u00e4\u00e4ntelyelimiss\u00e4, kuten Kansainv\u00e4lisess\u00e4 merenkulkuj\u00e4rjest\u00f6ss\u00e4. <\/p>\n<p>Se on my\u00f6s tietol\u00e4hde j\u00e4senille ja on kehitt\u00e4nyt alan toimijoille ohjeita ja parhaita k\u00e4yt\u00e4nt\u00f6j\u00e4 - n\u00e4it\u00e4 resursseja tarjotaan ilmaiseksi alan varustamoille ja j\u00e4senille. <\/p>\n<p>Sen teht\u00e4v\u00e4n\u00e4 on pyrki\u00e4 maailmanlaajuiseen merenkulkualaan, joka toimii korkeiden standardien mukaisesti, asettaa etusijalle turvallisen merenkulun ja ymp\u00e4rist\u00f6nsuojelun. <\/p>\n<p>Vaikka se perustettiin p\u00e4\u00e4asiassa edist\u00e4m\u00e4\u00e4n merenkulkualan toimijoita, sen yhten\u00e4 tavoitteena on my\u00f6s tehd\u00e4 yhteisty\u00f6t\u00e4 muiden sek\u00e4 valtiollisten ett\u00e4 valtiosta riippumattomien j\u00e4rjest\u00f6jen kanssa, jotta merenkulkualasta saataisiin tehokkaampi ja turvallisempi paikka.<\/p>\n<p><strong>J\u00e4senvarustamot (koon mukaan):<\/strong><\/p>\n<ul>\n<li> <a href=\"https:\/\/moverdb.com\/fi\/maersk\/\">Maersk Line<\/a><\/li>\n<li> <a href=\"https:\/\/moverdb.com\/fi\/mediterranean-shipping-company\/\">V\u00e4limeren laivayhti\u00f6 (MSC)<\/a><\/li>\n<\/ul>\n<p><strong>J\u00e4senyyskriteerit:<\/strong><\/p>\n<p>ICS:n j\u00e4seni\u00e4 ovat <a href=\"https:\/\/moverdb.com\/fi\/huolitsija\/\">alusten omistajat ja liikenteenharjoittajat<\/a> eri puolilta maailmaa, joita edustavat kansalliset varustamoyhdistykset. Yhdistykset ovat j\u00e4senyyden haltijoita, joten yksitt\u00e4iset varustamot ja liikenteenharjoittajat eiv\u00e4t voi hakea j\u00e4senyytt\u00e4. <\/p>\n<p>T\u00e4m\u00e4n vuoksi verkkosivuilla ei ole j\u00e4senyyskriteereit\u00e4.<\/p>\n<p><strong>Mielipiteit\u00e4 Kansainv\u00e4lisest\u00e4 merenkulkukamarista:<\/strong><\/p>\n<p>ICS:\u00e4\u00e4 siteerataan useissa alan julkaisuissa, joissa kommentoidaan p\u00e4iv\u00e4n kysymyksi\u00e4, kuten hiilidioksidip\u00e4\u00e4st\u00f6jen v\u00e4hent\u00e4mist\u00e4. Se mainitaan j\u00e4sentens\u00e4, kuten ICS:n, verkkosivustoilla. <a href=\"https:\/\/www.ukchamberofshipping.com\/about-us\/our-partners\/international-chamber-shipping\/\" target=\"_blank\" rel=\"noopener\">Yhdistyneen kuningaskunnan merenkulkukamari<\/a>. <\/p>\n<p>Verkossa olevissa asiakirjoissa ICS kommentoi maailmanlaajuisia kysymyksi\u00e4, kuten verosopimuksia, ja siell\u00e4 on my\u00f6s seuraavat tiedot <a href=\"http:\/\/www.allaboutshipping.co.uk\/category\/associations\/international-chamber-of-shipping\/\" target=\"_blank\" rel=\"noopener\">tapahtumien kattavuus<\/a> kuten <a href=\"http:\/\/www.imo.org\/en\/MediaCentre\/SecretaryGeneral\/SpeechesByTheSecretaryGeneral\/Pages\/ICS2012.aspx\" target=\"_blank\" rel=\"noopener\">Kansainv\u00e4lisen merenkulkukamarin konferenssi<\/a> Kansainv\u00e4lisen merenkulkuj\u00e4rjest\u00f6n p\u00e4\u00e4sihteeri Koji Sekimizu kuvaili ICS:\u00e4\u00e4 seuraavasti <em>\"yksi monista valtioista riippumattomista j\u00e4rjest\u00f6ist\u00e4, jotka edustavat merenkulkualaa IMO:ssa, ja sill\u00e4 on yksi pisimmist\u00e4 sukujuurista.\"<\/em> <\/p>\n<p>Muissa verkkol\u00e4hteiss\u00e4 ICS:\u00e4\u00e4 kutsutaan \"maailman tunnetuimmaksi varustamoyhdistykseksi\". ICS:n uskottavuus k\u00e4y ilmi julkaisuista, joissa sen nimi esiintyy, sen yhteyksist\u00e4 muihin elimiin ja siit\u00e4, millaisiin kysymyksiin sit\u00e4 pyydet\u00e4\u00e4n ottamaan kantaa.<\/p>\n<blockquote><p>Kansainv\u00e4linen merenkulkukamari (International Chamber of Shipping, ICS) on kauppalaivanvarustajien ja -operaattoreiden t\u00e4rkein kansainv\u00e4linen ammattiyhdistys, joka edustaa kaikkia aloja ja toimialoja (muun muassa s\u00e4ili\u00f6aluksia, irtolastialuksia, konttialuksia, yleislastialuksia, erikoisaluksia ja matkustaja-aluksia) merenkulkuun vaikuttavissa hallitustenv\u00e4lisiss\u00e4 elimiss\u00e4. ICS:n j\u00e4senin\u00e4 on kansallisia varustamoyhdistyksi\u00e4 35 maasta, jotka edustavat yli 80% maailman kauppalaivastosta.<\/p><\/blockquote>\n<p><a href=\"http:\/\/www.oecd.org\/tax\/treaties\/ics-comments-discussion-draft-mtc-international-traffic.pdf\" target=\"_blank\" rel=\"noopener\">OECD<\/a><\/p>\n<p><strong>Verkkosivusto:<\/strong> <a href=\"http:\/\/www.ics-shipping.org\/\" target=\"_blank\" rel=\"noopener\">http:\/\/www.ics-shipping.org\/<\/a><\/p>\n<p><strong>Lis\u00e4tietoja merenkulusta on osoitteessa:<\/strong> <a href=\"https:\/\/moverdb.com\/fi\/konttikuljetukset\/\">2018 Kansainv\u00e4lisen konttikuljetuksen hinnat ja kustannukset<\/a> ja <a href=\"https:\/\/moverdb.com\/fi\/huolitsija\/\">Huolitsijan &amp; NVOCC:n kansainv\u00e4liset kustannukset ja yritykset -opas<\/a><\/p>","protected":false},"excerpt":{"rendered":"<p>The International Chamber of Shipping (ICS) is a trade association that represents ship owners and ship operators via national shipowners associations. Its aim is to promote the interests of its members throughout all issues of ship operation and also shipping policy. Key facts about the International Chamber of Shipping: ICS member shipping companies operate over [&hellip;]<\/p>\n","protected":false},"author":1,"featured_media":0,"parent":0,"menu_order":0,"comment_status":"closed","ping_status":"closed","template":"","meta":{"_genesis_hide_title":false,"_genesis_hide_breadcrumbs":false,"_genesis_hide_singular_image":false,"_genesis_hide_footer_widgets":false,"_genesis_custom_body_class":"","_genesis_custom_post_class":"","_genesis_layout":"","footnotes":""},"class_list":{"0":"post-453","1":"page","2":"type-page","3":"status-publish","5":"entry"},"_links":{"self":[{"href":"https:\/\/moverdb.com\/fi\/wp-json\/wp\/v2\/pages\/453","targetHints":{"allow":["GET"]}}],"collection":[{"href":"https:\/\/moverdb.com\/fi\/wp-json\/wp\/v2\/pages"}],"about":[{"href":"https:\/\/moverdb.com\/fi\/wp-json\/wp\/v2\/types\/page"}],"author":[{"embeddable":true,"href":"https:\/\/moverdb.com\/fi\/wp-json\/wp\/v2\/users\/1"}],"replies":[{"embeddable":true,"href":"https:\/\/moverdb.com\/fi\/wp-json\/wp\/v2\/comments?post=453"}],"version-history":[{"count":10,"href":"https:\/\/moverdb.com\/fi\/wp-json\/wp\/v2\/pages\/453\/revisions"}],"predecessor-version":[{"id":6245,"href":"https:\/\/moverdb.com\/fi\/wp-json\/wp\/v2\/pages\/453\/revisions\/6245"}],"wp:attachment":[{"href":"https:\/\/moverdb.com\/fi\/wp-json\/wp\/v2\/media?parent=453"}],"curies":[{"name":"wp","href":"https:\/\/api.w.org\/{rel}","templated":true}]}}