{"id":452,"date":"2016-07-03T20:39:16","date_gmt":"2016-07-03T20:39:16","guid":{"rendered":"http:\/\/moverdb.com\/?page_id=452"},"modified":"2026-01-08T15:30:42","modified_gmt":"2026-01-08T15:30:42","slug":"world-shipping-council","status":"publish","type":"page","link":"https:\/\/moverdb.com\/fi\/world-shipping-council\/","title":{"rendered":"Maailman merenkulkuj\u00e4rjest\u00f6 (WSC) selitetty"},"content":{"rendered":"<p>Maailman merenkulkuneuvosto (World Shipping Council, WSC) edustaa linjaliikennett\u00e4. Se perustettiin alun perin suurimpien linjaliikenneyritysten edunvalvontaryhm\u00e4ksi, ja siit\u00e4 on tullut teollisuuden ja hallitusten neuvonantaja niinkin erilaisissa aiheissa kuin turvallisuus- ja ymp\u00e4rist\u00f6kysymyksiss\u00e4.<\/p>\n<p><strong>WSC:n t\u00e4rkeimm\u00e4t tiedot<\/strong><\/p>\n<ul>\n<li>  WSC:ss\u00e4 on 26 j\u00e4sent\u00e4.<\/li>\n<li>  WSC:n j\u00e4senet liikenn\u00f6iv\u00e4t noin 90 prosenttia maailman linjaliikennelaivojen kapasiteetista.<\/li>\n<li>  N\u00e4ill\u00e4 palveluilla kuljetetaan noin 60 prosenttia maailman meriliikenteen arvosta ja yli 60 prosenttia maailmankaupan arvosta. <a href=\"https:\/\/moverdb.com\/fi\/moving-to-the-united-states\/\" data-internallinksmanager029f6b8e52c=\"94\" title=\"Muutatko Yhdysvaltoihin? 2022 Elinkustannukset ja muuttovinkit\">US<\/a>$ 4 biljoonan tavaran arvosta vuosittain.<\/li>\n<li>  WSC on linjaliikenneteollisuuden maailmanlaajuinen edustaja.<\/li>\n<li>  WSC:n perustivat vuonna 2000 merkitt\u00e4vimpien suurten linjaliikennett\u00e4 harjoittavien yritysten toimitusjohtajat. <a href=\"https:\/\/moverdb.com\/fi\/laivayhtiot\/\">varustamot<\/a>.<\/li>\n<li>  Vuonna 2009 WSC:lle my\u00f6nnettiin neuvoa-antava asema YK:n yleiskokouksessa. <a href=\"https:\/\/moverdb.com\/fi\/international-maritime-organisation\/\" data-internallinksmanager029f6b8e52c=\"24\" title=\"Kansainv\u00e4linen merenkulkuj\u00e4rjest\u00f6 (IMO)\">Kansainv\u00e4linen merenkulkuj\u00e4rjest\u00f6<\/a>.<\/li>\n<li>  WSC:n toimipaikka on <a href=\"https:\/\/moverdb.com\/fi\/muutto-washingtoniin\/\">Washington, DC<\/a>.<\/li>\n<li>  WSC:n j\u00e4seni\u00e4 on kaikkialta maailmasta, seuraavilta alueilta <a href=\"https:\/\/moverdb.com\/fi\/moving-to-china\/\" data-internallinksmanager029f6b8e52c=\"357\" title=\"Muutatko Kiinaan? 2023 Elinkustannukset ja muuttovinkit\">Kiina<\/a> Amerikkaan.<\/li>\n<\/ul>\n<p><strong>Maailman merenkulkuneuvoston profiili:<\/strong><\/p>\n<p>WSC on alan elin, jonka linjaliikenteen johtavat toimijat kehittiv\u00e4t vuonna 2000. Sill\u00e4 on ollut keskeinen rooli linjaliikennealan kannalta keskeisiss\u00e4 hetkiss\u00e4, kuten ty\u00f6skentelyss\u00e4 maailmanlaajuisten hallitusten ja j\u00e4rjest\u00f6jen kanssa sellaisten lakien, asetusten ja ohjelmien kehitt\u00e4miseksi, joiden tarkoituksena on parantaa kansainv\u00e4lisen meriliikenteen turvallisuutta vuoden 2001 terrori-iskujen j\u00e4lkeen. <\/p>\n<p>WSC:n p\u00e4\u00e4teht\u00e4v\u00e4n\u00e4 on k\u00e4sitell\u00e4 kauppaa, turvallisuutta ja tullia koskevia kysymyksi\u00e4, jotka vaikuttavat itse alaan ja sen vaikutukseen koko maailmaan. Viime vuosina se on alkanut keskitty\u00e4 my\u00f6s ymp\u00e4rist\u00f6kysymyksiin. <\/p>\n<p>WSC:t\u00e4 pidet\u00e4\u00e4n sek\u00e4 teollisuuden ett\u00e4 hallitusten arvostettuna neuvonantajana - sille on esimerkiksi my\u00f6nnetty neuvoa-antava asema Kansainv\u00e4lisess\u00e4 merenkulkuj\u00e4rjest\u00f6ss\u00e4. Se osallistuu my\u00f6s aktiivisesti poliittisiin keskusteluihin, jos niill\u00e4 on vaikutusta linjaliikenneteollisuuteen.<\/p>\n<p><strong>J\u00e4senyritykset koon mukaan:<\/strong><\/p>\n<ul>\n<li> <a href=\"https:\/\/moverdb.com\/fi\/cma-cgm\/\">CMA CGM Group<\/a><\/li>\n<li> <a href=\"https:\/\/moverdb.com\/fi\/hapag-lloyd\/\">Hapag-Lloyd<\/a><\/li>\n<li> <a href=\"https:\/\/moverdb.com\/fi\/evergreen-marine\/\">Evergreen Marine<\/a><\/li>\n<li> <a href=\"https:\/\/moverdb.com\/fi\/hamburg-sud\/\">Hamburg S\u00fcd<\/a><\/li>\n<\/ul>\n<p><strong>J\u00e4senyyskriteerit:<\/strong><\/p>\n<p>Sivustolla ei ole lueteltu j\u00e4senyyskriteereit\u00e4. WSC kuvailee j\u00e4seni\u00e4\u00e4n seuraavasti <em>\"He ovat investoineet satoja miljardeja dollareita aluksiin, <a href=\"https:\/\/moverdb.com\/fi\/top-49-container-ports\/\" data-internallinksmanager029f6b8e52c=\"80\" title=\"Top 49 suurinta ja vilkkainta konttisatamaa vuonna 2025\">satama<\/a> terminaalit, kuljetusyritykset, varastot ja teknologia, jotta voidaan varmistaa, ett\u00e4 turvallisia, luotettavia ja taloudellisia kansainv\u00e4lisi\u00e4 rahtikuljetuksia varten on jatkossakin tarjolla monenlaisia vaihtoehtoja.\"<\/em> <\/p>\n<p>T\u00e4m\u00e4n perusteella on selv\u00e4\u00e4, ett\u00e4 j\u00e4senyys ei ole avoin mille tahansa yritykselle. Edustavia j\u00e4seni\u00e4 ovat muun muassa Hyundai Merchant Marine Company ja United Arab <a href=\"https:\/\/moverdb.com\/fi\/shipping-companies\/\" data-internallinksmanager029f6b8e52c=\"4\" title=\"Top 10 kansainv\u00e4list\u00e4 konttikuljetusyrityst\u00e4\">Laivayhti\u00f6<\/a>.<\/p>\n<p>J\u00e4senyytt\u00e4 tiedusteleville on annettu yhteystietos\u00e4hk\u00f6postiosoite, jota voisi k\u00e4ytt\u00e4\u00e4: info@worldshipping.org.<\/p>\n<p><strong>Mielipiteet WSC:st\u00e4:<\/strong><\/p>\n<p>WSC on <a href=\"http:\/\/www.iims.org.uk\/world-shipping-council-advises-prepare-container-weight-verification\/\" target=\"_blank\" rel=\"noopener\">lainattu uutisissa<\/a> on selv\u00e4sti arvostettu organisaatio, joka toimii viestint\u00e4kanavana lains\u00e4\u00e4t\u00e4jien ja teollisuuden v\u00e4lill\u00e4. <\/p>\n<p>Sen ty\u00f6h\u00f6n on kuulunut my\u00f6s auttaa k\u00e4sittelem\u00e4\u00e4n tuleviin lakimuutoksiin liittyv\u00e4\u00e4 sekaannusta ja sujuvoittamaan lains\u00e4\u00e4d\u00e4nn\u00f6n siirtymist\u00e4 kirjoitetusta laista todellisuuteen. <\/p>\n<p>Vaikka j\u00e4senluettelo n\u00e4kyy WSC:n sivustolla, nopea tarkastus parin yrityksen sivustolta paljastaa, ett\u00e4 ne eiv\u00e4t n\u00e4yt\u00e4 n\u00e4kyv\u00e4sti j\u00e4senyytt\u00e4\u00e4n WSC:ss\u00e4. <\/p>\n<p>T\u00e4m\u00e4 johtuu todenn\u00e4k\u00f6isesti siit\u00e4, ett\u00e4 WSC ei ole kaupalliselle verkkosivustolle soveltuva akkreditointi vaan alan elin, jossa kyseisill\u00e4 yrityksill\u00e4 on neuvoa-antava ja konsultoiva rooli.<\/p>\n<p><strong>Verkkosivusto:<\/strong> <a href=\"http:\/\/www.worldshipping.org\/\" target=\"_blank\" rel=\"noopener\">http:\/\/www.worldshipping.org\/<\/a><\/p>\n<p><strong>Lis\u00e4tietoja merenkulusta on osoitteessa:<\/strong> <a href=\"https:\/\/moverdb.com\/fi\/konttikuljetukset\/\">2018 Kansainv\u00e4lisen konttikuljetuksen hinnat ja kustannukset<\/a> ja <a href=\"https:\/\/moverdb.com\/fi\/huolitsija\/\">Huolitsijan &amp; NVOCC:n kansainv\u00e4liset kustannukset ja yritykset -opas<\/a><\/p>","protected":false},"excerpt":{"rendered":"<p>The World Shipping Council (WSC) provides a voice for the liner shipping industry. It was initially established as a lobbying group for the biggest liner shipping businesses and has become an advisor to industry and government on topics as varied as security and environmental issues. Key facts about the WSC The WSC has 26 members. [&hellip;]<\/p>\n","protected":false},"author":1,"featured_media":0,"parent":0,"menu_order":0,"comment_status":"closed","ping_status":"closed","template":"","meta":{"_genesis_hide_title":false,"_genesis_hide_breadcrumbs":false,"_genesis_hide_singular_image":false,"_genesis_hide_footer_widgets":false,"_genesis_custom_body_class":"","_genesis_custom_post_class":"","_genesis_layout":"","footnotes":""},"class_list":{"0":"post-452","1":"page","2":"type-page","3":"status-publish","5":"entry"},"_links":{"self":[{"href":"https:\/\/moverdb.com\/fi\/wp-json\/wp\/v2\/pages\/452","targetHints":{"allow":["GET"]}}],"collection":[{"href":"https:\/\/moverdb.com\/fi\/wp-json\/wp\/v2\/pages"}],"about":[{"href":"https:\/\/moverdb.com\/fi\/wp-json\/wp\/v2\/types\/page"}],"author":[{"embeddable":true,"href":"https:\/\/moverdb.com\/fi\/wp-json\/wp\/v2\/users\/1"}],"replies":[{"embeddable":true,"href":"https:\/\/moverdb.com\/fi\/wp-json\/wp\/v2\/comments?post=452"}],"version-history":[{"count":12,"href":"https:\/\/moverdb.com\/fi\/wp-json\/wp\/v2\/pages\/452\/revisions"}],"predecessor-version":[{"id":6254,"href":"https:\/\/moverdb.com\/fi\/wp-json\/wp\/v2\/pages\/452\/revisions\/6254"}],"wp:attachment":[{"href":"https:\/\/moverdb.com\/fi\/wp-json\/wp\/v2\/media?parent=452"}],"curies":[{"name":"wp","href":"https:\/\/api.w.org\/{rel}","templated":true}]}}