{"id":451,"date":"2016-07-04T14:16:48","date_gmt":"2016-07-04T14:16:48","guid":{"rendered":"http:\/\/moverdb.com\/?page_id=451"},"modified":"2026-01-08T14:39:55","modified_gmt":"2026-01-08T14:39:55","slug":"international-maritime-organisaatio","status":"publish","type":"page","link":"https:\/\/moverdb.com\/fi\/international-maritime-organisation\/","title":{"rendered":"Kansainv\u00e4linen merenkulkuj\u00e4rjest\u00f6 (IMO)"},"content":{"rendered":"<p>Kansainv\u00e4linen merenkulkuj\u00e4rjest\u00f6 (IMO) on YK:n virasto, joka toimii <a href=\"https:\/\/moverdb.com\/fi\/moving-to-the-uk\/\" data-internallinksmanager029f6b8e52c=\"93\" title=\"Muutatko Yhdistyneeseen kuningaskuntaan? 2022 Elinkustannukset ja muuttovinkit\">UK<\/a>, joka vastaa merenkulun s\u00e4\u00e4ntelyst\u00e4. Se kuvailee itse\u00e4\u00e4n maailmanlaajuiseksi standardisoimisviranomaiseksi, joka asettaa standardeja alusten turvallisuudelle, turvatoimille ja ymp\u00e4rist\u00f6nsuojelulle. <a href=\"https:\/\/moverdb.com\/fi\/konttikuljetukset\/\">kansainv\u00e4linen merenkulku<\/a>.<\/p>\n<p><strong>Keskeist\u00e4 tietoa Kansainv\u00e4lisest\u00e4 merenkulkuj\u00e4rjest\u00f6st\u00e4<\/strong><\/p>\n<ul>\n<li>  IMO:ssa on 171 j\u00e4senvaltiota ja kolme liit\u00e4nn\u00e4isj\u00e4sent\u00e4.<\/li>\n<li>  IMO on vuonna 1948 perustettu YK:n j\u00e4rjest\u00f6, joka aloitti toimintansa kymmenen vuotta my\u00f6hemmin.<\/li>\n<li>  Useimmat j\u00e4senvaltiot, jotka eiv\u00e4t ole IMO:n j\u00e4seni\u00e4, ovat sis\u00e4maavaltioita, jotka eiv\u00e4t ole kiinnostuneita merenkulusta tai osallistu siihen.<\/li>\n<li>  IMO:n kolme assosiaatioj\u00e4sent\u00e4 ovat F\u00e4rsaaret, <a href=\"https:\/\/moverdb.com\/fi\/moving-to-hong-kong\/\" data-internallinksmanager029f6b8e52c=\"350\" title=\"Muutatko Hongkongiin? 2023 Elinkustannukset ja muuttovinkit\">Hong Kong<\/a> ja Macao.<\/li>\n<li>  Kansainv\u00e4linen yleissopimus ihmishengen turvallisuudesta merell\u00e4 on yksi IMO:n tunnetuimmista oikeudellisista v\u00e4lineist\u00e4.<\/li>\n<li>  <a href=\"https:\/\/moverdb.com\/fi\/container-shipping\/\" data-internallinksmanager029f6b8e52c=\"3\" title=\"Kansainv\u00e4lisen konttikuljetuksen hinnat: huhtikuu 2026\">Kansainv\u00e4linen merenkulku<\/a> kuljettaa yli 80% maailmankaupasta ihmisille ja yhteis\u00f6ille kaikkialla maailmassa.<\/li>\n<li>  IMO:n toimivalta kattaa kaikki kansainv\u00e4lisen merenkulun n\u00e4k\u00f6kohdat, mukaan lukien alusten suunnittelu, rakentaminen, varusteet, miehitys, k\u00e4ytt\u00f6 ja h\u00e4vitt\u00e4minen.<\/li>\n<li>  Neuvosto voi yleiskokouksen suostumuksella my\u00f6nt\u00e4\u00e4 neuvoa-antavan aseman valtiosta riippumattomille kansainv\u00e4lisille j\u00e4rjest\u00f6ille, joilla on valmiudet antaa merkitt\u00e4v\u00e4 panos IMOn ty\u00f6h\u00f6n.<\/li>\n<\/ul>\n<p><strong>IMO-profiili<\/strong><\/p>\n<p>IMO on YK:n alainen maailmanlaajuinen j\u00e4rjest\u00f6. Se koostuu yleiskokouksesta, neuvostosta ja viidest\u00e4 p\u00e4\u00e4komiteasta: <\/p>\n<ol>\n<li> Meriturvallisuuskomitea<\/li>\n<li> Meriymp\u00e4rist\u00f6n suojelukomitea<\/li>\n<li> Lakivaliokunta<\/li>\n<li> Teknisen yhteisty\u00f6n komitea<\/li>\n<li> Avustuskomitea<\/li>\n<\/ol>\n<p>IMO on ollut vastuussa lukuisista oikeudellisista v\u00e4lineist\u00e4, joiden tarkoituksena on parantaa meriturvallisuutta, parantaa merenkulkuvaltioiden v\u00e4list\u00e4 kauppaa ja suojella meriymp\u00e4rist\u00f6\u00e4. <\/p>\n<p>Sen lis\u00e4ksi, ett\u00e4 IMO tarkastelee merenkulkualaa nykyisess\u00e4 muodossaan, se osallistuu my\u00f6s merenkulkualan turvallisen, ymp\u00e4rist\u00f6yst\u00e4v\u00e4llisen ja energiatehokkaan tulevaisuuden varmistamiseen. <\/p>\n<p>On hyvin v\u00e4h\u00e4n asioita, joita IMO ei kata, kuten merenkulkualan inhimilliset tekij\u00e4t, merenkulun turvallisuus ja tekninen yhteisty\u00f6, jonka tarkoituksena on auttaa hallituksia, joilla ei ole teknist\u00e4 tiet\u00e4myst\u00e4 ja resursseja, joita tarvitaan merenkulkualan menestyksekk\u00e4\u00e4seen toimintaan.<\/p>\n<p><strong>J\u00e4senyyskriteerit <\/strong><\/p>\n<p>J\u00e4senyys perustuu valtioihin. IMO:n j\u00e4seneksi liittyminen edellytt\u00e4\u00e4, ett\u00e4 valtio ratifioi monenv\u00e4lisen sopimuksen, joka tunnetaan nimell\u00e4 Kansainv\u00e4lisen merenkulkuj\u00e4rjest\u00f6n yleissopimus.<\/p>\n<p><strong>Mielipiteet IMO:sta:<\/strong><\/p>\n<p>IMO on maailmanlaajuisesti <a href=\"http:\/\/www.unsceb.org\/content\/imo\" target=\"_blank\" rel=\"noopener\">tunnettu organisaatio<\/a> jolla on tunnustettu asema. Se on hyvin n\u00e4kyv\u00e4 ja voimakas voima merenkulkualalla. Internetiss\u00e4 IMO:ta koskevassa tiedottamisessa keskityt\u00e4\u00e4n sen rooliin hallitusten v\u00e4lisen yhteisty\u00f6n edist\u00e4misess\u00e4 sek\u00e4 merenkulkua koskevien kansainv\u00e4listen konferenssien koollekutsumiseen ja kansainv\u00e4listen yleissopimusten tai sopimusten laatimiseen. <\/p>\n<p>Sen merkityst\u00e4 turvallisuudelle korostetaan my\u00f6s niiss\u00e4 kohdissa, joissa se mainitaan. Koska IMO:n j\u00e4senyys on valtiokohtainen, sit\u00e4 ei mainita yksitt\u00e4isten yritysten verkkosivuilla, mutta se esiintyy usein seuraavissa asiakirjoissa. <a href=\"http:\/\/www.britannica.com\/topic\/International-Maritime-Organization\" target=\"_blank\" rel=\"noopener\">verkkotietosanakirjat<\/a> ja verkkosivut, jotka kuvaavat YK:n rakennetta.<\/p>\n<p><strong>Verkkosivusto:<\/strong> <a href=\"http:\/\/www.imo.org\/en\/Pages\/Default.aspx\" target=\"_blank\" rel=\"noopener\">http:\/\/www.imo.org\/<\/a><\/p>\n<p><strong>Lis\u00e4tietoja merenkulusta on osoitteessa:<\/strong> <a href=\"https:\/\/moverdb.com\/fi\/konttikuljetukset\/\">2018 Kansainv\u00e4lisen konttikuljetuksen hinnat ja kustannukset<\/a> ja <a href=\"https:\/\/moverdb.com\/fi\/huolitsija\/\">Huolitsijan &amp; NVOCC:n kansainv\u00e4liset kustannukset ja yritykset -opas<\/a><\/p>","protected":false},"excerpt":{"rendered":"<p>The International Maritime Organisation (IMO) is a UN agency, based in the UK, which is responsible for regulating shipping. It describes itself as the global standard-setting authority for the safety, security and environmental performance of international shipping. Key facts about the International Maritime Organisation The IMO has 171 Member States and three Associate Members. The [&hellip;]<\/p>\n","protected":false},"author":1,"featured_media":0,"parent":0,"menu_order":0,"comment_status":"closed","ping_status":"closed","template":"","meta":{"_genesis_hide_title":false,"_genesis_hide_breadcrumbs":false,"_genesis_hide_singular_image":false,"_genesis_hide_footer_widgets":false,"_genesis_custom_body_class":"","_genesis_custom_post_class":"","_genesis_layout":"","footnotes":""},"class_list":{"0":"post-451","1":"page","2":"type-page","3":"status-publish","5":"entry"},"_links":{"self":[{"href":"https:\/\/moverdb.com\/fi\/wp-json\/wp\/v2\/pages\/451","targetHints":{"allow":["GET"]}}],"collection":[{"href":"https:\/\/moverdb.com\/fi\/wp-json\/wp\/v2\/pages"}],"about":[{"href":"https:\/\/moverdb.com\/fi\/wp-json\/wp\/v2\/types\/page"}],"author":[{"embeddable":true,"href":"https:\/\/moverdb.com\/fi\/wp-json\/wp\/v2\/users\/1"}],"replies":[{"embeddable":true,"href":"https:\/\/moverdb.com\/fi\/wp-json\/wp\/v2\/comments?post=451"}],"version-history":[{"count":6,"href":"https:\/\/moverdb.com\/fi\/wp-json\/wp\/v2\/pages\/451\/revisions"}],"predecessor-version":[{"id":13163,"href":"https:\/\/moverdb.com\/fi\/wp-json\/wp\/v2\/pages\/451\/revisions\/13163"}],"wp:attachment":[{"href":"https:\/\/moverdb.com\/fi\/wp-json\/wp\/v2\/media?parent=451"}],"curies":[{"name":"wp","href":"https:\/\/api.w.org\/{rel}","templated":true}]}}