{"id":450,"date":"2016-06-21T21:08:23","date_gmt":"2016-06-21T21:08:23","guid":{"rendered":"http:\/\/moverdb.com\/?page_id=450"},"modified":"2026-01-08T15:20:26","modified_gmt":"2026-01-08T15:20:26","slug":"ngrs","status":"publish","type":"page","link":"https:\/\/moverdb.com\/fi\/ngrs\/","title":{"rendered":"National Guild of Removers and Storers (NGRS) selitetty."},"content":{"rendered":"<p>National Guild of Removers and Storers (NGRS) on perustettu s\u00e4\u00e4ntelem\u00e4\u00e4n muutto- ja varastointialaa. <a href=\"https:\/\/moverdb.com\/fi\/moving-to-the-uk\/\" data-internallinksmanager029f6b8e52c=\"93\" title=\"Muutatko Yhdistyneeseen kuningaskuntaan? 2022 Elinkustannukset ja muuttovinkit\">UK<\/a>. <\/p>\n<p>Sill\u00e4 on k\u00e4yt\u00e4nnes\u00e4\u00e4nn\u00f6t, ja se on osa <a href=\"https:\/\/moverdb.com\/fi\/rios\/\">Muuttoalan oikeusasiamiesj\u00e4rjestelm\u00e4<\/a>, jonka avulla kuluttajat voivat tehd\u00e4 valituksia huonoista kokemuksista.<\/p>\n<p><strong>T\u00e4rkeimm\u00e4t tiedot NGRS:st\u00e4:<\/strong><\/p>\n<ul>\n<li>  Killan <em>'Vuosittainen sertifikaatti erinomaisuudesta'<\/em> my\u00f6nnet\u00e4\u00e4n niille j\u00e4senille, jotka saavat jatkuvasti erinomaisia arvioita kyselylomakepalautteissaan.<\/li>\n<li>  NGRS on k\u00e4ynnist\u00e4nyt j\u00e4rjestelm\u00e4n, jonka avulla sen j\u00e4senet voivat tarjota asiakkailleen korotonta luottoa muuton maksuv\u00e4lineeksi.<\/li>\n<li>  Kahdessa viimeisimm\u00e4ss\u00e4 ammattij\u00e4rjest\u00f6j\u00e4 koskevassa tutkimuksessaan (1996 ja 2003) Which? Magazine arvioi National Guild Of Removers &amp; Storers -yhdistyksen yhdeksi Yhdistyneen kuningaskunnan parhaista ammattij\u00e4rjest\u00f6ist\u00e4 kuluttajansuojan alalla.<\/li>\n<li>  NGRS palvelee vain Yhdistyneess\u00e4 kuningaskunnassa toimivia j\u00e4seni\u00e4.<\/li>\n<li>  J\u00e4senten suoritusta seurataan kyselylomakekorttien avulla, jotka jaetaan asiakkaalle muuttop\u00e4iv\u00e4n\u00e4. N\u00e4m\u00e4 lomakkeet toimitetaan suoraan NGRS:lle, ei muuttajalle, ja niiden tarkoituksena on seurata jatkuvasti ja riippumattomasti j\u00e4senten palvelutasoa. Viimeisimpien julkaistujen lukujen mukaan (huhtikuun 2016 loppuun menness\u00e4) yli 98% oli saatu tyytyv\u00e4isilt\u00e4 asiakkailta.<\/li>\n<li>  J\u00e4senten on tilattava <a href=\"https:\/\/moverdb.com\/fi\/rios\/\" data-internallinksmanager029f6b8e52c=\"75\" title=\"Muuttoalan oikeusasiamiesj\u00e4rjestelm\u00e4 (RIOS) selitetty\">Muuttoalan oikeusasiamiesj\u00e4rjestelm\u00e4<\/a> - kaikki t\u00e4st\u00e4 johtuvat p\u00e4\u00e4t\u00f6kset sitovat heit\u00e4.<\/li>\n<\/ul>\n<p><strong>National Guild of Removers and Storers -profiili:<\/strong><\/p>\n<p>Kuluttajansuoja on NGRS:n p\u00e4\u00e4tavoite - kilta pyrkii parantamaan alan laatustandardeja, suojelemaan tavaroita kuljetuksen aikana ja parantamaan asiakaskokemuksia. J\u00e4senten on suoritettava seuraavat teht\u00e4v\u00e4t:<\/p>\n<ul>\n<li> Pakollinen j\u00e4senyys muuttoalan oikeusasiamiesj\u00e4rjestelm\u00e4ss\u00e4 (Removals Industry Ombudsman Scheme)<\/li>\n<li> Pakollinen oikeusasiamiesj\u00e4rjestelm\u00e4 Hyv\u00e4ksytty tarkastusohjelma<\/li>\n<li> Oikeusasiamiesj\u00e4rjestelm\u00e4n hyv\u00e4ksytyt k\u00e4yt\u00e4nnes\u00e4\u00e4nn\u00f6t<\/li>\n<li> Oikeusasiamiesj\u00e4rjestelm\u00e4n hyv\u00e4ksytty laadunvalvontaohjelma<\/li>\n<li> Oikeusasiamiesj\u00e4rjestelm\u00e4n hyv\u00e4ksytty valitusmenettely<\/li>\n<\/ul>\n<p>Yhdess\u00e4 niiden tarkoituksena on asettaa standardit, valvoa alalla toimivia ja tarjota asiakkaille riippumaton valitusmenettely, johon he voivat tarvittaessa turvautua. <\/p>\n<p>K\u00e4yt\u00e4nnes\u00e4\u00e4nt\u00f6ihin sis\u00e4ltyy useita m\u00e4\u00e4r\u00e4yksi\u00e4, kuten p\u00e4\u00e4sy tarkastukseen kerran vuodessa, kirjallisten kustannusarvioiden toimittaminen, valitusten nopea k\u00e4sittely ja todisteiden toimittaminen asianmukaisesta vakuutuksesta.<\/p>\n<p><strong>J\u00e4senyyskriteerit:<\/strong><\/p>\n<p>Sivustolla ei ole j\u00e4senyyskriteereit\u00e4. Sen sijaan siell\u00e4 on yhteystiedot: Puhelin: S\u00e4hk\u00f6posti: info@ngrs.co.uk.<\/p>\n<p><strong>Esimerkki j\u00e4senyrityksist\u00e4<\/strong><\/p>\n<ul>\n<li> <a href=\"https:\/\/moverdb.com\/fi\/movecorp\/\">Movecorp<\/a><\/li>\n<\/ul>\n<p><strong>Mielipiteet NGRS:st\u00e4:<\/strong><\/p>\n<p>NGRS n\u00e4kyy useissa <a href=\"https:\/\/moverdb.com\/fi\/international-removals\/\">Yhdistyneen kuningaskunnan muuttajat<\/a>' sivustoilla, joissa se mainitaan laadun ja palvelun edist\u00e4misen ja asiakkaille mielenrauhan antamisen yhteydess\u00e4. <\/p>\n<p>Huomautetaan, ett\u00e4 NGRS tarkastaa j\u00e4seni\u00e4\u00e4n s\u00e4\u00e4nn\u00f6llisesti ja ett\u00e4 pakollinen osallistuminen muuttovaltuutetun j\u00e4rjestelm\u00e4\u00e4n on asia, joka tarjoaa lis\u00e4suojaa asiakkaille.<\/p>\n<p>Jane Finchin (Professional Movers Associationin toimitusjohtaja) ja NGRS:n v\u00e4lill\u00e4 n\u00e4ytt\u00e4\u00e4 olevan ongelmia, jotka liittyv\u00e4t Finchin esitt\u00e4miin v\u00e4itteisiin siit\u00e4, ett\u00e4 NGRS olisi riidellyt useiden j\u00e4sentens\u00e4 kanssa. NGRS on <a href=\"http:\/\/www.tradestorage.co.uk\/setrecord.htm\" target=\"_blank\" rel=\"noopener\">kuvaili t\u00e4t\u00e4 seuraavasti<\/a> <em>\"Killan vastaista propagandaa.\" <\/em><\/p>\n<p>On kuitenkin joitakin <a href=\"http:\/\/www.swindonadvertiser.co.uk\/news\/11601604.Luckes_Removals_firm_must__cough_up___50_000_for_website_error\/\" target=\"_blank\" rel=\"noopener\">lehdist\u00f6tiedotteet<\/a> jotka n\u00e4ytt\u00e4v\u00e4t osoittavan liikkujien olevan ristiriidassa killan kanssa, esimerkiksi siksi, ett\u00e4 heill\u00e4 on NGRS-logo verkkosivuillaan sen j\u00e4lkeen, kun he ovat eronneet ammattiyhdistyksest\u00e4.<\/p>\n<p>Kantelu, joka on tehty <a href=\"https:\/\/www.ipso.co.uk\/rulings-and-resolution-statements\/\" target=\"_blank\" rel=\"noopener\">Riippumaton lehdist\u00f6n standardointij\u00e4rjest\u00f6<\/a> NGRS:n Daily Mirror -lehte\u00e4 vastaan nostama kanne on dokumentoitu, mutta sit\u00e4 ei pidetty voimassa. <\/p>\n<blockquote><p>The National Guild of Removers and Storers on sitoutunut edist\u00e4m\u00e4\u00e4n laatua ja palvelua t\u00e4ysin s\u00e4\u00e4ntelem\u00e4tt\u00f6m\u00e4ll\u00e4 toimialalla, mihin kuuluu j\u00e4senten riippumaton tarkastus, j\u00e4senyys The Removals Industry Ombudsman Scheme -j\u00e4rjestelm\u00e4ss\u00e4, k\u00e4yt\u00e4nnes\u00e4\u00e4nn\u00f6t, jotka koskevat sit\u00e4, miten j\u00e4senet k\u00e4sittelev\u00e4t asiakkaita, ja j\u00e4senten suoritusten jatkuva seuranta.<\/p><\/blockquote>\n<p>- <a href=\"http:\/\/www.minimoves.co.uk\/\" target=\"_blank\" rel=\"noopener\">MiniMoves<\/a><\/p>\n<p><strong>Verkkosivusto:<\/strong> <a href=\"http:\/\/www.ngrs.co.uk\/\" target=\"_blank\" rel=\"noopener\">http:\/\/www.ngrs.co.uk\/<\/a><\/p>","protected":false},"excerpt":{"rendered":"<p>The National Guild of Removers and Storers (NGRS) has been established to provide some regulation for the moving and storage industry in the UK. It has a Code of Practice and is part of the Removals Industry Ombudsman Scheme, which allows consumers to make complaints about poor experiences. Key facts about NGRS: The Guild&#8217;s &#8216;Annual [&hellip;]<\/p>\n","protected":false},"author":1,"featured_media":0,"parent":0,"menu_order":0,"comment_status":"closed","ping_status":"closed","template":"","meta":{"_genesis_hide_title":false,"_genesis_hide_breadcrumbs":false,"_genesis_hide_singular_image":false,"_genesis_hide_footer_widgets":false,"_genesis_custom_body_class":"","_genesis_custom_post_class":"","_genesis_layout":"","footnotes":""},"class_list":{"0":"post-450","1":"page","2":"type-page","3":"status-publish","5":"entry"},"_links":{"self":[{"href":"https:\/\/moverdb.com\/fi\/wp-json\/wp\/v2\/pages\/450","targetHints":{"allow":["GET"]}}],"collection":[{"href":"https:\/\/moverdb.com\/fi\/wp-json\/wp\/v2\/pages"}],"about":[{"href":"https:\/\/moverdb.com\/fi\/wp-json\/wp\/v2\/types\/page"}],"author":[{"embeddable":true,"href":"https:\/\/moverdb.com\/fi\/wp-json\/wp\/v2\/users\/1"}],"replies":[{"embeddable":true,"href":"https:\/\/moverdb.com\/fi\/wp-json\/wp\/v2\/comments?post=450"}],"version-history":[{"count":9,"href":"https:\/\/moverdb.com\/fi\/wp-json\/wp\/v2\/pages\/450\/revisions"}],"predecessor-version":[{"id":6224,"href":"https:\/\/moverdb.com\/fi\/wp-json\/wp\/v2\/pages\/450\/revisions\/6224"}],"wp:attachment":[{"href":"https:\/\/moverdb.com\/fi\/wp-json\/wp\/v2\/media?parent=450"}],"curies":[{"name":"wp","href":"https:\/\/api.w.org\/{rel}","templated":true}]}}