{"id":447,"date":"2016-07-05T14:22:52","date_gmt":"2016-07-05T14:22:52","guid":{"rendered":"http:\/\/moverdb.com\/?page_id=447"},"modified":"2026-01-08T14:48:21","modified_gmt":"2026-01-08T14:48:21","slug":"fedemac","status":"publish","type":"page","link":"https:\/\/moverdb.com\/fi\/fedemac\/","title":{"rendered":"Federation of European Movers Association (FEDEMAC) selitetty"},"content":{"rendered":"<p>Federation of European Movers Association (FEDEMAC) on eurooppalainen elin, joka on perustettu edist\u00e4m\u00e4\u00e4n muuttoalaa Euroopan tasolla. Sen j\u00e4senist\u00f6 koostuu p\u00e4\u00e4asiassa kansallisista muuttoliikealan j\u00e4rjest\u00f6ist\u00e4.<\/p>\n<p><strong>FEDEMACia koskevia keskeisi\u00e4 tietoja<\/strong><\/p>\n<ul>\n<li>  FEDEMACin j\u00e4senin\u00e4 on Euroopassa sijaitsevia kansallisia muuttoliikealan j\u00e4rjest\u00f6j\u00e4.<\/li>\n<li>  FEDEMAC edustaa noin 3 000 ammattilaisen etuja. <a href=\"https:\/\/moverdb.com\/fi\/moving-companies\/\" data-internallinksmanager029f6b8e52c=\"79\" title=\"Top 25 Kansainv\u00e4list\u00e4 muuttoyrityksi\u00e4 verkossa\">muuttofirmat<\/a>.<\/li>\n<li>  J\u00e4seni\u00e4 on 26 Euroopan maassa, joista 24 on EU:n j\u00e4senvaltioita. <a href=\"https:\/\/moverdb.com\/fi\/moving-to-switzerland\/\" data-internallinksmanager029f6b8e52c=\"327\" title=\"Muutatko Sveitsiin? 2023 Elinkustannukset ja muuttovinkit\">Sveitsi<\/a> ja <a href=\"https:\/\/moverdb.com\/fi\/moving-to-norway\/\" data-internallinksmanager029f6b8e52c=\"325\" title=\"Muutatko Norjaan? 2023 Elinkustannukset ja muuttovinkit\">Norja<\/a> edustaa my\u00f6s FEDEMAC.<\/li>\n<li>  FEDEMACia hallinnoi kerran vuodessa kokoontuva yleiskokous, joka koostuu FEDEMACin j\u00e4senten (j\u00e4senyhdistysten ja suoraan sidoksissa olevien j\u00e4senyritysten) edustajista.<\/li>\n<li>  Suuri osa FEDEMACin ty\u00f6st\u00e4 on j\u00e4senten etujen ajamista EU:n parlamentissa ja komissiossa.<\/li>\n<\/ul>\n<p><strong>Federation of European Movers Associationin profiili:<\/strong><\/p>\n<p>FEDEMACin tarkoituksena on edustaa Euroopan muuttoteollisuutta, sen huolenaiheita, tarpeita ja tarkoitusta. Se on my\u00f6s suunniteltu auttamaan j\u00e4sentens\u00e4 toiminnan koordinoinnissa mahdollisimman suuren vaikutuksen aikaansaamiseksi Euroopassa. <\/p>\n<p>Suuri osa ty\u00f6st\u00e4 liittyy j\u00e4senten etujen esitt\u00e4miseen EU:n parlamentille ja komissiolle sek\u00e4 yhteyksien pit\u00e4miseen kansallisten muuttoliikej\u00e4rjest\u00f6jen ja muiden ammattij\u00e4rjest\u00f6jen v\u00e4lill\u00e4. <\/p>\n<p>FEDEMACin j\u00e4senet ovat enimm\u00e4kseen kansallisia muuttoliikealan j\u00e4rjest\u00f6j\u00e4 (esim. <a href=\"https:\/\/moverdb.com\/fi\/international-removals\/\" target=\"_blank\" rel=\"noopener\">Yhdistyneess\u00e4 kuningaskunnassa<\/a>, j\u00e4sen on <a href=\"https:\/\/moverdb.com\/fi\/british-association-of-removers\/\" target=\"_blank\" rel=\"noopener\">British Association of Removers<\/a>), mutta my\u00f6s yksitt\u00e4iset p\u00e4tev\u00e4t muuttoliikeyritykset voivat liitty\u00e4 FEDEMACin suoriksi j\u00e4seniksi silloin, kun yhdistyst\u00e4 ei ole tai kun yhdistys on olemassa, mutta se ei ole kiinnostunut FEDEMACin j\u00e4senyydest\u00e4. <\/p>\n<p>FEDEMACin teht\u00e4v\u00e4n\u00e4 on pit\u00e4\u00e4 j\u00e4senet ajan tasalla EU:n politiikasta, ja se tarjoaa t\u00e4t\u00e4 varten verkkosivujensa kautta erilaisia resursseja sek\u00e4 useita julkaisuja j\u00e4senille, hakemiston ja vuosittaisen konferenssin.<\/p>\n<p><strong>J\u00e4senyyskriteerit:<\/strong><\/p>\n<p>J\u00e4senyys tapahtuu kansallisen yhdistyksen kautta - ne, jotka kuuluvat <a href=\"https:\/\/moverdb.com\/fi\/moving-to-the-uk\/\" data-internallinksmanager029f6b8e52c=\"93\" title=\"Muutatko Yhdistyneeseen kuningaskuntaan? 2022 Elinkustannukset ja muuttovinkit\">UK<\/a> jotka haluavat kuulua FEDEMACiin, on liitytt\u00e4v\u00e4 British Association of Movers -yhdistykseen.<br \/>\nUseimmissa maissa j\u00e4senyys tapahtuu kansallisen muuttoliikeyhdistyksen kautta.<\/p>\n<p><strong>Esimerkki j\u00e4senyrityksist\u00e4<\/strong><\/p>\n<ul>\n<li> <a href=\"https:\/\/moverdb.com\/fi\/matthew-james\/\">Matthew James Global Relocations<\/a><\/li>\n<li> <a href=\"https:\/\/moverdb.com\/fi\/movecorp\/\">Movecorp<\/a><\/li>\n<li> <a href=\"https:\/\/moverdb.com\/fi\/pearson\/\">Pearsonin koti muutto<\/a><\/li>\n<li> <a href=\"https:\/\/moverdb.com\/fi\/simpsons-removals\/\">Simpsonsin muutot ja varastointi<\/a><\/li>\n<li> <a href=\"https:\/\/moverdb.com\/fi\/abels-removals\/\">Abels Muuttopalvelut<\/a><\/li>\n<li> <a href=\"https:\/\/moverdb.com\/fi\/eagle-relocations\/\">Eagle Relocations<\/a><\/li>\n<li> <a href=\"https:\/\/moverdb.com\/fi\/btr-international\/\">BTR International<\/a><\/li>\n<li> <a href=\"https:\/\/moverdb.com\/fi\/fn-removals\/\">F&amp;N Worldwide Removals<\/a><\/li>\n<li> <a href=\"https:\/\/moverdb.com\/fi\/bolliger\/\">Bolliger<\/a><\/li>\n<li> <a href=\"https:\/\/moverdb.com\/fi\/gil-stauffer\/\">Gil Stauffer<\/a><\/li>\n<li> <a href=\"https:\/\/moverdb.com\/fi\/teletrans\/\">Teletrans<\/a><\/li>\n<\/ul>\n<p><strong>Mielipiteet FEDEMACista<\/strong><\/p>\n<p>FEDEMACia arvostetaan ilmeisesti eritt\u00e4in korkealle niiden keskuudessa, jotka <a href=\"http:\/\/www.abels.co.uk\/articles\/fedemac-federation-of-european-movers-associations-what-does-this-mean\/\" target=\"_blank\" rel=\"noopener\">jotka mainitsevat sen<\/a> ja sill\u00e4 katsotaan olevan t\u00e4rke\u00e4 rooli Euroopan liikkujien etujen edustajana. Jotkut muuttajat ilmoittavat olevansa yksitt\u00e4isi\u00e4 j\u00e4seni\u00e4 eiv\u00e4tk\u00e4 British Association of Moversin kautta. Toiset taas ilmoittavat olevansa FEDEMACin akkreditoimia, mit\u00e4 j\u00e4rjest\u00f6 ei kuitenkaan tee.<\/p>\n<p><strong>Verkkosivusto:<\/strong> <a href=\"https:\/\/www.fedemac.eu\" target=\"_blank\" rel=\"noopener\">https:\/\/www.fedemac.eu<\/a><\/p>","protected":false},"excerpt":{"rendered":"<p>The Federation of European Movers Association (FEDEMAC) is a European body that has been established to promote the moving industry on a European level. Its membership is predominantly made up of national moving associations. Key facts about FEDEMAC FEDEMAC membership is made up of National Moving Associations located in Europe. FEDEMAC represents the interests of [&hellip;]<\/p>\n","protected":false},"author":1,"featured_media":0,"parent":0,"menu_order":0,"comment_status":"closed","ping_status":"closed","template":"","meta":{"_genesis_hide_title":false,"_genesis_hide_breadcrumbs":false,"_genesis_hide_singular_image":false,"_genesis_hide_footer_widgets":false,"_genesis_custom_body_class":"","_genesis_custom_post_class":"","_genesis_layout":"","footnotes":""},"class_list":{"0":"post-447","1":"page","2":"type-page","3":"status-publish","5":"entry"},"_links":{"self":[{"href":"https:\/\/moverdb.com\/fi\/wp-json\/wp\/v2\/pages\/447","targetHints":{"allow":["GET"]}}],"collection":[{"href":"https:\/\/moverdb.com\/fi\/wp-json\/wp\/v2\/pages"}],"about":[{"href":"https:\/\/moverdb.com\/fi\/wp-json\/wp\/v2\/types\/page"}],"author":[{"embeddable":true,"href":"https:\/\/moverdb.com\/fi\/wp-json\/wp\/v2\/users\/1"}],"replies":[{"embeddable":true,"href":"https:\/\/moverdb.com\/fi\/wp-json\/wp\/v2\/comments?post=447"}],"version-history":[{"count":21,"href":"https:\/\/moverdb.com\/fi\/wp-json\/wp\/v2\/pages\/447\/revisions"}],"predecessor-version":[{"id":6209,"href":"https:\/\/moverdb.com\/fi\/wp-json\/wp\/v2\/pages\/447\/revisions\/6209"}],"wp:attachment":[{"href":"https:\/\/moverdb.com\/fi\/wp-json\/wp\/v2\/media?parent=447"}],"curies":[{"name":"wp","href":"https:\/\/api.w.org\/{rel}","templated":true}]}}