{"id":446,"date":"2016-06-21T20:49:19","date_gmt":"2016-06-21T20:49:19","guid":{"rendered":"http:\/\/moverdb.com\/?page_id=446"},"modified":"2026-01-08T15:20:34","modified_gmt":"2026-01-08T15:20:34","slug":"rios","status":"publish","type":"page","link":"https:\/\/moverdb.com\/fi\/rios\/","title":{"rendered":"Muuttoalan oikeusasiamiesj\u00e4rjestelm\u00e4 (RIOS) selitetty"},"content":{"rendered":"<p>Muuttoalan oikeusasiamiesj\u00e4rjestelm\u00e4 (RIOS) k\u00e4sittelee muuttoalan yrityksist\u00e4 tehtyj\u00e4 valituksia. Se tarjoaa riippumattoman palvelun j\u00e4senyritysten ja niiden asiakkaiden v\u00e4listen riitojen ratkaisemiseksi.<\/p>\n<p><strong>T\u00e4rkeimm\u00e4t tiedot RIOSista:<\/strong><\/p>\n<ul>\n<li>  Kaikki RIOSin kautta tutkitut valitukset ovat maksuttomia.<\/li>\n<li>  RIOS on k\u00e4ytett\u00e4viss\u00e4 <a href=\"https:\/\/moverdb.com\/fi\/moving-to-the-uk\/\" data-internallinksmanager029f6b8e52c=\"93\" title=\"Muutatko Yhdistyneeseen kuningaskuntaan? 2022 Elinkustannukset ja muuttovinkit\">UK<\/a> kansalaiset.<\/li>\n<li>  Yhdistyneen kuningaskunnan kansalaiset voivat k\u00e4ytt\u00e4\u00e4 t\u00e4t\u00e4 maksutonta palvelua kantellakseen ongelmasta, joka koskee oikeusasiamiesj\u00e4rjestelm\u00e4\u00e4n kuuluvia kotimaisia tai kaupallisia muutto- ja varastointiyrityksi\u00e4.<\/li>\n<li>  Oikeusasiamiehen havainnot sitovat <a href=\"https:\/\/moverdb.com\/fi\/international-removals\/\" target=\"_blank\" rel=\"noopener\">muuttofirma<\/a>, mutta ei kuluttajan.<\/li>\n<li>  Nykyinen oikeusasiamies on Tony Kaye, joka nimitettiin kes\u00e4kuussa 2015. H\u00e4n on riippumaton kaikista <a href=\"https:\/\/moverdb.com\/fi\/international-removals\/\" data-internallinksmanager029f6b8e52c=\"27\" title=\"36 Parhaat kansainv\u00e4liset muuttoyritykset Yhdistyneess\u00e4 kuningaskunnassa\">muuttofirma<\/a> tai j\u00e4rjest\u00f6.<\/li>\n<li> The <a href=\"https:\/\/moverdb.com\/fi\/ngrs\/\">National Guild of Removers and Storers<\/a> on t\u00e4ll\u00e4 hetkell\u00e4 p\u00e4\u00e4j\u00e4sen.<\/li>\n<\/ul>\n<p><strong>Muuttoalan oikeusasiamiesj\u00e4rjestelm\u00e4n profiili:<\/strong><\/p>\n<p>RIOS tarjoaa mahdollisuuden ratkaista alan riitoja riippumattomassa elimess\u00e4. N\u00e4m\u00e4 riidat voivat koskea sek\u00e4 kotitalouksia ett\u00e4 kaupallisia organisaatioita. J\u00e4rjestelm\u00e4 toimii riippumattomana tuomarina, joka k\u00e4sittelee riitoja, joita ei voida ratkaista osapuolten kesken tai jonkin muun alan elimen v\u00e4lityksell\u00e4.<\/p>\n<p>On olemassa suhteellisen tiukat s\u00e4\u00e4nn\u00f6t siit\u00e4, millaisia valituksia RIOS voi k\u00e4sitell\u00e4 ja millaisia ei - esimerkiksi valituksia, jotka ovat jo oikeustoimien kohteena, ei k\u00e4sitell\u00e4. <\/p>\n<p>Ongelmat, jotka liittyv\u00e4t esimerkiksi viiv\u00e4styksiin, luvatun palvelun laiminly\u00f6ntiin, sovitun ylitt\u00e4viin kohtuuttomiin maksuihin tai v\u00e4itteisiin ep\u00e4ammattimaisesta k\u00e4yt\u00f6ksest\u00e4, kuuluvat kaikki RIOS:n toimivaltaan. <\/p>\n<p>Jos kuluttaja haluaa tehd\u00e4 valituksen, se on ensin teht\u00e4v\u00e4 kyseiselle yritykselle - jos asiaa ei saada ratkaistua, se voidaan siirt\u00e4\u00e4 RIOS:lle.<\/p>\n<p><strong>J\u00e4senyyskriteerit:<\/strong><\/p>\n<p>Niit\u00e4 ei ole lueteltu verkkosivustolla, vaan ne on kuvattu sopimuksessa, joka j\u00e4rjestelm\u00e4n j\u00e4senten on allekirjoitettava ja jossa m\u00e4\u00e4ritell\u00e4\u00e4n kaikki kriteerit. T\u00e4rkeint\u00e4 kuitenkin on, ett\u00e4 j\u00e4seni\u00e4 koskevat asiakasyst\u00e4v\u00e4lliset k\u00e4yt\u00e4nnes\u00e4\u00e4nn\u00f6t, riippumattomat vuosittaiset tarkastukset, jatkuva laadunvalvonta ja suostumus noudattaa oikeusasiamiehen p\u00e4\u00e4t\u00f6ksi\u00e4 riitatapauksissa asiakkaiden kanssa.<\/p>\n<p><strong>Esimerkki j\u00e4senyrityksist\u00e4<\/strong><\/p>\n<ul>\n<li> <a href=\"https:\/\/moverdb.com\/fi\/movecorp\/\">Movecorp<\/a><\/li>\n<\/ul>\n<p><strong>Mielipiteet aiheesta RIOS:<\/strong><\/p>\n<p>RIOSin riippumattomuus on yksi niist\u00e4 elementeist\u00e4, jotka erottuvat parhaiten, kun se n\u00e4kyy j\u00e4sensivustoilla. Ne, jotka mainitsevat sen, tekev\u00e4t sen keinona vakuuttaa, ett\u00e4 asiakkailla on mahdollisuus tehd\u00e4 valituksia, jotka eiv\u00e4t v\u00e4ltt\u00e4m\u00e4tt\u00e4 koske vain yrityst\u00e4 tai toimialaa. <\/p>\n<p>RIOS-j\u00e4rjestelm\u00e4n j\u00e4senyys on akkreditointi ja keino erottaa yritykset kilpailijoista. RIOS-j\u00e4rjestelm\u00e4\u00e4n kuulumista kuvataan my\u00f6s osoituksena siit\u00e4, ett\u00e4 yritys noudattaa korkeita kuluttajansuojavaatimuksia.<\/p>\n<blockquote><p>Muuttoliikealan oikeusasiamiesj\u00e4rjestelm\u00e4 on perustettu tarjoamaan muuttoliikealalle riippumaton palvelu, jonka avulla voidaan ratkaista j\u00e4senyritysten ja niiden asiakkaiden, sek\u00e4 kotitalouksien ett\u00e4 kaupallisten organisaatioiden, v\u00e4lisi\u00e4 riitoja, jos National Guild of Removers &amp; Storersin tarjoama sovittelupalvelu ei ole johtanut tyydytt\u00e4v\u00e4\u00e4n lopputulokseen.\n<\/p><\/blockquote>\n<p>- <a href=\"http:\/\/www.ngrs.co.uk\/ombudsman-scheme\/\" target=\"_blank\" rel=\"noopener\">National Guild Of Removers &amp; Storers<\/a><\/p>\n<blockquote><p>Yhdistyneess\u00e4 kuningaskunnassa ei ole lakeja siit\u00e4, kuka voi perustaa muuttoliikeyrityksen. Sinun on kuitenkin tiedett\u00e4v\u00e4, ett\u00e4 uskot kotisi ja arvokkaat tavarasi sellaiselle muuttofirmalle, joka t\u00e4ytt\u00e4\u00e4 korkeat kuluttajansuojavaatimukset. Paras osoitus t\u00e4st\u00e4 on, ett\u00e4 etsit muuttoliikealan oikeusasiamiesj\u00e4rjestelm\u00e4n (The Removals Industry Ombudsman Scheme, RIOS) j\u00e4sent\u00e4, ja vain GUILD vaatii, ett\u00e4 kaikki sen j\u00e4senet noudattavat oikeusasiamiesj\u00e4rjestelm\u00e4n s\u00e4\u00e4nt\u00f6j\u00e4.<\/p><\/blockquote>\n<p>- <a href=\"http:\/\/www.moveit-essex.co.uk\/news\/yjpleijb5i.html\" target=\"_blank\" rel=\"noopener\">Siirr\u00e4 se muuttoliikkeet<\/a> <\/p>\n<blockquote><p>Oikeusasiamiesj\u00e4rjestelm\u00e4t on perustettu tarjoamaan asiakkaille riippumaton ja puolueeton valitusmenettely. Muuttoalan oikeusasiamiesj\u00e4rjestelm\u00e4 on Yhdistyneen kuningaskunnan ja Irlannin oikeusasiamiesyhdistyksen (British and Irish Ombudsman Association) t\u00e4ysj\u00e4sen, samoin kuin tunnetut rahoitusasiamiespalvelu, parlamentin ja terveydenhuollon oikeusasiamies ja 17 muuta j\u00e4rjestelm\u00e4\u00e4 pelk\u00e4st\u00e4\u00e4n Yhdistyneess\u00e4 kuningaskunnassa.<\/p><\/blockquote>\n<p>- <a href=\"http:\/\/www.uptonsremovals.com\/moving-you\/local-domestic-moves\/\" target=\"_blank\" rel=\"noopener\">Glyn Upton Muuttaminen<\/a><\/p>\n<p><strong>Verkkosivusto:<\/strong> <a href=\"http:\/\/removalsombudsman.co.uk\/\" target=\"_blank\" rel=\"noopener\">http:\/\/removalsombudsman.co.uk\/<\/a><\/p>","protected":false},"excerpt":{"rendered":"<p>The Removal Industry Ombudsman Scheme (RIOS) deals with complaints that are made about removals industry businesses. It offers an independent service to resolve disputes between member companies and their clients. Key facts about RIOS: All complaints investigated through RIOS are done so free of charge. RIOS is available to UK citizens. UK citizens can use [&hellip;]<\/p>\n","protected":false},"author":1,"featured_media":0,"parent":0,"menu_order":0,"comment_status":"closed","ping_status":"closed","template":"","meta":{"_genesis_hide_title":false,"_genesis_hide_breadcrumbs":false,"_genesis_hide_singular_image":false,"_genesis_hide_footer_widgets":false,"_genesis_custom_body_class":"","_genesis_custom_post_class":"","_genesis_layout":"","footnotes":""},"class_list":{"0":"post-446","1":"page","2":"type-page","3":"status-publish","5":"entry"},"_links":{"self":[{"href":"https:\/\/moverdb.com\/fi\/wp-json\/wp\/v2\/pages\/446","targetHints":{"allow":["GET"]}}],"collection":[{"href":"https:\/\/moverdb.com\/fi\/wp-json\/wp\/v2\/pages"}],"about":[{"href":"https:\/\/moverdb.com\/fi\/wp-json\/wp\/v2\/types\/page"}],"author":[{"embeddable":true,"href":"https:\/\/moverdb.com\/fi\/wp-json\/wp\/v2\/users\/1"}],"replies":[{"embeddable":true,"href":"https:\/\/moverdb.com\/fi\/wp-json\/wp\/v2\/comments?post=446"}],"version-history":[{"count":9,"href":"https:\/\/moverdb.com\/fi\/wp-json\/wp\/v2\/pages\/446\/revisions"}],"predecessor-version":[{"id":6231,"href":"https:\/\/moverdb.com\/fi\/wp-json\/wp\/v2\/pages\/446\/revisions\/6231"}],"wp:attachment":[{"href":"https:\/\/moverdb.com\/fi\/wp-json\/wp\/v2\/media?parent=446"}],"curies":[{"name":"wp","href":"https:\/\/api.w.org\/{rel}","templated":true}]}}