{"id":445,"date":"2016-06-21T20:35:30","date_gmt":"2016-06-21T20:35:30","guid":{"rendered":"http:\/\/moverdb.com\/?page_id=445"},"modified":"2026-01-08T14:47:36","modified_gmt":"2026-01-08T14:47:36","slug":"association-relocation-professionals","status":"publish","type":"page","link":"https:\/\/moverdb.com\/fi\/association-relocation-professionals\/","title":{"rendered":"Association of Relocation Professionals (ARP) selitetty"},"content":{"rendered":"<p>Association of Relocation Professionals (ARP) on ammattimainen elin, joka edustaa uudelleensijoittamisalaa seuraavissa maissa <a href=\"https:\/\/moverdb.com\/fi\/moving-to-the-uk\/\" data-internallinksmanager029f6b8e52c=\"93\" title=\"Muutatko Yhdistyneeseen kuningaskuntaan? 2022 Elinkustannukset ja muuttovinkit\">UK<\/a>. Sen teht\u00e4v\u00e4n\u00e4 ei ole vain edustaa j\u00e4seni\u00e4\u00e4n vaan auttaa heit\u00e4 my\u00f6s markkinoimaan itse\u00e4\u00e4n ja kasvamaan.<\/p>\n<p><strong>ARP:n t\u00e4rkeimm\u00e4t tiedot:<\/strong><\/p>\n<ul>\n<li>  ARP on Yhdistyneess\u00e4 kuningaskunnassa toimiva siirtoalan ammattilaisten elin.<\/li>\n<li>  Siirtoalan ammattilaisten yhdistys perustettiin vuonna 1986.<\/li>\n<li>  ARP:n j\u00e4senill\u00e4 on t\u00e4ydet ammatilliset vastuuvakuutukset sek\u00e4 julkiset ja ty\u00f6nantajan vastuuvakuutukset asiakkaiden ja palveluntarjoajien suojelemiseksi.<\/li>\n<li>  ARP:ll\u00e4 on k\u00e4yt\u00e4nnes\u00e4\u00e4nn\u00f6t, joita j\u00e4senten on noudatettava ja jotka koskevat muun muassa asiakkaiden rahojen k\u00e4sittely\u00e4 ja v\u00e4\u00e4r\u00e4nlaisen esitt\u00e4misen v\u00e4ltt\u00e4mist\u00e4.<\/li>\n<li>  Kaikkien muuttopalveluja tarjoavien j\u00e4senten on osoitettava, ett\u00e4 he ovat liittyneet kiinteist\u00f6vahinkojen korvausj\u00e4rjestelm\u00e4\u00e4n ja ett\u00e4 he ovat liittyneet HMRC:n rahanpesun vastaiseen rekisteriin, jos he osallistuvat kiinteist\u00f6n ostamiseen.<\/li>\n<li>  ARP on perustajaj\u00e4sen ja sponsori European Academy of Relocation Professionals (EARP) -j\u00e4rjest\u00f6ss\u00e4, joka on ensimm\u00e4inen eurooppalainen koulutusorganisaatio, joka tarjoaa eurooppalaisia p\u00e4tevyyskirjoja uudelleensijoittamisen alalla.<\/li>\n<\/ul>\n<p><strong>Association of Relocation Professionals -profiili:<\/strong><\/p>\n<p>ARP:t\u00e4 kutsutaan Yhdistyneen kuningaskunnan siirtoyritysten ammattij\u00e4rjest\u00f6ksi, ja se edustaa erilaisia j\u00e4seni\u00e4, jotka vaihtelevat yritysten siirtoasiantuntijoista kiinteist\u00f6nv\u00e4litt\u00e4jiin ja muihin siirtopalveluja tarjoaviin asiantuntijoihin. <\/p>\n<p>ARP j\u00e4rjest\u00e4\u00e4 akkreditoitua koulutusta j\u00e4senilleen - osana European Academy of Relocation Professionals (EARP) -akatemiaa se tarjoaa kansainv\u00e4lisen liikkuvuuden hallinnan p\u00e4tevyyden (Managing International Mobility, MIM) ja eurooppalaisen uudelleensijoittamisen p\u00e4tevyyden (European Relocation Qualification, ERQ). <\/p>\n<p>ARP tuottaa j\u00e4senluettelon, joka l\u00e4hetet\u00e4\u00e4n 6 000 henkil\u00f6st\u00f6p\u00e4\u00e4llik\u00f6lle, johtajalle ja HRO:lle eri puolilla Yhdistynytt\u00e4 kuningaskuntaa, ja sen ajatuksena on edist\u00e4\u00e4 j\u00e4senten toimintaa ja auttaa heit\u00e4 markkinoimaan itse\u00e4\u00e4n paremmin. <\/p>\n<p>ARP:n tarkoituksena on sek\u00e4 sitoutua parhaisiin k\u00e4yt\u00e4nt\u00f6ihin, asiakastyytyv\u00e4isyyteen ja ammattitaitoon ett\u00e4 tarjota foorumi ajatusten vaihdolle, jotta ala pysyy liikkeess\u00e4.<\/p>\n<p><strong>J\u00e4senyyskriteerit:<\/strong><\/p>\n<p><u>Liit\u00e4nn\u00e4isj\u00e4senyys<\/u><\/p>\n<p>ARP:n liit\u00e4nn\u00e4isj\u00e4senyys koskee niit\u00e4, jotka eiv\u00e4t t\u00e4yt\u00e4 t\u00e4ysj\u00e4senyyden edellytyksi\u00e4, ja se on avoin yrityksille, joiden kaupallinen toiminta liittyy yksityishenkil\u00f6ilt\u00e4 tai yhteis\u00f6ilt\u00e4 saataviin tuloihin ja joiden tulot ovat per\u00e4isin muuttoon liittyvien palvelujen tarjoamisesta.<\/p>\n<p>A <a href=\"https:\/\/moverdb.com\/fi\/muuttoyritykset\/\">muuttofirma<\/a> katsotaan olevan mik\u00e4 tahansa organisaatio, joka tarjoaa erilaisia palveluja, joiden tarkoituksena on helpottaa yksil\u00f6iden tai yksil\u00f6ryhmien ja heid\u00e4n perheidens\u00e4 liikkuvuutta.<\/p>\n<p>T\u00e4llaiset palvelut voidaan tarjota l\u00e4ht\u00f6- tai m\u00e4\u00e4r\u00e4alueella tai molemmilla alueilla. ARP:n liit\u00e4nn\u00e4isj\u00e4senyys on tarkoitettu ponnahduslaudaksi kohti t\u00e4ysj\u00e4senyytt\u00e4, ja sinua autetaan kaikin tavoin sen saavuttamisessa.<\/p>\n<p><u>Kumppanuusj\u00e4senyys<\/u><\/p>\n<p>Yrityksille, jotka tarjoavat palveluja, joita muuttoalan ammattilaiset k\u00e4ytt\u00e4v\u00e4t, mutta joiden p\u00e4\u00e4asiallinen toiminta on laajempaa asiakaskuntaa.<\/p>\n<p><u>T\u00e4ysi j\u00e4senyys<\/u><\/p>\n<p>Yritykset, jotka ovat k\u00e4yneet kauppaa yli kaksi vuotta.<\/p>\n<p>Liit\u00e4nn\u00e4isj\u00e4senten on toimitettava suositukset, jotka tarkistetaan ja toimitetaan ARP:n j\u00e4senyyskomitealle lopullista tarkastusta varten. Liit\u00e4nn\u00e4isj\u00e4senten on suoritettava EARP:n opetussuunnitelman ensimm\u00e4isen tason koulutus ennen kuin he voivat hakea t\u00e4ysj\u00e4senyytt\u00e4.<\/p>\n<p>Varsinaisten j\u00e4senten on oltava toiminut yli kaksi vuotta, ja heid\u00e4n on toimitettava hakemus, johon sis\u00e4ltyy kolmen asiakkaan suositukset.<\/p>\n<p><strong>Esimerkki j\u00e4senyrityksist\u00e4<\/strong><\/p>\n<ul>\n<li> <a href=\"https:\/\/moverdb.com\/fi\/sterling-relocation\/\">Sterling Siirtyminen<\/a><\/li>\n<li> <a href=\"https:\/\/moverdb.com\/fi\/dt-moving\/\">DT Moving<\/a><\/li>\n<li> <a href=\"https:\/\/moverdb.com\/fi\/btr-international\/\">BTR International<\/a><\/li>\n<\/ul>\n<p><strong>ARP:t\u00e4 koskevat mielipiteet:<\/strong><\/p>\n<p>ARP esiintyy lukuisilla Yhdistyneen kuningaskunnan verkkosivustoilla, ja sit\u00e4 kuvataan ammatillisena elimen\u00e4, joka toimii Yhdistyneess\u00e4 kuningaskunnassa toimivien ulkomaisten siirtopalvelujen tarjoajien ammattij\u00e4rjest\u00f6n\u00e4. <\/p>\n<p>ARP:n j\u00e4senyyden katsotaan osoittavan, ett\u00e4 relocation-yritys t\u00e4ytt\u00e4\u00e4 ja ylitt\u00e4\u00e4 alan tunnustetut standardit. ARP:n mukaan <a href=\"http:\/\/www.bloomberg.com\/profiles\/companies\/1519530Z:LN-association-of-relocation-professionals\/\" target=\"_blank\" rel=\"noopener\">Bloomberg<\/a> ARP:n p\u00e4\u00e4asiallinen toiminta <em>\"on edist\u00e4\u00e4 ja suojella siirtoasiamiesten liiketoimintaa ja ammattia.\"<\/em> Useat ARP:t\u00e4 verkkosivuillaan lainaavat tahot korostavat, ett\u00e4 se asettaa alalle standardeja parhaiden k\u00e4yt\u00e4nt\u00f6jen, asiakaspalvelun ja ammattimaisuuden osalta.<\/p>\n<blockquote><p>J\u00e4senyytemme kannustaa alan parhaita k\u00e4yt\u00e4nt\u00f6j\u00e4 ja sen teht\u00e4v\u00e4n\u00e4 on pit\u00e4\u00e4 j\u00e4senet ajan tasalla uusimmista lains\u00e4\u00e4d\u00e4nn\u00f6llisist\u00e4 muutoksista rahanpesusta monik\u00e4ytt\u00f6isiin asuntoihin. J\u00e4senyytemme on sitoumus sinulle siit\u00e4, ett\u00e4 olemme siirtoalan ammattikunnan eturintamassa, ja olemme olleet sit\u00e4 jo yli 25 vuoden ajan.<\/p><\/blockquote>\n<p>- <a href=\"http:\/\/scottsrelocation.co.uk\/association-of-relocation-professionals\" target=\"_blank\" rel=\"noopener\">Scottin uudelleensijoittaminen<\/a><\/p>\n<blockquote><p>Association of Relocation Professionals (ARP) -j\u00e4rjest\u00f6n j\u00e4senen\u00e4 Source-asiakkaat voivat olla varmoja siit\u00e4, ett\u00e4 tarjottu palvelu t\u00e4ytt\u00e4\u00e4 ja ylitt\u00e4\u00e4 alan tunnustetut standardit.<\/p><\/blockquote>\n<p>-  <a href=\"http:\/\/www.source-relocation.co.uk\/index.aspx\" target=\"_blank\" rel=\"noopener\">L\u00e4hde Siirt\u00e4minen<\/a><\/p>\n<blockquote><p>Neuvosto koostuu alan kaikkien sektoreiden edustajista, ja se ohjaa yhdistyksen ty\u00f6t\u00e4 alusta alkaen ja varmistaa siten, ett\u00e4 yhdistys pysyy muuttoliikkeen muutosten keskipisteess\u00e4.<\/p>\n<p>ARP:n j\u00e4senill\u00e4 on t\u00e4ydet ammatilliset vastuuvakuutukset sek\u00e4 julkiset ja ty\u00f6nantajan vastuuvakuutukset asiakkaiden ja palveluntarjoajien suojelemiseksi.<\/p>\n<p>ARP:n j\u00e4senyys on osoitus sitoutumisesta parhaisiin k\u00e4yt\u00e4nt\u00f6ihin, asiakastyytyv\u00e4isyyteen ja ammattitaitoon.<\/p><\/blockquote>\n<p>- <a href=\"http:\/\/www.relocatecambridge.co.uk\/index.php\/arp\/\" target=\"_blank\" rel=\"noopener\">Siirr\u00e4 Cambridge<\/a><\/p>\n<p><strong>Verkkosivusto:<\/strong> <a href=\"http:\/\/www.arp-relocation.com\/\" target=\"_blank\" rel=\"noopener\">http:\/\/www.arp-relocation.com\/<\/a><\/p>","protected":false},"excerpt":{"rendered":"<p>The Association of Relocation Professionals (ARP) is a professional body for the relocation industry in the UK. Its mission is not just to represent its members but to help them market themselves and grow too. Key facts about the ARP: The ARP is the body for relocation professionals in the UK. The Association of Relocation [&hellip;]<\/p>\n","protected":false},"author":1,"featured_media":0,"parent":0,"menu_order":0,"comment_status":"closed","ping_status":"closed","template":"","meta":{"_genesis_hide_title":false,"_genesis_hide_breadcrumbs":false,"_genesis_hide_singular_image":false,"_genesis_hide_footer_widgets":false,"_genesis_custom_body_class":"","_genesis_custom_post_class":"","_genesis_layout":"","footnotes":""},"class_list":{"0":"post-445","1":"page","2":"type-page","3":"status-publish","5":"entry"},"_links":{"self":[{"href":"https:\/\/moverdb.com\/fi\/wp-json\/wp\/v2\/pages\/445","targetHints":{"allow":["GET"]}}],"collection":[{"href":"https:\/\/moverdb.com\/fi\/wp-json\/wp\/v2\/pages"}],"about":[{"href":"https:\/\/moverdb.com\/fi\/wp-json\/wp\/v2\/types\/page"}],"author":[{"embeddable":true,"href":"https:\/\/moverdb.com\/fi\/wp-json\/wp\/v2\/users\/1"}],"replies":[{"embeddable":true,"href":"https:\/\/moverdb.com\/fi\/wp-json\/wp\/v2\/comments?post=445"}],"version-history":[{"count":7,"href":"https:\/\/moverdb.com\/fi\/wp-json\/wp\/v2\/pages\/445\/revisions"}],"predecessor-version":[{"id":6177,"href":"https:\/\/moverdb.com\/fi\/wp-json\/wp\/v2\/pages\/445\/revisions\/6177"}],"wp:attachment":[{"href":"https:\/\/moverdb.com\/fi\/wp-json\/wp\/v2\/media?parent=445"}],"curies":[{"name":"wp","href":"https:\/\/api.w.org\/{rel}","templated":true}]}}