{"id":444,"date":"2016-06-18T20:35:52","date_gmt":"2016-06-18T20:35:52","guid":{"rendered":"http:\/\/moverdb.com\/?page_id=444"},"modified":"2026-01-08T14:48:15","modified_gmt":"2026-01-08T14:48:15","slug":"eura","status":"publish","type":"page","link":"https:\/\/moverdb.com\/fi\/eura\/","title":{"rendered":"European Relocation Association (EuRA) selitetty"},"content":{"rendered":"<p>European Relocation Association (EuRA) edist\u00e4\u00e4 ammattimaisesti hoidettujen siirto- ja liikkuvuuspalvelujen etuja yrityksille, joilla on maailmanlaajuisesti liikkuvia ty\u00f6ntekij\u00f6it\u00e4. Sen tavoitteena on muun muassa vakiinnuttaa asemansa Euroopan johtavana relocation-organisaationa ja asettaa vertailukohtia innovaatiolle ja parhaille k\u00e4yt\u00e4nn\u00f6ille.<\/p>\n<p><strong>T\u00e4rkeimm\u00e4t tiedot EuRAsta:<\/strong><\/p>\n<ol>\n<li>  EuRA:n j\u00e4seni\u00e4 ovat muuttopalvelujen tarjoajat sek\u00e4 ne, jotka tarjoavat liit\u00e4nn\u00e4ispalveluja, kuten huonekalujen vuokrausta ja kotitaloustavaroiden kuljetusta.<\/li>\n<li>  EuRA Global Quality Seal on maailman ensimm\u00e4inen akkreditointiohjelma muuttopalvelujen tarjoajille.<\/li>\n<li>  EuRA perustettiin vuonna 1998.<\/li>\n<li>  EuRA:n tarkoitus on ensisijaisesti koulutuksellinen - tarjota sek\u00e4 EuRA:n j\u00e4senille ett\u00e4 suurelle yleis\u00f6lle tietoa yritysten liikkuvuudesta ja siihen liittyvist\u00e4 kysymyksist\u00e4.<\/li>\n<li>  EuRAlla on yli 350 j\u00e4sent\u00e4.<\/li>\n<li>  EuRA:n j\u00e4senet kattavat yli 50 maata.<\/li>\n<\/ol>\n<p><strong>European Relocation Associationin profiili:<\/strong><\/p>\n<p>EuRA hoitaa j\u00e4senilleen useita teht\u00e4vi\u00e4, kuten tarjoaa koulutusta ja neuvontaa sek\u00e4 tukea muuttoalan ammattilaisille. Yhdistys my\u00f6s ajaa j\u00e4senten puolesta muutoksia ja kehityst\u00e4, jotka voivat auttaa muuttoliikealaa kasvamaan. <\/p>\n<p>Se on my\u00f6s tietol\u00e4hde, joka julkaisee s\u00e4\u00e4nn\u00f6llisesti sek\u00e4 ulkoisia ett\u00e4 sis\u00e4isi\u00e4 julkaisuja, ja se on my\u00f6s perustanut itselleen ajatushautomon, jonka teht\u00e4v\u00e4n\u00e4 on alan tuleva suunnittelu ja kehitt\u00e4minen. <\/p>\n<p>Parhaiden k\u00e4yt\u00e4nt\u00f6jen vertailuarvojen tarjoaminen on yksi EuRAn t\u00e4rkeimmist\u00e4 tavoitteista, ja n\u00e4in on syntynyt EuRA Quality Global Seal - akkreditointiohjelma muuttoliiketoiminnan harjoittajille. <\/p>\n<p>Quality Global Seal on auditointij\u00e4rjestelm\u00e4, jonka tarkoituksena on varmistaa, ett\u00e4 sen haltijat t\u00e4ytt\u00e4v\u00e4t tietyt palvelujen tarjoamista ja prosessien hallintaa koskevat standardit. Se on avoin EuRAn t\u00e4ysj\u00e4senille, liit\u00e4nn\u00e4isj\u00e4senille ja maailmanlaajuisille EuRAn j\u00e4senille. <\/p>\n<p>EuRA perustettiin alun perin vastauksena kasvavaan kysynt\u00e4\u00e4n rajatylitt\u00e4v\u00e4n alan elimen perustamisesta Euroopassa, ja nyt sill\u00e4 on valtava vaikutusvalta.<\/p>\n<p><strong>J\u00e4senyyskriteerit <\/strong><\/p>\n<p><u>T\u00e4ysi j\u00e4senyys<\/u><\/p>\n<p>European Relocation Associationin t\u00e4ysj\u00e4senyys on avoin yrityksille, joiden kaupallinen toiminta liittyy yksityishenkil\u00f6ihin tai yhteis\u00f6ihin ja joiden tulot ovat per\u00e4isin yksityishenkil\u00f6ilt\u00e4 tai yhteis\u00f6ilt\u00e4 muuttopalvelujen tarjoamisesta.<\/p>\n<p>Muuttoyritykseksi katsotaan organisaatio, joka tarjoaa erilaisia palveluja, joiden tarkoituksena on helpottaa yksityishenkil\u00f6iden tai henkil\u00f6ryhmien ja heid\u00e4n perheidens\u00e4 liikkuvuutta. T\u00e4llaisia palveluja voidaan tarjota l\u00e4ht\u00f6- tai kohdealueella tai molemmilla alueilla.<\/p>\n<p>Kriteerit:<\/p>\n<ul>\n<li> Ollakseen kaupan <a href=\"https:\/\/moverdb.com\/fi\/relocation-agents\/\" data-internallinksmanager029f6b8e52c=\"1\" title=\"7 syyt\u00e4, miksi sinun pit\u00e4isi k\u00e4ytt\u00e4\u00e4 muuttoagenttia?\">Muutto agentti<\/a> v\u00e4hint\u00e4\u00e4n kahden vuoden ajan, on toimitettava todiste yrityksen rekister\u00f6innist\u00e4.<\/li>\n<li> t\u00e4ytt\u00e4m\u00e4\u00e4n kyselylomakkeen, jossa ilmoitetaan kolmen asiakkaan nimet ja osoitteet, joille on tehty t\u00f6it\u00e4 viimeisten 12 kuukauden aikana. EuRA ottaa yhteytt\u00e4 n\u00e4ihin asiakkaisiin suosituksia varten.<\/li>\n<li> toimittamaan kopiot kaikesta painetusta materiaalista sek\u00e4 kaikki muut tiedot, jotka voivat auttaa j\u00e4senyyskomiteaa hakemuksesi k\u00e4sittelyss\u00e4.<\/li>\n<li> Todistamaan, ett\u00e4 sinulla\/yrityksell\u00e4si on riitt\u00e4v\u00e4 vakuutus (kotimaassasi).<\/li>\n<li> Lyhyet tiedot yrityksen kaikkien johtajien tai osakkaiden urasta.<\/li>\n<li> Olla k\u00e4ytett\u00e4viss\u00e4 haastattelua varten (kotimaassa).<\/li>\n<\/ul>\n<p><u>Liit\u00e4nn\u00e4isj\u00e4senyys<\/u><\/p>\n<p>European Relocation Associationin liit\u00e4nn\u00e4isj\u00e4senyys on avoinna yrityksille, jotka ovat toimineet alle kaksi vuotta. European Relocation Associationin liit\u00e4nn\u00e4isj\u00e4senyys koskee niit\u00e4, jotka eiv\u00e4t t\u00e4yt\u00e4 t\u00e4ysj\u00e4senyyden edellytyksi\u00e4, ja se on avoin yrityksille, joiden kaupallinen toiminta liittyy yksityishenkil\u00f6ilt\u00e4 tai oikeushenkil\u00f6ilt\u00e4 saataviin tuloihin ja joiden tulot ovat per\u00e4isin muuttopalvelujen tarjoamisesta.<\/p>\n<p>Kriteerit:<\/p>\n<ul>\n<li> Toimit tai aiot toimia uudelleensijoitusagenttina. Allekirjoittakaa oheinen kappale ja palauttakaa se hakemuksenne mukana.<\/li>\n<li> T\u00e4ytt\u00e4m\u00e4\u00e4n kyselylomakkeen ja ilmoittamaan kahden suosittelijan (joko EuRAn, SNPRM:n, ARA:n, ABRA:n tai paikallisesti tunnustettujen ammattihenkil\u00f6iden tai n\u00e4iden kahden yhdistelm\u00e4n) nimet ja osoitteet, jos ne on ilmoitettu.<\/li>\n<li> toimittamaan kopiot kaikesta painetusta materiaalista sek\u00e4 kaikki muut tiedot, jotka voivat auttaa j\u00e4senyyskomiteaa hakemuksesi k\u00e4sittelyss\u00e4.<\/li>\n<li> Todistamaan, ett\u00e4 sinulla\/yrityksell\u00e4si on riitt\u00e4v\u00e4 vakuutus (kotimaassasi).<\/li>\n<li> Lyhyet tiedot yrityksen kaikkien johtajien tai osakkaiden urasta.<\/li>\n<\/ul>\n<p><u>Kumppanuusj\u00e4senyys<\/u><\/p>\n<p>EuRA:n liit\u00e4nn\u00e4isj\u00e4senyys on avoin yrityksille, joiden kaupallinen toiminta liittyy muuttopalvelujen tarjoajiin ja joita muuttopalvelujen tarjoajat k\u00e4ytt\u00e4v\u00e4t.<\/p>\n<p>Kriteerit:<\/p>\n<ul>\n<li> European Relocation Associationin t\u00e4ysj\u00e4senen on nimitett\u00e4v\u00e4 liit\u00e4nn\u00e4isj\u00e4seneksi.<\/li>\n<li> Jos hakija ei tunne ket\u00e4\u00e4n yhdistyksen j\u00e4sent\u00e4, h\u00e4n voi silti hakea j\u00e4senyytt\u00e4. T\u00e4ss\u00e4 tapauksessa pyyd\u00e4mme toimittamaan kahden suosittelijan nimet ja osoitteet. Hakemus k\u00e4sitell\u00e4\u00e4n t\u00e4m\u00e4n j\u00e4lkeen yhdistyksen neuvostossa.<\/li>\n<\/ul>\n<p><u>Maailmanlaajuinen j\u00e4senyys<\/u><\/p>\n<p>EuRAn maailmanlaajuinen j\u00e4senyys on avoin yrityksille, jotka tarjoavat muuttopalveluja mill\u00e4 tahansa Manner-Euroopan ulkopuolisella alueella.<\/p>\n<p>European Relocation Associationin maailmanlaajuinen j\u00e4senyys on avoin yrityksille, joiden kaupallinen toiminta liittyy yksityishenkil\u00f6ilt\u00e4 tai yhteis\u00f6ilt\u00e4 saataviin tuloihin ja jotka saavat tuloja muuttopalvelujen tarjoamisesta.<\/p>\n<p>Muuttoyritykseksi katsotaan organisaatio, joka tarjoaa erilaisia palveluja, joiden tarkoituksena on helpottaa yksityishenkil\u00f6iden tai henkil\u00f6ryhmien ja heid\u00e4n perheidens\u00e4 liikkuvuutta. T\u00e4llaisia palveluja voidaan tarjota l\u00e4ht\u00f6- tai kohdealueella tai molemmilla alueilla.<\/p>\n<p>Kriteerit:<\/p>\n<ul>\n<li> Jotta kaupank\u00e4ynti olisi kest\u00e4nyt v\u00e4hint\u00e4\u00e4n kaksi vuotta, on toimitettava todiste yhden toimeksiannon suorittamisesta eli todiste rekister\u00f6innist\u00e4.<\/li>\n<li> t\u00e4ytt\u00e4m\u00e4\u00e4n kyselylomakkeen, jossa ilmoitetaan kahden suosittelijan (asiakkaat, joille on tehty t\u00f6it\u00e4 viimeisten 12 kuukauden aikana) sek\u00e4 yhden EuRA:n j\u00e4senen nimet ja osoitteet. EuRA ottaa yhteytt\u00e4 n\u00e4ihin suosittelijoihin.<\/li>\n<li> toimittamaan kopiot kaikesta painetusta materiaalista sek\u00e4 kaikki muut tiedot, jotka voivat auttaa j\u00e4senyyskomiteaa hakemuksesi k\u00e4sittelyss\u00e4.<\/li>\n<li> Todistamaan, ett\u00e4 sinulla\/yrityksell\u00e4si on riitt\u00e4v\u00e4 vakuutus (kotimaassasi).<\/li>\n<li> Lyhyet tiedot yrityksen kaikkien johtajien tai osakkaiden urasta.<\/li>\n<li> Olla k\u00e4ytett\u00e4viss\u00e4 haastattelua varten (kotimaassa)<\/li>\n<\/ul>\n<p><strong>Esimerkki j\u00e4senyrityksist\u00e4<\/strong><\/p>\n<ul>\n<li> <a href=\"https:\/\/moverdb.com\/fi\/santa-fe-relocation\/\">Santa Fe Muuttopalvelut<\/a> <\/li>\n<li> <a href=\"https:\/\/moverdb.com\/fi\/aires\/\">Aires<\/a><\/li>\n<li> <a href=\"https:\/\/moverdb.com\/fi\/sterling-relocation\/\">Sterling Siirtyminen<\/a><\/li>\n<li> <a href=\"https:\/\/moverdb.com\/fi\/robinsons\/\">Robinsons Relocation<\/a><\/li>\n<li> <a href=\"https:\/\/moverdb.com\/fi\/dt-moving\/\">DT Moving<\/a><\/li>\n<li> <a href=\"https:\/\/moverdb.com\/fi\/bournes\/\">Bournes<\/a><\/li>\n<li> <a href=\"https:\/\/moverdb.com\/fi\/btr-international\/\">BTR International<\/a><\/li>\n<li> <a href=\"https:\/\/moverdb.com\/fi\/packimpex\/\">Packimpex<\/a><\/li>\n<\/ul>\n<p><strong>Mielipiteet EuRAsta<\/strong><\/p>\n<p>EuRA mainitaan useiden eri yritysten (esimerkiksi muuttofirmojen ja palveluasuntojen) verkkosivustoilla, ja usein sen yhteydess\u00e4 kerrotaan, miten kyseinen yritys voi tuoda lis\u00e4etuja muuttoprosessiin. <\/p>\n<p>Yhdistyksen maailmanlaajuista ulottuvuutta korostetaan usein, samoin kuin sit\u00e4, ett\u00e4 se on osallistunut alan laatustandardien asettamiseen. Verkkosivuilla sit\u00e4 kuvaillaan \"alan elimen\u00e4\", jolla on koulutusosasto ja k\u00e4yt\u00e4nnes\u00e4\u00e4nn\u00f6t, joita kaikkien j\u00e4senten on noudatettava.<\/p>\n<blockquote><p>EURA on erinomainen yhteisty\u00f6kumppani, joka auttaa meit\u00e4 saavuttamaan tavoitteemme valistaa markkinoita ja osoittaa, miten palveluasunnot voivat tuoda todellista hy\u00f6ty\u00e4 muuttoprosessiin.<\/p><\/blockquote>\n<p>- <a href=\"http:\/\/www.chevalresidences.com\/partners-eura.html\" target=\"_blank\" rel=\"noopener\">Cheval Residences<\/a><\/p>\n<blockquote><p>\nEuRA:n teht\u00e4v\u00e4n\u00e4 ja perustavoitteina on parantaa ja yll\u00e4pit\u00e4\u00e4 alan laatustandardeja, edist\u00e4\u00e4 alaa ja mahdollistaa j\u00e4senist\u00f6n jatkuva ammatillinen koulutus. Kaikki t\u00e4m\u00e4 hy\u00f6dytt\u00e4\u00e4 liikkuvaa ty\u00f6ntekij\u00e4\u00e4 ja h\u00e4nen perhett\u00e4\u00e4n, ja kun n\u00e4in tapahtuu, my\u00f6s me ryhm\u00e4n\u00e4 hy\u00f6dymme.<\/p><\/blockquote>\n<p>- <a href=\"http:\/\/www.globalbusinessnews.net\/\" target=\"_blank\" rel=\"noopener\">Global Business News<\/a><\/p>\n<blockquote><p>\nEuRA on alan elin, joka edustaa sek\u00e4 Euroopan ett\u00e4 koko maailman siirtoalan ammattilaisia. Muuttopalvelujen tarjoajien on noudatettava EuRA:n toimintas\u00e4\u00e4nt\u00f6j\u00e4. <\/p><\/blockquote>\n<p>-  <a href=\"http:\/\/info.bournesmoves.com\/relocation-solutions\/blog\/relocation-moves\/bournes-removals-uk-join-eura\" target=\"_blank\" rel=\"noopener\">Bournesin uudelleenvalinnat<\/a><\/p>\n<p><strong>Verkkosivusto:<\/strong> <a href=\"http:\/\/www.eura-relocation.com\/\" target=\"_blank\" rel=\"noopener\">http:\/\/www.eura-relocation.com\/<\/a><\/p>","protected":false},"excerpt":{"rendered":"<p>The European Relocation Association (EuRA) promotes the benefits of professionally managed relocation and mobility services to companies with globally mobile employees. Its aims include establishing itself as the premier relocation organisation in Europe and setting benchmarks for innovation and best practice. Key facts about EuRA: EuRA members include Relocation Service Providers, as well as those [&hellip;]<\/p>\n","protected":false},"author":1,"featured_media":0,"parent":0,"menu_order":0,"comment_status":"closed","ping_status":"closed","template":"","meta":{"_genesis_hide_title":false,"_genesis_hide_breadcrumbs":false,"_genesis_hide_singular_image":false,"_genesis_hide_footer_widgets":false,"_genesis_custom_body_class":"","_genesis_custom_post_class":"","_genesis_layout":"","footnotes":""},"class_list":{"0":"post-444","1":"page","2":"type-page","3":"status-publish","5":"entry"},"_links":{"self":[{"href":"https:\/\/moverdb.com\/fi\/wp-json\/wp\/v2\/pages\/444","targetHints":{"allow":["GET"]}}],"collection":[{"href":"https:\/\/moverdb.com\/fi\/wp-json\/wp\/v2\/pages"}],"about":[{"href":"https:\/\/moverdb.com\/fi\/wp-json\/wp\/v2\/types\/page"}],"author":[{"embeddable":true,"href":"https:\/\/moverdb.com\/fi\/wp-json\/wp\/v2\/users\/1"}],"replies":[{"embeddable":true,"href":"https:\/\/moverdb.com\/fi\/wp-json\/wp\/v2\/comments?post=444"}],"version-history":[{"count":17,"href":"https:\/\/moverdb.com\/fi\/wp-json\/wp\/v2\/pages\/444\/revisions"}],"predecessor-version":[{"id":6204,"href":"https:\/\/moverdb.com\/fi\/wp-json\/wp\/v2\/pages\/444\/revisions\/6204"}],"wp:attachment":[{"href":"https:\/\/moverdb.com\/fi\/wp-json\/wp\/v2\/media?parent=444"}],"curies":[{"name":"wp","href":"https:\/\/api.w.org\/{rel}","templated":true}]}}