{"id":443,"date":"2016-06-18T21:12:56","date_gmt":"2016-06-18T21:12:56","guid":{"rendered":"http:\/\/moverdb.com\/?page_id=443"},"modified":"2026-01-08T13:18:29","modified_gmt":"2026-01-08T13:18:29","slug":"harmony-relocation-network","status":"publish","type":"page","link":"https:\/\/moverdb.com\/fi\/harmony-relocation-network\/","title":{"rendered":"Harmony Relocation Network (HRN) selitetty"},"content":{"rendered":"<p>Harmony Relocation Network (HRN) on kumppaniyritysten ryhm\u00e4, joka perustettiin rakentamaan yleiseurooppalainen verkosto maailmanlaajuisia siirtoja varten. Infrastruktuurin, teknologian, laadun ja kest\u00e4vyyden integroinnin tarkoituksena on tuottaa jatkuvasti korkealaatuista palvelua.<\/p>\n<p><strong>T\u00e4rkeimm\u00e4t tiedot korkeasta edustajasta:<\/strong><\/p>\n<ol>\n<li>  J\u00e4senist\u00f6 koostuu 140 j\u00e4senest\u00e4 60 maassa.<\/li>\n<li>  HRN palvelee 180 maata kuudessa maanosassa.<\/li>\n<li>  HRN aloitti toimintansa vuonna 1992, ja 140 j\u00e4sent\u00e4 on kaikki yrityksen osaomistajia.<\/li>\n<li>  HRN:n perustivat saksalaiset ja alankomaalaiset yritykset ennen kuin se laajeni seuraaviin maihin <a href=\"https:\/\/moverdb.com\/fi\/moving-to-australia\/living-in-australia\/\" data-internallinksmanager029f6b8e52c=\"240\" title=\"21 salaisuuksia asumisesta Australiassa tiet\u00e4\u00e4 ennen muuttoa\">Australia<\/a> ja Aasiaan ja sen j\u00e4lkeen L\u00e4hi-it\u00e4\u00e4n, Latinalaiseen Amerikkaan ja Afrikkaan.<\/li>\n<li>  Vuosina 2002-2015 HRN oli osa UniGroup Worldwide UTS:\u00e4\u00e4, jolla oli <a href=\"https:\/\/moverdb.com\/fi\/moving-to-the-united-states\/\" data-internallinksmanager029f6b8e52c=\"94\" title=\"Muutatko Yhdysvaltoihin? 2022 Elinkustannukset ja muuttovinkit\">US<\/a> pohjainen Van Line.<\/li>\n<li>  HRN on suurin yhteisesti br\u00e4nd\u00e4tty maailmanlaajuinen muuttofirmojen verkosto.<\/li>\n<\/ol>\n<p><strong>Harmony Relocation Networkin profiili:<\/strong><\/p>\n<p>HRN:n ideana on yhdist\u00e4\u00e4 paikallisen perinn\u00f6n parhaat puolet maailmanlaajuiseen mittakaavaan ja tarjota yrityksille ja yksityishenkil\u00f6ille muuttopalveluja, jotka tuntuvat paikallisilta, mutta joilla on maailmanlaajuinen ulottuvuus. <\/p>\n<p>Tarjottaviin palveluihin kuuluvat muutonhallintapalvelut, muuttooperaatiot ja kohdepalvelut. HRN on kehitt\u00e4nyt oman verkkopohjaisen IT-j\u00e4rjestelm\u00e4ns\u00e4, jonka tarkoituksena on pit\u00e4\u00e4 asiakkaat ajan tasalla ja varmistaa, ett\u00e4 prosessi on mahdollisimman kattava ja johdonmukainen - se sis\u00e4lt\u00e4\u00e4 raportointi- ja seurantaominaisuudet. <\/p>\n<p>Taloudellisen, ymp\u00e4rist\u00f6llisen ja sosiaalisen kest\u00e4vyyden yhdist\u00e4minen on t\u00e4rke\u00e4\u00e4 HRN:lle, joka mainitsee sen yhten\u00e4 peruspilarinaan ihmisten, teknologian ja ymp\u00e4rist\u00f6n tasapainottamisessa.<\/p>\n<p><strong>J\u00e4senyyskriteerit <\/strong><\/p>\n<p>Verkkosivustolla ei ole j\u00e4senyyskriteerej\u00e4 - siell\u00e4 on vain yhteystietosivu.<\/p>\n<p><strong>Esimerkki j\u00e4senyrityksist\u00e4<\/strong><\/p>\n<ul>\n<li> <a href=\"https:\/\/moverdb.com\/fi\/bournes\/\">Bournes<\/a><\/li>\n<li> <a href=\"https:\/\/moverdb.com\/fi\/cadogan-tate\/\">Cadogan Tate<\/a><\/li>\n<li> <a href=\"https:\/\/moverdb.com\/fi\/gerson-relocation\/\">Gerson uudelleensijoittaminen<\/a><\/li>\n<li> <a href=\"https:\/\/moverdb.com\/fi\/pearson\/\">Pearsonin koti muutto<\/a><\/li>\n<\/ul>\n<p><strong>Mielipiteet aiheesta HRN<\/strong><\/p>\n<p>HRN on mukana useilla muuttajien verkkosivustoilla, joilla se mainitaan organisaationa, jolla on seuraavat ominaisuudet <em>\"uusi nimi, mutta todistettu menestys.\"<\/em> Vahvat perhearvot ja yhteisty\u00f6h\u00f6n perustuva globaali l\u00e4hestymistapa n\u00e4kyv\u00e4t joka kerta. <\/p>\n<p>Yleinen yksimielisyys n\u00e4ytt\u00e4\u00e4 olevan siit\u00e4, ett\u00e4 muuttaminen HRN:\u00e4\u00e4n kuuluvan muuttoliikeyrityksen kanssa antaa asiakkaalle mahdollisuuden hy\u00f6dynt\u00e4\u00e4 koko verkoston tarjoamia etuja. On korostettu, ett\u00e4 j\u00e4senten on noudatettava yleist\u00e4 palvelutasosopimusta, ja t\u00e4m\u00e4n tuloksena on johdonmukaisuus. <em>\"Vaikka tavat ja kulttuuri voivat vaihdella maittain, odotettavissa oleva palvelun korkea laatu ei vaihtele. Maailmanlaajuisesti - samat menettelyt, palvelu ja korkea laatu.\"<\/em> <\/p>\n<p>Lis\u00e4ksi monet niist\u00e4, jotka mainitsevat j\u00e4senyyden verkkosivuillaan, keskittyv\u00e4t verkoston kokoon ja siihen, ett\u00e4 se on yksi maailman suurimmista laatuaan.<\/p>\n<blockquote><p>Harmony on paikallisesti omistettujen muuttofirmojen maailmanlaajuinen verkosto, joka yll\u00e4pit\u00e4\u00e4 vahvoja perhearvoja sukupolvien perinn\u00f6n kautta.<\/p><\/blockquote>\n<p>- <a href=\"http:\/\/www.abels.co.uk\/harmony-relocation-network\/\" target=\"_blank\" rel=\"noopener\">Abels<\/a><\/p>\n<blockquote><p>Harmony yhdist\u00e4\u00e4 paikallisen perinn\u00f6n parhaat puolet maailmanlaajuiseen mittakaavaan, tekee ylim\u00e4\u00e4r\u00e4isen mailin ja pit\u00e4\u00e4 lupauksemme. Meille on todella t\u00e4rke\u00e4\u00e4, ett\u00e4 ihmiset ja paikalliset ovat meille t\u00e4rkeit\u00e4.<\/p><\/blockquote>\n<p>- <a href=\"https:\/\/theresforum.com\/partners\/harmony\/\" target=\"_blank\" rel=\"noopener\">RES-foorumi<\/a><\/p>\n<blockquote><p>Verkosto tarjoaa laajan valikoiman l\u00e4hetyst\u00e4 edelt\u00e4vi\u00e4, kuljetus- ja kohdepalveluja, jotka auttavat yksityishenkil\u00f6it\u00e4 tai henkil\u00f6st\u00f6johtajia ja l\u00e4hetettyj\u00e4 henkil\u00f6it\u00e4 opastamaan koko matkan ajan alusta loppuun.<\/p><\/blockquote>\n<p>- <a href=\"http:\/\/bournesmoves.com\/relocation\/harmony-relocation-network.htm\" target=\"_blank\" rel=\"noopener\">Bournes<\/a> <\/p>\n<p><a href=\"http:\/\/www.harmonyrelo.com\/\" target=\"_blank\" rel=\"noopener\">http:\/\/www.harmonyrelo.com\/<\/a><\/p>","protected":false},"excerpt":{"rendered":"<p>The Harmony Relocation Network (HRN) is a group of partner companies that was created to build a pan-European network for global relocation. Integration of infrastructure, technology, quality and sustainability is designed to produce a consistently high quality service. Key facts about HRH: The membership is made up of 140 members in 60 countries. The HRN [&hellip;]<\/p>\n","protected":false},"author":1,"featured_media":0,"parent":0,"menu_order":0,"comment_status":"closed","ping_status":"closed","template":"","meta":{"_genesis_hide_title":false,"_genesis_hide_breadcrumbs":false,"_genesis_hide_singular_image":false,"_genesis_hide_footer_widgets":false,"_genesis_custom_body_class":"","_genesis_custom_post_class":"","_genesis_layout":"","footnotes":""},"class_list":{"0":"post-443","1":"page","2":"type-page","3":"status-publish","5":"entry"},"_links":{"self":[{"href":"https:\/\/moverdb.com\/fi\/wp-json\/wp\/v2\/pages\/443","targetHints":{"allow":["GET"]}}],"collection":[{"href":"https:\/\/moverdb.com\/fi\/wp-json\/wp\/v2\/pages"}],"about":[{"href":"https:\/\/moverdb.com\/fi\/wp-json\/wp\/v2\/types\/page"}],"author":[{"embeddable":true,"href":"https:\/\/moverdb.com\/fi\/wp-json\/wp\/v2\/users\/1"}],"replies":[{"embeddable":true,"href":"https:\/\/moverdb.com\/fi\/wp-json\/wp\/v2\/comments?post=443"}],"version-history":[{"count":6,"href":"https:\/\/moverdb.com\/fi\/wp-json\/wp\/v2\/pages\/443\/revisions"}],"predecessor-version":[{"id":6219,"href":"https:\/\/moverdb.com\/fi\/wp-json\/wp\/v2\/pages\/443\/revisions\/6219"}],"wp:attachment":[{"href":"https:\/\/moverdb.com\/fi\/wp-json\/wp\/v2\/media?parent=443"}],"curies":[{"name":"wp","href":"https:\/\/api.w.org\/{rel}","templated":true}]}}