{"id":442,"date":"2016-06-12T20:08:54","date_gmt":"2016-06-12T20:08:54","guid":{"rendered":"http:\/\/moverdb.com\/?page_id=442"},"modified":"2026-01-08T14:48:14","modified_gmt":"2026-01-08T14:48:14","slug":"euromovers","status":"publish","type":"page","link":"https:\/\/moverdb.com\/fi\/euromovers\/","title":{"rendered":"Euroopan liikkujakumppanuus (EUROMOVERS International) selitet\u00e4\u00e4n"},"content":{"rendered":"<p>Euromoversin kotipaikka on <a href=\"https:\/\/moverdb.com\/fi\/moving-to-luxembourg\/\" data-internallinksmanager029f6b8e52c=\"349\" title=\"Muutatko Luxemburgiin? 2023 Elinkustannukset ja muuttovinkit\">Luxemburg<\/a> ja se koostuu useista johtavista <a href=\"https:\/\/moverdb.com\/fi\/muuttoyritykset\/\">kansainv\u00e4liset muuttofirmat<\/a> jotka ovat muodostaneet verkoston yhteisten standardien, vision ja suunnan perusteella. <\/p>\n<p>Konserni tarjoaa muuttopalveluja, jotka ovat parempia, koska sen verkostoon kuuluu useita yrityksi\u00e4.<\/p>\n<p><strong>T\u00e4rkeimm\u00e4t tiedot Euromoversista:<\/strong><\/p>\n<ol>\n<li>  Euromovers on yli 70 muuttoliikeyrityksen verkosto.<\/li>\n<li>  J\u00e4senj\u00e4rjest\u00f6t ovat per\u00e4isin useista eri maista, muun muassa seuraavista maista <a href=\"https:\/\/moverdb.com\/fi\/moving-to-austria\/\" data-internallinksmanager029f6b8e52c=\"343\" title=\"Muutatko It\u00e4valtaan? 2023 Elinkustannukset ja muuttovinkit\">It\u00e4valta<\/a>, <a href=\"https:\/\/moverdb.com\/fi\/moving-to-belgium\/\" data-internallinksmanager029f6b8e52c=\"323\" title=\"Muutatko Belgiaan? 2023 Elinkustannukset ja muuttovinkit\">Belgia<\/a>, <a href=\"https:\/\/moverdb.com\/fi\/moving-to-the-czech-republic\/\" data-internallinksmanager029f6b8e52c=\"391\" title=\"Muutatko T\u0161ekkiin? 2024 Elinkustannukset ja muuttovinkit\">T\u0161ekin tasavalta<\/a>, <a href=\"https:\/\/moverdb.com\/fi\/moving-to-denmark\/\" data-internallinksmanager029f6b8e52c=\"335\" title=\"Muutatko Tanskaan? 2023 Elinkustannukset ja muuttovinkit\">Tanska<\/a>, <a href=\"https:\/\/moverdb.com\/fi\/moving-to-finland\/\" data-internallinksmanager029f6b8e52c=\"345\" title=\"Muutatko Suomeen? 2023 Elinkustannukset ja muuttovinkit\">Suomi<\/a>, <a href=\"https:\/\/moverdb.com\/fi\/moving-to-france\/\" data-internallinksmanager029f6b8e52c=\"315\" title=\"Muutatko Ranskaan? 2023 Elinkustannukset ja muuttovinkit\">Ranska<\/a>, <a href=\"https:\/\/moverdb.com\/fi\/moving-to-germany\/\" data-internallinksmanager029f6b8e52c=\"321\" title=\"Muutatko Saksaan? 2023 Elinkustannukset ja muuttovinkit\">Saksa<\/a>, <a href=\"https:\/\/moverdb.com\/fi\/moving-to-greece\/\" data-internallinksmanager029f6b8e52c=\"353\" title=\"Muutatko Kreikkaan? 2023 Elinkustannukset ja muuttovinkit\">Kreikka<\/a>, <a href=\"https:\/\/moverdb.com\/fi\/moving-to-italy\/\" data-internallinksmanager029f6b8e52c=\"346\" title=\"Muutatko Italiaan? 2023 Elinkustannukset ja muuttovinkit\">Italia<\/a>, Luxemburg, <a href=\"https:\/\/moverdb.com\/fi\/moving-to-the-netherlands\/\" data-internallinksmanager029f6b8e52c=\"328\" title=\"Muutatko Alankomaihin? 2023 Elinkustannukset ja muuttovinkit\">Alankomaat<\/a>, <a href=\"https:\/\/moverdb.com\/fi\/moving-to-slovakia\/\" data-internallinksmanager029f6b8e52c=\"338\" title=\"Muutatko Slovakiaan? 2023 Elinkustannukset ja muuttovinkit\">Slovakia<\/a>, <a href=\"https:\/\/moverdb.com\/fi\/moving-to-spain\/\" data-internallinksmanager029f6b8e52c=\"266\" title=\"Muutatko Espanjaan? 2023 Elinkustannukset ja muuttovinkit\">Espanja<\/a>, <a href=\"https:\/\/moverdb.com\/fi\/moving-to-switzerland\/\" data-internallinksmanager029f6b8e52c=\"327\" title=\"Muutatko Sveitsiin? 2023 Elinkustannukset ja muuttovinkit\">Sveitsi<\/a> ja <a href=\"https:\/\/moverdb.com\/fi\/international-removals\/\">Yhdistynyt kuningaskunta<\/a>ja Euroopan ulkopuolella <a href=\"https:\/\/moverdb.com\/fi\/moving-to-the-united-states\/\" data-internallinksmanager029f6b8e52c=\"94\" title=\"Muutatko Yhdysvaltoihin? 2022 Elinkustannukset ja muuttovinkit\">Yhdysvallat<\/a>, <a href=\"https:\/\/moverdb.com\/fi\/moving-to-australia\/living-in-australia\/\" data-internallinksmanager029f6b8e52c=\"240\" title=\"21 salaisuuksia asumisesta Australiassa tiet\u00e4\u00e4 ennen muuttoa\">Australia<\/a>, Ven\u00e4j\u00e4n federaatio ja <a href=\"https:\/\/moverdb.com\/fi\/moving-to-china\/\" data-internallinksmanager029f6b8e52c=\"357\" title=\"Muutatko Kiinaan? 2023 Elinkustannukset ja muuttovinkit\">Kiina<\/a>.<\/li>\n<li>  Euromovers tarjoaa muuttopalveluja, se ei ole ammattiyhdistys.<\/li>\n<li>  Jokainen Euromovers-verkoston yhteisty\u00f6kumppani osallistuu s\u00e4\u00e4nn\u00f6llisiin auditointeihin ja tarkastuksiin varmistaakseen, ett\u00e4 vakiintuneita standardeja noudatetaan.<\/li>\n<li>  Euromovers on j\u00e4sen, jos <a href=\"https:\/\/moverdb.com\/fi\/olen\/\">Kansainv\u00e4linen muuttajien liitto<\/a> ja sill\u00e4 on laatusertifikaatit ISO 9001 (laadunhallintapalvelut), ISO 14001 (ymp\u00e4rist\u00f6j\u00e4rjestelm\u00e4t) ja ISO 27001 (tietoturvaj\u00e4rjestelm\u00e4t).<\/li>\n<\/ol>\n<p><strong>European Mover Partnership -profiili:<\/strong><\/p>\n<p>Euromovers tarjoaa <a href=\"https:\/\/moverdb.com\/fi\/international-removals\/\">Muutot Eurooppaan ja ulkomaille<\/a> sen 70 j\u00e4senen kautta, jotka ovat levitt\u00e4ytyneet eri puolille Eurooppaa ja laajemmille alueille, kuten Kiinaan ja Ven\u00e4j\u00e4lle. <\/p>\n<p>Se tarjoaa ovelta ovelle -muutto- ja uudelleensijoituspalveluja yrityksille ja yksityishenkil\u00f6ille, varastointiratkaisuja, yritysratkaisuja ja kuvataiteen kuljetuksia. Keskin\u00e4inen kumppanuus, johon Euromovers perustuu, auttaa yrityst\u00e4 saavuttamaan visionsa integroidusta uudelleensijoittamisesta mihin tahansa maailmanlaajuiseen kohteeseen.<\/p>\n<p><strong>J\u00e4senyyskriteerit:<\/strong><\/p>\n<p>J\u00e4senyyskriteereist\u00e4 ei anneta tietoja verkossa.<\/p>\n<p><strong>Esimerkki j\u00e4senyrityksist\u00e4<\/strong><\/p>\n<ul>\n<li> <a href=\"https:\/\/moverdb.com\/fi\/atlas-van-lines-international\/\">Atlas Van Lines<\/a><\/li>\n<\/ul>\n<p><strong>Mielipiteet European Mover Partnership -kumppanuudesta<\/strong><\/p>\n<p>European Mover Partnershipia ei n\u00e4yt\u00e4 mainittavan muualla verkossa kuin sen omilla verkkosivuilla. On olemassa toinenkin samanniminen organisaatio - Euro Movers International LLC, jonka kotipaikka on osoitteessa <a href=\"https:\/\/moverdb.com\/fi\/moving-to-dubai\/\" data-internallinksmanager029f6b8e52c=\"246\" title=\"Muutto Dubaihin? 2023 Elinkustannukset ja muuttovinkit\">Dubai<\/a>mutta ei kuulu ryhm\u00e4\u00e4n. <\/p>\n<p>Dubai Euromovers vastaanottaa <a href=\"http:\/\/www.complaintsboard.com\/complaints\/euro-movers-dubai-c431198.html\" target=\"_blank\" rel=\"noopener\">eritt\u00e4in negatiivisia arvioita<\/a>.<\/p>\n<p><strong>Verkkosivusto:<\/strong> <a href=\"http:\/\/www.euromovers.com\/\" target=\"_blank\" rel=\"noopener\">http:\/\/www.euromovers.com\/<\/a><\/p>","protected":false},"excerpt":{"rendered":"<p>Euromovers is based in Luxembourg and is made up of a number of leading international moving companies who have formed a network on the basis of shared standards, vision and direction. The group offers moving services that are better provided because of its network of connected companies. Key facts about Euromovers: Euromovers is a network [&hellip;]<\/p>\n","protected":false},"author":1,"featured_media":0,"parent":0,"menu_order":0,"comment_status":"closed","ping_status":"closed","template":"","meta":{"_genesis_hide_title":false,"_genesis_hide_breadcrumbs":false,"_genesis_hide_singular_image":false,"_genesis_hide_footer_widgets":false,"_genesis_custom_body_class":"","_genesis_custom_post_class":"","_genesis_layout":"","footnotes":""},"class_list":{"0":"post-442","1":"page","2":"type-page","3":"status-publish","5":"entry"},"_links":{"self":[{"href":"https:\/\/moverdb.com\/fi\/wp-json\/wp\/v2\/pages\/442","targetHints":{"allow":["GET"]}}],"collection":[{"href":"https:\/\/moverdb.com\/fi\/wp-json\/wp\/v2\/pages"}],"about":[{"href":"https:\/\/moverdb.com\/fi\/wp-json\/wp\/v2\/types\/page"}],"author":[{"embeddable":true,"href":"https:\/\/moverdb.com\/fi\/wp-json\/wp\/v2\/users\/1"}],"replies":[{"embeddable":true,"href":"https:\/\/moverdb.com\/fi\/wp-json\/wp\/v2\/comments?post=442"}],"version-history":[{"count":5,"href":"https:\/\/moverdb.com\/fi\/wp-json\/wp\/v2\/pages\/442\/revisions"}],"predecessor-version":[{"id":6203,"href":"https:\/\/moverdb.com\/fi\/wp-json\/wp\/v2\/pages\/442\/revisions\/6203"}],"wp:attachment":[{"href":"https:\/\/moverdb.com\/fi\/wp-json\/wp\/v2\/media?parent=442"}],"curies":[{"name":"wp","href":"https:\/\/api.w.org\/{rel}","templated":true}]}}