{"id":441,"date":"2016-06-18T21:28:02","date_gmt":"2016-06-18T21:28:02","guid":{"rendered":"http:\/\/moverdb.com\/?page_id=441"},"modified":"2026-01-08T15:30:43","modified_gmt":"2026-01-08T15:30:43","slug":"tyontekijan-uudelleensijoitusneuvosto","status":"publish","type":"page","link":"https:\/\/moverdb.com\/fi\/employee-relocation-council\/","title":{"rendered":"Maailmanlaajuinen ty\u00f6ntekij\u00f6iden uudelleensijoitusneuvosto (ERC) selitetty"},"content":{"rendered":"<p>Worldwide Employee Relocation Council (ERC) kuvailee itse\u00e4\u00e4n ty\u00f6voiman liikkuvuuden j\u00e4rjest\u00f6ksi ammattilaisille, jotka valvovat, hallinnoivat tai tukevat Yhdysvaltojen sis\u00e4isi\u00e4 ja kansainv\u00e4lisi\u00e4 ty\u00f6ntekij\u00f6iden siirtoja. <\/p>\n<p>Sen tarkoituksena on auttaa j\u00e4seni\u00e4, jotka edustavat eri ammattialoja, kuten henkil\u00f6st\u00f6- ja kiinteist\u00f6alaa ja armeijaa, selviytym\u00e4\u00e4n ty\u00f6voiman liikkuvuuden haasteista.<\/p>\n<p><strong>Keskeiset tiedot ERC:st\u00e4:<\/strong><\/p>\n<ol>\n<li>  ERC:n j\u00e4senet edustavat monenlaisia ammatteja, kuten henkil\u00f6st\u00f6hallintoa, rekrytointia, julkishallintoa, armeijaa, kiinteist\u00f6alaa, rahoituspalveluja, muuttoa, neuvontaa ja konsultointia.<\/li>\n<li>  ERC:n toimiala kattaa kysymykset ja hallintok\u00e4yt\u00e4nn\u00f6t, jotka koskevat siirtoalan ammattilaisia seuraavilla aloilla. <a href=\"https:\/\/moverdb.com\/fi\/moving-to-the-united-states\/\" data-internallinksmanager029f6b8e52c=\"94\" title=\"Muutatko Yhdysvaltoihin? 2022 Elinkustannukset ja muuttovinkit\">Yhdysvallat<\/a> ja kaikkien muiden maiden v\u00e4lill\u00e4.<\/li>\n<li>  ERC:n p\u00e4\u00e4konttori sijaitsee <a href=\"https:\/\/moverdb.com\/fi\/muutto-washingtoniin\/\">Washington, DC,<\/a> jolla on eurooppalainen toimisto Brysseliss\u00e4, <a href=\"https:\/\/moverdb.com\/fi\/moving-to-belgium\/\" data-internallinksmanager029f6b8e52c=\"323\" title=\"Muutatko Belgiaan? 2023 Elinkustannukset ja muuttovinkit\">Belgia<\/a>.<\/li>\n<li>  ERC tarjoaa akkreditointeja, kuten Certified Relocation Professional ja Global Mobility Specialist.<\/li>\n<li>  Saatavilla on useita eri j\u00e4senyysluokkia, kuten yritysj\u00e4senyys (l\u00e4hinn\u00e4 talon sis\u00e4iset ammattilaiset), liikkuvuuspalveluj\u00e4senyys (ty\u00f6voiman liikkuvuutta harjoittaville yrityksille), henkil\u00f6kohtainen\/ammatillinen (PERC\u2122) j\u00e4senyys (tietoa etsiv\u00e4t, kuten tutkijat ja ty\u00f6nhakijat), uudelleensijoittamisen arvioija, kiinteist\u00f6nv\u00e4litt\u00e4j\u00e4 ja uudelleensijoittamisen hallintoyhti\u00f6.<\/li>\n<li>  Vuonna 2005 ERC:ll\u00e4 oli yli 12 000 j\u00e4sent\u00e4 (viimeisimm\u00e4t saatavilla olevat tilastot).<\/li>\n<\/ol>\n<p><strong>Worldwide Employee Relocation Councilin profiili:<\/strong><\/p>\n<p>ERC:ll\u00e4 on lukuisia teht\u00e4vi\u00e4, kuten edunvalvonta j\u00e4senten puolesta, koulutus ja koulutus sek\u00e4 verkostoitumismahdollisuudet. Se osallistuu my\u00f6s alan standardoinnin kehitt\u00e4miseen ja konsensuksen luomiseen sek\u00e4 uusien ty\u00f6k\u00e4yt\u00e4nt\u00f6jen ja s\u00e4hk\u00f6isten ratkaisujen edist\u00e4miseen. <\/p>\n<p>Sen lis\u00e4ksi, ett\u00e4 ERC toimii j\u00e4sentens\u00e4 puolesta ja niiden kanssa, se on tullut tunnetuksi siit\u00e4, ett\u00e4 se ker\u00e4\u00e4 tutkimusten avulla erilaisia tietoja, muun muassa analysoi kaupunkien soveltuvuutta vasta muuttaneille perheille. ERC on vakiinnuttanut asemansa ty\u00f6voiman liikkuvuuden asiantuntijana.<\/p>\n<p><strong>J\u00e4senyyskriteerit:<\/strong><\/p>\n<p>J\u00e4senyysperusteita ei ole lueteltu verkkosivustolla.<\/p>\n<p><strong>Luettelo ERC:n maailmanlaajuisista j\u00e4senist\u00e4 <a href=\"https:\/\/moverdb.com\/fi\/moving-companies\/\" data-internallinksmanager029f6b8e52c=\"79\" title=\"Top 25 Kansainv\u00e4list\u00e4 muuttoyrityksi\u00e4 verkossa\">Muuttoyritykset<\/a><\/strong><\/p>\n<ul>\n<li> <a href=\"https:\/\/moverdb.com\/fi\/aires\/\">Aires<\/a><\/li>\n<li> <a href=\"https:\/\/moverdb.com\/fi\/armstrong-relocation\/\">Armstrong uudelleensijoittaminen<\/a><\/li>\n<li> <a href=\"https:\/\/moverdb.com\/fi\/arpin-international\/\">Arpin International<\/a><\/li>\n<li> <a href=\"https:\/\/moverdb.com\/fi\/atlas-van-lines-international\/\">Atlas Van Lines<\/a><\/li>\n<li> <a href=\"https:\/\/moverdb.com\/fi\/santa-fe-relocation\/\">Santa Fe Muuttopalvelut<\/a><\/li>\n<li> <a href=\"https:\/\/moverdb.com\/fi\/sterling-relocation\/\">Sterling Siirtyminen<\/a><\/li>\n<li> <a href=\"https:\/\/moverdb.com\/fi\/arpin-van-lines\/\">Arpin Van Lines<\/a><\/li>\n<li> <a href=\"https:\/\/moverdb.com\/fi\/suddath\/\">Suddath<\/a><\/li>\n<li> <a href=\"https:\/\/moverdb.com\/fi\/dt-moving\/\">DT Moving<\/a><\/li>\n<li> <a href=\"https:\/\/moverdb.com\/fi\/btr-international\/\">BTR International<\/a><\/li>\n<p><a href=\"https:\/\/moverdb.com\/fi\/packimpex\/\">Packimpex<\/a>\n<\/ul>\n<p><strong>ERC:t\u00e4 koskevat mielipiteet<\/strong><\/p>\n<p>ERC ei esiinny kovin monella verkkosivustolla. Jos se mainitaan, se mainitaan usein siihen liittyvien j\u00e4rjest\u00f6jen, kuten Great Lakes Relocation Councilin, yhteydess\u00e4.<\/p>\n<blockquote><p>Tarjotakseen tarpeita uudelleensijoitusmarkkinoille ja auttaakseen siten ty\u00f6ntekij\u00f6it\u00e4 saamaan sujuvan alun uudessa el\u00e4m\u00e4nvaiheessaan kuusi henkil\u00f6\u00e4 perusti vuonna 1964 maailmanlaajuisen Employee Relocation Councilin (ERC) edelt\u00e4j\u00e4n. <a href=\"https:\/\/moverdb.com\/fi\/muutto-chicagoon\/\">Chicago<\/a>.<\/p><\/blockquote>\n<p>- <a href=\"http:\/\/start-up-services.de\/en\/company-profile-relocation-service\/relocation-associations\/worldwide-employee-relocation-council\/\" target=\"_blank\" rel=\"noopener\">K\u00e4ynnistyspalvelut<\/a><\/p>\n<p><strong>Verkkosivusto:<\/strong> <a href=\"http:\/\/www.worldwideerc.org\/Pages\/index.aspx\" target=\"_blank\" rel=\"noopener\">http:\/\/www.worldwideerc.org\/Pages\/index.aspx<\/a><\/p>","protected":false},"excerpt":{"rendered":"<p>The Worldwide Employee Relocation Council (ERC) describes itself as the workforce mobility association for professionals who oversee, manage, or support U.S. domestic and international employee transfer. Its purpose is to help members &#8211; who come from a range of professions, including HR, real estate and military &#8211; to deal with the challenges of workforce mobility. [&hellip;]<\/p>\n","protected":false},"author":1,"featured_media":0,"parent":0,"menu_order":0,"comment_status":"closed","ping_status":"closed","template":"","meta":{"_genesis_hide_title":false,"_genesis_hide_breadcrumbs":false,"_genesis_hide_singular_image":false,"_genesis_hide_footer_widgets":false,"_genesis_custom_body_class":"","_genesis_custom_post_class":"","_genesis_layout":"","footnotes":""},"class_list":{"0":"post-441","1":"page","2":"type-page","3":"status-publish","5":"entry"},"_links":{"self":[{"href":"https:\/\/moverdb.com\/fi\/wp-json\/wp\/v2\/pages\/441","targetHints":{"allow":["GET"]}}],"collection":[{"href":"https:\/\/moverdb.com\/fi\/wp-json\/wp\/v2\/pages"}],"about":[{"href":"https:\/\/moverdb.com\/fi\/wp-json\/wp\/v2\/types\/page"}],"author":[{"embeddable":true,"href":"https:\/\/moverdb.com\/fi\/wp-json\/wp\/v2\/users\/1"}],"replies":[{"embeddable":true,"href":"https:\/\/moverdb.com\/fi\/wp-json\/wp\/v2\/comments?post=441"}],"version-history":[{"count":15,"href":"https:\/\/moverdb.com\/fi\/wp-json\/wp\/v2\/pages\/441\/revisions"}],"predecessor-version":[{"id":6255,"href":"https:\/\/moverdb.com\/fi\/wp-json\/wp\/v2\/pages\/441\/revisions\/6255"}],"wp:attachment":[{"href":"https:\/\/moverdb.com\/fi\/wp-json\/wp\/v2\/media?parent=441"}],"curies":[{"name":"wp","href":"https:\/\/api.w.org\/{rel}","templated":true}]}}