{"id":440,"date":"2016-06-12T19:59:07","date_gmt":"2016-06-12T19:59:07","guid":{"rendered":"http:\/\/moverdb.com\/?page_id=440"},"modified":"2026-01-08T13:19:01","modified_gmt":"2026-01-08T13:19:01","slug":"iata","status":"publish","type":"page","link":"https:\/\/moverdb.com\/fi\/iata\/","title":{"rendered":"Kansainv\u00e4lisen ilmakuljetusliiton (IATA) selitykset"},"content":{"rendered":"<p>Kansainv\u00e4linen ilmakuljetusliitto (IATA) on maailman lentoyhti\u00f6iden maailmanlaajuinen ammattij\u00e4rjest\u00f6. <\/p>\n<p>Sen teht\u00e4v\u00e4n\u00e4 on johtaa ja palvella j\u00e4seni\u00e4\u00e4n sek\u00e4 edustaa heid\u00e4n etujaan tavalla, joka edist\u00e4\u00e4 lentokentt\u00e4kuljetusalaa.<\/p>\n<p><strong>T\u00e4rkeimm\u00e4t tiedot IATA:sta:<\/strong><\/p>\n<ol>\n<li>  Se edustaa noin 260 lentoyhti\u00f6t\u00e4 tai 83% koko lentoliikenteest\u00e4.<\/li>\n<li>  Sill\u00e4 on maailmanlaajuinen ulottuvuus.<\/li>\n<li>  IATA:n j\u00e4senten lennot edustavat 83% kokonaisliikenteest\u00e4.<\/li>\n<li>  Se perustettiin Kuuban Havannassa huhtikuussa 1945.<\/li>\n<li>  Kun se perustettiin vuonna 1945, sill\u00e4 oli 57 j\u00e4sent\u00e4 31 maasta, p\u00e4\u00e4asiassa Euroopasta ja Pohjois-Amerikasta. Nyky\u00e4\u00e4n sill\u00e4 on noin 260 j\u00e4sent\u00e4 117 kansakunnasta eri puolilta maailmaa.<\/li>\n<li>  Sen painopisteit\u00e4 ovat turvallisuus, turvatoimet, ymp\u00e4rist\u00f6, palvelut, liiketoiminnan yksinkertaistaminen ja suhteiden luominen alan sis\u00e4ll\u00e4.<\/li>\n<li>  IATA:n Billing and Settlement Plan toimii alan taloudellisena selk\u00e4rankana, sill\u00e4 se hallinnoi yli $270 miljardin euron vuosittaista liikevaihtoa, joka syntyy matkatoimistojen lipunmyynnist\u00e4 lentoyhti\u00f6ille.<\/li>\n<\/ol>\n<p><strong>Kansainv\u00e4lisen ilmakuljetusliiton profiili:<\/strong><\/p>\n<p>IATA on maailmanlaajuisesti tunnustettu lentoyhti\u00f6iden ammattij\u00e4rjest\u00f6, joka on toiminut yli 50 vuotta. Sen j\u00e4seni\u00e4 ovat sek\u00e4 <a href=\"https:\/\/moverdb.com\/fi\/huolitsija\/\">rahti<\/a> ja matkustajaliikenteen harjoittajia, ja sill\u00e4 on toimistoja 53 maassa eri puolilla maailmaa. <\/p>\n<p>Se on kasvanut lentomatkustamisen rinnalla ja ty\u00f6skennellyt yhdess\u00e4 alan kanssa auttaakseen kehitt\u00e4m\u00e4\u00e4n standardeja, k\u00e4yt\u00e4nt\u00f6j\u00e4 ja menettelyj\u00e4, joilla s\u00e4\u00e4nnell\u00e4\u00e4n alaa ja varmistetaan asiakkaille yhdenmukainen palvelutaso. IATA on aidosti maailmanlaajuinen j\u00e4rjest\u00f6, ja sen 260 j\u00e4sent\u00e4 tulevat yli 117 maasta.<\/p>\n<p>Kuluttajansuojan lis\u00e4ksi IATA on ollut mukana auttamassa lentoyhti\u00f6it\u00e4 muuttumaan kest\u00e4v\u00e4mmiksi. J\u00e4rjest\u00f6 tarjoaa tietoa lentoyhti\u00f6ist\u00e4, erilaisia julkaisuja sek\u00e4 koulutusohjelmia ja akkreditointia matkailualalla ty\u00f6skenteleville. <\/p>\n<p>Lis\u00e4ksi se tarjoaa erilaisia rahoituspalveluja, kuten perint\u00e4palveluja lentoyhti\u00f6ille.<\/p>\n<p><strong>J\u00e4senyyskriteerit<\/strong><\/p>\n<p>IATA:n j\u00e4senyyden, johon liittyy t\u00e4ydet oikeudet ja etuoikeudet, voi saada vasta sen j\u00e4lkeen, kun: IATA Operational Safety Audit (IOSA) -rekister\u00f6inti, j\u00e4senyysosaston suorittama hallinnollinen tarkastus, kaikkien hakemusmaksujen ja j\u00e4senmaksujen maksaminen.<\/p>\n<p>IOSA:n suorittaminen hyv\u00e4ksytysti johtaa IOSA-rekisterin t\u00e4ydent\u00e4miseen. Lentoyhti\u00f6n on oltava IOSA-rekisteriss\u00e4 ennen kuin IATA:n j\u00e4senyys voidaan hyv\u00e4ksy\u00e4.<\/p>\n<p>T\u00e4m\u00e4n j\u00e4lkeen toimitetaan hakemuslomake ja seuraavat todistusasiakirjat:<\/p>\n<ul>\n<li> Oikeaksi todistettu j\u00e4ljenn\u00f6s v\u00e4hint\u00e4\u00e4n kuusi kuukautta voimassa olevasta lentotoimintaluvasta (AOC), jossa on todistuksen my\u00f6nt\u00e4v\u00e4n viranomaisen (ei notaarin) alkuper\u00e4inen leima, p\u00e4iv\u00e4ys ja allekirjoitus, sek\u00e4 tarvittaessa rekisterivaltion antamat toimintam\u00e4\u00e4r\u00e4ykset.<\/li>\n<li> Oikeaksi todistettu j\u00e4ljenn\u00f6s rekister\u00f6intitodistuksesta, joka on annettu asianmukaisen viranomaisen, esim. kauppakamarin tai vastaavan viranomaisen, my\u00f6nt\u00e4m\u00e4n\u00e4. My\u00f6s notaarin antama todistus hyv\u00e4ksyt\u00e4\u00e4n.<\/li>\n<li> Hakijayhti\u00f6n tilintarkastettu tilinp\u00e4\u00e4t\u00f6s, ja jos lentoyhti\u00f6 on jonkin toisen yrityksen enemmist\u00f6omistuksessa (valtion omistus mukaan luettuna), omistajayhti\u00f6n tilinp\u00e4\u00e4t\u00f6s. Tilinp\u00e4\u00e4t\u00f6ksen on oltava tilintarkastajan tai julkisen tilintarkastajan vahvistama. Uusien lentoyhti\u00f6iden osalta hyv\u00e4ksyt\u00e4\u00e4n laillistetun tai julkisen tilintarkastajan laatima liiketoimintasuunnitelma.<\/li>\n<li> Hakijana olevan lentoyhti\u00f6n vuosikertomus tai yhti\u00f6j\u00e4rjestys, josta k\u00e4y ilmi lentoyhti\u00f6n perustamistapa, tai lentoyhti\u00f6n profiili.<\/li>\n<li> Voimassa olevat vakuutustodistukset, joissa ilmoitetaan ilma-aluksen tyyppi, kunkin ilma-aluksen rekisterinumero ja rekister\u00f6intiviranomaisen tiedot, jotka ovat voimassa v\u00e4hint\u00e4\u00e4n kuusi kuukautta.<\/li>\n<li> Liikennetilastot kahdelta edelliselt\u00e4 vuodelta. T\u00e4m\u00e4 vaatimus ei koske uusia lentoyhti\u00f6it\u00e4.<\/li>\n<li> Julkaistu aikataulu, jos lentoyhti\u00f6ll\u00e4 on reittiliikennett\u00e4. Jos kyseess\u00e4 on muu kuin reittiliikenne, pyydet\u00e4\u00e4n luettelo m\u00e4\u00e4r\u00e4paikoista.<\/li>\n<\/ul>\n<p><strong>Luettelo IATA:n j\u00e4senist\u00e4 <a href=\"https:\/\/moverdb.com\/fi\/moving-companies\/\" data-internallinksmanager029f6b8e52c=\"79\" title=\"Top 25 Kansainv\u00e4list\u00e4 muuttoyrityksi\u00e4 verkossa\">Muuttoyritykset<\/a><\/strong><\/p>\n<ul>\n<li> <a href=\"https:\/\/moverdb.com\/fi\/armstrong-relocation\/\">Armstrong uudelleensijoittaminen<\/a><\/li>\n<li> <a href=\"https:\/\/moverdb.com\/fi\/atlas-van-lines-international\/\">Atlas Van Lines<\/a><\/li>\n<li> <a href=\"https:\/\/moverdb.com\/fi\/suddath\/\">Suddath<\/a><\/li>\n<li> <a href=\"https:\/\/moverdb.com\/fi\/nippon-express\/\">Nippon Express<\/a><\/li>\n<li> <a href=\"https:\/\/moverdb.com\/fi\/bolliger\/\">Bolliger<\/a><\/li>\n<\/ul>\n<p><strong>Mielipiteet kansainv\u00e4lisest\u00e4 ilmakuljetusj\u00e4rjest\u00f6st\u00e4<\/strong><\/p>\n<p>IATA n\u00e4kyy useimpien suurten lentoyhti\u00f6iden verkkosivuilla (usein IATA-koodin avulla), ja sill\u00e4 on my\u00f6s oma Wikipedia-sivu. <\/p>\n<p>Sen merkitys ammattij\u00e4rjest\u00f6n\u00e4 on ilmeinen, samoin kuin sen osallistuminen tiettyjen lentoyhti\u00f6iden alan standardien kehitt\u00e4miseen. Usein mainitaan, ett\u00e4 sen j\u00e4senet vastaavat yli 90%:st\u00e4 maailman s\u00e4\u00e4nn\u00f6llisest\u00e4 lentoliikenteest\u00e4. <\/p>\n<p>Lentoalaa k\u00e4sitteleviss\u00e4 verkkoartikkeleissa mainitaan usein IATA ja sen osallistuminen keskeisist\u00e4 asioista p\u00e4\u00e4tt\u00e4miseen ja t\u00e4rkeiden ehdotusten tekemiseen, kuten yl\u00e4s\u00e4ilytykseen tarkoitettujen matkatavaroiden koon s\u00e4\u00e4ntelyyn. <\/p>\n<p>IATA mainitaan lukuisissa yhteyksiss\u00e4, hankehallintokumppanuuksista EU:n s\u00e4\u00e4ntelyyn. Kun otetaan huomioon IATA:n mainitsemien uutisten tiheys ja laajuus, on selv\u00e4\u00e4, ett\u00e4 se on aktiivinen ja merkitt\u00e4v\u00e4 ammattij\u00e4rjest\u00f6.<\/p>\n<p><strong>Verkkosivusto:<\/strong> <a href=\"http:\/\/www.iata.org\/Pages\/default.aspx\" target=\"_blank\" rel=\"noopener\">http:\/\/www.iata.org\/Pages\/default.aspx<\/a><\/p>","protected":false},"excerpt":{"rendered":"<p>The International Air Transport Association (IATA) is the global trade association for the world&#8217;s airlines. Its mission is to lead and serve its members, as well as to represent their interests in a way that boosts the airport transport industry. Key facts about IATA: It represents around 260 airlines or 83% of total air traffic. [&hellip;]<\/p>\n","protected":false},"author":1,"featured_media":0,"parent":0,"menu_order":0,"comment_status":"closed","ping_status":"closed","template":"","meta":{"_genesis_hide_title":false,"_genesis_hide_breadcrumbs":false,"_genesis_hide_singular_image":false,"_genesis_hide_footer_widgets":false,"_genesis_custom_body_class":"","_genesis_custom_post_class":"","_genesis_layout":"","footnotes":""},"class_list":{"0":"post-440","1":"page","2":"type-page","3":"status-publish","5":"entry"},"_links":{"self":[{"href":"https:\/\/moverdb.com\/fi\/wp-json\/wp\/v2\/pages\/440","targetHints":{"allow":["GET"]}}],"collection":[{"href":"https:\/\/moverdb.com\/fi\/wp-json\/wp\/v2\/pages"}],"about":[{"href":"https:\/\/moverdb.com\/fi\/wp-json\/wp\/v2\/types\/page"}],"author":[{"embeddable":true,"href":"https:\/\/moverdb.com\/fi\/wp-json\/wp\/v2\/users\/1"}],"replies":[{"embeddable":true,"href":"https:\/\/moverdb.com\/fi\/wp-json\/wp\/v2\/comments?post=440"}],"version-history":[{"count":10,"href":"https:\/\/moverdb.com\/fi\/wp-json\/wp\/v2\/pages\/440\/revisions"}],"predecessor-version":[{"id":13161,"href":"https:\/\/moverdb.com\/fi\/wp-json\/wp\/v2\/pages\/440\/revisions\/13161"}],"wp:attachment":[{"href":"https:\/\/moverdb.com\/fi\/wp-json\/wp\/v2\/media?parent=440"}],"curies":[{"name":"wp","href":"https:\/\/api.w.org\/{rel}","templated":true}]}}