{"id":439,"date":"2016-06-12T19:46:10","date_gmt":"2016-06-12T19:46:10","guid":{"rendered":"http:\/\/moverdb.com\/?page_id=439"},"modified":"2026-01-08T14:40:02","modified_gmt":"2026-01-08T14:40:02","slug":"lacma","status":"publish","type":"page","link":"https:\/\/moverdb.com\/fi\/lacma\/","title":{"rendered":"Latinalaisen Amerikan ja Karibian alueen kansainv\u00e4listen muuttajien yhdistys (LACMA)"},"content":{"rendered":"<p>Latinalaisen Amerikan ja Karibian maiden kansainv\u00e4linen muuttajien yhdistys (LACIMA) edustaa muutto- ja uudelleensijoitusyrityksi\u00e4, joiden tarkoituksena on edist\u00e4\u00e4 paikallisten yritysten ja muiden yritysten integroitumista eri puolilla maailmaa.<\/p>\n<p><strong>T\u00e4rkeimm\u00e4t tiedot LACMA:sta:<\/strong><\/p>\n<ol>a<\/p>\n<li>  LACMA:n j\u00e4seneksi voivat liitty\u00e4 Latinalaisen Amerikan ja muun maailman muutto- ja siirtoyritykset.<\/li>\n<li>  Se on Latinalaisen Amerikan yhdistys, joka on edustettuna <a href=\"https:\/\/moverdb.com\/fi\/fidi-faim\/\">FIDI<\/a>.<\/li>\n<li>  Sen kotipaikka on <a href=\"https:\/\/moverdb.com\/fi\/moving-to-panama\/\" data-internallinksmanager029f6b8e52c=\"432\" title=\"Muutatko Panamaan? 2023 Elinkustannukset ja muuttovinkit\">Panama<\/a>.<\/li>\n<li>  Se toimii sovittelijana kaikissa ristiriitatilanteissa, joita saattaa synty\u00e4 j\u00e4senten kesken tai j\u00e4senten ja muiden yhdistykseen kuulumattomien henkil\u00f6iden v\u00e4lill\u00e4.<\/li>\n<li>  Se ei edellyt\u00e4, ett\u00e4 niiden j\u00e4senet ovat <a href=\"https:\/\/moverdb.com\/fi\/fidi-faim\/\" data-internallinksmanager029f6b8e52c=\"16\" title=\"FIDI &amp; FAIM (FIDI Accredited International Mover) selitettyin\u00e4\">FIDI<\/a> LACMA s\u00e4ilytt\u00e4\u00e4 itsen\u00e4iset liittymiskriteerins\u00e4.<\/li>\n<li>  LACMA:lla on oma koulutusinstituutti, joka tarjoaa paikan p\u00e4\u00e4ll\u00e4 ja virtuaalisesti j\u00e4rjestett\u00e4vi\u00e4 seminaareja, mukaan luettuna pakkauskouluttajien koulutus.<\/li>\n<li>  Se tarjoaa maksutakuuohjelman, joka tarjoaa resurssin j\u00e4senille, jotka haluavat peri\u00e4 er\u00e4\u00e4ntyneit\u00e4 maksuja muilta yhdistyksen j\u00e4senilt\u00e4.<\/li>\n<li>  LACMA:n j\u00e4senyys voi olla aktiivinen (Latinalaisen Amerikan tai Karibian alueen yritykset, jotka harjoittavat aktiivisesti kansainv\u00e4list\u00e4 muutto- ja pakkaustoimintaa ja joilla on omaa henkil\u00f6kuntaa, kuljetus- ja varastointitiloja), liit\u00e4nn\u00e4isj\u00e4senyys (Latinalaisen Amerikan ja Karibian alueen ulkopuoliset yritykset, jotka harjoittavat kansainv\u00e4list\u00e4 muutto- ja pakkaustoimintaa) tai liit\u00e4nn\u00e4isj\u00e4senyys (yritykset, jotka toimittavat hy\u00f6dyllisi\u00e4 tavaroita ja palveluja j\u00e4senille).<\/li>\n<li>  J\u00e4rjest\u00f6 toteaa: FIDI Latin America edustaa 53 yrityst\u00e4 (FIDI-LACMA ja FIDI-Non LACMA) alueellamme\".<\/li>\n<\/ol>\n<p><strong>Latinalaisen Amerikan ja Karibian alueen kansainv\u00e4listen muuttajien yhdistyksen profiili<\/strong><\/p>\n<p>LACMA perustettiin edustamaan j\u00e4sentens\u00e4 etuja sek\u00e4 asettamaan ja yll\u00e4pit\u00e4m\u00e4\u00e4n alan palvelustandardeja. <\/p>\n<p>Se on FIDI:n j\u00e4rjest\u00f6 Latinalaisessa Amerikassa, mik\u00e4 antaa sille tietty\u00e4 uskottavuutta, sill\u00e4 FIDI tunnustaa sen edustavan alueen FIDI:n j\u00e4senyritysten etuja. <\/p>\n<p>LACMA:ssa on useita j\u00e4senyystyyppej\u00e4, kuten aktiivinen ja liit\u00e4nn\u00e4isj\u00e4senyys. Se tarjoaa j\u00e4senilleen my\u00f6s laajan valikoiman verkko-opetusta, tietoa ja seminaareja, joiden avulla voidaan parantaa tiet\u00e4myst\u00e4 ja tehostaa liiketoimintaa - LACMA Training Institute perustettiin vuonna 1992 j\u00e4senten kouluttamisen parantamiseksi. <\/p>\n<p>J\u00e4senet hy\u00f6tyv\u00e4t my\u00f6s tietyist\u00e4 suojatoimista, kuten maksutakuuohjelmasta, jonka tarkoituksena on auttaa muiden j\u00e4senten velkojen perimisess\u00e4, sek\u00e4 LACMA:n S.O.S.-ohjelmasta, joka tarjoaa humanitaarista apua j\u00e4senille, jotka ovat joutuneet luonnonkatastrofien kohteeksi, jotka vaikuttavat usein t\u00e4h\u00e4n osaan maailmaa.<\/p>\n<p><strong>J\u00e4senyyskriteerit:<\/strong><\/p>\n<p><u>Aktiiviset j\u00e4senet<\/u><\/p>\n<ul>\n<li> T\u00e4yt\u00e4 j\u00e4senhakemus LACMA:n virallisella lomakkeella ja anna pyydetyt tiedot, suostu noudattamaan LACMA:n s\u00e4\u00e4nt\u00f6j\u00e4 ja m\u00e4\u00e4r\u00e4yksi\u00e4, eettisi\u00e4 s\u00e4\u00e4nt\u00f6j\u00e4 ja LACMA:n hallituksen p\u00e4\u00e4tt\u00e4mi\u00e4 p\u00e4\u00e4t\u00f6ksi\u00e4.<\/li>\n<li> Tarjota viiden (5) LACMA:n aktiivij\u00e4senen sponsorointi.<\/li>\n<li> Toimittakaa tilinp\u00e4\u00e4t\u00f6s ja sen liitetiedot kahdelta viimeiselt\u00e4 vuodelta.<\/li>\n<li> Toimita yrityksen peruskirja (vaaditaan v\u00e4hint\u00e4\u00e4n nelj\u00e4n vuoden toiminta yrityksess\u00e4) <a href=\"https:\/\/moverdb.com\/fi\/muuttoyritykset\/\">kansainv\u00e4linen muuttoliike<\/a> teollisuus).<\/li>\n<li> Maksa liittymismaksu, PGP:n aloitusmaksu, PGP:n ja LACMA:n j\u00e4senyyden vuosimaksut, kun hakemusprosessi on saatu p\u00e4\u00e4t\u00f6kseen ja hakemus on hyv\u00e4ksytty.<\/li>\n<\/ul>\n<p><u>Liit\u00e4nn\u00e4isj\u00e4senet<\/u><\/p>\n<ul>\n<li> T\u00e4yt\u00e4 j\u00e4senhakemus LACMA:n virallisella lomakkeella ja anna pyydetyt tiedot, suostu noudattamaan LACMA:n s\u00e4\u00e4nt\u00f6j\u00e4 ja m\u00e4\u00e4r\u00e4yksi\u00e4, eettisi\u00e4 s\u00e4\u00e4nt\u00f6j\u00e4 ja LACMA:n hallituksen p\u00e4\u00e4tt\u00e4mi\u00e4 p\u00e4\u00e4t\u00f6ksi\u00e4.<\/li>\n<li> Tarjoa viiden (5) LACMA:n aktiivi- ja\/tai liit\u00e4nn\u00e4isj\u00e4senen sponsorointi, joista v\u00e4hint\u00e4\u00e4n kaksi on liit\u00e4nn\u00e4isj\u00e4seni\u00e4.<\/li>\n<li> Toimittakaa tilinp\u00e4\u00e4t\u00f6s ja sen liitetiedot kahdelta viimeiselt\u00e4 vuodelta.<\/li>\n<li> Toimita yrityksen peruskirja (vaaditaan v\u00e4hint\u00e4\u00e4n nelj\u00e4 vuotta toimintaa kansainv\u00e4lisell\u00e4 muuttoteollisuudella).<\/li>\n<li> Maksa sis\u00e4\u00e4np\u00e4\u00e4symaksu, PGP:n aloitusmaksu, PGP:n ja LACMA:n j\u00e4senyyden vuosimaksu, kun hakemusprosessi on saatu p\u00e4\u00e4t\u00f6kseen ja hakemus on hyv\u00e4ksytty.<\/li>\n<\/ul>\n<p><u>Liit\u00e4nn\u00e4isj\u00e4senet<\/u><\/p>\n<ul>\n<li> T\u00e4yt\u00e4 j\u00e4senhakemus LACMA:n virallisella lomakkeella ja anna pyydetyt tiedot, suostu noudattamaan LACMA:n s\u00e4\u00e4nt\u00f6j\u00e4 ja m\u00e4\u00e4r\u00e4yksi\u00e4, eettisi\u00e4 s\u00e4\u00e4nt\u00f6j\u00e4 ja LACMA:n hallituksen p\u00e4\u00e4tt\u00e4mi\u00e4 p\u00e4\u00e4t\u00f6ksi\u00e4.<\/li>\n<li> Tarjoa sponsorointi (2) LACMA:n aktiivi- ja\/tai liit\u00e4nn\u00e4isj\u00e4senelle.<\/li>\n<li> Maksa sis\u00e4\u00e4np\u00e4\u00e4symaksu ja LACMA:n j\u00e4senmaksun vuosimaksu, kun hakemusprosessi on saatu p\u00e4\u00e4t\u00f6kseen ja hakemus on hyv\u00e4ksytty. Ota yhteytt\u00e4 LACMAn sihteerist\u00f6\u00f6n mainittujen maksujen osalta.<\/li>\n<li> Toimita todisteet siit\u00e4, ett\u00e4 tarjottua tuotetta tai palvelua on kaupallistettu v\u00e4hint\u00e4\u00e4n yhden vuoden ajan.<\/li>\n<\/ul>\n<p><strong>Esimerkki j\u00e4senyrityksist\u00e4<\/strong><\/p>\n<ul>\n<li> <a href=\"https:\/\/moverdb.com\/fi\/aires\/\">Aires<\/a><\/li>\n<li> <a href=\"https:\/\/moverdb.com\/fi\/arpin-international\/\">Arpin International<\/a><\/li>\n<li> <a href=\"https:\/\/moverdb.com\/fi\/atlas-van-lines-international\/\">Atlas Van Lines<\/a><\/li>\n<li> <a href=\"https:\/\/moverdb.com\/fi\/santa-fe-relocation\/\">Santa Fe Muuttopalvelut<\/a><\/li>\n<li> <a href=\"https:\/\/moverdb.com\/fi\/sterling-relocation\/\">Sterling Siirtyminen<\/a><\/li>\n<li> <a href=\"https:\/\/moverdb.com\/fi\/stevens-worldwide-van-lines\/\">Stevens Worldwide Van Lines<\/a><\/li>\n<li> <a href=\"https:\/\/moverdb.com\/fi\/amj-campbell-van-lines\/\">AMJ Campbell Van Lines<\/a><\/li>\n<li> <a href=\"https:\/\/moverdb.com\/fi\/suddath\/\">Suddath<\/a><\/li>\n<li> <a href=\"https:\/\/moverdb.com\/fi\/dt-moving\/\">DT Moving<\/a><\/li>\n<li> <a href=\"https:\/\/moverdb.com\/fi\/john-mason\/\">John Mason International Movers<\/a><\/li>\n<li> <a href=\"https:\/\/moverdb.com\/fi\/mudanzas-gou\/\">Mudanzas Gou<\/a><\/li>\n<li> <a href=\"https:\/\/moverdb.com\/fi\/gil-stauffer\/\">Gil Stauffer<\/a><\/li>\n<\/ul>\n<p><strong>Mielipiteet LACMA:sta:<\/strong><\/p>\n<p>Verkkotietojen mukaan LACMA:n j\u00e4senten osuus Latinalaisen Amerikan ja Karibian alueelle suuntautuvista ja sielt\u00e4 l\u00e4htevist\u00e4 muutoista on 90%. Sen on todettu olevan yksi t\u00e4rkeimmist\u00e4 ja merkitt\u00e4vimmist\u00e4 <a href=\"https:\/\/moverdb.com\/fi\/jarjestot-ja-yhdistykset\/\">kansainv\u00e4liset muutto- ja merenkulkuorganisaatiot<\/a>.<\/p>\n<p>Muuttoyhti\u00f6t mainitsevat LACMA:n, kun ne vakuuttavat asiakkailleen ammattitaitoa ja maantieteellist\u00e4 kattavuutta koskevat vaatimukset. Sen j\u00e4seni\u00e4 pidet\u00e4\u00e4n maailman parhaina muuttofirmoina, ja verkossa olevien tietojen mukaan j\u00e4senist\u00f6 edustaa seuraavia alueita: <em>\"Eurooppa 31%, The <a href=\"https:\/\/moverdb.com\/fi\/moving-to-the-united-states\/\" data-internallinksmanager029f6b8e52c=\"94\" title=\"Muutatko Yhdysvaltoihin? 2022 Elinkustannukset ja muuttovinkit\">Yhdysvallat<\/a> &amp; <a href=\"https:\/\/moverdb.com\/fi\/moving-to-canada\/\" data-internallinksmanager029f6b8e52c=\"265\" title=\"Muutto Kanadaan? 2023 Elinkustannukset ja muuttovinkit\">Kanada<\/a> 26%, Latinalainen Amerikka ja Karibia 28% ja <a href=\"https:\/\/moverdb.com\/fi\/moving-to-australia\/living-in-australia\/\" data-internallinksmanager029f6b8e52c=\"240\" title=\"21 salaisuuksia asumisesta Australiassa tiet\u00e4\u00e4 ennen muuttoa\">Australia<\/a>, L\u00e4hi-it\u00e4 ja Kaukoit\u00e4 15%.\"<\/em> <\/p>\n<p>LACMA:n verkkosivuilleen sis\u00e4llytt\u00e4v\u00e4t liikkeenharjoittajat ovat usein alueen ulkopuolelta, mutta osoittavat maailmanlaajuista ulottuvuuttaan j\u00e4rjest\u00f6n j\u00e4senyydell\u00e4.<\/p>\n<blockquote><p>LACMA on Latinalaisen Amerikan ja Karibian alueen parhaista kansainv\u00e4lisist\u00e4 muuttajista koostuva yhdistys, joka vastaa yli 90 prosentista alueelle suuntautuvista ja sielt\u00e4 l\u00e4htevist\u00e4 muutoista.<\/p><\/blockquote>\n<p>- <a href=\"http:\/\/www.brytor.ca\/memberships.php\" target=\"_blank\" rel=\"noopener\">Brytor International Moving<\/a><\/p>\n<blockquote><p>LACMA on yhdistys, johon kuuluu paras 260 <a href=\"https:\/\/moverdb.com\/fi\/moving-companies\/\" data-internallinksmanager029f6b8e52c=\"79\" title=\"Top 25 Kansainv\u00e4list\u00e4 muuttoyrityksi\u00e4 verkossa\">muuttofirmat<\/a> maailman eri puolilta, p\u00e4\u00e4asiassa Latinalaisesta Amerikasta ja Karibian alueelta. Arvostuksensa ansiosta ne tuottavat 90% Latinalaisen Amerikan tuonnista ja viennist\u00e4.<\/p><\/blockquote>\n<p>- <a href=\"http:\/\/miglobal.com\/miglobal.com\/httpdocs\/affiliations.html\" target=\"_blank\" rel=\"noopener\">Mudanzas Internacionales Global<\/a><\/p>\n<p><strong>Verkkosivusto:<\/strong> <a href=\"http:\/\/www.lacmassoc.org\/\" target=\"_blank\" rel=\"noopener\">http:\/\/www.lacmassoc.org\/<\/a><\/p>","protected":false},"excerpt":{"rendered":"<p>The Latin American and Caribbean International Movers Association (LACIMA) represents a collection of moving and relocation companies with a view to encouraging integration of locally based businesses, as well as others across the world. Key facts about LACMA: a Membership of LACMA is open to moving and relocation companies from Latin America and the rest [&hellip;]<\/p>\n","protected":false},"author":1,"featured_media":0,"parent":0,"menu_order":0,"comment_status":"closed","ping_status":"closed","template":"","meta":{"_genesis_hide_title":false,"_genesis_hide_breadcrumbs":false,"_genesis_hide_singular_image":false,"_genesis_hide_footer_widgets":false,"_genesis_custom_body_class":"","_genesis_custom_post_class":"","_genesis_layout":"","footnotes":""},"class_list":{"0":"post-439","1":"page","2":"type-page","3":"status-publish","5":"entry"},"_links":{"self":[{"href":"https:\/\/moverdb.com\/fi\/wp-json\/wp\/v2\/pages\/439","targetHints":{"allow":["GET"]}}],"collection":[{"href":"https:\/\/moverdb.com\/fi\/wp-json\/wp\/v2\/pages"}],"about":[{"href":"https:\/\/moverdb.com\/fi\/wp-json\/wp\/v2\/types\/page"}],"author":[{"embeddable":true,"href":"https:\/\/moverdb.com\/fi\/wp-json\/wp\/v2\/users\/1"}],"replies":[{"embeddable":true,"href":"https:\/\/moverdb.com\/fi\/wp-json\/wp\/v2\/comments?post=439"}],"version-history":[{"count":21,"href":"https:\/\/moverdb.com\/fi\/wp-json\/wp\/v2\/pages\/439\/revisions"}],"predecessor-version":[{"id":13169,"href":"https:\/\/moverdb.com\/fi\/wp-json\/wp\/v2\/pages\/439\/revisions\/13169"}],"wp:attachment":[{"href":"https:\/\/moverdb.com\/fi\/wp-json\/wp\/v2\/media?parent=439"}],"curies":[{"name":"wp","href":"https:\/\/api.w.org\/{rel}","templated":true}]}}