{"id":438,"date":"2016-06-12T15:34:55","date_gmt":"2016-06-12T15:34:55","guid":{"rendered":"http:\/\/moverdb.com\/?page_id=438"},"modified":"2026-01-08T15:20:25","modified_gmt":"2026-01-08T15:20:25","slug":"ncbfaa","status":"publish","type":"page","link":"https:\/\/moverdb.com\/fi\/ncbfaa\/","title":{"rendered":"National Customs Brokers &amp; Forwarders Association of America (NCBFAA) (Amerikan tulliv\u00e4litt\u00e4jien ja huolitsijoiden liitto)"},"content":{"rendered":"<p>National Customs Brokers &amp; Forwarders Association of America (NCBFAA) on Amerikan kuljetuslogistiikka-alan \u00e4\u00e4nitorvi. <\/p>\n<p>Se on j\u00e4rjest\u00f6, joka pyrkii jatkuvasti edustamaan j\u00e4seni\u00e4\u00e4n ja alaansa oikeudellisella ja lains\u00e4\u00e4d\u00e4nn\u00f6llisell\u00e4 tasolla.<\/p>\n<p><strong>T\u00e4rkeimm\u00e4t tiedot NCBFAA:sta:<\/strong><\/p>\n<ol>\n<li>  NCBFAA edustaa yli 970 j\u00e4senyrityst\u00e4, joilla on 110 000 ty\u00f6ntekij\u00e4\u00e4 kansainv\u00e4lisess\u00e4 kaupassa.<\/li>\n<li>  NCBFAA perustettiin vuonna 1897. <a href=\"https:\/\/moverdb.com\/fi\/muutto-new-yorkiin\/\">New York<\/a>.<\/li>\n<li>  NCBFAA:n j\u00e4seni\u00e4 ovat <a href=\"https:\/\/moverdb.com\/fi\/huolitsija\/\">huolitsijat<\/a>, tullimeklarit, merikuljetusten v\u00e4litt\u00e4j\u00e4t, NVOCC:t ja lentorahtiv\u00e4litt\u00e4j\u00e4t, jotka palvelevat yli 250 000 maahantuojaa ja viej\u00e4\u00e4.<\/li>\n<li>  NCBFAA:n j\u00e4senist\u00f6 koostuu kokonaan amerikkalaisista yrityksist\u00e4, lukuun ottamatta liit\u00e4nn\u00e4isj\u00e4senyytt\u00e4.<\/li>\n<li>  NCBFAA:lla on useita erilaisia j\u00e4senyyksi\u00e4: Vakituiset (lisensoidut tulliv\u00e4litt\u00e4j\u00e4t, lisensoidut valtamerikuljetusten huolitsijat, kansainv\u00e4liset lentorahtiv\u00e4litt\u00e4j\u00e4t ja muut kuin aluksia liikenn\u00f6iv\u00e4t yleiset kuljetusliikkeet Amerikassa), liit\u00e4nn\u00e4isj\u00e4senet (jotka toimivat kuljetukseen liittyvien palvelujen, kansainv\u00e4listen yrityspalvelujen tai kansainv\u00e4lisen kaupan toimintoihin liittyvien tuotteiden toimittajina tai myyjin\u00e4), liit\u00e4nn\u00e4isj\u00e4senet (tulliv\u00e4litt\u00e4j\u00e4t ja\/tai kansainv\u00e4liset kuljetusliikkeet), liit\u00e4nn\u00e4isj\u00e4senet (tulliv\u00e4litt\u00e4j\u00e4t ja\/tai kansainv\u00e4liset kuljetusliikkeet). <a href=\"https:\/\/moverdb.com\/fi\/freight-forwarder\/\" data-internallinksmanager029f6b8e52c=\"17\" title=\"Huolitsijan &amp; NVOCC:n kansainv\u00e4liset kustannukset ja yritykset -opas\">huolitsija<\/a> kotipaikka Amerikan ulkopuolella).<\/li>\n<li>  NCBFAA:n p\u00e4\u00e4konttori sijaitsee osoitteessa <a href=\"https:\/\/moverdb.com\/fi\/muutto-washingtoniin\/\">Washington<\/a>.<\/li>\n<li>  NCBFAA:n p\u00e4\u00e4teht\u00e4v\u00e4n\u00e4 on seurata tiiviisti j\u00e4seniin vaikuttavia lains\u00e4\u00e4d\u00e4nt\u00f6- ja s\u00e4\u00e4ntelykysymyksi\u00e4 ja tiedottaa niist\u00e4 j\u00e4senille.<\/li>\n<li>  NCBFAA pit\u00e4\u00e4 itse\u00e4\u00e4n alan tehokkaana kansallisena \u00e4\u00e4nitorvena.<\/li>\n<\/ol>\n<p><strong>National Customs Brokers &amp; Forwarders Association of America -profiili<\/strong><\/p>\n<p>NCBFAA:lla on suuri rooli amerikkalaisen logistiikka-alan j\u00e4senten edustajana. Se on osallistunut keskusteluihin alaan vaikuttavista kysymyksist\u00e4, kuten tullilains\u00e4\u00e4d\u00e4nn\u00f6st\u00e4, ja lobannut kongressia j\u00e4senten oikeuksien ja etujen ajamiseksi ja suojelemiseksi. <\/p>\n<p>NCBFAA tunnettiin aikoinaan nimell\u00e4 Baltimore Customs Brokers and Forwarders Association, ja se aloitti toimintansa alan j\u00e4rjest\u00f6n\u00e4, joka edisti ja valisti alaa. <a href=\"https:\/\/moverdb.com\/fi\/top-49-container-ports\/\" data-internallinksmanager029f6b8e52c=\"80\" title=\"Top 49 suurinta ja vilkkainta konttisatamaa vuonna 2025\">Satama<\/a> Baltimoresta. <\/p>\n<p>J\u00e4rjest\u00f6st\u00e4 tuli NCBFAA vuonna 1983, \"jotta se vastaisi paremmin uutta ja laajempaa toimialaa\". NCBFAA on voittoa tavoittelematon j\u00e4rjest\u00f6, jonka tarkoituksena on ollut edist\u00e4\u00e4 j\u00e4sentens\u00e4 etuja - ja ajaa niiden tavoitteita - sek\u00e4 kuluttajamarkkinoilla ett\u00e4 hallitusten piiriss\u00e4.<\/p>\n<p><strong>J\u00e4senyyskriteerit:<\/strong><\/p>\n<p>NCBFAA:n s\u00e4\u00e4nt\u00f6jen mukaan kaikkien varsinaisten j\u00e4senten hakijoiden on: <\/p>\n<blockquote><p>... yksi varsinainen j\u00e4sen ehdottaa ja toinen varsinainen j\u00e4sen kannattaa hakemusta t\u00e4t\u00e4 tarkoitusta varten laaditulla lomakkeella, jossa on oltava hakijan nimi, osoite ja ammatti sek\u00e4 hakemusta ehdottaneiden ja tukeneiden varsinaisten j\u00e4senten nimet. Hakemusta esitt\u00e4vien ja tukevien varsinaisten j\u00e4senten teht\u00e4v\u00e4n\u00e4 on antaa tietoja hakijan asemasta ja ominaisuuksista.<\/p><\/blockquote>\n<p>J\u00e4senmaksut on maksettava, t\u00e4ytett\u00e4v\u00e4 lomake ja mahdollisten j\u00e4senten on todistettava, ett\u00e4 he kuuluvat johonkin j\u00e4senyysluokkaan, esim.<\/p>\n<ul>\n<li> Tulliv\u00e4litt\u00e4j\u00e4 - v\u00e4litt\u00e4j\u00e4n lisenssinumero<\/li>\n<li> OTI - FMC Lisenssinumero<\/li>\n<li> Kansainv\u00e4linen lentorahtihuolitsija\/lentorahtiagentti: CNS\/<a href=\"https:\/\/moverdb.com\/fi\/iata\/\">IATA<\/a> Rekisterinumero<\/li>\n<li> NVOCC: FMC Bond Number<\/li>\n<\/ul>\n<p><strong>NCBFAA:ta koskevat mielipiteet<\/strong><\/p>\n<p>NCBFAA:ta ei mainita kovin usein yksitt\u00e4isten yritysten verkkosivuilla. Sit\u00e4 mainitaan kuitenkin useammin tietol\u00e4hteen\u00e4 ja l\u00e4hteen\u00e4, josta saa hy\u00f6dyllist\u00e4 tietoa huolitsijoista ja huolitsijoita varten. <\/p>\n<p>NCBFAA:n laatimia vakioehtoja on my\u00f6s useilla verkkosivustoilla, joilla on maininta siit\u00e4, ett\u00e4 ne on julkaistu j\u00e4senille, eik\u00e4 NCBFAA ota niist\u00e4 oikeudellista vastuuta. <\/p>\n<p>T\u00e4m\u00e4 viittaa siihen, ett\u00e4 yhdistys tarjoaa j\u00e4senilleen asiakirjatietokantaa sek\u00e4 tietoa ja neuvontaa. Vuosittainen konferenssi on my\u00f6s selv\u00e4sti merkitt\u00e4v\u00e4 tapahtuma, ja se mainitaan my\u00f6s osoitteessa <a href=\"https:\/\/www.cbp.gov\/newsroom\/speeches-and-statements\/2016-04-20-000000\/commissioner-kerlikowske%E2%80%99s-remarks-national\" target=\"_blank\" rel=\"noopener\">Yhdysvaltain tulli- ja rajavartiolaitoksen verkkosivusto<\/a>.<\/p>\n<blockquote><p>NCBFAA on alan tehokas kansallinen \u00e4\u00e4nitorvi. Eri komiteoidensa, neuvonantajiensa ja edustajiensa kautta yhdistys seuraa tiiviisti j\u00e4seniins\u00e4 vaikuttavia lains\u00e4\u00e4d\u00e4nt\u00f6- ja s\u00e4\u00e4ntelykysymyksi\u00e4.<\/p><\/blockquote>\n<p>- <a href=\"http:\/\/www.shipuwl.com\/member-of-national-customs-brokers-forwarders-association-of-america-inc-ncbfaa\/\" target=\"_blank\" rel=\"noopener\">UWL<\/a><\/p>\n<blockquote><p>Virasto valvoo j\u00e4seni\u00e4\u00e4n koskevia lains\u00e4\u00e4d\u00e4nt\u00f6- ja s\u00e4\u00e4ntelykysymyksi\u00e4....<\/p><\/blockquote>\n<p>- <a href=\"http:\/\/www.bdpinternational.com\/news-advisories-events\/trend-watch\/bdp-international-joins-the-national-customs-brokers-forwarders-association-of-america-inc\/\" target=\"_blank\" rel=\"noopener\">BDP International<\/a><\/p>\n<p><strong>Lue lis\u00e4\u00e4:<\/strong> <a href=\"https:\/\/moverdb.com\/fi\/huolitsija\/\">Huolitsijan &amp; NVOCC:n kansainv\u00e4liset kustannukset ja yritykset -opas<\/a> <\/p>\n<p><strong>Verkkosivusto:<\/strong> <a href=\"http:\/\/www.ncbfaa.org\/\" target=\"_blank\" rel=\"noopener\">http:\/\/www.ncbfaa.org\/<\/a><\/p>","protected":false},"excerpt":{"rendered":"<p>The National Customs Brokers &#038; Forwarders Association of America (NCBFAA) is viewed as the voice of the transportation logistics industry in America. It is an organisation that constantly works to represent its members and sector, on a legal and regulatory level. Key facts about NCBFAA: The NCBFAA represents more than 970 member companies, with 110,000 [&hellip;]<\/p>\n","protected":false},"author":1,"featured_media":0,"parent":0,"menu_order":0,"comment_status":"closed","ping_status":"closed","template":"","meta":{"_genesis_hide_title":false,"_genesis_hide_breadcrumbs":false,"_genesis_hide_singular_image":false,"_genesis_hide_footer_widgets":false,"_genesis_custom_body_class":"","_genesis_custom_post_class":"","_genesis_layout":"","footnotes":""},"class_list":{"0":"post-438","1":"page","2":"type-page","3":"status-publish","5":"entry"},"_links":{"self":[{"href":"https:\/\/moverdb.com\/fi\/wp-json\/wp\/v2\/pages\/438","targetHints":{"allow":["GET"]}}],"collection":[{"href":"https:\/\/moverdb.com\/fi\/wp-json\/wp\/v2\/pages"}],"about":[{"href":"https:\/\/moverdb.com\/fi\/wp-json\/wp\/v2\/types\/page"}],"author":[{"embeddable":true,"href":"https:\/\/moverdb.com\/fi\/wp-json\/wp\/v2\/users\/1"}],"replies":[{"embeddable":true,"href":"https:\/\/moverdb.com\/fi\/wp-json\/wp\/v2\/comments?post=438"}],"version-history":[{"count":8,"href":"https:\/\/moverdb.com\/fi\/wp-json\/wp\/v2\/pages\/438\/revisions"}],"predecessor-version":[{"id":6223,"href":"https:\/\/moverdb.com\/fi\/wp-json\/wp\/v2\/pages\/438\/revisions\/6223"}],"wp:attachment":[{"href":"https:\/\/moverdb.com\/fi\/wp-json\/wp\/v2\/media?parent=438"}],"curies":[{"name":"wp","href":"https:\/\/api.w.org\/{rel}","templated":true}]}}