{"id":437,"date":"2016-06-12T15:02:39","date_gmt":"2016-06-12T15:02:39","guid":{"rendered":"http:\/\/moverdb.com\/?page_id=437"},"modified":"2026-01-08T13:18:34","modified_gmt":"2026-01-08T13:18:34","slug":"hgfaa","status":"publish","type":"page","link":"https:\/\/moverdb.com\/fi\/hgfaa\/","title":{"rendered":"Amerikan kotitaloustavaroiden huolitsijoiden yhdistys (HGFAA) selitetty"},"content":{"rendered":"<p>Household Goods Forwarders Association of America (HGFAA) kuvailee itse\u00e4\u00e4n maailmanlaajuiseksi yhdistykseksi, johon kuuluu muuttofirmoja, jotka ovat sitoutuneet varmistamaan, ett\u00e4 asiakkaat saavat parhaan mahdollisen palvelun muuton aikana. Se on nyt korvattu <a href=\"https:\/\/moverdb.com\/fi\/olen\/\">Kansainv\u00e4linen muuttajien liitto<\/a> (<a href=\"https:\/\/moverdb.com\/fi\/iam\/\" data-internallinksmanager029f6b8e52c=\"23\" title=\"Kansainv\u00e4linen muuttajien liitto (IAM) selitetty\">IAM<\/a>), vaikka useat muuttoyritykset mainitsevat sen edelleen verkkosivuillaan. <\/p>\n<p><strong>HGFAA:n t\u00e4rkeimm\u00e4t tiedot:<\/strong><\/p>\n<ol>\n<li>  HGFAA:n maailmanlaajuinen j\u00e4senm\u00e4\u00e4r\u00e4 on yli 1800 yrityst\u00e4.<\/li>\n<li>  HGFAA on maailmanlaajuinen j\u00e4rjest\u00f6, jolla on j\u00e4seni\u00e4 yli 160 maasta ja alueelta.<\/li>\n<li>  Portal on yhdistyksen toimialalehti.<\/li>\n<li>  Liitto edustaa muuttoteollisuutta <a href=\"https:\/\/moverdb.com\/fi\/moving-to-the-united-states\/\" data-internallinksmanager029f6b8e52c=\"94\" title=\"Muutatko Yhdysvaltoihin? 2022 Elinkustannukset ja muuttovinkit\">Yhdysvallat<\/a>.<\/li>\n<li>  HGFAA on tunnettu viestint\u00e4verkostaan ja koulutuslaitoksestaan.<\/li>\n<\/ol>\n<p><strong>Household Goods Forwarders Association of America -profiili:<\/strong><\/p>\n<p>HGFAA on kuluttajakeskeinen, ja se tarjoaa tietokannan luotettavista muuttajista, jotka voivat auttaa muutossa miss\u00e4 tahansa p\u00e4in maailmaa. Se on sitoutunut mahdollistamaan korkeat palvelustandardit ja varmistamaan, ett\u00e4 kuluttajilla on kaikki muuttoa varten tarvitsemansa tiedot muuttop\u00e4iv\u00e4n j\u00e4rjest\u00e4misest\u00e4 muuttoon ja terveydenhuoltoon. <\/p>\n<p>HGFAA tuottaa omaa toimialalehte\u00e4\u00e4n Portal, joka ilmestyy kuusi numeroa vuodessa. Sen verkkosivuilla on runsaasti linkkej\u00e4 sek\u00e4 alan toimijoille ett\u00e4 kuluttajille kiinnostaviin aiheisiin, kuten p\u00e4iv\u00e4rahaan, matkustamiseen ja kuljetuksiin sek\u00e4 lemmikkiel\u00e4inten kanssa liikkumiseen.<\/p>\n<p><strong>J\u00e4senyyskriteerit:<\/strong><\/p>\n<p>HGFAA tarjoaa ladattavan j\u00e4senyyslomakkeen, mutta se ei ole t\u00e4ll\u00e4 hetkell\u00e4 saatavilla verkkosivuston kautta. Sivustolla ei ole lueteltu j\u00e4senyysehtoja.<\/p>\n<p><strong>Esimerkki j\u00e4senyrityksist\u00e4<\/strong><\/p>\n<ul>\n<li> <a href=\"https:\/\/moverdb.com\/fi\/atlas-van-lines-international\/\">Atlas Van Lines<\/a><\/li>\n<li> <a href=\"https:\/\/moverdb.com\/fi\/eagle-relocations\/\">Eagle Relocations<\/a><\/li>\n<li> <a href=\"https:\/\/moverdb.com\/fi\/excess-international-movers\/\">Ylim\u00e4\u00e4r\u00e4iset kansainv\u00e4liset muuttajat<\/a><\/li>\n<li> <a href=\"https:\/\/moverdb.com\/fi\/fn-removals\/\">F&amp;N Worldwide Removals<\/a><\/li>\n<li> <a href=\"https:\/\/moverdb.com\/fi\/mudanzas-gou\/\">Mudanzas Gou<\/a><\/li>\n<\/ul>\n<p><strong>Mielipiteet HGFAA:sta:<\/strong><\/p>\n<p>HGFAA:lla ei ole valtavaa profiilia verkossa, eik\u00e4 sit\u00e4 mainita monilla muuttajien verkkosivustoilla. Niiden muuttoliikkeiden, jotka mainitsevat HGFAA:n verkkosivustoillaan, verkkomielipiteet HGFAA:sta keskittyv\u00e4t yhdistyksen maailmanlaajuiseen luonteeseen ja sen sitoutumiseen korkeisiin palvelustandardeihin.<\/p>\n<p><a href=\"http:\/\/www.bloomberg.com\/profiles\/companies\/0774891D:US-household-goods-forwarders-association-of-america\" target=\"_blank\" rel=\"noopener\">Bloomberg keskittyy<\/a> alan edustuksen, viestint\u00e4verkostona ja koulutuslaitoksena toimimisen sek\u00e4 koulutus-, resurssi-, julkaisu- ja suosittelupalvelujen runsauden perusteella.<\/p>\n<blockquote><p>HHGFAA on maailmanlaajuinen huolitsijoiden ja muuttajien yhdistys, joka on sitoutunut tarjoamaan asiakkailleen parasta mahdollista palvelua.<\/p><\/blockquote>\n<p>- <a href=\"http:\/\/www.amjbc.ca\/international-moving-services\/\" target=\"_blank\" rel=\"noopener\">AMJ Campbell maailmanlaajuiset siirrot<\/a><\/p>\n<p><strong>Verkkosivusto:<\/strong> <a href=\"http:\/\/www.hhgfaa.org\/\" target=\"_blank\" rel=\"noopener\">http:\/\/www.hhgfaa.org\/<\/a><\/p>","protected":false},"excerpt":{"rendered":"<p>The Household Goods Forwarders Association of America (HGFAA) describes itself as a global association of movers who are committed to ensuring that customers receive the best possible service during their move. It has now been replaced by the International Association of Movers (IAM), although several movers still list it on their websites. Key facts about [&hellip;]<\/p>\n","protected":false},"author":1,"featured_media":0,"parent":0,"menu_order":0,"comment_status":"closed","ping_status":"closed","template":"","meta":{"_genesis_hide_title":false,"_genesis_hide_breadcrumbs":false,"_genesis_hide_singular_image":false,"_genesis_hide_footer_widgets":false,"_genesis_custom_body_class":"","_genesis_custom_post_class":"","_genesis_layout":"","footnotes":""},"class_list":{"0":"post-437","1":"page","2":"type-page","3":"status-publish","5":"entry"},"_links":{"self":[{"href":"https:\/\/moverdb.com\/fi\/wp-json\/wp\/v2\/pages\/437","targetHints":{"allow":["GET"]}}],"collection":[{"href":"https:\/\/moverdb.com\/fi\/wp-json\/wp\/v2\/pages"}],"about":[{"href":"https:\/\/moverdb.com\/fi\/wp-json\/wp\/v2\/types\/page"}],"author":[{"embeddable":true,"href":"https:\/\/moverdb.com\/fi\/wp-json\/wp\/v2\/users\/1"}],"replies":[{"embeddable":true,"href":"https:\/\/moverdb.com\/fi\/wp-json\/wp\/v2\/comments?post=437"}],"version-history":[{"count":12,"href":"https:\/\/moverdb.com\/fi\/wp-json\/wp\/v2\/pages\/437\/revisions"}],"predecessor-version":[{"id":6221,"href":"https:\/\/moverdb.com\/fi\/wp-json\/wp\/v2\/pages\/437\/revisions\/6221"}],"wp:attachment":[{"href":"https:\/\/moverdb.com\/fi\/wp-json\/wp\/v2\/media?parent=437"}],"curies":[{"name":"wp","href":"https:\/\/api.w.org\/{rel}","templated":true}]}}