{"id":436,"date":"2016-06-12T14:04:20","date_gmt":"2016-06-12T14:04:20","guid":{"rendered":"http:\/\/moverdb.com\/?page_id=436"},"modified":"2026-01-08T14:47:42","modified_gmt":"2026-01-08T14:47:42","slug":"aima","status":"publish","type":"page","link":"https:\/\/moverdb.com\/fi\/aima\/","title":{"rendered":"Australian International Movers Association (AIMA) selitetty"},"content":{"rendered":"<p>Australian International Movers Association (AIMA) kuvailee itse\u00e4\u00e4n ammatilliseksi foorumiksi, joka toimii <a href=\"https:\/\/moverdb.com\/fi\/international-removals\/\" data-internallinksmanager029f6b8e52c=\"27\" title=\"36 Parhaat kansainv\u00e4liset muuttoyritykset Yhdistyneess\u00e4 kuningaskunnassa\">kansainv\u00e4liset muutot<\/a> teollisuus. J\u00e4senill\u00e4 on oltava <a href=\"https:\/\/moverdb.com\/fi\/fidi-faim\/\">FIDI\/FAIM<\/a> tai t\u00e4ytt\u00e4v\u00e4t tiukat j\u00e4senyyskriteerit, mukaan lukien taloudellista luotettavuutta koskevat vaatimukset.<\/p>\n<p><strong>T\u00e4rkeimm\u00e4t tiedot AIMA:sta:<\/strong><\/p>\n<ol>\n<li>  Se perustettiin vuonna 1975.<\/li>\n<li>  Sill\u00e4 on noin 60 j\u00e4sent\u00e4 <a href=\"https:\/\/moverdb.com\/fi\/moving-to-australia\/living-in-australia\/\" data-internallinksmanager029f6b8e52c=\"240\" title=\"21 salaisuuksia asumisesta Australiassa tiet\u00e4\u00e4 ennen muuttoa\">Australia<\/a>.<\/li>\n<li>  AIMA edustaa Australian muuttoteollisuutta, eik\u00e4 se houkuttele j\u00e4seni\u00e4 maan ulkopuolelta. Se kattaa kuitenkin australialaiset yritykset, jotka tekev\u00e4t <a href=\"https:\/\/moverdb.com\/fi\/muuttoyritykset\/\">kansainv\u00e4liset siirrot<\/a>.<\/li>\n<li>  Se on tunnustettu <a href=\"https:\/\/moverdb.com\/fi\/fidi-faim\/\" data-internallinksmanager029f6b8e52c=\"16\" title=\"FIDI &amp; FAIM (FIDI Accredited International Mover) selitettyin\u00e4\">FIDI<\/a> Yhdistys Australiassa.<\/li>\n<li>  J\u00e4senill\u00e4 ei tarvitse olla FIDI\/FAIM-sertifikaatteja liitty\u00e4kseen j\u00e4seneksi.<\/li>\n<li>  AIMA edustaa FIDI:n j\u00e4senen\u00e4 olevaa <a href=\"https:\/\/moverdb.com\/fi\/moving-companies\/australia-moving-companies\/\" data-internallinksmanager029f6b8e52c=\"176\" title=\"17 parasta kansainv\u00e4list\u00e4 muuttoa Australiassa\">muuttajat Australiassa<\/a> \"FIDI-yhdistyksen\u00e4\" ja l\u00e4hett\u00e4\u00e4 edustajia vuosittain pidett\u00e4v\u00e4\u00e4n FIDI:n kongressiin ja yleiskokoukseen.<\/li>\n<\/ol>\n<p><strong>Australian International Movers Associationin profiili:<\/strong><\/p>\n<p>AIMA:n toiminta-ajatuksena on antaa Australian muuttoliikealalle mahdollisuus hallita itse\u00e4\u00e4n, parantaa palvelujaan, varmistaa, ett\u00e4 asiakkaat saavat parempia palveluja, suojella yleist\u00e4 etua ja antaa alalle mahdollisuus toimia yhten\u00e4isen\u00e4 tahona hallituksen kanssa. <\/p>\n<p>AIMA tarjoaa my\u00f6s riippumattoman riita-asioita k\u00e4sittelev\u00e4n tuomioistuimen. Se on tunnustettu FIDI-j\u00e4rjest\u00f6 Australiassa, mik\u00e4 tarkoittaa, ett\u00e4 FIDI\/FAIM-j\u00e4rjest\u00f6n j\u00e4senen\u00e4 olevat muuttajat voivat automaattisesti liitty\u00e4 AIMA:han. Australian <a href=\"https:\/\/moverdb.com\/fi\/moving-companies\/\" data-internallinksmanager029f6b8e52c=\"79\" title=\"Top 25 Kansainv\u00e4list\u00e4 muuttoyrityksi\u00e4 verkossa\">muuttofirmat<\/a> jotka eiv\u00e4t ole FAIM:n j\u00e4seni\u00e4, voivat silti olla AIMA:n j\u00e4seni\u00e4, mutta heid\u00e4n on t\u00e4ytett\u00e4v\u00e4 kriteerit, joilla mitataan heid\u00e4n erityisosaamistaan, resurssejaan, kokemustaan ja taloudellista asemaansa. <\/p>\n<p>Ainoastaan AIMA:n j\u00e4senet ovat sidottuja AIMA:n riitojenratkaisumenettelyyn.<\/p>\n<p><strong>J\u00e4senyyskriteerit:<\/strong><\/p>\n<p>AIMA:n tiukkoihin j\u00e4senyyskriteereihin kuuluu toimintakyvyn ja taloudellisen luotettavuuden todentaminen. N\u00e4iden kriteerien yksityiskohtia ei jaeta verkkosivustolla.<\/p>\n<p>Yritykset, joilla on jo FIDI\/FAIM-j\u00e4senyys, ovat automaattisesti oikeutettuja j\u00e4senyyteen.<\/p>\n<p><strong>J\u00e4senyritykset<\/strong><\/p>\n<ul>\n<li> <a href=\"https:\/\/moverdb.com\/fi\/conroy-removals\/\">Conroy Muutot<\/a><\/li>\n<\/ul>\n<p><strong>Mielipiteet AIMA:sta:<\/strong><\/p>\n<p>AIMA on yksi niist\u00e4 kansainv\u00e4lisist\u00e4 muuttajaorganisaatioista, jotka tarjoavat varmuuden siit\u00e4, ett\u00e4 muutto hoidetaan korkeimpien mahdollisten standardien mukaisesti. Se on vakuutus siit\u00e4, ett\u00e4 muuttofirmalla on asianmukainen p\u00e4tevyys ja ett\u00e4 se on ajan tasalla paikallisten parhaiden k\u00e4yt\u00e4nt\u00f6jen suhteen. <\/p>\n<p>Monet yritykset mainitsevat AIMA:n verkkosivuillaan kansainv\u00e4lisen\u00e4 akkreditointina, joka on laatumerkki muiden, kuten FIDI:n, rinnalla. AIMA:n toiminta-alue on kuitenkin melko rajallinen, koska sill\u00e4 ei ole yht\u00e4 paljon j\u00e4seni\u00e4 kuin joillakin vastaavilla j\u00e4rjest\u00f6ill\u00e4 muissa maissa.<\/p>\n<p>On olemassa <a href=\"http:\/\/vandijktrack.com\/mim\/\" target=\"_blank\" rel=\"noopener\">yksi negatiivinen verkkosivusto<\/a> joka osoittaa, ett\u00e4 asiakas on riidoissa AIMA:n j\u00e4senen kanssa ja ett\u00e4 riidan ratkaiseminen on kest\u00e4nyt huomattavan kauan. <\/p>\n<p>T\u00e4m\u00e4 henkil\u00f6 ilmoittaa, ett\u00e4 h\u00e4n ei ottaisi AIMA-akkreditointia liian vakavasti laadun osoituksena. Verkkosivustolla todetaan kuitenkin my\u00f6s, ett\u00e4 AIMA antoi heille apua, eik\u00e4 riitaa n\u00e4yt\u00e4 p\u00e4ivitetyn vuoden 2010 j\u00e4lkeen, mik\u00e4 osoittaa, ett\u00e4 asia on k\u00e4sitelty.<\/p>\n<blockquote><p>Yleis\u00f6, joka valitsee AIMA:n j\u00e4senen hoitamaan kansainv\u00e4lisen muuton, voi siis tehd\u00e4 sen luottavaisin mielin.<\/p><\/blockquote>\n<p>- <a href=\"http:\/\/www.ossworldwidemovers.com\/australian-international-movers-association\" target=\"_blank\" rel=\"noopener\">OSS World Wide Movers<\/a><\/p>\n<blockquote><p>Australian International Movers Association (AIMA) - Varmistaa, ett\u00e4 j\u00e4senill\u00e4 on riitt\u00e4v\u00e4 p\u00e4tevyys ja ett\u00e4 alan parhaat k\u00e4yt\u00e4nn\u00f6t ovat ajan tasalla.<\/p><\/blockquote>\n<p>- <a href=\"http:\/\/www.internationalremovalsaustralia.com.au\/why-choose-us\" target=\"_blank\" rel=\"noopener\">KeysBros Moving Solutions<\/a><\/p>\n<p><strong>Verkkosivusto:<\/strong> <a href=\"http:\/\/aima.com.au\/\" target=\"_blank\" rel=\"noopener\">http:\/\/aima.com.au\/<\/a><\/p>\n<h2>Muita hy\u00f6dyllisi\u00e4 oppaita Australiaan<\/h2>\n<ul>\n<li> <a href=\"https:\/\/moverdb.com\/fi\/konttikuljetukset\/australia\/\">2024 merirahti konttien laivaushinnat Australiaan ja Australiasta<\/a><\/li>\n<li> <a href=\"https:\/\/moverdb.com\/fi\/muuttoyritykset\/australia-2\/\">17 parasta kansainv\u00e4list\u00e4 muuttoa Australiassa<\/a><\/li>\n<li> <a href=\"https:\/\/moverdb.com\/fi\/parhaat-kansainvaliset-rahansiirtopalvelut\/money-transfer-companies-australia\/\">10 parasta rahansiirtoyhti\u00f6t Australiassa<\/a><\/li>\n<li> <a href=\"https:\/\/moverdb.com\/fi\/muutto-australiaan\/\">Muutto Australiaan? 2024 Elinkustannukset ja muuttovinkit<\/a><\/li>\n<li> <a href=\"https:\/\/moverdb.com\/fi\/muutto-australiaan\/best-places-to-live-australia\/\">13 parasta paikkaa asua Australiassa<\/a><\/li>\n<li> <a href=\"https:\/\/moverdb.com\/fi\/muutto-australiaan\/living-in-australia\/\">21 salaisuuksia asumisesta Australiassa tiet\u00e4\u00e4 ennen muuttoa<\/a><\/li>\n<li> <a href=\"https:\/\/moverdb.com\/fi\/muutto-australiaan\/moving-to-perth\/\">Muutatko Perthiin? 2024 Elinkustannukset ja muuttovinkit<\/a><\/li>\n<li> <a href=\"https:\/\/moverdb.com\/fi\/muutto-australiaan\/moving-to-australia-from-the-us\/\">Muutto Australiaan Yhdysvalloista<\/a><\/li>\n<li> <a href=\"https:\/\/moverdb.com\/fi\/konttikuljetukset\/to-australia-from-the-united-states\/\">Konttikuljetukset Australiaan Yhdysvalloista Kustannukset<\/a><\/li>\n<li> <a href=\"https:\/\/moverdb.com\/fi\/muutto-australiaan\/moving-to-australia-from-the-uk\/\">Muutto Australiaan Yhdistyneest\u00e4 kuningaskunnasta<\/a><\/li>\n<li> <a href=\"https:\/\/moverdb.com\/fi\/konttikuljetukset\/to-australia-from-the-uk\/\">Konttikuljetukset Australiaan Yhdistyneest\u00e4 kuningaskunnasta Kustannukset ja ajat<\/a><\/li>\n<li> <a href=\"https:\/\/moverdb.com\/fi\/muutto-australiaan\/moving-to-australia-from-bahrain\/\">Muutto Australiaan Bahrainista<\/a><\/li>\n<li> <a href=\"https:\/\/moverdb.com\/fi\/muutto-australiaan\/moving-to-australia-from-the-uae\/\">Muutto Australiaan Dubaista ja Yhdistyneist\u00e4 arabiemiirikunnista<\/a><\/li>\n<li> <a href=\"https:\/\/moverdb.com\/fi\/konttikuljetukset\/to-australia-from-dubai\/\">Konttikuljetukset Australiaan Dubaissa Kustannukset ja ajat<\/a><\/li>\n<li> <a href=\"https:\/\/moverdb.com\/fi\/konttikuljetukset\/to-australia-from-uae\/\">Konttikuljetukset Australiaan Arabiemiraateista Kustannukset ja ajat<\/a><\/li>\n<li> <a href=\"https:\/\/moverdb.com\/fi\/muutto-australiaan\/moving-to-australia-from-kuwait\/\">Muutto Australiaan Kuwaitista<\/a><\/li>\n<li> <a href=\"https:\/\/moverdb.com\/fi\/muutto-australiaan\/moving-to-australia-from-qatar\/\">Muutto Australiaan Qatarista<\/a><\/li>\n<li> <a href=\"https:\/\/moverdb.com\/fi\/konttikuljetukset\/to-australia-from-qatar\/\">Konttikuljetukset Australiaan Qatarista Kustannukset ja ajat<\/a><\/li>\n<li> <a href=\"https:\/\/moverdb.com\/fi\/muutto-australiaan\/moving-to-australia-from-singapore\/\">Muutto Australiaan Singaporesta<\/a><\/li>\n<li> <a href=\"https:\/\/moverdb.com\/fi\/konttikuljetukset\/to-australia-from-singapore\/\">Konttikuljetukset Australiaan Singaporesta Kustannukset ja ajat<\/a><\/li>\n<li> <a href=\"https:\/\/moverdb.com\/fi\/muutto-australiaan\/moving-to-australia-from-south-africa\/\">Muutto Australiaan Etel\u00e4-Afrikasta<\/a><\/li>\n<li> <a href=\"https:\/\/moverdb.com\/fi\/konttikuljetukset\/to-australia-from-canada\/\">Konttikuljetukset Australiaan Kanadasta Kustannukset<\/a><\/li>\n<li> <a href=\"https:\/\/moverdb.com\/fi\/konttikuljetukset\/to-australia-from-new-zealand\/\">Konttikuljetukset Australiaan Uudesta-Seelannista Kustannukset<\/a><\/li>\n<li> <a href=\"https:\/\/moverdb.com\/fi\/muutto-australiaan\/moving-to-hobart\/\">Muutatko Hobartiin? 2024 Elinkustannukset ja muuttovinkit<\/a><\/li>\n<li> <a href=\"https:\/\/moverdb.com\/fi\/muutto-australiaan\/moving-to-gold-coast\/\">Muutatko Gold Coastiin? 2024 Elinkustannukset ja muuttovinkit<\/a><\/li>\n<li> <a href=\"https:\/\/moverdb.com\/fi\/muutto-australiaan\/moving-to-melbourne\/\">Muutatko Melbourneen? 2024 Elinkustannukset ja muuttovinkit<\/a><\/li>\n<\/ul>","protected":false},"excerpt":{"rendered":"<p>The Australian International Movers Association (AIMA) describes itself as a professional forum for the international removals industry. Members must hold FIDI\/FAIM or meet strict membership criteria, including requirements for financial integrity. Key facts about AIMA: It was established in 1975. It has around 60 members in Australia. AIMA represents the moving industry in Australia and [&hellip;]<\/p>\n","protected":false},"author":1,"featured_media":0,"parent":0,"menu_order":0,"comment_status":"closed","ping_status":"closed","template":"","meta":{"_genesis_hide_title":false,"_genesis_hide_breadcrumbs":false,"_genesis_hide_singular_image":false,"_genesis_hide_footer_widgets":false,"_genesis_custom_body_class":"","_genesis_custom_post_class":"","_genesis_layout":"","footnotes":""},"class_list":{"0":"post-436","1":"page","2":"type-page","3":"status-publish","5":"entry"},"_links":{"self":[{"href":"https:\/\/moverdb.com\/fi\/wp-json\/wp\/v2\/pages\/436","targetHints":{"allow":["GET"]}}],"collection":[{"href":"https:\/\/moverdb.com\/fi\/wp-json\/wp\/v2\/pages"}],"about":[{"href":"https:\/\/moverdb.com\/fi\/wp-json\/wp\/v2\/types\/page"}],"author":[{"embeddable":true,"href":"https:\/\/moverdb.com\/fi\/wp-json\/wp\/v2\/users\/1"}],"replies":[{"embeddable":true,"href":"https:\/\/moverdb.com\/fi\/wp-json\/wp\/v2\/comments?post=436"}],"version-history":[{"count":9,"href":"https:\/\/moverdb.com\/fi\/wp-json\/wp\/v2\/pages\/436\/revisions"}],"predecessor-version":[{"id":17998,"href":"https:\/\/moverdb.com\/fi\/wp-json\/wp\/v2\/pages\/436\/revisions\/17998"}],"wp:attachment":[{"href":"https:\/\/moverdb.com\/fi\/wp-json\/wp\/v2\/media?parent=436"}],"curies":[{"name":"wp","href":"https:\/\/api.w.org\/{rel}","templated":true}]}}