{"id":435,"date":"2016-06-12T14:17:13","date_gmt":"2016-06-12T14:17:13","guid":{"rendered":"http:\/\/moverdb.com\/?page_id=435"},"modified":"2026-01-08T14:47:40","modified_gmt":"2026-01-08T14:47:40","slug":"afra","status":"publish","type":"page","link":"https:\/\/moverdb.com\/fi\/afra\/","title":{"rendered":"Australian Furniture Removers Association (AFRA) selitetty"},"content":{"rendered":"<p>Australian Furniture Removers Association (AFRA) kuvailee itse\u00e4\u00e4n sek\u00e4 muuttoalan edustajaksi ett\u00e4 s\u00e4\u00e4ntelij\u00e4ksi. <a href=\"https:\/\/moverdb.com\/fi\/moving-to-australia\/living-in-australia\/\" data-internallinksmanager029f6b8e52c=\"240\" title=\"21 salaisuuksia asumisesta Australiassa tiet\u00e4\u00e4 ennen muuttoa\">Australia<\/a>. <\/p>\n<p>Se on maantieteellisesti laajasti levinnyt Australiassa, ja sit\u00e4 pidet\u00e4\u00e4n usein laatumerkkin\u00e4.<\/p>\n<p><strong>T\u00e4rkeimm\u00e4t tiedot AFRAsta:<\/strong><\/p>\n<ol>\n<li>  T\u00e4ll\u00e4 hetkell\u00e4 noin 350 huonekalujen muuttoyrityst\u00e4 ja siihen liittyv\u00e4\u00e4 yrityst\u00e4 on AFRA:n j\u00e4seni\u00e4.<\/li>\n<li>  AFRA:n j\u00e4senyys kattaa l\u00e4hes kaikki Australian alueet - mutta ei kansainv\u00e4lisi\u00e4 sijainteja.<\/li>\n<li>  AFRA:n j\u00e4senten on k\u00e4yt\u00e4v\u00e4 s\u00e4\u00e4nn\u00f6llisesti l\u00e4pi tilintarkastusta. J\u00e4senhakemuksen yhteydess\u00e4 tehd\u00e4\u00e4n ensimm\u00e4inen tarkastus, jota seuraa tarkastus 12 kuukauden kuluttua j\u00e4seneksi hyv\u00e4ksymisest\u00e4 ja sen j\u00e4lkeen tarkastus nelj\u00e4n vuoden v\u00e4lein. Jos tarkastuksissa k\u00e4y ilmi, ett\u00e4 j\u00e4senet eiv\u00e4t noudata perusvaatimuksia, on 21 p\u00e4iv\u00e4n m\u00e4\u00e4r\u00e4aika, jonka kuluessa asia on korjattava, ennen kuin AFRA voi ryhty\u00e4 kurinpitotoimiin j\u00e4seni\u00e4\u00e4n vastaan.<\/li>\n<li>  AFRA:n j\u00e4senist\u00f6 on moninainen, pienist\u00e4 yhden kuorma-auton omistajayrityksist\u00e4 suuriin monikansallisiin yrityksiin, joilla on useita toimipisteit\u00e4 sek\u00e4 Australiassa ett\u00e4 Yhdysvalloissa. <a href=\"https:\/\/moverdb.com\/fi\/muuttoyritykset\/\">merentakaiset<\/a>.<\/li>\n<li>  AFRA:lla on tiettyj\u00e4 perusvaatimuksia, jotka j\u00e4senten on t\u00e4ytett\u00e4v\u00e4, ja n\u00e4m\u00e4 vaatimukset ovat kattavat ja koskevat kaikkea tiloista henkil\u00f6st\u00f6\u00f6n, ajoneuvoihin, laitteisiin ja vakuutuksiin.<\/li>\n<li>  Jos j\u00e4senet eiv\u00e4t pysty ratkaisemaan valituksia tai vaatimuksia, asiakas voi siirt\u00e4\u00e4 ne AFRA:lle.<\/li>\n<li>  Kaikilla AFRA:n j\u00e4senill\u00e4 on yleinen vastuuvakuutus, ja heill\u00e4 on valtuudet tarjota kauttakuljetusvakuutus kaikille siirrett\u00e4ville tavaroille ja tavaroille.<\/li>\n<\/ol>\n<p><strong>Australian Furniture Removers Associationin profiili:<\/strong><\/p>\n<p>AFRA on muuttoasiantuntijoiden virallinen elin, joka tarjoaa akkreditointia j\u00e4senille, jotka etsiv\u00e4t luotettavaa laatumerkki\u00e4 kuluttajille. <\/p>\n<p>AFRA:n j\u00e4seneksi hyv\u00e4ksyt\u00e4\u00e4n vain muuttofirmat, joilla on ammattimaisen muuton suorittamiseen tarvittavat laitteet, ajoneuvot, tilat ja henkil\u00f6kunnan koulutus. Kun akkreditointi on saatu, j\u00e4rjest\u00f6 jatkaa j\u00e4sentens\u00e4 arviointia varmistaakseen, ett\u00e4 standardit eiv\u00e4t ole laskeneet. <\/p>\n<p>AFRA:n j\u00e4senilleen asettamien vaatimusten tarkoituksena on tehd\u00e4 muuttoalasta kuluttajille parempi paikka esimerkiksi taloudellisen suojan ja hyv\u00e4n palvelun osalta. AFRA tarjoaa j\u00e4senyytt\u00e4 vain australialaisille yrityksille, mutta ne voivat palvella asiakkaita, jotka muuttavat Australiassa tai Australiassa. <a href=\"https:\/\/moverdb.com\/fi\/international-removals\/\">merentakaiset<\/a>. <\/p>\n<p>Osana j\u00e4senetuaan AFRA tarjoaa koulutusta, tietoa ja opastusta j\u00e4senilleen sek\u00e4 tarjoaa resursseja uusimpiin uutisiin ja alaan vaikuttaviin muutoksiin.<\/p>\n<p><strong>J\u00e4senyyskriteerit:<\/strong><\/p>\n<p>J\u00e4senyysperusteita ei ole lueteltu verkkosivustolla vaan hakemuslomakkeessa (joka ei my\u00f6sk\u00e4\u00e4n ole saatavilla verkkosivustolla). J\u00e4senyyspaketin saa osoitteesta <a href=\"mailto:admin@afra.com.au\">admin@afra.com.au<\/a>.<\/p>\n<p>Jokainen yritys tarkastetaan ennen j\u00e4senyyden my\u00f6nt\u00e4mist\u00e4.<\/p>\n<p><strong>J\u00e4senyritykset<\/strong><\/p>\n<ul>\n<li> <a href=\"https:\/\/moverdb.com\/fi\/conroy-removals\/\">Conroy Muutot<\/a><\/li>\n<\/ul>\n<p><strong>Mielipiteet AFRAsta:<\/strong><\/p>\n<p>AFRA:ta pidet\u00e4\u00e4n laatuyrityksen indikaattorina, ja hallituksen verkkosivustoilla sit\u00e4 ehdotetaan keinoksi varmistaa, ett\u00e4 muuttajalla on oikeat resurssit, standardit ja taidot muuton toteuttamiseen. <\/p>\n<p>T\u00e4rke\u00e4n\u00e4 pidet\u00e4\u00e4n sit\u00e4, ett\u00e4 AFRA hyv\u00e4ksyy vain ne, jotka pystyv\u00e4t toteuttamaan muuton ammattimaisesti, sek\u00e4 AFRA:n j\u00e4senille asetettuja vaatimuksia, joiden mukaan AFRA:n j\u00e4senill\u00e4 on oltava suojaa, kuten erilaisia vakuutuksia. <\/p>\n<p>Huomautetaan, ett\u00e4 jos yritys on AFRA:n j\u00e4sen, se antaa asiakkailleen mahdollisuuden saada AFRA:n tietoja ja saada varmuuden riitojenratkaisupalvelusta. Verkkomielipiteess\u00e4 korostetaan, ett\u00e4 \"kaikki suuret kansalliset <a href=\"https:\/\/moverdb.com\/fi\/international-removals\/\" data-internallinksmanager029f6b8e52c=\"27\" title=\"36 Parhaat kansainv\u00e4liset muuttoyritykset Yhdistyneess\u00e4 kuningaskunnassa\">muuttofirmat<\/a> ovat sitoutuneet AFRA:n ihanteeseen.\" <\/p>\n<p>AFRA-j\u00e4senen irrottajan k\u00e4ytt\u00e4minen on yksi vinkkej\u00e4 muuttamiseen, jonka tarjoaa <a href=\"https:\/\/www.allianz.com.au\/home-insurance\/news\/6-tips-on-how-to-hire-the-best-removalists\" target=\"_blank\" rel=\"noopener\">suuri rahoituspalveluyritys<\/a>, jossa todetaan, ett\u00e4 Australian laki ei vaadi muuttofirmoilta vakuutusta, mutta AFRA vaatii. Siin\u00e4 arvostetaan my\u00f6s sit\u00e4, ett\u00e4 AFRA:n j\u00e4senet ovat ajan tasalla viimeisimm\u00e4st\u00e4 kehityksest\u00e4 ja noudattavat v\u00e4himm\u00e4isvaatimuksia.<\/p>\n<blockquote><p>AFRA:n hyv\u00e4ksymien muuttopalveluyritysten on t\u00e4ytett\u00e4v\u00e4 tietyt vaatimukset, jotka koskevat ammattimaisen muuton toteuttamiseen tarvittavia laitteita, ajoneuvoja, tiloja ja henkil\u00f6kunnan koulutusta.<\/p><\/blockquote>\n<p>- <a href=\"http:\/\/www.fairtrading.nsw.gov.au\/ftw\/Consumers\/Buying_services\/Hiring_a_removalist.page\" target=\"_blank\" rel=\"noopener\">NSW:n hallitus<\/a><\/p>\n<blockquote><p>AFRA on Australian muuttoasiantuntijoiden virallinen elin, joka auttaa s\u00e4\u00e4ntelem\u00e4\u00e4n muuttoalaa. AFRA hyv\u00e4ksyy vain ne muuttoalan yritykset, joilla on ammattimaisen muuton toteuttamiseen tarvittavat laitteet, ajoneuvot, tilat ja henkil\u00f6kunnan koulutus.<\/p><\/blockquote>\n<p>- <a href=\"http:\/\/www.ashtons.com.au\/afra-accreditation.html\" target=\"_blank\" rel=\"noopener\">Ashtonsin muutot<\/a><\/p>\n<p><strong>Verkkosivusto:<\/strong> <a href=\"http:\/\/www.afra.com.au\/\" target=\"_blank\" rel=\"noopener\">http:\/\/www.afra.com.au\/<\/a><\/p>\n<h2>Muita hy\u00f6dyllisi\u00e4 oppaita Australiaan<\/h2>\n<ul>\n<li> <a href=\"https:\/\/moverdb.com\/fi\/konttikuljetukset\/australia\/\">2024 merirahti konttien laivaushinnat Australiaan ja Australiasta<\/a><\/li>\n<li> <a href=\"https:\/\/moverdb.com\/fi\/muuttoyritykset\/australia-2\/\">17 parasta kansainv\u00e4list\u00e4 muuttoa Australiassa<\/a><\/li>\n<li> <a href=\"https:\/\/moverdb.com\/fi\/parhaat-kansainvaliset-rahansiirtopalvelut\/money-transfer-companies-australia\/\">10 parasta rahansiirtoyhti\u00f6t Australiassa<\/a><\/li>\n<li> <a href=\"https:\/\/moverdb.com\/fi\/muutto-australiaan\/\">Muutto Australiaan? 2024 Elinkustannukset ja muuttovinkit<\/a><\/li>\n<li> <a href=\"https:\/\/moverdb.com\/fi\/muutto-australiaan\/best-places-to-live-australia\/\">13 parasta paikkaa asua Australiassa<\/a><\/li>\n<li> <a href=\"https:\/\/moverdb.com\/fi\/muutto-australiaan\/living-in-australia\/\">21 salaisuuksia asumisesta Australiassa tiet\u00e4\u00e4 ennen muuttoa<\/a><\/li>\n<li> <a href=\"https:\/\/moverdb.com\/fi\/muutto-australiaan\/moving-to-australia-from-the-us\/\">Muutto Australiaan Yhdysvalloista<\/a><\/li>\n<li> <a href=\"https:\/\/moverdb.com\/fi\/konttikuljetukset\/to-australia-from-the-united-states\/\">Konttikuljetukset Australiaan Yhdysvalloista Kustannukset<\/a><\/li>\n<li> <a href=\"https:\/\/moverdb.com\/fi\/muutto-australiaan\/moving-to-australia-from-the-uk\/\">Muutto Australiaan Yhdistyneest\u00e4 kuningaskunnasta<\/a><\/li>\n<li> <a href=\"https:\/\/moverdb.com\/fi\/konttikuljetukset\/to-australia-from-the-uk\/\">Konttikuljetukset Australiaan Yhdistyneest\u00e4 kuningaskunnasta Kustannukset ja ajat<\/a><\/li>\n<li> <a href=\"https:\/\/moverdb.com\/fi\/muutto-australiaan\/moving-to-australia-from-bahrain\/\">Muutto Australiaan Bahrainista<\/a><\/li>\n<li> <a href=\"https:\/\/moverdb.com\/fi\/muutto-australiaan\/moving-to-australia-from-the-uae\/\">Muutto Australiaan Dubaista ja Yhdistyneist\u00e4 arabiemiirikunnista<\/a><\/li>\n<li> <a href=\"https:\/\/moverdb.com\/fi\/konttikuljetukset\/to-australia-from-dubai\/\">Konttikuljetukset Australiaan Dubaissa Kustannukset ja ajat<\/a><\/li>\n<li> <a href=\"https:\/\/moverdb.com\/fi\/konttikuljetukset\/to-australia-from-uae\/\">Konttikuljetukset Australiaan Arabiemiraateista Kustannukset ja ajat<\/a><\/li>\n<li> <a href=\"https:\/\/moverdb.com\/fi\/muutto-australiaan\/moving-to-australia-from-kuwait\/\">Muutto Australiaan Kuwaitista<\/a><\/li>\n<li> <a href=\"https:\/\/moverdb.com\/fi\/muutto-australiaan\/moving-to-australia-from-qatar\/\">Muutto Australiaan Qatarista<\/a><\/li>\n<li> <a href=\"https:\/\/moverdb.com\/fi\/konttikuljetukset\/to-australia-from-qatar\/\">Konttikuljetukset Australiaan Qatarista Kustannukset ja ajat<\/a><\/li>\n<li> <a href=\"https:\/\/moverdb.com\/fi\/muutto-australiaan\/moving-to-perth\/\">Muutatko Perthiin? 2024 Elinkustannukset ja muuttovinkit<\/a><\/li>\n<li> <a href=\"https:\/\/moverdb.com\/fi\/muutto-australiaan\/moving-to-australia-from-singapore\/\">Muutto Australiaan Singaporesta<\/a><\/li>\n<li> <a href=\"https:\/\/moverdb.com\/fi\/konttikuljetukset\/to-australia-from-singapore\/\">Konttikuljetukset Australiaan Singaporesta Kustannukset ja ajat<\/a><\/li>\n<li> <a href=\"https:\/\/moverdb.com\/fi\/muutto-australiaan\/moving-to-australia-from-south-africa\/\">Muutto Australiaan Etel\u00e4-Afrikasta<\/a><\/li>\n<li> <a href=\"https:\/\/moverdb.com\/fi\/konttikuljetukset\/to-australia-from-canada\/\">Konttikuljetukset Australiaan Kanadasta Kustannukset<\/a><\/li>\n<li> <a href=\"https:\/\/moverdb.com\/fi\/konttikuljetukset\/to-australia-from-new-zealand\/\">Konttikuljetukset Australiaan Uudesta-Seelannista Kustannukset<\/a><\/li>\n<li> <a href=\"https:\/\/moverdb.com\/fi\/muutto-australiaan\/moving-to-hobart\/\">Muutatko Hobartiin? 2024 Elinkustannukset ja muuttovinkit<\/a><\/li>\n<li> <a href=\"https:\/\/moverdb.com\/fi\/muutto-australiaan\/moving-to-gold-coast\/\">Muutatko Gold Coastiin? 2024 Elinkustannukset ja muuttovinkit<\/a><\/li>\n<li> <a href=\"https:\/\/moverdb.com\/fi\/muutto-australiaan\/moving-to-melbourne\/\">Muutatko Melbourneen? 2024 Elinkustannukset ja muuttovinkit<\/a><\/li>\n<\/ul>","protected":false},"excerpt":{"rendered":"<p>The Australian Furniture Removers Association (AFRA) describes itself both as a representative of, and regulator of, the removals industry in Australia. It has broad geographic reach within Australia and is often cited as a mark of quality. Key facts about the AFRA: Currently, around 350 furniture removal and associated companies are members of AFRA. The [&hellip;]<\/p>\n","protected":false},"author":1,"featured_media":0,"parent":0,"menu_order":0,"comment_status":"closed","ping_status":"closed","template":"","meta":{"_genesis_hide_title":false,"_genesis_hide_breadcrumbs":false,"_genesis_hide_singular_image":false,"_genesis_hide_footer_widgets":false,"_genesis_custom_body_class":"","_genesis_custom_post_class":"","_genesis_layout":"","footnotes":""},"class_list":{"0":"post-435","1":"page","2":"type-page","3":"status-publish","5":"entry"},"_links":{"self":[{"href":"https:\/\/moverdb.com\/fi\/wp-json\/wp\/v2\/pages\/435","targetHints":{"allow":["GET"]}}],"collection":[{"href":"https:\/\/moverdb.com\/fi\/wp-json\/wp\/v2\/pages"}],"about":[{"href":"https:\/\/moverdb.com\/fi\/wp-json\/wp\/v2\/types\/page"}],"author":[{"embeddable":true,"href":"https:\/\/moverdb.com\/fi\/wp-json\/wp\/v2\/users\/1"}],"replies":[{"embeddable":true,"href":"https:\/\/moverdb.com\/fi\/wp-json\/wp\/v2\/comments?post=435"}],"version-history":[{"count":11,"href":"https:\/\/moverdb.com\/fi\/wp-json\/wp\/v2\/pages\/435\/revisions"}],"predecessor-version":[{"id":17997,"href":"https:\/\/moverdb.com\/fi\/wp-json\/wp\/v2\/pages\/435\/revisions\/17997"}],"wp:attachment":[{"href":"https:\/\/moverdb.com\/fi\/wp-json\/wp\/v2\/media?parent=435"}],"curies":[{"name":"wp","href":"https:\/\/api.w.org\/{rel}","templated":true}]}}