{"id":434,"date":"2016-06-05T06:20:47","date_gmt":"2016-06-05T06:20:47","guid":{"rendered":"http:\/\/moverdb.com\/?page_id=434"},"modified":"2026-01-08T14:48:22","modified_gmt":"2026-01-08T14:48:22","slug":"fidi-faim","status":"publish","type":"page","link":"https:\/\/moverdb.com\/fi\/fidi-faim\/","title":{"rendered":"FIDI &amp; FAIM (FIDI Accredited International Mover) selitettyin\u00e4"},"content":{"rendered":"<p>FIDI (F\u00e9d\u00e9ration Internationale des D\u00e9m\u00e9nageurs Internationaux; The Federation of International Movers) on kansainv\u00e4listen muutto- ja siirtoyritysten maailmanlaajuinen kattoj\u00e4rjest\u00f6. <\/p>\n<p>FAIM kutsuu itse\u00e4\u00e4n maailmanlaajuiseksi alan standardiksi laadukkaille muuttoliikkeille ja on ollut edell\u00e4k\u00e4vij\u00e4 FIDI Accredited International Mover (FAIM) -laadunhallintaohjelmassa, joka on yksinomaan kansainv\u00e4liselle muuttoliikealalle suunnattu laatusertifiointiohjelma.<\/p>\n<p><strong>T\u00e4rkeimm\u00e4t tiedot organisaatiosta:<\/strong><\/p>\n<ol>\n<li>  FIDI edustaa yli <strong>600 riippumatonta <a href=\"https:\/\/moverdb.com\/fi\/muuttoyritykset\/\">yritykset<\/a><\/strong> yli <strong>100 maata<\/strong>.<\/li>\n<li>  FIDI on suurin kattoj\u00e4rjest\u00f6, joka k\u00e4sitt\u00e4\u00e4 <a href=\"https:\/\/moverdb.com\/fi\/international-removals\/\">kansainv\u00e4liset muutot<\/a> ja muuttoyritykset.<\/li>\n<li>  FIDI tarjoaa sek\u00e4 henkil\u00f6kohtaisia ett\u00e4 yritysten siirtoja.<\/li>\n<li>  Kaikkien FIDI:n tyt\u00e4ryhti\u00f6iden on noudatettava tiukkoja FIDI-FAIM-laatustandardeja.<\/li>\n<li>  FIDI tarjoaa FAIM-laadunhallintaohjelmaa, jota pidet\u00e4\u00e4n yhten\u00e4 alan tiukimmista standardeista, sill\u00e4 se sis\u00e4lt\u00e4\u00e4 yli kymmenen vuotta kest\u00e4neen laadunhallintaohjelman. <strong>200 laatuvaatimukset<\/strong> jotka liittyv\u00e4t sek\u00e4 toimintaan ett\u00e4 asiakaspalveluun.<\/li>\n<li>  Jokaisen FIDI:n j\u00e4senyrityksen on k\u00e4yt\u00e4v\u00e4 s\u00e4\u00e4nn\u00f6llisesti l\u00e4pi riippumaton arviointi kansainv\u00e4lisest\u00e4 muuttotoiminnastaan. Jos ne ep\u00e4onnistuvat arvioinnissa, ne erotetaan FIDIst\u00e4.<\/li>\n<li>  Kaikkien FIDI:n tyt\u00e4ryhti\u00f6iden on allekirjoitettava lahjonnan ja korruption vastainen peruskirja ja noudatettava sit\u00e4.<\/li>\n<li>  Kaikkien FIDI:n j\u00e4senten on oltava my\u00f6s FAIM-sertifioitu - t\u00e4m\u00e4 haetaan j\u00e4senyyden yhteydess\u00e4.<\/li>\n<li>  FAIM Plus on saatavilla niille, joilla on ISO 9001 -sertifiointi.<\/li>\n<\/ol>\n<p><strong>FIDI:n organisaatioprofiili<\/strong><\/p>\n<p>FIDI on maailmanlaajuinen liikkujien yhdistys, joka tarjoaa j\u00e4senyrityksilleen vahvan, tunnustetun hyv\u00e4ksynt\u00e4merkin palveluille, lis\u00e4\u00e4 verkostoitumismahdollisuuksia ja mahdollisuuden laajentaa liiketoimintaa. <\/p>\n<p>Se j\u00e4rjest\u00e4\u00e4 s\u00e4\u00e4nn\u00f6llisesti konferensseja ja koulutustilaisuuksia j\u00e4senille eri puolilta maailmaa ja tarjoaa j\u00e4senilleen maksusuojaussuunnitelman, jonka avulla he voivat suojata jopa 90% laskunsa arvosta. FIDI on my\u00f6s pyrkinyt pit\u00e4m\u00e4\u00e4n j\u00e4senj\u00e4rjest\u00f6ns\u00e4 ajan tasalla alan viimeisimmist\u00e4 uutisista, ja sill\u00e4 on alan paneeli, joka tarjoaa asiantuntija-apua ja k\u00e4sittelee j\u00e4senten v\u00e4lisi\u00e4 riitoja. <\/p>\n<p>FIDI Accredited International Mover (FAIM) -laadunhallintaohjelma on osa FIDI:n tarjontaa, muuttoliikealan laatusertifiointia, joka kehitettiin suurten ja pienten, yksityisten ja julkisten yritysten parhaiden k\u00e4yt\u00e4nt\u00f6jen kuulemisen ja parhaiden k\u00e4yt\u00e4nt\u00f6jen pohjalta. <a href=\"https:\/\/moverdb.com\/fi\/moving-companies\/\" data-internallinksmanager029f6b8e52c=\"79\" title=\"Top 25 Kansainv\u00e4list\u00e4 muuttoyrityksi\u00e4 verkossa\">kansainv\u00e4liset muuttofirmat<\/a> kaikkialta maailmasta.<\/p>\n<p><strong>J\u00e4senyyskriteerit:<\/strong><\/p>\n<p>FIDI Global Allianceen liittyminen edellytt\u00e4\u00e4, ett\u00e4 t\u00e4yt\u00e4t seuraavat pakolliset vaatimukset:<\/p>\n<ul>\n<li> Noudattaa FIDI:n s\u00e4\u00e4nt\u00f6j\u00e4<\/li>\n<li> toiminut mannertenv\u00e4lisiss\u00e4 muuttopalveluissa v\u00e4hint\u00e4\u00e4n 2 vuotta ennen hakemuksen j\u00e4tt\u00e4mist\u00e4.<\/li>\n<li> Suorittaa v\u00e4hint\u00e4\u00e4n 10 mannertenv\u00e4list\u00e4 muuttoa vuodessa*.<\/li>\n<li> asianmukainen ja riitt\u00e4v\u00e4 vakuutusturva<\/li>\n<li> Allekirjoita FIDI:n lahjonnan ja korruption vastainen peruskirja (FIDI ABC Charter).<\/li>\n<li> sinun on oltava taloudellisesti terve (riippumaton tilintarkastaja tarkastaa hakuvaiheessa, ett\u00e4 olet taloudellisesti terve).<\/li>\n<li> FIDI-FAIM-sertifioitu (haet FAIM-sertifiointia samalla, kun haet FIDI:n j\u00e4senyytt\u00e4).<\/li>\n<\/ul>\n<p><strong>FAIM-sertifiointi:<\/strong><\/p>\n<p>FIDI-FAIM-sertifiointiohjelmassa edellytet\u00e4\u00e4n, ett\u00e4 kansainv\u00e4liset muuttoyritykset arvioivat m\u00e4\u00e4r\u00e4ajoin maanosien v\u00e4lisen muuttoliiketoimintansa riippumattoman auditoinnin avulla, joka suoritetaan kolmen vuoden v\u00e4lein.<\/p>\n<p>N\u00e4in varmistetaan, ett\u00e4 FIDI-yritykset toimivat maailmanlaajuisesti yhteisten standardien mukaisesti hallinnoidessaan ja toteuttaessaan kansainv\u00e4lisi\u00e4 muuttopalveluja yhdenmukaisesti, laadukkaasti ja tehokkaasti. Se tarjoaa my\u00f6s avoimen mekanismin, jolla varmistetaan, ett\u00e4 standardit pysyv\u00e4t korkeina.<\/p>\n<p>Loppuasiakkaan n\u00e4k\u00f6kulmasta FAIM-sertifioitu yritys antaa muuttajalle ja h\u00e4nen muuttoaan organisoivalle henkil\u00f6st\u00f6osastolle varmuuden siit\u00e4, ett\u00e4 yritys tuntee toimialan ja ett\u00e4 sill\u00e4 on resurssit ja osaaminen tehd\u00e4 ty\u00f6 kunnolla.<\/p>\n<p>Paikan p\u00e4\u00e4ll\u00e4 tapahtuvan arvioinnin suorittaa riippumattomasti kansainv\u00e4linen arviointitoimisto Ernst &amp; Young.<\/p>\n<p><strong>Joitakin j\u00e4senyrityksi\u00e4<\/strong><\/p>\n<ul>\n<li> <a href=\"https:\/\/moverdb.com\/fi\/aires\/\">Aires<\/a><\/li>\n<li> <a href=\"https:\/\/moverdb.com\/fi\/cadogan-tate\/\">Cadogan Tate<\/a><\/li>\n<li> <a href=\"https:\/\/moverdb.com\/fi\/harrow-green\/\">Harrow Green<\/a><\/li>\n<li> <a href=\"https:\/\/moverdb.com\/fi\/santa-fe-relocation\/\">Santa Fe uudelleensijoittaminen<\/a><\/li>\n<li> <a href=\"https:\/\/moverdb.com\/fi\/team-relocations\/\">Tiimin siirrot<\/a><\/li>\n<li> <a href=\"https:\/\/moverdb.com\/fi\/nippon-express\/\">Nippon Express<\/a><\/li>\n<li> <a href=\"https:\/\/moverdb.com\/fi\/settelen\/\">Settelen<\/a><\/li>\n<li> <a href=\"https:\/\/moverdb.com\/fi\/conroy-removals\/\">Conroy Muutot<\/a><\/li>\n<li> <a href=\"https:\/\/moverdb.com\/fi\/bolliger\/\">Bolliger<\/a><\/li>\n<li> <a href=\"https:\/\/moverdb.com\/fi\/mudanzas-gou\/\">Mudanzas Gou<\/a><\/li>\n<li> <a href=\"https:\/\/moverdb.com\/fi\/gil-stauffer\/\">Gil Stauffer<\/a><\/li>\n<li> <a href=\"https:\/\/moverdb.com\/fi\/packimpex\/\">Packimpex<\/a><\/li>\n<\/ul>\n<p><strong>Mielipiteet organisaatiosta<\/strong><\/p>\n<p>FIDI:t\u00e4 arvostavat suuresti ne liikkeenharjoittajat, jotka mainitsevat sen verkkosivuillaan, sek\u00e4 sen merkitt\u00e4vien resurssien ett\u00e4 sen jatkuvan auditoinnin osalta. <\/p>\n<p>Riippumattomuus on toinen avaintekij\u00e4 FIDIn rakentaman maineen kannalta - jokaisella muuttoyrityksell\u00e4 on paikan p\u00e4\u00e4ll\u00e4 suoritettava vaatimustenmukaisuusmenettely, jonka suorittaa maan ulkopuolinen konsultti. <\/p>\n<blockquote><p>FAIM\/ISO on maailman korkein saatavilla oleva sertifiointistandardi muuttoliikeyrityksille, jotka pyrkiv\u00e4t korkeimpaan laatutasoon.<\/p><\/blockquote>\n<p> - <a href=\"http:\/\/www.ossworldwidemovers.com\/fidi-accredited-international-mover\" target=\"_blank\" rel=\"noopener\">OSS World Wide Movers<\/a><\/p>\n<blockquote><p>Muuttoliikeyrityksi\u00e4 on lukuisia eri puolilla maailmaa. Miten erotat hyv\u00e4t ja huonot toisistaan? Aloita FIDI\/FAIM:st\u00e4, joka on kansainv\u00e4listen muuttojen kultainen standardi.<\/p><\/blockquote>\n<p>- <a href=\"http:\/\/www.jkmoving.com\/International\/International_Network-_FIDI\/FAIM\/\" target=\"_blank\" rel=\"noopener\">JK Muuttopalvelut<\/a><\/p>\n<p><a href=\"http:\/\/www.jkmoving.com\/International\/International_Network-_FIDI\/FAIM\/\" target=\"_blank\" rel=\"noopener\"><\/a><\/p>\n<blockquote><p>Kyseess\u00e4 on kansainv\u00e4lisen muuttoliikealan tiukin ja kattavin laatuohjelma, jossa on yli 200 laatuvaatimusta, jotka liittyv\u00e4t organisaation toimintaan ja asiakkaille tarjottaviin palveluihin. FIDI tarjoaa nyt FAIM-akkreditointia.<\/p><\/blockquote>\n<p>- <a href=\"http:\/\/www.suddathinternational.com\/news\/2013\/8\/1\/faim-plus.aspx\" target=\"_blank\" rel=\"noopener\">Suddath<\/a><\/p>\n<p><strong>Verkkosivusto:<\/strong> <a href=\"https:\/\/www.fidi.org\" target=\"_blank\" rel=\"noopener\">https:\/\/www.fidi.org<\/a><\/p>","protected":false},"excerpt":{"rendered":"<p>FIDI (F\u00e9d\u00e9ration Internationale des D\u00e9m\u00e9nageurs Internationaux; The Federation of International Movers) is a global umbrella organisation of international moving and relocation businesses. It describes itself as a worldwide industry standard for top quality movers and has pioneered the FIDI Accredited International Mover (FAIM) Quality Management Programme, a quality certification programme dedicated exclusively to the international [&hellip;]<\/p>\n","protected":false},"author":1,"featured_media":0,"parent":0,"menu_order":0,"comment_status":"closed","ping_status":"closed","template":"","meta":{"_genesis_hide_title":false,"_genesis_hide_breadcrumbs":false,"_genesis_hide_singular_image":false,"_genesis_hide_footer_widgets":false,"_genesis_custom_body_class":"","_genesis_custom_post_class":"","_genesis_layout":"","footnotes":""},"class_list":{"0":"post-434","1":"page","2":"type-page","3":"status-publish","5":"entry"},"_links":{"self":[{"href":"https:\/\/moverdb.com\/fi\/wp-json\/wp\/v2\/pages\/434","targetHints":{"allow":["GET"]}}],"collection":[{"href":"https:\/\/moverdb.com\/fi\/wp-json\/wp\/v2\/pages"}],"about":[{"href":"https:\/\/moverdb.com\/fi\/wp-json\/wp\/v2\/types\/page"}],"author":[{"embeddable":true,"href":"https:\/\/moverdb.com\/fi\/wp-json\/wp\/v2\/users\/1"}],"replies":[{"embeddable":true,"href":"https:\/\/moverdb.com\/fi\/wp-json\/wp\/v2\/comments?post=434"}],"version-history":[{"count":28,"href":"https:\/\/moverdb.com\/fi\/wp-json\/wp\/v2\/pages\/434\/revisions"}],"predecessor-version":[{"id":6210,"href":"https:\/\/moverdb.com\/fi\/wp-json\/wp\/v2\/pages\/434\/revisions\/6210"}],"wp:attachment":[{"href":"https:\/\/moverdb.com\/fi\/wp-json\/wp\/v2\/media?parent=434"}],"curies":[{"name":"wp","href":"https:\/\/api.w.org\/{rel}","templated":true}]}}