{"id":433,"date":"2016-06-12T13:45:04","date_gmt":"2016-06-12T13:45:04","guid":{"rendered":"http:\/\/moverdb.com\/?page_id=433"},"modified":"2026-01-08T14:47:29","modified_gmt":"2026-01-08T14:47:29","slug":"amsa","status":"publish","type":"page","link":"https:\/\/moverdb.com\/fi\/amsa\/","title":{"rendered":"American Moving &amp; Storage Association (AMSA) selitetty"},"content":{"rendered":"<p>American Moving &amp; Storage Association (AMSA) on amerikkalaisen muuttoteollisuuden kansallinen ammattij\u00e4rjest\u00f6. <\/p>\n<p>Se on perustettu edustamaan muutto- ja varastointialan toimijoiden etuja sek\u00e4 kotimaassa ett\u00e4 kansainv\u00e4lisesti ja tarjoamaan tietoa ja apua alan yrityksi\u00e4 k\u00e4ytt\u00e4ville asiakkaille.<\/p>\n<p><strong>AMSAn t\u00e4rkeimm\u00e4t tiedot:<\/strong><\/p>\n<ol>\n<li>  Sill\u00e4 on noin 4 200 j\u00e4sent\u00e4.<\/li>\n<li>  AMSA:n j\u00e4seni\u00e4 ovat osavaltioiden v\u00e4liset muutto- ja varastointiyritykset, paikalliset muuttofirmat, <a href=\"https:\/\/moverdb.com\/fi\/muuttoyritykset\/\">kansainv\u00e4liset muuttajat<\/a> sek\u00e4 alan tavarantoimittajat ja osavaltioiden yhdistysten j\u00e4senet.<\/li>\n<li>  Se on ainoa kansallinen yhdistys, joka edustaa kaikkia muutto- ja varastointialan aloja.<\/li>\n<li>  AMSA k\u00e4ynnisti <a href=\"https:\/\/moverdb.com\/fi\/rim-promover\/\" data-internallinksmanager029f6b8e52c=\"76\" title=\"RIM International ProMover -sertifiointi selitetty\">ProMover<\/a> sertifiointi vuonna 2009, jonka tarkoituksena on ohjata kuluttajat laadukkaiden, AMSA:n tavoitteita noudattavien muuttofirmojen pariin.<\/li>\n<li>  J\u00e4seneksi voivat liitty\u00e4 muuttoalan yritysten lis\u00e4ksi my\u00f6s tyt\u00e4ryhti\u00f6t (muuttoalaan liittyvi\u00e4 tuotteita tai palveluja tarjoavat yritykset), yksityishenkil\u00f6t ja ammattij\u00e4rjest\u00f6t.<\/li>\n<li>  AMSA:n j\u00e4senyys on t\u00e4rke\u00e4 osa hakuprosessia, kun haet <a href=\"https:\/\/moverdb.com\/fi\/vanne-promover\/\">ProMover-sertifiointi<\/a> - t\u00e4t\u00e4 on pidetty ilman ongelmia 18 kuukautta.<\/li>\n<li>  Kuluttajat tuntevat sen hyvin muuttovinkkien tietokannastaan, joka tarjoaa tietoa kaikesta pakkaamisesta muuttop\u00e4iv\u00e4n hallintaan.<\/li>\n<li>  Se tarjoaa riitojenratkaisuohjelman ja eettiset s\u00e4\u00e4nn\u00f6t, joita sen j\u00e4senten on noudatettava.<\/li>\n<li>  Sen j\u00e4senet kuljettavat vuosittain 1,3-1,5 miljoonaa kotitaloutta.<\/li>\n<\/ol>\n<p><strong>American Moving &amp; Storage Associationin profiili:<\/strong><\/p>\n<p>AMSA:n j\u00e4senet hy\u00f6tyv\u00e4t laajasta palveluvalikoimasta, joka ulottuu uutisista ja tiedottamisesta alaan vaikuttavista asioista liittovaltion hallituksen edustukseen, veroapuun, rahoitus- ja tilastoraportointiin sek\u00e4 oikeusapuun. <\/p>\n<p>AMSA tarjoaa my\u00f6s v\u00e4limiespalvelua vahinkoriitojen ratkaisemiseksi sek\u00e4 ammatillista koulutusta ja sertifiointiohjelmia, kuten ProMover. <\/p>\n<p>AMSA sai alkunsa Amerikan vanhimmasta muuttoliikkeiden ammattiyhdistyksest\u00e4, vuonna 1920 perustetusta National Furniture Warehousemen's Associationista. Sen historia, laaja kattavuus ja eettiset s\u00e4\u00e4nn\u00f6t tekev\u00e4t siit\u00e4 eritt\u00e4in arvostetun j\u00e4rjest\u00f6n. <\/p>\n<p>Se on vastuussa ProMover-sertifioinnista, jota on pidetty luotettavan siirtoyhti\u00f6n merkkin\u00e4.<\/p>\n<p><strong>J\u00e4senyyskriteerit:<\/strong><\/p>\n<p>AMSAan liittymisen kriteerit vaikuttavat hyvin yksinkertaisilta - pelkk\u00e4 lomakkeen t\u00e4ytt\u00e4minen ja j\u00e4senmaksun maksaminen. Yrityksilt\u00e4 vaaditaan kuitenkin enemm\u00e4n, jos ne haluavat saada seuraavat asiakirjat <a href=\"https:\/\/moverdb.com\/fi\/vanne-promover\/\">ProMover-sertifiointi<\/a>.<\/p>\n<p><strong>Parhaat j\u00e4senyritykset<\/strong><\/p>\n<ol>\n<li> <a href=\"https:\/\/moverdb.com\/fi\/united-van-lines\/\">United Van Lines<\/a><\/li>\n<li> <a href=\"https:\/\/moverdb.com\/fi\/atlas-van-lines-international\/\">Atlas Van Lines International<\/a><\/li>\n<li> <a href=\"https:\/\/moverdb.com\/fi\/mayflower-transit\/\">Mayflower Transit<\/a><\/li>\n<li> <a href=\"https:\/\/moverdb.com\/fi\/allied-van-lines\/\">Allied Van Lines<\/a><\/li>\n<li> <a href=\"https:\/\/moverdb.com\/fi\/north-american-van-lines\/\">North American Van Lines<\/a><\/li>\n<li> <a href=\"https:\/\/moverdb.com\/fi\/wheaton\/\">Wheaton World Wide Moving<\/a><\/li>\n<li> <a href=\"https:\/\/moverdb.com\/fi\/bekins-van-lines\/\">Bekins Van Lines<\/a><\/li>\n<li> <a href=\"https:\/\/moverdb.com\/fi\/graebel-van-lines\/\">Graebel Van Lines<\/a><\/li>\n<li> <a href=\"https:\/\/moverdb.com\/fi\/arpin-van-lines\/\">Arpin Van Lines<\/a><\/li>\n<li> <a href=\"https:\/\/moverdb.com\/fi\/stevens-worldwide-van-lines\/\">Stevens Worldwide Van Lines<\/a><\/li>\n<li> <a href=\"https:\/\/moverdb.com\/fi\/vip-kuljetus\/\">VIP-kuljetukset<\/a><\/li>\n<li> <a href=\"https:\/\/moverdb.com\/fi\/island-movers\/\">Island Movers<\/a><\/li>\n<li> <a href=\"https:\/\/moverdb.com\/fi\/mudanzas-gou\/\">Mudanzas Gou<\/a><\/li>\n<li> <a href=\"https:\/\/moverdb.com\/fi\/gil-stauffer\/\">Gil Stauffer<\/a><\/li>\n<\/ol>\n<p><strong>American Moving &amp; Storage Association -yhdistyst\u00e4 koskevat mielipiteet<\/strong><\/p>\n<p>Kun AMSA mainitaan verkossa, se mainitaan usein j\u00e4rjest\u00f6n ProMover-sertifioinnin yhteydess\u00e4, josta on tullut kansainv\u00e4linen laatumerkki. <\/p>\n<p>Sertifiointia pidet\u00e4\u00e4n osana AMSA:n foorumia, jonka tarkoituksena on sek\u00e4 edustaa ett\u00e4 parantaa alan toimijoiden - ja alan yrityksi\u00e4 k\u00e4ytt\u00e4vien henkil\u00f6iden - asemaa tehokkaan edunvalvonnan ja arvostetun tuotemerkin rakentamisen avulla. <\/p>\n<p>Verkkomielipiteess\u00e4 korostetaan sek\u00e4 sit\u00e4, ett\u00e4 AMSA:n perint\u00f6 liitt\u00e4\u00e4 sen Amerikan vanhimpiin ammattij\u00e4rjest\u00f6ihin, ett\u00e4 sen teht\u00e4v\u00e4\u00e4 helpottaa kuluttajien liikkumista. Verkkomielipiteiss\u00e4 mainitaan AMSA:n j\u00e4rjest\u00e4m\u00e4t tapahtumat, joihin osallistutaan ilmeisen paljon ja joita arvostetaan, <em>\"Kuten aina, my\u00f6s t\u00e4m\u00e4n vuoden AMSA-konferenssi kokosi yhteen muuttoalan huippujohtajia.\"<\/em> <\/p>\n<p>My\u00f6s AMSA-palkinnot mainitaan, ja niit\u00e4 pidet\u00e4\u00e4n todellisena saavutusten ja laadun indikaattorina.<\/p>\n<blockquote><p>AMSA:n teht\u00e4v\u00e4n\u00e4 on \"edustaa kotimaisen ja kansainv\u00e4lisen muutto- ja varastointialan etuja ja auttaa asiakkaita, joita se palvelee\".\n<\/p><\/blockquote>\n<p>- <a href=\"http:\/\/www.atlasvanlines.com\/pro-mover\/\" target=\"_blank\" rel=\"noopener\">Atlas Van Lines<\/a><\/p>\n<blockquote><p>AMSA on sitoutunut varmistamaan, ett\u00e4 jokainen niist\u00e4 40 miljoonasta amerikkalaisesta, jotka muuttavat vuosittain ja valitsevat ammattimaisen muuttajan, voi tehd\u00e4 tietoon perustuvia p\u00e4\u00e4t\u00f6ksi\u00e4.<\/p><\/blockquote>\n<p>- <a href=\"http:\/\/www.ossworldwidemovers.com\/american-moving-and-storage-association\" target=\"_blank\" rel=\"noopener\">OSS World Wide Movers<\/a><\/p>\n<blockquote><p>AMSA seuloo huolellisesti muuttajaj\u00e4senens\u00e4 ja varmistaa, ett\u00e4 kuluttajat saavat sellaisia muuttajia, jotka ovat t\u00e4ytt\u00e4neet kaikki lisenssi- ja vakuutusvaatimukset, ja tarjoaa kuluttajien ja muuttajien v\u00e4listen riitojen sovittelua kotitaloustavaroiden riitojenratkaisuohjelmansa avulla. Yksi AMSA:n tavoitteista on hyvin informoitu yleis\u00f6, joka ymm\u00e4rt\u00e4\u00e4 paremmin ammattimaisen muuttopalvelun arvon.<\/p><\/blockquote>\n<p>- <a href=\"http:\/\/www.moving.com\/articles\/amsa\/who-is-amsa.asp\" target=\"_blank\" rel=\"noopener\">Moving.com<\/a><\/p>\n<p><strong>Verkkosivusto:<\/strong> <a href=\"http:\/\/www.moving.org\/\" target=\"_blank\" rel=\"noopener\">http:\/\/www.moving.org\/<\/a><\/p>","protected":false},"excerpt":{"rendered":"<p>The American Moving &#038; Storage Association (AMSA) is the national trade association for the American moving industry. It has been set up to help represent the interests of those in the moving and storage industry, both domestic and international, and also to provide a source of information and assistance to customers using businesses in the [&hellip;]<\/p>\n","protected":false},"author":1,"featured_media":0,"parent":0,"menu_order":0,"comment_status":"closed","ping_status":"closed","template":"","meta":{"_genesis_hide_title":false,"_genesis_hide_breadcrumbs":false,"_genesis_hide_singular_image":false,"_genesis_hide_footer_widgets":false,"_genesis_custom_body_class":"","_genesis_custom_post_class":"","_genesis_layout":"","footnotes":""},"class_list":{"0":"post-433","1":"page","2":"type-page","3":"status-publish","5":"entry"},"_links":{"self":[{"href":"https:\/\/moverdb.com\/fi\/wp-json\/wp\/v2\/pages\/433","targetHints":{"allow":["GET"]}}],"collection":[{"href":"https:\/\/moverdb.com\/fi\/wp-json\/wp\/v2\/pages"}],"about":[{"href":"https:\/\/moverdb.com\/fi\/wp-json\/wp\/v2\/types\/page"}],"author":[{"embeddable":true,"href":"https:\/\/moverdb.com\/fi\/wp-json\/wp\/v2\/users\/1"}],"replies":[{"embeddable":true,"href":"https:\/\/moverdb.com\/fi\/wp-json\/wp\/v2\/comments?post=433"}],"version-history":[{"count":25,"href":"https:\/\/moverdb.com\/fi\/wp-json\/wp\/v2\/pages\/433\/revisions"}],"predecessor-version":[{"id":6170,"href":"https:\/\/moverdb.com\/fi\/wp-json\/wp\/v2\/pages\/433\/revisions\/6170"}],"wp:attachment":[{"href":"https:\/\/moverdb.com\/fi\/wp-json\/wp\/v2\/media?parent=433"}],"curies":[{"name":"wp","href":"https:\/\/api.w.org\/{rel}","templated":true}]}}