{"id":431,"date":"2016-06-05T20:02:57","date_gmt":"2016-06-05T20:02:57","guid":{"rendered":"http:\/\/moverdb.com\/?page_id=431"},"modified":"2026-01-08T13:19:02","modified_gmt":"2026-01-08T13:19:02","slug":"olen","status":"publish","type":"page","link":"https:\/\/moverdb.com\/fi\/iam\/","title":{"rendered":"Kansainv\u00e4linen muuttajien liitto (IAM) selitetty"},"content":{"rendered":"<p>International Association of Movers (IAM) on maailmanlaajuinen ammattij\u00e4rjest\u00f6, jonka j\u00e4senet tarjoavat muutto-, huolinta-, kuljetus-, logistiikka- ja niihin liittyvi\u00e4 palveluja. <\/p>\n<p>Se on alan suurin kansainv\u00e4linen ammattij\u00e4rjest\u00f6, jonka perustivat alun perin charter-yritykset, jotka tekiv\u00e4t liiketoimintaa Yhdysvaltojen kanssa. <a href=\"https:\/\/moverdb.com\/fi\/moving-to-the-united-states\/\" data-internallinksmanager029f6b8e52c=\"94\" title=\"Muutatko Yhdysvaltoihin? 2022 Elinkustannukset ja muuttovinkit\">US<\/a> hallitus.<\/p>\n<p><strong>T\u00e4rkeimm\u00e4t tiedot IAM:st\u00e4:<\/strong><\/p>\n<ol>\n<li>  Edustaa yli <strong>2,000 <a href=\"https:\/\/moverdb.com\/fi\/muuttoyritykset\/\" target=\"_blank\" rel=\"noopener\">yritykset<\/a><\/strong> yli <strong>170 maata<\/strong>.<\/li>\n<li>  IAM:ll\u00e4 on eettiset s\u00e4\u00e4nn\u00f6t, jotka edellytt\u00e4v\u00e4t muun muassa kulttuurierojen suvaitsemista, ammattimaista l\u00e4hestymistapaa ja ep\u00e4reilun kilpailun v\u00e4ltt\u00e4mist\u00e4 muiden j\u00e4senten kanssa.<\/li>\n<li>  IAM perustettiin vuonna 1962, ja se on siit\u00e4 l\u00e4htien edist\u00e4nyt j\u00e4sentens\u00e4 kasvua.<\/li>\n<li>  Se on muutto- ja huolinta-alan suurin maailmanlaajuinen ammattij\u00e4rjest\u00f6.<\/li>\n<li>  Alan ansiot tunnustetaan IAM:n Hall of Honorissa. IAM:n j\u00e4senet, asiakkaat tai asiakkaat voivat esitt\u00e4\u00e4 ehdokkaita Hall of Honor -kunniagalleriaan, ja IAM:n j\u00e4senist\u00f6 tekee siit\u00e4 p\u00e4\u00e4t\u00f6ksen.<\/li>\n<li>  Se tunnettiin aiemmin nimell\u00e4 Household Good Forwarders Association of America - IAM muutti nimens\u00e4 vuonna 2009.<\/li>\n<li>  IAM tarjoaa riitojenratkaisumenettelyn j\u00e4senten v\u00e4lisi\u00e4 ongelmia varten - se kattaa laskutusriidat.<\/li>\n<li>  IAM:n saatavien suojaohjelma tarjoaa turvaa taloudellisissa vaikeuksissa oleville IAM:n j\u00e4senille, sill\u00e4 sen avulla j\u00e4sen voi hakea korvausta maksamattomista kaupallisista laskuista, jos n\u00e4ytt\u00e4\u00e4 silt\u00e4, ett\u00e4 j\u00e4sen on ajautumassa konkurssiin.<\/li>\n<\/ol>\n<p><strong>International Association of Moversin profiili:<\/strong><\/p>\n<p>IAM perustettiin yli 50 vuotta sitten, ja sill\u00e4 on nyt yli 2000 j\u00e4sent\u00e4 eri puolilla maailmaa. IAM tarjoaa erilaisia ohjelmia, resursseja ja j\u00e4sensuojia sek\u00e4 s\u00e4\u00e4nn\u00f6llisi\u00e4 tapahtumia, jotka on suunniteltu edist\u00e4m\u00e4\u00e4n verkostoitumista ja tiedon jakamista, mukaan lukien IAM:n vuosikokoukset. <\/p>\n<p>Kaiken IAM:n toiminnan tarkoituksena on edist\u00e4\u00e4 j\u00e4sentens\u00e4 kasvua ja menestyst\u00e4. IAM:n j\u00e4sensuojien tarkoituksena on suojella IAM:n j\u00e4senyyden arvoa teollisuuden, asiakkaiden ja kollegojen yhdistysten silmiss\u00e4. Niihin kuuluvat tiukat vaatimukset IAM:n j\u00e4seneksi liittymiselle, eettisten s\u00e4\u00e4nt\u00f6jen noudattamisen valvonta ja ty\u00f6skentely esimerkiksi tavaramerkkien valvonnan parissa. <\/p>\n<p>IAM:ll\u00e4 on hakukelpoinen j\u00e4senluettelo, jonka avulla asiakkaat voivat l\u00f6yt\u00e4\u00e4 j\u00e4rjest\u00f6n j\u00e4senen\u00e4 olevan liikkeenharjoittajan.<\/p>\n<p><strong>J\u00e4senyyskriteerit:<\/strong><\/p>\n<ul>\n<li> v\u00e4hint\u00e4\u00e4n vuoden kokemus<\/li>\n<li> Kahden nykyisen IAM:n j\u00e4senen sponsorikirje, jossa he suosittelevat sinua j\u00e4seneksi, sponsoroivan yrityksen kirjepaperilla ja yrityksen virkailijan allekirjoittamana.<\/li>\n<li> PDF- tai JPG-tiedosto nykyisest\u00e4 toimiluvasta tai rekister\u00f6innist\u00e4 maassa\/valtiossa\/provinssissa ja tarvittaessa verotunniste.<\/li>\n<li> PDF- tai JPG-tiedosto valtion my\u00f6nt\u00e4m\u00e4st\u00e4 kuvallisesta henkil\u00f6llisyystodistuksesta (esim. passi, ajokortti) kustakin yrityksen p\u00e4\u00e4miehest\u00e4, joka omistaa ja\/tai jolla on m\u00e4\u00e4r\u00e4ysvalta v\u00e4hint\u00e4\u00e4n 5%:n suuruinen osuus yrityksest\u00e4.<\/li>\n<li> Aloitusmaksun ja j\u00e4senmaksujen maksaminen<\/li>\n<\/ul>\n<p>Mahdolliset j\u00e4senet ovat IAM:n verkkosivuilla 30 p\u00e4iv\u00e4n ajan, jotta nykyiset IAM:n j\u00e4senet voivat tutustua niihin, mink\u00e4 j\u00e4lkeen j\u00e4senyys vahvistetaan.<\/p>\n<p><strong>Joitakin j\u00e4senyrityksi\u00e4<\/strong><\/p>\n<ul>\n<li> <a href=\"https:\/\/moverdb.com\/fi\/aires\/\">Aires<\/a><\/li>\n<li> <a href=\"https:\/\/moverdb.com\/fi\/matthew-james\/\">Matthew James Global Relocations<\/a><\/li>\n<li> <a href=\"https:\/\/moverdb.com\/fi\/santa-fe-relocation\/\">Santa Fe Muuttopalvelut<\/a><\/li>\n<li> <a href=\"https:\/\/moverdb.com\/fi\/sterling-relocation\/\">Sterling Siirtyminen<\/a><\/li>\n<li> <a href=\"https:\/\/moverdb.com\/fi\/cadogan-tate\/\">Cadogan Tate<\/a><\/li>\n<li> <a href=\"https:\/\/moverdb.com\/fi\/harrow-green\/\">Harrow Green<\/a><\/li>\n<li> <a href=\"https:\/\/moverdb.com\/fi\/team-relocations\/\">Tiimin siirrot<\/a><\/li>\n<li> <a href=\"https:\/\/moverdb.com\/fi\/mcgimpsey-brothers-removals\/\">McGimpseyn veljesten muutot<\/a><\/li>\n<li> <a href=\"https:\/\/moverdb.com\/fi\/shore-porters-society\/\">Rantakannattajien yhdistys<\/a><\/li>\n<li> <a href=\"https:\/\/moverdb.com\/fi\/nippon-express\/\">Nippon Express<\/a><\/li>\n<li> <a href=\"https:\/\/moverdb.com\/fi\/sirva\/\">Sirva<\/a><\/li>\n<li> <a href=\"https:\/\/moverdb.com\/fi\/crown-relocations\/\">Kruunun uudelleensijoitukset<\/a><\/li>\n<li> <a href=\"https:\/\/moverdb.com\/fi\/shipco-transport\/\">Shipco Transport<\/a><\/li>\n<li> <a href=\"https:\/\/moverdb.com\/fi\/conroy-removals\/\">Conroy Muutot<\/a><\/li>\n<li> <a href=\"https:\/\/moverdb.com\/fi\/bolliger\/\">Bolliger<\/a><\/li>\n<li> <a href=\"https:\/\/moverdb.com\/fi\/island-movers\/\">Island Movers<\/a><\/li>\n<li> <a href=\"https:\/\/moverdb.com\/fi\/gil-stauffer\/\">Gil Stauffer<\/a><\/li>\n<li> <a href=\"https:\/\/moverdb.com\/fi\/royal-hawaiian-movers\/\">Royal Hawaiian Movers<\/a><\/li>\n<li> <a href=\"https:\/\/moverdb.com\/fi\/teletrans\/\">Teletrans<\/a><\/li>\n<\/ul>\n<p><strong>Muuttajien mielipiteet Kansainv\u00e4lisest\u00e4 muuttajien yhdistyksest\u00e4:<\/strong><\/p>\n<p>IAM:\u00e4\u00e4 mainitaan lukuisilla verkkosivustoilla, joilla mainitaan usein sen maailmanlaajuinen luonne ja j\u00e4senm\u00e4\u00e4r\u00e4. <\/p>\n<p>Monet keskittyv\u00e4t siihen, ett\u00e4 se on alan suurin ammattij\u00e4rjest\u00f6 ja ett\u00e4 se on todella maailmanlaajuinen ja sill\u00e4 on j\u00e4seni\u00e4 kaukaisimmissakin kolkissa. Er\u00e4\u00e4ll\u00e4 verkkosivustolla mainitaan my\u00f6s, ett\u00e4 IAM:n j\u00e4senyys auttaa <a href=\"https:\/\/moverdb.com\/fi\/moving-companies\/\" data-internallinksmanager029f6b8e52c=\"79\" title=\"Top 25 Kansainv\u00e4list\u00e4 muuttoyrityksi\u00e4 verkossa\">muuttofirmat<\/a> asiakkaiden l\u00f6ydett\u00e4v\u00e4ksi ja ett\u00e4 se on osoitus yrityksest\u00e4, joka pystyy tarjoamaan erinomaista palvelua. <\/p>\n<p>Yleisesti ottaen yhdistys n\u00e4ytt\u00e4\u00e4 toimivan sek\u00e4 laatumerkkin\u00e4 ett\u00e4 hy\u00f6dyllisen\u00e4 v\u00e4lineen\u00e4 liiketoiminnan ja verkostojen laajentamisessa.<\/p>\n<blockquote><p>Kotitaloustavaroiden ja henkil\u00f6kohtaisten tavaroiden p\u00e4ivitt\u00e4iseen kuljettamiseen osallistuvat maailmanlaajuiset j\u00e4senet ovat yht\u00e4 erilaisia kuin itse kansainv\u00e4lisen muuton osatekij\u00e4t. Kuljetukset sek\u00e4 tavaroiden ja palveluiden vaihto ovat nykyp\u00e4iv\u00e4n globaalin talouskasvun elinehto.\n<\/p><\/blockquote>\n<p>- <a href=\"http:\/\/www.abels.co.uk\/articles\/international-association-of-movers-iam-what-is-this\/\" target=\"_blank\" rel=\"noopener\">Abels<\/a><\/p>\n<blockquote><p>IAM on maailmanlaajuinen muuttajien ja huolitsijoiden yhdistys, joka on sitoutunut tarjoamaan asiakkailleen parasta mahdollista palvelua.<\/p><\/blockquote>\n<p>- <a href=\"http:\/\/www.amjbc.ca\/international-moving-services\/\" target=\"_blank\" rel=\"noopener\">AMJ Campbell maailmanlaajuisesti<\/a><\/p>\n<blockquote><p>IAM:n j\u00e4senyys on todella maailmanlaajuinen IAM:n j\u00e4seni\u00e4 l\u00f6ytyy kaikkialta maailmasta. T\u00e4m\u00e4 auttaa meit\u00e4 tarjoamaan asiakkaillemme aidosti ovelta ovelle -palvelua. Kotoa kotiin, kuten haluamme sanoa.<\/p><\/blockquote>\n<p>- <a href=\"http:\/\/hometohome.nl\/2016\/02\/12\/iam-international-association-of-movers\/\" target=\"_blank\" rel=\"noopener\">Kotoa kotiin<\/a><\/p>\n<p><strong>Verkkosivusto:<\/strong> <a href=\"http:\/\/www.iamovers.org\/\" target=\"_blank\" rel=\"noopener\">http:\/\/www.iamovers.org<\/a><\/p>","protected":false},"excerpt":{"rendered":"<p>The International Association of Movers (IAM) is a global trade body with members who provide moving, forwarding, shipping, logistics, and related services. It is the largest international trade association for the industry, originally founded by charter businesses that were doing business with the US government. Key facts about the IAM: Represents more than 2,000 companies [&hellip;]<\/p>\n","protected":false},"author":1,"featured_media":0,"parent":0,"menu_order":0,"comment_status":"closed","ping_status":"closed","template":"","meta":{"_genesis_hide_title":false,"_genesis_hide_breadcrumbs":false,"_genesis_hide_singular_image":false,"_genesis_hide_footer_widgets":false,"_genesis_custom_body_class":"","_genesis_custom_post_class":"","_genesis_layout":"","footnotes":""},"class_list":{"0":"post-431","1":"page","2":"type-page","3":"status-publish","5":"entry"},"_links":{"self":[{"href":"https:\/\/moverdb.com\/fi\/wp-json\/wp\/v2\/pages\/431","targetHints":{"allow":["GET"]}}],"collection":[{"href":"https:\/\/moverdb.com\/fi\/wp-json\/wp\/v2\/pages"}],"about":[{"href":"https:\/\/moverdb.com\/fi\/wp-json\/wp\/v2\/types\/page"}],"author":[{"embeddable":true,"href":"https:\/\/moverdb.com\/fi\/wp-json\/wp\/v2\/users\/1"}],"replies":[{"embeddable":true,"href":"https:\/\/moverdb.com\/fi\/wp-json\/wp\/v2\/comments?post=431"}],"version-history":[{"count":24,"href":"https:\/\/moverdb.com\/fi\/wp-json\/wp\/v2\/pages\/431\/revisions"}],"predecessor-version":[{"id":13162,"href":"https:\/\/moverdb.com\/fi\/wp-json\/wp\/v2\/pages\/431\/revisions\/13162"}],"wp:attachment":[{"href":"https:\/\/moverdb.com\/fi\/wp-json\/wp\/v2\/media?parent=431"}],"curies":[{"name":"wp","href":"https:\/\/api.w.org\/{rel}","templated":true}]}}