{"id":430,"date":"2016-06-08T14:50:20","date_gmt":"2016-06-08T14:50:20","guid":{"rendered":"http:\/\/moverdb.com\/?page_id=430"},"modified":"2026-01-08T14:47:52","modified_gmt":"2026-01-08T14:47:52","slug":"bar-overseas","status":"publish","type":"page","link":"https:\/\/moverdb.com\/fi\/bar-overseas\/","title":{"rendered":"British Association of Removers (BAR) Overseas Group selitetty"},"content":{"rendered":"<p><a href=\"https:\/\/moverdb.com\/fi\/british-association-of-removers\/\" data-internallinksmanager029f6b8e52c=\"9\" title=\"British Association of Removers (BAR) selitetty\">BAR<\/a> Overseas Group on osa <a href=\"https:\/\/moverdb.com\/fi\/british-association-of-removers\/\">British Association of Removers<\/a> (BAR), joka on ammatillinen yhdistys. <\/p>\n<p>Kuten emoj\u00e4rjest\u00f6ns\u00e4, se on omistautunut edist\u00e4m\u00e4\u00e4n ammatillista huippuosaamista muuttoalalla, ja sill\u00e4 on erityist\u00e4 kokemusta osa- ja pakkausmuuttojen k\u00e4sittelyst\u00e4. <a href=\"https:\/\/moverdb.com\/fi\/konttikuljetukset\/\">t\u00e4ysien konttien lastit<\/a> maailmanlaajuisesti ja tavaroita, jotka tulevat <a href=\"https:\/\/moverdb.com\/fi\/moving-to-the-uk\/\" data-internallinksmanager029f6b8e52c=\"93\" title=\"Muutatko Yhdistyneeseen kuningaskuntaan? 2022 Elinkustannukset ja muuttovinkit\">UK<\/a> ulkomailta.<\/p>\n<p><strong>T\u00e4rkeimm\u00e4t tiedot BAR Overseas Groupista:<\/strong><\/p>\n<ol>\n<li>  BAR Overseas koostuu 50 asiantuntijan ryhm\u00e4st\u00e4 Yhdistyneess\u00e4 kuningaskunnassa. <a href=\"https:\/\/moverdb.com\/fi\/muuttoyritykset\/\">yritykset<\/a> jotka ovat erikoistuneet <a href=\"https:\/\/moverdb.com\/fi\/international-removals\/\">merentakaiset ja kansainv\u00e4liset muutot<\/a> ja uudelleensijoitukset.<\/li>\n<li>  J\u00e4senet ovat liittyneet ennakkomaksutakuuj\u00e4rjestelm\u00e4\u00e4n, jonka tarkoituksena on suojata kaikki asiakkaiden ennakkomaksut.<\/li>\n<li>  J\u00e4senet ovat ammattimaisia yrityksi\u00e4, jotka ovat sitoutuneet korkeimpiin palvelustandardeihin ja jotka ovat erikoistuneet ulkomaille suuntautuviin siirtoihin.<\/li>\n<li>  BAR Overseas Group asettaa j\u00e4senilleen korkeat vaatimukset esimerkiksi henkil\u00f6st\u00f6n koulutuksen, ajoneuvojen ja laitteiden osalta, ja vierailuja paikan p\u00e4\u00e4ll\u00e4 voidaan tehd\u00e4 satunnaisesti.<\/li>\n<li>  Laatustandardin BS 8564 on kehitt\u00e4nyt BAR Overseas Group yhteisty\u00f6ss\u00e4 BSI:n (British Standards Institution) kanssa. Kaikilla j\u00e4senill\u00e4 on oltava t\u00e4m\u00e4 standardi.<\/li>\n<li>  BAR-ennakkotakuu suojaa asiakkaita - jos asiakkaan varaama liikkuja joutuu taloudellisiin vaikeuksiin, toinen liikkuja hoitaa ty\u00f6n loppuun ilman lis\u00e4maksua. <a href=\"https:\/\/moverdb.com\/fi\/muuttokustannukset\/\">kustannukset<\/a> asiakkaalle.<\/li>\n<\/ol>\n<p><strong>Organisaation profiili:<\/strong><\/p>\n<p>BAR on vanhin muuttoalan ammattiyhdistys, ja se on my\u00f6s <strong>Overseas Group<\/strong> on suunniteltu laajentamaan sen ulottuvuutta Yhdistyneest\u00e4 kuningaskunnasta kaikkialle maailmaan. <\/p>\n<p>J\u00e4seneksi voivat liitty\u00e4 vain muuttajat, joilla on jo BAR:n j\u00e4senyys, mutta t\u00e4m\u00e4 ei takaa, ett\u00e4 heid\u00e4t hyv\u00e4ksyt\u00e4\u00e4n osaksi Overseas Groupia. Ryhm\u00e4n visiona on tehd\u00e4 sen j\u00e4senist\u00e4 alan luotettava valinta ulkomaanty\u00f6ss\u00e4 ja edist\u00e4\u00e4 ja kehitt\u00e4\u00e4 ammattimaisia parhaita muuttok\u00e4yt\u00e4nt\u00f6j\u00e4 ulkomaille suuntautuvissa muutoissa.<\/p>\n<p><strong>J\u00e4senyyskriteerit:<\/strong><\/p>\n<ul>\n<li> J\u00e4senten on jo kuuluttava BAR:iin.<\/li>\n<li> J\u00e4senten on kuuluttava hyv\u00e4ksyttyyn ennakkomaksutakuuj\u00e4rjestelm\u00e4\u00e4n (APG).<\/li>\n<li> J\u00e4senill\u00e4 on oltava joko <a href=\"https:\/\/moverdb.com\/fi\/fidi-faim\/\">FIDI-FAIM<\/a>, tai BS 8564 (The Overseas Moving Standard) tai vastaava tai korkeampi hyv\u00e4ksytty ulkoisesti auditoitu standardi.<\/li>\n<\/ul>\n<p><strong>Esimerkki j\u00e4senyrityksist\u00e4:<\/strong><\/p>\n<ul>\n<li> <a href=\"https:\/\/moverdb.com\/fi\/harrow-green\/\">Harrow Green<\/a><\/li>\n<li> <a href=\"https:\/\/moverdb.com\/fi\/anglo-tyynenmeren-alue\/\">Anglo Pacific<\/a><\/li>\n<li> <a href=\"https:\/\/moverdb.com\/fi\/matthew-james\/\">Matthew James<\/a><\/li>\n<li> <a href=\"https:\/\/moverdb.com\/fi\/shore-porters-society\/\">Rantakannattajien yhdistys<\/a><\/li>\n<li> <a href=\"https:\/\/moverdb.com\/fi\/pss-removals\/\">PSS Kansainv\u00e4liset muutot<\/a><\/li>\n<\/ul>\n<p><strong>Mielipiteet BAR Overseas Group -yrityksest\u00e4<\/strong><\/p>\n<p>BAR Overseas -j\u00e4rjest\u00f6ll\u00e4 katsotaan olevan tiukat j\u00e4senyyskriteerit, ja j\u00e4seni\u00e4 tarkastetaan s\u00e4\u00e4nn\u00f6llisesti sen varmistamiseksi, ett\u00e4 standardit eiv\u00e4t ole laskeneet. Yhdistyksen maine perustuu sen j\u00e4senten kattavaan tarkasteluun, joka kattaa kaiken toiminnasta tiloihin. <\/p>\n<p>Rahoitussuojaj\u00e4rjestelm\u00e4\u00e4 pidet\u00e4\u00e4n suurena etuna j\u00e4senille, koska ne voivat tarjota asiakkaille taloudellista lis\u00e4suojaa. BAR Overseas hy\u00f6tyy British Association of Removers -yhdistyksen maineesta, ja sit\u00e4 pidet\u00e4\u00e4n ulkomaille suuntautuvien muuttojen laatustandardina. <\/p>\n<p>Er\u00e4s yritys korostaa, ett\u00e4 Yhdistyneess\u00e4 kuningaskunnassa on vain 50-60 yrityst\u00e4, jotka ovat t\u00e4ytt\u00e4neet BAR Overseas Groupin j\u00e4senyyskriteerit, ja t\u00e4m\u00e4 on yksi syy siihen, miksi j\u00e4senyyden saaminen on suuri saavutus.<\/p>\n<blockquote><p>J\u00e4senten on t\u00e4ytett\u00e4v\u00e4 tiukat vaatimukset, ja ne tarkastetaan s\u00e4\u00e4nn\u00f6llisesti, jotta varmistetaan, ett\u00e4 niiden tilat, laitteet, henkil\u00f6st\u00f6n koulutus ja toimintamenettelyt ovat korkeimmalla tasolla.<\/p><\/blockquote>\n<p>- <a href=\"http:\/\/www.abels.co.uk\/european-removals-moving-to-europe\/bar-overseas-group-what-is-this\/\" target=\"_blank\" rel=\"noopener\">Abels<\/a><\/p>\n<blockquote><p>BAR Overseas Group on luonut IMMI:n (International Movers Mutual Insurance) ennakkomaksuj\u00e4rjestelm\u00e4n asiakkaiden suojelemiseksi.<\/p><\/blockquote>\n<p>- <a href=\"http:\/\/www.johnmason.com\/about-us\/accreditations\/bar-overseas-group\/\" target=\"_blank\" rel=\"noopener\">JohnMason<\/a> <\/p>\n<blockquote><p>BAR Overseas Group on British Association of Removers -yhdistyksen asiantuntijaosasto, jonka j\u00e4senet ovat asiantuntijoita kaikilla ulkomaille suuntautuvien muuttojen osa-alueilla. Alle 60 yrityst\u00e4 Yhdistyneess\u00e4 kuningaskunnassa t\u00e4ytt\u00e4\u00e4 j\u00e4senilt\u00e4 vaadittavat tiukat j\u00e4senyyskriteerit ja tiukat standardit.<\/p><\/blockquote>\n<p>- <a href=\"http:\/\/www.simpsons-uk.com\/removals_accreditations\/overseas_group\" target=\"_blank\" rel=\"noopener\">Simpsonit<\/a><\/p>\n<p><strong>Verkkosivusto:<\/strong> <a href=\"http:\/\/www.baroverseas.co.uk\/\" target=\"_blank\" rel=\"noopener\">http:\/\/www.baroverseas.co.uk\/<\/a><\/p>","protected":false},"excerpt":{"rendered":"<p>BAR Overseas Group is part of the British Association of Removers (BAR), a Trade Association. Just like its parent organisation, it is dedicated to promoting professional excellence in the removals industry and has particular experience dealing with part and full container load shipments worldwide and goods coming into the UK from abroad. Key facts about [&hellip;]<\/p>\n","protected":false},"author":1,"featured_media":0,"parent":0,"menu_order":0,"comment_status":"closed","ping_status":"closed","template":"","meta":{"_genesis_hide_title":false,"_genesis_hide_breadcrumbs":false,"_genesis_hide_singular_image":false,"_genesis_hide_footer_widgets":false,"_genesis_custom_body_class":"","_genesis_custom_post_class":"","_genesis_layout":"","footnotes":""},"class_list":{"0":"post-430","1":"page","2":"type-page","3":"status-publish","5":"entry"},"_links":{"self":[{"href":"https:\/\/moverdb.com\/fi\/wp-json\/wp\/v2\/pages\/430","targetHints":{"allow":["GET"]}}],"collection":[{"href":"https:\/\/moverdb.com\/fi\/wp-json\/wp\/v2\/pages"}],"about":[{"href":"https:\/\/moverdb.com\/fi\/wp-json\/wp\/v2\/types\/page"}],"author":[{"embeddable":true,"href":"https:\/\/moverdb.com\/fi\/wp-json\/wp\/v2\/users\/1"}],"replies":[{"embeddable":true,"href":"https:\/\/moverdb.com\/fi\/wp-json\/wp\/v2\/comments?post=430"}],"version-history":[{"count":16,"href":"https:\/\/moverdb.com\/fi\/wp-json\/wp\/v2\/pages\/430\/revisions"}],"predecessor-version":[{"id":6187,"href":"https:\/\/moverdb.com\/fi\/wp-json\/wp\/v2\/pages\/430\/revisions\/6187"}],"wp:attachment":[{"href":"https:\/\/moverdb.com\/fi\/wp-json\/wp\/v2\/media?parent=430"}],"curies":[{"name":"wp","href":"https:\/\/api.w.org\/{rel}","templated":true}]}}